{"id":76313,"date":"2023-11-29T13:48:32","date_gmt":"2023-11-29T10:48:32","guid":{"rendered":"https:\/\/xstyle.md\/?post_type=product&#038;p=76313"},"modified":"2025-10-28T18:23:27","modified_gmt":"2025-10-28T15:23:27","slug":"zashhita-dlya-spiny-rossignol-flevent-vest-sr","status":"publish","type":"product","link":"https:\/\/xstyle.md\/ro\/produs\/zashhita-dlya-spiny-rossignol-flevent-vest-sr\/","title":{"rendered":"Rossignol Flevent Vest SR protec\u021bie spate"},"content":{"rendered":"<p><span class=\"jCAhz ChMk0b\"><span class=\"ryNqvb\"><strong>Rossignol Flevent Vest SR<\/strong> - vesta protejeaz\u0103 \u00eempotriva loviturilor din spate \u00een timpul schiatului \u0219i snowboardingului. <\/span><\/span><span class=\"jCAhz ChMk0b\"><span class=\"ryNqvb\">Construc\u021bia ultra-u\u0219oar\u0103 din plas\u0103 elastic\u0103 respirabil\u0103 asigur\u0103 ventila\u021bie \u0219i r\u0103cire, \u00een timp ce vestonul \u0219i centura reglabil\u0103 asigur\u0103 o potrivire sigur\u0103.<\/span><\/span><\/p>\n<p><span class=\"jCAhz ChMk0b\"><span class=\"ryNqvb\">SAS Tec ofer\u0103 o acoperire din spum\u0103 moale, flexibil\u0103, ultra-u\u0219oar\u0103, care se \u00eent\u0103re\u0219te la impact \u0219i revine la forma sa ini\u021bial\u0103 pentru protec\u021bie reutilizabil\u0103 \u0219i libertate complet\u0103 de mi\u0219care. <\/span><\/span><span class=\"jCAhz ChMk0b\"><span class=\"ryNqvb\">Profilul sub\u021bire \u00eei permite s\u0103 fie purtat sub un costum de curse.<\/span><\/span><\/p>\n<h3>Caracteristici<\/h3>\n<ul>\n<li>Greutate - 550 g<\/li>\n<li>Certificare - CE (EN1621-2:2014)<\/li>\n<\/ul>\n<h3>Marca<\/h3>\n<p>\u00cen urm\u0103 cu mai bine de 100 de ani, mai precis \u00een 1907, \u00een ora\u0219ul Voiron, nu departe de Grenoble (Fran\u021ba), t\u00e2mplarul Abel Rossignol a creat o mic\u0103 firm\u0103 specializat\u0103 \u00een produc\u021bia de produse din lemn pentru industria textil\u0103. Deja \u00een acel moment, Abel Rossignol se g\u00e2ndea cum s\u0103 \u00eenfiin\u021beze produc\u021bia propriilor schiuri din lemn. Patru ani mai t\u00e2rziu, prima pereche de schiuri a v\u0103zut lumina.<\/p>\n<p>Deja \u00een 1911, dup\u0103 o expedi\u021bie \u00een Scandinavia, a fost creat un departament la firma care se ocupa exclusiv de schi. Ast\u0103zi, Rossignol combin\u0103 mai multe m\u0103rci: Rossignol, Dynastar, Lange \u0219i Risport \u0219i ofer\u0103 o gam\u0103 complet\u0103 de echipamente pentru sporturile de iarn\u0103 - totul pentru cei care iubesc sportul.<\/p>","protected":false},"excerpt":{"rendered":"<p>Rossignol Flevent Vest SR &#8212; \u0436\u0438\u043b\u0435\u0442 \u0437\u0430\u0449\u0438\u0449\u0430\u0435\u0442 \u043e\u0442 \u0443\u0434\u0430\u0440\u043e\u0432 \u0441\u043f\u0438\u043d\u044b \u0432\u043e \u0432\u0440\u0435\u043c\u044f \u043a\u0430\u0442\u0430\u043d\u0438\u044f \u043d\u0430 \u043b\u044b\u0436\u0430\u0445 \u0438 \u0441\u043d\u043e\u0443\u0431\u043e\u0440\u0434\u0435. \u0421\u0432\u0435\u0440\u0445\u043b\u0435\u0433\u043a\u0430\u044f \u0434\u044b\u0448\u0430\u0449\u0430\u044f \u043a\u043e\u043d\u0441\u0442\u0440\u0443\u043a\u0446\u0438\u044f \u0438\u0437 \u044d\u043b\u0430\u0441\u0442\u0438\u0447\u043d\u043e\u0439 \u0441\u0435\u0442\u043a\u0438 \u043e\u0431\u0435\u0441\u043f\u0435\u0447\u0438\u0432\u0430\u0435\u0442 \u0432\u0435\u043d\u0442\u0438\u043b\u044f\u0446\u0438\u044e \u0438 \u043e\u0445\u043b\u0430\u0436\u0434\u0435\u043d\u0438\u0435, \u0430 \u0436\u0438\u043b\u0435\u0442 \u0438 \u0440\u0435\u0433\u0443\u043b\u0438\u0440\u0443\u0435\u043c\u044b\u0439 \u043f\u043e\u044f\u0441\u043d\u043e\u0439 \u0440\u0435\u043c\u0435\u043d\u044c \u043e\u0431\u0435\u0441\u043f\u0435\u0447\u0438\u0432\u0430\u044e\u0442 \u043d\u0430\u0434\u0435\u0436\u043d\u0443\u044e \u043f\u043e\u0441\u0430\u0434\u043a\u0443. SAS Tec \u043f\u0440\u0435\u0434\u043b\u0430\u0433\u0430\u0435\u0442 \u043c\u044f\u0433\u043a\u043e\u0435, \u044d\u043b\u0430\u0441\u0442\u0438\u0447\u043d\u043e\u0435 \u0441\u0432\u0435\u0440\u0445\u043b\u0435\u0433\u043a\u043e\u0435 \u043f\u043e\u043a\u0440\u044b\u0442\u0438\u0435 \u0438\u0437 \u043f\u0435\u043d\u043e\u043c\u0430\u0442\u0435\u0440\u0438\u0430\u043b\u0430, \u043a\u043e\u0442\u043e\u0440\u043e\u0435 \u0437\u0430\u0442\u0432\u0435\u0440\u0434\u0435\u0432\u0430\u0435\u0442 \u043f\u0440\u0438 \u0443\u0434\u0430\u0440\u0435 \u0438 \u0432\u043e\u0437\u0432\u0440\u0430\u0449\u0430\u0435\u0442\u0441\u044f \u043a \u0441\u0432\u043e\u0435\u0439 \u043f\u0435\u0440\u0432\u043e\u043d\u0430\u0447\u0430\u043b\u044c\u043d\u043e\u0439 \u0444\u043e\u0440\u043c\u0435 [&hellip;]<\/p>\n","protected":false},"featured_media":76670,"comment_status":"open","ping_status":"closed","template":"","meta":{"_acf_changed":false,"inline_featured_image":false},"product_brand":[1320],"product_cat":[401],"product_tag":[],"class_list":{"0":"post-76313","1":"product","2":"type-product","3":"status-publish","4":"has-post-thumbnail","6":"product_brand-rossignol","7":"product_cat-ski-protection","9":"first","10":"instock","11":"sale","12":"shipping-taxable","13":"purchasable","14":"product-type-simple"},"acf":[],"yoast_head":"<!-- This site is optimized with the Yoast SEO plugin v27.4 - https:\/\/yoast.com\/product\/yoast-seo-wordpress\/ -->\n<title>\u0417\u0430\u0449\u0438\u0442\u0430 \u0434\u043b\u044f \u0441\u043f\u0438\u043d\u044b Rossignol Flevent Vest SR - \u041c\u0430\u0433\u0430\u0437\u0438\u043d Xstyle<\/title>\n<meta name=\"description\" content=\"\u0417\u0430\u0449\u0438\u0442\u0430 \u0434\u043b\u044f \u0441\u043f\u0438\u043d\u044b Rossignol Flevent Vest SR. \u0412\u044b\u0441\u043e\u043a\u043e\u043a\u0430\u0447\u0435\u0441\u0442\u0432\u0435\u043d\u043d\u0430\u044f, \u0441 \u0441\u0435\u0440\u0442\u0438\u0444\u0438\u043a\u0430\u0446\u0438\u0435\u0439 CE EN16212, \u043e\u0431\u0435\u0441\u043f\u0435\u0447\u0438\u0432\u0430\u0435\u0442 \u043d\u0430\u0434\u0435\u0436\u043d\u0443\u044e \u0437\u0430\u0449\u0438\u0442\u0443 \u0432\u043e \u0432\u0440\u0435\u043c\u044f \u043a\u0430\u0442\u0430\u043d\u0438\u044f.\" \/>\n<meta name=\"robots\" content=\"index, follow, max-snippet:-1, max-image-preview:large, max-video-preview:-1\" \/>\n<link rel=\"canonical\" href=\"https:\/\/xstyle.md\/ro\/produs\/zashhita-dlya-spiny-rossignol-flevent-vest-sr\/\" \/>\n<meta property=\"og:locale\" content=\"ro_RO\" \/>\n<meta property=\"og:type\" content=\"article\" \/>\n<meta property=\"og:title\" content=\"\u0417\u0430\u0449\u0438\u0442\u0430 \u0434\u043b\u044f \u0441\u043f\u0438\u043d\u044b Rossignol Flevent Vest SR - \u041c\u0430\u0433\u0430\u0437\u0438\u043d Xstyle\" \/>\n<meta property=\"og:description\" content=\"\u0417\u0430\u0449\u0438\u0442\u0430 \u0434\u043b\u044f \u0441\u043f\u0438\u043d\u044b Rossignol Flevent Vest SR. \u0412\u044b\u0441\u043e\u043a\u043e\u043a\u0430\u0447\u0435\u0441\u0442\u0432\u0435\u043d\u043d\u0430\u044f, \u0441 \u0441\u0435\u0440\u0442\u0438\u0444\u0438\u043a\u0430\u0446\u0438\u0435\u0439 CE EN16212, \u043e\u0431\u0435\u0441\u043f\u0435\u0447\u0438\u0432\u0430\u0435\u0442 \u043d\u0430\u0434\u0435\u0436\u043d\u0443\u044e \u0437\u0430\u0449\u0438\u0442\u0443 \u0432\u043e \u0432\u0440\u0435\u043c\u044f \u043a\u0430\u0442\u0430\u043d\u0438\u044f.\" \/>\n<meta property=\"og:url\" content=\"https:\/\/xstyle.md\/ro\/produs\/zashhita-dlya-spiny-rossignol-flevent-vest-sr\/\" \/>\n<meta property=\"og:site_name\" content=\"\u041c\u0430\u0433\u0430\u0437\u0438\u043d Xstyle\" \/>\n<meta property=\"article:publisher\" content=\"https:\/\/www.facebook.com\/xstylemd\" \/>\n<meta property=\"article:modified_time\" content=\"2025-10-28T15:23:27+00:00\" \/>\n<meta property=\"og:image\" content=\"https:\/\/xstyle.md\/wp-content\/uploads\/2023\/11\/rossignol-flevent-vest-sr.jpeg\" \/>\n\t<meta property=\"og:image:width\" content=\"2051\" \/>\n\t<meta property=\"og:image:height\" content=\"2042\" \/>\n\t<meta property=\"og:image:type\" content=\"image\/jpeg\" \/>\n<meta name=\"twitter:card\" content=\"summary_large_image\" \/>\n<meta name=\"twitter:label1\" content=\"Pre\u021b\" \/>\n\t<meta name=\"twitter:data1\" content=\"1.955&nbsp;MDL\" \/>\n\t<meta name=\"twitter:label2\" content=\"Disponibilitate\" \/>\n\t<meta name=\"twitter:data2\" content=\"\u00cen stoc\" \/>\n<script type=\"application\/ld+json\" class=\"yoast-schema-graph\">{\"@context\":\"https:\\\/\\\/schema.org\",\"@graph\":[{\"@type\":\"WebPage\",\"@id\":\"https:\\\/\\\/xstyle.md\\\/product\\\/zashhita-dlya-spiny-rossignol-flevent-vest-sr\\\/\",\"url\":\"https:\\\/\\\/xstyle.md\\\/product\\\/zashhita-dlya-spiny-rossignol-flevent-vest-sr\\\/\",\"name\":\"\u0417\u0430\u0449\u0438\u0442\u0430 \u0434\u043b\u044f \u0441\u043f\u0438\u043d\u044b Rossignol Flevent Vest SR - \u041c\u0430\u0433\u0430\u0437\u0438\u043d Xstyle\",\"isPartOf\":{\"@id\":\"https:\\\/\\\/xstyle.md\\\/#website\"},\"primaryImageOfPage\":{\"@id\":\"https:\\\/\\\/xstyle.md\\\/product\\\/zashhita-dlya-spiny-rossignol-flevent-vest-sr\\\/#primaryimage\"},\"image\":{\"@id\":\"https:\\\/\\\/xstyle.md\\\/product\\\/zashhita-dlya-spiny-rossignol-flevent-vest-sr\\\/#primaryimage\"},\"thumbnailUrl\":\"https:\\\/\\\/xstyle.md\\\/wp-content\\\/uploads\\\/2023\\\/11\\\/rossignol-flevent-vest-sr.jpeg\",\"datePublished\":\"2023-11-29T10:48:32+00:00\",\"dateModified\":\"2025-10-28T15:23:27+00:00\",\"description\":\"\u0417\u0430\u0449\u0438\u0442\u0430 \u0434\u043b\u044f \u0441\u043f\u0438\u043d\u044b Rossignol Flevent Vest SR. \u0412\u044b\u0441\u043e\u043a\u043e\u043a\u0430\u0447\u0435\u0441\u0442\u0432\u0435\u043d\u043d\u0430\u044f, \u0441 \u0441\u0435\u0440\u0442\u0438\u0444\u0438\u043a\u0430\u0446\u0438\u0435\u0439 CE EN16212, \u043e\u0431\u0435\u0441\u043f\u0435\u0447\u0438\u0432\u0430\u0435\u0442 \u043d\u0430\u0434\u0435\u0436\u043d\u0443\u044e \u0437\u0430\u0449\u0438\u0442\u0443 \u0432\u043e \u0432\u0440\u0435\u043c\u044f \u043a\u0430\u0442\u0430\u043d\u0438\u044f.\",\"breadcrumb\":{\"@id\":\"https:\\\/\\\/xstyle.md\\\/product\\\/zashhita-dlya-spiny-rossignol-flevent-vest-sr\\\/#breadcrumb\"},\"inLanguage\":\"ro-RO\",\"potentialAction\":[{\"@type\":\"ReadAction\",\"target\":[\"https:\\\/\\\/xstyle.md\\\/product\\\/zashhita-dlya-spiny-rossignol-flevent-vest-sr\\\/\"]}]},{\"@type\":\"ImageObject\",\"inLanguage\":\"ro-RO\",\"@id\":\"https:\\\/\\\/xstyle.md\\\/product\\\/zashhita-dlya-spiny-rossignol-flevent-vest-sr\\\/#primaryimage\",\"url\":\"https:\\\/\\\/xstyle.md\\\/wp-content\\\/uploads\\\/2023\\\/11\\\/rossignol-flevent-vest-sr.jpeg\",\"contentUrl\":\"https:\\\/\\\/xstyle.md\\\/wp-content\\\/uploads\\\/2023\\\/11\\\/rossignol-flevent-vest-sr.jpeg\",\"width\":1920,\"height\":1912,\"caption\":\"\u0417\u0430\u0449\u0438\u0442\u0430 \u0434\u043b\u044f \u0441\u043f\u0438\u043d\u044b Rossignol Flevent Vest SR \u0434\u043b\u044f \u0430\u043a\u0442\u0438\u0432\u043d\u043e\u0433\u043e \u043e\u0442\u0434\u044b\u0445\u0430, \u043f\u043e\u0445\u043e\u0434\u043e\u0432 \u0438 \u0430\u043b\u044c\u043f\u0438\u043d\u0438\u0437\u043c\u0430 \u0432 \u0438\u043d\u0442\u0435\u0440\u043d\u0435\u0442-\u043c\u0430\u0433\u0430\u0437\u0438\u043d\u0435 \u0441\u043f\u043e\u0440\u0442\u0438\u0432\u043d\u043e\u0439 \u043e\u0434\u0435\u0436\u0434\u044b \u0438 \u043e\u0431\u0443\u0432\u0438\"},{\"@type\":\"BreadcrumbList\",\"@id\":\"https:\\\/\\\/xstyle.md\\\/product\\\/zashhita-dlya-spiny-rossignol-flevent-vest-sr\\\/#breadcrumb\",\"itemListElement\":[{\"@type\":\"ListItem\",\"position\":1,\"name\":\"\u0413\u043b\u0430\u0432\u043d\u0430\u044f \u0441\u0442\u0440\u0430\u043d\u0438\u0446\u0430\",\"item\":\"https:\\\/\\\/xstyle.md\\\/\"},{\"@type\":\"ListItem\",\"position\":2,\"name\":\"\u041c\u0430\u0433\u0430\u0437\u0438\u043d\",\"item\":\"https:\\\/\\\/xstyle.md\\\/shop\\\/\"},{\"@type\":\"ListItem\",\"position\":3,\"name\":\"\u0417\u0430\u0449\u0438\u0442\u0430 \u0434\u043b\u044f \u0441\u043f\u0438\u043d\u044b Rossignol Flevent Vest SR\"}]},{\"@type\":\"WebSite\",\"@id\":\"https:\\\/\\\/xstyle.md\\\/#website\",\"url\":\"https:\\\/\\\/xstyle.md\\\/\",\"name\":\"\u041c\u0430\u0433\u0430\u0437\u0438\u043d Xstyle\",\"description\":\"C\u043d\u0430\u0440\u044f\u0436\u0435\u043d\u0438\u0435 \u0434\u043b\u044f \u0442\u0443\u0440\u0438\u0437\u043c\u0430 \u0438 \u044d\u043a\u0441\u0442\u0440\u0435\u043c\u0430\u043b\u044c\u043d\u044b\u0445 \u0432\u0438\u0434\u043e\u0432 \u0441\u043f\u043e\u0440\u0442\u0430 \u0432 \u041c\u043e\u043b\u0434\u043e\u0432\u0435.. \u0426\u0435\u043d\u044b, \u0444\u043e\u0442\u043e, \u0445\u0430\u0440\u0430\u043a\u0442\u0435\u0440\u0438\u0441\u0442\u0438\u043a\u0438 \u0432 \u041c\u043e\u043b\u0434\u043e\u0432\u0435.\",\"publisher\":{\"@id\":\"https:\\\/\\\/xstyle.md\\\/#organization\"},\"alternateName\":\"X-Style\",\"potentialAction\":[{\"@type\":\"SearchAction\",\"target\":{\"@type\":\"EntryPoint\",\"urlTemplate\":\"https:\\\/\\\/xstyle.md\\\/?s={search_term_string}\"},\"query-input\":{\"@type\":\"PropertyValueSpecification\",\"valueRequired\":true,\"valueName\":\"search_term_string\"}}],\"inLanguage\":\"ro-RO\"},{\"@type\":\"Organization\",\"@id\":\"https:\\\/\\\/xstyle.md\\\/#organization\",\"name\":\"\u041c\u0430\u0433\u0430\u0437\u0438\u043d Xstyle\",\"alternateName\":\"x-style\",\"url\":\"https:\\\/\\\/xstyle.md\\\/\",\"logo\":{\"@type\":\"ImageObject\",\"inLanguage\":\"ro-RO\",\"@id\":\"https:\\\/\\\/xstyle.md\\\/#\\\/schema\\\/logo\\\/image\\\/\",\"url\":\"https:\\\/\\\/xstyle.md\\\/wp-content\\\/uploads\\\/2020\\\/06\\\/logoicon.svg\",\"contentUrl\":\"https:\\\/\\\/xstyle.md\\\/wp-content\\\/uploads\\\/2020\\\/06\\\/logoicon.svg\",\"caption\":\"\u041c\u0430\u0433\u0430\u0437\u0438\u043d Xstyle\"},\"image\":{\"@id\":\"https:\\\/\\\/xstyle.md\\\/#\\\/schema\\\/logo\\\/image\\\/\"},\"sameAs\":[\"https:\\\/\\\/www.facebook.com\\\/xstylemd\",\"https:\\\/\\\/www.instagram.com\\\/xstyle_md\\\/\",\"https:\\\/\\\/t.me\\\/xstyle_outdoor\"],\"hasMerchantReturnPolicy\":{\"@type\":\"MerchantReturnPolicy\",\"merchantReturnLink\":\"https:\\\/\\\/xstyle.md\\\/ro\\\/conditions\\\/\"}}]}<\/script>\n<meta property=\"product:price:amount\" content=\"1955.00\" \/>\n<meta property=\"product:price:currency\" content=\"MDL\" \/>\n<meta property=\"og:availability\" content=\"instock\" \/>\n<meta property=\"product:availability\" content=\"instock\" \/>\n<meta property=\"product:retailer_item_id\" content=\"3607684379827\" \/>\n<meta property=\"product:condition\" content=\"new\" \/>\n<!-- \/ Yoast SEO plugin. -->","yoast_head_json":{"title":"Rossignol Flevent Vest SR protec\u021bie spate - Shop Xstyle","description":"Protectie pentru spate Rossignol Flevent Vest SR. De \u00eenalt\u0103 calitate, cu certificare CE EN16212, asigur\u0103 o protec\u021bie fiabil\u0103 \u00een timpul schiului.","robots":{"index":"index","follow":"follow","max-snippet":"max-snippet:-1","max-image-preview":"max-image-preview:large","max-video-preview":"max-video-preview:-1"},"canonical":"https:\/\/xstyle.md\/ro\/produs\/zashhita-dlya-spiny-rossignol-flevent-vest-sr\/","og_locale":"ro_RO","og_type":"article","og_title":"\u0417\u0430\u0449\u0438\u0442\u0430 \u0434\u043b\u044f \u0441\u043f\u0438\u043d\u044b Rossignol Flevent Vest SR - \u041c\u0430\u0433\u0430\u0437\u0438\u043d Xstyle","og_description":"\u0417\u0430\u0449\u0438\u0442\u0430 \u0434\u043b\u044f \u0441\u043f\u0438\u043d\u044b Rossignol Flevent Vest SR. \u0412\u044b\u0441\u043e\u043a\u043e\u043a\u0430\u0447\u0435\u0441\u0442\u0432\u0435\u043d\u043d\u0430\u044f, \u0441 \u0441\u0435\u0440\u0442\u0438\u0444\u0438\u043a\u0430\u0446\u0438\u0435\u0439 CE EN16212, \u043e\u0431\u0435\u0441\u043f\u0435\u0447\u0438\u0432\u0430\u0435\u0442 \u043d\u0430\u0434\u0435\u0436\u043d\u0443\u044e \u0437\u0430\u0449\u0438\u0442\u0443 \u0432\u043e \u0432\u0440\u0435\u043c\u044f \u043a\u0430\u0442\u0430\u043d\u0438\u044f.","og_url":"https:\/\/xstyle.md\/ro\/produs\/zashhita-dlya-spiny-rossignol-flevent-vest-sr\/","og_site_name":"\u041c\u0430\u0433\u0430\u0437\u0438\u043d Xstyle","article_publisher":"https:\/\/www.facebook.com\/xstylemd","article_modified_time":"2025-10-28T15:23:27+00:00","og_image":[{"width":2051,"height":2042,"url":"https:\/\/xstyle.md\/wp-content\/uploads\/2023\/11\/rossignol-flevent-vest-sr.jpeg","type":"image\/jpeg"}],"twitter_card":"summary_large_image","twitter_misc":{"Pre\u021b":"1.955&nbsp;MDL","Disponibilitate":"\u00cen stoc"},"schema":{"@context":"https:\/\/schema.org","@graph":[{"@type":"WebPage","@id":"https:\/\/xstyle.md\/product\/zashhita-dlya-spiny-rossignol-flevent-vest-sr\/","url":"https:\/\/xstyle.md\/product\/zashhita-dlya-spiny-rossignol-flevent-vest-sr\/","name":"Rossignol Flevent Vest SR protec\u021bie spate - Shop Xstyle","isPartOf":{"@id":"https:\/\/xstyle.md\/#website"},"primaryImageOfPage":{"@id":"https:\/\/xstyle.md\/product\/zashhita-dlya-spiny-rossignol-flevent-vest-sr\/#primaryimage"},"image":{"@id":"https:\/\/xstyle.md\/product\/zashhita-dlya-spiny-rossignol-flevent-vest-sr\/#primaryimage"},"thumbnailUrl":"https:\/\/xstyle.md\/wp-content\/uploads\/2023\/11\/rossignol-flevent-vest-sr.jpeg","datePublished":"2023-11-29T10:48:32+00:00","dateModified":"2025-10-28T15:23:27+00:00","description":"Protectie pentru spate Rossignol Flevent Vest SR. De \u00eenalt\u0103 calitate, cu certificare CE EN16212, asigur\u0103 o protec\u021bie fiabil\u0103 \u00een timpul schiului.","breadcrumb":{"@id":"https:\/\/xstyle.md\/product\/zashhita-dlya-spiny-rossignol-flevent-vest-sr\/#breadcrumb"},"inLanguage":"ro-RO","potentialAction":[{"@type":"ReadAction","target":["https:\/\/xstyle.md\/product\/zashhita-dlya-spiny-rossignol-flevent-vest-sr\/"]}]},{"@type":"ImageObject","inLanguage":"ro-RO","@id":"https:\/\/xstyle.md\/product\/zashhita-dlya-spiny-rossignol-flevent-vest-sr\/#primaryimage","url":"https:\/\/xstyle.md\/wp-content\/uploads\/2023\/11\/rossignol-flevent-vest-sr.jpeg","contentUrl":"https:\/\/xstyle.md\/wp-content\/uploads\/2023\/11\/rossignol-flevent-vest-sr.jpeg","width":1920,"height":1912,"caption":"\u0417\u0430\u0449\u0438\u0442\u0430 \u0434\u043b\u044f \u0441\u043f\u0438\u043d\u044b Rossignol Flevent Vest SR \u0434\u043b\u044f \u0430\u043a\u0442\u0438\u0432\u043d\u043e\u0433\u043e \u043e\u0442\u0434\u044b\u0445\u0430, \u043f\u043e\u0445\u043e\u0434\u043e\u0432 \u0438 \u0430\u043b\u044c\u043f\u0438\u043d\u0438\u0437\u043c\u0430 \u0432 \u0438\u043d\u0442\u0435\u0440\u043d\u0435\u0442-\u043c\u0430\u0433\u0430\u0437\u0438\u043d\u0435 \u0441\u043f\u043e\u0440\u0442\u0438\u0432\u043d\u043e\u0439 \u043e\u0434\u0435\u0436\u0434\u044b \u0438 \u043e\u0431\u0443\u0432\u0438"},{"@type":"BreadcrumbList","@id":"https:\/\/xstyle.md\/product\/zashhita-dlya-spiny-rossignol-flevent-vest-sr\/#breadcrumb","itemListElement":[{"@type":"ListItem","position":1,"name":"\u0413\u043b\u0430\u0432\u043d\u0430\u044f \u0441\u0442\u0440\u0430\u043d\u0438\u0446\u0430","item":"https:\/\/xstyle.md\/"},{"@type":"ListItem","position":2,"name":"\u041c\u0430\u0433\u0430\u0437\u0438\u043d","item":"https:\/\/xstyle.md\/shop\/"},{"@type":"ListItem","position":3,"name":"\u0417\u0430\u0449\u0438\u0442\u0430 \u0434\u043b\u044f \u0441\u043f\u0438\u043d\u044b Rossignol Flevent Vest SR"}]},{"@type":"WebSite","@id":"https:\/\/xstyle.md\/#website","url":"https:\/\/xstyle.md\/","name":"Magazinul X-Style","description":"Echipamente pentru turism \u0219i sporturi extreme \u00een Moldova. Pre\u021buri, fotografii, caracteristici \u00een Moldova.","publisher":{"@id":"https:\/\/xstyle.md\/#organization"},"alternateName":"X-Style","potentialAction":[{"@type":"SearchAction","target":{"@type":"EntryPoint","urlTemplate":"https:\/\/xstyle.md\/?s={search_term_string}"},"query-input":{"@type":"PropertyValueSpecification","valueRequired":true,"valueName":"search_term_string"}}],"inLanguage":"ro-RO"},{"@type":"Organization","@id":"https:\/\/xstyle.md\/#organization","name":"Magazinul X-Style","alternateName":"x-style","url":"https:\/\/xstyle.md\/","logo":{"@type":"ImageObject","inLanguage":"ro-RO","@id":"https:\/\/xstyle.md\/#\/schema\/logo\/image\/","url":"https:\/\/xstyle.md\/wp-content\/uploads\/2020\/06\/logoicon.svg","contentUrl":"https:\/\/xstyle.md\/wp-content\/uploads\/2020\/06\/logoicon.svg","caption":"\u041c\u0430\u0433\u0430\u0437\u0438\u043d Xstyle"},"image":{"@id":"https:\/\/xstyle.md\/#\/schema\/logo\/image\/"},"sameAs":["https:\/\/www.facebook.com\/xstylemd","https:\/\/www.instagram.com\/xstyle_md\/","https:\/\/t.me\/xstyle_outdoor"],"hasMerchantReturnPolicy":{"@type":"MerchantReturnPolicy","merchantReturnLink":"https:\/\/xstyle.md\/ro\/conditions\/"}}]},"product_price_amount":"1955.00","product_price_currency":"MDL","og_availability":"instock","product_availability":"instock","product_retailer_item_id":"3607684379827","product_condition":"new"},"_links":{"self":[{"href":"https:\/\/xstyle.md\/ro\/wp-json\/wp\/v2\/product\/76313","targetHints":{"allow":["GET"]}}],"collection":[{"href":"https:\/\/xstyle.md\/ro\/wp-json\/wp\/v2\/product"}],"about":[{"href":"https:\/\/xstyle.md\/ro\/wp-json\/wp\/v2\/types\/product"}],"replies":[{"embeddable":true,"href":"https:\/\/xstyle.md\/ro\/wp-json\/wp\/v2\/comments?post=76313"}],"wp:featuredmedia":[{"embeddable":true,"href":"https:\/\/xstyle.md\/ro\/wp-json\/wp\/v2\/media\/76670"}],"wp:attachment":[{"href":"https:\/\/xstyle.md\/ro\/wp-json\/wp\/v2\/media?parent=76313"}],"wp:term":[{"taxonomy":"product_brand","embeddable":true,"href":"https:\/\/xstyle.md\/ro\/wp-json\/wp\/v2\/product_brand?post=76313"},{"taxonomy":"product_cat","embeddable":true,"href":"https:\/\/xstyle.md\/ro\/wp-json\/wp\/v2\/product_cat?post=76313"},{"taxonomy":"product_tag","embeddable":true,"href":"https:\/\/xstyle.md\/ro\/wp-json\/wp\/v2\/product_tag?post=76313"}],"curies":[{"name":"wp","href":"https:\/\/api.w.org\/{rel}","templated":true}]}}