{"id":76307,"date":"2023-11-29T13:48:31","date_gmt":"2023-11-29T10:48:31","guid":{"rendered":"https:\/\/xstyle.md\/?post_type=product&#038;p=76307"},"modified":"2026-01-14T15:01:16","modified_gmt":"2026-01-14T12:01:16","slug":"shtany-rossignol-strato-mns-black","status":"publish","type":"product","link":"https:\/\/xstyle.md\/ro\/produs\/shtany-rossignol-strato-mns-black\/","title":{"rendered":"Pantaloni schi Rossignol Strato Mns black"},"content":{"rendered":"<\/p>\n<p><strong>Rossignol Strato<\/strong> &#8212; pantalonii de schi pentru b\u0103rba\u021bi combin\u0103 o membran\u0103 impermeabil\u0103 \u0219i respirabil\u0103 cu o izola\u021bie sintetic\u0103 Primaloft\u00ae Black Eco de profil redus, care v\u0103 \u021bine cald chiar \u0219i atunci c\u00e2nd sunte\u021bi ud. \u00centinderea \u00een patru direc\u021bii permite \u00eendoirea \u0219i dezdoirea natural\u0103 cu fiecare viraj. Fermoarele cu c\u00e2rlige \u0219i bucle la talie ofer\u0103 o potrivire confortabil\u0103 \u0219i reglabil\u0103 pentru a se potrivi cu stratul de \u00eembr\u0103c\u0103minte. Ghetrele integrate pentru ghete protejeaz\u0103 \u00eempotriva z\u0103pezii.<\/p>\n<h3>Particularit\u0103\u021bi<\/h3>\n<ul>\n<li>Se potrive\u0219te sub\u021bire pentru o gam\u0103 larg\u0103 de mi\u0219care<\/li>\n<li>Membrana impermeabil\u0103\/respirabil\u0103 te men\u021bine uscat \u0219i confortabil \u00een condi\u021bii de z\u0103pad\u0103 sau ploaie puternic\u0103<\/li>\n<li>Izola\u021bia respirabil\u0103 Primaloft\u00ae Black Eco v\u0103 men\u021bine c\u0103ldura chiar \u0219i \u00een condi\u021bii de umezeal\u0103 \u0219i este fabricat\u0103 din izola\u021bie 100% reciclat\u0103 din sticle de plastic<\/li>\n<li>Toate cus\u0103turile sunt lipite pentru a crea cea mai complet\u0103 protec\u021bie \u00eempotriva v\u00e2ntului, ploii \u0219i z\u0103pezii<\/li>\n<li>\u021aes\u0103tur\u0103 cu cel mai \u00eenalt grad de elasticitate pentru a se mi\u0219ca \u00eempreun\u0103 cu corpul t\u0103u pentru un confort sporit, mobilitate \u0219i o gam\u0103 natural\u0103 de mi\u0219c\u0103ri<\/li>\n<li>Fermoarele impermeabile sporesc protec\u021bia \u00eempotriva vremii umede<\/li>\n<li>Stratul de acoperire Durable Water-Repellent (DWR) \u00eendep\u0103rteaz\u0103 z\u0103pada \u0219i ploaia u\u0219oar\u0103 f\u0103r\u0103 a utiliza substan\u021be chimice toxice pe baz\u0103 de fluorocarbon<\/li>\n<\/ul>\n<h3>Caracteristici<\/h3>\n<ul>\n<li>Material &#8212; 87% poliamid\u0103, 13% elastan<\/li>\n<li>Izola\u021bie &#8212; PrimaLoft\u00ae Black Eco<\/li>\n<li>Rezisten\u021b\u0103 la umiditate &#8212; 20 000 mm<\/li>\n<li>Permeabilitate la aer &#8212; 20 000 g\/m2\/24h<\/li>\n<li>Model - b\u0103rba\u021bi<\/li>\n<\/ul>\n<h3>Tehnologie<\/h3>\n<ul>\n<li><strong>Primaloft<\/strong>\u00ae <strong>ECO<\/strong> &#8212; este un material sintetic care are propriet\u0103\u021bi ridicate de izolare termic\u0103. Studiile de laborator au ar\u0103tat c\u0103 PrimaLoft are exact aceea\u0219i moliciune ca \u0219i puful de g\u00e2sc\u0103 \u0219i este mult mai moale dec\u00e2t alte materiale izolatoare similare. Datorit\u0103 acestei caracteristici a materialului, toate produsele fabricate din acesta iau forma necesar\u0103: hainele se potrivesc. Eticheta Eco \u00eenseamn\u0103 c\u0103 izola\u021bia este fabricat\u0103 din 50% material reciclat.<\/li>\n<li><strong>DWR<\/strong> (Durable Water Repellent) &#8212; este o impregnare de material hidrofug de suprafa\u021b\u0103 care \u00eembun\u0103t\u0103\u021be\u0219te propriet\u0103\u021bile func\u021bionale ale \u00eembr\u0103c\u0103mintei. Impregnarea \u00ee\u0219i p\u0103streaz\u0103 propriet\u0103\u021bile p\u00e2n\u0103 la 10 cicluri de sp\u0103lare \u0219i, \u00een acela\u0219i timp, poate fi re\u00eennoit\u0103 cu u\u0219urin\u021b\u0103 cu ajutorul unor produse pe baz\u0103 de spray disponibile \u00een mod obi\u0219nuit (de exemplu, Toko Textile Proof). Impregnarea DWR C6 este mai prietenoas\u0103 cu mediul.<\/li>\n<\/ul>\n<h3>Marca<\/h3>\n<p>\u00cen urm\u0103 cu mai bine de 100 de ani, \u00een 1907, \u00een Voiron, l\u00e2ng\u0103 Grenoble (Fran\u021ba), t\u00e2mplarul Abel Rossignol a creat o mic\u0103 companie specializat\u0103 \u00een produc\u021bia de produse din lemn pentru industria textil\u0103. \u00cenc\u0103 de pe atunci, Abel Rossignol se g\u00e2ndea deja cum s\u0103 produc\u0103 propriile schiuri din lemn. Patru ani mai t\u00e2rziu, prima pereche de schiuri a v\u0103zut lumina zilei.<\/p>\n<p>\u00cenc\u0103 din 1911, dup\u0103 o expedi\u021bie \u00een Scandinavia, compania a creat un departament dedicat exclusiv schiurilor. Ast\u0103zi, Rossignol combin\u0103 mai multe m\u0103rci: Rossignol, Dynastar, Lange \u0219i Risport, \u0219i ofer\u0103 o gam\u0103 complet\u0103 de echipamente pentru sporturi de iarn\u0103 &#8212; toate pentru oamenii \u00eendr\u0103gosti\u021bi de sport.<\/p>\n<p><\/p>","protected":false},"excerpt":{"rendered":"","protected":false},"featured_media":76561,"comment_status":"open","ping_status":"closed","template":"","meta":{"_acf_changed":false,"inline_featured_image":false},"product_brand":[1320],"product_cat":[248],"product_tag":[],"class_list":{"0":"post-76307","1":"product","2":"type-product","3":"status-publish","4":"has-post-thumbnail","6":"product_brand-rossignol","7":"product_cat-pantaloni-de-schi-barbati","9":"first","10":"outofstock","11":"shipping-taxable","12":"product-type-simple"},"acf":[],"yoast_head":"<!-- This site is optimized with the Yoast SEO plugin v27.4 - https:\/\/yoast.com\/product\/yoast-seo-wordpress\/ -->\n<title>\u0413\u043e\u0440\u043d\u043e\u043b\u044b\u0436\u043d\u044b\u0435 \u0448\u0442\u0430\u043d\u044b Rossignol Strato Mns black - \u041c\u0430\u0433\u0430\u0437\u0438\u043d Xstyle<\/title>\n<meta name=\"description\" content=\"\u0428\u0442\u0430\u043d\u044b Rossignol Strato Mns black: \u043d\u0430\u0434\u0435\u0436\u043d\u044b\u0435 \u0438 \u0434\u044b\u0448\u0430\u0449\u0438\u0435, \u0441 \u0438\u0437\u043e\u043b\u044f\u0446\u0438\u0435\u0439 Primaloft Black Eco \u0438 \u0432\u043e\u0434\u043e\u043e\u0442\u0442\u0430\u043b\u043a\u0438\u0432\u0430\u044e\u0449\u0435\u0439 \u043e\u0431\u0440\u0430\u0431\u043e\u0442\u043a\u043e\u0439. \u0418\u0434\u0435\u0430\u043b\u044c\u043d\u044b \u0434\u043b\u044f \u0437\u0438\u043c\u043d\u0435\u0433\u043e \u043e\u0442\u0434\u044b\u0445\u0430!\" \/>\n<meta name=\"robots\" content=\"index, follow, max-snippet:-1, max-image-preview:large, max-video-preview:-1\" \/>\n<link rel=\"canonical\" href=\"https:\/\/xstyle.md\/ro\/produs\/shtany-rossignol-strato-mns-black\/\" \/>\n<meta property=\"og:locale\" content=\"ro_RO\" \/>\n<meta property=\"og:type\" content=\"article\" \/>\n<meta property=\"og:title\" content=\"\u0413\u043e\u0440\u043d\u043e\u043b\u044b\u0436\u043d\u044b\u0435 \u0448\u0442\u0430\u043d\u044b Rossignol Strato Mns black - \u041c\u0430\u0433\u0430\u0437\u0438\u043d Xstyle\" \/>\n<meta property=\"og:description\" content=\"\u0428\u0442\u0430\u043d\u044b Rossignol Strato Mns black: \u043d\u0430\u0434\u0435\u0436\u043d\u044b\u0435 \u0438 \u0434\u044b\u0448\u0430\u0449\u0438\u0435, \u0441 \u0438\u0437\u043e\u043b\u044f\u0446\u0438\u0435\u0439 Primaloft Black Eco \u0438 \u0432\u043e\u0434\u043e\u043e\u0442\u0442\u0430\u043b\u043a\u0438\u0432\u0430\u044e\u0449\u0435\u0439 \u043e\u0431\u0440\u0430\u0431\u043e\u0442\u043a\u043e\u0439. \u0418\u0434\u0435\u0430\u043b\u044c\u043d\u044b \u0434\u043b\u044f \u0437\u0438\u043c\u043d\u0435\u0433\u043e \u043e\u0442\u0434\u044b\u0445\u0430!\" \/>\n<meta property=\"og:url\" content=\"https:\/\/xstyle.md\/ro\/produs\/shtany-rossignol-strato-mns-black\/\" \/>\n<meta property=\"og:site_name\" content=\"\u041c\u0430\u0433\u0430\u0437\u0438\u043d Xstyle\" \/>\n<meta property=\"article:publisher\" content=\"https:\/\/www.facebook.com\/xstylemd\" \/>\n<meta property=\"article:modified_time\" content=\"2026-01-14T12:01:16+00:00\" \/>\n<meta property=\"og:image\" content=\"https:\/\/xstyle.md\/wp-content\/uploads\/2023\/11\/rossignol-strato-mns-black.jpg\" \/>\n\t<meta property=\"og:image:width\" content=\"500\" \/>\n\t<meta property=\"og:image:height\" content=\"500\" \/>\n\t<meta property=\"og:image:type\" content=\"image\/jpeg\" \/>\n<meta name=\"twitter:card\" content=\"summary_large_image\" \/>\n<meta name=\"twitter:label1\" content=\"Pre\u021b\" \/>\n\t<meta name=\"twitter:data1\" content=\"6.590&nbsp;MDL\" \/>\n\t<meta name=\"twitter:label2\" content=\"Disponibilitate\" \/>\n\t<meta name=\"twitter:data2\" content=\"Stoc epuizat\" \/>\n<script type=\"application\/ld+json\" class=\"yoast-schema-graph\">{\"@context\":\"https:\\\/\\\/schema.org\",\"@graph\":[{\"@type\":\"WebPage\",\"@id\":\"https:\\\/\\\/xstyle.md\\\/product\\\/shtany-rossignol-strato-mns-black\\\/\",\"url\":\"https:\\\/\\\/xstyle.md\\\/product\\\/shtany-rossignol-strato-mns-black\\\/\",\"name\":\"\u0413\u043e\u0440\u043d\u043e\u043b\u044b\u0436\u043d\u044b\u0435 \u0448\u0442\u0430\u043d\u044b Rossignol Strato Mns black - \u041c\u0430\u0433\u0430\u0437\u0438\u043d Xstyle\",\"isPartOf\":{\"@id\":\"https:\\\/\\\/xstyle.md\\\/#website\"},\"primaryImageOfPage\":{\"@id\":\"https:\\\/\\\/xstyle.md\\\/product\\\/shtany-rossignol-strato-mns-black\\\/#primaryimage\"},\"image\":{\"@id\":\"https:\\\/\\\/xstyle.md\\\/product\\\/shtany-rossignol-strato-mns-black\\\/#primaryimage\"},\"thumbnailUrl\":\"https:\\\/\\\/xstyle.md\\\/wp-content\\\/uploads\\\/2023\\\/11\\\/rossignol-strato-mns-black.jpg\",\"datePublished\":\"2023-11-29T10:48:31+00:00\",\"dateModified\":\"2026-01-14T12:01:16+00:00\",\"description\":\"\u0428\u0442\u0430\u043d\u044b Rossignol Strato Mns black: \u043d\u0430\u0434\u0435\u0436\u043d\u044b\u0435 \u0438 \u0434\u044b\u0448\u0430\u0449\u0438\u0435, \u0441 \u0438\u0437\u043e\u043b\u044f\u0446\u0438\u0435\u0439 Primaloft Black Eco \u0438 \u0432\u043e\u0434\u043e\u043e\u0442\u0442\u0430\u043b\u043a\u0438\u0432\u0430\u044e\u0449\u0435\u0439 \u043e\u0431\u0440\u0430\u0431\u043e\u0442\u043a\u043e\u0439. \u0418\u0434\u0435\u0430\u043b\u044c\u043d\u044b \u0434\u043b\u044f \u0437\u0438\u043c\u043d\u0435\u0433\u043e \u043e\u0442\u0434\u044b\u0445\u0430!\",\"breadcrumb\":{\"@id\":\"https:\\\/\\\/xstyle.md\\\/product\\\/shtany-rossignol-strato-mns-black\\\/#breadcrumb\"},\"inLanguage\":\"ro-RO\",\"potentialAction\":[{\"@type\":\"ReadAction\",\"target\":[\"https:\\\/\\\/xstyle.md\\\/product\\\/shtany-rossignol-strato-mns-black\\\/\"]}]},{\"@type\":\"ImageObject\",\"inLanguage\":\"ro-RO\",\"@id\":\"https:\\\/\\\/xstyle.md\\\/product\\\/shtany-rossignol-strato-mns-black\\\/#primaryimage\",\"url\":\"https:\\\/\\\/xstyle.md\\\/wp-content\\\/uploads\\\/2023\\\/11\\\/rossignol-strato-mns-black.jpg\",\"contentUrl\":\"https:\\\/\\\/xstyle.md\\\/wp-content\\\/uploads\\\/2023\\\/11\\\/rossignol-strato-mns-black.jpg\",\"width\":500,\"height\":500,\"caption\":\"\u0422\u0440\u0438\u043a\u043e\u0442\u0430\u0436\u043d\u044b\u0435 \u0448\u0442\u0430\u043d\u044b \u0434\u043b\u044f \u0430\u043a\u0442\u0438\u0432\u043d\u043e\u0433\u043e \u043e\u0442\u0434\u044b\u0445\u0430, \u043f\u043e\u0445\u043e\u0434\u043e\u0432 \u0438 \u043f\u0443\u0442\u0435\u0448\u0435\u0441\u0442\u0432\u0438\u0439, Rossignol Strato Mns \u0447\u0435\u0440\u043d\u044b\u0435, \u044d\u043a\u0438\u043f\u0438\u0440\u043e\u0432\u043a\u0430 \u0434\u043b\u044f \u0433\u043e\u0440\u043d\u044b\u0445 \u043f\u043e\u0445\u043e\u0434\u043e\u0432 \u0438 \u0441\u043f\u043e\u0440\u0442\u0438\u0432\u043d\u043e\u0439 \u043e\u0434\u0435\u0436\u0434\u044b \u0434\u043b\u044f \u043e\u043d\u043b\u0430\u0439\u043d \u043c\u0430\u0433\u0430\u0437\u0438\u043d\u0430 \u0430\u043a\u0442\u0438\u0432\u043d\u043e\u0439 \u0436\u0438\u0437\u043d\u0438\"},{\"@type\":\"BreadcrumbList\",\"@id\":\"https:\\\/\\\/xstyle.md\\\/product\\\/shtany-rossignol-strato-mns-black\\\/#breadcrumb\",\"itemListElement\":[{\"@type\":\"ListItem\",\"position\":1,\"name\":\"\u0413\u043b\u0430\u0432\u043d\u0430\u044f \u0441\u0442\u0440\u0430\u043d\u0438\u0446\u0430\",\"item\":\"https:\\\/\\\/xstyle.md\\\/\"},{\"@type\":\"ListItem\",\"position\":2,\"name\":\"\u041c\u0430\u0433\u0430\u0437\u0438\u043d\",\"item\":\"https:\\\/\\\/xstyle.md\\\/shop\\\/\"},{\"@type\":\"ListItem\",\"position\":3,\"name\":\"\u0413\u043e\u0440\u043d\u043e\u043b\u044b\u0436\u043d\u044b\u0435 \u0448\u0442\u0430\u043d\u044b Rossignol Strato Mns black\"}]},{\"@type\":\"WebSite\",\"@id\":\"https:\\\/\\\/xstyle.md\\\/#website\",\"url\":\"https:\\\/\\\/xstyle.md\\\/\",\"name\":\"\u041c\u0430\u0433\u0430\u0437\u0438\u043d Xstyle\",\"description\":\"C\u043d\u0430\u0440\u044f\u0436\u0435\u043d\u0438\u0435 \u0434\u043b\u044f \u0442\u0443\u0440\u0438\u0437\u043c\u0430 \u0438 \u044d\u043a\u0441\u0442\u0440\u0435\u043c\u0430\u043b\u044c\u043d\u044b\u0445 \u0432\u0438\u0434\u043e\u0432 \u0441\u043f\u043e\u0440\u0442\u0430 \u0432 \u041c\u043e\u043b\u0434\u043e\u0432\u0435.. \u0426\u0435\u043d\u044b, \u0444\u043e\u0442\u043e, \u0445\u0430\u0440\u0430\u043a\u0442\u0435\u0440\u0438\u0441\u0442\u0438\u043a\u0438 \u0432 \u041c\u043e\u043b\u0434\u043e\u0432\u0435.\",\"publisher\":{\"@id\":\"https:\\\/\\\/xstyle.md\\\/#organization\"},\"alternateName\":\"X-Style\",\"potentialAction\":[{\"@type\":\"SearchAction\",\"target\":{\"@type\":\"EntryPoint\",\"urlTemplate\":\"https:\\\/\\\/xstyle.md\\\/?s={search_term_string}\"},\"query-input\":{\"@type\":\"PropertyValueSpecification\",\"valueRequired\":true,\"valueName\":\"search_term_string\"}}],\"inLanguage\":\"ro-RO\"},{\"@type\":\"Organization\",\"@id\":\"https:\\\/\\\/xstyle.md\\\/#organization\",\"name\":\"\u041c\u0430\u0433\u0430\u0437\u0438\u043d Xstyle\",\"alternateName\":\"x-style\",\"url\":\"https:\\\/\\\/xstyle.md\\\/\",\"logo\":{\"@type\":\"ImageObject\",\"inLanguage\":\"ro-RO\",\"@id\":\"https:\\\/\\\/xstyle.md\\\/#\\\/schema\\\/logo\\\/image\\\/\",\"url\":\"https:\\\/\\\/xstyle.md\\\/wp-content\\\/uploads\\\/2020\\\/06\\\/logoicon.svg\",\"contentUrl\":\"https:\\\/\\\/xstyle.md\\\/wp-content\\\/uploads\\\/2020\\\/06\\\/logoicon.svg\",\"caption\":\"\u041c\u0430\u0433\u0430\u0437\u0438\u043d Xstyle\"},\"image\":{\"@id\":\"https:\\\/\\\/xstyle.md\\\/#\\\/schema\\\/logo\\\/image\\\/\"},\"sameAs\":[\"https:\\\/\\\/www.facebook.com\\\/xstylemd\",\"https:\\\/\\\/www.instagram.com\\\/xstyle_md\\\/\",\"https:\\\/\\\/t.me\\\/xstyle_outdoor\"],\"hasMerchantReturnPolicy\":{\"@type\":\"MerchantReturnPolicy\",\"merchantReturnLink\":\"https:\\\/\\\/xstyle.md\\\/ro\\\/conditions\\\/\"}}]}<\/script>\n<meta property=\"product:price:amount\" content=\"6590.00\" \/>\n<meta property=\"product:price:currency\" content=\"MDL\" \/>\n<meta property=\"og:availability\" content=\"out of stock\" \/>\n<meta property=\"product:availability\" content=\"out of stock\" \/>\n<meta property=\"product:retailer_item_id\" content=\"3607684290795\" \/>\n<meta property=\"product:condition\" content=\"new\" \/>\n<!-- \/ Yoast SEO plugin. -->","yoast_head_json":{"title":"\u0413\u043e\u0440\u043d\u043e\u043b\u044b\u0436\u043d\u044b\u0435 \u0448\u0442\u0430\u043d\u044b Rossignol Strato Mns black - \u041c\u0430\u0433\u0430\u0437\u0438\u043d Xstyle","description":"Pantaloni Rossignol Strato Mns black: fiabili \u0219i respirabili, cu izola\u021bie Primaloft Black Eco \u0219i tratament rezistent la ap\u0103. Ideali pentru recreere \u00een timpul iernii!","robots":{"index":"index","follow":"follow","max-snippet":"max-snippet:-1","max-image-preview":"max-image-preview:large","max-video-preview":"max-video-preview:-1"},"canonical":"https:\/\/xstyle.md\/ro\/produs\/shtany-rossignol-strato-mns-black\/","og_locale":"ro_RO","og_type":"article","og_title":"\u0413\u043e\u0440\u043d\u043e\u043b\u044b\u0436\u043d\u044b\u0435 \u0448\u0442\u0430\u043d\u044b Rossignol Strato Mns black - \u041c\u0430\u0433\u0430\u0437\u0438\u043d Xstyle","og_description":"\u0428\u0442\u0430\u043d\u044b Rossignol Strato Mns black: \u043d\u0430\u0434\u0435\u0436\u043d\u044b\u0435 \u0438 \u0434\u044b\u0448\u0430\u0449\u0438\u0435, \u0441 \u0438\u0437\u043e\u043b\u044f\u0446\u0438\u0435\u0439 Primaloft Black Eco \u0438 \u0432\u043e\u0434\u043e\u043e\u0442\u0442\u0430\u043b\u043a\u0438\u0432\u0430\u044e\u0449\u0435\u0439 \u043e\u0431\u0440\u0430\u0431\u043e\u0442\u043a\u043e\u0439. \u0418\u0434\u0435\u0430\u043b\u044c\u043d\u044b \u0434\u043b\u044f \u0437\u0438\u043c\u043d\u0435\u0433\u043e \u043e\u0442\u0434\u044b\u0445\u0430!","og_url":"https:\/\/xstyle.md\/ro\/produs\/shtany-rossignol-strato-mns-black\/","og_site_name":"\u041c\u0430\u0433\u0430\u0437\u0438\u043d Xstyle","article_publisher":"https:\/\/www.facebook.com\/xstylemd","article_modified_time":"2026-01-14T12:01:16+00:00","og_image":[{"width":500,"height":500,"url":"https:\/\/xstyle.md\/wp-content\/uploads\/2023\/11\/rossignol-strato-mns-black.jpg","type":"image\/jpeg"}],"twitter_card":"summary_large_image","twitter_misc":{"Pre\u021b":"6.590&nbsp;MDL","Disponibilitate":"Stoc epuizat"},"schema":{"@context":"https:\/\/schema.org","@graph":[{"@type":"WebPage","@id":"https:\/\/xstyle.md\/product\/shtany-rossignol-strato-mns-black\/","url":"https:\/\/xstyle.md\/product\/shtany-rossignol-strato-mns-black\/","name":"\u0413\u043e\u0440\u043d\u043e\u043b\u044b\u0436\u043d\u044b\u0435 \u0448\u0442\u0430\u043d\u044b Rossignol Strato Mns black - \u041c\u0430\u0433\u0430\u0437\u0438\u043d Xstyle","isPartOf":{"@id":"https:\/\/xstyle.md\/#website"},"primaryImageOfPage":{"@id":"https:\/\/xstyle.md\/product\/shtany-rossignol-strato-mns-black\/#primaryimage"},"image":{"@id":"https:\/\/xstyle.md\/product\/shtany-rossignol-strato-mns-black\/#primaryimage"},"thumbnailUrl":"https:\/\/xstyle.md\/wp-content\/uploads\/2023\/11\/rossignol-strato-mns-black.jpg","datePublished":"2023-11-29T10:48:31+00:00","dateModified":"2026-01-14T12:01:16+00:00","description":"Pantaloni Rossignol Strato Mns black: fiabili \u0219i respirabili, cu izola\u021bie Primaloft Black Eco \u0219i tratament rezistent la ap\u0103. Ideali pentru recreere \u00een timpul iernii!","breadcrumb":{"@id":"https:\/\/xstyle.md\/product\/shtany-rossignol-strato-mns-black\/#breadcrumb"},"inLanguage":"ro-RO","potentialAction":[{"@type":"ReadAction","target":["https:\/\/xstyle.md\/product\/shtany-rossignol-strato-mns-black\/"]}]},{"@type":"ImageObject","inLanguage":"ro-RO","@id":"https:\/\/xstyle.md\/product\/shtany-rossignol-strato-mns-black\/#primaryimage","url":"https:\/\/xstyle.md\/wp-content\/uploads\/2023\/11\/rossignol-strato-mns-black.jpg","contentUrl":"https:\/\/xstyle.md\/wp-content\/uploads\/2023\/11\/rossignol-strato-mns-black.jpg","width":500,"height":500,"caption":"\u0422\u0440\u0438\u043a\u043e\u0442\u0430\u0436\u043d\u044b\u0435 \u0448\u0442\u0430\u043d\u044b \u0434\u043b\u044f \u0430\u043a\u0442\u0438\u0432\u043d\u043e\u0433\u043e \u043e\u0442\u0434\u044b\u0445\u0430, \u043f\u043e\u0445\u043e\u0434\u043e\u0432 \u0438 \u043f\u0443\u0442\u0435\u0448\u0435\u0441\u0442\u0432\u0438\u0439, Rossignol Strato Mns \u0447\u0435\u0440\u043d\u044b\u0435, \u044d\u043a\u0438\u043f\u0438\u0440\u043e\u0432\u043a\u0430 \u0434\u043b\u044f \u0433\u043e\u0440\u043d\u044b\u0445 \u043f\u043e\u0445\u043e\u0434\u043e\u0432 \u0438 \u0441\u043f\u043e\u0440\u0442\u0438\u0432\u043d\u043e\u0439 \u043e\u0434\u0435\u0436\u0434\u044b \u0434\u043b\u044f \u043e\u043d\u043b\u0430\u0439\u043d \u043c\u0430\u0433\u0430\u0437\u0438\u043d\u0430 \u0430\u043a\u0442\u0438\u0432\u043d\u043e\u0439 \u0436\u0438\u0437\u043d\u0438"},{"@type":"BreadcrumbList","@id":"https:\/\/xstyle.md\/product\/shtany-rossignol-strato-mns-black\/#breadcrumb","itemListElement":[{"@type":"ListItem","position":1,"name":"\u0413\u043b\u0430\u0432\u043d\u0430\u044f \u0441\u0442\u0440\u0430\u043d\u0438\u0446\u0430","item":"https:\/\/xstyle.md\/"},{"@type":"ListItem","position":2,"name":"\u041c\u0430\u0433\u0430\u0437\u0438\u043d","item":"https:\/\/xstyle.md\/shop\/"},{"@type":"ListItem","position":3,"name":"\u0413\u043e\u0440\u043d\u043e\u043b\u044b\u0436\u043d\u044b\u0435 \u0448\u0442\u0430\u043d\u044b Rossignol Strato Mns black"}]},{"@type":"WebSite","@id":"https:\/\/xstyle.md\/#website","url":"https:\/\/xstyle.md\/","name":"Magazinul X-Style","description":"Echipamente pentru turism \u0219i sporturi extreme \u00een Moldova. Pre\u021buri, fotografii, caracteristici \u00een Moldova.","publisher":{"@id":"https:\/\/xstyle.md\/#organization"},"alternateName":"X-Style","potentialAction":[{"@type":"SearchAction","target":{"@type":"EntryPoint","urlTemplate":"https:\/\/xstyle.md\/?s={search_term_string}"},"query-input":{"@type":"PropertyValueSpecification","valueRequired":true,"valueName":"search_term_string"}}],"inLanguage":"ro-RO"},{"@type":"Organization","@id":"https:\/\/xstyle.md\/#organization","name":"Magazinul X-Style","alternateName":"x-style","url":"https:\/\/xstyle.md\/","logo":{"@type":"ImageObject","inLanguage":"ro-RO","@id":"https:\/\/xstyle.md\/#\/schema\/logo\/image\/","url":"https:\/\/xstyle.md\/wp-content\/uploads\/2020\/06\/logoicon.svg","contentUrl":"https:\/\/xstyle.md\/wp-content\/uploads\/2020\/06\/logoicon.svg","caption":"\u041c\u0430\u0433\u0430\u0437\u0438\u043d Xstyle"},"image":{"@id":"https:\/\/xstyle.md\/#\/schema\/logo\/image\/"},"sameAs":["https:\/\/www.facebook.com\/xstylemd","https:\/\/www.instagram.com\/xstyle_md\/","https:\/\/t.me\/xstyle_outdoor"],"hasMerchantReturnPolicy":{"@type":"MerchantReturnPolicy","merchantReturnLink":"https:\/\/xstyle.md\/ro\/conditions\/"}}]},"product_price_amount":"6590.00","product_price_currency":"MDL","og_availability":"out of stock","product_availability":"out of stock","product_retailer_item_id":"3607684290795","product_condition":"new"},"post_mailing_queue_ids":[],"_links":{"self":[{"href":"https:\/\/xstyle.md\/ro\/wp-json\/wp\/v2\/product\/76307","targetHints":{"allow":["GET"]}}],"collection":[{"href":"https:\/\/xstyle.md\/ro\/wp-json\/wp\/v2\/product"}],"about":[{"href":"https:\/\/xstyle.md\/ro\/wp-json\/wp\/v2\/types\/product"}],"replies":[{"embeddable":true,"href":"https:\/\/xstyle.md\/ro\/wp-json\/wp\/v2\/comments?post=76307"}],"wp:featuredmedia":[{"embeddable":true,"href":"https:\/\/xstyle.md\/ro\/wp-json\/wp\/v2\/media\/76561"}],"wp:attachment":[{"href":"https:\/\/xstyle.md\/ro\/wp-json\/wp\/v2\/media?parent=76307"}],"wp:term":[{"taxonomy":"product_brand","embeddable":true,"href":"https:\/\/xstyle.md\/ro\/wp-json\/wp\/v2\/product_brand?post=76307"},{"taxonomy":"product_cat","embeddable":true,"href":"https:\/\/xstyle.md\/ro\/wp-json\/wp\/v2\/product_cat?post=76307"},{"taxonomy":"product_tag","embeddable":true,"href":"https:\/\/xstyle.md\/ro\/wp-json\/wp\/v2\/product_tag?post=76307"}],"curies":[{"name":"wp","href":"https:\/\/api.w.org\/{rel}","templated":true}]}}