{"id":76296,"date":"2023-11-29T13:48:29","date_gmt":"2023-11-29T10:48:29","guid":{"rendered":"https:\/\/xstyle.md\/?post_type=product&#038;p=76296"},"modified":"2026-01-09T13:02:01","modified_gmt":"2026-01-09T10:02:01","slug":"chehol-dlya-gornyh-lyzh-rossignol-tactic-ski-bag-160-210-cm","status":"publish","type":"product","link":"https:\/\/xstyle.md\/ro\/produs\/chehol-dlya-gornyh-lyzh-rossignol-tactic-ski-bag-160-210-cm\/","title":{"rendered":"Hus\u0103 schi Rossignol Tactic Ski Bag 160-210 cm"},"content":{"rendered":"<\/p>\n<p><strong>Rossignol Tactic Ski Bag 160-210 cm<\/strong> &#8212; hus\u0103 pentru transportul \u0219i depozitarea schiurilor alpine. Husa con\u021bine o pereche de schiuri alpine pentru c\u0103l\u0103toria cu avionul, trenul sau ma\u0219ina. Designul capacului glisant v\u0103 permite s\u0103 ajusta\u021bi dimensiunea pentru a se potrivi cu lungimea schiurilor. Conceput\u0103 pentru schiuri cu o lungime de la 160 cm la 210 cm.<\/p>\n<h3>Particularit\u0103\u021bi<\/h3>\n<ul>\n<li>Lungime reglabil\u0103.<\/li>\n<li>Designul capacului retractabil v\u0103 permite s\u0103 pune\u021bi geanta pe schiuri, iar catarama de rulare se transform\u0103 \u00eentr-un m\u00e2ner de transport sigur ca pe o geant\u0103.<\/li>\n<li>Durabilitate pentru sarcini grele.<\/li>\n<li>Construc\u021bie robust\u0103 cu finisaj acoperit pentru protec\u021bie impermeabil\u0103.<\/li>\n<\/ul>\n<h3>Caracteristici<\/h3>\n<ul>\n<li>Material &#8212; poliester, poliamid\u0103<\/li>\n<li>Dimensiuni &#8212; 160-210 x 26 cm<\/li>\n<\/ul>\n<h3>Marca<\/h3>\n<p>Acum mai bine de 100 de ani, \u00een 1907, \u00een Voiron, l\u00e2ng\u0103 Grenoble (Fran\u021ba), t\u00e2mplarul Abel Rossignol a creat o mic\u0103 companie specializat\u0103 \u00een produc\u021bia de produse din lemn pentru industria textil\u0103. Chiar \u0219i la acea vreme, Abel Rossignol se g\u00e2ndea deja cum s\u0103 produc\u0103 propriile schiuri din lemn. Patru ani mai t\u00e2rziu, prima pereche de schiuri a v\u0103zut lumina zilei.<\/p>\n<p>Deja \u00een 1911, dup\u0103 o expedi\u021bie \u00een Scandinavia, \u00een cadrul companiei a fost \u00eenfiin\u021bat un departament dedicat exclusiv schiurilor. Ast\u0103zi, Rossignol combin\u0103 mai multe m\u0103rci: Rossignol, Dynastar, Lange \u0219i Risport \u0219i ofer\u0103 o gam\u0103 complet\u0103 de echipamente pentru sporturile de iarn\u0103 &#8212; toate pentru oamenii \u00eendr\u0103gosti\u021bi de sport.<\/p>\n<p><\/p>","protected":false},"excerpt":{"rendered":"","protected":false},"featured_media":76691,"comment_status":"open","ping_status":"closed","template":"","meta":{"_acf_changed":false,"inline_featured_image":false},"product_brand":[1320],"product_cat":[397],"product_tag":[],"class_list":{"0":"post-76296","1":"product","2":"type-product","3":"status-publish","4":"has-post-thumbnail","6":"product_brand-rossignol","7":"product_cat-husa-pentru-echipamente","9":"first","10":"outofstock","11":"shipping-taxable","12":"product-type-simple"},"acf":[],"yoast_head":"<!-- This site is optimized with the Yoast SEO plugin v27.4 - https:\/\/yoast.com\/product\/yoast-seo-wordpress\/ -->\n<title>\u0427\u0435\u0445\u043e\u043b \u0434\u043b\u044f \u0433\u043e\u0440\u043d\u044b\u0445 \u043b\u044b\u0436 Rossignol Tactic Ski Bag 160-210 cm - \u041c\u0430\u0433\u0430\u0437\u0438\u043d Xstyle<\/title>\n<meta name=\"description\" content=\"\u0427\u0435\u0445\u043e\u043b \u0434\u043b\u044f \u0433\u043e\u0440\u043d\u044b\u0445 \u043b\u044b\u0436 Rossignol Tactic 160-210 \u0441\u043c: \u043d\u0430\u0434\u0435\u0436\u043d\u0430\u044f \u0437\u0430\u0449\u0438\u0442\u0430 \u0434\u043b\u044f \u0432\u0430\u0448\u0438\u0445 \u043b\u044b\u0436, \u0438\u0434\u0435\u0430\u043b\u0435\u043d \u0434\u043b\u044f \u043f\u0443\u0442\u0435\u0448\u0435\u0441\u0442\u0432\u0438\u0439. \u0420\u0435\u0433\u0443\u043b\u0438\u0440\u0443\u0435\u043c\u044b\u0439 \u0434\u0438\u0437\u0430\u0439\u043d \u0434\u043b\u044f \u0443\u0434\u043e\u0431\u0441\u0442\u0432\u0430.\" \/>\n<meta name=\"robots\" content=\"index, follow, max-snippet:-1, max-image-preview:large, max-video-preview:-1\" \/>\n<link rel=\"canonical\" href=\"https:\/\/xstyle.md\/ro\/produs\/chehol-dlya-gornyh-lyzh-rossignol-tactic-ski-bag-160-210-cm\/\" \/>\n<meta property=\"og:locale\" content=\"ro_RO\" \/>\n<meta property=\"og:type\" content=\"article\" \/>\n<meta property=\"og:title\" content=\"\u0427\u0435\u0445\u043e\u043b \u0434\u043b\u044f \u0433\u043e\u0440\u043d\u044b\u0445 \u043b\u044b\u0436 Rossignol Tactic Ski Bag 160-210 cm - \u041c\u0430\u0433\u0430\u0437\u0438\u043d Xstyle\" \/>\n<meta property=\"og:description\" content=\"\u0427\u0435\u0445\u043e\u043b \u0434\u043b\u044f \u0433\u043e\u0440\u043d\u044b\u0445 \u043b\u044b\u0436 Rossignol Tactic 160-210 \u0441\u043c: \u043d\u0430\u0434\u0435\u0436\u043d\u0430\u044f \u0437\u0430\u0449\u0438\u0442\u0430 \u0434\u043b\u044f \u0432\u0430\u0448\u0438\u0445 \u043b\u044b\u0436, \u0438\u0434\u0435\u0430\u043b\u0435\u043d \u0434\u043b\u044f \u043f\u0443\u0442\u0435\u0448\u0435\u0441\u0442\u0432\u0438\u0439. \u0420\u0435\u0433\u0443\u043b\u0438\u0440\u0443\u0435\u043c\u044b\u0439 \u0434\u0438\u0437\u0430\u0439\u043d \u0434\u043b\u044f \u0443\u0434\u043e\u0431\u0441\u0442\u0432\u0430.\" \/>\n<meta property=\"og:url\" content=\"https:\/\/xstyle.md\/ro\/produs\/chehol-dlya-gornyh-lyzh-rossignol-tactic-ski-bag-160-210-cm\/\" \/>\n<meta property=\"og:site_name\" content=\"\u041c\u0430\u0433\u0430\u0437\u0438\u043d Xstyle\" \/>\n<meta property=\"article:publisher\" content=\"https:\/\/www.facebook.com\/xstylemd\" \/>\n<meta property=\"article:modified_time\" content=\"2026-01-09T10:02:01+00:00\" \/>\n<meta property=\"og:image\" content=\"https:\/\/xstyle.md\/wp-content\/uploads\/2023\/11\/rossignol-tactic-ski-bag-160-210-cm.jpg\" \/>\n\t<meta property=\"og:image:width\" content=\"500\" \/>\n\t<meta property=\"og:image:height\" content=\"500\" \/>\n\t<meta property=\"og:image:type\" content=\"image\/jpeg\" \/>\n<meta name=\"twitter:card\" content=\"summary_large_image\" \/>\n<meta name=\"twitter:label1\" content=\"Pre\u021b\" \/>\n\t<meta name=\"twitter:data1\" content=\"1.190&nbsp;MDL\" \/>\n\t<meta name=\"twitter:label2\" content=\"Disponibilitate\" \/>\n\t<meta name=\"twitter:data2\" content=\"Stoc epuizat\" \/>\n<script type=\"application\/ld+json\" class=\"yoast-schema-graph\">{\"@context\":\"https:\\\/\\\/schema.org\",\"@graph\":[{\"@type\":\"WebPage\",\"@id\":\"https:\\\/\\\/xstyle.md\\\/product\\\/chehol-dlya-gornyh-lyzh-rossignol-tactic-ski-bag-160-210-cm\\\/\",\"url\":\"https:\\\/\\\/xstyle.md\\\/product\\\/chehol-dlya-gornyh-lyzh-rossignol-tactic-ski-bag-160-210-cm\\\/\",\"name\":\"\u0427\u0435\u0445\u043e\u043b \u0434\u043b\u044f \u0433\u043e\u0440\u043d\u044b\u0445 \u043b\u044b\u0436 Rossignol Tactic Ski Bag 160-210 cm - \u041c\u0430\u0433\u0430\u0437\u0438\u043d Xstyle\",\"isPartOf\":{\"@id\":\"https:\\\/\\\/xstyle.md\\\/#website\"},\"primaryImageOfPage\":{\"@id\":\"https:\\\/\\\/xstyle.md\\\/product\\\/chehol-dlya-gornyh-lyzh-rossignol-tactic-ski-bag-160-210-cm\\\/#primaryimage\"},\"image\":{\"@id\":\"https:\\\/\\\/xstyle.md\\\/product\\\/chehol-dlya-gornyh-lyzh-rossignol-tactic-ski-bag-160-210-cm\\\/#primaryimage\"},\"thumbnailUrl\":\"https:\\\/\\\/xstyle.md\\\/wp-content\\\/uploads\\\/2023\\\/11\\\/rossignol-tactic-ski-bag-160-210-cm.jpg\",\"datePublished\":\"2023-11-29T10:48:29+00:00\",\"dateModified\":\"2026-01-09T10:02:01+00:00\",\"description\":\"\u0427\u0435\u0445\u043e\u043b \u0434\u043b\u044f \u0433\u043e\u0440\u043d\u044b\u0445 \u043b\u044b\u0436 Rossignol Tactic 160-210 \u0441\u043c: \u043d\u0430\u0434\u0435\u0436\u043d\u0430\u044f \u0437\u0430\u0449\u0438\u0442\u0430 \u0434\u043b\u044f \u0432\u0430\u0448\u0438\u0445 \u043b\u044b\u0436, \u0438\u0434\u0435\u0430\u043b\u0435\u043d \u0434\u043b\u044f \u043f\u0443\u0442\u0435\u0448\u0435\u0441\u0442\u0432\u0438\u0439. \u0420\u0435\u0433\u0443\u043b\u0438\u0440\u0443\u0435\u043c\u044b\u0439 \u0434\u0438\u0437\u0430\u0439\u043d \u0434\u043b\u044f \u0443\u0434\u043e\u0431\u0441\u0442\u0432\u0430.\",\"breadcrumb\":{\"@id\":\"https:\\\/\\\/xstyle.md\\\/product\\\/chehol-dlya-gornyh-lyzh-rossignol-tactic-ski-bag-160-210-cm\\\/#breadcrumb\"},\"inLanguage\":\"ro-RO\",\"potentialAction\":[{\"@type\":\"ReadAction\",\"target\":[\"https:\\\/\\\/xstyle.md\\\/product\\\/chehol-dlya-gornyh-lyzh-rossignol-tactic-ski-bag-160-210-cm\\\/\"]}]},{\"@type\":\"ImageObject\",\"inLanguage\":\"ro-RO\",\"@id\":\"https:\\\/\\\/xstyle.md\\\/product\\\/chehol-dlya-gornyh-lyzh-rossignol-tactic-ski-bag-160-210-cm\\\/#primaryimage\",\"url\":\"https:\\\/\\\/xstyle.md\\\/wp-content\\\/uploads\\\/2023\\\/11\\\/rossignol-tactic-ski-bag-160-210-cm.jpg\",\"contentUrl\":\"https:\\\/\\\/xstyle.md\\\/wp-content\\\/uploads\\\/2023\\\/11\\\/rossignol-tactic-ski-bag-160-210-cm.jpg\",\"width\":500,\"height\":500,\"caption\":\"\u0427\u0435\u0445\u043e\u043b \u0434\u043b\u044f \u0433\u043e\u0440\u043d\u044b\u0445 \u043b\u044b\u0436 Rossignol Tactic Ski Bag 160-210 \u0441\u043c \u0434\u043b\u044f \u0430\u043a\u0442\u0438\u0432\u043d\u043e\u0433\u043e \u043e\u0442\u0434\u044b\u0445\u0430 \u043e\u0431\u0443\u0432\u044c \u0438 \u044d\u043a\u0438\u043f\u0438\u0440\u043e\u0432\u043a\u0430 \u0434\u043b\u044f \u043b\u044b\u0436\u043d\u044b\u0445 \u043f\u0443\u0442\u0435\u0448\u0435\u0441\u0442\u0432\u0438\u0439 \u0438 \u0442\u0443\u0440\u0438\u0437\u043c\u0430\"},{\"@type\":\"BreadcrumbList\",\"@id\":\"https:\\\/\\\/xstyle.md\\\/product\\\/chehol-dlya-gornyh-lyzh-rossignol-tactic-ski-bag-160-210-cm\\\/#breadcrumb\",\"itemListElement\":[{\"@type\":\"ListItem\",\"position\":1,\"name\":\"\u0413\u043b\u0430\u0432\u043d\u0430\u044f \u0441\u0442\u0440\u0430\u043d\u0438\u0446\u0430\",\"item\":\"https:\\\/\\\/xstyle.md\\\/\"},{\"@type\":\"ListItem\",\"position\":2,\"name\":\"\u041c\u0430\u0433\u0430\u0437\u0438\u043d\",\"item\":\"https:\\\/\\\/xstyle.md\\\/shop\\\/\"},{\"@type\":\"ListItem\",\"position\":3,\"name\":\"\u0427\u0435\u0445\u043e\u043b \u0434\u043b\u044f \u0433\u043e\u0440\u043d\u044b\u0445 \u043b\u044b\u0436 Rossignol Tactic Ski Bag 160-210 cm\"}]},{\"@type\":\"WebSite\",\"@id\":\"https:\\\/\\\/xstyle.md\\\/#website\",\"url\":\"https:\\\/\\\/xstyle.md\\\/\",\"name\":\"\u041c\u0430\u0433\u0430\u0437\u0438\u043d Xstyle\",\"description\":\"C\u043d\u0430\u0440\u044f\u0436\u0435\u043d\u0438\u0435 \u0434\u043b\u044f \u0442\u0443\u0440\u0438\u0437\u043c\u0430 \u0438 \u044d\u043a\u0441\u0442\u0440\u0435\u043c\u0430\u043b\u044c\u043d\u044b\u0445 \u0432\u0438\u0434\u043e\u0432 \u0441\u043f\u043e\u0440\u0442\u0430 \u0432 \u041c\u043e\u043b\u0434\u043e\u0432\u0435.. \u0426\u0435\u043d\u044b, \u0444\u043e\u0442\u043e, \u0445\u0430\u0440\u0430\u043a\u0442\u0435\u0440\u0438\u0441\u0442\u0438\u043a\u0438 \u0432 \u041c\u043e\u043b\u0434\u043e\u0432\u0435.\",\"publisher\":{\"@id\":\"https:\\\/\\\/xstyle.md\\\/#organization\"},\"alternateName\":\"X-Style\",\"potentialAction\":[{\"@type\":\"SearchAction\",\"target\":{\"@type\":\"EntryPoint\",\"urlTemplate\":\"https:\\\/\\\/xstyle.md\\\/?s={search_term_string}\"},\"query-input\":{\"@type\":\"PropertyValueSpecification\",\"valueRequired\":true,\"valueName\":\"search_term_string\"}}],\"inLanguage\":\"ro-RO\"},{\"@type\":\"Organization\",\"@id\":\"https:\\\/\\\/xstyle.md\\\/#organization\",\"name\":\"\u041c\u0430\u0433\u0430\u0437\u0438\u043d Xstyle\",\"alternateName\":\"x-style\",\"url\":\"https:\\\/\\\/xstyle.md\\\/\",\"logo\":{\"@type\":\"ImageObject\",\"inLanguage\":\"ro-RO\",\"@id\":\"https:\\\/\\\/xstyle.md\\\/#\\\/schema\\\/logo\\\/image\\\/\",\"url\":\"https:\\\/\\\/xstyle.md\\\/wp-content\\\/uploads\\\/2020\\\/06\\\/logoicon.svg\",\"contentUrl\":\"https:\\\/\\\/xstyle.md\\\/wp-content\\\/uploads\\\/2020\\\/06\\\/logoicon.svg\",\"caption\":\"\u041c\u0430\u0433\u0430\u0437\u0438\u043d Xstyle\"},\"image\":{\"@id\":\"https:\\\/\\\/xstyle.md\\\/#\\\/schema\\\/logo\\\/image\\\/\"},\"sameAs\":[\"https:\\\/\\\/www.facebook.com\\\/xstylemd\",\"https:\\\/\\\/www.instagram.com\\\/xstyle_md\\\/\",\"https:\\\/\\\/t.me\\\/xstyle_outdoor\"],\"hasMerchantReturnPolicy\":{\"@type\":\"MerchantReturnPolicy\",\"merchantReturnLink\":\"https:\\\/\\\/xstyle.md\\\/ro\\\/conditions\\\/\"}}]}<\/script>\n<meta property=\"product:price:amount\" content=\"1190.00\" \/>\n<meta property=\"product:price:currency\" content=\"MDL\" \/>\n<meta property=\"og:availability\" content=\"out of stock\" \/>\n<meta property=\"product:availability\" content=\"out of stock\" \/>\n<meta property=\"product:retailer_item_id\" content=\"3607683977734\" \/>\n<meta property=\"product:condition\" content=\"new\" \/>\n<!-- \/ Yoast SEO plugin. -->","yoast_head_json":{"title":"Hus\u0103 pentru schi alpin Rossignol Tactic Ski Bag 160-210 cm - Magazin Xstyle","description":"Hus\u0103 pentru schiuri de munte Rossignol Tactic 160-210 cm: protec\u021bie fiabil\u0103 pentru schiurile dumneavoastr\u0103, ideal\u0103 pentru c\u0103l\u0103torii. Design reglabil pentru confort.","robots":{"index":"index","follow":"follow","max-snippet":"max-snippet:-1","max-image-preview":"max-image-preview:large","max-video-preview":"max-video-preview:-1"},"canonical":"https:\/\/xstyle.md\/ro\/produs\/chehol-dlya-gornyh-lyzh-rossignol-tactic-ski-bag-160-210-cm\/","og_locale":"ro_RO","og_type":"article","og_title":"\u0427\u0435\u0445\u043e\u043b \u0434\u043b\u044f \u0433\u043e\u0440\u043d\u044b\u0445 \u043b\u044b\u0436 Rossignol Tactic Ski Bag 160-210 cm - \u041c\u0430\u0433\u0430\u0437\u0438\u043d Xstyle","og_description":"\u0427\u0435\u0445\u043e\u043b \u0434\u043b\u044f \u0433\u043e\u0440\u043d\u044b\u0445 \u043b\u044b\u0436 Rossignol Tactic 160-210 \u0441\u043c: \u043d\u0430\u0434\u0435\u0436\u043d\u0430\u044f \u0437\u0430\u0449\u0438\u0442\u0430 \u0434\u043b\u044f \u0432\u0430\u0448\u0438\u0445 \u043b\u044b\u0436, \u0438\u0434\u0435\u0430\u043b\u0435\u043d \u0434\u043b\u044f \u043f\u0443\u0442\u0435\u0448\u0435\u0441\u0442\u0432\u0438\u0439. \u0420\u0435\u0433\u0443\u043b\u0438\u0440\u0443\u0435\u043c\u044b\u0439 \u0434\u0438\u0437\u0430\u0439\u043d \u0434\u043b\u044f \u0443\u0434\u043e\u0431\u0441\u0442\u0432\u0430.","og_url":"https:\/\/xstyle.md\/ro\/produs\/chehol-dlya-gornyh-lyzh-rossignol-tactic-ski-bag-160-210-cm\/","og_site_name":"\u041c\u0430\u0433\u0430\u0437\u0438\u043d Xstyle","article_publisher":"https:\/\/www.facebook.com\/xstylemd","article_modified_time":"2026-01-09T10:02:01+00:00","og_image":[{"width":500,"height":500,"url":"https:\/\/xstyle.md\/wp-content\/uploads\/2023\/11\/rossignol-tactic-ski-bag-160-210-cm.jpg","type":"image\/jpeg"}],"twitter_card":"summary_large_image","twitter_misc":{"Pre\u021b":"1.190&nbsp;MDL","Disponibilitate":"Stoc epuizat"},"schema":{"@context":"https:\/\/schema.org","@graph":[{"@type":"WebPage","@id":"https:\/\/xstyle.md\/product\/chehol-dlya-gornyh-lyzh-rossignol-tactic-ski-bag-160-210-cm\/","url":"https:\/\/xstyle.md\/product\/chehol-dlya-gornyh-lyzh-rossignol-tactic-ski-bag-160-210-cm\/","name":"Hus\u0103 pentru schi alpin Rossignol Tactic Ski Bag 160-210 cm - Magazin Xstyle","isPartOf":{"@id":"https:\/\/xstyle.md\/#website"},"primaryImageOfPage":{"@id":"https:\/\/xstyle.md\/product\/chehol-dlya-gornyh-lyzh-rossignol-tactic-ski-bag-160-210-cm\/#primaryimage"},"image":{"@id":"https:\/\/xstyle.md\/product\/chehol-dlya-gornyh-lyzh-rossignol-tactic-ski-bag-160-210-cm\/#primaryimage"},"thumbnailUrl":"https:\/\/xstyle.md\/wp-content\/uploads\/2023\/11\/rossignol-tactic-ski-bag-160-210-cm.jpg","datePublished":"2023-11-29T10:48:29+00:00","dateModified":"2026-01-09T10:02:01+00:00","description":"Hus\u0103 pentru schiuri de munte Rossignol Tactic 160-210 cm: protec\u021bie fiabil\u0103 pentru schiurile dumneavoastr\u0103, ideal\u0103 pentru c\u0103l\u0103torii. Design reglabil pentru confort.","breadcrumb":{"@id":"https:\/\/xstyle.md\/product\/chehol-dlya-gornyh-lyzh-rossignol-tactic-ski-bag-160-210-cm\/#breadcrumb"},"inLanguage":"ro-RO","potentialAction":[{"@type":"ReadAction","target":["https:\/\/xstyle.md\/product\/chehol-dlya-gornyh-lyzh-rossignol-tactic-ski-bag-160-210-cm\/"]}]},{"@type":"ImageObject","inLanguage":"ro-RO","@id":"https:\/\/xstyle.md\/product\/chehol-dlya-gornyh-lyzh-rossignol-tactic-ski-bag-160-210-cm\/#primaryimage","url":"https:\/\/xstyle.md\/wp-content\/uploads\/2023\/11\/rossignol-tactic-ski-bag-160-210-cm.jpg","contentUrl":"https:\/\/xstyle.md\/wp-content\/uploads\/2023\/11\/rossignol-tactic-ski-bag-160-210-cm.jpg","width":500,"height":500,"caption":"\u0427\u0435\u0445\u043e\u043b \u0434\u043b\u044f \u0433\u043e\u0440\u043d\u044b\u0445 \u043b\u044b\u0436 Rossignol Tactic Ski Bag 160-210 \u0441\u043c \u0434\u043b\u044f \u0430\u043a\u0442\u0438\u0432\u043d\u043e\u0433\u043e \u043e\u0442\u0434\u044b\u0445\u0430 \u043e\u0431\u0443\u0432\u044c \u0438 \u044d\u043a\u0438\u043f\u0438\u0440\u043e\u0432\u043a\u0430 \u0434\u043b\u044f \u043b\u044b\u0436\u043d\u044b\u0445 \u043f\u0443\u0442\u0435\u0448\u0435\u0441\u0442\u0432\u0438\u0439 \u0438 \u0442\u0443\u0440\u0438\u0437\u043c\u0430"},{"@type":"BreadcrumbList","@id":"https:\/\/xstyle.md\/product\/chehol-dlya-gornyh-lyzh-rossignol-tactic-ski-bag-160-210-cm\/#breadcrumb","itemListElement":[{"@type":"ListItem","position":1,"name":"\u0413\u043b\u0430\u0432\u043d\u0430\u044f \u0441\u0442\u0440\u0430\u043d\u0438\u0446\u0430","item":"https:\/\/xstyle.md\/"},{"@type":"ListItem","position":2,"name":"\u041c\u0430\u0433\u0430\u0437\u0438\u043d","item":"https:\/\/xstyle.md\/shop\/"},{"@type":"ListItem","position":3,"name":"\u0427\u0435\u0445\u043e\u043b \u0434\u043b\u044f \u0433\u043e\u0440\u043d\u044b\u0445 \u043b\u044b\u0436 Rossignol Tactic Ski Bag 160-210 cm"}]},{"@type":"WebSite","@id":"https:\/\/xstyle.md\/#website","url":"https:\/\/xstyle.md\/","name":"Magazinul X-Style","description":"Echipamente pentru turism \u0219i sporturi extreme \u00een Moldova. Pre\u021buri, fotografii, caracteristici \u00een Moldova.","publisher":{"@id":"https:\/\/xstyle.md\/#organization"},"alternateName":"X-Style","potentialAction":[{"@type":"SearchAction","target":{"@type":"EntryPoint","urlTemplate":"https:\/\/xstyle.md\/?s={search_term_string}"},"query-input":{"@type":"PropertyValueSpecification","valueRequired":true,"valueName":"search_term_string"}}],"inLanguage":"ro-RO"},{"@type":"Organization","@id":"https:\/\/xstyle.md\/#organization","name":"Magazinul X-Style","alternateName":"x-style","url":"https:\/\/xstyle.md\/","logo":{"@type":"ImageObject","inLanguage":"ro-RO","@id":"https:\/\/xstyle.md\/#\/schema\/logo\/image\/","url":"https:\/\/xstyle.md\/wp-content\/uploads\/2020\/06\/logoicon.svg","contentUrl":"https:\/\/xstyle.md\/wp-content\/uploads\/2020\/06\/logoicon.svg","caption":"\u041c\u0430\u0433\u0430\u0437\u0438\u043d Xstyle"},"image":{"@id":"https:\/\/xstyle.md\/#\/schema\/logo\/image\/"},"sameAs":["https:\/\/www.facebook.com\/xstylemd","https:\/\/www.instagram.com\/xstyle_md\/","https:\/\/t.me\/xstyle_outdoor"],"hasMerchantReturnPolicy":{"@type":"MerchantReturnPolicy","merchantReturnLink":"https:\/\/xstyle.md\/ro\/conditions\/"}}]},"product_price_amount":"1190.00","product_price_currency":"MDL","og_availability":"out of stock","product_availability":"out of stock","product_retailer_item_id":"3607683977734","product_condition":"new"},"_links":{"self":[{"href":"https:\/\/xstyle.md\/ro\/wp-json\/wp\/v2\/product\/76296","targetHints":{"allow":["GET"]}}],"collection":[{"href":"https:\/\/xstyle.md\/ro\/wp-json\/wp\/v2\/product"}],"about":[{"href":"https:\/\/xstyle.md\/ro\/wp-json\/wp\/v2\/types\/product"}],"replies":[{"embeddable":true,"href":"https:\/\/xstyle.md\/ro\/wp-json\/wp\/v2\/comments?post=76296"}],"wp:featuredmedia":[{"embeddable":true,"href":"https:\/\/xstyle.md\/ro\/wp-json\/wp\/v2\/media\/76691"}],"wp:attachment":[{"href":"https:\/\/xstyle.md\/ro\/wp-json\/wp\/v2\/media?parent=76296"}],"wp:term":[{"taxonomy":"product_brand","embeddable":true,"href":"https:\/\/xstyle.md\/ro\/wp-json\/wp\/v2\/product_brand?post=76296"},{"taxonomy":"product_cat","embeddable":true,"href":"https:\/\/xstyle.md\/ro\/wp-json\/wp\/v2\/product_cat?post=76296"},{"taxonomy":"product_tag","embeddable":true,"href":"https:\/\/xstyle.md\/ro\/wp-json\/wp\/v2\/product_tag?post=76296"}],"curies":[{"name":"wp","href":"https:\/\/api.w.org\/{rel}","templated":true}]}}