{"id":76289,"date":"2023-11-29T13:48:26","date_gmt":"2023-11-29T10:48:26","guid":{"rendered":"https:\/\/xstyle.md\/?post_type=product&#038;p=76289"},"modified":"2026-03-19T17:16:02","modified_gmt":"2026-03-19T14:16:02","slug":"gornolyzhnye-botinki-rossignol-alltrack-hv-black","status":"publish","type":"product","link":"https:\/\/xstyle.md\/ro\/produs\/gornolyzhnye-botinki-rossignol-alltrack-hv-black\/","title":{"rendered":"Cl\u0103pari Rossignol Alltrack HV black"},"content":{"rendered":"<\/p>\n<p><strong>Rossignol Alltrack HV black<\/strong> &#8212; este o \u00eenc\u0103l\u021b\u0103minte f\u0103r\u0103 compromisuri, conceput\u0103 pentru c\u0103l\u0103rie all-mountain. Man\u0219eta deta\u0219abil\u0103 permite o gam\u0103 natural\u0103 de mi\u0219care pe drume\u021bii, \u00een timp ce forma de 102 mm ofer\u0103 o potrivire confortabil\u0103. Carcasa Generative Design Grid este proiectat\u0103 pentru reducerea greut\u0103\u021bii \u0219i transferul complet de energie pe traseu sau \u00een afara traseului, \u0219i peste tot \u00eentre acestea. C\u0103ptu\u0219eala personalizat\u0103 ofer\u0103 confort sporit.<\/p>\n<h3>Caracteristici<\/h3>\n<ul>\n<li>Nivelul schiorului &#8212; avansat<\/li>\n<li>Structur\u0103 &#8212; pad de 102 mm, canting, reglare rigiditate cu sistem walk\/roll<\/li>\n<li>Caracteristici de construc\u021bie &#8212; 4 clipsuri ALU Micro, curea de alimentare<\/li>\n<li>\u00cenc\u0103l\u021b\u0103minte interioar\u0103 &#8212; CUSTOM T4<\/li>\n<li>\u00cenc\u0103l\u021b\u0103minte exterioar\u0103 &#8212; POLYURETHANE<\/li>\n<li>Leg\u0103tur\u0103 &#8212; aluminiu<\/li>\n<li>Talp\u0103 &#8212; ISO 5355<\/li>\n<li>Indice de flexibilitate &#8212; 90<\/li>\n<li>Model - b\u0103rba\u021bi<\/li>\n<\/ul>\n<h3>Tehnologie<\/h3>\n<ul>\n<li><strong>CUSTOM T4<\/strong> &#8212; cizma este fabricat\u0103 din material adaptabil pentru o mai bun\u0103 potrivire la picior. Versiunea T4 este umplut\u0103 cu Polyethelene moale pentru o potrivire confortabil\u0103.<\/li>\n<li><strong>HIKE MODE 2.0<\/strong> &#8212; noul mod Optimised Hike Mode \u00eencorporeaz\u0103 o deschidere mai larg\u0103 \u00een partea inferioar\u0103 din spate a carcasei bocancului \u0219i un punct de pivot cobor\u00e2t pentru o gam\u0103 optimizat\u0103 de mi\u0219c\u0103ri \u0219i urc\u0103ri (50\u00b0 ROM). O inser\u021bie articulat\u0103 a cochiliei inferioare \u0219i un mecanism de blocare metal-metal sporesc suportul, maximiz\u00e2nd \u00een acela\u0219i timp transferul de putere pe cobor\u00e2ri.<\/li>\n<li><strong>DUAL CORE TECHNOLOGY<\/strong> &#8212; noua metod\u0103 \u201epower injection\u201d permite ca dou\u0103 materiale plastice diferite s\u0103 fie injectate simultan \u00een matri\u021ba cizmei. Acest proces unic de mono-injec\u021bie ne permite s\u0103 facem cizma mai rigid\u0103 \u00een locul potrivit, mai degrab\u0103 dec\u00e2t peste tot. Acesta este modul \u00een care cre\u0103m construc\u021bia noastr\u0103 dublu stratificat\u0103 \u00een \u00eentreaga carcas\u0103, rezult\u00e2nd o revenire mai vie, un r\u0103spuns \u0219i un control deplin la viraje.<\/li>\n<li id=\"techno_title\" class=\"b5\"><strong>GENERATIVE DESIGN GRID<\/strong> &#8212; o nou\u0103 abordare progresiv\u0103 de proiectare bazat\u0103 pe date care utilizeaz\u0103 puterea software-ului de proiectare generativ\u0103 pentru a crea forma perfect\u0103 a ghetei. Noua noastr\u0103 carcas\u0103 GENERATIVE DESIGN GRID, axat\u0103 pe minimizarea grosimii peretelui exterior al ghetei pentru a reduce greutatea, cresc\u00e2nd \u00een acela\u0219i timp puterea \u0219i suportul, cea mai eficient\u0103 combina\u021bie a acestor parametri.<\/li>\n<li><strong>Flex Index<\/strong> &#8212; unul dintre principalii parametri care caracterizeaz\u0103 rigiditatea pantofului. Cu c\u00e2t rigiditatea este mai mic\u0103, cu at\u00e2t antrenamentul este mai confortabil \u0219i mai u\u0219or.<\/li>\n<li><strong>ISO 5355<\/strong> &#8212; talpa standard a bocancilor de schi universali, este absolut plat\u0103, iar \u00een\u0103l\u021bimea sa este de 19\u00b11 mm.<\/li>\n<\/ul>\n<h3>Marca<\/h3>\n<p>Acum mai bine de 100 de ani, \u00een 1907, \u00een Voiron, l\u00e2ng\u0103 Grenoble (Fran\u021ba), t\u00e2mplarul Abel Rossignol a creat o mic\u0103 companie specializat\u0103 \u00een produc\u021bia de produse din lemn pentru industria textil\u0103. Chiar \u0219i la acea vreme, Abel Rossignol se g\u00e2ndea deja cum s\u0103 produc\u0103 propriile schiuri din lemn. Patru ani mai t\u00e2rziu, prima pereche de schiuri a v\u0103zut lumina zilei.<\/p>\n<p>Deja \u00een 1911, dup\u0103 o expedi\u021bie \u00een Scandinavia, \u00een cadrul companiei a fost \u00eenfiin\u021bat un departament dedicat exclusiv schiurilor. Ast\u0103zi, Rossignol combin\u0103 mai multe m\u0103rci: Rossignol, Dynastar, Lange \u0219i Risport, \u0219i ofer\u0103 o gam\u0103 complet\u0103 de echipamente pentru sporturile de iarn\u0103 &#8212; toate pentru cei \u00eendr\u0103gosti\u021bi de sport.<\/p>\n<p><\/p>","protected":false},"excerpt":{"rendered":"","protected":false},"featured_media":76753,"comment_status":"open","ping_status":"closed","template":"","meta":{"_acf_changed":false,"inline_featured_image":false},"product_brand":[1320],"product_cat":[353],"product_tag":[],"class_list":{"0":"post-76289","1":"product","2":"type-product","3":"status-publish","4":"has-post-thumbnail","6":"product_brand-rossignol","7":"product_cat-ski-boots","9":"first","10":"instock","11":"shipping-taxable","12":"purchasable","13":"product-type-simple"},"acf":[],"yoast_head":"<!-- This site is optimized with the Yoast SEO plugin v27.4 - https:\/\/yoast.com\/product\/yoast-seo-wordpress\/ -->\n<title>\u0413\u043e\u0440\u043d\u043e\u043b\u044b\u0436\u043d\u044b\u0435 \u0431\u043e\u0442\u0438\u043d\u043a\u0438 Rossignol Alltrack HV black - \u041c\u0430\u0433\u0430\u0437\u0438\u043d Xstyle<\/title>\n<meta name=\"description\" content=\"\u0413\u043e\u0440\u043d\u043e\u043b\u044b\u0436\u043d\u044b\u0435 \u0431\u043e\u0442\u0438\u043d\u043a\u0438 Rossignol Alltrack HV black - \u0438\u0434\u0435\u0430\u043b\u044c\u043d\u044b\u0439 \u0432\u044b\u0431\u043e\u0440 \u0434\u043b\u044f \u0443\u0432\u0435\u0440\u0435\u043d\u043d\u044b\u0445 \u043b\u044b\u0436\u043d\u0438\u043a\u043e\u0432. Flex Index 90 \u0438 \u0443\u043d\u0438\u043a\u0430\u043b\u044c\u043d\u0430\u044f \u0442\u0435\u0445\u043d\u043e\u043b\u043e\u0433\u0438\u044f Generative Design \u0434\u043b\u044f \u043a\u043e\u043c\u0444\u043e\u0440\u0442\u0430.\" \/>\n<meta name=\"robots\" content=\"index, follow, max-snippet:-1, max-image-preview:large, max-video-preview:-1\" \/>\n<link rel=\"canonical\" href=\"https:\/\/xstyle.md\/ro\/produs\/gornolyzhnye-botinki-rossignol-alltrack-hv-black\/\" \/>\n<meta property=\"og:locale\" content=\"ro_RO\" \/>\n<meta property=\"og:type\" content=\"article\" \/>\n<meta property=\"og:title\" content=\"\u0413\u043e\u0440\u043d\u043e\u043b\u044b\u0436\u043d\u044b\u0435 \u0431\u043e\u0442\u0438\u043d\u043a\u0438 Rossignol Alltrack HV black - \u041c\u0430\u0433\u0430\u0437\u0438\u043d Xstyle\" \/>\n<meta property=\"og:description\" content=\"\u0413\u043e\u0440\u043d\u043e\u043b\u044b\u0436\u043d\u044b\u0435 \u0431\u043e\u0442\u0438\u043d\u043a\u0438 Rossignol Alltrack HV black - \u0438\u0434\u0435\u0430\u043b\u044c\u043d\u044b\u0439 \u0432\u044b\u0431\u043e\u0440 \u0434\u043b\u044f \u0443\u0432\u0435\u0440\u0435\u043d\u043d\u044b\u0445 \u043b\u044b\u0436\u043d\u0438\u043a\u043e\u0432. Flex Index 90 \u0438 \u0443\u043d\u0438\u043a\u0430\u043b\u044c\u043d\u0430\u044f \u0442\u0435\u0445\u043d\u043e\u043b\u043e\u0433\u0438\u044f Generative Design \u0434\u043b\u044f \u043a\u043e\u043c\u0444\u043e\u0440\u0442\u0430.\" \/>\n<meta property=\"og:url\" content=\"https:\/\/xstyle.md\/ro\/produs\/gornolyzhnye-botinki-rossignol-alltrack-hv-black\/\" \/>\n<meta property=\"og:site_name\" content=\"\u041c\u0430\u0433\u0430\u0437\u0438\u043d Xstyle\" \/>\n<meta property=\"article:publisher\" content=\"https:\/\/www.facebook.com\/xstylemd\" \/>\n<meta property=\"article:modified_time\" content=\"2026-03-19T14:16:02+00:00\" \/>\n<meta property=\"og:image\" content=\"https:\/\/xstyle.md\/wp-content\/uploads\/2023\/11\/rossignol-alltrack-90-hv-black.jpg\" \/>\n\t<meta property=\"og:image:width\" content=\"500\" \/>\n\t<meta property=\"og:image:height\" content=\"500\" \/>\n\t<meta property=\"og:image:type\" content=\"image\/jpeg\" \/>\n<meta name=\"twitter:card\" content=\"summary_large_image\" \/>\n<meta name=\"twitter:label1\" content=\"Pre\u021b\" \/>\n\t<meta name=\"twitter:data1\" content=\"6.590&nbsp;MDL\" \/>\n\t<meta name=\"twitter:label2\" content=\"Disponibilitate\" \/>\n\t<meta name=\"twitter:data2\" content=\"\u00cen stoc\" \/>\n<script type=\"application\/ld+json\" class=\"yoast-schema-graph\">{\"@context\":\"https:\\\/\\\/schema.org\",\"@graph\":[{\"@type\":\"WebPage\",\"@id\":\"https:\\\/\\\/xstyle.md\\\/product\\\/gornolyzhnye-botinki-rossignol-alltrack-hv-black\\\/\",\"url\":\"https:\\\/\\\/xstyle.md\\\/product\\\/gornolyzhnye-botinki-rossignol-alltrack-hv-black\\\/\",\"name\":\"\u0413\u043e\u0440\u043d\u043e\u043b\u044b\u0436\u043d\u044b\u0435 \u0431\u043e\u0442\u0438\u043d\u043a\u0438 Rossignol Alltrack HV black - \u041c\u0430\u0433\u0430\u0437\u0438\u043d Xstyle\",\"isPartOf\":{\"@id\":\"https:\\\/\\\/xstyle.md\\\/#website\"},\"primaryImageOfPage\":{\"@id\":\"https:\\\/\\\/xstyle.md\\\/product\\\/gornolyzhnye-botinki-rossignol-alltrack-hv-black\\\/#primaryimage\"},\"image\":{\"@id\":\"https:\\\/\\\/xstyle.md\\\/product\\\/gornolyzhnye-botinki-rossignol-alltrack-hv-black\\\/#primaryimage\"},\"thumbnailUrl\":\"https:\\\/\\\/xstyle.md\\\/wp-content\\\/uploads\\\/2023\\\/11\\\/rossignol-alltrack-90-hv-black.jpg\",\"datePublished\":\"2023-11-29T10:48:26+00:00\",\"dateModified\":\"2026-03-19T14:16:02+00:00\",\"description\":\"\u0413\u043e\u0440\u043d\u043e\u043b\u044b\u0436\u043d\u044b\u0435 \u0431\u043e\u0442\u0438\u043d\u043a\u0438 Rossignol Alltrack HV black - \u0438\u0434\u0435\u0430\u043b\u044c\u043d\u044b\u0439 \u0432\u044b\u0431\u043e\u0440 \u0434\u043b\u044f \u0443\u0432\u0435\u0440\u0435\u043d\u043d\u044b\u0445 \u043b\u044b\u0436\u043d\u0438\u043a\u043e\u0432. Flex Index 90 \u0438 \u0443\u043d\u0438\u043a\u0430\u043b\u044c\u043d\u0430\u044f \u0442\u0435\u0445\u043d\u043e\u043b\u043e\u0433\u0438\u044f Generative Design \u0434\u043b\u044f \u043a\u043e\u043c\u0444\u043e\u0440\u0442\u0430.\",\"breadcrumb\":{\"@id\":\"https:\\\/\\\/xstyle.md\\\/product\\\/gornolyzhnye-botinki-rossignol-alltrack-hv-black\\\/#breadcrumb\"},\"inLanguage\":\"ro-RO\",\"potentialAction\":[{\"@type\":\"ReadAction\",\"target\":[\"https:\\\/\\\/xstyle.md\\\/product\\\/gornolyzhnye-botinki-rossignol-alltrack-hv-black\\\/\"]}]},{\"@type\":\"ImageObject\",\"inLanguage\":\"ro-RO\",\"@id\":\"https:\\\/\\\/xstyle.md\\\/product\\\/gornolyzhnye-botinki-rossignol-alltrack-hv-black\\\/#primaryimage\",\"url\":\"https:\\\/\\\/xstyle.md\\\/wp-content\\\/uploads\\\/2023\\\/11\\\/rossignol-alltrack-90-hv-black.jpg\",\"contentUrl\":\"https:\\\/\\\/xstyle.md\\\/wp-content\\\/uploads\\\/2023\\\/11\\\/rossignol-alltrack-90-hv-black.jpg\",\"width\":500,\"height\":500,\"caption\":\"\u0413\u043e\u0440\u043d\u043e\u043b\u044b\u0436\u043d\u044b\u0435 \u0431\u043e\u0442\u0438\u043d\u043a\u0438 Rossignol Alltrack HV \u0447\u0435\u0440\u043d\u044b\u0435 \u0434\u043b\u044f \u0430\u043a\u0442\u0438\u0432\u043d\u043e\u0433\u043e \u043e\u0442\u0434\u044b\u0445\u0430, \u043f\u043e\u0445\u043e\u0434\u043e\u0432 \u0438 \u0437\u0438\u043c\u043d\u0438\u0445 \u043f\u0443\u0442\u0435\u0448\u0435\u0441\u0442\u0432\u0438\u0439 \u043d\u0430 \u0441\u0430\u0439\u0442\u0435 \u0438\u043d\u0442\u0435\u0440\u043d\u0435\u0442-\u043c\u0430\u0433\u0430\u0437\u0438\u043d\u0430 \u0430\u043a\u0442\u0438\u0432\u043d\u043e\u0439 \u043e\u0434\u0435\u0436\u0434\u044b \u0438 \u043e\u0431\u0443\u0432\u0438\"},{\"@type\":\"BreadcrumbList\",\"@id\":\"https:\\\/\\\/xstyle.md\\\/product\\\/gornolyzhnye-botinki-rossignol-alltrack-hv-black\\\/#breadcrumb\",\"itemListElement\":[{\"@type\":\"ListItem\",\"position\":1,\"name\":\"\u0413\u043b\u0430\u0432\u043d\u0430\u044f \u0441\u0442\u0440\u0430\u043d\u0438\u0446\u0430\",\"item\":\"https:\\\/\\\/xstyle.md\\\/\"},{\"@type\":\"ListItem\",\"position\":2,\"name\":\"\u041c\u0430\u0433\u0430\u0437\u0438\u043d\",\"item\":\"https:\\\/\\\/xstyle.md\\\/shop\\\/\"},{\"@type\":\"ListItem\",\"position\":3,\"name\":\"\u0413\u043e\u0440\u043d\u043e\u043b\u044b\u0436\u043d\u044b\u0435 \u0431\u043e\u0442\u0438\u043d\u043a\u0438 Rossignol Alltrack HV black\"}]},{\"@type\":\"WebSite\",\"@id\":\"https:\\\/\\\/xstyle.md\\\/#website\",\"url\":\"https:\\\/\\\/xstyle.md\\\/\",\"name\":\"\u041c\u0430\u0433\u0430\u0437\u0438\u043d Xstyle\",\"description\":\"C\u043d\u0430\u0440\u044f\u0436\u0435\u043d\u0438\u0435 \u0434\u043b\u044f \u0442\u0443\u0440\u0438\u0437\u043c\u0430 \u0438 \u044d\u043a\u0441\u0442\u0440\u0435\u043c\u0430\u043b\u044c\u043d\u044b\u0445 \u0432\u0438\u0434\u043e\u0432 \u0441\u043f\u043e\u0440\u0442\u0430 \u0432 \u041c\u043e\u043b\u0434\u043e\u0432\u0435.. \u0426\u0435\u043d\u044b, \u0444\u043e\u0442\u043e, \u0445\u0430\u0440\u0430\u043a\u0442\u0435\u0440\u0438\u0441\u0442\u0438\u043a\u0438 \u0432 \u041c\u043e\u043b\u0434\u043e\u0432\u0435.\",\"publisher\":{\"@id\":\"https:\\\/\\\/xstyle.md\\\/#organization\"},\"alternateName\":\"X-Style\",\"potentialAction\":[{\"@type\":\"SearchAction\",\"target\":{\"@type\":\"EntryPoint\",\"urlTemplate\":\"https:\\\/\\\/xstyle.md\\\/?s={search_term_string}\"},\"query-input\":{\"@type\":\"PropertyValueSpecification\",\"valueRequired\":true,\"valueName\":\"search_term_string\"}}],\"inLanguage\":\"ro-RO\"},{\"@type\":\"Organization\",\"@id\":\"https:\\\/\\\/xstyle.md\\\/#organization\",\"name\":\"\u041c\u0430\u0433\u0430\u0437\u0438\u043d Xstyle\",\"alternateName\":\"x-style\",\"url\":\"https:\\\/\\\/xstyle.md\\\/\",\"logo\":{\"@type\":\"ImageObject\",\"inLanguage\":\"ro-RO\",\"@id\":\"https:\\\/\\\/xstyle.md\\\/#\\\/schema\\\/logo\\\/image\\\/\",\"url\":\"https:\\\/\\\/xstyle.md\\\/wp-content\\\/uploads\\\/2020\\\/06\\\/logoicon.svg\",\"contentUrl\":\"https:\\\/\\\/xstyle.md\\\/wp-content\\\/uploads\\\/2020\\\/06\\\/logoicon.svg\",\"caption\":\"\u041c\u0430\u0433\u0430\u0437\u0438\u043d Xstyle\"},\"image\":{\"@id\":\"https:\\\/\\\/xstyle.md\\\/#\\\/schema\\\/logo\\\/image\\\/\"},\"sameAs\":[\"https:\\\/\\\/www.facebook.com\\\/xstylemd\",\"https:\\\/\\\/www.instagram.com\\\/xstyle_md\\\/\",\"https:\\\/\\\/t.me\\\/xstyle_outdoor\"],\"hasMerchantReturnPolicy\":{\"@type\":\"MerchantReturnPolicy\",\"merchantReturnLink\":\"https:\\\/\\\/xstyle.md\\\/ro\\\/conditions\\\/\"}}]}<\/script>\n<meta property=\"product:price:amount\" content=\"6590.00\" \/>\n<meta property=\"product:price:currency\" content=\"MDL\" \/>\n<meta property=\"og:availability\" content=\"instock\" \/>\n<meta property=\"product:availability\" content=\"instock\" \/>\n<meta property=\"product:retailer_item_id\" content=\"3607684336011\" \/>\n<meta property=\"product:condition\" content=\"new\" \/>\n<!-- \/ Yoast SEO plugin. -->","yoast_head_json":{"title":"Cl\u0103pari Rossignol Alltrack HV black - Magazin Xstyle","description":"Bocanci de schi Rossignol Alltrack HV black - alegerea perfect\u0103 pentru schiorii \u00eencrez\u0103tori. Indexul de flex este 90, iar tehnologia unic\u0103 Generative Design asigur\u0103 confort.","robots":{"index":"index","follow":"follow","max-snippet":"max-snippet:-1","max-image-preview":"max-image-preview:large","max-video-preview":"max-video-preview:-1"},"canonical":"https:\/\/xstyle.md\/ro\/produs\/gornolyzhnye-botinki-rossignol-alltrack-hv-black\/","og_locale":"ro_RO","og_type":"article","og_title":"\u0413\u043e\u0440\u043d\u043e\u043b\u044b\u0436\u043d\u044b\u0435 \u0431\u043e\u0442\u0438\u043d\u043a\u0438 Rossignol Alltrack HV black - \u041c\u0430\u0433\u0430\u0437\u0438\u043d Xstyle","og_description":"\u0413\u043e\u0440\u043d\u043e\u043b\u044b\u0436\u043d\u044b\u0435 \u0431\u043e\u0442\u0438\u043d\u043a\u0438 Rossignol Alltrack HV black - \u0438\u0434\u0435\u0430\u043b\u044c\u043d\u044b\u0439 \u0432\u044b\u0431\u043e\u0440 \u0434\u043b\u044f \u0443\u0432\u0435\u0440\u0435\u043d\u043d\u044b\u0445 \u043b\u044b\u0436\u043d\u0438\u043a\u043e\u0432. Flex Index 90 \u0438 \u0443\u043d\u0438\u043a\u0430\u043b\u044c\u043d\u0430\u044f \u0442\u0435\u0445\u043d\u043e\u043b\u043e\u0433\u0438\u044f Generative Design \u0434\u043b\u044f \u043a\u043e\u043c\u0444\u043e\u0440\u0442\u0430.","og_url":"https:\/\/xstyle.md\/ro\/produs\/gornolyzhnye-botinki-rossignol-alltrack-hv-black\/","og_site_name":"\u041c\u0430\u0433\u0430\u0437\u0438\u043d Xstyle","article_publisher":"https:\/\/www.facebook.com\/xstylemd","article_modified_time":"2026-03-19T14:16:02+00:00","og_image":[{"width":500,"height":500,"url":"https:\/\/xstyle.md\/wp-content\/uploads\/2023\/11\/rossignol-alltrack-90-hv-black.jpg","type":"image\/jpeg"}],"twitter_card":"summary_large_image","twitter_misc":{"Pre\u021b":"6.590&nbsp;MDL","Disponibilitate":"\u00cen stoc"},"schema":{"@context":"https:\/\/schema.org","@graph":[{"@type":"WebPage","@id":"https:\/\/xstyle.md\/product\/gornolyzhnye-botinki-rossignol-alltrack-hv-black\/","url":"https:\/\/xstyle.md\/product\/gornolyzhnye-botinki-rossignol-alltrack-hv-black\/","name":"Cl\u0103pari Rossignol Alltrack HV black - Magazin Xstyle","isPartOf":{"@id":"https:\/\/xstyle.md\/#website"},"primaryImageOfPage":{"@id":"https:\/\/xstyle.md\/product\/gornolyzhnye-botinki-rossignol-alltrack-hv-black\/#primaryimage"},"image":{"@id":"https:\/\/xstyle.md\/product\/gornolyzhnye-botinki-rossignol-alltrack-hv-black\/#primaryimage"},"thumbnailUrl":"https:\/\/xstyle.md\/wp-content\/uploads\/2023\/11\/rossignol-alltrack-90-hv-black.jpg","datePublished":"2023-11-29T10:48:26+00:00","dateModified":"2026-03-19T14:16:02+00:00","description":"Bocanci de schi Rossignol Alltrack HV black - alegerea perfect\u0103 pentru schiorii \u00eencrez\u0103tori. Indexul de flex este 90, iar tehnologia unic\u0103 Generative Design asigur\u0103 confort.","breadcrumb":{"@id":"https:\/\/xstyle.md\/product\/gornolyzhnye-botinki-rossignol-alltrack-hv-black\/#breadcrumb"},"inLanguage":"ro-RO","potentialAction":[{"@type":"ReadAction","target":["https:\/\/xstyle.md\/product\/gornolyzhnye-botinki-rossignol-alltrack-hv-black\/"]}]},{"@type":"ImageObject","inLanguage":"ro-RO","@id":"https:\/\/xstyle.md\/product\/gornolyzhnye-botinki-rossignol-alltrack-hv-black\/#primaryimage","url":"https:\/\/xstyle.md\/wp-content\/uploads\/2023\/11\/rossignol-alltrack-90-hv-black.jpg","contentUrl":"https:\/\/xstyle.md\/wp-content\/uploads\/2023\/11\/rossignol-alltrack-90-hv-black.jpg","width":500,"height":500,"caption":"\u0413\u043e\u0440\u043d\u043e\u043b\u044b\u0436\u043d\u044b\u0435 \u0431\u043e\u0442\u0438\u043d\u043a\u0438 Rossignol Alltrack HV \u0447\u0435\u0440\u043d\u044b\u0435 \u0434\u043b\u044f \u0430\u043a\u0442\u0438\u0432\u043d\u043e\u0433\u043e \u043e\u0442\u0434\u044b\u0445\u0430, \u043f\u043e\u0445\u043e\u0434\u043e\u0432 \u0438 \u0437\u0438\u043c\u043d\u0438\u0445 \u043f\u0443\u0442\u0435\u0448\u0435\u0441\u0442\u0432\u0438\u0439 \u043d\u0430 \u0441\u0430\u0439\u0442\u0435 \u0438\u043d\u0442\u0435\u0440\u043d\u0435\u0442-\u043c\u0430\u0433\u0430\u0437\u0438\u043d\u0430 \u0430\u043a\u0442\u0438\u0432\u043d\u043e\u0439 \u043e\u0434\u0435\u0436\u0434\u044b \u0438 \u043e\u0431\u0443\u0432\u0438"},{"@type":"BreadcrumbList","@id":"https:\/\/xstyle.md\/product\/gornolyzhnye-botinki-rossignol-alltrack-hv-black\/#breadcrumb","itemListElement":[{"@type":"ListItem","position":1,"name":"\u0413\u043b\u0430\u0432\u043d\u0430\u044f \u0441\u0442\u0440\u0430\u043d\u0438\u0446\u0430","item":"https:\/\/xstyle.md\/"},{"@type":"ListItem","position":2,"name":"\u041c\u0430\u0433\u0430\u0437\u0438\u043d","item":"https:\/\/xstyle.md\/shop\/"},{"@type":"ListItem","position":3,"name":"\u0413\u043e\u0440\u043d\u043e\u043b\u044b\u0436\u043d\u044b\u0435 \u0431\u043e\u0442\u0438\u043d\u043a\u0438 Rossignol Alltrack HV black"}]},{"@type":"WebSite","@id":"https:\/\/xstyle.md\/#website","url":"https:\/\/xstyle.md\/","name":"Magazinul X-Style","description":"Echipamente pentru turism \u0219i sporturi extreme \u00een Moldova. Pre\u021buri, fotografii, caracteristici \u00een Moldova.","publisher":{"@id":"https:\/\/xstyle.md\/#organization"},"alternateName":"X-Style","potentialAction":[{"@type":"SearchAction","target":{"@type":"EntryPoint","urlTemplate":"https:\/\/xstyle.md\/?s={search_term_string}"},"query-input":{"@type":"PropertyValueSpecification","valueRequired":true,"valueName":"search_term_string"}}],"inLanguage":"ro-RO"},{"@type":"Organization","@id":"https:\/\/xstyle.md\/#organization","name":"Magazinul X-Style","alternateName":"x-style","url":"https:\/\/xstyle.md\/","logo":{"@type":"ImageObject","inLanguage":"ro-RO","@id":"https:\/\/xstyle.md\/#\/schema\/logo\/image\/","url":"https:\/\/xstyle.md\/wp-content\/uploads\/2020\/06\/logoicon.svg","contentUrl":"https:\/\/xstyle.md\/wp-content\/uploads\/2020\/06\/logoicon.svg","caption":"\u041c\u0430\u0433\u0430\u0437\u0438\u043d Xstyle"},"image":{"@id":"https:\/\/xstyle.md\/#\/schema\/logo\/image\/"},"sameAs":["https:\/\/www.facebook.com\/xstylemd","https:\/\/www.instagram.com\/xstyle_md\/","https:\/\/t.me\/xstyle_outdoor"],"hasMerchantReturnPolicy":{"@type":"MerchantReturnPolicy","merchantReturnLink":"https:\/\/xstyle.md\/ro\/conditions\/"}}]},"product_price_amount":"6590.00","product_price_currency":"MDL","og_availability":"instock","product_availability":"instock","product_retailer_item_id":"3607684336011","product_condition":"new"},"_links":{"self":[{"href":"https:\/\/xstyle.md\/ro\/wp-json\/wp\/v2\/product\/76289","targetHints":{"allow":["GET"]}}],"collection":[{"href":"https:\/\/xstyle.md\/ro\/wp-json\/wp\/v2\/product"}],"about":[{"href":"https:\/\/xstyle.md\/ro\/wp-json\/wp\/v2\/types\/product"}],"replies":[{"embeddable":true,"href":"https:\/\/xstyle.md\/ro\/wp-json\/wp\/v2\/comments?post=76289"}],"wp:featuredmedia":[{"embeddable":true,"href":"https:\/\/xstyle.md\/ro\/wp-json\/wp\/v2\/media\/76753"}],"wp:attachment":[{"href":"https:\/\/xstyle.md\/ro\/wp-json\/wp\/v2\/media?parent=76289"}],"wp:term":[{"taxonomy":"product_brand","embeddable":true,"href":"https:\/\/xstyle.md\/ro\/wp-json\/wp\/v2\/product_brand?post=76289"},{"taxonomy":"product_cat","embeddable":true,"href":"https:\/\/xstyle.md\/ro\/wp-json\/wp\/v2\/product_cat?post=76289"},{"taxonomy":"product_tag","embeddable":true,"href":"https:\/\/xstyle.md\/ro\/wp-json\/wp\/v2\/product_tag?post=76289"}],"curies":[{"name":"wp","href":"https:\/\/api.w.org\/{rel}","templated":true}]}}