{"id":76282,"date":"2023-11-29T13:48:23","date_gmt":"2023-11-29T10:48:23","guid":{"rendered":"https:\/\/xstyle.md\/?post_type=product&#038;p=76282"},"modified":"2025-10-24T13:03:20","modified_gmt":"2025-10-24T10:03:20","slug":"solnechnoe-zaryadnoe-ustrojstvo-goalzero-nomad-10-venture-35","status":"publish","type":"product","link":"https:\/\/xstyle.md\/ro\/produs\/solnechnoe-zaryadnoe-ustrojstvo-goalzero-nomad-10-venture-35\/","title":{"rendered":"\u00cenc\u0103rc\u0103tor solar Goal Zero Nomad 10 + Venture 35"},"content":{"rendered":"<p><strong>GoalZero Nomad 10 + Venture 35<\/strong> - Power Bank Venture 35 \u00eembun\u0103t\u0103\u021bit de Goal Zero \u00ee\u0219i une\u0219te for\u021bele cu panoul solar Nomad 10 pentru a oferi o surs\u0103 nesf\u00e2r\u0219it\u0103 de energie portabil\u0103 durabil\u0103. Ideal\u0103 pentru recreere \u00een aer liber \u0219i utilizare \u00een caz de urgen\u021b\u0103, bateria de 9600 mAh are rezisten\u021b\u0103 la ap\u0103 \u0219i praf IP67, un port de alimentare USB-C de 18 W \u0219i dou\u0103 porturi de ie\u0219ire USB pentru \u00eenc\u0103rcarea simultan\u0103 a mai multor dispozitive. \u00cenc\u0103rca\u021bi Venture 35 la perete sau conecta\u021bi la Nomad 10 pentru a \u00eenc\u0103rca de la soare \u00een timp ce sunte\u021bi departe de re\u021beaua electric\u0103.<\/p>\n<h2>Panou solar GoalZero Nomad 10<\/h2>\n<h3>Particularit\u0103\u021bi<\/h3>\n<ul>\n<li>Suport pivotant deta\u0219abil cu unghi de montare reglabil, care permite pozi\u021bionarea panoului solar cu fa\u021ba la soare \u00een orice moment al zilei.<\/li>\n<li>Design u\u0219or cu ochiuri de curea pentru ata\u0219area panoului solar la un rucsac sau cort.<\/li>\n<li>Design pliabil pentru depozitare \u0219i transport u\u0219or.<\/li>\n<li>Durabilitate \u0219i fiabilitate ridicate, ceea ce \u00eenseamn\u0103 c\u0103 poate fi utilizat chiar \u0219i \u00een cele mai dificile condi\u021bii climatice.<\/li>\n<\/ul>\n<h3>Dispozitive \u00eenc\u0103rcabile<\/h3>\n<ul>\n<li>Telefoane<\/li>\n<li>\u00cenc\u0103rc\u0103toare portabile<\/li>\n<li>Lanterne<\/li>\n<li>Br\u0103\u021b\u0103ri de fitness<\/li>\n<li>Goal Zero Lighthouse Series Lumini de balizaj<\/li>\n<li>Dispozitive de buzunar USB<\/li>\n<\/ul>\n<h3>Surse de alimentare compatibile<\/h3>\n<ul>\n<li>Flip 12: timp de \u00eenc\u0103rcare 2,5-5 ore<\/li>\n<li>Flip 24: timp de \u00eenc\u0103rcare 4-8 ore<\/li>\n<li>Flip 36: timp de \u00eenc\u0103rcare 6-12 ore<\/li>\n<li>Sherpa 15: timp de \u00eenc\u0103rcare 2,5-5 ore<\/li>\n<li>Ghid 10: timp de \u00eenc\u0103rcare 3-6 ore<\/li>\n<li>Venture 30: timp de \u00eenc\u0103rcare 4,5-9 ore<\/li>\n<\/ul>\n<h3>Ie\u0219iri<\/h3>\n<ul>\n<li>Port USB - 5 V, p\u00e2n\u0103 la 1,5 A (max. 7,5 W)<\/li>\n<li>Sta\u021bie de \u00eenc\u0103rcare - Pentru \u00eenc\u0103rc\u0103toarele din seria Flip<\/li>\n<\/ul>\n<h3>Panou solar<\/h3>\n<ul>\n<li>Putere nominal\u0103 - 10 W<\/li>\n<li>Tensiune \u00een circuit deschis - 6-7 V<\/li>\n<li>Tip de celul\u0103 - Celule monocristaline<\/li>\n<\/ul>\n<h3>Caracteristici<\/h3>\n<ul>\n<li>Greutate cu suport rabatabil - 510 g<\/li>\n<li>Dimensiuni pliate - 24,1 x 36,8 x 1,9 cm<\/li>\n<li>Dimensiuni pliate - 24,1 x 18,4 x 3,2 cm<\/li>\n<li>Perioada de garan\u021bie - 12 luni<\/li>\n<\/ul>\n<h2>\u00cenc\u0103rc\u0103tor de baterii GoalZero Venture 35<\/h2>\n<h3>Particularit\u0103\u021bi<\/h3>\n<ul>\n<li>Capacitatea mare a dispozitivului v\u0103 permite s\u0103 \u00eenc\u0103rca\u021bi aproape orice gadget de buzunar, inclusiv tablete<\/li>\n<li>Hus\u0103 de cauciuc \u0219i dopuri pentru a proteja porturile atunci c\u00e2nd nu sunt utilizate<\/li>\n<li>Nou port de alimentare USB-C de 18 W pentru \u00eenc\u0103rcarea rapid\u0103 a bateriei de la o alt\u0103 surs\u0103 de alimentare sau de la un panou solar<\/li>\n<li>Lantern\u0103 cu diod\u0103 50 lm pentru situa\u021bii de urgen\u021b\u0103 \u00een partea frontal\u0103<\/li>\n<li>Indicator LED al cantit\u0103\u021bii de \u00eenc\u0103rcare<\/li>\n<li>Protec\u021bie \u00eencorporat\u0103 la supra\u00eenc\u0103rcare \u0219i desc\u0103rcare profund\u0103<\/li>\n<li>Se recomand\u0103 men\u021binerea \u00eenc\u0103rcat\u0103 sau re\u00eenc\u0103rcarea la fiecare 3-6 luni<\/li>\n<li>Protec\u021bia mediului IP67 - complet protejat \u00eempotriva nisipului, murd\u0103riei \u0219i jeturilor de ap\u0103 din orice direc\u021bie; rezist\u0103 la imersiune \u00een ap\u0103 la o ad\u00e2ncime de 1 metru timp de 30 de minute<\/li>\n<\/ul>\n<h3>Dispozitivele care pot fi \u00eenc\u0103rcate \u0219i num\u0103rul de ori \u00een care acestea pot fi \u00eenc\u0103rcate<\/h3>\n<ul>\n<li>Tablet\u0103: 1<\/li>\n<li>Smartphone: 3<\/li>\n<li>Camer\u0103 de ac\u021biune, camer\u0103: 6<\/li>\n<li>Lamp\u0103 frontal\u0103: 7<\/li>\n<\/ul>\n<h3>Porturi<\/h3>\n<ul>\n<li>Port USB-A (ie\u0219ire): 5 V, p\u00e2n\u0103 la 3 A fiecare (max. 15 W), reglabil<\/li>\n<li>Port USB-C (intrare\/ie\u0219ire): 5-12 V, p\u00e2n\u0103 la 3 A (max. 18 W), reglabil<\/li>\n<\/ul>\n<h3>Metode \u0219i perioade de \u00eenc\u0103rcare<\/h3>\n<ul>\n<li>USB-C (18 W): 3 h<\/li>\n<li>USB-A (2,4 A): 4 h<\/li>\n<li>Panou solar Nomad 5: 12-24 h<\/li>\n<li>Nomad 10 Panou solar: 6-12 h<\/li>\n<li>Panou solar Nomad 20: 4-8 h<\/li>\n<\/ul>\n<h3>Caracteristici<\/h3>\n<ul>\n<li>Tip baterie - Li-ion NMC<\/li>\n<li>Tip baterie - 18650<\/li>\n<li>Capacitatea bateriei - 9600mAh, 35.52Wh, 3.7V<\/li>\n<li>Temperatura de func\u021bionare: 0-45 \u00b0C<\/li>\n<li>Dimensiuni - 112 x 68 x 28 mm<\/li>\n<li>Greutate - 287 g<\/li>\n<\/ul>","protected":false},"excerpt":{"rendered":"<p>GoalZero Nomad 10 + Venture 35 &#8212; \u043c\u043e\u0434\u0435\u0440\u043d\u0438\u0437\u0438\u0440\u043e\u0432\u0430\u043d\u043d\u044b\u0439 Goal Zero \u0430\u043a\u043a\u0443\u043c\u0443\u043b\u044f\u0442\u043e\u0440 Venture 35 Power Bank \u043e\u0431\u044a\u0435\u0434\u0438\u043d\u044f\u0435\u0442 \u0443\u0441\u0438\u043b\u0438\u044f \u0441 \u0441\u043e\u043b\u043d\u0435\u0447\u043d\u043e\u0439 \u043f\u0430\u043d\u0435\u043b\u044c\u044e Nomad 10, \u0447\u0442\u043e\u0431\u044b \u043e\u0431\u0435\u0441\u043f\u0435\u0447\u0438\u0442\u044c \u0431\u0435\u0441\u043a\u043e\u043d\u0435\u0447\u043d\u044b\u0439 \u0438\u0441\u0442\u043e\u0447\u043d\u0438\u043a \u043f\u0440\u043e\u0447\u043d\u043e\u0439 \u043f\u043e\u0440\u0442\u0430\u0442\u0438\u0432\u043d\u043e\u0439 \u044d\u043d\u0435\u0440\u0433\u0438\u0438. \u0410\u043a\u043a\u0443\u043c\u0443\u043b\u044f\u0442\u043e\u0440 \u0435\u043c\u043a\u043e\u0441\u0442\u044c\u044e 9600 \u043c\u0410\u0447, \u0438\u0434\u0435\u0430\u043b\u044c\u043d\u043e \u043f\u043e\u0434\u0445\u043e\u0434\u044f\u0449\u0438\u0439 \u0434\u043b\u044f \u043e\u0442\u0434\u044b\u0445\u0430 \u043d\u0430 \u043f\u0440\u0438\u0440\u043e\u0434\u0435 \u0438 \u0438\u0441\u043f\u043e\u043b\u044c\u0437\u043e\u0432\u0430\u043d\u0438\u044f \u0432 \u044d\u043a\u0441\u0442\u0440\u0435\u043d\u043d\u044b\u0445 \u0441\u043b\u0443\u0447\u0430\u044f\u0445, \u043e\u0441\u043d\u0430\u0449\u0435\u043d \u043f\u044b\u043b\u0435- \u0438 \u0432\u043e\u0434\u043e\u043d\u0435\u043f\u0440\u043e\u043d\u0438\u0446\u0430\u0435\u043c\u044b\u043c \u043a\u043b\u0430\u0441\u0441\u043e\u043c \u0437\u0430\u0449\u0438\u0442\u044b IP67, \u043f\u043e\u0440\u0442\u043e\u043c \u043f\u0438\u0442\u0430\u043d\u0438\u044f USB-C \u043c\u043e\u0449\u043d\u043e\u0441\u0442\u044c\u044e [&hellip;]<\/p>\n","protected":false},"featured_media":76744,"comment_status":"open","ping_status":"closed","template":"","meta":{"_acf_changed":false,"inline_featured_image":false},"product_brand":[1459],"product_cat":[523,524],"product_tag":[],"class_list":{"0":"post-76282","1":"product","2":"type-product","3":"status-publish","4":"has-post-thumbnail","6":"product_brand-goal-zero","7":"product_cat-zareadnie-ustroistva","8":"product_cat-solar-panels","10":"first","11":"instock","12":"shipping-taxable","13":"purchasable","14":"product-type-simple"},"acf":[],"yoast_head":"<!-- This site is optimized with the Yoast SEO plugin v27.4 - https:\/\/yoast.com\/product\/yoast-seo-wordpress\/ -->\n<title>\u0421\u043e\u043b\u043d\u0435\u0447\u043d\u043e\u0435 \u0437\u0430\u0440\u044f\u0434\u043d\u043e\u0435 \u0443\u0441\u0442\u0440\u043e\u0439\u0441\u0442\u0432\u043e Goal Zero Nomad 10 + Venture 35 - \u041c\u0430\u0433\u0430\u0437\u0438\u043d Xstyle<\/title>\n<meta name=\"description\" content=\"\u0421\u043e\u043b\u043d\u0435\u0447\u043d\u043e\u0435 \u0437\u0430\u0440\u044f\u0434\u043d\u043e\u0435 \u0443\u0441\u0442\u0440\u043e\u0439\u0441\u0442\u0432\u043e GoalZero Nomad 10 \u0438 Venture 35 - \u043c\u043e\u0449\u043d\u043e\u0435 \u0440\u0435\u0448\u0435\u043d\u0438\u0435 \u0434\u043b\u044f \u0437\u0430\u0440\u044f\u0434\u043a\u0438 \u0432\u0430\u0448\u0438\u0445 \u0443\u0441\u0442\u0440\u043e\u0439\u0441\u0442\u0432 \u0432 \u043b\u044e\u0431\u044b\u0445 \u0443\u0441\u043b\u043e\u0432\u0438\u044f\u0445. \u0417\u0430\u0449\u0438\u0442\u0438\u0442\u0435 \u0438\u0445 \u0441 IP67!\" \/>\n<meta name=\"robots\" content=\"index, follow, max-snippet:-1, max-image-preview:large, max-video-preview:-1\" \/>\n<link rel=\"canonical\" href=\"https:\/\/xstyle.md\/ro\/produs\/solnechnoe-zaryadnoe-ustrojstvo-goalzero-nomad-10-venture-35\/\" \/>\n<meta property=\"og:locale\" content=\"ro_RO\" \/>\n<meta property=\"og:type\" content=\"article\" \/>\n<meta property=\"og:title\" content=\"\u0421\u043e\u043b\u043d\u0435\u0447\u043d\u043e\u0435 \u0437\u0430\u0440\u044f\u0434\u043d\u043e\u0435 \u0443\u0441\u0442\u0440\u043e\u0439\u0441\u0442\u0432\u043e Goal Zero Nomad 10 + Venture 35 - \u041c\u0430\u0433\u0430\u0437\u0438\u043d Xstyle\" \/>\n<meta property=\"og:description\" content=\"\u0421\u043e\u043b\u043d\u0435\u0447\u043d\u043e\u0435 \u0437\u0430\u0440\u044f\u0434\u043d\u043e\u0435 \u0443\u0441\u0442\u0440\u043e\u0439\u0441\u0442\u0432\u043e GoalZero Nomad 10 \u0438 Venture 35 - \u043c\u043e\u0449\u043d\u043e\u0435 \u0440\u0435\u0448\u0435\u043d\u0438\u0435 \u0434\u043b\u044f \u0437\u0430\u0440\u044f\u0434\u043a\u0438 \u0432\u0430\u0448\u0438\u0445 \u0443\u0441\u0442\u0440\u043e\u0439\u0441\u0442\u0432 \u0432 \u043b\u044e\u0431\u044b\u0445 \u0443\u0441\u043b\u043e\u0432\u0438\u044f\u0445. \u0417\u0430\u0449\u0438\u0442\u0438\u0442\u0435 \u0438\u0445 \u0441 IP67!\" \/>\n<meta property=\"og:url\" content=\"https:\/\/xstyle.md\/ro\/produs\/solnechnoe-zaryadnoe-ustrojstvo-goalzero-nomad-10-venture-35\/\" \/>\n<meta property=\"og:site_name\" content=\"\u041c\u0430\u0433\u0430\u0437\u0438\u043d Xstyle\" \/>\n<meta property=\"article:publisher\" content=\"https:\/\/www.facebook.com\/xstylemd\" \/>\n<meta property=\"article:modified_time\" content=\"2025-10-24T10:03:20+00:00\" \/>\n<meta property=\"og:image\" content=\"https:\/\/xstyle.md\/wp-content\/uploads\/2023\/11\/venture-35-nomad-10-kit.jpg\" \/>\n\t<meta property=\"og:image:width\" content=\"600\" \/>\n\t<meta property=\"og:image:height\" content=\"600\" \/>\n\t<meta property=\"og:image:type\" content=\"image\/jpeg\" \/>\n<meta name=\"twitter:card\" content=\"summary_large_image\" \/>\n<meta name=\"twitter:label1\" content=\"Pre\u021b\" \/>\n\t<meta name=\"twitter:data1\" content=\"4.390&nbsp;MDL\" \/>\n\t<meta name=\"twitter:label2\" content=\"Disponibilitate\" \/>\n\t<meta name=\"twitter:data2\" content=\"\u00cen stoc\" \/>\n<script type=\"application\/ld+json\" class=\"yoast-schema-graph\">{\"@context\":\"https:\\\/\\\/schema.org\",\"@graph\":[{\"@type\":\"WebPage\",\"@id\":\"https:\\\/\\\/xstyle.md\\\/product\\\/solnechnoe-zaryadnoe-ustrojstvo-goalzero-nomad-10-venture-35\\\/\",\"url\":\"https:\\\/\\\/xstyle.md\\\/product\\\/solnechnoe-zaryadnoe-ustrojstvo-goalzero-nomad-10-venture-35\\\/\",\"name\":\"\u0421\u043e\u043b\u043d\u0435\u0447\u043d\u043e\u0435 \u0437\u0430\u0440\u044f\u0434\u043d\u043e\u0435 \u0443\u0441\u0442\u0440\u043e\u0439\u0441\u0442\u0432\u043e Goal Zero Nomad 10 + Venture 35 - \u041c\u0430\u0433\u0430\u0437\u0438\u043d Xstyle\",\"isPartOf\":{\"@id\":\"https:\\\/\\\/xstyle.md\\\/#website\"},\"primaryImageOfPage\":{\"@id\":\"https:\\\/\\\/xstyle.md\\\/product\\\/solnechnoe-zaryadnoe-ustrojstvo-goalzero-nomad-10-venture-35\\\/#primaryimage\"},\"image\":{\"@id\":\"https:\\\/\\\/xstyle.md\\\/product\\\/solnechnoe-zaryadnoe-ustrojstvo-goalzero-nomad-10-venture-35\\\/#primaryimage\"},\"thumbnailUrl\":\"https:\\\/\\\/xstyle.md\\\/wp-content\\\/uploads\\\/2023\\\/11\\\/venture-35-nomad-10-kit.jpg\",\"datePublished\":\"2023-11-29T10:48:23+00:00\",\"dateModified\":\"2025-10-24T10:03:20+00:00\",\"description\":\"\u0421\u043e\u043b\u043d\u0435\u0447\u043d\u043e\u0435 \u0437\u0430\u0440\u044f\u0434\u043d\u043e\u0435 \u0443\u0441\u0442\u0440\u043e\u0439\u0441\u0442\u0432\u043e GoalZero Nomad 10 \u0438 Venture 35 - \u043c\u043e\u0449\u043d\u043e\u0435 \u0440\u0435\u0448\u0435\u043d\u0438\u0435 \u0434\u043b\u044f \u0437\u0430\u0440\u044f\u0434\u043a\u0438 \u0432\u0430\u0448\u0438\u0445 \u0443\u0441\u0442\u0440\u043e\u0439\u0441\u0442\u0432 \u0432 \u043b\u044e\u0431\u044b\u0445 \u0443\u0441\u043b\u043e\u0432\u0438\u044f\u0445. \u0417\u0430\u0449\u0438\u0442\u0438\u0442\u0435 \u0438\u0445 \u0441 IP67!\",\"breadcrumb\":{\"@id\":\"https:\\\/\\\/xstyle.md\\\/product\\\/solnechnoe-zaryadnoe-ustrojstvo-goalzero-nomad-10-venture-35\\\/#breadcrumb\"},\"inLanguage\":\"ro-RO\",\"potentialAction\":[{\"@type\":\"ReadAction\",\"target\":[\"https:\\\/\\\/xstyle.md\\\/product\\\/solnechnoe-zaryadnoe-ustrojstvo-goalzero-nomad-10-venture-35\\\/\"]}]},{\"@type\":\"ImageObject\",\"inLanguage\":\"ro-RO\",\"@id\":\"https:\\\/\\\/xstyle.md\\\/product\\\/solnechnoe-zaryadnoe-ustrojstvo-goalzero-nomad-10-venture-35\\\/#primaryimage\",\"url\":\"https:\\\/\\\/xstyle.md\\\/wp-content\\\/uploads\\\/2023\\\/11\\\/venture-35-nomad-10-kit.jpg\",\"contentUrl\":\"https:\\\/\\\/xstyle.md\\\/wp-content\\\/uploads\\\/2023\\\/11\\\/venture-35-nomad-10-kit.jpg\",\"width\":600,\"height\":600,\"caption\":\"\u041a\u043e\u043c\u043f\u043b\u0435\u043a\u0442 \u0441\u043e\u043b\u043d\u0435\u0447\u043d\u044b\u0445 \u0437\u0430\u0440\u044f\u0434\u043d\u044b\u0445 \u0443\u0441\u0442\u0440\u043e\u0439\u0441\u0442\u0432 Goal Zero Nomad 10 \u0438 Venture 35 \u0434\u043b\u044f \u0430\u043a\u0442\u0438\u0432\u043d\u043e\u0433\u043e \u043e\u0442\u0434\u044b\u0445\u0430, \u043f\u0443\u0442\u0435\u0448\u0435\u0441\u0442\u0432\u0438\u0439, \u0445\u0430\u0439\u043a\u0438\u043d\u0433\u0430 \u0438 \u0433\u043e\u0440\u043d\u044b\u0445 \u043f\u043e\u0445\u043e\u0434\u043e\u0432 \u043d\u0430 \u0441\u0442\u0440\u0430\u043d\u0438\u0446\u0430\u0445 \u0438\u043d\u0442\u0435\u0440\u043d\u0435\u0442-\u043c\u0430\u0433\u0430\u0437\u0438\u043d\u0430 \u044d\u043a\u0438\u043f\u0438\u0440\u043e\u0432\u043a\u0438 \u0438 \u043e\u0434\u0435\u0436\u0434\u044b \u0434\u043b\u044f \u0430\u043a\u0442\u0438\u0432\u043d\u043e\u0439 \u0436\u0438\u0437\u043d\u0438\"},{\"@type\":\"BreadcrumbList\",\"@id\":\"https:\\\/\\\/xstyle.md\\\/product\\\/solnechnoe-zaryadnoe-ustrojstvo-goalzero-nomad-10-venture-35\\\/#breadcrumb\",\"itemListElement\":[{\"@type\":\"ListItem\",\"position\":1,\"name\":\"\u0413\u043b\u0430\u0432\u043d\u0430\u044f \u0441\u0442\u0440\u0430\u043d\u0438\u0446\u0430\",\"item\":\"https:\\\/\\\/xstyle.md\\\/\"},{\"@type\":\"ListItem\",\"position\":2,\"name\":\"\u041c\u0430\u0433\u0430\u0437\u0438\u043d\",\"item\":\"https:\\\/\\\/xstyle.md\\\/shop\\\/\"},{\"@type\":\"ListItem\",\"position\":3,\"name\":\"\u0421\u043e\u043b\u043d\u0435\u0447\u043d\u043e\u0435 \u0437\u0430\u0440\u044f\u0434\u043d\u043e\u0435 \u0443\u0441\u0442\u0440\u043e\u0439\u0441\u0442\u0432\u043e Goal Zero Nomad 10 + Venture 35\"}]},{\"@type\":\"WebSite\",\"@id\":\"https:\\\/\\\/xstyle.md\\\/#website\",\"url\":\"https:\\\/\\\/xstyle.md\\\/\",\"name\":\"\u041c\u0430\u0433\u0430\u0437\u0438\u043d Xstyle\",\"description\":\"C\u043d\u0430\u0440\u044f\u0436\u0435\u043d\u0438\u0435 \u0434\u043b\u044f \u0442\u0443\u0440\u0438\u0437\u043c\u0430 \u0438 \u044d\u043a\u0441\u0442\u0440\u0435\u043c\u0430\u043b\u044c\u043d\u044b\u0445 \u0432\u0438\u0434\u043e\u0432 \u0441\u043f\u043e\u0440\u0442\u0430 \u0432 \u041c\u043e\u043b\u0434\u043e\u0432\u0435.. \u0426\u0435\u043d\u044b, \u0444\u043e\u0442\u043e, \u0445\u0430\u0440\u0430\u043a\u0442\u0435\u0440\u0438\u0441\u0442\u0438\u043a\u0438 \u0432 \u041c\u043e\u043b\u0434\u043e\u0432\u0435.\",\"publisher\":{\"@id\":\"https:\\\/\\\/xstyle.md\\\/#organization\"},\"alternateName\":\"X-Style\",\"potentialAction\":[{\"@type\":\"SearchAction\",\"target\":{\"@type\":\"EntryPoint\",\"urlTemplate\":\"https:\\\/\\\/xstyle.md\\\/?s={search_term_string}\"},\"query-input\":{\"@type\":\"PropertyValueSpecification\",\"valueRequired\":true,\"valueName\":\"search_term_string\"}}],\"inLanguage\":\"ro-RO\"},{\"@type\":\"Organization\",\"@id\":\"https:\\\/\\\/xstyle.md\\\/#organization\",\"name\":\"\u041c\u0430\u0433\u0430\u0437\u0438\u043d Xstyle\",\"alternateName\":\"x-style\",\"url\":\"https:\\\/\\\/xstyle.md\\\/\",\"logo\":{\"@type\":\"ImageObject\",\"inLanguage\":\"ro-RO\",\"@id\":\"https:\\\/\\\/xstyle.md\\\/#\\\/schema\\\/logo\\\/image\\\/\",\"url\":\"https:\\\/\\\/xstyle.md\\\/wp-content\\\/uploads\\\/2020\\\/06\\\/logoicon.svg\",\"contentUrl\":\"https:\\\/\\\/xstyle.md\\\/wp-content\\\/uploads\\\/2020\\\/06\\\/logoicon.svg\",\"caption\":\"\u041c\u0430\u0433\u0430\u0437\u0438\u043d Xstyle\"},\"image\":{\"@id\":\"https:\\\/\\\/xstyle.md\\\/#\\\/schema\\\/logo\\\/image\\\/\"},\"sameAs\":[\"https:\\\/\\\/www.facebook.com\\\/xstylemd\",\"https:\\\/\\\/www.instagram.com\\\/xstyle_md\\\/\",\"https:\\\/\\\/t.me\\\/xstyle_outdoor\"],\"hasMerchantReturnPolicy\":{\"@type\":\"MerchantReturnPolicy\",\"merchantReturnLink\":\"https:\\\/\\\/xstyle.md\\\/ro\\\/conditions\\\/\"}}]}<\/script>\n<meta property=\"product:price:amount\" content=\"4390.00\" \/>\n<meta property=\"product:price:currency\" content=\"MDL\" \/>\n<meta property=\"og:availability\" content=\"instock\" \/>\n<meta property=\"product:availability\" content=\"instock\" \/>\n<meta property=\"product:retailer_item_id\" content=\"2000999769566\" \/>\n<meta property=\"product:condition\" content=\"new\" \/>\n<!-- \/ Yoast SEO plugin. -->","yoast_head_json":{"title":"\u0421\u043e\u043b\u043d\u0435\u0447\u043d\u043e\u0435 \u0437\u0430\u0440\u044f\u0434\u043d\u043e\u0435 \u0443\u0441\u0442\u0440\u043e\u0439\u0441\u0442\u0432\u043e Goal Zero Nomad 10 + Venture 35 - \u041c\u0430\u0433\u0430\u0437\u0438\u043d Xstyle","description":"\u00cenc\u0103rc\u0103tor solar GoalZero Nomad 10 \u0219i Venture 35 - o solu\u021bie puternic\u0103 pentru \u00eenc\u0103rcarea dispozitivelor dumneavoastr\u0103 \u00een orice condi\u021bii. Proteja\u021bi-le cu IP67!","robots":{"index":"index","follow":"follow","max-snippet":"max-snippet:-1","max-image-preview":"max-image-preview:large","max-video-preview":"max-video-preview:-1"},"canonical":"https:\/\/xstyle.md\/ro\/produs\/solnechnoe-zaryadnoe-ustrojstvo-goalzero-nomad-10-venture-35\/","og_locale":"ro_RO","og_type":"article","og_title":"\u0421\u043e\u043b\u043d\u0435\u0447\u043d\u043e\u0435 \u0437\u0430\u0440\u044f\u0434\u043d\u043e\u0435 \u0443\u0441\u0442\u0440\u043e\u0439\u0441\u0442\u0432\u043e Goal Zero Nomad 10 + Venture 35 - \u041c\u0430\u0433\u0430\u0437\u0438\u043d Xstyle","og_description":"\u0421\u043e\u043b\u043d\u0435\u0447\u043d\u043e\u0435 \u0437\u0430\u0440\u044f\u0434\u043d\u043e\u0435 \u0443\u0441\u0442\u0440\u043e\u0439\u0441\u0442\u0432\u043e GoalZero Nomad 10 \u0438 Venture 35 - \u043c\u043e\u0449\u043d\u043e\u0435 \u0440\u0435\u0448\u0435\u043d\u0438\u0435 \u0434\u043b\u044f \u0437\u0430\u0440\u044f\u0434\u043a\u0438 \u0432\u0430\u0448\u0438\u0445 \u0443\u0441\u0442\u0440\u043e\u0439\u0441\u0442\u0432 \u0432 \u043b\u044e\u0431\u044b\u0445 \u0443\u0441\u043b\u043e\u0432\u0438\u044f\u0445. \u0417\u0430\u0449\u0438\u0442\u0438\u0442\u0435 \u0438\u0445 \u0441 IP67!","og_url":"https:\/\/xstyle.md\/ro\/produs\/solnechnoe-zaryadnoe-ustrojstvo-goalzero-nomad-10-venture-35\/","og_site_name":"\u041c\u0430\u0433\u0430\u0437\u0438\u043d Xstyle","article_publisher":"https:\/\/www.facebook.com\/xstylemd","article_modified_time":"2025-10-24T10:03:20+00:00","og_image":[{"width":600,"height":600,"url":"https:\/\/xstyle.md\/wp-content\/uploads\/2023\/11\/venture-35-nomad-10-kit.jpg","type":"image\/jpeg"}],"twitter_card":"summary_large_image","twitter_misc":{"Pre\u021b":"4.390&nbsp;MDL","Disponibilitate":"\u00cen stoc"},"schema":{"@context":"https:\/\/schema.org","@graph":[{"@type":"WebPage","@id":"https:\/\/xstyle.md\/product\/solnechnoe-zaryadnoe-ustrojstvo-goalzero-nomad-10-venture-35\/","url":"https:\/\/xstyle.md\/product\/solnechnoe-zaryadnoe-ustrojstvo-goalzero-nomad-10-venture-35\/","name":"\u0421\u043e\u043b\u043d\u0435\u0447\u043d\u043e\u0435 \u0437\u0430\u0440\u044f\u0434\u043d\u043e\u0435 \u0443\u0441\u0442\u0440\u043e\u0439\u0441\u0442\u0432\u043e Goal Zero Nomad 10 + Venture 35 - \u041c\u0430\u0433\u0430\u0437\u0438\u043d Xstyle","isPartOf":{"@id":"https:\/\/xstyle.md\/#website"},"primaryImageOfPage":{"@id":"https:\/\/xstyle.md\/product\/solnechnoe-zaryadnoe-ustrojstvo-goalzero-nomad-10-venture-35\/#primaryimage"},"image":{"@id":"https:\/\/xstyle.md\/product\/solnechnoe-zaryadnoe-ustrojstvo-goalzero-nomad-10-venture-35\/#primaryimage"},"thumbnailUrl":"https:\/\/xstyle.md\/wp-content\/uploads\/2023\/11\/venture-35-nomad-10-kit.jpg","datePublished":"2023-11-29T10:48:23+00:00","dateModified":"2025-10-24T10:03:20+00:00","description":"\u00cenc\u0103rc\u0103tor solar GoalZero Nomad 10 \u0219i Venture 35 - o solu\u021bie puternic\u0103 pentru \u00eenc\u0103rcarea dispozitivelor dumneavoastr\u0103 \u00een orice condi\u021bii. Proteja\u021bi-le cu IP67!","breadcrumb":{"@id":"https:\/\/xstyle.md\/product\/solnechnoe-zaryadnoe-ustrojstvo-goalzero-nomad-10-venture-35\/#breadcrumb"},"inLanguage":"ro-RO","potentialAction":[{"@type":"ReadAction","target":["https:\/\/xstyle.md\/product\/solnechnoe-zaryadnoe-ustrojstvo-goalzero-nomad-10-venture-35\/"]}]},{"@type":"ImageObject","inLanguage":"ro-RO","@id":"https:\/\/xstyle.md\/product\/solnechnoe-zaryadnoe-ustrojstvo-goalzero-nomad-10-venture-35\/#primaryimage","url":"https:\/\/xstyle.md\/wp-content\/uploads\/2023\/11\/venture-35-nomad-10-kit.jpg","contentUrl":"https:\/\/xstyle.md\/wp-content\/uploads\/2023\/11\/venture-35-nomad-10-kit.jpg","width":600,"height":600,"caption":"\u041a\u043e\u043c\u043f\u043b\u0435\u043a\u0442 \u0441\u043e\u043b\u043d\u0435\u0447\u043d\u044b\u0445 \u0437\u0430\u0440\u044f\u0434\u043d\u044b\u0445 \u0443\u0441\u0442\u0440\u043e\u0439\u0441\u0442\u0432 Goal Zero Nomad 10 \u0438 Venture 35 \u0434\u043b\u044f \u0430\u043a\u0442\u0438\u0432\u043d\u043e\u0433\u043e \u043e\u0442\u0434\u044b\u0445\u0430, \u043f\u0443\u0442\u0435\u0448\u0435\u0441\u0442\u0432\u0438\u0439, \u0445\u0430\u0439\u043a\u0438\u043d\u0433\u0430 \u0438 \u0433\u043e\u0440\u043d\u044b\u0445 \u043f\u043e\u0445\u043e\u0434\u043e\u0432 \u043d\u0430 \u0441\u0442\u0440\u0430\u043d\u0438\u0446\u0430\u0445 \u0438\u043d\u0442\u0435\u0440\u043d\u0435\u0442-\u043c\u0430\u0433\u0430\u0437\u0438\u043d\u0430 \u044d\u043a\u0438\u043f\u0438\u0440\u043e\u0432\u043a\u0438 \u0438 \u043e\u0434\u0435\u0436\u0434\u044b \u0434\u043b\u044f \u0430\u043a\u0442\u0438\u0432\u043d\u043e\u0439 \u0436\u0438\u0437\u043d\u0438"},{"@type":"BreadcrumbList","@id":"https:\/\/xstyle.md\/product\/solnechnoe-zaryadnoe-ustrojstvo-goalzero-nomad-10-venture-35\/#breadcrumb","itemListElement":[{"@type":"ListItem","position":1,"name":"\u0413\u043b\u0430\u0432\u043d\u0430\u044f \u0441\u0442\u0440\u0430\u043d\u0438\u0446\u0430","item":"https:\/\/xstyle.md\/"},{"@type":"ListItem","position":2,"name":"\u041c\u0430\u0433\u0430\u0437\u0438\u043d","item":"https:\/\/xstyle.md\/shop\/"},{"@type":"ListItem","position":3,"name":"\u0421\u043e\u043b\u043d\u0435\u0447\u043d\u043e\u0435 \u0437\u0430\u0440\u044f\u0434\u043d\u043e\u0435 \u0443\u0441\u0442\u0440\u043e\u0439\u0441\u0442\u0432\u043e Goal Zero Nomad 10 + Venture 35"}]},{"@type":"WebSite","@id":"https:\/\/xstyle.md\/#website","url":"https:\/\/xstyle.md\/","name":"Magazinul X-Style","description":"Echipamente pentru turism \u0219i sporturi extreme \u00een Moldova. Pre\u021buri, fotografii, caracteristici \u00een Moldova.","publisher":{"@id":"https:\/\/xstyle.md\/#organization"},"alternateName":"X-Style","potentialAction":[{"@type":"SearchAction","target":{"@type":"EntryPoint","urlTemplate":"https:\/\/xstyle.md\/?s={search_term_string}"},"query-input":{"@type":"PropertyValueSpecification","valueRequired":true,"valueName":"search_term_string"}}],"inLanguage":"ro-RO"},{"@type":"Organization","@id":"https:\/\/xstyle.md\/#organization","name":"Magazinul X-Style","alternateName":"x-style","url":"https:\/\/xstyle.md\/","logo":{"@type":"ImageObject","inLanguage":"ro-RO","@id":"https:\/\/xstyle.md\/#\/schema\/logo\/image\/","url":"https:\/\/xstyle.md\/wp-content\/uploads\/2020\/06\/logoicon.svg","contentUrl":"https:\/\/xstyle.md\/wp-content\/uploads\/2020\/06\/logoicon.svg","caption":"\u041c\u0430\u0433\u0430\u0437\u0438\u043d Xstyle"},"image":{"@id":"https:\/\/xstyle.md\/#\/schema\/logo\/image\/"},"sameAs":["https:\/\/www.facebook.com\/xstylemd","https:\/\/www.instagram.com\/xstyle_md\/","https:\/\/t.me\/xstyle_outdoor"],"hasMerchantReturnPolicy":{"@type":"MerchantReturnPolicy","merchantReturnLink":"https:\/\/xstyle.md\/ro\/conditions\/"}}]},"product_price_amount":"4390.00","product_price_currency":"MDL","og_availability":"instock","product_availability":"instock","product_retailer_item_id":"2000999769566","product_condition":"new"},"_links":{"self":[{"href":"https:\/\/xstyle.md\/ro\/wp-json\/wp\/v2\/product\/76282","targetHints":{"allow":["GET"]}}],"collection":[{"href":"https:\/\/xstyle.md\/ro\/wp-json\/wp\/v2\/product"}],"about":[{"href":"https:\/\/xstyle.md\/ro\/wp-json\/wp\/v2\/types\/product"}],"replies":[{"embeddable":true,"href":"https:\/\/xstyle.md\/ro\/wp-json\/wp\/v2\/comments?post=76282"}],"wp:featuredmedia":[{"embeddable":true,"href":"https:\/\/xstyle.md\/ro\/wp-json\/wp\/v2\/media\/76744"}],"wp:attachment":[{"href":"https:\/\/xstyle.md\/ro\/wp-json\/wp\/v2\/media?parent=76282"}],"wp:term":[{"taxonomy":"product_brand","embeddable":true,"href":"https:\/\/xstyle.md\/ro\/wp-json\/wp\/v2\/product_brand?post=76282"},{"taxonomy":"product_cat","embeddable":true,"href":"https:\/\/xstyle.md\/ro\/wp-json\/wp\/v2\/product_cat?post=76282"},{"taxonomy":"product_tag","embeddable":true,"href":"https:\/\/xstyle.md\/ro\/wp-json\/wp\/v2\/product_tag?post=76282"}],"curies":[{"name":"wp","href":"https:\/\/api.w.org\/{rel}","templated":true}]}}