{"id":76278,"date":"2023-11-29T13:48:08","date_gmt":"2023-11-29T10:48:08","guid":{"rendered":"https:\/\/xstyle.md\/?post_type=product&#038;p=76278"},"modified":"2025-07-03T18:23:31","modified_gmt":"2025-07-03T15:23:31","slug":"podushka-littlelife-animal-snooze-unicorn","status":"publish","type":"product","link":"https:\/\/xstyle.md\/ro\/produs\/podushka-littlelife-animal-snooze-unicorn\/","title":{"rendered":"LittleLife Animal Snooze Unicorn pern\u0103"},"content":{"rendered":"<p><strong>LittleLife Animal Snooze Unicorn.<\/strong> - tetier\u0103 pentru copii sub forma unui animal amuzant. Potrivit pentru c\u0103l\u0103torii lungi \u00een ma\u0219in\u0103, tren sau avion, precum \u0219i \u00een timpul odihnei \u00een c\u0103rucior. Designul original v\u0103 va \u00eenc\u00e2nta copilul, iar materialul moale din fleece garanteaz\u0103 un somn confortabil pe drum. \u00cen interiorul pernei sunt microgranule de polistiren, care ofer\u0103 un suport bun. Exist\u0103 o \u00eencuietoare magnetic\u0103 pentru fixare.<\/p>\n<h3>Particularit\u0103\u021bi<\/h3>\n<ul>\n<li>Pl\u0103cut la atingere, suprafa\u021b\u0103 moale<\/li>\n<li>Microgranule de umplere<\/li>\n<li>Design original<\/li>\n<li>\u00cenchiz\u0103toare magnetic\u0103<\/li>\n<li>Pentru copii \u00eencep\u00e2nd cu v\u00e2rsta de doi ani<\/li>\n<\/ul>\n<h3>Caracteristici<\/h3>\n<ul>\n<li>Material - fleece, polistiren<\/li>\n<li>Dimensiuni - 22 x 22 x 6 cm<\/li>\n<li>Greutate - 93 g<\/li>\n<\/ul>","protected":false},"excerpt":{"rendered":"<p>LittleLife Animal Snooze Unicorn &#8212; \u043f\u043e\u0434\u0433\u043e\u043b\u043e\u0432\u043d\u0438\u043a \u0434\u043b\u044f \u0434\u0435\u0442\u0435\u0439 \u0432 \u0432\u0438\u0434\u0435 \u0437\u0430\u0431\u0430\u0432\u043d\u043e\u0433\u043e \u0436\u0438\u0432\u043e\u0442\u043d\u043e\u0433\u043e. \u041f\u043e\u0434\u043e\u0439\u0434\u0435\u0442 \u0434\u043b\u044f \u0434\u043b\u0438\u0442\u0435\u043b\u044c\u043d\u044b\u0445 \u043f\u043e\u0435\u0437\u0434\u043e\u043a \u0432 \u0430\u0432\u0442\u043e\u043c\u043e\u0431\u0438\u043b\u0435, \u043f\u043e\u0435\u0437\u0434\u0435 \u0438\u043b\u0438 \u0441\u0430\u043c\u043e\u043b\u0435\u0442\u0435, \u0430 \u0442\u0430\u043a\u0436\u0435 \u0432\u043e \u0432\u0440\u0435\u043c\u044f \u043e\u0442\u0434\u044b\u0445\u0430 \u0432 \u0434\u0435\u0442\u0441\u043a\u043e\u0439 \u043a\u043e\u043b\u044f\u0441\u043a\u0435. \u041e\u0440\u0438\u0433\u0438\u043d\u0430\u043b\u044c\u043d\u044b\u0439 \u0434\u0438\u0437\u0430\u0439\u043d \u043f\u043e\u0440\u0430\u0434\u0443\u0435\u0442 \u0432\u0430\u0448\u0435\u0433\u043e \u0440\u0435\u0431\u0435\u043d\u043a\u0430, \u0430 \u043c\u044f\u0433\u043a\u0438\u0439 \u0444\u043b\u0438\u0441\u043e\u0432\u044b\u0439 \u043c\u0430\u0442\u0435\u0440\u0438\u0430\u043b \u0433\u0430\u0440\u0430\u043d\u0442\u0438\u0440\u0443\u0435\u0442 \u043a\u043e\u043c\u0444\u043e\u0440\u0442\u043d\u044b\u0439 \u0441\u043e\u043d \u0432 \u0434\u043e\u0440\u043e\u0433\u0435. \u0412\u043d\u0443\u0442\u0440\u0438 \u043f\u043e\u0434\u0443\u0448\u043a\u0438 &#8212; \u043c\u0438\u043a\u0440\u043e\u0433\u0440\u0430\u043d\u0443\u043b\u044b \u043f\u043e\u043b\u0438\u0441\u0442\u0438\u0440\u043e\u043b\u0430, \u043a\u043e\u0442\u043e\u0440\u044b\u0435 \u043e\u0431\u0435\u0441\u043f\u0435\u0447\u0438\u0432\u0430\u044e\u0442 \u0445\u043e\u0440\u043e\u0448\u0443\u044e \u043f\u043e\u0434\u0434\u0435\u0440\u0436\u043a\u0443. \u0415\u0441\u0442\u044c \u043c\u0430\u0433\u043d\u0438\u0442\u043d\u0430\u044f \u0437\u0430\u0441\u0442\u0435\u0436\u043a\u0430 [&hellip;]<\/p>\n","protected":false},"featured_media":76863,"comment_status":"open","ping_status":"closed","template":"","meta":{"_acf_changed":false,"inline_featured_image":false},"product_brand":[1476],"product_cat":[207],"product_tag":[],"class_list":{"0":"post-76278","1":"product","2":"type-product","3":"status-publish","4":"has-post-thumbnail","6":"product_brand-littlelife","7":"product_cat-pillows-headrests","9":"first","10":"instock","11":"shipping-taxable","12":"purchasable","13":"product-type-simple"},"acf":[],"yoast_head":"<!-- This site is optimized with the Yoast SEO plugin v27.2 - https:\/\/yoast.com\/product\/yoast-seo-wordpress\/ -->\n<title>\u041f\u043e\u0434\u0443\u0448\u043a\u0430 LittleLife Animal Snooze Unicorn - \u041c\u0430\u0433\u0430\u0437\u0438\u043d Xstyle<\/title>\n<meta name=\"description\" content=\"\u041a\u0443\u043f\u0438\u0442\u0435 \u043f\u043e\u0434\u0443\u0448\u043a\u0443 LittleLife Animal Snooze Unicorn. \u041a\u043e\u043c\u043f\u0430\u043a\u0442\u043d\u044b\u0435 \u0440\u0430\u0437\u043c\u0435\u0440\u044b 22x22x6 \u0441\u043c, \u0438\u0434\u0435\u0430\u043b\u044c\u043d\u0430 \u0434\u043b\u044f \u043a\u043e\u043c\u0444\u043e\u0440\u0442\u043d\u043e\u0433\u043e \u0441\u043d\u0430 \u0438 \u0438\u0433\u0440. \u0423\u044e\u0442 \u0438 \u0441\u0442\u0438\u043b\u044c \u0434\u043b\u044f \u0432\u0430\u0448\u0435\u0433\u043e \u043c\u0430\u043b\u044b\u0448\u0430!\" \/>\n<meta name=\"robots\" content=\"index, follow, max-snippet:-1, max-image-preview:large, max-video-preview:-1\" \/>\n<link rel=\"canonical\" href=\"https:\/\/xstyle.md\/ro\/produs\/podushka-littlelife-animal-snooze-unicorn\/\" \/>\n<meta property=\"og:locale\" content=\"ro_RO\" \/>\n<meta property=\"og:type\" content=\"article\" \/>\n<meta property=\"og:title\" content=\"\u041f\u043e\u0434\u0443\u0448\u043a\u0430 LittleLife Animal Snooze Unicorn - \u041c\u0430\u0433\u0430\u0437\u0438\u043d Xstyle\" \/>\n<meta property=\"og:description\" content=\"\u041a\u0443\u043f\u0438\u0442\u0435 \u043f\u043e\u0434\u0443\u0448\u043a\u0443 LittleLife Animal Snooze Unicorn. \u041a\u043e\u043c\u043f\u0430\u043a\u0442\u043d\u044b\u0435 \u0440\u0430\u0437\u043c\u0435\u0440\u044b 22x22x6 \u0441\u043c, \u0438\u0434\u0435\u0430\u043b\u044c\u043d\u0430 \u0434\u043b\u044f \u043a\u043e\u043c\u0444\u043e\u0440\u0442\u043d\u043e\u0433\u043e \u0441\u043d\u0430 \u0438 \u0438\u0433\u0440. \u0423\u044e\u0442 \u0438 \u0441\u0442\u0438\u043b\u044c \u0434\u043b\u044f \u0432\u0430\u0448\u0435\u0433\u043e \u043c\u0430\u043b\u044b\u0448\u0430!\" \/>\n<meta property=\"og:url\" content=\"https:\/\/xstyle.md\/ro\/produs\/podushka-littlelife-animal-snooze-unicorn\/\" \/>\n<meta property=\"og:site_name\" content=\"\u041c\u0430\u0433\u0430\u0437\u0438\u043d Xstyle\" \/>\n<meta property=\"article:publisher\" content=\"https:\/\/www.facebook.com\/xstylemd\" \/>\n<meta property=\"article:modified_time\" content=\"2025-07-03T15:23:31+00:00\" \/>\n<meta property=\"og:image\" content=\"https:\/\/xstyle.md\/wp-content\/uploads\/2023\/11\/littlelife-animal-snooze-unicorn.jpg\" \/>\n\t<meta property=\"og:image:width\" content=\"1000\" \/>\n\t<meta property=\"og:image:height\" content=\"1000\" \/>\n\t<meta property=\"og:image:type\" content=\"image\/jpeg\" \/>\n<meta name=\"twitter:card\" content=\"summary_large_image\" \/>\n<meta name=\"twitter:label1\" content=\"Pre\u021b\" \/>\n\t<meta name=\"twitter:data1\" content=\"470&nbsp;MDL\" \/>\n\t<meta name=\"twitter:label2\" content=\"Disponibilitate\" \/>\n\t<meta name=\"twitter:data2\" content=\"\u00cen stoc\" \/>\n<script type=\"application\/ld+json\" class=\"yoast-schema-graph\">{\"@context\":\"https:\/\/schema.org\",\"@graph\":[{\"@type\":\"WebPage\",\"@id\":\"https:\/\/xstyle.md\/product\/podushka-littlelife-animal-snooze-unicorn\/\",\"url\":\"https:\/\/xstyle.md\/product\/podushka-littlelife-animal-snooze-unicorn\/\",\"name\":\"\u041f\u043e\u0434\u0443\u0448\u043a\u0430 LittleLife Animal Snooze Unicorn - \u041c\u0430\u0433\u0430\u0437\u0438\u043d Xstyle\",\"isPartOf\":{\"@id\":\"https:\/\/xstyle.md\/#website\"},\"primaryImageOfPage\":{\"@id\":\"https:\/\/xstyle.md\/product\/podushka-littlelife-animal-snooze-unicorn\/#primaryimage\"},\"image\":{\"@id\":\"https:\/\/xstyle.md\/product\/podushka-littlelife-animal-snooze-unicorn\/#primaryimage\"},\"thumbnailUrl\":\"https:\/\/xstyle.md\/wp-content\/uploads\/2023\/11\/littlelife-animal-snooze-unicorn.jpg\",\"datePublished\":\"2023-11-29T10:48:08+00:00\",\"dateModified\":\"2025-07-03T15:23:31+00:00\",\"description\":\"\u041a\u0443\u043f\u0438\u0442\u0435 \u043f\u043e\u0434\u0443\u0448\u043a\u0443 LittleLife Animal Snooze Unicorn. \u041a\u043e\u043c\u043f\u0430\u043a\u0442\u043d\u044b\u0435 \u0440\u0430\u0437\u043c\u0435\u0440\u044b 22x22x6 \u0441\u043c, \u0438\u0434\u0435\u0430\u043b\u044c\u043d\u0430 \u0434\u043b\u044f \u043a\u043e\u043c\u0444\u043e\u0440\u0442\u043d\u043e\u0433\u043e \u0441\u043d\u0430 \u0438 \u0438\u0433\u0440. \u0423\u044e\u0442 \u0438 \u0441\u0442\u0438\u043b\u044c \u0434\u043b\u044f \u0432\u0430\u0448\u0435\u0433\u043e \u043c\u0430\u043b\u044b\u0448\u0430!\",\"breadcrumb\":{\"@id\":\"https:\/\/xstyle.md\/product\/podushka-littlelife-animal-snooze-unicorn\/#breadcrumb\"},\"inLanguage\":\"ro-RO\",\"potentialAction\":[{\"@type\":\"ReadAction\",\"target\":[\"https:\/\/xstyle.md\/product\/podushka-littlelife-animal-snooze-unicorn\/\"]}]},{\"@type\":\"ImageObject\",\"inLanguage\":\"ro-RO\",\"@id\":\"https:\/\/xstyle.md\/product\/podushka-littlelife-animal-snooze-unicorn\/#primaryimage\",\"url\":\"https:\/\/xstyle.md\/wp-content\/uploads\/2023\/11\/littlelife-animal-snooze-unicorn.jpg\",\"contentUrl\":\"https:\/\/xstyle.md\/wp-content\/uploads\/2023\/11\/littlelife-animal-snooze-unicorn.jpg\",\"width\":1000,\"height\":1000,\"caption\":\"\u043f\u043e\u0434\u0443\u0448\u043a\u0430 LittleLife Animal Snooze Unicorn \u0434\u043b\u044f \u0430\u043a\u0442\u0438\u0432\u043d\u043e\u0433\u043e \u043e\u0442\u0434\u044b\u0445\u0430, \u043f\u0440\u043e\u0433\u0443\u043b\u043e\u043a \u0438 \u043f\u0443\u0442\u0435\u0448\u0435\u0441\u0442\u0432\u0438\u0439, \u043a\u043e\u043c\u0444\u043e\u0440\u0442\u043d\u0430\u044f \u043f\u043e\u0434\u0443\u0448\u043a\u0430 \u0434\u043b\u044f \u043f\u043e\u0445\u043e\u0434\u043e\u0432 \u0438 \u0430\u043b\u044c\u043f\u0438\u043d\u0438\u0437\u043c\u0430, \u0443\u0434\u043e\u0431\u043d\u0430\u044f \u044d\u043a\u0438\u043f\u0438\u0440\u043e\u0432\u043a\u0430 \u0434\u043b\u044f \u043b\u044e\u0431\u0438\u0442\u0435\u043b\u0435\u0439 \u0430\u043a\u0442\u0438\u0432\u043d\u043e\u0433\u043e \u043e\u0431\u0440\u0430\u0437\u0430 \u0436\u0438\u0437\u043d\u0438\"},{\"@type\":\"BreadcrumbList\",\"@id\":\"https:\/\/xstyle.md\/product\/podushka-littlelife-animal-snooze-unicorn\/#breadcrumb\",\"itemListElement\":[{\"@type\":\"ListItem\",\"position\":1,\"name\":\"\u0413\u043b\u0430\u0432\u043d\u0430\u044f \u0441\u0442\u0440\u0430\u043d\u0438\u0446\u0430\",\"item\":\"https:\/\/xstyle.md\/\"},{\"@type\":\"ListItem\",\"position\":2,\"name\":\"\u041c\u0430\u0433\u0430\u0437\u0438\u043d\",\"item\":\"https:\/\/xstyle.md\/shop\/\"},{\"@type\":\"ListItem\",\"position\":3,\"name\":\"\u041f\u043e\u0434\u0443\u0448\u043a\u0430 LittleLife Animal Snooze Unicorn\"}]},{\"@type\":\"WebSite\",\"@id\":\"https:\/\/xstyle.md\/#website\",\"url\":\"https:\/\/xstyle.md\/\",\"name\":\"\u041c\u0430\u0433\u0430\u0437\u0438\u043d Xstyle\",\"description\":\"C\u043d\u0430\u0440\u044f\u0436\u0435\u043d\u0438\u0435 \u0434\u043b\u044f \u0442\u0443\u0440\u0438\u0437\u043c\u0430 \u0438 \u044d\u043a\u0441\u0442\u0440\u0435\u043c\u0430\u043b\u044c\u043d\u044b\u0445 \u0432\u0438\u0434\u043e\u0432 \u0441\u043f\u043e\u0440\u0442\u0430 \u0432 \u041c\u043e\u043b\u0434\u043e\u0432\u0435.. \u0426\u0435\u043d\u044b, \u0444\u043e\u0442\u043e, \u0445\u0430\u0440\u0430\u043a\u0442\u0435\u0440\u0438\u0441\u0442\u0438\u043a\u0438 \u0432 \u041c\u043e\u043b\u0434\u043e\u0432\u0435.\",\"publisher\":{\"@id\":\"https:\/\/xstyle.md\/#organization\"},\"alternateName\":\"X-Style\",\"potentialAction\":[{\"@type\":\"SearchAction\",\"target\":{\"@type\":\"EntryPoint\",\"urlTemplate\":\"https:\/\/xstyle.md\/?s={search_term_string}\"},\"query-input\":{\"@type\":\"PropertyValueSpecification\",\"valueRequired\":true,\"valueName\":\"search_term_string\"}}],\"inLanguage\":\"ro-RO\"},{\"@type\":\"Organization\",\"@id\":\"https:\/\/xstyle.md\/#organization\",\"name\":\"\u041c\u0430\u0433\u0430\u0437\u0438\u043d Xstyle\",\"alternateName\":\"x-style\",\"url\":\"https:\/\/xstyle.md\/\",\"logo\":{\"@type\":\"ImageObject\",\"inLanguage\":\"ro-RO\",\"@id\":\"https:\/\/xstyle.md\/#\/schema\/logo\/image\/\",\"url\":\"https:\/\/xstyle.md\/wp-content\/uploads\/2020\/06\/logoicon.svg\",\"contentUrl\":\"https:\/\/xstyle.md\/wp-content\/uploads\/2020\/06\/logoicon.svg\",\"caption\":\"\u041c\u0430\u0433\u0430\u0437\u0438\u043d Xstyle\"},\"image\":{\"@id\":\"https:\/\/xstyle.md\/#\/schema\/logo\/image\/\"},\"sameAs\":[\"https:\/\/www.facebook.com\/xstylemd\",\"https:\/\/www.instagram.com\/xstyle_md\/\",\"https:\/\/t.me\/xstyle_outdoor\"],\"hasMerchantReturnPolicy\":{\"@type\":\"MerchantReturnPolicy\",\"merchantReturnLink\":\"https:\/\/xstyle.md\/ro\/conditions\/\"}}]}<\/script>\n<meta property=\"product:price:amount\" content=\"470.00\" \/>\n<meta property=\"product:price:currency\" content=\"MDL\" \/>\n<meta property=\"og:availability\" content=\"instock\" \/>\n<meta property=\"product:availability\" content=\"instock\" \/>\n<meta property=\"product:retailer_item_id\" content=\"5031863129138\" \/>\n<meta property=\"product:condition\" content=\"new\" \/>\n<!-- \/ Yoast SEO plugin. -->","yoast_head_json":{"title":"LittleLife Animal Snooze Unicorn Pillow - Magazin Xstyle","description":"Cump\u0103ra\u021bi perna LittleLife Animal Snooze Unicorn. Dimensiuni compacte de 22x22x6 cm, ideal\u0103 pentru un somn confortabil \u0219i joac\u0103. Komfort \u0219i stil pentru micu\u021bul dvs.!","robots":{"index":"index","follow":"follow","max-snippet":"max-snippet:-1","max-image-preview":"max-image-preview:large","max-video-preview":"max-video-preview:-1"},"canonical":"https:\/\/xstyle.md\/ro\/produs\/podushka-littlelife-animal-snooze-unicorn\/","og_locale":"ro_RO","og_type":"article","og_title":"\u041f\u043e\u0434\u0443\u0448\u043a\u0430 LittleLife Animal Snooze Unicorn - \u041c\u0430\u0433\u0430\u0437\u0438\u043d Xstyle","og_description":"\u041a\u0443\u043f\u0438\u0442\u0435 \u043f\u043e\u0434\u0443\u0448\u043a\u0443 LittleLife Animal Snooze Unicorn. \u041a\u043e\u043c\u043f\u0430\u043a\u0442\u043d\u044b\u0435 \u0440\u0430\u0437\u043c\u0435\u0440\u044b 22x22x6 \u0441\u043c, \u0438\u0434\u0435\u0430\u043b\u044c\u043d\u0430 \u0434\u043b\u044f \u043a\u043e\u043c\u0444\u043e\u0440\u0442\u043d\u043e\u0433\u043e \u0441\u043d\u0430 \u0438 \u0438\u0433\u0440. \u0423\u044e\u0442 \u0438 \u0441\u0442\u0438\u043b\u044c \u0434\u043b\u044f \u0432\u0430\u0448\u0435\u0433\u043e \u043c\u0430\u043b\u044b\u0448\u0430!","og_url":"https:\/\/xstyle.md\/ro\/produs\/podushka-littlelife-animal-snooze-unicorn\/","og_site_name":"\u041c\u0430\u0433\u0430\u0437\u0438\u043d Xstyle","article_publisher":"https:\/\/www.facebook.com\/xstylemd","article_modified_time":"2025-07-03T15:23:31+00:00","og_image":[{"width":1000,"height":1000,"url":"https:\/\/xstyle.md\/wp-content\/uploads\/2023\/11\/littlelife-animal-snooze-unicorn.jpg","type":"image\/jpeg"}],"twitter_card":"summary_large_image","twitter_misc":{"Pre\u021b":"470&nbsp;MDL","Disponibilitate":"\u00cen stoc"},"schema":{"@context":"https:\/\/schema.org","@graph":[{"@type":"WebPage","@id":"https:\/\/xstyle.md\/product\/podushka-littlelife-animal-snooze-unicorn\/","url":"https:\/\/xstyle.md\/product\/podushka-littlelife-animal-snooze-unicorn\/","name":"LittleLife Animal Snooze Unicorn Pillow - Magazin Xstyle","isPartOf":{"@id":"https:\/\/xstyle.md\/#website"},"primaryImageOfPage":{"@id":"https:\/\/xstyle.md\/product\/podushka-littlelife-animal-snooze-unicorn\/#primaryimage"},"image":{"@id":"https:\/\/xstyle.md\/product\/podushka-littlelife-animal-snooze-unicorn\/#primaryimage"},"thumbnailUrl":"https:\/\/xstyle.md\/wp-content\/uploads\/2023\/11\/littlelife-animal-snooze-unicorn.jpg","datePublished":"2023-11-29T10:48:08+00:00","dateModified":"2025-07-03T15:23:31+00:00","description":"Cump\u0103ra\u021bi perna LittleLife Animal Snooze Unicorn. Dimensiuni compacte de 22x22x6 cm, ideal\u0103 pentru un somn confortabil \u0219i joac\u0103. Komfort \u0219i stil pentru micu\u021bul dvs.!","breadcrumb":{"@id":"https:\/\/xstyle.md\/product\/podushka-littlelife-animal-snooze-unicorn\/#breadcrumb"},"inLanguage":"ro-RO","potentialAction":[{"@type":"ReadAction","target":["https:\/\/xstyle.md\/product\/podushka-littlelife-animal-snooze-unicorn\/"]}]},{"@type":"ImageObject","inLanguage":"ro-RO","@id":"https:\/\/xstyle.md\/product\/podushka-littlelife-animal-snooze-unicorn\/#primaryimage","url":"https:\/\/xstyle.md\/wp-content\/uploads\/2023\/11\/littlelife-animal-snooze-unicorn.jpg","contentUrl":"https:\/\/xstyle.md\/wp-content\/uploads\/2023\/11\/littlelife-animal-snooze-unicorn.jpg","width":1000,"height":1000,"caption":"\u043f\u043e\u0434\u0443\u0448\u043a\u0430 LittleLife Animal Snooze Unicorn \u0434\u043b\u044f \u0430\u043a\u0442\u0438\u0432\u043d\u043e\u0433\u043e \u043e\u0442\u0434\u044b\u0445\u0430, \u043f\u0440\u043e\u0433\u0443\u043b\u043e\u043a \u0438 \u043f\u0443\u0442\u0435\u0448\u0435\u0441\u0442\u0432\u0438\u0439, \u043a\u043e\u043c\u0444\u043e\u0440\u0442\u043d\u0430\u044f \u043f\u043e\u0434\u0443\u0448\u043a\u0430 \u0434\u043b\u044f \u043f\u043e\u0445\u043e\u0434\u043e\u0432 \u0438 \u0430\u043b\u044c\u043f\u0438\u043d\u0438\u0437\u043c\u0430, \u0443\u0434\u043e\u0431\u043d\u0430\u044f \u044d\u043a\u0438\u043f\u0438\u0440\u043e\u0432\u043a\u0430 \u0434\u043b\u044f \u043b\u044e\u0431\u0438\u0442\u0435\u043b\u0435\u0439 \u0430\u043a\u0442\u0438\u0432\u043d\u043e\u0433\u043e \u043e\u0431\u0440\u0430\u0437\u0430 \u0436\u0438\u0437\u043d\u0438"},{"@type":"BreadcrumbList","@id":"https:\/\/xstyle.md\/product\/podushka-littlelife-animal-snooze-unicorn\/#breadcrumb","itemListElement":[{"@type":"ListItem","position":1,"name":"\u0413\u043b\u0430\u0432\u043d\u0430\u044f \u0441\u0442\u0440\u0430\u043d\u0438\u0446\u0430","item":"https:\/\/xstyle.md\/"},{"@type":"ListItem","position":2,"name":"\u041c\u0430\u0433\u0430\u0437\u0438\u043d","item":"https:\/\/xstyle.md\/shop\/"},{"@type":"ListItem","position":3,"name":"\u041f\u043e\u0434\u0443\u0448\u043a\u0430 LittleLife Animal Snooze Unicorn"}]},{"@type":"WebSite","@id":"https:\/\/xstyle.md\/#website","url":"https:\/\/xstyle.md\/","name":"Magazinul X-Style","description":"Echipamente pentru turism \u0219i sporturi extreme \u00een Moldova. Pre\u021buri, fotografii, caracteristici \u00een Moldova.","publisher":{"@id":"https:\/\/xstyle.md\/#organization"},"alternateName":"X-Style","potentialAction":[{"@type":"SearchAction","target":{"@type":"EntryPoint","urlTemplate":"https:\/\/xstyle.md\/?s={search_term_string}"},"query-input":{"@type":"PropertyValueSpecification","valueRequired":true,"valueName":"search_term_string"}}],"inLanguage":"ro-RO"},{"@type":"Organization","@id":"https:\/\/xstyle.md\/#organization","name":"Magazinul X-Style","alternateName":"x-style","url":"https:\/\/xstyle.md\/","logo":{"@type":"ImageObject","inLanguage":"ro-RO","@id":"https:\/\/xstyle.md\/#\/schema\/logo\/image\/","url":"https:\/\/xstyle.md\/wp-content\/uploads\/2020\/06\/logoicon.svg","contentUrl":"https:\/\/xstyle.md\/wp-content\/uploads\/2020\/06\/logoicon.svg","caption":"\u041c\u0430\u0433\u0430\u0437\u0438\u043d Xstyle"},"image":{"@id":"https:\/\/xstyle.md\/#\/schema\/logo\/image\/"},"sameAs":["https:\/\/www.facebook.com\/xstylemd","https:\/\/www.instagram.com\/xstyle_md\/","https:\/\/t.me\/xstyle_outdoor"],"hasMerchantReturnPolicy":{"@type":"MerchantReturnPolicy","merchantReturnLink":"https:\/\/xstyle.md\/ro\/conditions\/"}}]},"product_price_amount":"470.00","product_price_currency":"MDL","og_availability":"instock","product_availability":"instock","product_retailer_item_id":"5031863129138","product_condition":"new"},"post_mailing_queue_ids":[],"_links":{"self":[{"href":"https:\/\/xstyle.md\/ro\/wp-json\/wp\/v2\/product\/76278","targetHints":{"allow":["GET"]}}],"collection":[{"href":"https:\/\/xstyle.md\/ro\/wp-json\/wp\/v2\/product"}],"about":[{"href":"https:\/\/xstyle.md\/ro\/wp-json\/wp\/v2\/types\/product"}],"replies":[{"embeddable":true,"href":"https:\/\/xstyle.md\/ro\/wp-json\/wp\/v2\/comments?post=76278"}],"wp:featuredmedia":[{"embeddable":true,"href":"https:\/\/xstyle.md\/ro\/wp-json\/wp\/v2\/media\/76863"}],"wp:attachment":[{"href":"https:\/\/xstyle.md\/ro\/wp-json\/wp\/v2\/media?parent=76278"}],"wp:term":[{"taxonomy":"product_brand","embeddable":true,"href":"https:\/\/xstyle.md\/ro\/wp-json\/wp\/v2\/product_brand?post=76278"},{"taxonomy":"product_cat","embeddable":true,"href":"https:\/\/xstyle.md\/ro\/wp-json\/wp\/v2\/product_cat?post=76278"},{"taxonomy":"product_tag","embeddable":true,"href":"https:\/\/xstyle.md\/ro\/wp-json\/wp\/v2\/product_tag?post=76278"}],"curies":[{"name":"wp","href":"https:\/\/api.w.org\/{rel}","templated":true}]}}