{"id":76272,"date":"2023-11-29T13:48:01","date_gmt":"2023-11-29T10:48:01","guid":{"rendered":"https:\/\/xstyle.md\/?post_type=product&#038;p=76272"},"modified":"2026-04-07T15:27:08","modified_gmt":"2026-04-07T12:27:08","slug":"ochki-julbo-shield-black-orange-rv-hm2-4","status":"publish","type":"product","link":"https:\/\/xstyle.md\/ro\/produs\/ochki-julbo-shield-black-orange-rv-hm2-4\/","title":{"rendered":"Ochelari Julbo Shield Black Orange RV HM2-4"},"content":{"rendered":"<\/p>\n<p><strong>Julbo Shield Black Orange RV HM2-4<\/strong> &#8212; un model foarte u\u0219or, elegant \u0219i fiabil pentru munte. Ace\u0219ti ochelari de soare sunt special concepu\u021bi pentru femei, dar sunt potrivi\u021bi \u0219i pentru b\u0103rba\u021bi. Acestea vor fi utile \u00een timpul drume\u021biilor montane, trekking-ului, c\u0103l\u0103toriilor, precum \u0219i pentru utilizarea zilnic\u0103 \u00een ora\u0219. Lentilele modelului sunt fabricate dintr-un material special, care este extrem de rezistent la \u0219ocuri \u0219i deterior\u0103ri mecanice.<\/p>\n<h3>Particularit\u0103\u021bi<\/h3>\n<ul>\n<li>Lentilele se \u00eentunec\u0103 sau se deschid \u00een func\u021bie de schimbarea condi\u021biilor de lumin\u0103<\/li>\n<li>Lentilele polarizate elimin\u0103 str\u0103lucirea pe suprafe\u021bele oglinzilor \u0219i ofer\u0103 protec\u021bie maxim\u0103<\/li>\n<li>Lentilele se adapteaz\u0103 la schimb\u0103rile de str\u0103lucire \u0219i de expunere<\/li>\n<li>Prin polarizare pute\u021bi vedea perfect terenul<\/li>\n<li>Ideal pentru condi\u021bii vizuale extreme (nu numai \u00een mun\u021bi, ci \u0219i \u00een de\u0219ert sau \u00een timpul antrenamentelor) ci \u0219i \u00een de\u0219ert sau \u00een timpul navig\u0103rii).<\/li>\n<li>Viziune cu unghi larg<\/li>\n<li>Suporturile ochelarilor sunt curbate: acest design ergonomic asigur\u0103 o fixare confortabil\u0103 \u0219i sigur\u0103.<\/li>\n<li>P\u0103r\u021bile laterale ale ochelarilor au scuturi deta\u0219abile din \u021bes\u0103tur\u0103, care sunt moi la atingere \u0219i ofer\u0103 o senza\u021bie pl\u0103cut\u0103 (la contactul cu ochelarii).<br \/>\nsenza\u021bie pl\u0103cut\u0103 (f\u0103r\u0103 irita\u021bii ale pielii).<\/li>\n<li>Este prev\u0103zut cu un cablu de ata\u0219are<\/li>\n<li>Setul include un cordon, care poate fi reglat \u00een lungime, este necesar pentru siguran\u021ba \u0219i men\u021binerea ochelarilor<\/li>\n<li>Material flexibil de amortizare \u00een zona nasului pentru un confort sporit<\/li>\n<li>Ventila\u021bie \u00eencorporat\u0103 complet\u0103: ochelarii asigur\u0103 o circula\u021bie complet\u0103 a aerului pentru a preveni aburirea<\/li>\n<\/ul>\n<h3>Caracteristici<\/h3>\n<ul>\n<li>Lentile &#8212; Reactiv High Mountain 2-4<\/li>\n<li>Categoria de protec\u021bie: 2-4 (5-20% transmisie a luminii)<\/li>\n<li>L\u0103\u021bimea lentilelor &#8212; 54 mm<\/li>\n<li>Lungimea lan\u021bului &#8212; 130 mm<\/li>\n<li>Suport &#8212; 17 mm<\/li>\n<li>Scop &#8212; activit\u0103\u021bi \u00een aer liber \/ alpinism<\/li>\n<li>Model &#8212; unisex<\/li>\n<\/ul>\n<h3>Tehnologie<\/h3>\n<ul>\n<li><strong>Reactiv High Mountain<\/strong> &#8212; sunt lentile fotocromice \u0219i polarizate cu categorii de protec\u021bie 2-4. Acestea sunt capabile s\u0103 se adapteze la modul \u00een care se schimb\u0103 lumina. Acest lucru este ideal pentru schi, drume\u021bii \u0219i alpinism. Lentilele sunt oleofobe la exterior \u0219i au un strat anticearc\u0103n la interior.<\/li>\n<li><b>Total Cover<\/b> &#8212; protec\u021bie maxim\u0103 \u00een condi\u021bii extreme de lumin\u0103 solar\u0103.<\/li>\n<li><strong>Grip Tech<\/strong> \u2013 material exclusiv moale pe t\u00e2mple, care nu se lipe\u0219te de p\u0103r, oferind suport \u0219i confort absolut.<\/li>\n<li><strong>Air Flow<\/strong> \u2013 ventila\u021bie \u00eencorporat\u0103 \u00een cadru pentru o bun\u0103 circula\u021bie a aerului \u0219i pentru a preveni aburirea.<\/li>\n<\/ul>\n<h3>Marca<\/h3>\n<p>Julbo este un brand francez de renume mondial care produce ochelari sport de \u00eenalt\u0103 calitate, ochelari pentru sporturi de ap\u0103, ochelari pentru alpinism la altitudine mare, m\u0103\u0219ti pentru sporturi de iarn\u0103, c\u0103\u0219ti de schi \u0219i multe altele. Aceast\u0103 companie are o istorie de peste 130 de ani, iar \u00een acest timp s-a dezvoltat de la o mic\u0103 firm\u0103 de familie la un juc\u0103tor important pe pia\u021ba global\u0103. Julbo a devenit un adev\u0103rat expert \u0219i un punct de referin\u021b\u0103 \u00een dezvoltarea de optic\u0103 pentru utilizare \u00een condi\u021bii extreme. Experien\u021ba acumulat\u0103 de-a lungul anilor, tehnologiile inovatoare \u0219i cooperarea cu sportivii au dus la o gam\u0103 larg\u0103 de produse care au c\u00e2\u0219tigat o mare popularitate \u00een \u00eentreaga lume.<\/p>\n<p><\/p>","protected":false},"excerpt":{"rendered":"","protected":false},"featured_media":76869,"comment_status":"open","ping_status":"closed","template":"","meta":{"_acf_changed":false,"inline_featured_image":false},"product_brand":[1294],"product_cat":[238],"product_tag":[],"class_list":{"0":"post-76272","1":"product","2":"type-product","3":"status-publish","4":"has-post-thumbnail","6":"product_brand-julbo","7":"product_cat-sunglasses-julbo","9":"first","10":"outofstock","11":"shipping-taxable","12":"product-type-simple"},"acf":[],"yoast_head":"<!-- This site is optimized with the Yoast SEO plugin v27.2 - https:\/\/yoast.com\/product\/yoast-seo-wordpress\/ -->\n<title>\u041e\u0447\u043a\u0438 Julbo Shield Black Orange RV HM2-4 - \u041c\u0430\u0433\u0430\u0437\u0438\u043d Xstyle<\/title>\n<meta name=\"description\" content=\"\u041e\u0447\u043a\u0438 Julbo Shield Black Orange RV HM2-4: \u043b\u0435\u0433\u043a\u0438\u0435 \u0438 \u0441\u0442\u0438\u043b\u044c\u043d\u044b\u0435, \u0438\u0434\u0435\u0430\u043b\u044c\u043d\u044b\u0435 \u0434\u043b\u044f \u0436\u0435\u043d\u0449\u0438\u043d \u0438 \u043c\u0443\u0436\u0447\u0438\u043d. \u0417\u0430\u0449\u0438\u0442\u0430 \u043e\u0442 \u0441\u043e\u043b\u043d\u0446\u0430, \u043a\u043e\u043c\u0444\u043e\u0440\u0442 \u0438 \u043d\u0430\u0434\u0435\u0436\u043d\u043e\u0441\u0442\u044c \u043d\u0430 \u0432\u044b\u0441\u043e\u0442\u0435!\" \/>\n<meta name=\"robots\" content=\"index, follow, max-snippet:-1, max-image-preview:large, max-video-preview:-1\" \/>\n<link rel=\"canonical\" href=\"https:\/\/xstyle.md\/ro\/produs\/ochki-julbo-shield-black-orange-rv-hm2-4\/\" \/>\n<meta property=\"og:locale\" content=\"ro_RO\" \/>\n<meta property=\"og:type\" content=\"article\" \/>\n<meta property=\"og:title\" content=\"\u041e\u0447\u043a\u0438 Julbo Shield Black Orange RV HM2-4 - \u041c\u0430\u0433\u0430\u0437\u0438\u043d Xstyle\" \/>\n<meta property=\"og:description\" content=\"\u041e\u0447\u043a\u0438 Julbo Shield Black Orange RV HM2-4: \u043b\u0435\u0433\u043a\u0438\u0435 \u0438 \u0441\u0442\u0438\u043b\u044c\u043d\u044b\u0435, \u0438\u0434\u0435\u0430\u043b\u044c\u043d\u044b\u0435 \u0434\u043b\u044f \u0436\u0435\u043d\u0449\u0438\u043d \u0438 \u043c\u0443\u0436\u0447\u0438\u043d. \u0417\u0430\u0449\u0438\u0442\u0430 \u043e\u0442 \u0441\u043e\u043b\u043d\u0446\u0430, \u043a\u043e\u043c\u0444\u043e\u0440\u0442 \u0438 \u043d\u0430\u0434\u0435\u0436\u043d\u043e\u0441\u0442\u044c \u043d\u0430 \u0432\u044b\u0441\u043e\u0442\u0435!\" \/>\n<meta property=\"og:url\" content=\"https:\/\/xstyle.md\/ro\/produs\/ochki-julbo-shield-black-orange-rv-hm2-4\/\" \/>\n<meta property=\"og:site_name\" content=\"\u041c\u0430\u0433\u0430\u0437\u0438\u043d Xstyle\" \/>\n<meta property=\"article:publisher\" content=\"https:\/\/www.facebook.com\/xstylemd\" \/>\n<meta property=\"article:modified_time\" content=\"2026-04-07T12:27:08+00:00\" \/>\n<meta property=\"og:image\" content=\"https:\/\/xstyle.md\/wp-content\/uploads\/2023\/11\/julbo-shield-black-orange-rv-hm2-4.jpg\" \/>\n\t<meta property=\"og:image:width\" content=\"645\" \/>\n\t<meta property=\"og:image:height\" content=\"516\" \/>\n\t<meta property=\"og:image:type\" content=\"image\/jpeg\" \/>\n<meta name=\"twitter:card\" content=\"summary_large_image\" \/>\n<meta name=\"twitter:label1\" content=\"Pre\u021b\" \/>\n\t<meta name=\"twitter:data1\" content=\"3.970&nbsp;MDL\" \/>\n\t<meta name=\"twitter:label2\" content=\"Disponibilitate\" \/>\n\t<meta name=\"twitter:data2\" content=\"Stoc epuizat\" \/>\n<script type=\"application\/ld+json\" class=\"yoast-schema-graph\">{\"@context\":\"https:\/\/schema.org\",\"@graph\":[{\"@type\":\"WebPage\",\"@id\":\"https:\/\/xstyle.md\/product\/ochki-julbo-shield-black-orange-rv-hm2-4\/\",\"url\":\"https:\/\/xstyle.md\/product\/ochki-julbo-shield-black-orange-rv-hm2-4\/\",\"name\":\"\u041e\u0447\u043a\u0438 Julbo Shield Black Orange RV HM2-4 - \u041c\u0430\u0433\u0430\u0437\u0438\u043d Xstyle\",\"isPartOf\":{\"@id\":\"https:\/\/xstyle.md\/#website\"},\"primaryImageOfPage\":{\"@id\":\"https:\/\/xstyle.md\/product\/ochki-julbo-shield-black-orange-rv-hm2-4\/#primaryimage\"},\"image\":{\"@id\":\"https:\/\/xstyle.md\/product\/ochki-julbo-shield-black-orange-rv-hm2-4\/#primaryimage\"},\"thumbnailUrl\":\"https:\/\/xstyle.md\/wp-content\/uploads\/2023\/11\/julbo-shield-black-orange-rv-hm2-4.jpg\",\"datePublished\":\"2023-11-29T10:48:01+00:00\",\"dateModified\":\"2026-04-07T12:27:08+00:00\",\"description\":\"\u041e\u0447\u043a\u0438 Julbo Shield Black Orange RV HM2-4: \u043b\u0435\u0433\u043a\u0438\u0435 \u0438 \u0441\u0442\u0438\u043b\u044c\u043d\u044b\u0435, \u0438\u0434\u0435\u0430\u043b\u044c\u043d\u044b\u0435 \u0434\u043b\u044f \u0436\u0435\u043d\u0449\u0438\u043d \u0438 \u043c\u0443\u0436\u0447\u0438\u043d. \u0417\u0430\u0449\u0438\u0442\u0430 \u043e\u0442 \u0441\u043e\u043b\u043d\u0446\u0430, \u043a\u043e\u043c\u0444\u043e\u0440\u0442 \u0438 \u043d\u0430\u0434\u0435\u0436\u043d\u043e\u0441\u0442\u044c \u043d\u0430 \u0432\u044b\u0441\u043e\u0442\u0435!\",\"breadcrumb\":{\"@id\":\"https:\/\/xstyle.md\/product\/ochki-julbo-shield-black-orange-rv-hm2-4\/#breadcrumb\"},\"inLanguage\":\"ro-RO\",\"potentialAction\":[{\"@type\":\"ReadAction\",\"target\":[\"https:\/\/xstyle.md\/product\/ochki-julbo-shield-black-orange-rv-hm2-4\/\"]}]},{\"@type\":\"ImageObject\",\"inLanguage\":\"ro-RO\",\"@id\":\"https:\/\/xstyle.md\/product\/ochki-julbo-shield-black-orange-rv-hm2-4\/#primaryimage\",\"url\":\"https:\/\/xstyle.md\/wp-content\/uploads\/2023\/11\/julbo-shield-black-orange-rv-hm2-4.jpg\",\"contentUrl\":\"https:\/\/xstyle.md\/wp-content\/uploads\/2023\/11\/julbo-shield-black-orange-rv-hm2-4.jpg\",\"width\":645,\"height\":516,\"caption\":\"\u0422\u043e\u043d\u043a\u0438\u0435 \u0441\u043f\u043e\u0440\u0442\u0438\u0432\u043d\u044b\u0435 \u043e\u0447\u043a\u0438 Julbo Shield Black Orange \u0434\u043b\u044f \u0430\u043a\u0442\u0438\u0432\u043d\u043e\u0433\u043e \u043e\u0442\u0434\u044b\u0445\u0430 \u043f\u043e\u0445\u043e\u0434\u043e\u0432 \u043f\u0443\u0442\u0435\u0448\u0435\u0441\u0442\u0432\u0438\u0439 \u0438 \u0433\u043e\u0440\u043d\u044b\u0445 \u0432\u043e\u0441\u0445\u043e\u0436\u0434\u0435\u043d\u0438\u0439 \u0432 \u043e\u043d\u043b\u0430\u0439\u043d \u043c\u0430\u0433\u0430\u0437\u0438\u043d\u0435 \u044d\u043a\u0438\u043f\u0438\u0440\u043e\u0432\u043a\u0438 \u0434\u043b\u044f \u0430\u043a\u0442\u0438\u0432\u043d\u043e\u0439 \u0436\u0438\u0437\u043d\u0438\"},{\"@type\":\"BreadcrumbList\",\"@id\":\"https:\/\/xstyle.md\/product\/ochki-julbo-shield-black-orange-rv-hm2-4\/#breadcrumb\",\"itemListElement\":[{\"@type\":\"ListItem\",\"position\":1,\"name\":\"\u0413\u043b\u0430\u0432\u043d\u0430\u044f \u0441\u0442\u0440\u0430\u043d\u0438\u0446\u0430\",\"item\":\"https:\/\/xstyle.md\/\"},{\"@type\":\"ListItem\",\"position\":2,\"name\":\"\u041c\u0430\u0433\u0430\u0437\u0438\u043d\",\"item\":\"https:\/\/xstyle.md\/shop\/\"},{\"@type\":\"ListItem\",\"position\":3,\"name\":\"\u041e\u0447\u043a\u0438 Julbo Shield Black Orange RV HM2-4\"}]},{\"@type\":\"WebSite\",\"@id\":\"https:\/\/xstyle.md\/#website\",\"url\":\"https:\/\/xstyle.md\/\",\"name\":\"\u041c\u0430\u0433\u0430\u0437\u0438\u043d Xstyle\",\"description\":\"C\u043d\u0430\u0440\u044f\u0436\u0435\u043d\u0438\u0435 \u0434\u043b\u044f \u0442\u0443\u0440\u0438\u0437\u043c\u0430 \u0438 \u044d\u043a\u0441\u0442\u0440\u0435\u043c\u0430\u043b\u044c\u043d\u044b\u0445 \u0432\u0438\u0434\u043e\u0432 \u0441\u043f\u043e\u0440\u0442\u0430 \u0432 \u041c\u043e\u043b\u0434\u043e\u0432\u0435.. \u0426\u0435\u043d\u044b, \u0444\u043e\u0442\u043e, \u0445\u0430\u0440\u0430\u043a\u0442\u0435\u0440\u0438\u0441\u0442\u0438\u043a\u0438 \u0432 \u041c\u043e\u043b\u0434\u043e\u0432\u0435.\",\"publisher\":{\"@id\":\"https:\/\/xstyle.md\/#organization\"},\"alternateName\":\"X-Style\",\"potentialAction\":[{\"@type\":\"SearchAction\",\"target\":{\"@type\":\"EntryPoint\",\"urlTemplate\":\"https:\/\/xstyle.md\/?s={search_term_string}\"},\"query-input\":{\"@type\":\"PropertyValueSpecification\",\"valueRequired\":true,\"valueName\":\"search_term_string\"}}],\"inLanguage\":\"ro-RO\"},{\"@type\":\"Organization\",\"@id\":\"https:\/\/xstyle.md\/#organization\",\"name\":\"\u041c\u0430\u0433\u0430\u0437\u0438\u043d Xstyle\",\"alternateName\":\"x-style\",\"url\":\"https:\/\/xstyle.md\/\",\"logo\":{\"@type\":\"ImageObject\",\"inLanguage\":\"ro-RO\",\"@id\":\"https:\/\/xstyle.md\/#\/schema\/logo\/image\/\",\"url\":\"https:\/\/xstyle.md\/wp-content\/uploads\/2020\/06\/logoicon.svg\",\"contentUrl\":\"https:\/\/xstyle.md\/wp-content\/uploads\/2020\/06\/logoicon.svg\",\"caption\":\"\u041c\u0430\u0433\u0430\u0437\u0438\u043d Xstyle\"},\"image\":{\"@id\":\"https:\/\/xstyle.md\/#\/schema\/logo\/image\/\"},\"sameAs\":[\"https:\/\/www.facebook.com\/xstylemd\",\"https:\/\/www.instagram.com\/xstyle_md\/\",\"https:\/\/t.me\/xstyle_outdoor\"],\"hasMerchantReturnPolicy\":{\"@type\":\"MerchantReturnPolicy\",\"merchantReturnLink\":\"https:\/\/xstyle.md\/ro\/conditions\/\"}}]}<\/script>\n<meta property=\"product:price:amount\" content=\"3970.00\" \/>\n<meta property=\"product:price:currency\" content=\"MDL\" \/>\n<meta property=\"og:availability\" content=\"out of stock\" \/>\n<meta property=\"product:availability\" content=\"out of stock\" \/>\n<meta property=\"product:retailer_item_id\" content=\"3660576188310\" \/>\n<meta property=\"product:condition\" content=\"new\" \/>\n<!-- \/ Yoast SEO plugin. -->","yoast_head_json":{"title":"\u041e\u0447\u043a\u0438 Julbo Shield Black Orange RV HM2-4 - \u041c\u0430\u0433\u0430\u0437\u0438\u043d Xstyle","description":"\u041e\u0447\u043a\u0438 Julbo Shield Black Orange RV HM2-4: \u043b\u0435\u0433\u043a\u0438\u0435 \u0438 \u0441\u0442\u0438\u043b\u044c\u043d\u044b\u0435, \u0438\u0434\u0435\u0430\u043b\u044c\u043d\u044b\u0435 \u0434\u043b\u044f \u0436\u0435\u043d\u0449\u0438\u043d \u0438 \u043c\u0443\u0436\u0447\u0438\u043d. \u0417\u0430\u0449\u0438\u0442\u0430 \u043e\u0442 \u0441\u043e\u043b\u043d\u0446\u0430, \u043a\u043e\u043c\u0444\u043e\u0440\u0442 \u0438 \u043d\u0430\u0434\u0435\u0436\u043d\u043e\u0441\u0442\u044c \u043d\u0430 \u0432\u044b\u0441\u043e\u0442\u0435!","robots":{"index":"index","follow":"follow","max-snippet":"max-snippet:-1","max-image-preview":"max-image-preview:large","max-video-preview":"max-video-preview:-1"},"canonical":"https:\/\/xstyle.md\/ro\/produs\/ochki-julbo-shield-black-orange-rv-hm2-4\/","og_locale":"ro_RO","og_type":"article","og_title":"\u041e\u0447\u043a\u0438 Julbo Shield Black Orange RV HM2-4 - \u041c\u0430\u0433\u0430\u0437\u0438\u043d Xstyle","og_description":"\u041e\u0447\u043a\u0438 Julbo Shield Black Orange RV HM2-4: \u043b\u0435\u0433\u043a\u0438\u0435 \u0438 \u0441\u0442\u0438\u043b\u044c\u043d\u044b\u0435, \u0438\u0434\u0435\u0430\u043b\u044c\u043d\u044b\u0435 \u0434\u043b\u044f \u0436\u0435\u043d\u0449\u0438\u043d \u0438 \u043c\u0443\u0436\u0447\u0438\u043d. \u0417\u0430\u0449\u0438\u0442\u0430 \u043e\u0442 \u0441\u043e\u043b\u043d\u0446\u0430, \u043a\u043e\u043c\u0444\u043e\u0440\u0442 \u0438 \u043d\u0430\u0434\u0435\u0436\u043d\u043e\u0441\u0442\u044c \u043d\u0430 \u0432\u044b\u0441\u043e\u0442\u0435!","og_url":"https:\/\/xstyle.md\/ro\/produs\/ochki-julbo-shield-black-orange-rv-hm2-4\/","og_site_name":"\u041c\u0430\u0433\u0430\u0437\u0438\u043d Xstyle","article_publisher":"https:\/\/www.facebook.com\/xstylemd","article_modified_time":"2026-04-07T12:27:08+00:00","og_image":[{"width":645,"height":516,"url":"https:\/\/xstyle.md\/wp-content\/uploads\/2023\/11\/julbo-shield-black-orange-rv-hm2-4.jpg","type":"image\/jpeg"}],"twitter_card":"summary_large_image","twitter_misc":{"Pre\u021b":"3.970&nbsp;MDL","Disponibilitate":"Stoc epuizat"},"schema":{"@context":"https:\/\/schema.org","@graph":[{"@type":"WebPage","@id":"https:\/\/xstyle.md\/product\/ochki-julbo-shield-black-orange-rv-hm2-4\/","url":"https:\/\/xstyle.md\/product\/ochki-julbo-shield-black-orange-rv-hm2-4\/","name":"\u041e\u0447\u043a\u0438 Julbo Shield Black Orange RV HM2-4 - \u041c\u0430\u0433\u0430\u0437\u0438\u043d Xstyle","isPartOf":{"@id":"https:\/\/xstyle.md\/#website"},"primaryImageOfPage":{"@id":"https:\/\/xstyle.md\/product\/ochki-julbo-shield-black-orange-rv-hm2-4\/#primaryimage"},"image":{"@id":"https:\/\/xstyle.md\/product\/ochki-julbo-shield-black-orange-rv-hm2-4\/#primaryimage"},"thumbnailUrl":"https:\/\/xstyle.md\/wp-content\/uploads\/2023\/11\/julbo-shield-black-orange-rv-hm2-4.jpg","datePublished":"2023-11-29T10:48:01+00:00","dateModified":"2026-04-07T12:27:08+00:00","description":"\u041e\u0447\u043a\u0438 Julbo Shield Black Orange RV HM2-4: \u043b\u0435\u0433\u043a\u0438\u0435 \u0438 \u0441\u0442\u0438\u043b\u044c\u043d\u044b\u0435, \u0438\u0434\u0435\u0430\u043b\u044c\u043d\u044b\u0435 \u0434\u043b\u044f \u0436\u0435\u043d\u0449\u0438\u043d \u0438 \u043c\u0443\u0436\u0447\u0438\u043d. \u0417\u0430\u0449\u0438\u0442\u0430 \u043e\u0442 \u0441\u043e\u043b\u043d\u0446\u0430, \u043a\u043e\u043c\u0444\u043e\u0440\u0442 \u0438 \u043d\u0430\u0434\u0435\u0436\u043d\u043e\u0441\u0442\u044c \u043d\u0430 \u0432\u044b\u0441\u043e\u0442\u0435!","breadcrumb":{"@id":"https:\/\/xstyle.md\/product\/ochki-julbo-shield-black-orange-rv-hm2-4\/#breadcrumb"},"inLanguage":"ro-RO","potentialAction":[{"@type":"ReadAction","target":["https:\/\/xstyle.md\/product\/ochki-julbo-shield-black-orange-rv-hm2-4\/"]}]},{"@type":"ImageObject","inLanguage":"ro-RO","@id":"https:\/\/xstyle.md\/product\/ochki-julbo-shield-black-orange-rv-hm2-4\/#primaryimage","url":"https:\/\/xstyle.md\/wp-content\/uploads\/2023\/11\/julbo-shield-black-orange-rv-hm2-4.jpg","contentUrl":"https:\/\/xstyle.md\/wp-content\/uploads\/2023\/11\/julbo-shield-black-orange-rv-hm2-4.jpg","width":645,"height":516,"caption":"\u0422\u043e\u043d\u043a\u0438\u0435 \u0441\u043f\u043e\u0440\u0442\u0438\u0432\u043d\u044b\u0435 \u043e\u0447\u043a\u0438 Julbo Shield Black Orange \u0434\u043b\u044f \u0430\u043a\u0442\u0438\u0432\u043d\u043e\u0433\u043e \u043e\u0442\u0434\u044b\u0445\u0430 \u043f\u043e\u0445\u043e\u0434\u043e\u0432 \u043f\u0443\u0442\u0435\u0448\u0435\u0441\u0442\u0432\u0438\u0439 \u0438 \u0433\u043e\u0440\u043d\u044b\u0445 \u0432\u043e\u0441\u0445\u043e\u0436\u0434\u0435\u043d\u0438\u0439 \u0432 \u043e\u043d\u043b\u0430\u0439\u043d \u043c\u0430\u0433\u0430\u0437\u0438\u043d\u0435 \u044d\u043a\u0438\u043f\u0438\u0440\u043e\u0432\u043a\u0438 \u0434\u043b\u044f \u0430\u043a\u0442\u0438\u0432\u043d\u043e\u0439 \u0436\u0438\u0437\u043d\u0438"},{"@type":"BreadcrumbList","@id":"https:\/\/xstyle.md\/product\/ochki-julbo-shield-black-orange-rv-hm2-4\/#breadcrumb","itemListElement":[{"@type":"ListItem","position":1,"name":"\u0413\u043b\u0430\u0432\u043d\u0430\u044f \u0441\u0442\u0440\u0430\u043d\u0438\u0446\u0430","item":"https:\/\/xstyle.md\/"},{"@type":"ListItem","position":2,"name":"\u041c\u0430\u0433\u0430\u0437\u0438\u043d","item":"https:\/\/xstyle.md\/shop\/"},{"@type":"ListItem","position":3,"name":"\u041e\u0447\u043a\u0438 Julbo Shield Black Orange RV HM2-4"}]},{"@type":"WebSite","@id":"https:\/\/xstyle.md\/#website","url":"https:\/\/xstyle.md\/","name":"Magazinul X-Style","description":"Echipamente pentru turism \u0219i sporturi extreme \u00een Moldova. Pre\u021buri, fotografii, caracteristici \u00een Moldova.","publisher":{"@id":"https:\/\/xstyle.md\/#organization"},"alternateName":"X-Style","potentialAction":[{"@type":"SearchAction","target":{"@type":"EntryPoint","urlTemplate":"https:\/\/xstyle.md\/?s={search_term_string}"},"query-input":{"@type":"PropertyValueSpecification","valueRequired":true,"valueName":"search_term_string"}}],"inLanguage":"ro-RO"},{"@type":"Organization","@id":"https:\/\/xstyle.md\/#organization","name":"Magazinul X-Style","alternateName":"x-style","url":"https:\/\/xstyle.md\/","logo":{"@type":"ImageObject","inLanguage":"ro-RO","@id":"https:\/\/xstyle.md\/#\/schema\/logo\/image\/","url":"https:\/\/xstyle.md\/wp-content\/uploads\/2020\/06\/logoicon.svg","contentUrl":"https:\/\/xstyle.md\/wp-content\/uploads\/2020\/06\/logoicon.svg","caption":"\u041c\u0430\u0433\u0430\u0437\u0438\u043d Xstyle"},"image":{"@id":"https:\/\/xstyle.md\/#\/schema\/logo\/image\/"},"sameAs":["https:\/\/www.facebook.com\/xstylemd","https:\/\/www.instagram.com\/xstyle_md\/","https:\/\/t.me\/xstyle_outdoor"],"hasMerchantReturnPolicy":{"@type":"MerchantReturnPolicy","merchantReturnLink":"https:\/\/xstyle.md\/ro\/conditions\/"}}]},"product_price_amount":"3970.00","product_price_currency":"MDL","og_availability":"out of stock","product_availability":"out of stock","product_retailer_item_id":"3660576188310","product_condition":"new"},"post_mailing_queue_ids":[],"_links":{"self":[{"href":"https:\/\/xstyle.md\/ro\/wp-json\/wp\/v2\/product\/76272","targetHints":{"allow":["GET"]}}],"collection":[{"href":"https:\/\/xstyle.md\/ro\/wp-json\/wp\/v2\/product"}],"about":[{"href":"https:\/\/xstyle.md\/ro\/wp-json\/wp\/v2\/types\/product"}],"replies":[{"embeddable":true,"href":"https:\/\/xstyle.md\/ro\/wp-json\/wp\/v2\/comments?post=76272"}],"wp:featuredmedia":[{"embeddable":true,"href":"https:\/\/xstyle.md\/ro\/wp-json\/wp\/v2\/media\/76869"}],"wp:attachment":[{"href":"https:\/\/xstyle.md\/ro\/wp-json\/wp\/v2\/media?parent=76272"}],"wp:term":[{"taxonomy":"product_brand","embeddable":true,"href":"https:\/\/xstyle.md\/ro\/wp-json\/wp\/v2\/product_brand?post=76272"},{"taxonomy":"product_cat","embeddable":true,"href":"https:\/\/xstyle.md\/ro\/wp-json\/wp\/v2\/product_cat?post=76272"},{"taxonomy":"product_tag","embeddable":true,"href":"https:\/\/xstyle.md\/ro\/wp-json\/wp\/v2\/product_tag?post=76272"}],"curies":[{"name":"wp","href":"https:\/\/api.w.org\/{rel}","templated":true}]}}