{"id":76253,"date":"2023-11-29T13:47:58","date_gmt":"2023-11-29T10:47:58","guid":{"rendered":"https:\/\/xstyle.md\/?post_type=product&#038;p=76253"},"modified":"2026-02-12T19:58:12","modified_gmt":"2026-02-12T16:58:12","slug":"kreplenie-gopro-boom-universalnoe-s-zazhimom-na-rul","status":"publish","type":"product","link":"https:\/\/xstyle.md\/ro\/produs\/kreplenie-gopro-boom-universalnoe-s-zazhimom-na-rul\/","title":{"rendered":"Suport tip brat GoPro pentru prinderi bara AEXTM-011"},"content":{"rendered":"<\/p>\n<p><strong>Suport tip brat GoPro pentru prinderi bara<\/strong> &#8212; este o construc\u021bie cu mai multe bra\u021be din fibr\u0103 de carbon care poate fi ata\u0219at\u0103 la aproape orice tub, ghidon, cadru sau structur\u0103 tubular\u0103 cu o clem\u0103 special\u0103 \u0219i care poate monta camera \u00een absolut orice unghi. Suportul are \u00eencorporate puncte de pivotare care v\u0103 permit s\u0103 ob\u021bine\u021bi unghiul de care ave\u021bi nevoie. Precum \u0219i \u0219uruburile cu cap hexagonal care \u021bin bra\u021bele \u00een siguran\u021b\u0103. Acesta este un kit de montare care v\u0103 permite s\u0103 monta\u021bi camera GoPro pe orice tub sau cadru. Cu acest kit, pute\u021bi filma \u0219i fotografia aventurile dvs. f\u0103r\u0103 s\u0103 v\u0103 face\u021bi griji c\u0103 aparatul de fotografiat va c\u0103dea sau va fi pe un unghi gre\u0219it. GoPro Boom &#8212; perfect pentru bicicli\u0219ti, motocicli\u0219ti, pasiona\u021bi de ma\u0219ini \u0219i nu numai, suportul GoPro Boom + Bar Mount v\u0103 va ajuta s\u0103 realiza\u021bi film\u0103ri uimitoare \u00een mi\u0219care, captur\u00e2nd toate detaliile aventurii dumneavoastr\u0103.<\/p>\n<p><\/p>","protected":false},"excerpt":{"rendered":"","protected":false},"featured_media":76881,"comment_status":"open","ping_status":"closed","template":"","meta":{"_acf_changed":false,"inline_featured_image":false},"product_brand":[1307],"product_cat":[866],"product_tag":[],"class_list":{"0":"post-76253","1":"product","2":"type-product","3":"status-publish","4":"has-post-thumbnail","6":"product_brand-gopro","7":"product_cat-mounting","9":"first","10":"instock","11":"shipping-taxable","12":"purchasable","13":"product-type-simple"},"acf":[],"yoast_head":"<!-- This site is optimized with the Yoast SEO plugin v27.4 - https:\/\/yoast.com\/product\/yoast-seo-wordpress\/ -->\n<title>\u041a\u0440\u0435\u043f\u043b\u0435\u043d\u0438\u0435 GoPro Boom + \u0441 \u0437\u0430\u0436\u0438\u043c\u043e\u043c \u043d\u0430 \u0440\u0443\u043b\u044c Bar Mount (AEXTM-011) - \u041c\u0430\u0433\u0430\u0437\u0438\u043d Xstyle<\/title>\n<meta name=\"description\" content=\"\u0423\u043d\u0438\u0432\u0435\u0440\u0441\u0430\u043b\u044c\u043d\u043e\u0435 \u043a\u0440\u0435\u043f\u043b\u0435\u043d\u0438\u0435 GoPro Boom \u0441 \u0437\u0430\u0436\u0438\u043c\u043e\u043c \u043d\u0430 \u0440\u0443\u043b\u044c. \u041b\u0435\u0433\u043a\u043e \u0443\u0441\u0442\u0430\u043d\u0430\u0432\u043b\u0438\u0432\u0430\u0435\u0442\u0441\u044f \u043d\u0430 \u043b\u044e\u0431\u0443\u044e \u0442\u0440\u0443\u0431\u043a\u0443 \u0438 \u043f\u043e\u0437\u0432\u043e\u043b\u044f\u0435\u0442 \u043d\u0430\u0441\u0442\u0440\u0430\u0438\u0432\u0430\u0442\u044c \u0443\u0433\u043e\u043b \u0441\u044a\u0435\u043c\u043a\u0438 \u0434\u043b\u044f \u0438\u0434\u0435\u0430\u043b\u044c\u043d\u044b\u0445 \u043a\u0430\u0434\u0440\u043e\u0432!\" \/>\n<meta name=\"robots\" content=\"index, follow, max-snippet:-1, max-image-preview:large, max-video-preview:-1\" \/>\n<link rel=\"canonical\" href=\"https:\/\/xstyle.md\/ro\/produs\/kreplenie-gopro-boom-universalnoe-s-zazhimom-na-rul\/\" \/>\n<meta property=\"og:locale\" content=\"ro_RO\" \/>\n<meta property=\"og:type\" content=\"article\" \/>\n<meta property=\"og:title\" content=\"\u041a\u0440\u0435\u043f\u043b\u0435\u043d\u0438\u0435 GoPro Boom + \u0441 \u0437\u0430\u0436\u0438\u043c\u043e\u043c \u043d\u0430 \u0440\u0443\u043b\u044c Bar Mount (AEXTM-011) - \u041c\u0430\u0433\u0430\u0437\u0438\u043d Xstyle\" \/>\n<meta property=\"og:description\" content=\"\u0423\u043d\u0438\u0432\u0435\u0440\u0441\u0430\u043b\u044c\u043d\u043e\u0435 \u043a\u0440\u0435\u043f\u043b\u0435\u043d\u0438\u0435 GoPro Boom \u0441 \u0437\u0430\u0436\u0438\u043c\u043e\u043c \u043d\u0430 \u0440\u0443\u043b\u044c. \u041b\u0435\u0433\u043a\u043e \u0443\u0441\u0442\u0430\u043d\u0430\u0432\u043b\u0438\u0432\u0430\u0435\u0442\u0441\u044f \u043d\u0430 \u043b\u044e\u0431\u0443\u044e \u0442\u0440\u0443\u0431\u043a\u0443 \u0438 \u043f\u043e\u0437\u0432\u043e\u043b\u044f\u0435\u0442 \u043d\u0430\u0441\u0442\u0440\u0430\u0438\u0432\u0430\u0442\u044c \u0443\u0433\u043e\u043b \u0441\u044a\u0435\u043c\u043a\u0438 \u0434\u043b\u044f \u0438\u0434\u0435\u0430\u043b\u044c\u043d\u044b\u0445 \u043a\u0430\u0434\u0440\u043e\u0432!\" \/>\n<meta property=\"og:url\" content=\"https:\/\/xstyle.md\/ro\/produs\/kreplenie-gopro-boom-universalnoe-s-zazhimom-na-rul\/\" \/>\n<meta property=\"og:site_name\" content=\"\u041c\u0430\u0433\u0430\u0437\u0438\u043d Xstyle\" \/>\n<meta property=\"article:publisher\" content=\"https:\/\/www.facebook.com\/xstylemd\" \/>\n<meta property=\"article:modified_time\" content=\"2026-02-12T16:58:12+00:00\" \/>\n<meta property=\"og:image\" content=\"https:\/\/xstyle.md\/wp-content\/uploads\/2023\/11\/kreplenie-gopro-boom-universalnoe-s-zazhimom-na-rul.jpg\" \/>\n\t<meta property=\"og:image:width\" content=\"1000\" \/>\n\t<meta property=\"og:image:height\" content=\"1000\" \/>\n\t<meta property=\"og:image:type\" content=\"image\/jpeg\" \/>\n<meta name=\"twitter:card\" content=\"summary_large_image\" \/>\n<meta name=\"twitter:label1\" content=\"Pre\u021b\" \/>\n\t<meta name=\"twitter:data1\" content=\"2.890&nbsp;MDL\" \/>\n\t<meta name=\"twitter:label2\" content=\"Disponibilitate\" \/>\n\t<meta name=\"twitter:data2\" content=\"\u00cen stoc\" \/>\n<script type=\"application\/ld+json\" class=\"yoast-schema-graph\">{\"@context\":\"https:\\\/\\\/schema.org\",\"@graph\":[{\"@type\":\"WebPage\",\"@id\":\"https:\\\/\\\/xstyle.md\\\/product\\\/kreplenie-gopro-boom-universalnoe-s-zazhimom-na-rul\\\/\",\"url\":\"https:\\\/\\\/xstyle.md\\\/product\\\/kreplenie-gopro-boom-universalnoe-s-zazhimom-na-rul\\\/\",\"name\":\"\u041a\u0440\u0435\u043f\u043b\u0435\u043d\u0438\u0435 GoPro Boom + \u0441 \u0437\u0430\u0436\u0438\u043c\u043e\u043c \u043d\u0430 \u0440\u0443\u043b\u044c Bar Mount (AEXTM-011) - \u041c\u0430\u0433\u0430\u0437\u0438\u043d Xstyle\",\"isPartOf\":{\"@id\":\"https:\\\/\\\/xstyle.md\\\/#website\"},\"primaryImageOfPage\":{\"@id\":\"https:\\\/\\\/xstyle.md\\\/product\\\/kreplenie-gopro-boom-universalnoe-s-zazhimom-na-rul\\\/#primaryimage\"},\"image\":{\"@id\":\"https:\\\/\\\/xstyle.md\\\/product\\\/kreplenie-gopro-boom-universalnoe-s-zazhimom-na-rul\\\/#primaryimage\"},\"thumbnailUrl\":\"https:\\\/\\\/xstyle.md\\\/wp-content\\\/uploads\\\/2023\\\/11\\\/kreplenie-gopro-boom-universalnoe-s-zazhimom-na-rul.jpg\",\"datePublished\":\"2023-11-29T10:47:58+00:00\",\"dateModified\":\"2026-02-12T16:58:12+00:00\",\"description\":\"\u0423\u043d\u0438\u0432\u0435\u0440\u0441\u0430\u043b\u044c\u043d\u043e\u0435 \u043a\u0440\u0435\u043f\u043b\u0435\u043d\u0438\u0435 GoPro Boom \u0441 \u0437\u0430\u0436\u0438\u043c\u043e\u043c \u043d\u0430 \u0440\u0443\u043b\u044c. \u041b\u0435\u0433\u043a\u043e \u0443\u0441\u0442\u0430\u043d\u0430\u0432\u043b\u0438\u0432\u0430\u0435\u0442\u0441\u044f \u043d\u0430 \u043b\u044e\u0431\u0443\u044e \u0442\u0440\u0443\u0431\u043a\u0443 \u0438 \u043f\u043e\u0437\u0432\u043e\u043b\u044f\u0435\u0442 \u043d\u0430\u0441\u0442\u0440\u0430\u0438\u0432\u0430\u0442\u044c \u0443\u0433\u043e\u043b \u0441\u044a\u0435\u043c\u043a\u0438 \u0434\u043b\u044f \u0438\u0434\u0435\u0430\u043b\u044c\u043d\u044b\u0445 \u043a\u0430\u0434\u0440\u043e\u0432!\",\"breadcrumb\":{\"@id\":\"https:\\\/\\\/xstyle.md\\\/product\\\/kreplenie-gopro-boom-universalnoe-s-zazhimom-na-rul\\\/#breadcrumb\"},\"inLanguage\":\"ro-RO\",\"potentialAction\":[{\"@type\":\"ReadAction\",\"target\":[\"https:\\\/\\\/xstyle.md\\\/product\\\/kreplenie-gopro-boom-universalnoe-s-zazhimom-na-rul\\\/\"]}]},{\"@type\":\"ImageObject\",\"inLanguage\":\"ro-RO\",\"@id\":\"https:\\\/\\\/xstyle.md\\\/product\\\/kreplenie-gopro-boom-universalnoe-s-zazhimom-na-rul\\\/#primaryimage\",\"url\":\"https:\\\/\\\/xstyle.md\\\/wp-content\\\/uploads\\\/2023\\\/11\\\/kreplenie-gopro-boom-universalnoe-s-zazhimom-na-rul.jpg\",\"contentUrl\":\"https:\\\/\\\/xstyle.md\\\/wp-content\\\/uploads\\\/2023\\\/11\\\/kreplenie-gopro-boom-universalnoe-s-zazhimom-na-rul.jpg\",\"width\":1000,\"height\":1000,\"caption\":\"\u041a\u0440\u0435\u043f\u043b\u0435\u043d\u0438\u0435 GoPro Boom \u0441 \u0437\u0430\u0436\u0438\u043c\u043e\u043c \u043d\u0430 \u0440\u0443\u043b\u044c \u0434\u043b\u044f \u0430\u043a\u0442\u0438\u0432\u043d\u043e\u0433\u043e \u043e\u0442\u0434\u044b\u0445\u0430, \u043f\u043e\u0445\u043e\u0434\u043e\u0432 \u0438 \u043f\u0443\u0442\u0435\u0448\u0435\u0441\u0442\u0432\u0438\u0439 \u0432 \u0438\u043d\u0442\u0435\u0440\u043d\u0435\u0442-\u043c\u0430\u0433\u0430\u0437\u0438\u043d\u0435 \u0441\u043f\u043e\u0440\u0442\u0438\u0432\u043d\u043e\u0439 \u043e\u0434\u0435\u0436\u0434\u044b \u0438 \u043e\u0431\u0443\u0432\u0438\"},{\"@type\":\"BreadcrumbList\",\"@id\":\"https:\\\/\\\/xstyle.md\\\/product\\\/kreplenie-gopro-boom-universalnoe-s-zazhimom-na-rul\\\/#breadcrumb\",\"itemListElement\":[{\"@type\":\"ListItem\",\"position\":1,\"name\":\"\u0413\u043b\u0430\u0432\u043d\u0430\u044f \u0441\u0442\u0440\u0430\u043d\u0438\u0446\u0430\",\"item\":\"https:\\\/\\\/xstyle.md\\\/\"},{\"@type\":\"ListItem\",\"position\":2,\"name\":\"\u041c\u0430\u0433\u0430\u0437\u0438\u043d\",\"item\":\"https:\\\/\\\/xstyle.md\\\/shop\\\/\"},{\"@type\":\"ListItem\",\"position\":3,\"name\":\"\u041a\u0440\u0435\u043f\u043b\u0435\u043d\u0438\u0435 GoPro Boom + \u0441 \u0437\u0430\u0436\u0438\u043c\u043e\u043c \u043d\u0430 \u0440\u0443\u043b\u044c Bar Mount (AEXTM-011)\"}]},{\"@type\":\"WebSite\",\"@id\":\"https:\\\/\\\/xstyle.md\\\/#website\",\"url\":\"https:\\\/\\\/xstyle.md\\\/\",\"name\":\"\u041c\u0430\u0433\u0430\u0437\u0438\u043d Xstyle\",\"description\":\"C\u043d\u0430\u0440\u044f\u0436\u0435\u043d\u0438\u0435 \u0434\u043b\u044f \u0442\u0443\u0440\u0438\u0437\u043c\u0430 \u0438 \u044d\u043a\u0441\u0442\u0440\u0435\u043c\u0430\u043b\u044c\u043d\u044b\u0445 \u0432\u0438\u0434\u043e\u0432 \u0441\u043f\u043e\u0440\u0442\u0430 \u0432 \u041c\u043e\u043b\u0434\u043e\u0432\u0435.. \u0426\u0435\u043d\u044b, \u0444\u043e\u0442\u043e, \u0445\u0430\u0440\u0430\u043a\u0442\u0435\u0440\u0438\u0441\u0442\u0438\u043a\u0438 \u0432 \u041c\u043e\u043b\u0434\u043e\u0432\u0435.\",\"publisher\":{\"@id\":\"https:\\\/\\\/xstyle.md\\\/#organization\"},\"alternateName\":\"X-Style\",\"potentialAction\":[{\"@type\":\"SearchAction\",\"target\":{\"@type\":\"EntryPoint\",\"urlTemplate\":\"https:\\\/\\\/xstyle.md\\\/?s={search_term_string}\"},\"query-input\":{\"@type\":\"PropertyValueSpecification\",\"valueRequired\":true,\"valueName\":\"search_term_string\"}}],\"inLanguage\":\"ro-RO\"},{\"@type\":\"Organization\",\"@id\":\"https:\\\/\\\/xstyle.md\\\/#organization\",\"name\":\"\u041c\u0430\u0433\u0430\u0437\u0438\u043d Xstyle\",\"alternateName\":\"x-style\",\"url\":\"https:\\\/\\\/xstyle.md\\\/\",\"logo\":{\"@type\":\"ImageObject\",\"inLanguage\":\"ro-RO\",\"@id\":\"https:\\\/\\\/xstyle.md\\\/#\\\/schema\\\/logo\\\/image\\\/\",\"url\":\"https:\\\/\\\/xstyle.md\\\/wp-content\\\/uploads\\\/2020\\\/06\\\/logoicon.svg\",\"contentUrl\":\"https:\\\/\\\/xstyle.md\\\/wp-content\\\/uploads\\\/2020\\\/06\\\/logoicon.svg\",\"caption\":\"\u041c\u0430\u0433\u0430\u0437\u0438\u043d Xstyle\"},\"image\":{\"@id\":\"https:\\\/\\\/xstyle.md\\\/#\\\/schema\\\/logo\\\/image\\\/\"},\"sameAs\":[\"https:\\\/\\\/www.facebook.com\\\/xstylemd\",\"https:\\\/\\\/www.instagram.com\\\/xstyle_md\\\/\",\"https:\\\/\\\/t.me\\\/xstyle_outdoor\"],\"hasMerchantReturnPolicy\":{\"@type\":\"MerchantReturnPolicy\",\"merchantReturnLink\":\"https:\\\/\\\/xstyle.md\\\/ro\\\/conditions\\\/\"}}]}<\/script>\n<meta property=\"product:price:amount\" content=\"2890.00\" \/>\n<meta property=\"product:price:currency\" content=\"MDL\" \/>\n<meta property=\"og:availability\" content=\"instock\" \/>\n<meta property=\"product:availability\" content=\"instock\" \/>\n<meta property=\"product:retailer_item_id\" content=\"818279029642\" \/>\n<meta property=\"product:condition\" content=\"new\" \/>\n<!-- \/ Yoast SEO plugin. -->","yoast_head_json":{"title":"\u041a\u0440\u0435\u043f\u043b\u0435\u043d\u0438\u0435 GoPro Boom + \u0441 \u0437\u0430\u0436\u0438\u043c\u043e\u043c \u043d\u0430 \u0440\u0443\u043b\u044c Bar Mount (AEXTM-011) - \u041c\u0430\u0433\u0430\u0437\u0438\u043d Xstyle","description":"Universal GoPro Boom mount with handlebar clamp. It easily attaches to any tube and allows you to adjust the shooting angle for perfect shots!","robots":{"index":"index","follow":"follow","max-snippet":"max-snippet:-1","max-image-preview":"max-image-preview:large","max-video-preview":"max-video-preview:-1"},"canonical":"https:\/\/xstyle.md\/ro\/produs\/kreplenie-gopro-boom-universalnoe-s-zazhimom-na-rul\/","og_locale":"ro_RO","og_type":"article","og_title":"\u041a\u0440\u0435\u043f\u043b\u0435\u043d\u0438\u0435 GoPro Boom + \u0441 \u0437\u0430\u0436\u0438\u043c\u043e\u043c \u043d\u0430 \u0440\u0443\u043b\u044c Bar Mount (AEXTM-011) - \u041c\u0430\u0433\u0430\u0437\u0438\u043d Xstyle","og_description":"\u0423\u043d\u0438\u0432\u0435\u0440\u0441\u0430\u043b\u044c\u043d\u043e\u0435 \u043a\u0440\u0435\u043f\u043b\u0435\u043d\u0438\u0435 GoPro Boom \u0441 \u0437\u0430\u0436\u0438\u043c\u043e\u043c \u043d\u0430 \u0440\u0443\u043b\u044c. \u041b\u0435\u0433\u043a\u043e \u0443\u0441\u0442\u0430\u043d\u0430\u0432\u043b\u0438\u0432\u0430\u0435\u0442\u0441\u044f \u043d\u0430 \u043b\u044e\u0431\u0443\u044e \u0442\u0440\u0443\u0431\u043a\u0443 \u0438 \u043f\u043e\u0437\u0432\u043e\u043b\u044f\u0435\u0442 \u043d\u0430\u0441\u0442\u0440\u0430\u0438\u0432\u0430\u0442\u044c \u0443\u0433\u043e\u043b \u0441\u044a\u0435\u043c\u043a\u0438 \u0434\u043b\u044f \u0438\u0434\u0435\u0430\u043b\u044c\u043d\u044b\u0445 \u043a\u0430\u0434\u0440\u043e\u0432!","og_url":"https:\/\/xstyle.md\/ro\/produs\/kreplenie-gopro-boom-universalnoe-s-zazhimom-na-rul\/","og_site_name":"\u041c\u0430\u0433\u0430\u0437\u0438\u043d Xstyle","article_publisher":"https:\/\/www.facebook.com\/xstylemd","article_modified_time":"2026-02-12T16:58:12+00:00","og_image":[{"width":1000,"height":1000,"url":"https:\/\/xstyle.md\/wp-content\/uploads\/2023\/11\/kreplenie-gopro-boom-universalnoe-s-zazhimom-na-rul.jpg","type":"image\/jpeg"}],"twitter_card":"summary_large_image","twitter_misc":{"Pre\u021b":"2.890&nbsp;MDL","Disponibilitate":"\u00cen stoc"},"schema":{"@context":"https:\/\/schema.org","@graph":[{"@type":"WebPage","@id":"https:\/\/xstyle.md\/product\/kreplenie-gopro-boom-universalnoe-s-zazhimom-na-rul\/","url":"https:\/\/xstyle.md\/product\/kreplenie-gopro-boom-universalnoe-s-zazhimom-na-rul\/","name":"\u041a\u0440\u0435\u043f\u043b\u0435\u043d\u0438\u0435 GoPro Boom + \u0441 \u0437\u0430\u0436\u0438\u043c\u043e\u043c \u043d\u0430 \u0440\u0443\u043b\u044c Bar Mount (AEXTM-011) - \u041c\u0430\u0433\u0430\u0437\u0438\u043d Xstyle","isPartOf":{"@id":"https:\/\/xstyle.md\/#website"},"primaryImageOfPage":{"@id":"https:\/\/xstyle.md\/product\/kreplenie-gopro-boom-universalnoe-s-zazhimom-na-rul\/#primaryimage"},"image":{"@id":"https:\/\/xstyle.md\/product\/kreplenie-gopro-boom-universalnoe-s-zazhimom-na-rul\/#primaryimage"},"thumbnailUrl":"https:\/\/xstyle.md\/wp-content\/uploads\/2023\/11\/kreplenie-gopro-boom-universalnoe-s-zazhimom-na-rul.jpg","datePublished":"2023-11-29T10:47:58+00:00","dateModified":"2026-02-12T16:58:12+00:00","description":"Universal GoPro Boom mount with handlebar clamp. It easily attaches to any tube and allows you to adjust the shooting angle for perfect shots!","breadcrumb":{"@id":"https:\/\/xstyle.md\/product\/kreplenie-gopro-boom-universalnoe-s-zazhimom-na-rul\/#breadcrumb"},"inLanguage":"ro-RO","potentialAction":[{"@type":"ReadAction","target":["https:\/\/xstyle.md\/product\/kreplenie-gopro-boom-universalnoe-s-zazhimom-na-rul\/"]}]},{"@type":"ImageObject","inLanguage":"ro-RO","@id":"https:\/\/xstyle.md\/product\/kreplenie-gopro-boom-universalnoe-s-zazhimom-na-rul\/#primaryimage","url":"https:\/\/xstyle.md\/wp-content\/uploads\/2023\/11\/kreplenie-gopro-boom-universalnoe-s-zazhimom-na-rul.jpg","contentUrl":"https:\/\/xstyle.md\/wp-content\/uploads\/2023\/11\/kreplenie-gopro-boom-universalnoe-s-zazhimom-na-rul.jpg","width":1000,"height":1000,"caption":"\u041a\u0440\u0435\u043f\u043b\u0435\u043d\u0438\u0435 GoPro Boom \u0441 \u0437\u0430\u0436\u0438\u043c\u043e\u043c \u043d\u0430 \u0440\u0443\u043b\u044c \u0434\u043b\u044f \u0430\u043a\u0442\u0438\u0432\u043d\u043e\u0433\u043e \u043e\u0442\u0434\u044b\u0445\u0430, \u043f\u043e\u0445\u043e\u0434\u043e\u0432 \u0438 \u043f\u0443\u0442\u0435\u0448\u0435\u0441\u0442\u0432\u0438\u0439 \u0432 \u0438\u043d\u0442\u0435\u0440\u043d\u0435\u0442-\u043c\u0430\u0433\u0430\u0437\u0438\u043d\u0435 \u0441\u043f\u043e\u0440\u0442\u0438\u0432\u043d\u043e\u0439 \u043e\u0434\u0435\u0436\u0434\u044b \u0438 \u043e\u0431\u0443\u0432\u0438"},{"@type":"BreadcrumbList","@id":"https:\/\/xstyle.md\/product\/kreplenie-gopro-boom-universalnoe-s-zazhimom-na-rul\/#breadcrumb","itemListElement":[{"@type":"ListItem","position":1,"name":"\u0413\u043b\u0430\u0432\u043d\u0430\u044f \u0441\u0442\u0440\u0430\u043d\u0438\u0446\u0430","item":"https:\/\/xstyle.md\/"},{"@type":"ListItem","position":2,"name":"\u041c\u0430\u0433\u0430\u0437\u0438\u043d","item":"https:\/\/xstyle.md\/shop\/"},{"@type":"ListItem","position":3,"name":"\u041a\u0440\u0435\u043f\u043b\u0435\u043d\u0438\u0435 GoPro Boom + \u0441 \u0437\u0430\u0436\u0438\u043c\u043e\u043c \u043d\u0430 \u0440\u0443\u043b\u044c Bar Mount (AEXTM-011)"}]},{"@type":"WebSite","@id":"https:\/\/xstyle.md\/#website","url":"https:\/\/xstyle.md\/","name":"Magazinul X-Style","description":"Echipamente pentru turism \u0219i sporturi extreme \u00een Moldova. Pre\u021buri, fotografii, caracteristici \u00een Moldova.","publisher":{"@id":"https:\/\/xstyle.md\/#organization"},"alternateName":"X-Style","potentialAction":[{"@type":"SearchAction","target":{"@type":"EntryPoint","urlTemplate":"https:\/\/xstyle.md\/?s={search_term_string}"},"query-input":{"@type":"PropertyValueSpecification","valueRequired":true,"valueName":"search_term_string"}}],"inLanguage":"ro-RO"},{"@type":"Organization","@id":"https:\/\/xstyle.md\/#organization","name":"Magazinul X-Style","alternateName":"x-style","url":"https:\/\/xstyle.md\/","logo":{"@type":"ImageObject","inLanguage":"ro-RO","@id":"https:\/\/xstyle.md\/#\/schema\/logo\/image\/","url":"https:\/\/xstyle.md\/wp-content\/uploads\/2020\/06\/logoicon.svg","contentUrl":"https:\/\/xstyle.md\/wp-content\/uploads\/2020\/06\/logoicon.svg","caption":"\u041c\u0430\u0433\u0430\u0437\u0438\u043d Xstyle"},"image":{"@id":"https:\/\/xstyle.md\/#\/schema\/logo\/image\/"},"sameAs":["https:\/\/www.facebook.com\/xstylemd","https:\/\/www.instagram.com\/xstyle_md\/","https:\/\/t.me\/xstyle_outdoor"],"hasMerchantReturnPolicy":{"@type":"MerchantReturnPolicy","merchantReturnLink":"https:\/\/xstyle.md\/ro\/conditions\/"}}]},"product_price_amount":"2890.00","product_price_currency":"MDL","og_availability":"instock","product_availability":"instock","product_retailer_item_id":"818279029642","product_condition":"new"},"post_mailing_queue_ids":[],"_links":{"self":[{"href":"https:\/\/xstyle.md\/ro\/wp-json\/wp\/v2\/product\/76253","targetHints":{"allow":["GET"]}}],"collection":[{"href":"https:\/\/xstyle.md\/ro\/wp-json\/wp\/v2\/product"}],"about":[{"href":"https:\/\/xstyle.md\/ro\/wp-json\/wp\/v2\/types\/product"}],"replies":[{"embeddable":true,"href":"https:\/\/xstyle.md\/ro\/wp-json\/wp\/v2\/comments?post=76253"}],"wp:featuredmedia":[{"embeddable":true,"href":"https:\/\/xstyle.md\/ro\/wp-json\/wp\/v2\/media\/76881"}],"wp:attachment":[{"href":"https:\/\/xstyle.md\/ro\/wp-json\/wp\/v2\/media?parent=76253"}],"wp:term":[{"taxonomy":"product_brand","embeddable":true,"href":"https:\/\/xstyle.md\/ro\/wp-json\/wp\/v2\/product_brand?post=76253"},{"taxonomy":"product_cat","embeddable":true,"href":"https:\/\/xstyle.md\/ro\/wp-json\/wp\/v2\/product_cat?post=76253"},{"taxonomy":"product_tag","embeddable":true,"href":"https:\/\/xstyle.md\/ro\/wp-json\/wp\/v2\/product_tag?post=76253"}],"curies":[{"name":"wp","href":"https:\/\/api.w.org\/{rel}","templated":true}]}}