{"id":76252,"date":"2023-11-29T13:47:58","date_gmt":"2023-11-29T10:47:58","guid":{"rendered":"https:\/\/xstyle.md\/?post_type=product&#038;p=76252"},"modified":"2026-02-12T19:58:11","modified_gmt":"2026-02-12T16:58:11","slug":"shtativ-gopro-boom-s-kleyashhimisya-krepleniyami","status":"publish","type":"product","link":"https:\/\/xstyle.md\/ro\/produs\/shtativ-gopro-boom-s-kleyashhimisya-krepleniyami\/","title":{"rendered":"Suport tip brat GoPro cu prinderi adezivi AEXTM-001"},"content":{"rendered":"<\/p>\n<p><strong>Suport tip brat GoPro Boom cu prinderi adezivi<\/strong> &#8212; este o montur\u0103 la distan\u021b\u0103 premium pentru fotografierea din unghiuri uimitoare.<\/p>\n<p>Poate fi utilizat cu suporturile adezive incluse sau cu alte accesorii compatibile pentru a filma din unghiuri noi. Suporturile premium din fibr\u0103 de carbon pot fi utilizate \u00eempreun\u0103 sau separat, \u00een timp ce pivo\u021bii \u00eencorpora\u021bi \u0219i suportul articulat pentru camer\u0103 v\u0103 permit s\u0103 alege\u021bi cel mai bun unghi pentru filmarea dvs.<\/p>\n<h3>Particularit\u0103\u021bi<\/h3>\n<ul>\n<li>Kitul include 2 suporturi din fibr\u0103 de carbon, suport pentru camer\u0103 cu balamale, suporturi adezive curbe + plate, cataram\u0103 de montare, glisier\u0103 de sus\u021binere, cheie hexagonal\u0103 de 4 mm, 2 \u0219uruburi hexagonale suplimentare \u0219i clem\u0103 de depozitare a cheii hexagonale.<\/li>\n<li>Suporturile u\u0219oare din fibr\u0103 de carbon premium ofer\u0103 rezisten\u021b\u0103 \u0219i fiabilitate excep\u021bionale<\/li>\n<li>Designul pliabil convenabil v\u0103 permite s\u0103 lua\u021bi suportul oriunde, s\u0103 \u00eel depozita\u021bi sau s\u0103 \u00eei ajusta\u021bi lungimea chiar \u00een timpul deplas\u0103rii<\/li>\n<li>Inelele de prindere metalice \u00eencorporate se rotesc la 360\u00b0, astfel \u00eenc\u00e2t s\u0103 pute\u021bi capta ceea ce se \u00eent\u00e2mpl\u0103 din orice unghi<\/li>\n<li>Suportul pivotant deta\u0219abil permite rotirea \u0219i \u00eenclinarea camerei la 360\u00b0 pentru o flexibilitate maxim\u0103<\/li>\n<li>Cheia hexagonal\u0103 inclus\u0103 faciliteaz\u0103 str\u00e2ngerea \u0219uruburilor \u0219i blocarea sigur\u0103 a suporturilor \u00een pozi\u021bie.<\/li>\n<li>Glisiera de sus\u021binere inclus\u0103 v\u0103 permite s\u0103 folosi\u021bi un suport pentru a-l sus\u021bine pe cel\u0103lalt \u0219i s\u0103 crea\u021bi o platform\u0103 de fotografiere incredibil de stabil\u0103.<\/li>\n<li>Poate fi utilizat \u00eempreun\u0103 cu suporturile op\u021bionale Boom (v\u00e2ndute separat) pentru a crea configura\u021bii convenabile<\/li>\n<li>Interval de extensie &#8212; 25,5-53,3 cm<\/li>\n<li>Suportul Boom nu este destinat \u0219i nu ar trebui s\u0103 fie utilizat \u00een timpul para\u0219utismului, basejumping, bungee jumping sau alte activit\u0103\u021bi similare.<\/li>\n<\/ul>\n<p><\/p>","protected":false},"excerpt":{"rendered":"","protected":false},"featured_media":76871,"comment_status":"open","ping_status":"closed","template":"","meta":{"_acf_changed":false,"inline_featured_image":false},"product_brand":[1307],"product_cat":[866],"product_tag":[],"class_list":{"0":"post-76252","1":"product","2":"type-product","3":"status-publish","4":"has-post-thumbnail","6":"product_brand-gopro","7":"product_cat-mounting","9":"first","10":"instock","11":"shipping-taxable","12":"purchasable","13":"product-type-simple"},"acf":[],"yoast_head":"<!-- This site is optimized with the Yoast SEO plugin v27.4 - https:\/\/yoast.com\/product\/yoast-seo-wordpress\/ -->\n<title>\u041a\u0440\u0435\u043f\u043b\u0435\u043d\u0438\u0435 GoPro Boom + \u043a\u043b\u0435\u044f\u0449\u0438\u0435\u0441\u044f \u043a\u0440\u0435\u043f\u043b\u0435\u043d\u0438\u044f Adhesive Mounts (AEXTM-001) - \u041c\u0430\u0433\u0430\u0437\u0438\u043d Xstyle<\/title>\n<meta name=\"description\" content=\"\u0428\u0442\u0430\u0442\u0438\u0432 GoPro Boom \u0441 \u043a\u043b\u0435\u044f\u0449\u0438\u043c\u0438\u0441\u044f \u043a\u0440\u0435\u043f\u043b\u0435\u043d\u0438\u044f\u043c\u0438 - \u043f\u0440\u0435\u043c\u0438\u0443\u043c-\u0440\u0435\u0448\u0435\u043d\u0438\u0435 \u0434\u043b\u044f \u0441\u044a\u0435\u043c\u043a\u0438 \u0441 \u0443\u043d\u0438\u043a\u0430\u043b\u044c\u043d\u044b\u0445 \u0443\u0433\u043b\u043e\u0432. \u0418\u0434\u0435\u0430\u043b\u0435\u043d \u0434\u043b\u044f \u0438\u0441\u043f\u043e\u043b\u044c\u0437\u043e\u0432\u0430\u043d\u0438\u044f \u0441 \u0430\u043a\u0441\u0435\u0441\u0441\u0443\u0430\u0440\u0430\u043c\u0438 GoPro.\" \/>\n<meta name=\"robots\" content=\"index, follow, max-snippet:-1, max-image-preview:large, max-video-preview:-1\" \/>\n<link rel=\"canonical\" href=\"https:\/\/xstyle.md\/ro\/produs\/shtativ-gopro-boom-s-kleyashhimisya-krepleniyami\/\" \/>\n<meta property=\"og:locale\" content=\"ro_RO\" \/>\n<meta property=\"og:type\" content=\"article\" \/>\n<meta property=\"og:title\" content=\"\u041a\u0440\u0435\u043f\u043b\u0435\u043d\u0438\u0435 GoPro Boom + \u043a\u043b\u0435\u044f\u0449\u0438\u0435\u0441\u044f \u043a\u0440\u0435\u043f\u043b\u0435\u043d\u0438\u044f Adhesive Mounts (AEXTM-001) - \u041c\u0430\u0433\u0430\u0437\u0438\u043d Xstyle\" \/>\n<meta property=\"og:description\" content=\"\u0428\u0442\u0430\u0442\u0438\u0432 GoPro Boom \u0441 \u043a\u043b\u0435\u044f\u0449\u0438\u043c\u0438\u0441\u044f \u043a\u0440\u0435\u043f\u043b\u0435\u043d\u0438\u044f\u043c\u0438 - \u043f\u0440\u0435\u043c\u0438\u0443\u043c-\u0440\u0435\u0448\u0435\u043d\u0438\u0435 \u0434\u043b\u044f \u0441\u044a\u0435\u043c\u043a\u0438 \u0441 \u0443\u043d\u0438\u043a\u0430\u043b\u044c\u043d\u044b\u0445 \u0443\u0433\u043b\u043e\u0432. \u0418\u0434\u0435\u0430\u043b\u0435\u043d \u0434\u043b\u044f \u0438\u0441\u043f\u043e\u043b\u044c\u0437\u043e\u0432\u0430\u043d\u0438\u044f \u0441 \u0430\u043a\u0441\u0435\u0441\u0441\u0443\u0430\u0440\u0430\u043c\u0438 GoPro.\" \/>\n<meta property=\"og:url\" content=\"https:\/\/xstyle.md\/ro\/produs\/shtativ-gopro-boom-s-kleyashhimisya-krepleniyami\/\" \/>\n<meta property=\"og:site_name\" content=\"\u041c\u0430\u0433\u0430\u0437\u0438\u043d Xstyle\" \/>\n<meta property=\"article:publisher\" content=\"https:\/\/www.facebook.com\/xstylemd\" \/>\n<meta property=\"article:modified_time\" content=\"2026-02-12T16:58:11+00:00\" \/>\n<meta property=\"og:image\" content=\"https:\/\/xstyle.md\/wp-content\/uploads\/2023\/11\/shtativ-gopro-boom-s-kleyashhimisya-krepleniyami.jpg\" \/>\n\t<meta property=\"og:image:width\" content=\"1548\" \/>\n\t<meta property=\"og:image:height\" content=\"1288\" \/>\n\t<meta property=\"og:image:type\" content=\"image\/jpeg\" \/>\n<meta name=\"twitter:card\" content=\"summary_large_image\" \/>\n<meta name=\"twitter:label1\" content=\"Pre\u021b\" \/>\n\t<meta name=\"twitter:data1\" content=\"1.990&nbsp;MDL\" \/>\n\t<meta name=\"twitter:label2\" content=\"Disponibilitate\" \/>\n\t<meta name=\"twitter:data2\" content=\"\u00cen stoc\" \/>\n<script type=\"application\/ld+json\" class=\"yoast-schema-graph\">{\"@context\":\"https:\\\/\\\/schema.org\",\"@graph\":[{\"@type\":\"WebPage\",\"@id\":\"https:\\\/\\\/xstyle.md\\\/product\\\/shtativ-gopro-boom-s-kleyashhimisya-krepleniyami\\\/\",\"url\":\"https:\\\/\\\/xstyle.md\\\/product\\\/shtativ-gopro-boom-s-kleyashhimisya-krepleniyami\\\/\",\"name\":\"\u041a\u0440\u0435\u043f\u043b\u0435\u043d\u0438\u0435 GoPro Boom + \u043a\u043b\u0435\u044f\u0449\u0438\u0435\u0441\u044f \u043a\u0440\u0435\u043f\u043b\u0435\u043d\u0438\u044f Adhesive Mounts (AEXTM-001) - \u041c\u0430\u0433\u0430\u0437\u0438\u043d Xstyle\",\"isPartOf\":{\"@id\":\"https:\\\/\\\/xstyle.md\\\/#website\"},\"primaryImageOfPage\":{\"@id\":\"https:\\\/\\\/xstyle.md\\\/product\\\/shtativ-gopro-boom-s-kleyashhimisya-krepleniyami\\\/#primaryimage\"},\"image\":{\"@id\":\"https:\\\/\\\/xstyle.md\\\/product\\\/shtativ-gopro-boom-s-kleyashhimisya-krepleniyami\\\/#primaryimage\"},\"thumbnailUrl\":\"https:\\\/\\\/xstyle.md\\\/wp-content\\\/uploads\\\/2023\\\/11\\\/shtativ-gopro-boom-s-kleyashhimisya-krepleniyami.jpg\",\"datePublished\":\"2023-11-29T10:47:58+00:00\",\"dateModified\":\"2026-02-12T16:58:11+00:00\",\"description\":\"\u0428\u0442\u0430\u0442\u0438\u0432 GoPro Boom \u0441 \u043a\u043b\u0435\u044f\u0449\u0438\u043c\u0438\u0441\u044f \u043a\u0440\u0435\u043f\u043b\u0435\u043d\u0438\u044f\u043c\u0438 - \u043f\u0440\u0435\u043c\u0438\u0443\u043c-\u0440\u0435\u0448\u0435\u043d\u0438\u0435 \u0434\u043b\u044f \u0441\u044a\u0435\u043c\u043a\u0438 \u0441 \u0443\u043d\u0438\u043a\u0430\u043b\u044c\u043d\u044b\u0445 \u0443\u0433\u043b\u043e\u0432. \u0418\u0434\u0435\u0430\u043b\u0435\u043d \u0434\u043b\u044f \u0438\u0441\u043f\u043e\u043b\u044c\u0437\u043e\u0432\u0430\u043d\u0438\u044f \u0441 \u0430\u043a\u0441\u0435\u0441\u0441\u0443\u0430\u0440\u0430\u043c\u0438 GoPro.\",\"breadcrumb\":{\"@id\":\"https:\\\/\\\/xstyle.md\\\/product\\\/shtativ-gopro-boom-s-kleyashhimisya-krepleniyami\\\/#breadcrumb\"},\"inLanguage\":\"ro-RO\",\"potentialAction\":[{\"@type\":\"ReadAction\",\"target\":[\"https:\\\/\\\/xstyle.md\\\/product\\\/shtativ-gopro-boom-s-kleyashhimisya-krepleniyami\\\/\"]}]},{\"@type\":\"ImageObject\",\"inLanguage\":\"ro-RO\",\"@id\":\"https:\\\/\\\/xstyle.md\\\/product\\\/shtativ-gopro-boom-s-kleyashhimisya-krepleniyami\\\/#primaryimage\",\"url\":\"https:\\\/\\\/xstyle.md\\\/wp-content\\\/uploads\\\/2023\\\/11\\\/shtativ-gopro-boom-s-kleyashhimisya-krepleniyami.jpg\",\"contentUrl\":\"https:\\\/\\\/xstyle.md\\\/wp-content\\\/uploads\\\/2023\\\/11\\\/shtativ-gopro-boom-s-kleyashhimisya-krepleniyami.jpg\",\"width\":1548,\"height\":1288,\"caption\":\"\u041a\u0440\u0435\u043f\u043b\u0435\u043d\u0438\u0435 \u0434\u043b\u044f \u043a\u0430\u043c\u0435\u0440\u044b GoPro Boom \u0441 \u043a\u043b\u0435\u044f\u0449\u0438\u043c\u0438\u0441\u044f \u043a\u0440\u0435\u043f\u043b\u0435\u043d\u0438\u044f\u043c\u0438 \u0434\u043b\u044f \u0430\u043a\u0442\u0438\u0432\u043d\u043e\u0433\u043e \u043e\u0442\u0434\u044b\u0445\u0430 \u043d\u0430 \u043f\u0440\u0438\u0440\u043e\u0434\u0435 \u043f\u043e\u0445\u043e\u0434\u044b \u043f\u0443\u0442\u0435\u0448\u0435\u0441\u0442\u0432\u0438\u044f \u0444\u0438\u0442\u043d\u0435\u0441 \u043e\u0431\u0443\u0432\u044c \u043e\u0434\u0435\u0436\u0434\u0430 \u0441\u043f\u043e\u0440\u0442\u0438\u0432\u043d\u044b\u0439 \u043c\u0430\u0433\u0430\u0437\u0438\u043d\"},{\"@type\":\"BreadcrumbList\",\"@id\":\"https:\\\/\\\/xstyle.md\\\/product\\\/shtativ-gopro-boom-s-kleyashhimisya-krepleniyami\\\/#breadcrumb\",\"itemListElement\":[{\"@type\":\"ListItem\",\"position\":1,\"name\":\"\u0413\u043b\u0430\u0432\u043d\u0430\u044f \u0441\u0442\u0440\u0430\u043d\u0438\u0446\u0430\",\"item\":\"https:\\\/\\\/xstyle.md\\\/\"},{\"@type\":\"ListItem\",\"position\":2,\"name\":\"\u041c\u0430\u0433\u0430\u0437\u0438\u043d\",\"item\":\"https:\\\/\\\/xstyle.md\\\/shop\\\/\"},{\"@type\":\"ListItem\",\"position\":3,\"name\":\"\u041a\u0440\u0435\u043f\u043b\u0435\u043d\u0438\u0435 GoPro Boom + \u043a\u043b\u0435\u044f\u0449\u0438\u0435\u0441\u044f \u043a\u0440\u0435\u043f\u043b\u0435\u043d\u0438\u044f Adhesive Mounts (AEXTM-001)\"}]},{\"@type\":\"WebSite\",\"@id\":\"https:\\\/\\\/xstyle.md\\\/#website\",\"url\":\"https:\\\/\\\/xstyle.md\\\/\",\"name\":\"\u041c\u0430\u0433\u0430\u0437\u0438\u043d Xstyle\",\"description\":\"C\u043d\u0430\u0440\u044f\u0436\u0435\u043d\u0438\u0435 \u0434\u043b\u044f \u0442\u0443\u0440\u0438\u0437\u043c\u0430 \u0438 \u044d\u043a\u0441\u0442\u0440\u0435\u043c\u0430\u043b\u044c\u043d\u044b\u0445 \u0432\u0438\u0434\u043e\u0432 \u0441\u043f\u043e\u0440\u0442\u0430 \u0432 \u041c\u043e\u043b\u0434\u043e\u0432\u0435.. \u0426\u0435\u043d\u044b, \u0444\u043e\u0442\u043e, \u0445\u0430\u0440\u0430\u043a\u0442\u0435\u0440\u0438\u0441\u0442\u0438\u043a\u0438 \u0432 \u041c\u043e\u043b\u0434\u043e\u0432\u0435.\",\"publisher\":{\"@id\":\"https:\\\/\\\/xstyle.md\\\/#organization\"},\"alternateName\":\"X-Style\",\"potentialAction\":[{\"@type\":\"SearchAction\",\"target\":{\"@type\":\"EntryPoint\",\"urlTemplate\":\"https:\\\/\\\/xstyle.md\\\/?s={search_term_string}\"},\"query-input\":{\"@type\":\"PropertyValueSpecification\",\"valueRequired\":true,\"valueName\":\"search_term_string\"}}],\"inLanguage\":\"ro-RO\"},{\"@type\":\"Organization\",\"@id\":\"https:\\\/\\\/xstyle.md\\\/#organization\",\"name\":\"\u041c\u0430\u0433\u0430\u0437\u0438\u043d Xstyle\",\"alternateName\":\"x-style\",\"url\":\"https:\\\/\\\/xstyle.md\\\/\",\"logo\":{\"@type\":\"ImageObject\",\"inLanguage\":\"ro-RO\",\"@id\":\"https:\\\/\\\/xstyle.md\\\/#\\\/schema\\\/logo\\\/image\\\/\",\"url\":\"https:\\\/\\\/xstyle.md\\\/wp-content\\\/uploads\\\/2020\\\/06\\\/logoicon.svg\",\"contentUrl\":\"https:\\\/\\\/xstyle.md\\\/wp-content\\\/uploads\\\/2020\\\/06\\\/logoicon.svg\",\"caption\":\"\u041c\u0430\u0433\u0430\u0437\u0438\u043d Xstyle\"},\"image\":{\"@id\":\"https:\\\/\\\/xstyle.md\\\/#\\\/schema\\\/logo\\\/image\\\/\"},\"sameAs\":[\"https:\\\/\\\/www.facebook.com\\\/xstylemd\",\"https:\\\/\\\/www.instagram.com\\\/xstyle_md\\\/\",\"https:\\\/\\\/t.me\\\/xstyle_outdoor\"],\"hasMerchantReturnPolicy\":{\"@type\":\"MerchantReturnPolicy\",\"merchantReturnLink\":\"https:\\\/\\\/xstyle.md\\\/ro\\\/conditions\\\/\"}}]}<\/script>\n<meta property=\"product:price:amount\" content=\"1990.00\" \/>\n<meta property=\"product:price:currency\" content=\"MDL\" \/>\n<meta property=\"og:availability\" content=\"instock\" \/>\n<meta property=\"product:availability\" content=\"instock\" \/>\n<meta property=\"product:retailer_item_id\" content=\"818279029598\" \/>\n<meta property=\"product:condition\" content=\"new\" \/>\n<!-- \/ Yoast SEO plugin. -->","yoast_head_json":{"title":"\u041a\u0440\u0435\u043f\u043b\u0435\u043d\u0438\u0435 GoPro Boom + \u043a\u043b\u0435\u044f\u0449\u0438\u0435\u0441\u044f \u043a\u0440\u0435\u043f\u043b\u0435\u043d\u0438\u044f Adhesive Mounts (AEXTM-001) - \u041c\u0430\u0433\u0430\u0437\u0438\u043d Xstyle","description":"Tripod GoPro Boom cu suporturi adezive - solu\u021bie premium pentru filmarea din unghiuri unice. Ideal pentru utilizarea cu accesorii GoPro.","robots":{"index":"index","follow":"follow","max-snippet":"max-snippet:-1","max-image-preview":"max-image-preview:large","max-video-preview":"max-video-preview:-1"},"canonical":"https:\/\/xstyle.md\/ro\/produs\/shtativ-gopro-boom-s-kleyashhimisya-krepleniyami\/","og_locale":"ro_RO","og_type":"article","og_title":"\u041a\u0440\u0435\u043f\u043b\u0435\u043d\u0438\u0435 GoPro Boom + \u043a\u043b\u0435\u044f\u0449\u0438\u0435\u0441\u044f \u043a\u0440\u0435\u043f\u043b\u0435\u043d\u0438\u044f Adhesive Mounts (AEXTM-001) - \u041c\u0430\u0433\u0430\u0437\u0438\u043d Xstyle","og_description":"\u0428\u0442\u0430\u0442\u0438\u0432 GoPro Boom \u0441 \u043a\u043b\u0435\u044f\u0449\u0438\u043c\u0438\u0441\u044f \u043a\u0440\u0435\u043f\u043b\u0435\u043d\u0438\u044f\u043c\u0438 - \u043f\u0440\u0435\u043c\u0438\u0443\u043c-\u0440\u0435\u0448\u0435\u043d\u0438\u0435 \u0434\u043b\u044f \u0441\u044a\u0435\u043c\u043a\u0438 \u0441 \u0443\u043d\u0438\u043a\u0430\u043b\u044c\u043d\u044b\u0445 \u0443\u0433\u043b\u043e\u0432. \u0418\u0434\u0435\u0430\u043b\u0435\u043d \u0434\u043b\u044f \u0438\u0441\u043f\u043e\u043b\u044c\u0437\u043e\u0432\u0430\u043d\u0438\u044f \u0441 \u0430\u043a\u0441\u0435\u0441\u0441\u0443\u0430\u0440\u0430\u043c\u0438 GoPro.","og_url":"https:\/\/xstyle.md\/ro\/produs\/shtativ-gopro-boom-s-kleyashhimisya-krepleniyami\/","og_site_name":"\u041c\u0430\u0433\u0430\u0437\u0438\u043d Xstyle","article_publisher":"https:\/\/www.facebook.com\/xstylemd","article_modified_time":"2026-02-12T16:58:11+00:00","og_image":[{"width":1548,"height":1288,"url":"https:\/\/xstyle.md\/wp-content\/uploads\/2023\/11\/shtativ-gopro-boom-s-kleyashhimisya-krepleniyami.jpg","type":"image\/jpeg"}],"twitter_card":"summary_large_image","twitter_misc":{"Pre\u021b":"1.990&nbsp;MDL","Disponibilitate":"\u00cen stoc"},"schema":{"@context":"https:\/\/schema.org","@graph":[{"@type":"WebPage","@id":"https:\/\/xstyle.md\/product\/shtativ-gopro-boom-s-kleyashhimisya-krepleniyami\/","url":"https:\/\/xstyle.md\/product\/shtativ-gopro-boom-s-kleyashhimisya-krepleniyami\/","name":"\u041a\u0440\u0435\u043f\u043b\u0435\u043d\u0438\u0435 GoPro Boom + \u043a\u043b\u0435\u044f\u0449\u0438\u0435\u0441\u044f \u043a\u0440\u0435\u043f\u043b\u0435\u043d\u0438\u044f Adhesive Mounts (AEXTM-001) - \u041c\u0430\u0433\u0430\u0437\u0438\u043d Xstyle","isPartOf":{"@id":"https:\/\/xstyle.md\/#website"},"primaryImageOfPage":{"@id":"https:\/\/xstyle.md\/product\/shtativ-gopro-boom-s-kleyashhimisya-krepleniyami\/#primaryimage"},"image":{"@id":"https:\/\/xstyle.md\/product\/shtativ-gopro-boom-s-kleyashhimisya-krepleniyami\/#primaryimage"},"thumbnailUrl":"https:\/\/xstyle.md\/wp-content\/uploads\/2023\/11\/shtativ-gopro-boom-s-kleyashhimisya-krepleniyami.jpg","datePublished":"2023-11-29T10:47:58+00:00","dateModified":"2026-02-12T16:58:11+00:00","description":"Tripod GoPro Boom cu suporturi adezive - solu\u021bie premium pentru filmarea din unghiuri unice. Ideal pentru utilizarea cu accesorii GoPro.","breadcrumb":{"@id":"https:\/\/xstyle.md\/product\/shtativ-gopro-boom-s-kleyashhimisya-krepleniyami\/#breadcrumb"},"inLanguage":"ro-RO","potentialAction":[{"@type":"ReadAction","target":["https:\/\/xstyle.md\/product\/shtativ-gopro-boom-s-kleyashhimisya-krepleniyami\/"]}]},{"@type":"ImageObject","inLanguage":"ro-RO","@id":"https:\/\/xstyle.md\/product\/shtativ-gopro-boom-s-kleyashhimisya-krepleniyami\/#primaryimage","url":"https:\/\/xstyle.md\/wp-content\/uploads\/2023\/11\/shtativ-gopro-boom-s-kleyashhimisya-krepleniyami.jpg","contentUrl":"https:\/\/xstyle.md\/wp-content\/uploads\/2023\/11\/shtativ-gopro-boom-s-kleyashhimisya-krepleniyami.jpg","width":1548,"height":1288,"caption":"\u041a\u0440\u0435\u043f\u043b\u0435\u043d\u0438\u0435 \u0434\u043b\u044f \u043a\u0430\u043c\u0435\u0440\u044b GoPro Boom \u0441 \u043a\u043b\u0435\u044f\u0449\u0438\u043c\u0438\u0441\u044f \u043a\u0440\u0435\u043f\u043b\u0435\u043d\u0438\u044f\u043c\u0438 \u0434\u043b\u044f \u0430\u043a\u0442\u0438\u0432\u043d\u043e\u0433\u043e \u043e\u0442\u0434\u044b\u0445\u0430 \u043d\u0430 \u043f\u0440\u0438\u0440\u043e\u0434\u0435 \u043f\u043e\u0445\u043e\u0434\u044b \u043f\u0443\u0442\u0435\u0448\u0435\u0441\u0442\u0432\u0438\u044f \u0444\u0438\u0442\u043d\u0435\u0441 \u043e\u0431\u0443\u0432\u044c \u043e\u0434\u0435\u0436\u0434\u0430 \u0441\u043f\u043e\u0440\u0442\u0438\u0432\u043d\u044b\u0439 \u043c\u0430\u0433\u0430\u0437\u0438\u043d"},{"@type":"BreadcrumbList","@id":"https:\/\/xstyle.md\/product\/shtativ-gopro-boom-s-kleyashhimisya-krepleniyami\/#breadcrumb","itemListElement":[{"@type":"ListItem","position":1,"name":"\u0413\u043b\u0430\u0432\u043d\u0430\u044f \u0441\u0442\u0440\u0430\u043d\u0438\u0446\u0430","item":"https:\/\/xstyle.md\/"},{"@type":"ListItem","position":2,"name":"\u041c\u0430\u0433\u0430\u0437\u0438\u043d","item":"https:\/\/xstyle.md\/shop\/"},{"@type":"ListItem","position":3,"name":"\u041a\u0440\u0435\u043f\u043b\u0435\u043d\u0438\u0435 GoPro Boom + \u043a\u043b\u0435\u044f\u0449\u0438\u0435\u0441\u044f \u043a\u0440\u0435\u043f\u043b\u0435\u043d\u0438\u044f Adhesive Mounts (AEXTM-001)"}]},{"@type":"WebSite","@id":"https:\/\/xstyle.md\/#website","url":"https:\/\/xstyle.md\/","name":"Magazinul X-Style","description":"Echipamente pentru turism \u0219i sporturi extreme \u00een Moldova. Pre\u021buri, fotografii, caracteristici \u00een Moldova.","publisher":{"@id":"https:\/\/xstyle.md\/#organization"},"alternateName":"X-Style","potentialAction":[{"@type":"SearchAction","target":{"@type":"EntryPoint","urlTemplate":"https:\/\/xstyle.md\/?s={search_term_string}"},"query-input":{"@type":"PropertyValueSpecification","valueRequired":true,"valueName":"search_term_string"}}],"inLanguage":"ro-RO"},{"@type":"Organization","@id":"https:\/\/xstyle.md\/#organization","name":"Magazinul X-Style","alternateName":"x-style","url":"https:\/\/xstyle.md\/","logo":{"@type":"ImageObject","inLanguage":"ro-RO","@id":"https:\/\/xstyle.md\/#\/schema\/logo\/image\/","url":"https:\/\/xstyle.md\/wp-content\/uploads\/2020\/06\/logoicon.svg","contentUrl":"https:\/\/xstyle.md\/wp-content\/uploads\/2020\/06\/logoicon.svg","caption":"\u041c\u0430\u0433\u0430\u0437\u0438\u043d Xstyle"},"image":{"@id":"https:\/\/xstyle.md\/#\/schema\/logo\/image\/"},"sameAs":["https:\/\/www.facebook.com\/xstylemd","https:\/\/www.instagram.com\/xstyle_md\/","https:\/\/t.me\/xstyle_outdoor"],"hasMerchantReturnPolicy":{"@type":"MerchantReturnPolicy","merchantReturnLink":"https:\/\/xstyle.md\/ro\/conditions\/"}}]},"product_price_amount":"1990.00","product_price_currency":"MDL","og_availability":"instock","product_availability":"instock","product_retailer_item_id":"818279029598","product_condition":"new"},"post_mailing_queue_ids":[],"_links":{"self":[{"href":"https:\/\/xstyle.md\/ro\/wp-json\/wp\/v2\/product\/76252","targetHints":{"allow":["GET"]}}],"collection":[{"href":"https:\/\/xstyle.md\/ro\/wp-json\/wp\/v2\/product"}],"about":[{"href":"https:\/\/xstyle.md\/ro\/wp-json\/wp\/v2\/types\/product"}],"replies":[{"embeddable":true,"href":"https:\/\/xstyle.md\/ro\/wp-json\/wp\/v2\/comments?post=76252"}],"wp:featuredmedia":[{"embeddable":true,"href":"https:\/\/xstyle.md\/ro\/wp-json\/wp\/v2\/media\/76871"}],"wp:attachment":[{"href":"https:\/\/xstyle.md\/ro\/wp-json\/wp\/v2\/media?parent=76252"}],"wp:term":[{"taxonomy":"product_brand","embeddable":true,"href":"https:\/\/xstyle.md\/ro\/wp-json\/wp\/v2\/product_brand?post=76252"},{"taxonomy":"product_cat","embeddable":true,"href":"https:\/\/xstyle.md\/ro\/wp-json\/wp\/v2\/product_cat?post=76252"},{"taxonomy":"product_tag","embeddable":true,"href":"https:\/\/xstyle.md\/ro\/wp-json\/wp\/v2\/product_tag?post=76252"}],"curies":[{"name":"wp","href":"https:\/\/api.w.org\/{rel}","templated":true}]}}