{"id":7616,"date":"2020-07-16T22:53:27","date_gmt":"2020-07-16T19:53:27","guid":{"rendered":"https:\/\/xstyle.md\/product\/buksirovka-tandem-trailgator-tow-bar"},"modified":"2026-03-19T16:34:06","modified_gmt":"2026-03-19T13:34:06","slug":"buksirovka-tandem-trailgator-tow-bar","status":"publish","type":"product","link":"https:\/\/xstyle.md\/ro\/produs\/buksirovka-tandem-trailgator-tow-bar\/","title":{"rendered":"Cuplaj rigid pentru remorcare biciclet\u0103 TANDEM-TRAILGATOR-TOW-BAR"},"content":{"rendered":"<\/p>\n<p><strong>Cuplaj rigid pentru remorcare biciclet\u0103 TANDEM-TRAILGATOR-TOW-BAR &#8212;<\/strong>\u00a0un dispozitiv incredibil de simplu, dar foarte func\u021bional, atunci c\u00e2nd \u00een familie este un copil mic de 3 p\u00e2n\u0103 la 6 ani.<\/p>\n<p><strong>Caracteristici:<\/strong><\/p>\n<ul>\n<li>Cu ajutorul acestei monturi dou\u0103 vehicule separate pot fi transformate \u00eentr-un tandem copil-adult.<\/li>\n<li>Pute\u021bi c\u0103l\u0103tori astfel pe distan\u021be lungi, fiind lini\u0219tit de siguran\u021ba copilului dumneavoastr\u0103.<\/li>\n<li>Bara de biciclet\u0103 pentru tandem v\u0103 permite s\u0103 conecta\u021bi bicicleta pentru adul\u021bi de cea pentru copii, astfel \u00eenc\u00e2t copilul s\u0103 fie complet sub control dvs. \u00een timpul mi\u0219c\u0103rii. El nu va ie\u0219i pe carosabil, nu va c\u0103dea \u0219i nu va obosi, pentru c\u0103, de fapt, bicicleta copilului este la remorca adultului.<\/li>\n<li>\u00cen stare cuplat\u0103, ro\u021bile din fa\u021b\u0103 ale bicicletei copilului sunt rupte de la sol.<\/li>\n<li>Copilul trebuie doar s\u0103 roteasc\u0103 pedalele \u00een direc\u021bia mi\u0219c\u0103rii \u0219i s\u0103 se \u021bin\u0103 bine de volanul bicicletei sale.<\/li>\n<\/ul>\n<p><strong>Cerin\u021be pentru bicicleta pentru adul\u021bi:<\/strong><\/p>\n<ul>\n<li>dimensiunea minim\u0103 a ro\u021bii de biciclet\u0103 pentru adult este de 63,5 cm<\/li>\n<li>diametrul barei de sub \u0219a trebuie s\u0103 fie \u00eentre 25,4 \u0219i 31,8 mm<\/li>\n<\/ul>\n<p><strong>Cerin\u021be pentru biciclete pentru copii:<\/strong><\/p>\n<ul>\n<li>diametrul ro\u021bilor de la 30,5 la 50,8 cm<\/li>\n<li>diametrul coloanei de ghidon p\u00e2n\u0103 la 45 mm<\/li>\n<li>ro\u021bile de sprijin din spate ale bicicletei copilului trebuie scoase sau ridicate<\/li>\n<\/ul>\n<p><\/p>","protected":false},"excerpt":{"rendered":"<p>Cuplaj rigid pentru remorcare biciclet\u0103 TANDEM-TRAILGATOR-TOW-BAR<\/p>","protected":false},"featured_media":7613,"comment_status":"open","ping_status":"closed","template":"","meta":{"_acf_changed":false,"inline_featured_image":false},"product_brand":[1372],"product_cat":[406],"product_tag":[],"class_list":{"0":"post-7616","1":"product","2":"type-product","3":"status-publish","4":"has-post-thumbnail","6":"product_brand-messingschlager","7":"product_cat-bike-accessories","9":"first","10":"instock","11":"shipping-taxable","12":"purchasable","13":"product-type-simple"},"acf":[],"yoast_head":"<!-- This site is optimized with the Yoast SEO plugin v27.2 - https:\/\/yoast.com\/product\/yoast-seo-wordpress\/ -->\n<title>\u0421\u0446\u0435\u043f\u043a\u0430 \u0436\u0435\u0441\u0442\u043a\u0430\u044f \u0434\u043b\u044f \u0431\u0443\u043a\u0441\u0438\u0440\u043e\u0432\u043a\u0438 \u0432\u0435\u043b\u043e\u0441\u0438\u043f\u0435\u0434\u0430 TANDEM-TRAILGATOR-TOW-BAR - \u041c\u0430\u0433\u0430\u0437\u0438\u043d Xstyle<\/title>\n<meta name=\"description\" content=\"\u0421\u0446\u0435\u043f\u043a\u0430 \u0436\u0435\u0441\u0442\u043a\u0430\u044f TANDEM-TRAILGATOR-TOW-BAR \u2014 \u0438\u0434\u0435\u0430\u043b\u044c\u043d\u043e\u0435 \u0440\u0435\u0448\u0435\u043d\u0438\u0435 \u0434\u043b\u044f \u0431\u0435\u0437\u043e\u043f\u0430\u0441\u043d\u043e\u0439 \u0431\u0443\u043a\u0441\u0438\u0440\u043e\u0432\u043a\u0438 \u0432\u0435\u043b\u043e\u0441\u0438\u043f\u0435\u0434\u0430 \u0441 \u0440\u0435\u0431\u0435\u043d\u043a\u043e\u043c 3-6 \u043b\u0435\u0442. \u041f\u0440\u0435\u0432\u0440\u0430\u0442\u0438\u0442\u0435 \u043f\u043e\u0435\u0437\u0434\u043a\u0443 \u0432 \u043a\u043e\u043c\u0444\u043e\u0440\u0442\u043d\u044b\u0439 \u0442\u0430\u043d\u0434\u0435\u043c!\" \/>\n<meta name=\"robots\" content=\"index, follow, max-snippet:-1, max-image-preview:large, max-video-preview:-1\" \/>\n<link rel=\"canonical\" href=\"https:\/\/xstyle.md\/ro\/produs\/buksirovka-tandem-trailgator-tow-bar\/\" \/>\n<meta property=\"og:locale\" content=\"ro_RO\" \/>\n<meta property=\"og:type\" content=\"article\" \/>\n<meta property=\"og:title\" content=\"\u0421\u0446\u0435\u043f\u043a\u0430 \u0436\u0435\u0441\u0442\u043a\u0430\u044f \u0434\u043b\u044f \u0431\u0443\u043a\u0441\u0438\u0440\u043e\u0432\u043a\u0438 \u0432\u0435\u043b\u043e\u0441\u0438\u043f\u0435\u0434\u0430 TANDEM-TRAILGATOR-TOW-BAR - \u041c\u0430\u0433\u0430\u0437\u0438\u043d Xstyle\" \/>\n<meta property=\"og:description\" content=\"\u0421\u0446\u0435\u043f\u043a\u0430 \u0436\u0435\u0441\u0442\u043a\u0430\u044f TANDEM-TRAILGATOR-TOW-BAR \u2014 \u0438\u0434\u0435\u0430\u043b\u044c\u043d\u043e\u0435 \u0440\u0435\u0448\u0435\u043d\u0438\u0435 \u0434\u043b\u044f \u0431\u0435\u0437\u043e\u043f\u0430\u0441\u043d\u043e\u0439 \u0431\u0443\u043a\u0441\u0438\u0440\u043e\u0432\u043a\u0438 \u0432\u0435\u043b\u043e\u0441\u0438\u043f\u0435\u0434\u0430 \u0441 \u0440\u0435\u0431\u0435\u043d\u043a\u043e\u043c 3-6 \u043b\u0435\u0442. \u041f\u0440\u0435\u0432\u0440\u0430\u0442\u0438\u0442\u0435 \u043f\u043e\u0435\u0437\u0434\u043a\u0443 \u0432 \u043a\u043e\u043c\u0444\u043e\u0440\u0442\u043d\u044b\u0439 \u0442\u0430\u043d\u0434\u0435\u043c!\" \/>\n<meta property=\"og:url\" content=\"https:\/\/xstyle.md\/ro\/produs\/buksirovka-tandem-trailgator-tow-bar\/\" \/>\n<meta property=\"og:site_name\" content=\"\u041c\u0430\u0433\u0430\u0437\u0438\u043d Xstyle\" \/>\n<meta property=\"article:publisher\" content=\"https:\/\/www.facebook.com\/xstylemd\" \/>\n<meta property=\"article:modified_time\" content=\"2026-03-19T13:34:06+00:00\" \/>\n<meta property=\"og:image\" content=\"https:\/\/xstyle.md\/wp-content\/uploads\/2020\/07\/600x600-80286-trail-gator-barre-de-remorquage-tandem-pour-velo-enfant.jpg\" \/>\n\t<meta property=\"og:image:width\" content=\"600\" \/>\n\t<meta property=\"og:image:height\" content=\"600\" \/>\n\t<meta property=\"og:image:type\" content=\"image\/jpeg\" \/>\n<meta name=\"twitter:card\" content=\"summary_large_image\" \/>\n<meta name=\"twitter:label1\" content=\"Pre\u021b\" \/>\n\t<meta name=\"twitter:data1\" content=\"1.900&nbsp;MDL\" \/>\n\t<meta name=\"twitter:label2\" content=\"Disponibilitate\" \/>\n\t<meta name=\"twitter:data2\" content=\"\u00cen stoc\" \/>\n<script type=\"application\/ld+json\" class=\"yoast-schema-graph\">{\"@context\":\"https:\/\/schema.org\",\"@graph\":[{\"@type\":\"WebPage\",\"@id\":\"https:\/\/xstyle.md\/product\/buksirovka-tandem-trailgator-tow-bar\/\",\"url\":\"https:\/\/xstyle.md\/product\/buksirovka-tandem-trailgator-tow-bar\/\",\"name\":\"\u0421\u0446\u0435\u043f\u043a\u0430 \u0436\u0435\u0441\u0442\u043a\u0430\u044f \u0434\u043b\u044f \u0431\u0443\u043a\u0441\u0438\u0440\u043e\u0432\u043a\u0438 \u0432\u0435\u043b\u043e\u0441\u0438\u043f\u0435\u0434\u0430 TANDEM-TRAILGATOR-TOW-BAR - \u041c\u0430\u0433\u0430\u0437\u0438\u043d Xstyle\",\"isPartOf\":{\"@id\":\"https:\/\/xstyle.md\/#website\"},\"primaryImageOfPage\":{\"@id\":\"https:\/\/xstyle.md\/product\/buksirovka-tandem-trailgator-tow-bar\/#primaryimage\"},\"image\":{\"@id\":\"https:\/\/xstyle.md\/product\/buksirovka-tandem-trailgator-tow-bar\/#primaryimage\"},\"thumbnailUrl\":\"https:\/\/xstyle.md\/wp-content\/uploads\/2020\/07\/600x600-80286-trail-gator-barre-de-remorquage-tandem-pour-velo-enfant.jpg\",\"datePublished\":\"2020-07-16T19:53:27+00:00\",\"dateModified\":\"2026-03-19T13:34:06+00:00\",\"description\":\"\u0421\u0446\u0435\u043f\u043a\u0430 \u0436\u0435\u0441\u0442\u043a\u0430\u044f TANDEM-TRAILGATOR-TOW-BAR \u2014 \u0438\u0434\u0435\u0430\u043b\u044c\u043d\u043e\u0435 \u0440\u0435\u0448\u0435\u043d\u0438\u0435 \u0434\u043b\u044f \u0431\u0435\u0437\u043e\u043f\u0430\u0441\u043d\u043e\u0439 \u0431\u0443\u043a\u0441\u0438\u0440\u043e\u0432\u043a\u0438 \u0432\u0435\u043b\u043e\u0441\u0438\u043f\u0435\u0434\u0430 \u0441 \u0440\u0435\u0431\u0435\u043d\u043a\u043e\u043c 3-6 \u043b\u0435\u0442. \u041f\u0440\u0435\u0432\u0440\u0430\u0442\u0438\u0442\u0435 \u043f\u043e\u0435\u0437\u0434\u043a\u0443 \u0432 \u043a\u043e\u043c\u0444\u043e\u0440\u0442\u043d\u044b\u0439 \u0442\u0430\u043d\u0434\u0435\u043c!\",\"breadcrumb\":{\"@id\":\"https:\/\/xstyle.md\/product\/buksirovka-tandem-trailgator-tow-bar\/#breadcrumb\"},\"inLanguage\":\"ro-RO\",\"potentialAction\":[{\"@type\":\"ReadAction\",\"target\":[\"https:\/\/xstyle.md\/product\/buksirovka-tandem-trailgator-tow-bar\/\"]}]},{\"@type\":\"ImageObject\",\"inLanguage\":\"ro-RO\",\"@id\":\"https:\/\/xstyle.md\/product\/buksirovka-tandem-trailgator-tow-bar\/#primaryimage\",\"url\":\"https:\/\/xstyle.md\/wp-content\/uploads\/2020\/07\/600x600-80286-trail-gator-barre-de-remorquage-tandem-pour-velo-enfant.jpg\",\"contentUrl\":\"https:\/\/xstyle.md\/wp-content\/uploads\/2020\/07\/600x600-80286-trail-gator-barre-de-remorquage-tandem-pour-velo-enfant.jpg\",\"width\":600,\"height\":600},{\"@type\":\"BreadcrumbList\",\"@id\":\"https:\/\/xstyle.md\/product\/buksirovka-tandem-trailgator-tow-bar\/#breadcrumb\",\"itemListElement\":[{\"@type\":\"ListItem\",\"position\":1,\"name\":\"\u0413\u043b\u0430\u0432\u043d\u0430\u044f \u0441\u0442\u0440\u0430\u043d\u0438\u0446\u0430\",\"item\":\"https:\/\/xstyle.md\/\"},{\"@type\":\"ListItem\",\"position\":2,\"name\":\"\u041c\u0430\u0433\u0430\u0437\u0438\u043d\",\"item\":\"https:\/\/xstyle.md\/shop\/\"},{\"@type\":\"ListItem\",\"position\":3,\"name\":\"\u0421\u0446\u0435\u043f\u043a\u0430 \u0436\u0435\u0441\u0442\u043a\u0430\u044f \u0434\u043b\u044f \u0431\u0443\u043a\u0441\u0438\u0440\u043e\u0432\u043a\u0438 \u0432\u0435\u043b\u043e\u0441\u0438\u043f\u0435\u0434\u0430 TANDEM-TRAILGATOR-TOW-BAR\"}]},{\"@type\":\"WebSite\",\"@id\":\"https:\/\/xstyle.md\/#website\",\"url\":\"https:\/\/xstyle.md\/\",\"name\":\"\u041c\u0430\u0433\u0430\u0437\u0438\u043d Xstyle\",\"description\":\"C\u043d\u0430\u0440\u044f\u0436\u0435\u043d\u0438\u0435 \u0434\u043b\u044f \u0442\u0443\u0440\u0438\u0437\u043c\u0430 \u0438 \u044d\u043a\u0441\u0442\u0440\u0435\u043c\u0430\u043b\u044c\u043d\u044b\u0445 \u0432\u0438\u0434\u043e\u0432 \u0441\u043f\u043e\u0440\u0442\u0430 \u0432 \u041c\u043e\u043b\u0434\u043e\u0432\u0435.. \u0426\u0435\u043d\u044b, \u0444\u043e\u0442\u043e, \u0445\u0430\u0440\u0430\u043a\u0442\u0435\u0440\u0438\u0441\u0442\u0438\u043a\u0438 \u0432 \u041c\u043e\u043b\u0434\u043e\u0432\u0435.\",\"publisher\":{\"@id\":\"https:\/\/xstyle.md\/#organization\"},\"alternateName\":\"X-Style\",\"potentialAction\":[{\"@type\":\"SearchAction\",\"target\":{\"@type\":\"EntryPoint\",\"urlTemplate\":\"https:\/\/xstyle.md\/?s={search_term_string}\"},\"query-input\":{\"@type\":\"PropertyValueSpecification\",\"valueRequired\":true,\"valueName\":\"search_term_string\"}}],\"inLanguage\":\"ro-RO\"},{\"@type\":\"Organization\",\"@id\":\"https:\/\/xstyle.md\/#organization\",\"name\":\"\u041c\u0430\u0433\u0430\u0437\u0438\u043d Xstyle\",\"alternateName\":\"x-style\",\"url\":\"https:\/\/xstyle.md\/\",\"logo\":{\"@type\":\"ImageObject\",\"inLanguage\":\"ro-RO\",\"@id\":\"https:\/\/xstyle.md\/#\/schema\/logo\/image\/\",\"url\":\"https:\/\/xstyle.md\/wp-content\/uploads\/2020\/06\/logoicon.svg\",\"contentUrl\":\"https:\/\/xstyle.md\/wp-content\/uploads\/2020\/06\/logoicon.svg\",\"caption\":\"\u041c\u0430\u0433\u0430\u0437\u0438\u043d Xstyle\"},\"image\":{\"@id\":\"https:\/\/xstyle.md\/#\/schema\/logo\/image\/\"},\"sameAs\":[\"https:\/\/www.facebook.com\/xstylemd\",\"https:\/\/www.instagram.com\/xstyle_md\/\",\"https:\/\/t.me\/xstyle_outdoor\"],\"hasMerchantReturnPolicy\":{\"@type\":\"MerchantReturnPolicy\",\"merchantReturnLink\":\"https:\/\/xstyle.md\/ro\/conditions\/\"}}]}<\/script>\n<meta property=\"product:price:amount\" content=\"1900.00\" \/>\n<meta property=\"product:price:currency\" content=\"MDL\" \/>\n<meta property=\"og:availability\" content=\"instock\" \/>\n<meta property=\"product:availability\" content=\"instock\" \/>\n<meta property=\"product:retailer_item_id\" content=\"12345\" \/>\n<meta property=\"product:condition\" content=\"new\" \/>\n<!-- \/ Yoast SEO plugin. -->","yoast_head_json":{"title":"Cuplaj rigid pentru remorcare biciclet\u0103 TANDEM-TRAILGATOR-TOW-BAR - Magazin Xstyle","description":"Sistemul de cuplare rigid TANDEM-TRAILGATOR-TOW-BAR este solu\u021bia ideal\u0103 pentru a tracta \u00een siguran\u021b\u0103 bicicleta cu un copil de 3-6 ani. Transform\u0103 c\u0103l\u0103toria \u00eentr-un tandem confortabil!","robots":{"index":"index","follow":"follow","max-snippet":"max-snippet:-1","max-image-preview":"max-image-preview:large","max-video-preview":"max-video-preview:-1"},"canonical":"https:\/\/xstyle.md\/ro\/produs\/buksirovka-tandem-trailgator-tow-bar\/","og_locale":"ro_RO","og_type":"article","og_title":"\u0421\u0446\u0435\u043f\u043a\u0430 \u0436\u0435\u0441\u0442\u043a\u0430\u044f \u0434\u043b\u044f \u0431\u0443\u043a\u0441\u0438\u0440\u043e\u0432\u043a\u0438 \u0432\u0435\u043b\u043e\u0441\u0438\u043f\u0435\u0434\u0430 TANDEM-TRAILGATOR-TOW-BAR - \u041c\u0430\u0433\u0430\u0437\u0438\u043d Xstyle","og_description":"\u0421\u0446\u0435\u043f\u043a\u0430 \u0436\u0435\u0441\u0442\u043a\u0430\u044f TANDEM-TRAILGATOR-TOW-BAR \u2014 \u0438\u0434\u0435\u0430\u043b\u044c\u043d\u043e\u0435 \u0440\u0435\u0448\u0435\u043d\u0438\u0435 \u0434\u043b\u044f \u0431\u0435\u0437\u043e\u043f\u0430\u0441\u043d\u043e\u0439 \u0431\u0443\u043a\u0441\u0438\u0440\u043e\u0432\u043a\u0438 \u0432\u0435\u043b\u043e\u0441\u0438\u043f\u0435\u0434\u0430 \u0441 \u0440\u0435\u0431\u0435\u043d\u043a\u043e\u043c 3-6 \u043b\u0435\u0442. \u041f\u0440\u0435\u0432\u0440\u0430\u0442\u0438\u0442\u0435 \u043f\u043e\u0435\u0437\u0434\u043a\u0443 \u0432 \u043a\u043e\u043c\u0444\u043e\u0440\u0442\u043d\u044b\u0439 \u0442\u0430\u043d\u0434\u0435\u043c!","og_url":"https:\/\/xstyle.md\/ro\/produs\/buksirovka-tandem-trailgator-tow-bar\/","og_site_name":"\u041c\u0430\u0433\u0430\u0437\u0438\u043d Xstyle","article_publisher":"https:\/\/www.facebook.com\/xstylemd","article_modified_time":"2026-03-19T13:34:06+00:00","og_image":[{"width":600,"height":600,"url":"https:\/\/xstyle.md\/wp-content\/uploads\/2020\/07\/600x600-80286-trail-gator-barre-de-remorquage-tandem-pour-velo-enfant.jpg","type":"image\/jpeg"}],"twitter_card":"summary_large_image","twitter_misc":{"Pre\u021b":"1.900&nbsp;MDL","Disponibilitate":"\u00cen stoc"},"schema":{"@context":"https:\/\/schema.org","@graph":[{"@type":"WebPage","@id":"https:\/\/xstyle.md\/product\/buksirovka-tandem-trailgator-tow-bar\/","url":"https:\/\/xstyle.md\/product\/buksirovka-tandem-trailgator-tow-bar\/","name":"Cuplaj rigid pentru remorcare biciclet\u0103 TANDEM-TRAILGATOR-TOW-BAR - Magazin Xstyle","isPartOf":{"@id":"https:\/\/xstyle.md\/#website"},"primaryImageOfPage":{"@id":"https:\/\/xstyle.md\/product\/buksirovka-tandem-trailgator-tow-bar\/#primaryimage"},"image":{"@id":"https:\/\/xstyle.md\/product\/buksirovka-tandem-trailgator-tow-bar\/#primaryimage"},"thumbnailUrl":"https:\/\/xstyle.md\/wp-content\/uploads\/2020\/07\/600x600-80286-trail-gator-barre-de-remorquage-tandem-pour-velo-enfant.jpg","datePublished":"2020-07-16T19:53:27+00:00","dateModified":"2026-03-19T13:34:06+00:00","description":"Sistemul de cuplare rigid TANDEM-TRAILGATOR-TOW-BAR este solu\u021bia ideal\u0103 pentru a tracta \u00een siguran\u021b\u0103 bicicleta cu un copil de 3-6 ani. Transform\u0103 c\u0103l\u0103toria \u00eentr-un tandem confortabil!","breadcrumb":{"@id":"https:\/\/xstyle.md\/product\/buksirovka-tandem-trailgator-tow-bar\/#breadcrumb"},"inLanguage":"ro-RO","potentialAction":[{"@type":"ReadAction","target":["https:\/\/xstyle.md\/product\/buksirovka-tandem-trailgator-tow-bar\/"]}]},{"@type":"ImageObject","inLanguage":"ro-RO","@id":"https:\/\/xstyle.md\/product\/buksirovka-tandem-trailgator-tow-bar\/#primaryimage","url":"https:\/\/xstyle.md\/wp-content\/uploads\/2020\/07\/600x600-80286-trail-gator-barre-de-remorquage-tandem-pour-velo-enfant.jpg","contentUrl":"https:\/\/xstyle.md\/wp-content\/uploads\/2020\/07\/600x600-80286-trail-gator-barre-de-remorquage-tandem-pour-velo-enfant.jpg","width":600,"height":600},{"@type":"BreadcrumbList","@id":"https:\/\/xstyle.md\/product\/buksirovka-tandem-trailgator-tow-bar\/#breadcrumb","itemListElement":[{"@type":"ListItem","position":1,"name":"\u0413\u043b\u0430\u0432\u043d\u0430\u044f \u0441\u0442\u0440\u0430\u043d\u0438\u0446\u0430","item":"https:\/\/xstyle.md\/"},{"@type":"ListItem","position":2,"name":"\u041c\u0430\u0433\u0430\u0437\u0438\u043d","item":"https:\/\/xstyle.md\/shop\/"},{"@type":"ListItem","position":3,"name":"\u0421\u0446\u0435\u043f\u043a\u0430 \u0436\u0435\u0441\u0442\u043a\u0430\u044f \u0434\u043b\u044f \u0431\u0443\u043a\u0441\u0438\u0440\u043e\u0432\u043a\u0438 \u0432\u0435\u043b\u043e\u0441\u0438\u043f\u0435\u0434\u0430 TANDEM-TRAILGATOR-TOW-BAR"}]},{"@type":"WebSite","@id":"https:\/\/xstyle.md\/#website","url":"https:\/\/xstyle.md\/","name":"Magazinul X-Style","description":"Echipamente pentru turism \u0219i sporturi extreme \u00een Moldova. Pre\u021buri, fotografii, caracteristici \u00een Moldova.","publisher":{"@id":"https:\/\/xstyle.md\/#organization"},"alternateName":"X-Style","potentialAction":[{"@type":"SearchAction","target":{"@type":"EntryPoint","urlTemplate":"https:\/\/xstyle.md\/?s={search_term_string}"},"query-input":{"@type":"PropertyValueSpecification","valueRequired":true,"valueName":"search_term_string"}}],"inLanguage":"ro-RO"},{"@type":"Organization","@id":"https:\/\/xstyle.md\/#organization","name":"Magazinul X-Style","alternateName":"x-style","url":"https:\/\/xstyle.md\/","logo":{"@type":"ImageObject","inLanguage":"ro-RO","@id":"https:\/\/xstyle.md\/#\/schema\/logo\/image\/","url":"https:\/\/xstyle.md\/wp-content\/uploads\/2020\/06\/logoicon.svg","contentUrl":"https:\/\/xstyle.md\/wp-content\/uploads\/2020\/06\/logoicon.svg","caption":"\u041c\u0430\u0433\u0430\u0437\u0438\u043d Xstyle"},"image":{"@id":"https:\/\/xstyle.md\/#\/schema\/logo\/image\/"},"sameAs":["https:\/\/www.facebook.com\/xstylemd","https:\/\/www.instagram.com\/xstyle_md\/","https:\/\/t.me\/xstyle_outdoor"],"hasMerchantReturnPolicy":{"@type":"MerchantReturnPolicy","merchantReturnLink":"https:\/\/xstyle.md\/ro\/conditions\/"}}]},"product_price_amount":"1900.00","product_price_currency":"MDL","og_availability":"instock","product_availability":"instock","product_retailer_item_id":"12345","product_condition":"new"},"post_mailing_queue_ids":[],"_links":{"self":[{"href":"https:\/\/xstyle.md\/ro\/wp-json\/wp\/v2\/product\/7616","targetHints":{"allow":["GET"]}}],"collection":[{"href":"https:\/\/xstyle.md\/ro\/wp-json\/wp\/v2\/product"}],"about":[{"href":"https:\/\/xstyle.md\/ro\/wp-json\/wp\/v2\/types\/product"}],"replies":[{"embeddable":true,"href":"https:\/\/xstyle.md\/ro\/wp-json\/wp\/v2\/comments?post=7616"}],"wp:featuredmedia":[{"embeddable":true,"href":"https:\/\/xstyle.md\/ro\/wp-json\/wp\/v2\/media\/7613"}],"wp:attachment":[{"href":"https:\/\/xstyle.md\/ro\/wp-json\/wp\/v2\/media?parent=7616"}],"wp:term":[{"taxonomy":"product_brand","embeddable":true,"href":"https:\/\/xstyle.md\/ro\/wp-json\/wp\/v2\/product_brand?post=7616"},{"taxonomy":"product_cat","embeddable":true,"href":"https:\/\/xstyle.md\/ro\/wp-json\/wp\/v2\/product_cat?post=7616"},{"taxonomy":"product_tag","embeddable":true,"href":"https:\/\/xstyle.md\/ro\/wp-json\/wp\/v2\/product_tag?post=7616"}],"curies":[{"name":"wp","href":"https:\/\/api.w.org\/{rel}","templated":true}]}}