{"id":76076,"date":"2023-11-25T12:28:26","date_gmt":"2023-11-25T09:28:26","guid":{"rendered":"https:\/\/xstyle.md\/?post_type=product&#038;p=76076"},"modified":"2024-10-03T01:29:12","modified_gmt":"2024-10-02T22:29:12","slug":"noski-lorpen-s3sme","status":"publish","type":"product","link":"https:\/\/xstyle.md\/ro\/produs\/noski-lorpen-s3sme\/","title":{"rendered":"\u0218osete Lorpen S3SME grey blue"},"content":{"rendered":"<\/p>\n<p><strong>Lorpen S3SME<\/strong> &#8212; \u0219osete de schi cu grosime medie, concepute pentru schiorii exigen\u021bi care petrec mult timp pe p\u00e2rtii. C\u0103ptu\u0219eala moale \u00een zona piciorului \u0219i a degetelor, precum \u0219i \u00een partea din fa\u021b\u0103 a tibiei, ofer\u0103 echilibrul perfect \u00eentre confort \u0219i eficien\u021ba transmiterii for\u021bei, permi\u021b\u00e2ndu-v\u0103 s\u0103 v\u0103 concentra\u021bi c\u00e2t mai mult asupra schiatului.<\/p>\n<p>Compozi\u021bia \u0219osetelor include l\u00e2n\u0103 merino pentru reten\u021bia excelent\u0103 a c\u0103ldurii \u0219i absorb\u021bia umezelii, precum \u0219i fibre sintetice pentru rezisten\u021b\u0103 \u0219i durabilitate. Zonele sigilate din zonele cu stres ridicat ofer\u0103 protec\u021bie suplimentar\u0103 \u0219i previn irita\u021biile. Lorpen S3SME este alegerea ideal\u0103 pentru schiorii activi care caut\u0103 o experien\u021b\u0103 de schi confortabil\u0103 \u0219i productiv\u0103.<\/p>\n<h3>Particularit\u0103\u021bi<\/h3>\n<ul>\n<li>SLS (SELECTIVE LAYERING SYSTEM) este o tehnologie care permite combinarea unui singur num\u0103r de straturi de materiale diferite \u00eentr-o zon\u0103 cu un potrivite ale \u0219osetei \u00een scopul unei endeplini cerin\u021bele de o anumit\u0103 activitate.<\/li>\n<li>T3 - Tehnologia exclusiv\u0103 Lorpen cu trei straturi de fibre diferite, care maximizeaz\u0103 performan\u021ba v\u00e2rfului fiec\u0103rui fibr\u0103 \u0219 i ofer\u0103 beneficii sportive maxime.<\/li>\n<li>L\u00e2n\u0103 de oaie Merino: un material ecologic \u0219 i natural cu protec ie \u00eempotriva inhib\u0103rii c\u0103ldurii \u0219 i regl\u0103rii temperaturii. Evacueaz\u0103 eficient excesul de umiditate \u0219i v\u0103 men\u021bine cald chiar \u0219i atunci c\u00e2nd sunte\u021bi ud. L\u00e2na Merino sunt propriet\u0103\u021bi antibacteriene naturale \u0219i previne formarea \u0219i acumularea mirosurilor nepl\u0103cute.<\/li>\n<li>Primaloft\u00ae ECO: o fibr\u0103 sintetic\u0103 care a fost formulat\u0103 cu acid molitic, cu tratament termic redus \u0219 i rezisten\u021bat\u0103 pentru umiditate. Fabricat\u0103 \u00een propor\u021bie de 70% din material reciclat, cum ar fi sticlele de plastic.<\/li>\n<li>Nailonul Red-Cycled este fabricat 100% din plase de pescuit scoase din uz, care, \u00een local s\u0103 devin\u0103 un pericol \u0219i gunoi \u00een ocean, devin produse noi. Fibra este foarte durabil\u0103 \u0219i rezistent\u0103 la uzur\u0103 \u0219i rupere.<\/li>\n<li>Lycra\u00ae: o fibril\u0103 elastic\u0103 sintetic\u0103, capabilizat\u0103 de o b\u0103t\u0103tur\u0103 de 6 ori \u0219i re\u00eenviat\u0103 la forma ini\u021bial\u0103 a nenumitorului ori. Strategia strategic\u0103 a acestui material \u00een biroul lui Lorpen este asigurat\u0103 de acestea rezist\u0103 multitudinii timpului \u0219i \u00eei p\u0103streaz\u0103 aspectul.<\/li>\n<\/ul>\n<h3>Caracteristici<\/h3>\n<ul>\n<li>Material &#8212; 34% L\u00e2n\u0103 Merino, 15% Primaloft\u00ae ECO, 38% Nylon reciclat ro\u0219u, 13% Lycra<\/li>\n<li>Num\u0103rul de straturi - trei straturi (T3)<\/li>\n<li>Scop - schi alpin, snowboarding.<\/li>\n<li>Anotimp - iarn\u0103<\/li>\n<li>Grosime - 2\/4<\/li>\n<li>Model &#8212; unisex<\/li>\n<\/ul>\n<h3>Marca<\/h3>\n<p>Lorpen este unul dintre cei mai importan\u021bi produc\u0103tori de articole sportive din Spania, care a imprimat cele mai populare articole sportive din lume. Gama lor include modele de trekking, alergare, expedi\u021bie \u0219i schi, pentru a putea oferi un gust al tuturor.<\/p>\n<p>Obiectivul principal al Lorpen este acela de a crea cel mai important \u0219osete \u00een punctarea tehnologiei lumii. Odat\u0103 ce a\u021bi \u00eencercat \u0219osetele termice Lorpen, care func\u021bioneaz\u0103 toat\u0103 ziua, chiar \u0219i \u00een timpul efortului intens, ajut\u00e2nd la reglarea c\u0103ldurii \u0219i a nivelului de umiditate din picioare, nu ve\u021bi mai putea purta niciodat\u0103 \u0219osete obi\u0219nuite din bumbac.<\/p>\n<p><\/p>","protected":false},"excerpt":{"rendered":"","protected":false},"featured_media":76382,"comment_status":"open","ping_status":"closed","template":"","meta":{"_acf_changed":false,"inline_featured_image":false},"product_brand":[1293],"product_cat":[229],"product_tag":[],"class_list":{"0":"post-76076","1":"product","2":"type-product","3":"status-publish","4":"has-post-thumbnail","6":"product_brand-lorpen","7":"product_cat-ski-snowboard","9":"first","10":"instock","11":"shipping-taxable","12":"purchasable","13":"product-type-simple"},"acf":[],"yoast_head":"<!-- This site is optimized with the Yoast SEO plugin v27.4 - https:\/\/yoast.com\/product\/yoast-seo-wordpress\/ -->\n<title>\u041d\u043e\u0441\u043a\u0438 Lorpen S3SME grey blue - \u041c\u0430\u0433\u0430\u0437\u0438\u043d Xstyle<\/title>\n<meta name=\"description\" content=\"\u041e\u0442\u043a\u0440\u043e\u0439\u0442\u0435 \u0434\u043b\u044f \u0441\u0435\u0431\u044f \u043d\u043e\u0441\u043a\u0438 Lorpen S3SME \u0441\u0435\u0440\u043e\u0433\u043e \u0438 \u0441\u0438\u043d\u0435\u0433\u043e \u0446\u0432\u0435\u0442\u0430. \u0418\u0434\u0435\u0430\u043b\u044c\u043d\u044b \u0434\u043b\u044f \u0433\u043e\u0440\u043d\u043e\u043b\u044b\u0436\u043d\u0438\u043a\u043e\u0432, \u0441\u043e\u0447\u0435\u0442\u0430\u044f \u043c\u044f\u0433\u043a\u043e\u0441\u0442\u044c \u0438 \u0442\u0435\u043f\u043b\u043e \u0431\u043b\u0430\u0433\u043e\u0434\u0430\u0440\u044f Merino \u0438 Primaloft.\" \/>\n<meta name=\"robots\" content=\"index, follow, max-snippet:-1, max-image-preview:large, max-video-preview:-1\" \/>\n<link rel=\"canonical\" href=\"https:\/\/xstyle.md\/ro\/produs\/noski-lorpen-s3sme\/\" \/>\n<meta property=\"og:locale\" content=\"ro_RO\" \/>\n<meta property=\"og:type\" content=\"article\" \/>\n<meta property=\"og:title\" content=\"\u041d\u043e\u0441\u043a\u0438 Lorpen S3SME grey blue - \u041c\u0430\u0433\u0430\u0437\u0438\u043d Xstyle\" \/>\n<meta property=\"og:description\" content=\"\u041e\u0442\u043a\u0440\u043e\u0439\u0442\u0435 \u0434\u043b\u044f \u0441\u0435\u0431\u044f \u043d\u043e\u0441\u043a\u0438 Lorpen S3SME \u0441\u0435\u0440\u043e\u0433\u043e \u0438 \u0441\u0438\u043d\u0435\u0433\u043e \u0446\u0432\u0435\u0442\u0430. \u0418\u0434\u0435\u0430\u043b\u044c\u043d\u044b \u0434\u043b\u044f \u0433\u043e\u0440\u043d\u043e\u043b\u044b\u0436\u043d\u0438\u043a\u043e\u0432, \u0441\u043e\u0447\u0435\u0442\u0430\u044f \u043c\u044f\u0433\u043a\u043e\u0441\u0442\u044c \u0438 \u0442\u0435\u043f\u043b\u043e \u0431\u043b\u0430\u0433\u043e\u0434\u0430\u0440\u044f Merino \u0438 Primaloft.\" \/>\n<meta property=\"og:url\" content=\"https:\/\/xstyle.md\/ro\/produs\/noski-lorpen-s3sme\/\" \/>\n<meta property=\"og:site_name\" content=\"\u041c\u0430\u0433\u0430\u0437\u0438\u043d Xstyle\" \/>\n<meta property=\"article:publisher\" content=\"https:\/\/www.facebook.com\/xstylemd\" \/>\n<meta property=\"article:modified_time\" content=\"2024-10-02T22:29:12+00:00\" \/>\n<meta property=\"og:image\" content=\"https:\/\/xstyle.md\/wp-content\/uploads\/2023\/11\/lorpen-s3sme-2604-grey-blue.jpg\" \/>\n\t<meta property=\"og:image:width\" content=\"1000\" \/>\n\t<meta property=\"og:image:height\" content=\"1000\" \/>\n\t<meta property=\"og:image:type\" content=\"image\/jpeg\" \/>\n<meta name=\"twitter:card\" content=\"summary_large_image\" \/>\n<meta name=\"twitter:label1\" content=\"Pre\u021b\" \/>\n\t<meta name=\"twitter:data1\" content=\"450&nbsp;MDL\" \/>\n\t<meta name=\"twitter:label2\" content=\"Disponibilitate\" \/>\n\t<meta name=\"twitter:data2\" content=\"\u00cen stoc\" \/>\n<script type=\"application\/ld+json\" class=\"yoast-schema-graph\">{\"@context\":\"https:\\\/\\\/schema.org\",\"@graph\":[{\"@type\":\"WebPage\",\"@id\":\"https:\\\/\\\/xstyle.md\\\/product\\\/noski-lorpen-s3sme\\\/\",\"url\":\"https:\\\/\\\/xstyle.md\\\/product\\\/noski-lorpen-s3sme\\\/\",\"name\":\"\u041d\u043e\u0441\u043a\u0438 Lorpen S3SME grey blue - \u041c\u0430\u0433\u0430\u0437\u0438\u043d Xstyle\",\"isPartOf\":{\"@id\":\"https:\\\/\\\/xstyle.md\\\/#website\"},\"primaryImageOfPage\":{\"@id\":\"https:\\\/\\\/xstyle.md\\\/product\\\/noski-lorpen-s3sme\\\/#primaryimage\"},\"image\":{\"@id\":\"https:\\\/\\\/xstyle.md\\\/product\\\/noski-lorpen-s3sme\\\/#primaryimage\"},\"thumbnailUrl\":\"https:\\\/\\\/xstyle.md\\\/wp-content\\\/uploads\\\/2023\\\/11\\\/lorpen-s3sme-2604-grey-blue.jpg\",\"datePublished\":\"2023-11-25T09:28:26+00:00\",\"dateModified\":\"2024-10-02T22:29:12+00:00\",\"description\":\"\u041e\u0442\u043a\u0440\u043e\u0439\u0442\u0435 \u0434\u043b\u044f \u0441\u0435\u0431\u044f \u043d\u043e\u0441\u043a\u0438 Lorpen S3SME \u0441\u0435\u0440\u043e\u0433\u043e \u0438 \u0441\u0438\u043d\u0435\u0433\u043e \u0446\u0432\u0435\u0442\u0430. \u0418\u0434\u0435\u0430\u043b\u044c\u043d\u044b \u0434\u043b\u044f \u0433\u043e\u0440\u043d\u043e\u043b\u044b\u0436\u043d\u0438\u043a\u043e\u0432, \u0441\u043e\u0447\u0435\u0442\u0430\u044f \u043c\u044f\u0433\u043a\u043e\u0441\u0442\u044c \u0438 \u0442\u0435\u043f\u043b\u043e \u0431\u043b\u0430\u0433\u043e\u0434\u0430\u0440\u044f Merino \u0438 Primaloft.\",\"breadcrumb\":{\"@id\":\"https:\\\/\\\/xstyle.md\\\/product\\\/noski-lorpen-s3sme\\\/#breadcrumb\"},\"inLanguage\":\"ro-RO\",\"potentialAction\":[{\"@type\":\"ReadAction\",\"target\":[\"https:\\\/\\\/xstyle.md\\\/product\\\/noski-lorpen-s3sme\\\/\"]}]},{\"@type\":\"ImageObject\",\"inLanguage\":\"ro-RO\",\"@id\":\"https:\\\/\\\/xstyle.md\\\/product\\\/noski-lorpen-s3sme\\\/#primaryimage\",\"url\":\"https:\\\/\\\/xstyle.md\\\/wp-content\\\/uploads\\\/2023\\\/11\\\/lorpen-s3sme-2604-grey-blue.jpg\",\"contentUrl\":\"https:\\\/\\\/xstyle.md\\\/wp-content\\\/uploads\\\/2023\\\/11\\\/lorpen-s3sme-2604-grey-blue.jpg\",\"width\":1000,\"height\":1000,\"caption\":\"\u041d\u043e\u0441\u043a\u0438 Lorpen S3SME \u0441\u0435\u0440\u043e-\u0441\u0438\u043d\u0438\u0435 \u0434\u043b\u044f \u0430\u043a\u0442\u0438\u0432\u043d\u043e\u0433\u043e \u043e\u0442\u0434\u044b\u0445\u0430, \u043f\u043e\u0445\u043e\u0434\u043e\u0432, \u0430\u043b\u044c\u043f\u0438\u043d\u0438\u0437\u043c\u0430, \u043f\u0443\u0442\u0435\u0448\u0435\u0441\u0442\u0432\u0438\u0439, \u043e\u0434\u0435\u0436\u0434\u044b \u0438 \u043e\u0431\u0443\u0432\u0438 \u0434\u043b\u044f \u043e\u043d\u043b\u0430\u0439\u043d \u043c\u0430\u0433\u0430\u0437\u0438\u043d\u0430\"},{\"@type\":\"BreadcrumbList\",\"@id\":\"https:\\\/\\\/xstyle.md\\\/product\\\/noski-lorpen-s3sme\\\/#breadcrumb\",\"itemListElement\":[{\"@type\":\"ListItem\",\"position\":1,\"name\":\"\u0413\u043b\u0430\u0432\u043d\u0430\u044f \u0441\u0442\u0440\u0430\u043d\u0438\u0446\u0430\",\"item\":\"https:\\\/\\\/xstyle.md\\\/\"},{\"@type\":\"ListItem\",\"position\":2,\"name\":\"\u041c\u0430\u0433\u0430\u0437\u0438\u043d\",\"item\":\"https:\\\/\\\/xstyle.md\\\/shop\\\/\"},{\"@type\":\"ListItem\",\"position\":3,\"name\":\"\u041d\u043e\u0441\u043a\u0438 Lorpen S3SME grey blue\"}]},{\"@type\":\"WebSite\",\"@id\":\"https:\\\/\\\/xstyle.md\\\/#website\",\"url\":\"https:\\\/\\\/xstyle.md\\\/\",\"name\":\"\u041c\u0430\u0433\u0430\u0437\u0438\u043d Xstyle\",\"description\":\"C\u043d\u0430\u0440\u044f\u0436\u0435\u043d\u0438\u0435 \u0434\u043b\u044f \u0442\u0443\u0440\u0438\u0437\u043c\u0430 \u0438 \u044d\u043a\u0441\u0442\u0440\u0435\u043c\u0430\u043b\u044c\u043d\u044b\u0445 \u0432\u0438\u0434\u043e\u0432 \u0441\u043f\u043e\u0440\u0442\u0430 \u0432 \u041c\u043e\u043b\u0434\u043e\u0432\u0435.. \u0426\u0435\u043d\u044b, \u0444\u043e\u0442\u043e, \u0445\u0430\u0440\u0430\u043a\u0442\u0435\u0440\u0438\u0441\u0442\u0438\u043a\u0438 \u0432 \u041c\u043e\u043b\u0434\u043e\u0432\u0435.\",\"publisher\":{\"@id\":\"https:\\\/\\\/xstyle.md\\\/#organization\"},\"alternateName\":\"X-Style\",\"potentialAction\":[{\"@type\":\"SearchAction\",\"target\":{\"@type\":\"EntryPoint\",\"urlTemplate\":\"https:\\\/\\\/xstyle.md\\\/?s={search_term_string}\"},\"query-input\":{\"@type\":\"PropertyValueSpecification\",\"valueRequired\":true,\"valueName\":\"search_term_string\"}}],\"inLanguage\":\"ro-RO\"},{\"@type\":\"Organization\",\"@id\":\"https:\\\/\\\/xstyle.md\\\/#organization\",\"name\":\"\u041c\u0430\u0433\u0430\u0437\u0438\u043d Xstyle\",\"alternateName\":\"x-style\",\"url\":\"https:\\\/\\\/xstyle.md\\\/\",\"logo\":{\"@type\":\"ImageObject\",\"inLanguage\":\"ro-RO\",\"@id\":\"https:\\\/\\\/xstyle.md\\\/#\\\/schema\\\/logo\\\/image\\\/\",\"url\":\"https:\\\/\\\/xstyle.md\\\/wp-content\\\/uploads\\\/2020\\\/06\\\/logoicon.svg\",\"contentUrl\":\"https:\\\/\\\/xstyle.md\\\/wp-content\\\/uploads\\\/2020\\\/06\\\/logoicon.svg\",\"caption\":\"\u041c\u0430\u0433\u0430\u0437\u0438\u043d Xstyle\"},\"image\":{\"@id\":\"https:\\\/\\\/xstyle.md\\\/#\\\/schema\\\/logo\\\/image\\\/\"},\"sameAs\":[\"https:\\\/\\\/www.facebook.com\\\/xstylemd\",\"https:\\\/\\\/www.instagram.com\\\/xstyle_md\\\/\",\"https:\\\/\\\/t.me\\\/xstyle_outdoor\"],\"hasMerchantReturnPolicy\":{\"@type\":\"MerchantReturnPolicy\",\"merchantReturnLink\":\"https:\\\/\\\/xstyle.md\\\/ro\\\/conditions\\\/\"}}]}<\/script>\n<meta property=\"product:price:amount\" content=\"450.00\" \/>\n<meta property=\"product:price:currency\" content=\"MDL\" \/>\n<meta property=\"og:availability\" content=\"instock\" \/>\n<meta property=\"product:availability\" content=\"instock\" \/>\n<meta property=\"product:retailer_item_id\" content=\"8445042176214\" \/>\n<meta property=\"product:condition\" content=\"new\" \/>\n<!-- \/ Yoast SEO plugin. -->","yoast_head_json":{"title":"\u0218osete Lorpen S3SME grey blue - Magazin Xstyle","description":"Descoperi\u021bi \u0219osetele Lorpen S3SME \u00een culorile gri \u0219i albastru. Ideal pentru schiorii, combin\u00e2nd moliciunea \u0219i c\u0103ldura datorit\u0103 Merino \u0219i Primaloft.","robots":{"index":"index","follow":"follow","max-snippet":"max-snippet:-1","max-image-preview":"max-image-preview:large","max-video-preview":"max-video-preview:-1"},"canonical":"https:\/\/xstyle.md\/ro\/produs\/noski-lorpen-s3sme\/","og_locale":"ro_RO","og_type":"article","og_title":"\u041d\u043e\u0441\u043a\u0438 Lorpen S3SME grey blue - \u041c\u0430\u0433\u0430\u0437\u0438\u043d Xstyle","og_description":"\u041e\u0442\u043a\u0440\u043e\u0439\u0442\u0435 \u0434\u043b\u044f \u0441\u0435\u0431\u044f \u043d\u043e\u0441\u043a\u0438 Lorpen S3SME \u0441\u0435\u0440\u043e\u0433\u043e \u0438 \u0441\u0438\u043d\u0435\u0433\u043e \u0446\u0432\u0435\u0442\u0430. \u0418\u0434\u0435\u0430\u043b\u044c\u043d\u044b \u0434\u043b\u044f \u0433\u043e\u0440\u043d\u043e\u043b\u044b\u0436\u043d\u0438\u043a\u043e\u0432, \u0441\u043e\u0447\u0435\u0442\u0430\u044f \u043c\u044f\u0433\u043a\u043e\u0441\u0442\u044c \u0438 \u0442\u0435\u043f\u043b\u043e \u0431\u043b\u0430\u0433\u043e\u0434\u0430\u0440\u044f Merino \u0438 Primaloft.","og_url":"https:\/\/xstyle.md\/ro\/produs\/noski-lorpen-s3sme\/","og_site_name":"\u041c\u0430\u0433\u0430\u0437\u0438\u043d Xstyle","article_publisher":"https:\/\/www.facebook.com\/xstylemd","article_modified_time":"2024-10-02T22:29:12+00:00","og_image":[{"width":1000,"height":1000,"url":"https:\/\/xstyle.md\/wp-content\/uploads\/2023\/11\/lorpen-s3sme-2604-grey-blue.jpg","type":"image\/jpeg"}],"twitter_card":"summary_large_image","twitter_misc":{"Pre\u021b":"450&nbsp;MDL","Disponibilitate":"\u00cen stoc"},"schema":{"@context":"https:\/\/schema.org","@graph":[{"@type":"WebPage","@id":"https:\/\/xstyle.md\/product\/noski-lorpen-s3sme\/","url":"https:\/\/xstyle.md\/product\/noski-lorpen-s3sme\/","name":"\u0218osete Lorpen S3SME grey blue - Magazin Xstyle","isPartOf":{"@id":"https:\/\/xstyle.md\/#website"},"primaryImageOfPage":{"@id":"https:\/\/xstyle.md\/product\/noski-lorpen-s3sme\/#primaryimage"},"image":{"@id":"https:\/\/xstyle.md\/product\/noski-lorpen-s3sme\/#primaryimage"},"thumbnailUrl":"https:\/\/xstyle.md\/wp-content\/uploads\/2023\/11\/lorpen-s3sme-2604-grey-blue.jpg","datePublished":"2023-11-25T09:28:26+00:00","dateModified":"2024-10-02T22:29:12+00:00","description":"Descoperi\u021bi \u0219osetele Lorpen S3SME \u00een culorile gri \u0219i albastru. Ideal pentru schiorii, combin\u00e2nd moliciunea \u0219i c\u0103ldura datorit\u0103 Merino \u0219i Primaloft.","breadcrumb":{"@id":"https:\/\/xstyle.md\/product\/noski-lorpen-s3sme\/#breadcrumb"},"inLanguage":"ro-RO","potentialAction":[{"@type":"ReadAction","target":["https:\/\/xstyle.md\/product\/noski-lorpen-s3sme\/"]}]},{"@type":"ImageObject","inLanguage":"ro-RO","@id":"https:\/\/xstyle.md\/product\/noski-lorpen-s3sme\/#primaryimage","url":"https:\/\/xstyle.md\/wp-content\/uploads\/2023\/11\/lorpen-s3sme-2604-grey-blue.jpg","contentUrl":"https:\/\/xstyle.md\/wp-content\/uploads\/2023\/11\/lorpen-s3sme-2604-grey-blue.jpg","width":1000,"height":1000,"caption":"\u041d\u043e\u0441\u043a\u0438 Lorpen S3SME \u0441\u0435\u0440\u043e-\u0441\u0438\u043d\u0438\u0435 \u0434\u043b\u044f \u0430\u043a\u0442\u0438\u0432\u043d\u043e\u0433\u043e \u043e\u0442\u0434\u044b\u0445\u0430, \u043f\u043e\u0445\u043e\u0434\u043e\u0432, \u0430\u043b\u044c\u043f\u0438\u043d\u0438\u0437\u043c\u0430, \u043f\u0443\u0442\u0435\u0448\u0435\u0441\u0442\u0432\u0438\u0439, \u043e\u0434\u0435\u0436\u0434\u044b \u0438 \u043e\u0431\u0443\u0432\u0438 \u0434\u043b\u044f \u043e\u043d\u043b\u0430\u0439\u043d \u043c\u0430\u0433\u0430\u0437\u0438\u043d\u0430"},{"@type":"BreadcrumbList","@id":"https:\/\/xstyle.md\/product\/noski-lorpen-s3sme\/#breadcrumb","itemListElement":[{"@type":"ListItem","position":1,"name":"\u0413\u043b\u0430\u0432\u043d\u0430\u044f \u0441\u0442\u0440\u0430\u043d\u0438\u0446\u0430","item":"https:\/\/xstyle.md\/"},{"@type":"ListItem","position":2,"name":"\u041c\u0430\u0433\u0430\u0437\u0438\u043d","item":"https:\/\/xstyle.md\/shop\/"},{"@type":"ListItem","position":3,"name":"\u041d\u043e\u0441\u043a\u0438 Lorpen S3SME grey blue"}]},{"@type":"WebSite","@id":"https:\/\/xstyle.md\/#website","url":"https:\/\/xstyle.md\/","name":"Magazinul X-Style","description":"Echipamente pentru turism \u0219i sporturi extreme \u00een Moldova. Pre\u021buri, fotografii, caracteristici \u00een Moldova.","publisher":{"@id":"https:\/\/xstyle.md\/#organization"},"alternateName":"X-Style","potentialAction":[{"@type":"SearchAction","target":{"@type":"EntryPoint","urlTemplate":"https:\/\/xstyle.md\/?s={search_term_string}"},"query-input":{"@type":"PropertyValueSpecification","valueRequired":true,"valueName":"search_term_string"}}],"inLanguage":"ro-RO"},{"@type":"Organization","@id":"https:\/\/xstyle.md\/#organization","name":"Magazinul X-Style","alternateName":"x-style","url":"https:\/\/xstyle.md\/","logo":{"@type":"ImageObject","inLanguage":"ro-RO","@id":"https:\/\/xstyle.md\/#\/schema\/logo\/image\/","url":"https:\/\/xstyle.md\/wp-content\/uploads\/2020\/06\/logoicon.svg","contentUrl":"https:\/\/xstyle.md\/wp-content\/uploads\/2020\/06\/logoicon.svg","caption":"\u041c\u0430\u0433\u0430\u0437\u0438\u043d Xstyle"},"image":{"@id":"https:\/\/xstyle.md\/#\/schema\/logo\/image\/"},"sameAs":["https:\/\/www.facebook.com\/xstylemd","https:\/\/www.instagram.com\/xstyle_md\/","https:\/\/t.me\/xstyle_outdoor"],"hasMerchantReturnPolicy":{"@type":"MerchantReturnPolicy","merchantReturnLink":"https:\/\/xstyle.md\/ro\/conditions\/"}}]},"product_price_amount":"450.00","product_price_currency":"MDL","og_availability":"instock","product_availability":"instock","product_retailer_item_id":"8445042176214","product_condition":"new"},"_links":{"self":[{"href":"https:\/\/xstyle.md\/ro\/wp-json\/wp\/v2\/product\/76076","targetHints":{"allow":["GET"]}}],"collection":[{"href":"https:\/\/xstyle.md\/ro\/wp-json\/wp\/v2\/product"}],"about":[{"href":"https:\/\/xstyle.md\/ro\/wp-json\/wp\/v2\/types\/product"}],"replies":[{"embeddable":true,"href":"https:\/\/xstyle.md\/ro\/wp-json\/wp\/v2\/comments?post=76076"}],"wp:featuredmedia":[{"embeddable":true,"href":"https:\/\/xstyle.md\/ro\/wp-json\/wp\/v2\/media\/76382"}],"wp:attachment":[{"href":"https:\/\/xstyle.md\/ro\/wp-json\/wp\/v2\/media?parent=76076"}],"wp:term":[{"taxonomy":"product_brand","embeddable":true,"href":"https:\/\/xstyle.md\/ro\/wp-json\/wp\/v2\/product_brand?post=76076"},{"taxonomy":"product_cat","embeddable":true,"href":"https:\/\/xstyle.md\/ro\/wp-json\/wp\/v2\/product_cat?post=76076"},{"taxonomy":"product_tag","embeddable":true,"href":"https:\/\/xstyle.md\/ro\/wp-json\/wp\/v2\/product_tag?post=76076"}],"curies":[{"name":"wp","href":"https:\/\/api.w.org\/{rel}","templated":true}]}}