{"id":76068,"date":"2023-11-25T12:28:24","date_gmt":"2023-11-25T09:28:24","guid":{"rendered":"https:\/\/xstyle.md\/?post_type=product&#038;p=76068"},"modified":"2024-11-11T15:15:02","modified_gmt":"2024-11-11T12:15:02","slug":"noski-lorpen-s2kne","status":"publish","type":"product","link":"https:\/\/xstyle.md\/ro\/produs\/noski-lorpen-s2kne\/","title":{"rendered":"\u0218osete Lorpen S2KNE berry 2 pack"},"content":{"rendered":"<\/p>\n<p><strong>Lorpen S2KNE<\/strong> &#8212; un set de dou\u0103 perechi de \u0219osete \u00eenalte din l\u00e2n\u0103 merino pentru copii, ideale pentru sporturile active de iarn\u0103 sau plimb\u0103rile pe vreme rece. Aceste \u0219osete sunt special concepute pentru copiii activi, oferind un nivel mediu de amortizare pentru protec\u021bie suplimentar\u0103.<\/p>\n<p>Construc\u021bia cu strat dublu a \u0219osetelor asigur\u0103 usc\u0103ciune, c\u0103ldur\u0103 \u0219i confort maxim. Primul strat \u00eendep\u0103rteaz\u0103 eficient umezeala de pe picior, \u00een timp ce al doilea strat o \u00eempinge \u00een afara \u0219osetelor, ceea ce favorizeaz\u0103 evaporarea \u0219i previne hipotermia. Materialul moale \u0219i pl\u0103cut la atingere din l\u00e2n\u0103 merino v\u0103 \u021bine de cald \u0219i are, de asemenea, propriet\u0103\u021bi antibacteriene naturale, prevenind mirosul.<\/p>\n<p>Cu o construc\u021bie durabil\u0103 \u0219i o form\u0103 anatomic\u0103, \u0219osetele ofer\u0103 o potrivire \u0219i o sus\u021binere excelente, fiind ideale pentru jocuri active \u00een aer liber sau plimb\u0103ri lungi pe vreme rece. Lorpen S2KNE este o alegere de \u00eencredere pentru p\u0103rin\u021bii care doresc s\u0103 \u00ee\u0219i men\u021bin\u0103 copiii confortabil \u0219i proteja\u021bi \u00een timpul lunilor de iarn\u0103.<\/p>\n<h3>Particularit\u0103\u021bi<\/h3>\n<ul>\n<li>\u021aes\u0103tur\u0103 deosebit de u\u0219oar\u0103 \u00een zona c\u0103lc\u00e2iului pentru evaporarea accelerat\u0103 a umidit\u0103\u021bii<\/li>\n<li>Zonele din poliamid\u0103 dublu stratificat\u0103 din zona antepiciorului cresc durabilitatea \u0219i protec\u021bia \u00een zonele de frecare ridicat\u0103 dintre \u0219oset\u0103 \u0219i cizma de schi.<\/li>\n<li>Forma anatomic\u0103, universal\u0103 pentru piciorul st\u00e2ng \u0219i drept, asigur\u0103 dubl\u0103 durabilitate \u0219i dubl\u0103 protec\u021bie.<\/li>\n<li>Cus\u0103tura unic\u0103 plat\u0103 a v\u00e2rfului nu freac\u0103 degetele de la picioare pentru un plus de confort.<\/li>\n<li>Piciorul anterior \u0219i piciorul inferior sigilate amortizeaz\u0103 tibia \u0219i piciorul pentru a atenua impactul<\/li>\n<li>Hipoalergenic<\/li>\n<\/ul>\n<h3>Caracteristici<\/h3>\n<ul>\n<li>Material &#8212; 82% l\u00e2n\u0103 Merino, 14% lycra, 4% nailon<\/li>\n<li>Material principal &#8212; L\u00e2n\u0103 Merino<\/li>\n<li>Num\u0103r de straturi &#8212; dou\u0103 straturi (T2)<\/li>\n<li>Scop - schi alpin, snowboarding.<\/li>\n<li>Anotimp - iarn\u0103<\/li>\n<li>Grosime &#8212; 4\/4<\/li>\n<li>Model &#8212; pentru copii<\/li>\n<\/ul>\n<h3>Tehnologie<\/h3>\n<ul>\n<li><strong>MerinoBlend<\/strong> \u2013 \u021bes\u0103tur\u0103 fin\u0103 din l\u00e2n\u0103 merinos \u0219i acrilic, rezult\u00e2nd un fir pl\u0103cut la atingere \u0219i care cre\u0219te nivelul de confort.<\/li>\n<li><strong>Tehnologia T2\u00a0<\/strong> &#8212; \u0219osete din l\u00e2n\u0103 merinos, poliester sau un amestec de fibre (l\u00e2n\u0103 \u0219i poliester &#8212; sinteticele fac l\u00e2na mai moale, \u00eendep\u0103rteaz\u0103 umezeala de pe picior \u0219i o \u00eempinge afar\u0103 unde se evapor\u0103; l\u00e2na men\u021bine piciorul cald chiar \u0219i atunci c\u00e2nd este umed \u0219i acumuleaz\u0103 umezeal\u0103 dac\u0103 pantoful nu respir\u0103 bine) \u0219i un strat exterior de nailon \u00een zonele cu frecare ridicat\u0103. Ca la toate \u0219osetele Lorpen, cus\u0103tura de la v\u00e2rf este plat\u0103.<\/li>\n<li><strong>Lycra<\/strong> &#8212; sau elastan sunt fibre sintetice caracterizate prin elasticitate \u0219i rezilien\u021b\u0103 excep\u021bionale. Con\u021binutul de Lycra din \u0219osetele Lorpen este de obicei \u00eentre 5 \u0219i 10%. Acest lucru asigur\u0103 c\u0103 \u0219osetele se potrivesc perfect piciorului \u0219i nu alunec\u0103 \u00een jos.<\/li>\n<li><strong>Nylon<\/strong> &#8212; un fir din fibre sintetice continue care se caracterizeaz\u0103 prin rezisten\u021b\u0103 la uzur\u0103 \u0219i propriet\u0103\u021bi de amortizare. Nylon este utilizat \u00een stratul exterior al \u0219osetelor Lorpen, oferindu-le o durat\u0103 lung\u0103 de via\u021b\u0103.<\/li>\n<\/ul>\n<h3>Marca<\/h3>\n<p>Lorpen este unul dintre cei mai importan\u021bi produc\u0103tori de articole sportive din Spania, care a imprimat cele mai populare articole sportive din lume. Gama lor include modele de trekking, alergare, expedi\u021bie \u0219i schi, pentru a putea oferi un gust al tuturor.<\/p>\n<p>Obiectivul principal al Lorpen este acela de a crea cel mai important \u0219osete \u00een punctarea tehnologiei lumii. Odat\u0103 ce a\u021bi \u00eencercat \u0219osetele termice Lorpen, care func\u021bioneaz\u0103 toat\u0103 ziua, chiar \u0219i \u00een timpul efortului intens, ajut\u00e2nd la reglarea c\u0103ldurii \u0219i a nivelului de umiditate din picioare, nu ve\u021bi mai putea purta niciodat\u0103 \u0219osete obi\u0219nuite din bumbac.<\/p>\n<p><\/p>","protected":false},"excerpt":{"rendered":"","protected":false},"featured_media":76394,"comment_status":"open","ping_status":"closed","template":"","meta":{"_acf_changed":false,"inline_featured_image":false},"product_brand":[1293],"product_cat":[229],"product_tag":[],"class_list":{"0":"post-76068","1":"product","2":"type-product","3":"status-publish","4":"has-post-thumbnail","6":"product_brand-lorpen","7":"product_cat-ski-snowboard","9":"first","10":"instock","11":"shipping-taxable","12":"purchasable","13":"product-type-simple"},"acf":[],"yoast_head":"<!-- This site is optimized with the Yoast SEO plugin v27.2 - https:\/\/yoast.com\/product\/yoast-seo-wordpress\/ -->\n<title>\u041d\u043e\u0441\u043a\u0438 Lorpen S2KNE berry 2 pack - \u041c\u0430\u0433\u0430\u0437\u0438\u043d Xstyle<\/title>\n<meta name=\"description\" content=\"\u041a\u0443\u043f\u0438\u0442\u0435 \u043d\u043e\u0441\u043a\u0438 Lorpen S2KNE berry, 2 \u043f\u0430\u0440\u044b - \u0438\u0434\u0435\u0430\u043b\u044c\u043d\u043e\u0435 \u0440\u0435\u0448\u0435\u043d\u0438\u0435 \u0434\u043b\u044f \u0430\u043a\u0442\u0438\u0432\u043d\u044b\u0445 \u0437\u0438\u043c\u043d\u0438\u0445 \u0432\u0438\u0434\u043e\u0432 \u0441\u043f\u043e\u0440\u0442\u0430 \u0438 \u043f\u0440\u043e\u0433\u0443\u043b\u043e\u043a. \u0412\u044b\u0441\u043e\u043a\u043e\u0435 \u043a\u0430\u0447\u0435\u0441\u0442\u0432\u043e \u0448\u0435\u0440\u0441\u0442\u0438 \u043c\u0435\u0440\u0438\u043d\u043e\u0441\u0430!\" \/>\n<meta name=\"robots\" content=\"index, follow, max-snippet:-1, max-image-preview:large, max-video-preview:-1\" \/>\n<link rel=\"canonical\" href=\"https:\/\/xstyle.md\/ro\/produs\/noski-lorpen-s2kne\/\" \/>\n<meta property=\"og:locale\" content=\"ro_RO\" \/>\n<meta property=\"og:type\" content=\"article\" \/>\n<meta property=\"og:title\" content=\"\u041d\u043e\u0441\u043a\u0438 Lorpen S2KNE berry 2 pack - \u041c\u0430\u0433\u0430\u0437\u0438\u043d Xstyle\" \/>\n<meta property=\"og:description\" content=\"\u041a\u0443\u043f\u0438\u0442\u0435 \u043d\u043e\u0441\u043a\u0438 Lorpen S2KNE berry, 2 \u043f\u0430\u0440\u044b - \u0438\u0434\u0435\u0430\u043b\u044c\u043d\u043e\u0435 \u0440\u0435\u0448\u0435\u043d\u0438\u0435 \u0434\u043b\u044f \u0430\u043a\u0442\u0438\u0432\u043d\u044b\u0445 \u0437\u0438\u043c\u043d\u0438\u0445 \u0432\u0438\u0434\u043e\u0432 \u0441\u043f\u043e\u0440\u0442\u0430 \u0438 \u043f\u0440\u043e\u0433\u0443\u043b\u043e\u043a. \u0412\u044b\u0441\u043e\u043a\u043e\u0435 \u043a\u0430\u0447\u0435\u0441\u0442\u0432\u043e \u0448\u0435\u0440\u0441\u0442\u0438 \u043c\u0435\u0440\u0438\u043d\u043e\u0441\u0430!\" \/>\n<meta property=\"og:url\" content=\"https:\/\/xstyle.md\/ro\/produs\/noski-lorpen-s2kne\/\" \/>\n<meta property=\"og:site_name\" content=\"\u041c\u0430\u0433\u0430\u0437\u0438\u043d Xstyle\" \/>\n<meta property=\"article:publisher\" content=\"https:\/\/www.facebook.com\/xstylemd\" \/>\n<meta property=\"article:modified_time\" content=\"2024-11-11T12:15:02+00:00\" \/>\n<meta property=\"og:image\" content=\"https:\/\/xstyle.md\/wp-content\/uploads\/2023\/11\/lorpen-s2kne-2336-berry.jpg\" \/>\n\t<meta property=\"og:image:width\" content=\"600\" \/>\n\t<meta property=\"og:image:height\" content=\"600\" \/>\n\t<meta property=\"og:image:type\" content=\"image\/jpeg\" \/>\n<meta name=\"twitter:card\" content=\"summary_large_image\" \/>\n<meta name=\"twitter:label1\" content=\"Pre\u021b\" \/>\n\t<meta name=\"twitter:data1\" content=\"495&nbsp;MDL\" \/>\n\t<meta name=\"twitter:label2\" content=\"Disponibilitate\" \/>\n\t<meta name=\"twitter:data2\" content=\"\u00cen stoc\" \/>\n<script type=\"application\/ld+json\" class=\"yoast-schema-graph\">{\"@context\":\"https:\/\/schema.org\",\"@graph\":[{\"@type\":\"WebPage\",\"@id\":\"https:\/\/xstyle.md\/product\/noski-lorpen-s2kne\/\",\"url\":\"https:\/\/xstyle.md\/product\/noski-lorpen-s2kne\/\",\"name\":\"\u041d\u043e\u0441\u043a\u0438 Lorpen S2KNE berry 2 pack - \u041c\u0430\u0433\u0430\u0437\u0438\u043d Xstyle\",\"isPartOf\":{\"@id\":\"https:\/\/xstyle.md\/#website\"},\"primaryImageOfPage\":{\"@id\":\"https:\/\/xstyle.md\/product\/noski-lorpen-s2kne\/#primaryimage\"},\"image\":{\"@id\":\"https:\/\/xstyle.md\/product\/noski-lorpen-s2kne\/#primaryimage\"},\"thumbnailUrl\":\"https:\/\/xstyle.md\/wp-content\/uploads\/2023\/11\/lorpen-s2kne-2336-berry.jpg\",\"datePublished\":\"2023-11-25T09:28:24+00:00\",\"dateModified\":\"2024-11-11T12:15:02+00:00\",\"description\":\"\u041a\u0443\u043f\u0438\u0442\u0435 \u043d\u043e\u0441\u043a\u0438 Lorpen S2KNE berry, 2 \u043f\u0430\u0440\u044b - \u0438\u0434\u0435\u0430\u043b\u044c\u043d\u043e\u0435 \u0440\u0435\u0448\u0435\u043d\u0438\u0435 \u0434\u043b\u044f \u0430\u043a\u0442\u0438\u0432\u043d\u044b\u0445 \u0437\u0438\u043c\u043d\u0438\u0445 \u0432\u0438\u0434\u043e\u0432 \u0441\u043f\u043e\u0440\u0442\u0430 \u0438 \u043f\u0440\u043e\u0433\u0443\u043b\u043e\u043a. \u0412\u044b\u0441\u043e\u043a\u043e\u0435 \u043a\u0430\u0447\u0435\u0441\u0442\u0432\u043e \u0448\u0435\u0440\u0441\u0442\u0438 \u043c\u0435\u0440\u0438\u043d\u043e\u0441\u0430!\",\"breadcrumb\":{\"@id\":\"https:\/\/xstyle.md\/product\/noski-lorpen-s2kne\/#breadcrumb\"},\"inLanguage\":\"ro-RO\",\"potentialAction\":[{\"@type\":\"ReadAction\",\"target\":[\"https:\/\/xstyle.md\/product\/noski-lorpen-s2kne\/\"]}]},{\"@type\":\"ImageObject\",\"inLanguage\":\"ro-RO\",\"@id\":\"https:\/\/xstyle.md\/product\/noski-lorpen-s2kne\/#primaryimage\",\"url\":\"https:\/\/xstyle.md\/wp-content\/uploads\/2023\/11\/lorpen-s2kne-2336-berry.jpg\",\"contentUrl\":\"https:\/\/xstyle.md\/wp-content\/uploads\/2023\/11\/lorpen-s2kne-2336-berry.jpg\",\"width\":600,\"height\":600,\"caption\":\"\u0422\u0435\u0440\u043c\u043e\u043d\u043e\u0441\u043a\u0438 Lorpen S2KNE berry \u0434\u043b\u044f \u0430\u043a\u0442\u0438\u0432\u043d\u043e\u0433\u043e \u043e\u0442\u0434\u044b\u0445\u0430, \u043f\u043e\u0445\u043e\u0434\u043e\u0432, \u0442\u0443\u0440\u0438\u0437\u043c\u0430 \u0438 \u043f\u0443\u0442\u0435\u0448\u0435\u0441\u0442\u0432\u0438\u0439 \u2014 \u043e\u0431\u0443\u0432\u044c \u0438 \u044d\u043a\u0438\u043f\u0438\u0440\u043e\u0432\u043a\u0430 \u0434\u043b\u044f \u0430\u043b\u044c\u043f\u0438\u043d\u0438\u0437\u043c\u0430, \u0442\u0443\u0440\u0438\u0437\u043c\u0430, \u0441\u043f\u043e\u0440\u0442 \u0438 outdoor \u0430\u043a\u0442\u0438\u0432\u043d\u043e\u0441\u0442\u0435\u0439\"},{\"@type\":\"BreadcrumbList\",\"@id\":\"https:\/\/xstyle.md\/product\/noski-lorpen-s2kne\/#breadcrumb\",\"itemListElement\":[{\"@type\":\"ListItem\",\"position\":1,\"name\":\"\u0413\u043b\u0430\u0432\u043d\u0430\u044f \u0441\u0442\u0440\u0430\u043d\u0438\u0446\u0430\",\"item\":\"https:\/\/xstyle.md\/\"},{\"@type\":\"ListItem\",\"position\":2,\"name\":\"\u041c\u0430\u0433\u0430\u0437\u0438\u043d\",\"item\":\"https:\/\/xstyle.md\/shop\/\"},{\"@type\":\"ListItem\",\"position\":3,\"name\":\"\u041d\u043e\u0441\u043a\u0438 Lorpen S2KNE berry 2 pack\"}]},{\"@type\":\"WebSite\",\"@id\":\"https:\/\/xstyle.md\/#website\",\"url\":\"https:\/\/xstyle.md\/\",\"name\":\"\u041c\u0430\u0433\u0430\u0437\u0438\u043d Xstyle\",\"description\":\"C\u043d\u0430\u0440\u044f\u0436\u0435\u043d\u0438\u0435 \u0434\u043b\u044f \u0442\u0443\u0440\u0438\u0437\u043c\u0430 \u0438 \u044d\u043a\u0441\u0442\u0440\u0435\u043c\u0430\u043b\u044c\u043d\u044b\u0445 \u0432\u0438\u0434\u043e\u0432 \u0441\u043f\u043e\u0440\u0442\u0430 \u0432 \u041c\u043e\u043b\u0434\u043e\u0432\u0435.. \u0426\u0435\u043d\u044b, \u0444\u043e\u0442\u043e, \u0445\u0430\u0440\u0430\u043a\u0442\u0435\u0440\u0438\u0441\u0442\u0438\u043a\u0438 \u0432 \u041c\u043e\u043b\u0434\u043e\u0432\u0435.\",\"publisher\":{\"@id\":\"https:\/\/xstyle.md\/#organization\"},\"alternateName\":\"X-Style\",\"potentialAction\":[{\"@type\":\"SearchAction\",\"target\":{\"@type\":\"EntryPoint\",\"urlTemplate\":\"https:\/\/xstyle.md\/?s={search_term_string}\"},\"query-input\":{\"@type\":\"PropertyValueSpecification\",\"valueRequired\":true,\"valueName\":\"search_term_string\"}}],\"inLanguage\":\"ro-RO\"},{\"@type\":\"Organization\",\"@id\":\"https:\/\/xstyle.md\/#organization\",\"name\":\"\u041c\u0430\u0433\u0430\u0437\u0438\u043d Xstyle\",\"alternateName\":\"x-style\",\"url\":\"https:\/\/xstyle.md\/\",\"logo\":{\"@type\":\"ImageObject\",\"inLanguage\":\"ro-RO\",\"@id\":\"https:\/\/xstyle.md\/#\/schema\/logo\/image\/\",\"url\":\"https:\/\/xstyle.md\/wp-content\/uploads\/2020\/06\/logoicon.svg\",\"contentUrl\":\"https:\/\/xstyle.md\/wp-content\/uploads\/2020\/06\/logoicon.svg\",\"caption\":\"\u041c\u0430\u0433\u0430\u0437\u0438\u043d Xstyle\"},\"image\":{\"@id\":\"https:\/\/xstyle.md\/#\/schema\/logo\/image\/\"},\"sameAs\":[\"https:\/\/www.facebook.com\/xstylemd\",\"https:\/\/www.instagram.com\/xstyle_md\/\",\"https:\/\/t.me\/xstyle_outdoor\"],\"hasMerchantReturnPolicy\":{\"@type\":\"MerchantReturnPolicy\",\"merchantReturnLink\":\"https:\/\/xstyle.md\/ro\/conditions\/\"}}]}<\/script>\n<meta property=\"product:price:amount\" content=\"495.00\" \/>\n<meta property=\"product:price:currency\" content=\"MDL\" \/>\n<meta property=\"og:availability\" content=\"instock\" \/>\n<meta property=\"product:availability\" content=\"instock\" \/>\n<meta property=\"product:retailer_item_id\" content=\"8445042176450\" \/>\n<meta property=\"product:condition\" content=\"new\" \/>\n<!-- \/ Yoast SEO plugin. -->","yoast_head_json":{"title":"\u0218osete Lorpen S2KNE berry 2 pack - Magazin Xstyle","description":"Cump\u0103ra\u021bi \u0219osete Lorpen S2KNE berry, 2 perechi - solu\u021bia ideal\u0103 pentru sporturile de iarn\u0103 active \u0219i plimb\u0103ri. Calitate \u00eenalt\u0103 a l\u00e2nii merino!","robots":{"index":"index","follow":"follow","max-snippet":"max-snippet:-1","max-image-preview":"max-image-preview:large","max-video-preview":"max-video-preview:-1"},"canonical":"https:\/\/xstyle.md\/ro\/produs\/noski-lorpen-s2kne\/","og_locale":"ro_RO","og_type":"article","og_title":"\u041d\u043e\u0441\u043a\u0438 Lorpen S2KNE berry 2 pack - \u041c\u0430\u0433\u0430\u0437\u0438\u043d Xstyle","og_description":"\u041a\u0443\u043f\u0438\u0442\u0435 \u043d\u043e\u0441\u043a\u0438 Lorpen S2KNE berry, 2 \u043f\u0430\u0440\u044b - \u0438\u0434\u0435\u0430\u043b\u044c\u043d\u043e\u0435 \u0440\u0435\u0448\u0435\u043d\u0438\u0435 \u0434\u043b\u044f \u0430\u043a\u0442\u0438\u0432\u043d\u044b\u0445 \u0437\u0438\u043c\u043d\u0438\u0445 \u0432\u0438\u0434\u043e\u0432 \u0441\u043f\u043e\u0440\u0442\u0430 \u0438 \u043f\u0440\u043e\u0433\u0443\u043b\u043e\u043a. \u0412\u044b\u0441\u043e\u043a\u043e\u0435 \u043a\u0430\u0447\u0435\u0441\u0442\u0432\u043e \u0448\u0435\u0440\u0441\u0442\u0438 \u043c\u0435\u0440\u0438\u043d\u043e\u0441\u0430!","og_url":"https:\/\/xstyle.md\/ro\/produs\/noski-lorpen-s2kne\/","og_site_name":"\u041c\u0430\u0433\u0430\u0437\u0438\u043d Xstyle","article_publisher":"https:\/\/www.facebook.com\/xstylemd","article_modified_time":"2024-11-11T12:15:02+00:00","og_image":[{"width":600,"height":600,"url":"https:\/\/xstyle.md\/wp-content\/uploads\/2023\/11\/lorpen-s2kne-2336-berry.jpg","type":"image\/jpeg"}],"twitter_card":"summary_large_image","twitter_misc":{"Pre\u021b":"495&nbsp;MDL","Disponibilitate":"\u00cen stoc"},"schema":{"@context":"https:\/\/schema.org","@graph":[{"@type":"WebPage","@id":"https:\/\/xstyle.md\/product\/noski-lorpen-s2kne\/","url":"https:\/\/xstyle.md\/product\/noski-lorpen-s2kne\/","name":"\u0218osete Lorpen S2KNE berry 2 pack - Magazin Xstyle","isPartOf":{"@id":"https:\/\/xstyle.md\/#website"},"primaryImageOfPage":{"@id":"https:\/\/xstyle.md\/product\/noski-lorpen-s2kne\/#primaryimage"},"image":{"@id":"https:\/\/xstyle.md\/product\/noski-lorpen-s2kne\/#primaryimage"},"thumbnailUrl":"https:\/\/xstyle.md\/wp-content\/uploads\/2023\/11\/lorpen-s2kne-2336-berry.jpg","datePublished":"2023-11-25T09:28:24+00:00","dateModified":"2024-11-11T12:15:02+00:00","description":"Cump\u0103ra\u021bi \u0219osete Lorpen S2KNE berry, 2 perechi - solu\u021bia ideal\u0103 pentru sporturile de iarn\u0103 active \u0219i plimb\u0103ri. Calitate \u00eenalt\u0103 a l\u00e2nii merino!","breadcrumb":{"@id":"https:\/\/xstyle.md\/product\/noski-lorpen-s2kne\/#breadcrumb"},"inLanguage":"ro-RO","potentialAction":[{"@type":"ReadAction","target":["https:\/\/xstyle.md\/product\/noski-lorpen-s2kne\/"]}]},{"@type":"ImageObject","inLanguage":"ro-RO","@id":"https:\/\/xstyle.md\/product\/noski-lorpen-s2kne\/#primaryimage","url":"https:\/\/xstyle.md\/wp-content\/uploads\/2023\/11\/lorpen-s2kne-2336-berry.jpg","contentUrl":"https:\/\/xstyle.md\/wp-content\/uploads\/2023\/11\/lorpen-s2kne-2336-berry.jpg","width":600,"height":600,"caption":"\u0422\u0435\u0440\u043c\u043e\u043d\u043e\u0441\u043a\u0438 Lorpen S2KNE berry \u0434\u043b\u044f \u0430\u043a\u0442\u0438\u0432\u043d\u043e\u0433\u043e \u043e\u0442\u0434\u044b\u0445\u0430, \u043f\u043e\u0445\u043e\u0434\u043e\u0432, \u0442\u0443\u0440\u0438\u0437\u043c\u0430 \u0438 \u043f\u0443\u0442\u0435\u0448\u0435\u0441\u0442\u0432\u0438\u0439 \u2014 \u043e\u0431\u0443\u0432\u044c \u0438 \u044d\u043a\u0438\u043f\u0438\u0440\u043e\u0432\u043a\u0430 \u0434\u043b\u044f \u0430\u043b\u044c\u043f\u0438\u043d\u0438\u0437\u043c\u0430, \u0442\u0443\u0440\u0438\u0437\u043c\u0430, \u0441\u043f\u043e\u0440\u0442 \u0438 outdoor \u0430\u043a\u0442\u0438\u0432\u043d\u043e\u0441\u0442\u0435\u0439"},{"@type":"BreadcrumbList","@id":"https:\/\/xstyle.md\/product\/noski-lorpen-s2kne\/#breadcrumb","itemListElement":[{"@type":"ListItem","position":1,"name":"\u0413\u043b\u0430\u0432\u043d\u0430\u044f \u0441\u0442\u0440\u0430\u043d\u0438\u0446\u0430","item":"https:\/\/xstyle.md\/"},{"@type":"ListItem","position":2,"name":"\u041c\u0430\u0433\u0430\u0437\u0438\u043d","item":"https:\/\/xstyle.md\/shop\/"},{"@type":"ListItem","position":3,"name":"\u041d\u043e\u0441\u043a\u0438 Lorpen S2KNE berry 2 pack"}]},{"@type":"WebSite","@id":"https:\/\/xstyle.md\/#website","url":"https:\/\/xstyle.md\/","name":"Magazinul X-Style","description":"Echipamente pentru turism \u0219i sporturi extreme \u00een Moldova. Pre\u021buri, fotografii, caracteristici \u00een Moldova.","publisher":{"@id":"https:\/\/xstyle.md\/#organization"},"alternateName":"X-Style","potentialAction":[{"@type":"SearchAction","target":{"@type":"EntryPoint","urlTemplate":"https:\/\/xstyle.md\/?s={search_term_string}"},"query-input":{"@type":"PropertyValueSpecification","valueRequired":true,"valueName":"search_term_string"}}],"inLanguage":"ro-RO"},{"@type":"Organization","@id":"https:\/\/xstyle.md\/#organization","name":"Magazinul X-Style","alternateName":"x-style","url":"https:\/\/xstyle.md\/","logo":{"@type":"ImageObject","inLanguage":"ro-RO","@id":"https:\/\/xstyle.md\/#\/schema\/logo\/image\/","url":"https:\/\/xstyle.md\/wp-content\/uploads\/2020\/06\/logoicon.svg","contentUrl":"https:\/\/xstyle.md\/wp-content\/uploads\/2020\/06\/logoicon.svg","caption":"\u041c\u0430\u0433\u0430\u0437\u0438\u043d Xstyle"},"image":{"@id":"https:\/\/xstyle.md\/#\/schema\/logo\/image\/"},"sameAs":["https:\/\/www.facebook.com\/xstylemd","https:\/\/www.instagram.com\/xstyle_md\/","https:\/\/t.me\/xstyle_outdoor"],"hasMerchantReturnPolicy":{"@type":"MerchantReturnPolicy","merchantReturnLink":"https:\/\/xstyle.md\/ro\/conditions\/"}}]},"product_price_amount":"495.00","product_price_currency":"MDL","og_availability":"instock","product_availability":"instock","product_retailer_item_id":"8445042176450","product_condition":"new"},"post_mailing_queue_ids":[],"_links":{"self":[{"href":"https:\/\/xstyle.md\/ro\/wp-json\/wp\/v2\/product\/76068","targetHints":{"allow":["GET"]}}],"collection":[{"href":"https:\/\/xstyle.md\/ro\/wp-json\/wp\/v2\/product"}],"about":[{"href":"https:\/\/xstyle.md\/ro\/wp-json\/wp\/v2\/types\/product"}],"replies":[{"embeddable":true,"href":"https:\/\/xstyle.md\/ro\/wp-json\/wp\/v2\/comments?post=76068"}],"wp:featuredmedia":[{"embeddable":true,"href":"https:\/\/xstyle.md\/ro\/wp-json\/wp\/v2\/media\/76394"}],"wp:attachment":[{"href":"https:\/\/xstyle.md\/ro\/wp-json\/wp\/v2\/media?parent=76068"}],"wp:term":[{"taxonomy":"product_brand","embeddable":true,"href":"https:\/\/xstyle.md\/ro\/wp-json\/wp\/v2\/product_brand?post=76068"},{"taxonomy":"product_cat","embeddable":true,"href":"https:\/\/xstyle.md\/ro\/wp-json\/wp\/v2\/product_cat?post=76068"},{"taxonomy":"product_tag","embeddable":true,"href":"https:\/\/xstyle.md\/ro\/wp-json\/wp\/v2\/product_tag?post=76068"}],"curies":[{"name":"wp","href":"https:\/\/api.w.org\/{rel}","templated":true}]}}