{"id":76067,"date":"2023-11-25T12:28:24","date_gmt":"2023-11-25T09:28:24","guid":{"rendered":"https:\/\/xstyle.md\/?post_type=product&#038;p=76067"},"modified":"2025-10-24T12:47:19","modified_gmt":"2025-10-24T09:47:19","slug":"noski-lorpen-h2mdoe","status":"publish","type":"product","link":"https:\/\/xstyle.md\/ro\/produs\/noski-lorpen-h2mdoe\/","title":{"rendered":"\u0218osete Lorpen H2MDOE"},"content":{"rendered":"<p><strong>Lorpen H2MDOE<\/strong> - \u0219osete calde din l\u00e2n\u0103 merino pentru v\u00e2n\u0103toare \u0219i pescuit \u00een sezonul rece. \u00cen aceste \u0219osete ve\u021bi fi \u00eentotdeauna cald, uscat \u0219i confortabil \u00een timp ce a\u0219tepta\u021bi momentul potrivit pentru a face o lovitur\u0103 bun\u0103. Componenta special\u0103 Merino Dry din \u021bes\u0103tura produsului promoveaz\u0103 echilibrul termic, evacueaz\u0103 umezeala excesiv\u0103 \u00een timpul mi\u0219c\u0103rilor active \u0219i previne mirosul nepl\u0103cut. Datorit\u0103 elasticit\u0103\u021bii Lycra, materialul se muleaz\u0103 u\u0219or pe picior \u0219i pe partea inferioar\u0103 a gambei pentru cea mai confortabil\u0103 potrivire. Cus\u0103tura unic\u0103 cu v\u00e2rf plat nu irit\u0103 degetele de la picioare, maximiz\u00e2nd confortul.<\/p>\n<h3>Particularit\u0103\u021bi<\/h3>\n<ul>\n<li>Stratul exterior de nailon previne apari\u021bia b\u0103\u0219icilor \u0219i ofer\u0103 rezisten\u021b\u0103 maxim\u0103 la abraziune<\/li>\n<li>Stratul interior MerinoDry ECO este foarte pl\u0103cut la atingere, previne mirosurile nepl\u0103cute \u0219i evacueaz\u0103 bine umezeala<\/li>\n<li>Construc\u021bia capitonat\u0103 asigur\u0103 o potrivire perfect\u0103 a pantofului \u0219i previne frecarea<\/li>\n<li>\u00a0Utilizarea Lycra elimin\u0103 formarea de cute<\/li>\n<li>Form\u0103 anatomic\u0103 pentru piciorul st\u00e2ng \u0219i drept<\/li>\n<li>Cus\u0103turi plate;<\/li>\n<\/ul>\n<h3>Caracteristici<\/h3>\n<ul>\n<li>Material - 74% MerinoDry ECO, 12%Red-Cycled nylon, 14% lycra<\/li>\n<li>Material principal - MerinoDry ECO<\/li>\n<li>Num\u0103r de straturi - dou\u0103 straturi (T2)<\/li>\n<li>Scop - v\u00e2n\u0103toare, pescuit<\/li>\n<li>Sezon - toamn\u0103\/iarn\u0103;<\/li>\n<li>Grosime - 4\/4<\/li>\n<li>Model - pentru b\u0103rba\u021bi.<\/li>\n<\/ul>\n<h3>Tehnologie<\/h3>\n<ul>\n<li><strong>MerinoDry ECO<\/strong> - Noul fir are toate avantajele l\u00e2nii merinos superfine \u0219i con\u021bine, de asemenea, fibra sintetic\u0103 de poliester 100%, care \u00eembun\u0103t\u0103\u021be\u0219te propriet\u0103\u021bile de absorb\u021bie a umezelii ale \u0219osetelor, se usuc\u0103 mai repede \u0219i cre\u0219te rezisten\u021ba la uzur\u0103.<\/li>\n<li><strong>Tehnologia T2\u00a0<\/strong>\u00a0- \u0219osete din l\u00e2n\u0103 merinos, poliester sau un amestec de fibre (l\u00e2n\u0103 \u0219i poliester - sinteticele fac l\u00e2na mai moale, \u00eendep\u0103rteaz\u0103 umezeala de pe picior \u0219i o \u00eempinge afar\u0103 unde se evapor\u0103; l\u00e2na men\u021bine piciorul cald chiar \u0219i atunci c\u00e2nd este umed, acumuleaz\u0103 umezeal\u0103 dac\u0103 pantoful nu respir\u0103 bine) \u0219i un strat exterior de nailon \u00een zonele cu frecare ridicat\u0103. Ca la toate \u0219osetele Lorpen, cus\u0103tura de la v\u00e2rf este plat\u0103.<\/li>\n<li><strong>Nylon<\/strong>\u00a0- un fir din fibre sintetice continue caracterizat prin rezisten\u021b\u0103 la uzur\u0103 \u0219i propriet\u0103\u021bi de amortizare. Nailonul este utilizat \u00een stratul exterior al \u0219osetelor Lorpen, oferindu-le o durat\u0103 lung\u0103 de via\u021b\u0103.<\/li>\n<li><strong>Lycra<\/strong>\u00a0- sau elastan sunt fibre sintetice caracterizate prin elasticitate excep\u021bional\u0103 \u0219i recuperare a formei. Con\u021binutul de Lycra al \u0219osetelor Lorpen este de obicei \u00eentre 5 \u0219i 10 %. Acest lucru asigur\u0103 c\u0103 \u0219osetele se potrivesc perfect piciorului \u0219i nu alunec\u0103.<\/li>\n<\/ul>\n<h3>Marca<\/h3>\n<p>Lorpen este un renumit produc\u0103tor spaniol de \u0219osete sportive de \u00eenalt\u0103 calitate, care sunt printre cele mai populare pe pia\u021ba mondial\u0103 \u00een prezent. Gama lor include modele de trekking, alergare, expedi\u021bie \u0219i schi pentru toate gusturile.<\/p>\n<p>Principalul obiectiv al Lorpen este s\u0103 creeze cele mai avansate \u0219osete din punct de vedere tehnologic din lume. Odat\u0103 ce a\u021bi \u00eencercat \u0219osetele termice Lorpen, care func\u021bioneaz\u0103 toat\u0103 ziua, chiar \u0219i \u00een timpul efortului intens, ajut\u00e2nd la reglarea nivelului de c\u0103ldur\u0103 \u0219i umiditate din picioare, nu ve\u021bi mai putea purta niciodat\u0103 \u0219osete obi\u0219nuite din bumbac.<\/p>","protected":false},"excerpt":{"rendered":"<p>Lorpen H2MDOE &#8212; \u0442\u0435\u043f\u043b\u044b\u0435 \u043d\u043e\u0441\u043a\u0438 \u0438\u0437 \u0448\u0435\u0440\u0441\u0442\u0438 \u043e\u0432\u0435\u0446 \u043c\u0435\u0440\u0438\u043d\u043e\u0441\u0430 \u0434\u043b\u044f \u043e\u0445\u043e\u0442\u044b \u0438 \u0440\u044b\u0431\u0430\u043b\u043a\u0438 \u0432 \u0445\u043e\u043b\u043e\u0434\u043d\u043e\u0435 \u0432\u0440\u0435\u043c\u044f \u0433\u043e\u0434\u0430. \u0412 \u044d\u0442\u0438\u0445 \u043d\u043e\u0441\u043a\u0430\u0445 \u0432\u0430\u043c \u0432\u0441\u0435\u0433\u0434\u0430 \u0431\u0443\u0434\u0435\u0442 \u0442\u0435\u043f\u043b\u043e, \u0441\u0443\u0445\u043e \u0438 \u043a\u043e\u043c\u0444\u043e\u0440\u0442\u043d\u043e, \u043f\u043e\u043a\u0430 \u0432\u044b \u0436\u0434\u0435\u0442\u0435 \u0443\u0434\u0430\u0447\u043d\u043e\u0433\u043e \u043c\u043e\u043c\u0435\u043d\u0442\u0430 \u0434\u043b\u044f \u0441\u043e\u0432\u0435\u0440\u0448\u0435\u043d\u0438\u044f \u0443\u0434\u0430\u0447\u043d\u043e\u0433\u043e \u0432\u044b\u0441\u0442\u0440\u0435\u043b\u0430. \u0421\u043f\u0435\u0446\u0438\u0430\u043b\u044c\u043d\u044b\u0439 \u043a\u043e\u043c\u043f\u043e\u043d\u0435\u043d\u0442 Merino Dry \u0432 \u0442\u043a\u0430\u043d\u0438 \u0438\u0437\u0434\u0435\u043b\u0438\u044f \u0441\u043f\u043e\u0441\u043e\u0431\u0441\u0442\u0432\u0443\u0435\u0442 \u0442\u0435\u0440\u043c\u043e\u0431\u0430\u043b\u0430\u043d\u0441\u0443, \u043e\u0442\u0432\u043e\u0434\u0438\u0442 \u0438\u0437\u043b\u0438\u0448\u043d\u044e\u044e \u0432\u043b\u0430\u0433\u0443 \u043f\u0440\u0438 \u0430\u043a\u0442\u0438\u0432\u043d\u044b\u0445 \u0434\u0432\u0438\u0436\u0435\u043d\u0438\u044f\u0445 \u0438 \u043f\u0440\u0435\u043f\u044f\u0442\u0441\u0442\u0432\u0443\u0435\u0442 \u0432\u043e\u0437\u043d\u0438\u043a\u043d\u043e\u0432\u0435\u043d\u0438\u044e \u043d\u0435\u043f\u0440\u0438\u044f\u0442\u043d\u043e\u0433\u043e [&hellip;]<\/p>\n","protected":false},"featured_media":76413,"comment_status":"open","ping_status":"closed","template":"","meta":{"_acf_changed":false,"inline_featured_image":false},"product_brand":[1293],"product_cat":[231],"product_tag":[],"class_list":{"0":"post-76067","1":"product","2":"type-product","3":"status-publish","4":"has-post-thumbnail","6":"product_brand-lorpen","7":"product_cat-hunting-fishing","9":"first","10":"instock","11":"shipping-taxable","12":"purchasable","13":"product-type-simple"},"acf":[],"yoast_head":"<!-- This site is optimized with the Yoast SEO plugin v27.2 - https:\/\/yoast.com\/product\/yoast-seo-wordpress\/ -->\n<title>\u041d\u043e\u0441\u043a\u0438 Lorpen H2MDOE - \u041c\u0430\u0433\u0430\u0437\u0438\u043d Xstyle<\/title>\n<meta name=\"description\" content=\"\u041a\u0443\u043f\u0438\u0442\u0435 \u043d\u043e\u0441\u043a\u0438 Lorpen H2MDOE \u0438\u0437 \u0432\u044b\u0441\u043e\u043a\u043e\u043a\u0430\u0447\u0435\u0441\u0442\u0432\u0435\u043d\u043d\u043e\u0433\u043e \u043c\u0430\u0442\u0435\u0440\u0438\u0430\u043b\u0430 MerinoDry ECO \u0434\u043b\u044f \u043c\u0430\u043a\u0441\u0438\u043c\u0430\u043b\u044c\u043d\u043e\u0433\u043e \u043a\u043e\u043c\u0444\u043e\u0440\u0442\u0430 \u0438 \u0434\u043e\u043b\u0433\u043e\u0432\u0435\u0447\u043d\u043e\u0441\u0442\u0438. \u0418\u0434\u0435\u0430\u043b\u044c\u043d\u044b \u0434\u043b\u044f \u0430\u043a\u0442\u0438\u0432\u043d\u044b\u0445 \u0434\u043d\u0435\u0439!\" \/>\n<meta name=\"robots\" content=\"index, follow, max-snippet:-1, max-image-preview:large, max-video-preview:-1\" \/>\n<link rel=\"canonical\" href=\"https:\/\/xstyle.md\/ro\/produs\/noski-lorpen-h2mdoe\/\" \/>\n<meta property=\"og:locale\" content=\"ro_RO\" \/>\n<meta property=\"og:type\" content=\"article\" \/>\n<meta property=\"og:title\" content=\"\u041d\u043e\u0441\u043a\u0438 Lorpen H2MDOE - \u041c\u0430\u0433\u0430\u0437\u0438\u043d Xstyle\" \/>\n<meta property=\"og:description\" content=\"\u041a\u0443\u043f\u0438\u0442\u0435 \u043d\u043e\u0441\u043a\u0438 Lorpen H2MDOE \u0438\u0437 \u0432\u044b\u0441\u043e\u043a\u043e\u043a\u0430\u0447\u0435\u0441\u0442\u0432\u0435\u043d\u043d\u043e\u0433\u043e \u043c\u0430\u0442\u0435\u0440\u0438\u0430\u043b\u0430 MerinoDry ECO \u0434\u043b\u044f \u043c\u0430\u043a\u0441\u0438\u043c\u0430\u043b\u044c\u043d\u043e\u0433\u043e \u043a\u043e\u043c\u0444\u043e\u0440\u0442\u0430 \u0438 \u0434\u043e\u043b\u0433\u043e\u0432\u0435\u0447\u043d\u043e\u0441\u0442\u0438. \u0418\u0434\u0435\u0430\u043b\u044c\u043d\u044b \u0434\u043b\u044f \u0430\u043a\u0442\u0438\u0432\u043d\u044b\u0445 \u0434\u043d\u0435\u0439!\" \/>\n<meta property=\"og:url\" content=\"https:\/\/xstyle.md\/ro\/produs\/noski-lorpen-h2mdoe\/\" \/>\n<meta property=\"og:site_name\" content=\"\u041c\u0430\u0433\u0430\u0437\u0438\u043d Xstyle\" \/>\n<meta property=\"article:publisher\" content=\"https:\/\/www.facebook.com\/xstylemd\" \/>\n<meta property=\"article:modified_time\" content=\"2025-10-24T09:47:19+00:00\" \/>\n<meta property=\"og:image\" content=\"https:\/\/xstyle.md\/wp-content\/uploads\/2023\/11\/lorpen-h2mdoe-5867-brown.jpg\" \/>\n\t<meta property=\"og:image:width\" content=\"1024\" \/>\n\t<meta property=\"og:image:height\" content=\"1024\" \/>\n\t<meta property=\"og:image:type\" content=\"image\/jpeg\" \/>\n<meta name=\"twitter:card\" content=\"summary_large_image\" \/>\n<meta name=\"twitter:label1\" content=\"Pre\u021b\" \/>\n\t<meta name=\"twitter:data1\" content=\"450&nbsp;MDL\" \/>\n\t<meta name=\"twitter:label2\" content=\"Disponibilitate\" \/>\n\t<meta name=\"twitter:data2\" content=\"\u00cen stoc\" \/>\n<script type=\"application\/ld+json\" class=\"yoast-schema-graph\">{\"@context\":\"https:\/\/schema.org\",\"@graph\":[{\"@type\":\"WebPage\",\"@id\":\"https:\/\/xstyle.md\/product\/noski-lorpen-h2mdoe\/\",\"url\":\"https:\/\/xstyle.md\/product\/noski-lorpen-h2mdoe\/\",\"name\":\"\u041d\u043e\u0441\u043a\u0438 Lorpen H2MDOE - \u041c\u0430\u0433\u0430\u0437\u0438\u043d Xstyle\",\"isPartOf\":{\"@id\":\"https:\/\/xstyle.md\/#website\"},\"primaryImageOfPage\":{\"@id\":\"https:\/\/xstyle.md\/product\/noski-lorpen-h2mdoe\/#primaryimage\"},\"image\":{\"@id\":\"https:\/\/xstyle.md\/product\/noski-lorpen-h2mdoe\/#primaryimage\"},\"thumbnailUrl\":\"https:\/\/xstyle.md\/wp-content\/uploads\/2023\/11\/lorpen-h2mdoe-5867-brown.jpg\",\"datePublished\":\"2023-11-25T09:28:24+00:00\",\"dateModified\":\"2025-10-24T09:47:19+00:00\",\"description\":\"\u041a\u0443\u043f\u0438\u0442\u0435 \u043d\u043e\u0441\u043a\u0438 Lorpen H2MDOE \u0438\u0437 \u0432\u044b\u0441\u043e\u043a\u043e\u043a\u0430\u0447\u0435\u0441\u0442\u0432\u0435\u043d\u043d\u043e\u0433\u043e \u043c\u0430\u0442\u0435\u0440\u0438\u0430\u043b\u0430 MerinoDry ECO \u0434\u043b\u044f \u043c\u0430\u043a\u0441\u0438\u043c\u0430\u043b\u044c\u043d\u043e\u0433\u043e \u043a\u043e\u043c\u0444\u043e\u0440\u0442\u0430 \u0438 \u0434\u043e\u043b\u0433\u043e\u0432\u0435\u0447\u043d\u043e\u0441\u0442\u0438. \u0418\u0434\u0435\u0430\u043b\u044c\u043d\u044b \u0434\u043b\u044f \u0430\u043a\u0442\u0438\u0432\u043d\u044b\u0445 \u0434\u043d\u0435\u0439!\",\"breadcrumb\":{\"@id\":\"https:\/\/xstyle.md\/product\/noski-lorpen-h2mdoe\/#breadcrumb\"},\"inLanguage\":\"ro-RO\",\"potentialAction\":[{\"@type\":\"ReadAction\",\"target\":[\"https:\/\/xstyle.md\/product\/noski-lorpen-h2mdoe\/\"]}]},{\"@type\":\"ImageObject\",\"inLanguage\":\"ro-RO\",\"@id\":\"https:\/\/xstyle.md\/product\/noski-lorpen-h2mdoe\/#primaryimage\",\"url\":\"https:\/\/xstyle.md\/wp-content\/uploads\/2023\/11\/lorpen-h2mdoe-5867-brown.jpg\",\"contentUrl\":\"https:\/\/xstyle.md\/wp-content\/uploads\/2023\/11\/lorpen-h2mdoe-5867-brown.jpg\",\"width\":1024,\"height\":1024,\"caption\":\"\u0422\u0435\u043f\u043b\u044b\u0435 \u043d\u043e\u0441\u043a\u0438 Lorpen H2MDOE \u0434\u043b\u044f \u0430\u043a\u0442\u0438\u0432\u043d\u043e\u0433\u043e \u043e\u0442\u0434\u044b\u0445\u0430, \u043f\u043e\u0445\u043e\u0434\u043e\u0432 \u0438 \u043f\u0443\u0442\u0435\u0448\u0435\u0441\u0442\u0432\u0438\u0439 \u2014 \u043e\u0434\u0435\u0436\u0434\u0430 \u0438 \u043e\u0431\u0443\u0432\u044c \u0434\u043b\u044f \u0442\u0443\u0440\u0438\u0437\u043c\u0430, \u0445\u0430\u0439\u043a\u0438\u043d\u0433\u0430, \u0432\u043e\u0441\u0445\u043e\u0436\u0434\u0435\u043d\u0438\u044f \u0438 \u0430\u043a\u0442\u0438\u0432\u043d\u043e\u0439 \u0436\u0438\u0437\u043d\u0438\"},{\"@type\":\"BreadcrumbList\",\"@id\":\"https:\/\/xstyle.md\/product\/noski-lorpen-h2mdoe\/#breadcrumb\",\"itemListElement\":[{\"@type\":\"ListItem\",\"position\":1,\"name\":\"\u0413\u043b\u0430\u0432\u043d\u0430\u044f \u0441\u0442\u0440\u0430\u043d\u0438\u0446\u0430\",\"item\":\"https:\/\/xstyle.md\/\"},{\"@type\":\"ListItem\",\"position\":2,\"name\":\"\u041c\u0430\u0433\u0430\u0437\u0438\u043d\",\"item\":\"https:\/\/xstyle.md\/shop\/\"},{\"@type\":\"ListItem\",\"position\":3,\"name\":\"\u041d\u043e\u0441\u043a\u0438 Lorpen H2MDOE\"}]},{\"@type\":\"WebSite\",\"@id\":\"https:\/\/xstyle.md\/#website\",\"url\":\"https:\/\/xstyle.md\/\",\"name\":\"\u041c\u0430\u0433\u0430\u0437\u0438\u043d Xstyle\",\"description\":\"C\u043d\u0430\u0440\u044f\u0436\u0435\u043d\u0438\u0435 \u0434\u043b\u044f \u0442\u0443\u0440\u0438\u0437\u043c\u0430 \u0438 \u044d\u043a\u0441\u0442\u0440\u0435\u043c\u0430\u043b\u044c\u043d\u044b\u0445 \u0432\u0438\u0434\u043e\u0432 \u0441\u043f\u043e\u0440\u0442\u0430 \u0432 \u041c\u043e\u043b\u0434\u043e\u0432\u0435.. \u0426\u0435\u043d\u044b, \u0444\u043e\u0442\u043e, \u0445\u0430\u0440\u0430\u043a\u0442\u0435\u0440\u0438\u0441\u0442\u0438\u043a\u0438 \u0432 \u041c\u043e\u043b\u0434\u043e\u0432\u0435.\",\"publisher\":{\"@id\":\"https:\/\/xstyle.md\/#organization\"},\"alternateName\":\"X-Style\",\"potentialAction\":[{\"@type\":\"SearchAction\",\"target\":{\"@type\":\"EntryPoint\",\"urlTemplate\":\"https:\/\/xstyle.md\/?s={search_term_string}\"},\"query-input\":{\"@type\":\"PropertyValueSpecification\",\"valueRequired\":true,\"valueName\":\"search_term_string\"}}],\"inLanguage\":\"ro-RO\"},{\"@type\":\"Organization\",\"@id\":\"https:\/\/xstyle.md\/#organization\",\"name\":\"\u041c\u0430\u0433\u0430\u0437\u0438\u043d Xstyle\",\"alternateName\":\"x-style\",\"url\":\"https:\/\/xstyle.md\/\",\"logo\":{\"@type\":\"ImageObject\",\"inLanguage\":\"ro-RO\",\"@id\":\"https:\/\/xstyle.md\/#\/schema\/logo\/image\/\",\"url\":\"https:\/\/xstyle.md\/wp-content\/uploads\/2020\/06\/logoicon.svg\",\"contentUrl\":\"https:\/\/xstyle.md\/wp-content\/uploads\/2020\/06\/logoicon.svg\",\"caption\":\"\u041c\u0430\u0433\u0430\u0437\u0438\u043d Xstyle\"},\"image\":{\"@id\":\"https:\/\/xstyle.md\/#\/schema\/logo\/image\/\"},\"sameAs\":[\"https:\/\/www.facebook.com\/xstylemd\",\"https:\/\/www.instagram.com\/xstyle_md\/\",\"https:\/\/t.me\/xstyle_outdoor\"],\"hasMerchantReturnPolicy\":{\"@type\":\"MerchantReturnPolicy\",\"merchantReturnLink\":\"https:\/\/xstyle.md\/ro\/conditions\/\"}}]}<\/script>\n<meta property=\"product:price:amount\" content=\"450.00\" \/>\n<meta property=\"product:price:currency\" content=\"MDL\" \/>\n<meta property=\"og:availability\" content=\"instock\" \/>\n<meta property=\"product:availability\" content=\"instock\" \/>\n<meta property=\"product:retailer_item_id\" content=\"8445042089903\" \/>\n<meta property=\"product:condition\" content=\"new\" \/>\n<!-- \/ Yoast SEO plugin. -->","yoast_head_json":{"title":"\u0218osete Lorpen H2MDOE - Magazin Xstyle","description":"Cump\u0103ra\u021bi \u0219osete Lorpen H2MDOE din material de \u00eenalt\u0103 calitate MerinoDry ECO pentru confort \u0219i durabilitate maxim\u0103. Ideale pentru zile active!","robots":{"index":"index","follow":"follow","max-snippet":"max-snippet:-1","max-image-preview":"max-image-preview:large","max-video-preview":"max-video-preview:-1"},"canonical":"https:\/\/xstyle.md\/ro\/produs\/noski-lorpen-h2mdoe\/","og_locale":"ro_RO","og_type":"article","og_title":"\u041d\u043e\u0441\u043a\u0438 Lorpen H2MDOE - \u041c\u0430\u0433\u0430\u0437\u0438\u043d Xstyle","og_description":"\u041a\u0443\u043f\u0438\u0442\u0435 \u043d\u043e\u0441\u043a\u0438 Lorpen H2MDOE \u0438\u0437 \u0432\u044b\u0441\u043e\u043a\u043e\u043a\u0430\u0447\u0435\u0441\u0442\u0432\u0435\u043d\u043d\u043e\u0433\u043e \u043c\u0430\u0442\u0435\u0440\u0438\u0430\u043b\u0430 MerinoDry ECO \u0434\u043b\u044f \u043c\u0430\u043a\u0441\u0438\u043c\u0430\u043b\u044c\u043d\u043e\u0433\u043e \u043a\u043e\u043c\u0444\u043e\u0440\u0442\u0430 \u0438 \u0434\u043e\u043b\u0433\u043e\u0432\u0435\u0447\u043d\u043e\u0441\u0442\u0438. \u0418\u0434\u0435\u0430\u043b\u044c\u043d\u044b \u0434\u043b\u044f \u0430\u043a\u0442\u0438\u0432\u043d\u044b\u0445 \u0434\u043d\u0435\u0439!","og_url":"https:\/\/xstyle.md\/ro\/produs\/noski-lorpen-h2mdoe\/","og_site_name":"\u041c\u0430\u0433\u0430\u0437\u0438\u043d Xstyle","article_publisher":"https:\/\/www.facebook.com\/xstylemd","article_modified_time":"2025-10-24T09:47:19+00:00","og_image":[{"width":1024,"height":1024,"url":"https:\/\/xstyle.md\/wp-content\/uploads\/2023\/11\/lorpen-h2mdoe-5867-brown.jpg","type":"image\/jpeg"}],"twitter_card":"summary_large_image","twitter_misc":{"Pre\u021b":"450&nbsp;MDL","Disponibilitate":"\u00cen stoc"},"schema":{"@context":"https:\/\/schema.org","@graph":[{"@type":"WebPage","@id":"https:\/\/xstyle.md\/product\/noski-lorpen-h2mdoe\/","url":"https:\/\/xstyle.md\/product\/noski-lorpen-h2mdoe\/","name":"\u0218osete Lorpen H2MDOE - Magazin Xstyle","isPartOf":{"@id":"https:\/\/xstyle.md\/#website"},"primaryImageOfPage":{"@id":"https:\/\/xstyle.md\/product\/noski-lorpen-h2mdoe\/#primaryimage"},"image":{"@id":"https:\/\/xstyle.md\/product\/noski-lorpen-h2mdoe\/#primaryimage"},"thumbnailUrl":"https:\/\/xstyle.md\/wp-content\/uploads\/2023\/11\/lorpen-h2mdoe-5867-brown.jpg","datePublished":"2023-11-25T09:28:24+00:00","dateModified":"2025-10-24T09:47:19+00:00","description":"Cump\u0103ra\u021bi \u0219osete Lorpen H2MDOE din material de \u00eenalt\u0103 calitate MerinoDry ECO pentru confort \u0219i durabilitate maxim\u0103. Ideale pentru zile active!","breadcrumb":{"@id":"https:\/\/xstyle.md\/product\/noski-lorpen-h2mdoe\/#breadcrumb"},"inLanguage":"ro-RO","potentialAction":[{"@type":"ReadAction","target":["https:\/\/xstyle.md\/product\/noski-lorpen-h2mdoe\/"]}]},{"@type":"ImageObject","inLanguage":"ro-RO","@id":"https:\/\/xstyle.md\/product\/noski-lorpen-h2mdoe\/#primaryimage","url":"https:\/\/xstyle.md\/wp-content\/uploads\/2023\/11\/lorpen-h2mdoe-5867-brown.jpg","contentUrl":"https:\/\/xstyle.md\/wp-content\/uploads\/2023\/11\/lorpen-h2mdoe-5867-brown.jpg","width":1024,"height":1024,"caption":"\u0422\u0435\u043f\u043b\u044b\u0435 \u043d\u043e\u0441\u043a\u0438 Lorpen H2MDOE \u0434\u043b\u044f \u0430\u043a\u0442\u0438\u0432\u043d\u043e\u0433\u043e \u043e\u0442\u0434\u044b\u0445\u0430, \u043f\u043e\u0445\u043e\u0434\u043e\u0432 \u0438 \u043f\u0443\u0442\u0435\u0448\u0435\u0441\u0442\u0432\u0438\u0439 \u2014 \u043e\u0434\u0435\u0436\u0434\u0430 \u0438 \u043e\u0431\u0443\u0432\u044c \u0434\u043b\u044f \u0442\u0443\u0440\u0438\u0437\u043c\u0430, \u0445\u0430\u0439\u043a\u0438\u043d\u0433\u0430, \u0432\u043e\u0441\u0445\u043e\u0436\u0434\u0435\u043d\u0438\u044f \u0438 \u0430\u043a\u0442\u0438\u0432\u043d\u043e\u0439 \u0436\u0438\u0437\u043d\u0438"},{"@type":"BreadcrumbList","@id":"https:\/\/xstyle.md\/product\/noski-lorpen-h2mdoe\/#breadcrumb","itemListElement":[{"@type":"ListItem","position":1,"name":"\u0413\u043b\u0430\u0432\u043d\u0430\u044f \u0441\u0442\u0440\u0430\u043d\u0438\u0446\u0430","item":"https:\/\/xstyle.md\/"},{"@type":"ListItem","position":2,"name":"\u041c\u0430\u0433\u0430\u0437\u0438\u043d","item":"https:\/\/xstyle.md\/shop\/"},{"@type":"ListItem","position":3,"name":"\u041d\u043e\u0441\u043a\u0438 Lorpen H2MDOE"}]},{"@type":"WebSite","@id":"https:\/\/xstyle.md\/#website","url":"https:\/\/xstyle.md\/","name":"Magazinul X-Style","description":"Echipamente pentru turism \u0219i sporturi extreme \u00een Moldova. Pre\u021buri, fotografii, caracteristici \u00een Moldova.","publisher":{"@id":"https:\/\/xstyle.md\/#organization"},"alternateName":"X-Style","potentialAction":[{"@type":"SearchAction","target":{"@type":"EntryPoint","urlTemplate":"https:\/\/xstyle.md\/?s={search_term_string}"},"query-input":{"@type":"PropertyValueSpecification","valueRequired":true,"valueName":"search_term_string"}}],"inLanguage":"ro-RO"},{"@type":"Organization","@id":"https:\/\/xstyle.md\/#organization","name":"Magazinul X-Style","alternateName":"x-style","url":"https:\/\/xstyle.md\/","logo":{"@type":"ImageObject","inLanguage":"ro-RO","@id":"https:\/\/xstyle.md\/#\/schema\/logo\/image\/","url":"https:\/\/xstyle.md\/wp-content\/uploads\/2020\/06\/logoicon.svg","contentUrl":"https:\/\/xstyle.md\/wp-content\/uploads\/2020\/06\/logoicon.svg","caption":"\u041c\u0430\u0433\u0430\u0437\u0438\u043d Xstyle"},"image":{"@id":"https:\/\/xstyle.md\/#\/schema\/logo\/image\/"},"sameAs":["https:\/\/www.facebook.com\/xstylemd","https:\/\/www.instagram.com\/xstyle_md\/","https:\/\/t.me\/xstyle_outdoor"],"hasMerchantReturnPolicy":{"@type":"MerchantReturnPolicy","merchantReturnLink":"https:\/\/xstyle.md\/ro\/conditions\/"}}]},"product_price_amount":"450.00","product_price_currency":"MDL","og_availability":"instock","product_availability":"instock","product_retailer_item_id":"8445042089903","product_condition":"new"},"post_mailing_queue_ids":[],"_links":{"self":[{"href":"https:\/\/xstyle.md\/ro\/wp-json\/wp\/v2\/product\/76067","targetHints":{"allow":["GET"]}}],"collection":[{"href":"https:\/\/xstyle.md\/ro\/wp-json\/wp\/v2\/product"}],"about":[{"href":"https:\/\/xstyle.md\/ro\/wp-json\/wp\/v2\/types\/product"}],"replies":[{"embeddable":true,"href":"https:\/\/xstyle.md\/ro\/wp-json\/wp\/v2\/comments?post=76067"}],"wp:featuredmedia":[{"embeddable":true,"href":"https:\/\/xstyle.md\/ro\/wp-json\/wp\/v2\/media\/76413"}],"wp:attachment":[{"href":"https:\/\/xstyle.md\/ro\/wp-json\/wp\/v2\/media?parent=76067"}],"wp:term":[{"taxonomy":"product_brand","embeddable":true,"href":"https:\/\/xstyle.md\/ro\/wp-json\/wp\/v2\/product_brand?post=76067"},{"taxonomy":"product_cat","embeddable":true,"href":"https:\/\/xstyle.md\/ro\/wp-json\/wp\/v2\/product_cat?post=76067"},{"taxonomy":"product_tag","embeddable":true,"href":"https:\/\/xstyle.md\/ro\/wp-json\/wp\/v2\/product_tag?post=76067"}],"curies":[{"name":"wp","href":"https:\/\/api.w.org\/{rel}","templated":true}]}}