{"id":76059,"date":"2023-11-25T12:28:23","date_gmt":"2023-11-25T09:28:23","guid":{"rendered":"https:\/\/xstyle.md\/?post_type=product&#038;p=76059"},"modified":"2025-10-24T12:23:52","modified_gmt":"2025-10-24T09:23:52","slug":"nozh-boker-plus-frnd-silver","status":"publish","type":"product","link":"https:\/\/xstyle.md\/ro\/produs\/nozh-boker-plus-frnd-silver\/","title":{"rendered":"Cu\u021bit Boker Plus FRND Silver"},"content":{"rendered":"<\/p>\n<p><strong>Boker Plus FRND Silver<\/strong> &#8212; un cu\u021bit automat EDC care combin\u0103 perfect rigoarea designului clasic \u0219i caracterul practic. Lama realizat\u0103 din o\u021bel pentru unelte va face fa\u021b\u0103 oric\u0103ror sarcini zilnice, iar sistemul de deschidere comod \u0219i sigur face ca utilizarea sa s\u0103 fie c\u00e2t mai confortabil\u0103 \u0219i mai sigur\u0103. F\u0103r\u0103 greutate \u0219i compact, acest cu\u021bit va deveni un accesoriu indispensabil pentru cei care apreciaz\u0103 calitatea \u0219i func\u021bionalitatea f\u0103r\u0103 excese. O alegere excelent\u0103 pentru cei care caut\u0103 o unealt\u0103 eficient\u0103 la un pre\u021b rezonabil.<\/p>\n<p>Lama drop-point este fabricat\u0103 din o\u021bel de scule D2 cu tratament stonewash \u0219i se deschide automat la ap\u0103sarea butonului. \u00cen plus, este blocat\u0103 \u00een pozi\u021bia deschis\u0103 \u0219i \u00eenchis\u0103 cu ajutorul unui dispozitiv de siguran\u021b\u0103.<\/p>\n<p>M\u00e2nerul este fabricat din polimer grivory \u0219i are o form\u0103 simpl\u0103 \u0219i confortabil\u0103, cu o suprafa\u021b\u0103 aspr\u0103. Este, de asemenea, echipat cu un orificiu de \u00eentunecare \u0219i o clem\u0103 de o\u021bel.<\/p>\n<p>Lama este fabricat\u0103 din o\u021bel D2. D2 este un o\u021bel de scule fabricat \u00een America, cu un con\u021binut ridicat de carbon \u0219i crom, ceea ce \u00eel face at\u00e2t ascu\u021bit, c\u00e2t \u0219i rezistent la coroziune.<\/p>\n<p>Acest o\u021bel se remarc\u0103 printr-o rezisten\u021b\u0103 semnificativ\u0103 la uzur\u0103 \u0219i o duritate ridicat\u0103 la impact, fiind \u00een acela\u0219i timp u\u0219or de fabricat \u0219i cu un pre\u021b sc\u0103zut. D2 este cunoscut pentru utilizarea sa \u00een produc\u021bia de echipamente militare \u00een timpul celui de-al Doilea R\u0103zboi Mondial.<\/p>\n<p>O prelucrare adecvat\u0103 poate atinge o duritate ridicat\u0103, de p\u00e2n\u0103 la aproximativ 64 hrc.<\/p>\n<p>Principalele dezavantaje ale D2 sunt capacitatea sa limitat\u0103 de a men\u021bine o muchie de t\u0103iere \u0219i lipsa unor standarde clare de produc\u021bie.<\/p>\n<p>M\u00e2nerul este fabricat din Grivory. Grivory este un analog al Zytel \u0219i are o compozi\u021bie foarte asem\u0103n\u0103toare cu acest polimer, dar poate rezista la temperaturi mai ridicate \u0219i este mai pu\u021bin sensibil la impact. Grivory este un material excelent pentru utilizarea \u00een condi\u021bii extreme, motiv pentru care este utilizat la fabricarea de echipamente sportive, \u00een industria auto \u0219i \u00een ingineria mecanic\u0103.<\/p>\n<h3>Caracteristici<\/h3>\n<ul>\n<li>Tip cu\u021bit: pliabil<\/li>\n<li>Tip de t\u0103i\u0219: regulat<\/li>\n<li>Tip de blocare: Button Lock<\/li>\n<li>Lungime total\u0103: 20 cm<\/li>\n<li>Lungimea lamei: 8,5 cm<\/li>\n<li>Material m\u00e2ner: Grivory<\/li>\n<li>Duritatea o\u021belului: 64 HRC<\/li>\n<li>Grad de o\u021bel: D2<\/li>\n<li>Greutate: 74 g.<\/li>\n<\/ul>\n<h3>Marca<\/h3>\n<p>B\u00f6ker este una dintre cele mai vechi companii germane, cu o istorie care dateaz\u0103 \u00eenc\u0103 din Evul Mediu t\u00e2rziu. Produc\u021bia familial\u0103 de s\u0103bii s-a dezvoltat \u00eentr-o gam\u0103 larg\u0103 de cu\u021bite, de la cu\u021bite de buc\u0103t\u0103rie la cu\u021bite de colec\u021bie. Iar emblema companiei, folosit\u0103 de mai bine de 150 de ani, este puternicul castan care a crescut l\u00e2ng\u0103 fabric\u0103.<\/p>\n<p>La fabricarea cu\u021bitelor se utilizeaz\u0103 o\u021bel german de \u00eenalt\u0103 calitate de la Solingen, precum \u0219i o\u021bel Damasc &#8212; materiale care s-au dovedit a fi durabile \u0219i ascu\u021bite pentru o perioad\u0103 lung\u0103 de timp. M\u00e2nerele sunt \u00eencrustate cu lemn valoros, ceramic\u0103, plastic. Produsele sunt reprezentate de o gam\u0103 larg\u0103 de forme de lame, toate modelele sunt surprinz\u0103tor de ergonomice \u0219i perfect echilibrate.<\/p>\n<p>Respectul pentru tradi\u021bie merge m\u00e2n\u0103 \u00een m\u00e2n\u0103 cu designul inovator. Toate acestea inspir\u0103 milioane de entuzia\u0219ti \u0219i utilizatori de cu\u021bite care au ajuns deja s\u0103 aprecieze fiabilitatea, originalitatea, func\u021bionalitatea \u0219i calitatea \u00eenalt\u0103 \u0219i de neegalat a produselor B\u00f6ker.<\/p>\n<p><\/p>","protected":false},"excerpt":{"rendered":"","protected":false},"featured_media":76196,"comment_status":"open","ping_status":"closed","template":"","meta":{"_acf_changed":false,"inline_featured_image":false},"product_brand":[1392],"product_cat":[169],"product_tag":[],"class_list":{"0":"post-76059","1":"product","2":"type-product","3":"status-publish","4":"has-post-thumbnail","6":"product_brand-boker","7":"product_cat-knives","9":"first","10":"instock","11":"shipping-taxable","12":"purchasable","13":"product-type-simple"},"acf":[],"yoast_head":"<!-- This site is optimized with the Yoast SEO plugin v27.4 - https:\/\/yoast.com\/product\/yoast-seo-wordpress\/ -->\n<title>\u041d\u043e\u0436 Boker Plus FRND Silver - \u041c\u0430\u0433\u0430\u0437\u0438\u043d Xstyle<\/title>\n<meta name=\"description\" content=\"\u041d\u043e\u0436 Boker Plus FRND Silver - \u0438\u0434\u0435\u0430\u043b\u044c\u043d\u044b\u0439 EDC \u0441 \u043b\u0435\u0437\u0432\u0438\u0435\u043c \u0438\u0437 \u0441\u0442\u0430\u043b\u0438 D2, \u043a\u043e\u043c\u0444\u043e\u0440\u0442\u043d\u043e\u0439 \u0440\u0443\u043a\u043e\u044f\u0442\u043a\u043e\u0439 Grivory \u0438 \u043d\u0430\u0434\u0435\u0436\u043d\u044b\u043c \u0444\u0438\u043a\u0441\u0430\u0442\u043e\u0440\u043e\u043c. \u041f\u043e\u0434\u0445\u043e\u0434\u0438\u0442 \u0434\u043b\u044f \u043b\u044e\u0431\u044b\u0445 \u0437\u0430\u0434\u0430\u0447!\" \/>\n<meta name=\"robots\" content=\"index, follow, max-snippet:-1, max-image-preview:large, max-video-preview:-1\" \/>\n<link rel=\"canonical\" href=\"https:\/\/xstyle.md\/ro\/produs\/nozh-boker-plus-frnd-silver\/\" \/>\n<meta property=\"og:locale\" content=\"ro_RO\" \/>\n<meta property=\"og:type\" content=\"article\" \/>\n<meta property=\"og:title\" content=\"\u041d\u043e\u0436 Boker Plus FRND Silver - \u041c\u0430\u0433\u0430\u0437\u0438\u043d Xstyle\" \/>\n<meta property=\"og:description\" content=\"\u041d\u043e\u0436 Boker Plus FRND Silver - \u0438\u0434\u0435\u0430\u043b\u044c\u043d\u044b\u0439 EDC \u0441 \u043b\u0435\u0437\u0432\u0438\u0435\u043c \u0438\u0437 \u0441\u0442\u0430\u043b\u0438 D2, \u043a\u043e\u043c\u0444\u043e\u0440\u0442\u043d\u043e\u0439 \u0440\u0443\u043a\u043e\u044f\u0442\u043a\u043e\u0439 Grivory \u0438 \u043d\u0430\u0434\u0435\u0436\u043d\u044b\u043c \u0444\u0438\u043a\u0441\u0430\u0442\u043e\u0440\u043e\u043c. \u041f\u043e\u0434\u0445\u043e\u0434\u0438\u0442 \u0434\u043b\u044f \u043b\u044e\u0431\u044b\u0445 \u0437\u0430\u0434\u0430\u0447!\" \/>\n<meta property=\"og:url\" content=\"https:\/\/xstyle.md\/ro\/produs\/nozh-boker-plus-frnd-silver\/\" \/>\n<meta property=\"og:site_name\" content=\"\u041c\u0430\u0433\u0430\u0437\u0438\u043d Xstyle\" \/>\n<meta property=\"article:publisher\" content=\"https:\/\/www.facebook.com\/xstylemd\" \/>\n<meta property=\"article:modified_time\" content=\"2025-10-24T09:23:52+00:00\" \/>\n<meta property=\"og:image\" content=\"https:\/\/xstyle.md\/wp-content\/uploads\/2023\/11\/boker-plus-frnd-silver.jpg\" \/>\n\t<meta property=\"og:image:width\" content=\"849\" \/>\n\t<meta property=\"og:image:height\" content=\"823\" \/>\n\t<meta property=\"og:image:type\" content=\"image\/jpeg\" \/>\n<meta name=\"twitter:card\" content=\"summary_large_image\" \/>\n<meta name=\"twitter:label1\" content=\"Pre\u021b\" \/>\n\t<meta name=\"twitter:data1\" content=\"2.180&nbsp;MDL\" \/>\n\t<meta name=\"twitter:label2\" content=\"Disponibilitate\" \/>\n\t<meta name=\"twitter:data2\" content=\"\u00cen stoc\" \/>\n<script type=\"application\/ld+json\" class=\"yoast-schema-graph\">{\"@context\":\"https:\\\/\\\/schema.org\",\"@graph\":[{\"@type\":\"WebPage\",\"@id\":\"https:\\\/\\\/xstyle.md\\\/product\\\/nozh-boker-plus-frnd-silver\\\/\",\"url\":\"https:\\\/\\\/xstyle.md\\\/product\\\/nozh-boker-plus-frnd-silver\\\/\",\"name\":\"\u041d\u043e\u0436 Boker Plus FRND Silver - \u041c\u0430\u0433\u0430\u0437\u0438\u043d Xstyle\",\"isPartOf\":{\"@id\":\"https:\\\/\\\/xstyle.md\\\/#website\"},\"primaryImageOfPage\":{\"@id\":\"https:\\\/\\\/xstyle.md\\\/product\\\/nozh-boker-plus-frnd-silver\\\/#primaryimage\"},\"image\":{\"@id\":\"https:\\\/\\\/xstyle.md\\\/product\\\/nozh-boker-plus-frnd-silver\\\/#primaryimage\"},\"thumbnailUrl\":\"https:\\\/\\\/xstyle.md\\\/wp-content\\\/uploads\\\/2023\\\/11\\\/boker-plus-frnd-silver.jpg\",\"datePublished\":\"2023-11-25T09:28:23+00:00\",\"dateModified\":\"2025-10-24T09:23:52+00:00\",\"description\":\"\u041d\u043e\u0436 Boker Plus FRND Silver - \u0438\u0434\u0435\u0430\u043b\u044c\u043d\u044b\u0439 EDC \u0441 \u043b\u0435\u0437\u0432\u0438\u0435\u043c \u0438\u0437 \u0441\u0442\u0430\u043b\u0438 D2, \u043a\u043e\u043c\u0444\u043e\u0440\u0442\u043d\u043e\u0439 \u0440\u0443\u043a\u043e\u044f\u0442\u043a\u043e\u0439 Grivory \u0438 \u043d\u0430\u0434\u0435\u0436\u043d\u044b\u043c \u0444\u0438\u043a\u0441\u0430\u0442\u043e\u0440\u043e\u043c. \u041f\u043e\u0434\u0445\u043e\u0434\u0438\u0442 \u0434\u043b\u044f \u043b\u044e\u0431\u044b\u0445 \u0437\u0430\u0434\u0430\u0447!\",\"breadcrumb\":{\"@id\":\"https:\\\/\\\/xstyle.md\\\/product\\\/nozh-boker-plus-frnd-silver\\\/#breadcrumb\"},\"inLanguage\":\"ro-RO\",\"potentialAction\":[{\"@type\":\"ReadAction\",\"target\":[\"https:\\\/\\\/xstyle.md\\\/product\\\/nozh-boker-plus-frnd-silver\\\/\"]}]},{\"@type\":\"ImageObject\",\"inLanguage\":\"ro-RO\",\"@id\":\"https:\\\/\\\/xstyle.md\\\/product\\\/nozh-boker-plus-frnd-silver\\\/#primaryimage\",\"url\":\"https:\\\/\\\/xstyle.md\\\/wp-content\\\/uploads\\\/2023\\\/11\\\/boker-plus-frnd-silver.jpg\",\"contentUrl\":\"https:\\\/\\\/xstyle.md\\\/wp-content\\\/uploads\\\/2023\\\/11\\\/boker-plus-frnd-silver.jpg\",\"width\":849,\"height\":823,\"caption\":\"\u0420\u0430\u043a\u0443\u0440\u0441 \u043d\u043e\u0436\u0430 Boker Plus FRND Silver \u0434\u043b\u044f \u0430\u043a\u0442\u0438\u0432\u043d\u043e\u0433\u043e \u043e\u0431\u0440\u0430\u0437\u0430 \u0436\u0438\u0437\u043d\u0438, \u043f\u043e\u0445\u043e\u0434\u043e\u0432 \u0438 \u043f\u0443\u0442\u0435\u0448\u0435\u0441\u0442\u0432\u0438\u0439 \u0432 \u0438\u043d\u0442\u0435\u0440\u043d\u0435\u0442-\u043c\u0430\u0433\u0430\u0437\u0438\u043d\u0435 \u0441 \u044d\u043a\u0438\u043f\u0438\u0440\u043e\u0432\u043a\u043e\u0439 \u0434\u043b\u044f \u0430\u043b\u044c\u043f\u0438\u043d\u0438\u0437\u043c\u0430, \u0442\u0443\u0440\u0438\u0437\u043c\u0430, \u0441\u043f\u043e\u0440\u0442\u0438\u0432\u043d\u043e\u0439 \u043e\u0434\u0435\u0436\u0434\u044b \u0438 \u043e\u0431\u0443\u0432\u0438\"},{\"@type\":\"BreadcrumbList\",\"@id\":\"https:\\\/\\\/xstyle.md\\\/product\\\/nozh-boker-plus-frnd-silver\\\/#breadcrumb\",\"itemListElement\":[{\"@type\":\"ListItem\",\"position\":1,\"name\":\"\u0413\u043b\u0430\u0432\u043d\u0430\u044f \u0441\u0442\u0440\u0430\u043d\u0438\u0446\u0430\",\"item\":\"https:\\\/\\\/xstyle.md\\\/\"},{\"@type\":\"ListItem\",\"position\":2,\"name\":\"\u041c\u0430\u0433\u0430\u0437\u0438\u043d\",\"item\":\"https:\\\/\\\/xstyle.md\\\/shop\\\/\"},{\"@type\":\"ListItem\",\"position\":3,\"name\":\"\u041d\u043e\u0436 Boker Plus FRND Silver\"}]},{\"@type\":\"WebSite\",\"@id\":\"https:\\\/\\\/xstyle.md\\\/#website\",\"url\":\"https:\\\/\\\/xstyle.md\\\/\",\"name\":\"\u041c\u0430\u0433\u0430\u0437\u0438\u043d Xstyle\",\"description\":\"C\u043d\u0430\u0440\u044f\u0436\u0435\u043d\u0438\u0435 \u0434\u043b\u044f \u0442\u0443\u0440\u0438\u0437\u043c\u0430 \u0438 \u044d\u043a\u0441\u0442\u0440\u0435\u043c\u0430\u043b\u044c\u043d\u044b\u0445 \u0432\u0438\u0434\u043e\u0432 \u0441\u043f\u043e\u0440\u0442\u0430 \u0432 \u041c\u043e\u043b\u0434\u043e\u0432\u0435.. \u0426\u0435\u043d\u044b, \u0444\u043e\u0442\u043e, \u0445\u0430\u0440\u0430\u043a\u0442\u0435\u0440\u0438\u0441\u0442\u0438\u043a\u0438 \u0432 \u041c\u043e\u043b\u0434\u043e\u0432\u0435.\",\"publisher\":{\"@id\":\"https:\\\/\\\/xstyle.md\\\/#organization\"},\"alternateName\":\"X-Style\",\"potentialAction\":[{\"@type\":\"SearchAction\",\"target\":{\"@type\":\"EntryPoint\",\"urlTemplate\":\"https:\\\/\\\/xstyle.md\\\/?s={search_term_string}\"},\"query-input\":{\"@type\":\"PropertyValueSpecification\",\"valueRequired\":true,\"valueName\":\"search_term_string\"}}],\"inLanguage\":\"ro-RO\"},{\"@type\":\"Organization\",\"@id\":\"https:\\\/\\\/xstyle.md\\\/#organization\",\"name\":\"\u041c\u0430\u0433\u0430\u0437\u0438\u043d Xstyle\",\"alternateName\":\"x-style\",\"url\":\"https:\\\/\\\/xstyle.md\\\/\",\"logo\":{\"@type\":\"ImageObject\",\"inLanguage\":\"ro-RO\",\"@id\":\"https:\\\/\\\/xstyle.md\\\/#\\\/schema\\\/logo\\\/image\\\/\",\"url\":\"https:\\\/\\\/xstyle.md\\\/wp-content\\\/uploads\\\/2020\\\/06\\\/logoicon.svg\",\"contentUrl\":\"https:\\\/\\\/xstyle.md\\\/wp-content\\\/uploads\\\/2020\\\/06\\\/logoicon.svg\",\"caption\":\"\u041c\u0430\u0433\u0430\u0437\u0438\u043d Xstyle\"},\"image\":{\"@id\":\"https:\\\/\\\/xstyle.md\\\/#\\\/schema\\\/logo\\\/image\\\/\"},\"sameAs\":[\"https:\\\/\\\/www.facebook.com\\\/xstylemd\",\"https:\\\/\\\/www.instagram.com\\\/xstyle_md\\\/\",\"https:\\\/\\\/t.me\\\/xstyle_outdoor\"],\"hasMerchantReturnPolicy\":{\"@type\":\"MerchantReturnPolicy\",\"merchantReturnLink\":\"https:\\\/\\\/xstyle.md\\\/ro\\\/conditions\\\/\"}}]}<\/script>\n<meta property=\"product:price:amount\" content=\"2180.00\" \/>\n<meta property=\"product:price:currency\" content=\"MDL\" \/>\n<meta property=\"og:availability\" content=\"instock\" \/>\n<meta property=\"product:availability\" content=\"instock\" \/>\n<meta property=\"product:retailer_item_id\" content=\"4045011247170\" \/>\n<meta property=\"product:condition\" content=\"new\" \/>\n<!-- \/ Yoast SEO plugin. -->","yoast_head_json":{"title":"Cu\u021bit Boker Plus FRND Silver - Magazin Xstyle","description":"Navaja Boker Plus FRND Silver - un EDC ideal cu lam\u0103 din o\u021bel D2, m\u00e2nere confortabil din Grivory \u0219i un mecanism de blocare fiabil. Potrivit pentru orice sarcin\u0103!","robots":{"index":"index","follow":"follow","max-snippet":"max-snippet:-1","max-image-preview":"max-image-preview:large","max-video-preview":"max-video-preview:-1"},"canonical":"https:\/\/xstyle.md\/ro\/produs\/nozh-boker-plus-frnd-silver\/","og_locale":"ro_RO","og_type":"article","og_title":"\u041d\u043e\u0436 Boker Plus FRND Silver - \u041c\u0430\u0433\u0430\u0437\u0438\u043d Xstyle","og_description":"\u041d\u043e\u0436 Boker Plus FRND Silver - \u0438\u0434\u0435\u0430\u043b\u044c\u043d\u044b\u0439 EDC \u0441 \u043b\u0435\u0437\u0432\u0438\u0435\u043c \u0438\u0437 \u0441\u0442\u0430\u043b\u0438 D2, \u043a\u043e\u043c\u0444\u043e\u0440\u0442\u043d\u043e\u0439 \u0440\u0443\u043a\u043e\u044f\u0442\u043a\u043e\u0439 Grivory \u0438 \u043d\u0430\u0434\u0435\u0436\u043d\u044b\u043c \u0444\u0438\u043a\u0441\u0430\u0442\u043e\u0440\u043e\u043c. \u041f\u043e\u0434\u0445\u043e\u0434\u0438\u0442 \u0434\u043b\u044f \u043b\u044e\u0431\u044b\u0445 \u0437\u0430\u0434\u0430\u0447!","og_url":"https:\/\/xstyle.md\/ro\/produs\/nozh-boker-plus-frnd-silver\/","og_site_name":"\u041c\u0430\u0433\u0430\u0437\u0438\u043d Xstyle","article_publisher":"https:\/\/www.facebook.com\/xstylemd","article_modified_time":"2025-10-24T09:23:52+00:00","og_image":[{"width":849,"height":823,"url":"https:\/\/xstyle.md\/wp-content\/uploads\/2023\/11\/boker-plus-frnd-silver.jpg","type":"image\/jpeg"}],"twitter_card":"summary_large_image","twitter_misc":{"Pre\u021b":"2.180&nbsp;MDL","Disponibilitate":"\u00cen stoc"},"schema":{"@context":"https:\/\/schema.org","@graph":[{"@type":"WebPage","@id":"https:\/\/xstyle.md\/product\/nozh-boker-plus-frnd-silver\/","url":"https:\/\/xstyle.md\/product\/nozh-boker-plus-frnd-silver\/","name":"Cu\u021bit Boker Plus FRND Silver - Magazin Xstyle","isPartOf":{"@id":"https:\/\/xstyle.md\/#website"},"primaryImageOfPage":{"@id":"https:\/\/xstyle.md\/product\/nozh-boker-plus-frnd-silver\/#primaryimage"},"image":{"@id":"https:\/\/xstyle.md\/product\/nozh-boker-plus-frnd-silver\/#primaryimage"},"thumbnailUrl":"https:\/\/xstyle.md\/wp-content\/uploads\/2023\/11\/boker-plus-frnd-silver.jpg","datePublished":"2023-11-25T09:28:23+00:00","dateModified":"2025-10-24T09:23:52+00:00","description":"Navaja Boker Plus FRND Silver - un EDC ideal cu lam\u0103 din o\u021bel D2, m\u00e2nere confortabil din Grivory \u0219i un mecanism de blocare fiabil. Potrivit pentru orice sarcin\u0103!","breadcrumb":{"@id":"https:\/\/xstyle.md\/product\/nozh-boker-plus-frnd-silver\/#breadcrumb"},"inLanguage":"ro-RO","potentialAction":[{"@type":"ReadAction","target":["https:\/\/xstyle.md\/product\/nozh-boker-plus-frnd-silver\/"]}]},{"@type":"ImageObject","inLanguage":"ro-RO","@id":"https:\/\/xstyle.md\/product\/nozh-boker-plus-frnd-silver\/#primaryimage","url":"https:\/\/xstyle.md\/wp-content\/uploads\/2023\/11\/boker-plus-frnd-silver.jpg","contentUrl":"https:\/\/xstyle.md\/wp-content\/uploads\/2023\/11\/boker-plus-frnd-silver.jpg","width":849,"height":823,"caption":"\u0420\u0430\u043a\u0443\u0440\u0441 \u043d\u043e\u0436\u0430 Boker Plus FRND Silver \u0434\u043b\u044f \u0430\u043a\u0442\u0438\u0432\u043d\u043e\u0433\u043e \u043e\u0431\u0440\u0430\u0437\u0430 \u0436\u0438\u0437\u043d\u0438, \u043f\u043e\u0445\u043e\u0434\u043e\u0432 \u0438 \u043f\u0443\u0442\u0435\u0448\u0435\u0441\u0442\u0432\u0438\u0439 \u0432 \u0438\u043d\u0442\u0435\u0440\u043d\u0435\u0442-\u043c\u0430\u0433\u0430\u0437\u0438\u043d\u0435 \u0441 \u044d\u043a\u0438\u043f\u0438\u0440\u043e\u0432\u043a\u043e\u0439 \u0434\u043b\u044f \u0430\u043b\u044c\u043f\u0438\u043d\u0438\u0437\u043c\u0430, \u0442\u0443\u0440\u0438\u0437\u043c\u0430, \u0441\u043f\u043e\u0440\u0442\u0438\u0432\u043d\u043e\u0439 \u043e\u0434\u0435\u0436\u0434\u044b \u0438 \u043e\u0431\u0443\u0432\u0438"},{"@type":"BreadcrumbList","@id":"https:\/\/xstyle.md\/product\/nozh-boker-plus-frnd-silver\/#breadcrumb","itemListElement":[{"@type":"ListItem","position":1,"name":"\u0413\u043b\u0430\u0432\u043d\u0430\u044f \u0441\u0442\u0440\u0430\u043d\u0438\u0446\u0430","item":"https:\/\/xstyle.md\/"},{"@type":"ListItem","position":2,"name":"\u041c\u0430\u0433\u0430\u0437\u0438\u043d","item":"https:\/\/xstyle.md\/shop\/"},{"@type":"ListItem","position":3,"name":"\u041d\u043e\u0436 Boker Plus FRND Silver"}]},{"@type":"WebSite","@id":"https:\/\/xstyle.md\/#website","url":"https:\/\/xstyle.md\/","name":"Magazinul X-Style","description":"Echipamente pentru turism \u0219i sporturi extreme \u00een Moldova. Pre\u021buri, fotografii, caracteristici \u00een Moldova.","publisher":{"@id":"https:\/\/xstyle.md\/#organization"},"alternateName":"X-Style","potentialAction":[{"@type":"SearchAction","target":{"@type":"EntryPoint","urlTemplate":"https:\/\/xstyle.md\/?s={search_term_string}"},"query-input":{"@type":"PropertyValueSpecification","valueRequired":true,"valueName":"search_term_string"}}],"inLanguage":"ro-RO"},{"@type":"Organization","@id":"https:\/\/xstyle.md\/#organization","name":"Magazinul X-Style","alternateName":"x-style","url":"https:\/\/xstyle.md\/","logo":{"@type":"ImageObject","inLanguage":"ro-RO","@id":"https:\/\/xstyle.md\/#\/schema\/logo\/image\/","url":"https:\/\/xstyle.md\/wp-content\/uploads\/2020\/06\/logoicon.svg","contentUrl":"https:\/\/xstyle.md\/wp-content\/uploads\/2020\/06\/logoicon.svg","caption":"\u041c\u0430\u0433\u0430\u0437\u0438\u043d Xstyle"},"image":{"@id":"https:\/\/xstyle.md\/#\/schema\/logo\/image\/"},"sameAs":["https:\/\/www.facebook.com\/xstylemd","https:\/\/www.instagram.com\/xstyle_md\/","https:\/\/t.me\/xstyle_outdoor"],"hasMerchantReturnPolicy":{"@type":"MerchantReturnPolicy","merchantReturnLink":"https:\/\/xstyle.md\/ro\/conditions\/"}}]},"product_price_amount":"2180.00","product_price_currency":"MDL","og_availability":"instock","product_availability":"instock","product_retailer_item_id":"4045011247170","product_condition":"new"},"_links":{"self":[{"href":"https:\/\/xstyle.md\/ro\/wp-json\/wp\/v2\/product\/76059","targetHints":{"allow":["GET"]}}],"collection":[{"href":"https:\/\/xstyle.md\/ro\/wp-json\/wp\/v2\/product"}],"about":[{"href":"https:\/\/xstyle.md\/ro\/wp-json\/wp\/v2\/types\/product"}],"replies":[{"embeddable":true,"href":"https:\/\/xstyle.md\/ro\/wp-json\/wp\/v2\/comments?post=76059"}],"wp:featuredmedia":[{"embeddable":true,"href":"https:\/\/xstyle.md\/ro\/wp-json\/wp\/v2\/media\/76196"}],"wp:attachment":[{"href":"https:\/\/xstyle.md\/ro\/wp-json\/wp\/v2\/media?parent=76059"}],"wp:term":[{"taxonomy":"product_brand","embeddable":true,"href":"https:\/\/xstyle.md\/ro\/wp-json\/wp\/v2\/product_brand?post=76059"},{"taxonomy":"product_cat","embeddable":true,"href":"https:\/\/xstyle.md\/ro\/wp-json\/wp\/v2\/product_cat?post=76059"},{"taxonomy":"product_tag","embeddable":true,"href":"https:\/\/xstyle.md\/ro\/wp-json\/wp\/v2\/product_tag?post=76059"}],"curies":[{"name":"wp","href":"https:\/\/api.w.org\/{rel}","templated":true}]}}