{"id":76034,"date":"2023-11-24T19:54:58","date_gmt":"2023-11-24T16:54:58","guid":{"rendered":"https:\/\/xstyle.md\/?post_type=product&#038;p=76034"},"modified":"2026-03-19T17:15:45","modified_gmt":"2026-03-19T14:15:45","slug":"kurtka-ternua-kalekkia-wmn-dark-teal-nautical-blue","status":"publish","type":"product","link":"https:\/\/xstyle.md\/ro\/produs\/kurtka-ternua-kalekkia-wmn-dark-teal-nautical-blue\/","title":{"rendered":"Jachet\u0103 Ternua Kalekkia Wmn dark teal\/nautical blue"},"content":{"rendered":"<\/p>\n<p><strong>Ternua Kalekkia <\/strong>&#8212; jachet\u0103 c\u0103lduroas\u0103 \u0219i multifunc\u021bional\u0103 de lungime medie din fleece pentru femei. Materialul warmshell se usuc\u0103 rapid, ofer\u0103 o libertate de mi\u0219care excelent\u0103 \u0219i o performan\u021b\u0103 termic\u0103 ridicat\u0103 \u00een condi\u021bii de frig. Buzunarele confortabile, tivul reglabil \u0219i gulerul cu protec\u021bie pentru b\u0103rbie garanteaz\u0103 confortul \u00een timpul diferitelor activit\u0103\u021bi.<\/p>\n<h3>Particularit\u0103\u021bi<\/h3>\n<ul>\n<li>Tratament de impermeabilizare (DWR) f\u0103r\u0103 PFC<\/li>\n<li>Buzunar cu fermoar \u00een piept cu c\u0103ptu\u0219eal\u0103 din plas\u0103<\/li>\n<li>Dou\u0103 buzunare laterale cu fermoar pentru m\u00e2ini<\/li>\n<li>\u00cenchidere cu fermoar pe toat\u0103 lungimea<\/li>\n<li>Guler \u00eenalt cu protec\u021bie pentru b\u0103rbie<\/li>\n<li>Cus\u0103turile plate previn irita\u021biile<\/li>\n<li>Tiv reglabil.<\/li>\n<\/ul>\n<h3>Caracteristici<\/h3>\n<ul>\n<li>Material &#8212; 94% poliester, 6% elastan<\/li>\n<li>Scop &#8212; drume\u021bie\/c\u0103\u021b\u0103rare\/c\u0103\u021b\u0103rare pe st\u00e2nc\u0103\/c\u0103\u021b\u0103rare pe ghea\u021b\u0103\/schiat<\/li>\n<li>Sezonul - primavar\u0103\/var\u0103\/toamn\u0103<\/li>\n<li>Model - pentru femei.<\/li>\n<\/ul>\n<h3>Tehnologie<\/h3>\n<ul>\n<li><strong>Warmshell<\/strong> &#8212; un material tehnologic conceput pentru a preveni pierderea de c\u0103ldur\u0103, pentru a \u00eendep\u0103rta rapid umezeala de pe suprafa\u021ba corpului \u0219i pentru a se usca rapid.<\/li>\n<li><strong>DWR\u00a0\u00abdurable water repellent\u00bb<\/strong> \u2014 &#171;impregnare hidrofug\u0103 rezistent\u0103 la uzur\u0103&#187; \u0219i este folosit\u0103 pentru a trata \u021bes\u0103turile care sunt folosite la \u00eembr\u0103c\u0103minte, rucsacuri, corturi \u0219i chiar saci de dormit. DWR este un strat de un polimer hidrofob puternic care este aplicat pe material \u0219i formeaz\u0103 o structur\u0103 specific\u0103 care reduce coeficientul de tensiune superficial\u0103. Acest lucru face ca pic\u0103turile de ap\u0103 s\u0103 se rostogoleasc\u0103 de pe materialul tratat f\u0103r\u0103 a-l uda.<\/li>\n<\/ul>\n<h3>Marca<\/h3>\n<p>Ternua este un brand spaniol specializat \u00een \u00eembr\u0103c\u0103minte tehnic\u0103, func\u021bional\u0103 \u0219i inovatoare, capabil\u0103 s\u0103 se adapteze la cele mai nefavorabile condi\u021bii meteorologice. Spiritul antreprenorial \u0219i aventuros al balenierilor basci din secolul al XV-lea a inspirat crearea m\u0103rcii de outdoor Ternua \u00een 1995. \u00cen limba basc\u0103, &#171;Ternua&#187; \u00eenseamn\u0103 balen\u0103, motiv pentru care compania poart\u0103 acest nume, iar logo-ul s\u0103u este \u00eempodobit cu coada unei balene. Principiile importante ale Ternua sunt pasiunea pentru munte, respectul pentru mediu \u0219i respectul pentru r\u0103d\u0103cinile lor, pentru originea lor. Produc\u0103torul acord\u0103 o aten\u021bie deosebit\u0103 alegerii \u021bes\u0103turilor, d\u0103 preferin\u021b\u0103 culorilor bogate, hainele sunt versatile \u0219i se potrivesc bine. De asemenea, brandul are o grij\u0103 deosebit\u0103 fa\u021b\u0103 de natur\u0103, sus\u021bin\u00e2nd respectarea mediului \u0219i produc\u00e2nd haine din materiale reciclate.<\/p>\n<p><\/p>","protected":false},"excerpt":{"rendered":"","protected":false},"featured_media":76035,"comment_status":"open","ping_status":"closed","template":"","meta":{"_acf_changed":false,"inline_featured_image":false},"product_brand":[1426],"product_cat":[243],"product_tag":[],"class_list":{"0":"post-76034","1":"product","2":"type-product","3":"status-publish","4":"has-post-thumbnail","6":"product_brand-ternua","7":"product_cat-fleece-scurta-femei","9":"first","10":"instock","11":"shipping-taxable","12":"purchasable","13":"product-type-simple"},"acf":[],"yoast_head":"<!-- This site is optimized with the Yoast SEO plugin v27.4 - https:\/\/yoast.com\/product\/yoast-seo-wordpress\/ -->\n<title>\u041a\u0443\u0440\u0442\u043a\u0430 Ternua Kalekkia Wmn dark teal\/nautical blue - \u041c\u0430\u0433\u0430\u0437\u0438\u043d Xstyle<\/title>\n<meta name=\"description\" content=\"\u041a\u0443\u0440\u0442\u043a\u0430 Ternua Kalekkia Wmn \u0432 \u0442\u0435\u043c\u043d\u043e\u043c \u0442\u0435\u0430\u043b\/\u043d\u0430\u0432\u0438 - \u0438\u0434\u0435\u0430\u043b\u044c\u043d\u0430 \u0434\u043b\u044f \u0445\u043e\u043b\u043e\u0434\u0430. \u0411\u044b\u0441\u0442\u0440\u043e\u0432\u044b\u0441\u044b\u0445\u0430\u044e\u0449\u0438\u0439 \u043c\u0430\u0442\u0435\u0440\u0438\u0430\u043b warmshell, \u0437\u0430\u0449\u0438\u0442\u0430 \u043e\u0442 \u0432\u043b\u0430\u0433\u0438. \u041a\u043e\u043c\u0444\u043e\u0440\u0442 \u0438 \u0441\u0442\u0438\u043b\u044c \u0432 \u043a\u0430\u0436\u0434\u043e\u0439 \u0434\u0435\u0442\u0430\u043b\u0438!\" \/>\n<meta name=\"robots\" content=\"index, follow, max-snippet:-1, max-image-preview:large, max-video-preview:-1\" \/>\n<link rel=\"canonical\" href=\"https:\/\/xstyle.md\/ro\/produs\/kurtka-ternua-kalekkia-wmn-dark-teal-nautical-blue\/\" \/>\n<meta property=\"og:locale\" content=\"ro_RO\" \/>\n<meta property=\"og:type\" content=\"article\" \/>\n<meta property=\"og:title\" content=\"\u041a\u0443\u0440\u0442\u043a\u0430 Ternua Kalekkia Wmn dark teal\/nautical blue - \u041c\u0430\u0433\u0430\u0437\u0438\u043d Xstyle\" \/>\n<meta property=\"og:description\" content=\"\u041a\u0443\u0440\u0442\u043a\u0430 Ternua Kalekkia Wmn \u0432 \u0442\u0435\u043c\u043d\u043e\u043c \u0442\u0435\u0430\u043b\/\u043d\u0430\u0432\u0438 - \u0438\u0434\u0435\u0430\u043b\u044c\u043d\u0430 \u0434\u043b\u044f \u0445\u043e\u043b\u043e\u0434\u0430. \u0411\u044b\u0441\u0442\u0440\u043e\u0432\u044b\u0441\u044b\u0445\u0430\u044e\u0449\u0438\u0439 \u043c\u0430\u0442\u0435\u0440\u0438\u0430\u043b warmshell, \u0437\u0430\u0449\u0438\u0442\u0430 \u043e\u0442 \u0432\u043b\u0430\u0433\u0438. \u041a\u043e\u043c\u0444\u043e\u0440\u0442 \u0438 \u0441\u0442\u0438\u043b\u044c \u0432 \u043a\u0430\u0436\u0434\u043e\u0439 \u0434\u0435\u0442\u0430\u043b\u0438!\" \/>\n<meta property=\"og:url\" content=\"https:\/\/xstyle.md\/ro\/produs\/kurtka-ternua-kalekkia-wmn-dark-teal-nautical-blue\/\" \/>\n<meta property=\"og:site_name\" content=\"\u041c\u0430\u0433\u0430\u0437\u0438\u043d Xstyle\" \/>\n<meta property=\"article:publisher\" content=\"https:\/\/www.facebook.com\/xstylemd\" \/>\n<meta property=\"article:modified_time\" content=\"2026-03-19T14:15:45+00:00\" \/>\n<meta property=\"og:image\" content=\"https:\/\/xstyle.md\/wp-content\/uploads\/2023\/11\/ternua-kalekkia-wmn-dark-teal-nautical-blue.jpg\" \/>\n\t<meta property=\"og:image:width\" content=\"492\" \/>\n\t<meta property=\"og:image:height\" content=\"508\" \/>\n\t<meta property=\"og:image:type\" content=\"image\/jpeg\" \/>\n<meta name=\"twitter:card\" content=\"summary_large_image\" \/>\n<meta name=\"twitter:label1\" content=\"Pre\u021b\" \/>\n\t<meta name=\"twitter:data1\" content=\"2.350&nbsp;MDL\" \/>\n\t<meta name=\"twitter:label2\" content=\"Disponibilitate\" \/>\n\t<meta name=\"twitter:data2\" content=\"\u00cen stoc\" \/>\n<script type=\"application\/ld+json\" class=\"yoast-schema-graph\">{\"@context\":\"https:\\\/\\\/schema.org\",\"@graph\":[{\"@type\":\"WebPage\",\"@id\":\"https:\\\/\\\/xstyle.md\\\/product\\\/kurtka-ternua-kalekkia-wmn-dark-teal-nautical-blue\\\/\",\"url\":\"https:\\\/\\\/xstyle.md\\\/product\\\/kurtka-ternua-kalekkia-wmn-dark-teal-nautical-blue\\\/\",\"name\":\"\u041a\u0443\u0440\u0442\u043a\u0430 Ternua Kalekkia Wmn dark teal\\\/nautical blue - \u041c\u0430\u0433\u0430\u0437\u0438\u043d Xstyle\",\"isPartOf\":{\"@id\":\"https:\\\/\\\/xstyle.md\\\/#website\"},\"primaryImageOfPage\":{\"@id\":\"https:\\\/\\\/xstyle.md\\\/product\\\/kurtka-ternua-kalekkia-wmn-dark-teal-nautical-blue\\\/#primaryimage\"},\"image\":{\"@id\":\"https:\\\/\\\/xstyle.md\\\/product\\\/kurtka-ternua-kalekkia-wmn-dark-teal-nautical-blue\\\/#primaryimage\"},\"thumbnailUrl\":\"https:\\\/\\\/xstyle.md\\\/wp-content\\\/uploads\\\/2023\\\/11\\\/ternua-kalekkia-wmn-dark-teal-nautical-blue.jpg\",\"datePublished\":\"2023-11-24T16:54:58+00:00\",\"dateModified\":\"2026-03-19T14:15:45+00:00\",\"description\":\"\u041a\u0443\u0440\u0442\u043a\u0430 Ternua Kalekkia Wmn \u0432 \u0442\u0435\u043c\u043d\u043e\u043c \u0442\u0435\u0430\u043b\\\/\u043d\u0430\u0432\u0438 - \u0438\u0434\u0435\u0430\u043b\u044c\u043d\u0430 \u0434\u043b\u044f \u0445\u043e\u043b\u043e\u0434\u0430. \u0411\u044b\u0441\u0442\u0440\u043e\u0432\u044b\u0441\u044b\u0445\u0430\u044e\u0449\u0438\u0439 \u043c\u0430\u0442\u0435\u0440\u0438\u0430\u043b warmshell, \u0437\u0430\u0449\u0438\u0442\u0430 \u043e\u0442 \u0432\u043b\u0430\u0433\u0438. \u041a\u043e\u043c\u0444\u043e\u0440\u0442 \u0438 \u0441\u0442\u0438\u043b\u044c \u0432 \u043a\u0430\u0436\u0434\u043e\u0439 \u0434\u0435\u0442\u0430\u043b\u0438!\",\"breadcrumb\":{\"@id\":\"https:\\\/\\\/xstyle.md\\\/product\\\/kurtka-ternua-kalekkia-wmn-dark-teal-nautical-blue\\\/#breadcrumb\"},\"inLanguage\":\"ro-RO\",\"potentialAction\":[{\"@type\":\"ReadAction\",\"target\":[\"https:\\\/\\\/xstyle.md\\\/product\\\/kurtka-ternua-kalekkia-wmn-dark-teal-nautical-blue\\\/\"]}]},{\"@type\":\"ImageObject\",\"inLanguage\":\"ro-RO\",\"@id\":\"https:\\\/\\\/xstyle.md\\\/product\\\/kurtka-ternua-kalekkia-wmn-dark-teal-nautical-blue\\\/#primaryimage\",\"url\":\"https:\\\/\\\/xstyle.md\\\/wp-content\\\/uploads\\\/2023\\\/11\\\/ternua-kalekkia-wmn-dark-teal-nautical-blue.jpg\",\"contentUrl\":\"https:\\\/\\\/xstyle.md\\\/wp-content\\\/uploads\\\/2023\\\/11\\\/ternua-kalekkia-wmn-dark-teal-nautical-blue.jpg\",\"width\":492,\"height\":508,\"caption\":\"\u0416\u0435\u043d\u0441\u043a\u0430\u044f \u043a\u0443\u0440\u0442\u043a\u0430 Ternua Kalekkia \u0434\u043b\u044f \u0430\u043a\u0442\u0438\u0432\u043d\u043e\u0433\u043e \u043e\u0442\u0434\u044b\u0445\u0430, \u043f\u043e\u0445\u043e\u0434\u043e\u0432 \u0438 \u043f\u0443\u0442\u0435\u0448\u0435\u0441\u0442\u0432\u0438\u0439 \u0432 \u0442\u0435\u043c\u043d\u043e-\u0431\u0438\u0440\u044e\u0437\u043e\u0432\u043e\u043c \u0438 \u043c\u043e\u0440\u0441\u043a\u043e\u043c \u0446\u0432\u0435\u0442\u0435 \u0434\u043b\u044f \u043e\u043d\u043b\u0430\u0439\u043d \u043c\u0430\u0433\u0430\u0437\u0438\u043d\u0430 \u0442\u043e\u0432\u0430\u0440\u043e\u0432 \u0434\u043b\u044f \u0430\u043a\u0442\u0438\u0432\u043d\u043e\u0433\u043e \u043e\u0431\u0440\u0430\u0437\u0430 \u0436\u0438\u0437\u043d\u0438\"},{\"@type\":\"BreadcrumbList\",\"@id\":\"https:\\\/\\\/xstyle.md\\\/product\\\/kurtka-ternua-kalekkia-wmn-dark-teal-nautical-blue\\\/#breadcrumb\",\"itemListElement\":[{\"@type\":\"ListItem\",\"position\":1,\"name\":\"\u0413\u043b\u0430\u0432\u043d\u0430\u044f \u0441\u0442\u0440\u0430\u043d\u0438\u0446\u0430\",\"item\":\"https:\\\/\\\/xstyle.md\\\/\"},{\"@type\":\"ListItem\",\"position\":2,\"name\":\"\u041c\u0430\u0433\u0430\u0437\u0438\u043d\",\"item\":\"https:\\\/\\\/xstyle.md\\\/shop\\\/\"},{\"@type\":\"ListItem\",\"position\":3,\"name\":\"\u041a\u0443\u0440\u0442\u043a\u0430 Ternua Kalekkia Wmn dark teal\\\/nautical blue\"}]},{\"@type\":\"WebSite\",\"@id\":\"https:\\\/\\\/xstyle.md\\\/#website\",\"url\":\"https:\\\/\\\/xstyle.md\\\/\",\"name\":\"\u041c\u0430\u0433\u0430\u0437\u0438\u043d Xstyle\",\"description\":\"C\u043d\u0430\u0440\u044f\u0436\u0435\u043d\u0438\u0435 \u0434\u043b\u044f \u0442\u0443\u0440\u0438\u0437\u043c\u0430 \u0438 \u044d\u043a\u0441\u0442\u0440\u0435\u043c\u0430\u043b\u044c\u043d\u044b\u0445 \u0432\u0438\u0434\u043e\u0432 \u0441\u043f\u043e\u0440\u0442\u0430 \u0432 \u041c\u043e\u043b\u0434\u043e\u0432\u0435.. \u0426\u0435\u043d\u044b, \u0444\u043e\u0442\u043e, \u0445\u0430\u0440\u0430\u043a\u0442\u0435\u0440\u0438\u0441\u0442\u0438\u043a\u0438 \u0432 \u041c\u043e\u043b\u0434\u043e\u0432\u0435.\",\"publisher\":{\"@id\":\"https:\\\/\\\/xstyle.md\\\/#organization\"},\"alternateName\":\"X-Style\",\"potentialAction\":[{\"@type\":\"SearchAction\",\"target\":{\"@type\":\"EntryPoint\",\"urlTemplate\":\"https:\\\/\\\/xstyle.md\\\/?s={search_term_string}\"},\"query-input\":{\"@type\":\"PropertyValueSpecification\",\"valueRequired\":true,\"valueName\":\"search_term_string\"}}],\"inLanguage\":\"ro-RO\"},{\"@type\":\"Organization\",\"@id\":\"https:\\\/\\\/xstyle.md\\\/#organization\",\"name\":\"\u041c\u0430\u0433\u0430\u0437\u0438\u043d Xstyle\",\"alternateName\":\"x-style\",\"url\":\"https:\\\/\\\/xstyle.md\\\/\",\"logo\":{\"@type\":\"ImageObject\",\"inLanguage\":\"ro-RO\",\"@id\":\"https:\\\/\\\/xstyle.md\\\/#\\\/schema\\\/logo\\\/image\\\/\",\"url\":\"https:\\\/\\\/xstyle.md\\\/wp-content\\\/uploads\\\/2020\\\/06\\\/logoicon.svg\",\"contentUrl\":\"https:\\\/\\\/xstyle.md\\\/wp-content\\\/uploads\\\/2020\\\/06\\\/logoicon.svg\",\"caption\":\"\u041c\u0430\u0433\u0430\u0437\u0438\u043d Xstyle\"},\"image\":{\"@id\":\"https:\\\/\\\/xstyle.md\\\/#\\\/schema\\\/logo\\\/image\\\/\"},\"sameAs\":[\"https:\\\/\\\/www.facebook.com\\\/xstylemd\",\"https:\\\/\\\/www.instagram.com\\\/xstyle_md\\\/\",\"https:\\\/\\\/t.me\\\/xstyle_outdoor\"],\"hasMerchantReturnPolicy\":{\"@type\":\"MerchantReturnPolicy\",\"merchantReturnLink\":\"https:\\\/\\\/xstyle.md\\\/ro\\\/conditions\\\/\"}}]}<\/script>\n<meta property=\"product:price:amount\" content=\"2350.00\" \/>\n<meta property=\"product:price:currency\" content=\"MDL\" \/>\n<meta property=\"og:availability\" content=\"instock\" \/>\n<meta property=\"product:availability\" content=\"instock\" \/>\n<meta property=\"product:retailer_item_id\" content=\"8445042135433\" \/>\n<meta property=\"product:condition\" content=\"new\" \/>\n<!-- \/ Yoast SEO plugin. -->","yoast_head_json":{"title":"Jacket Ternua Kalekkia Wmn dark teal\/nautical blue - Magazin Xstyle","description":"Jacheta Ternua Kalekkia Wmn \u00een teal \u00eentunecat\/navy este ideal\u0103 pentru vreme rece. Materialul rapid uscat warmshell, protec\u021bie \u00eempotriva umezelii. Confort \u0219i stil \u00een fiecare detaliu!","robots":{"index":"index","follow":"follow","max-snippet":"max-snippet:-1","max-image-preview":"max-image-preview:large","max-video-preview":"max-video-preview:-1"},"canonical":"https:\/\/xstyle.md\/ro\/produs\/kurtka-ternua-kalekkia-wmn-dark-teal-nautical-blue\/","og_locale":"ro_RO","og_type":"article","og_title":"\u041a\u0443\u0440\u0442\u043a\u0430 Ternua Kalekkia Wmn dark teal\/nautical blue - \u041c\u0430\u0433\u0430\u0437\u0438\u043d Xstyle","og_description":"\u041a\u0443\u0440\u0442\u043a\u0430 Ternua Kalekkia Wmn \u0432 \u0442\u0435\u043c\u043d\u043e\u043c \u0442\u0435\u0430\u043b\/\u043d\u0430\u0432\u0438 - \u0438\u0434\u0435\u0430\u043b\u044c\u043d\u0430 \u0434\u043b\u044f \u0445\u043e\u043b\u043e\u0434\u0430. \u0411\u044b\u0441\u0442\u0440\u043e\u0432\u044b\u0441\u044b\u0445\u0430\u044e\u0449\u0438\u0439 \u043c\u0430\u0442\u0435\u0440\u0438\u0430\u043b warmshell, \u0437\u0430\u0449\u0438\u0442\u0430 \u043e\u0442 \u0432\u043b\u0430\u0433\u0438. \u041a\u043e\u043c\u0444\u043e\u0440\u0442 \u0438 \u0441\u0442\u0438\u043b\u044c \u0432 \u043a\u0430\u0436\u0434\u043e\u0439 \u0434\u0435\u0442\u0430\u043b\u0438!","og_url":"https:\/\/xstyle.md\/ro\/produs\/kurtka-ternua-kalekkia-wmn-dark-teal-nautical-blue\/","og_site_name":"\u041c\u0430\u0433\u0430\u0437\u0438\u043d Xstyle","article_publisher":"https:\/\/www.facebook.com\/xstylemd","article_modified_time":"2026-03-19T14:15:45+00:00","og_image":[{"width":492,"height":508,"url":"https:\/\/xstyle.md\/wp-content\/uploads\/2023\/11\/ternua-kalekkia-wmn-dark-teal-nautical-blue.jpg","type":"image\/jpeg"}],"twitter_card":"summary_large_image","twitter_misc":{"Pre\u021b":"2.350&nbsp;MDL","Disponibilitate":"\u00cen stoc"},"schema":{"@context":"https:\/\/schema.org","@graph":[{"@type":"WebPage","@id":"https:\/\/xstyle.md\/product\/kurtka-ternua-kalekkia-wmn-dark-teal-nautical-blue\/","url":"https:\/\/xstyle.md\/product\/kurtka-ternua-kalekkia-wmn-dark-teal-nautical-blue\/","name":"Jacket Ternua Kalekkia Wmn dark teal\/nautical blue - Magazin Xstyle","isPartOf":{"@id":"https:\/\/xstyle.md\/#website"},"primaryImageOfPage":{"@id":"https:\/\/xstyle.md\/product\/kurtka-ternua-kalekkia-wmn-dark-teal-nautical-blue\/#primaryimage"},"image":{"@id":"https:\/\/xstyle.md\/product\/kurtka-ternua-kalekkia-wmn-dark-teal-nautical-blue\/#primaryimage"},"thumbnailUrl":"https:\/\/xstyle.md\/wp-content\/uploads\/2023\/11\/ternua-kalekkia-wmn-dark-teal-nautical-blue.jpg","datePublished":"2023-11-24T16:54:58+00:00","dateModified":"2026-03-19T14:15:45+00:00","description":"Jacheta Ternua Kalekkia Wmn \u00een teal \u00eentunecat\/navy este ideal\u0103 pentru vreme rece. Materialul rapid uscat warmshell, protec\u021bie \u00eempotriva umezelii. Confort \u0219i stil \u00een fiecare detaliu!","breadcrumb":{"@id":"https:\/\/xstyle.md\/product\/kurtka-ternua-kalekkia-wmn-dark-teal-nautical-blue\/#breadcrumb"},"inLanguage":"ro-RO","potentialAction":[{"@type":"ReadAction","target":["https:\/\/xstyle.md\/product\/kurtka-ternua-kalekkia-wmn-dark-teal-nautical-blue\/"]}]},{"@type":"ImageObject","inLanguage":"ro-RO","@id":"https:\/\/xstyle.md\/product\/kurtka-ternua-kalekkia-wmn-dark-teal-nautical-blue\/#primaryimage","url":"https:\/\/xstyle.md\/wp-content\/uploads\/2023\/11\/ternua-kalekkia-wmn-dark-teal-nautical-blue.jpg","contentUrl":"https:\/\/xstyle.md\/wp-content\/uploads\/2023\/11\/ternua-kalekkia-wmn-dark-teal-nautical-blue.jpg","width":492,"height":508,"caption":"\u0416\u0435\u043d\u0441\u043a\u0430\u044f \u043a\u0443\u0440\u0442\u043a\u0430 Ternua Kalekkia \u0434\u043b\u044f \u0430\u043a\u0442\u0438\u0432\u043d\u043e\u0433\u043e \u043e\u0442\u0434\u044b\u0445\u0430, \u043f\u043e\u0445\u043e\u0434\u043e\u0432 \u0438 \u043f\u0443\u0442\u0435\u0448\u0435\u0441\u0442\u0432\u0438\u0439 \u0432 \u0442\u0435\u043c\u043d\u043e-\u0431\u0438\u0440\u044e\u0437\u043e\u0432\u043e\u043c \u0438 \u043c\u043e\u0440\u0441\u043a\u043e\u043c \u0446\u0432\u0435\u0442\u0435 \u0434\u043b\u044f \u043e\u043d\u043b\u0430\u0439\u043d \u043c\u0430\u0433\u0430\u0437\u0438\u043d\u0430 \u0442\u043e\u0432\u0430\u0440\u043e\u0432 \u0434\u043b\u044f \u0430\u043a\u0442\u0438\u0432\u043d\u043e\u0433\u043e \u043e\u0431\u0440\u0430\u0437\u0430 \u0436\u0438\u0437\u043d\u0438"},{"@type":"BreadcrumbList","@id":"https:\/\/xstyle.md\/product\/kurtka-ternua-kalekkia-wmn-dark-teal-nautical-blue\/#breadcrumb","itemListElement":[{"@type":"ListItem","position":1,"name":"\u0413\u043b\u0430\u0432\u043d\u0430\u044f \u0441\u0442\u0440\u0430\u043d\u0438\u0446\u0430","item":"https:\/\/xstyle.md\/"},{"@type":"ListItem","position":2,"name":"\u041c\u0430\u0433\u0430\u0437\u0438\u043d","item":"https:\/\/xstyle.md\/shop\/"},{"@type":"ListItem","position":3,"name":"\u041a\u0443\u0440\u0442\u043a\u0430 Ternua Kalekkia Wmn dark teal\/nautical blue"}]},{"@type":"WebSite","@id":"https:\/\/xstyle.md\/#website","url":"https:\/\/xstyle.md\/","name":"Magazinul X-Style","description":"Echipamente pentru turism \u0219i sporturi extreme \u00een Moldova. Pre\u021buri, fotografii, caracteristici \u00een Moldova.","publisher":{"@id":"https:\/\/xstyle.md\/#organization"},"alternateName":"X-Style","potentialAction":[{"@type":"SearchAction","target":{"@type":"EntryPoint","urlTemplate":"https:\/\/xstyle.md\/?s={search_term_string}"},"query-input":{"@type":"PropertyValueSpecification","valueRequired":true,"valueName":"search_term_string"}}],"inLanguage":"ro-RO"},{"@type":"Organization","@id":"https:\/\/xstyle.md\/#organization","name":"Magazinul X-Style","alternateName":"x-style","url":"https:\/\/xstyle.md\/","logo":{"@type":"ImageObject","inLanguage":"ro-RO","@id":"https:\/\/xstyle.md\/#\/schema\/logo\/image\/","url":"https:\/\/xstyle.md\/wp-content\/uploads\/2020\/06\/logoicon.svg","contentUrl":"https:\/\/xstyle.md\/wp-content\/uploads\/2020\/06\/logoicon.svg","caption":"\u041c\u0430\u0433\u0430\u0437\u0438\u043d Xstyle"},"image":{"@id":"https:\/\/xstyle.md\/#\/schema\/logo\/image\/"},"sameAs":["https:\/\/www.facebook.com\/xstylemd","https:\/\/www.instagram.com\/xstyle_md\/","https:\/\/t.me\/xstyle_outdoor"],"hasMerchantReturnPolicy":{"@type":"MerchantReturnPolicy","merchantReturnLink":"https:\/\/xstyle.md\/ro\/conditions\/"}}]},"product_price_amount":"2350.00","product_price_currency":"MDL","og_availability":"instock","product_availability":"instock","product_retailer_item_id":"8445042135433","product_condition":"new"},"post_mailing_queue_ids":[],"_links":{"self":[{"href":"https:\/\/xstyle.md\/ro\/wp-json\/wp\/v2\/product\/76034","targetHints":{"allow":["GET"]}}],"collection":[{"href":"https:\/\/xstyle.md\/ro\/wp-json\/wp\/v2\/product"}],"about":[{"href":"https:\/\/xstyle.md\/ro\/wp-json\/wp\/v2\/types\/product"}],"replies":[{"embeddable":true,"href":"https:\/\/xstyle.md\/ro\/wp-json\/wp\/v2\/comments?post=76034"}],"wp:featuredmedia":[{"embeddable":true,"href":"https:\/\/xstyle.md\/ro\/wp-json\/wp\/v2\/media\/76035"}],"wp:attachment":[{"href":"https:\/\/xstyle.md\/ro\/wp-json\/wp\/v2\/media?parent=76034"}],"wp:term":[{"taxonomy":"product_brand","embeddable":true,"href":"https:\/\/xstyle.md\/ro\/wp-json\/wp\/v2\/product_brand?post=76034"},{"taxonomy":"product_cat","embeddable":true,"href":"https:\/\/xstyle.md\/ro\/wp-json\/wp\/v2\/product_cat?post=76034"},{"taxonomy":"product_tag","embeddable":true,"href":"https:\/\/xstyle.md\/ro\/wp-json\/wp\/v2\/product_tag?post=76034"}],"curies":[{"name":"wp","href":"https:\/\/api.w.org\/{rel}","templated":true}]}}