{"id":76008,"date":"2023-11-24T19:09:20","date_gmt":"2023-11-24T16:09:20","guid":{"rendered":"https:\/\/xstyle.md\/?post_type=product&#038;p=76008"},"modified":"2026-04-07T15:24:21","modified_gmt":"2026-04-07T12:24:21","slug":"zhiletka-ternua-kuantum-vest-mns-black","status":"publish","type":"product","link":"https:\/\/xstyle.md\/ro\/produs\/zhiletka-ternua-kuantum-vest-mns-black\/","title":{"rendered":"Vest\u0103 Ternua Kuantum Vest Mns black"},"content":{"rendered":"<p><strong>Ternua Kuantum Vest<\/strong> - vesta multifunc\u021bional\u0103 \u0219i c\u0103lduroas\u0103 confec\u021bionat\u0103 din materiale reciclate cu umplutur\u0103 PrimaLoft\u00ae Silver Eco pentru un nivel ridicat de izolare termic\u0103 chiar \u0219i \u00een condi\u021bii umede. Designul ergonomic \u0219i materialele folosite ofer\u0103 un nivel excep\u021bional de confort \u0219i libertate de mi\u0219care. Impregnare impermeabil\u0103 f\u0103r\u0103 PFC (DWR). Materialul exterioar simplu \u0219i c\u0103ptu\u0219eala interioar\u0103 sunt realizate din poliester reciclat din sticlele de plastic de uz casnic.<\/p>\n<h3>Particularit\u0103\u021bi<\/h3>\n<ul>\n<li>Dou\u0103 buzunare laterale cu fermoar;<\/li>\n<li>Un buzunar cu fermoar pe piept;<\/li>\n<li>Ajustare tiv;<\/li>\n<li>Strat izolator u\u0219or;<\/li>\n<li>Geanta transportabil\u0103\/comprimare inclus\u0103.<\/li>\n<\/ul>\n<h3>Caracteristici<\/h3>\n<ul>\n<li>Compozi\u021bie - 100% Polyester;<\/li>\n<li>Izola\u021bie - PrimaLoft\u00ae Silver Eco;<\/li>\n<li>Sezon - prim\u0103var\u0103\/var\u0103\/toamn\u0103;<\/li>\n<li>Model - pentru b\u0103rba\u021bi.<\/li>\n<\/ul>\n<h3>Tehnologie<\/h3>\n<ul>\n<li><strong>Microshell<\/strong> - material tehnologic dezvoltat pe baz\u0103 de microfibre sintetice ultra-subtiri. Materialul este complet rezistent la v\u00e2nt, dar \u00een acela\u0219i timp elimin\u0103 bine umezeala de pe suprafa\u021ba corpului.<\/li>\n<li><strong>Primaloft<\/strong>\u00ae<strong>Silver Eco<\/strong> - este cea mai ecologic\u0103 izola\u021bie, const\u00e2nd din materiale reciclate \u00een propor\u021bie de 70%. Moliciunea incredibil\u0103 a materialului \u0219i rezisten\u021ba la ap\u0103 fac posibil\u0103 utilizarea produselor cu aceast\u0103 tehnologie pe vreme umed\u0103, deoarece te \u00eenc\u0103lze\u0219te at\u00e2t de u\u0219or. \u00cen plus, materialul are propriet\u0103\u021bi ridicate de compresie \u0219i se simte ca un puf de g\u00e2sc\u0103 natural la atingere.<\/li>\n<\/ul>\n<h3>Marca<\/h3>\n<p>Ternua \u2014 un brand spaniol specializat \u00een produc\u021bia de \u00eembr\u0103c\u0103minte tehnice, func\u021bionale \u0219i inovatoare capabile s\u0103 se adapteze la cele mai nefavorabile condi\u021bii meteorologice. Spiritul antreprenorial \u0219i aventuros al v\u00e2n\u0103torilor de balene basci din secolul al XV-lea a inspirat crearea m\u0103rcii outdoor Ternua \u00een 1995. \u00cen limba basc\u0103, \u201eTernua\u201d \u00eenseamn\u0103 balen\u0103, motiv pentru care compania poart\u0103 un astfel de nume, iar logo-ul acesteia \u00eempodobe\u0219te coada balenei. Principiile esen\u021biale ale Ternua sunt pasiunea pentru munte, respectul pentru mediul \u00eenconjur\u0103tor \u0219i respectul pentru r\u0103d\u0103cinile \u0219i originile cuiva. Produc\u0103torul acord\u0103 o aten\u021bie deosebit\u0103 alegerii materialelor, prefer\u0103 culorile bogate, hainele sunt versatile \u0219i se potrivesc bine. \u0218i, de asemenea, brandul trateaz\u0103 natura cu o grij\u0103 deosebit\u0103, sus\u021bin\u00e2nd sustenabilitatea \u0219i produc\u00e2nd haine din materiale reciclate.<\/p>","protected":false},"excerpt":{"rendered":"<p>Ternua Kuantum Vest &#8212; \u043c\u043d\u043e\u0433\u043e\u0444\u0443\u043d\u043a\u0446\u0438\u043e\u043d\u0430\u043b\u044c\u043d\u044b\u0439 \u0438 \u0442\u0435\u043f\u043b\u044b\u0439 \u0436\u0438\u043b\u0435\u0442 \u0438\u0437 \u043f\u0435\u0440\u0435\u0440\u0430\u0431\u043e\u0442\u0430\u043d\u043d\u044b\u0445 \u0442\u043a\u0430\u043d\u0435\u0439 \u0441 \u043d\u0430\u043f\u043e\u043b\u043d\u0438\u0442\u0435\u043b\u0435\u043c PrimaLoft\u00ae Silver Eco \u0434\u043b\u044f \u043e\u0447\u0435\u043d\u044c \u0432\u044b\u0441\u043e\u043a\u043e\u0433\u043e \u0443\u0440\u043e\u0432\u043d\u044f \u0442\u0435\u043f\u043b\u043e\u0438\u0437\u043e\u043b\u044f\u0446\u0438\u0438 \u0434\u0430\u0436\u0435 \u0432\u043e \u0432\u043b\u0430\u0436\u043d\u044b\u0445 \u0443\u0441\u043b\u043e\u0432\u0438\u044f\u0445. \u042d\u0440\u0433\u043e\u043d\u043e\u043c\u0438\u0447\u043d\u044b\u0439 \u0434\u0438\u0437\u0430\u0439\u043d \u0438 \u0438\u0441\u043f\u043e\u043b\u044c\u0437\u0443\u0435\u043c\u044b\u0435 \u0442\u043a\u0430\u043d\u0438 \u043e\u0431\u0435\u0441\u043f\u0435\u0447\u0438\u0432\u0430\u044e\u0442 \u0438\u0441\u043a\u043b\u044e\u0447\u0438\u0442\u0435\u043b\u044c\u043d\u044b\u0439 \u0443\u0440\u043e\u0432\u0435\u043d\u044c \u043a\u043e\u043c\u0444\u043e\u0440\u0442\u0430 \u0438 \u0441\u0432\u043e\u0431\u043e\u0434\u044b \u0434\u0432\u0438\u0436\u0435\u043d\u0438\u0439. \u0412\u043e\u0434\u043e\u043e\u0442\u0442\u0430\u043b\u043a\u0438\u0432\u0430\u044e\u0449\u0430\u044f \u043f\u0440\u043e\u043f\u0438\u0442\u043a\u0430 \u0431\u0435\u0437 \u041f\u0424\u0423 (DWR). \u041f\u0440\u043e\u0441\u0442\u0430\u044f \u0432\u043d\u0435\u0448\u043d\u044f\u044f \u0442\u043a\u0430\u043d\u044c \u0438 \u0432\u043d\u0443\u0442\u0440\u0435\u043d\u043d\u044f\u044f \u043f\u043e\u0434\u043a\u043b\u0430\u0434\u043a\u0430 \u0438\u0437 \u043f\u043e\u043b\u0438\u044d\u0441\u0442\u0435\u0440\u0430, \u043f\u0435\u0440\u0435\u0440\u0430\u0431\u043e\u0442\u0430\u043d\u043d\u043e\u0433\u043e \u0438\u0437 \u0431\u044b\u0442\u043e\u0432\u044b\u0445 \u043f\u043b\u0430\u0441\u0442\u0438\u043a\u043e\u0432\u044b\u0445 \u0431\u0443\u0442\u044b\u043b\u043e\u043a. [&hellip;]<\/p>\n","protected":false},"featured_media":76010,"comment_status":"open","ping_status":"closed","template":"","meta":{"_acf_changed":false,"inline_featured_image":false},"product_brand":[1426],"product_cat":[444],"product_tag":[],"class_list":{"0":"post-76008","1":"product","2":"type-product","3":"status-publish","4":"has-post-thumbnail","6":"product_brand-ternua","7":"product_cat-vesta-scurta-barbati","9":"first","10":"instock","11":"shipping-taxable","12":"purchasable","13":"product-type-simple"},"acf":[],"yoast_head":"<!-- This site is optimized with the Yoast SEO plugin v27.4 - https:\/\/yoast.com\/product\/yoast-seo-wordpress\/ -->\n<title>\u0416\u0438\u043b\u0435\u0442\u043a\u0430 Ternua Kuantum Vest Mns black - \u041c\u0430\u0433\u0430\u0437\u0438\u043d Xstyle<\/title>\n<meta name=\"description\" content=\"\u0416\u0438\u043b\u0435\u0442\u043a\u0430 Ternua Kuantum Vest Mns black \u0441 \u0443\u0442\u0435\u043f\u043b\u0438\u0442\u0435\u043b\u0435\u043c PrimaLoft Silver Eco \u0438 \u0437\u0430\u0449\u0438\u0442\u043e\u0439 DWR \u0434\u043b\u044f \u0430\u043a\u0442\u0438\u0432\u043d\u043e\u0433\u043e \u043e\u0442\u0434\u044b\u0445\u0430. \u0418\u0434\u0435\u0430\u043b\u044c\u043d\u044b\u0439 \u0432\u044b\u0431\u043e\u0440 \u0434\u043b\u044f \u043a\u043e\u043c\u0444\u043e\u0440\u0442\u0430 \u043d\u0430 \u043f\u0440\u0438\u0440\u043e\u0434\u0435!\" \/>\n<meta name=\"robots\" content=\"index, follow, max-snippet:-1, max-image-preview:large, max-video-preview:-1\" \/>\n<link rel=\"canonical\" href=\"https:\/\/xstyle.md\/ro\/produs\/zhiletka-ternua-kuantum-vest-mns-black\/\" \/>\n<meta property=\"og:locale\" content=\"ro_RO\" \/>\n<meta property=\"og:type\" content=\"article\" \/>\n<meta property=\"og:title\" content=\"\u0416\u0438\u043b\u0435\u0442\u043a\u0430 Ternua Kuantum Vest Mns black - \u041c\u0430\u0433\u0430\u0437\u0438\u043d Xstyle\" \/>\n<meta property=\"og:description\" content=\"\u0416\u0438\u043b\u0435\u0442\u043a\u0430 Ternua Kuantum Vest Mns black \u0441 \u0443\u0442\u0435\u043f\u043b\u0438\u0442\u0435\u043b\u0435\u043c PrimaLoft Silver Eco \u0438 \u0437\u0430\u0449\u0438\u0442\u043e\u0439 DWR \u0434\u043b\u044f \u0430\u043a\u0442\u0438\u0432\u043d\u043e\u0433\u043e \u043e\u0442\u0434\u044b\u0445\u0430. \u0418\u0434\u0435\u0430\u043b\u044c\u043d\u044b\u0439 \u0432\u044b\u0431\u043e\u0440 \u0434\u043b\u044f \u043a\u043e\u043c\u0444\u043e\u0440\u0442\u0430 \u043d\u0430 \u043f\u0440\u0438\u0440\u043e\u0434\u0435!\" \/>\n<meta property=\"og:url\" content=\"https:\/\/xstyle.md\/ro\/produs\/zhiletka-ternua-kuantum-vest-mns-black\/\" \/>\n<meta property=\"og:site_name\" content=\"\u041c\u0430\u0433\u0430\u0437\u0438\u043d Xstyle\" \/>\n<meta property=\"article:publisher\" content=\"https:\/\/www.facebook.com\/xstylemd\" \/>\n<meta property=\"article:modified_time\" content=\"2026-04-07T12:24:21+00:00\" \/>\n<meta property=\"og:image\" content=\"https:\/\/xstyle.md\/wp-content\/uploads\/2023\/11\/ternua-kuantum-vest-mns-black.jpg\" \/>\n\t<meta property=\"og:image:width\" content=\"846\" \/>\n\t<meta property=\"og:image:height\" content=\"862\" \/>\n\t<meta property=\"og:image:type\" content=\"image\/jpeg\" \/>\n<meta name=\"twitter:card\" content=\"summary_large_image\" \/>\n<meta name=\"twitter:label1\" content=\"Pre\u021b\" \/>\n\t<meta name=\"twitter:data1\" content=\"2.490&nbsp;MDL\" \/>\n\t<meta name=\"twitter:label2\" content=\"Disponibilitate\" \/>\n\t<meta name=\"twitter:data2\" content=\"\u00cen stoc\" \/>\n<script type=\"application\/ld+json\" class=\"yoast-schema-graph\">{\"@context\":\"https:\\\/\\\/schema.org\",\"@graph\":[{\"@type\":\"WebPage\",\"@id\":\"https:\\\/\\\/xstyle.md\\\/product\\\/zhiletka-ternua-kuantum-vest-mns-black\\\/\",\"url\":\"https:\\\/\\\/xstyle.md\\\/product\\\/zhiletka-ternua-kuantum-vest-mns-black\\\/\",\"name\":\"\u0416\u0438\u043b\u0435\u0442\u043a\u0430 Ternua Kuantum Vest Mns black - \u041c\u0430\u0433\u0430\u0437\u0438\u043d Xstyle\",\"isPartOf\":{\"@id\":\"https:\\\/\\\/xstyle.md\\\/#website\"},\"primaryImageOfPage\":{\"@id\":\"https:\\\/\\\/xstyle.md\\\/product\\\/zhiletka-ternua-kuantum-vest-mns-black\\\/#primaryimage\"},\"image\":{\"@id\":\"https:\\\/\\\/xstyle.md\\\/product\\\/zhiletka-ternua-kuantum-vest-mns-black\\\/#primaryimage\"},\"thumbnailUrl\":\"https:\\\/\\\/xstyle.md\\\/wp-content\\\/uploads\\\/2023\\\/11\\\/ternua-kuantum-vest-mns-black.jpg\",\"datePublished\":\"2023-11-24T16:09:20+00:00\",\"dateModified\":\"2026-04-07T12:24:21+00:00\",\"description\":\"\u0416\u0438\u043b\u0435\u0442\u043a\u0430 Ternua Kuantum Vest Mns black \u0441 \u0443\u0442\u0435\u043f\u043b\u0438\u0442\u0435\u043b\u0435\u043c PrimaLoft Silver Eco \u0438 \u0437\u0430\u0449\u0438\u0442\u043e\u0439 DWR \u0434\u043b\u044f \u0430\u043a\u0442\u0438\u0432\u043d\u043e\u0433\u043e \u043e\u0442\u0434\u044b\u0445\u0430. \u0418\u0434\u0435\u0430\u043b\u044c\u043d\u044b\u0439 \u0432\u044b\u0431\u043e\u0440 \u0434\u043b\u044f \u043a\u043e\u043c\u0444\u043e\u0440\u0442\u0430 \u043d\u0430 \u043f\u0440\u0438\u0440\u043e\u0434\u0435!\",\"breadcrumb\":{\"@id\":\"https:\\\/\\\/xstyle.md\\\/product\\\/zhiletka-ternua-kuantum-vest-mns-black\\\/#breadcrumb\"},\"inLanguage\":\"ro-RO\",\"potentialAction\":[{\"@type\":\"ReadAction\",\"target\":[\"https:\\\/\\\/xstyle.md\\\/product\\\/zhiletka-ternua-kuantum-vest-mns-black\\\/\"]}]},{\"@type\":\"ImageObject\",\"inLanguage\":\"ro-RO\",\"@id\":\"https:\\\/\\\/xstyle.md\\\/product\\\/zhiletka-ternua-kuantum-vest-mns-black\\\/#primaryimage\",\"url\":\"https:\\\/\\\/xstyle.md\\\/wp-content\\\/uploads\\\/2023\\\/11\\\/ternua-kuantum-vest-mns-black.jpg\",\"contentUrl\":\"https:\\\/\\\/xstyle.md\\\/wp-content\\\/uploads\\\/2023\\\/11\\\/ternua-kuantum-vest-mns-black.jpg\",\"width\":846,\"height\":862,\"caption\":\"\u0422\u0435\u0440\u043c\u043e\u0441\u0442\u043e\u0439\u043a\u0430\u044f \u0436\u0438\u043b\u0435\u0442\u043a\u0430 Ternua Kuantum Vest Mns \u0447\u0435\u0440\u043d\u0430\u044f \u0434\u043b\u044f \u0430\u043a\u0442\u0438\u0432\u043d\u043e\u0433\u043e \u043e\u0442\u0434\u044b\u0445\u0430, \u043f\u043e\u0445\u043e\u0434\u043e\u0432, \u0442\u0443\u0440\u0438\u0437\u043c\u0430 \u0438 \u043f\u0443\u0442\u0435\u0448\u0435\u0441\u0442\u0432\u0438\u0439 \u0432 \u0438\u043d\u0442\u0435\u0440\u043d\u0435\u0442-\u043c\u0430\u0433\u0430\u0437\u0438\u043d\u0435 \u0430\u043a\u0442\u0438\u0432\u043d\u043e\u0439 \u043e\u0434\u0435\u0436\u0434\u044b \u0438 \u043e\u0431\u0443\u0432\u0438\"},{\"@type\":\"BreadcrumbList\",\"@id\":\"https:\\\/\\\/xstyle.md\\\/product\\\/zhiletka-ternua-kuantum-vest-mns-black\\\/#breadcrumb\",\"itemListElement\":[{\"@type\":\"ListItem\",\"position\":1,\"name\":\"\u0413\u043b\u0430\u0432\u043d\u0430\u044f \u0441\u0442\u0440\u0430\u043d\u0438\u0446\u0430\",\"item\":\"https:\\\/\\\/xstyle.md\\\/\"},{\"@type\":\"ListItem\",\"position\":2,\"name\":\"\u041c\u0430\u0433\u0430\u0437\u0438\u043d\",\"item\":\"https:\\\/\\\/xstyle.md\\\/shop\\\/\"},{\"@type\":\"ListItem\",\"position\":3,\"name\":\"\u0416\u0438\u043b\u0435\u0442\u043a\u0430 Ternua Kuantum Vest Mns black\"}]},{\"@type\":\"WebSite\",\"@id\":\"https:\\\/\\\/xstyle.md\\\/#website\",\"url\":\"https:\\\/\\\/xstyle.md\\\/\",\"name\":\"\u041c\u0430\u0433\u0430\u0437\u0438\u043d Xstyle\",\"description\":\"C\u043d\u0430\u0440\u044f\u0436\u0435\u043d\u0438\u0435 \u0434\u043b\u044f \u0442\u0443\u0440\u0438\u0437\u043c\u0430 \u0438 \u044d\u043a\u0441\u0442\u0440\u0435\u043c\u0430\u043b\u044c\u043d\u044b\u0445 \u0432\u0438\u0434\u043e\u0432 \u0441\u043f\u043e\u0440\u0442\u0430 \u0432 \u041c\u043e\u043b\u0434\u043e\u0432\u0435.. \u0426\u0435\u043d\u044b, \u0444\u043e\u0442\u043e, \u0445\u0430\u0440\u0430\u043a\u0442\u0435\u0440\u0438\u0441\u0442\u0438\u043a\u0438 \u0432 \u041c\u043e\u043b\u0434\u043e\u0432\u0435.\",\"publisher\":{\"@id\":\"https:\\\/\\\/xstyle.md\\\/#organization\"},\"alternateName\":\"X-Style\",\"potentialAction\":[{\"@type\":\"SearchAction\",\"target\":{\"@type\":\"EntryPoint\",\"urlTemplate\":\"https:\\\/\\\/xstyle.md\\\/?s={search_term_string}\"},\"query-input\":{\"@type\":\"PropertyValueSpecification\",\"valueRequired\":true,\"valueName\":\"search_term_string\"}}],\"inLanguage\":\"ro-RO\"},{\"@type\":\"Organization\",\"@id\":\"https:\\\/\\\/xstyle.md\\\/#organization\",\"name\":\"\u041c\u0430\u0433\u0430\u0437\u0438\u043d Xstyle\",\"alternateName\":\"x-style\",\"url\":\"https:\\\/\\\/xstyle.md\\\/\",\"logo\":{\"@type\":\"ImageObject\",\"inLanguage\":\"ro-RO\",\"@id\":\"https:\\\/\\\/xstyle.md\\\/#\\\/schema\\\/logo\\\/image\\\/\",\"url\":\"https:\\\/\\\/xstyle.md\\\/wp-content\\\/uploads\\\/2020\\\/06\\\/logoicon.svg\",\"contentUrl\":\"https:\\\/\\\/xstyle.md\\\/wp-content\\\/uploads\\\/2020\\\/06\\\/logoicon.svg\",\"caption\":\"\u041c\u0430\u0433\u0430\u0437\u0438\u043d Xstyle\"},\"image\":{\"@id\":\"https:\\\/\\\/xstyle.md\\\/#\\\/schema\\\/logo\\\/image\\\/\"},\"sameAs\":[\"https:\\\/\\\/www.facebook.com\\\/xstylemd\",\"https:\\\/\\\/www.instagram.com\\\/xstyle_md\\\/\",\"https:\\\/\\\/t.me\\\/xstyle_outdoor\"],\"hasMerchantReturnPolicy\":{\"@type\":\"MerchantReturnPolicy\",\"merchantReturnLink\":\"https:\\\/\\\/xstyle.md\\\/ro\\\/conditions\\\/\"}}]}<\/script>\n<meta property=\"product:price:amount\" content=\"2490.00\" \/>\n<meta property=\"product:price:currency\" content=\"MDL\" \/>\n<meta property=\"og:availability\" content=\"instock\" \/>\n<meta property=\"product:availability\" content=\"instock\" \/>\n<meta property=\"product:retailer_item_id\" content=\"8445042655627\" \/>\n<meta property=\"product:condition\" content=\"new\" \/>\n<!-- \/ Yoast SEO plugin. -->","yoast_head_json":{"title":"Jachet\u0103 Ternua Kuantum Vest Mns black - Magazin Xstyle","description":"Vesta Ternua Kuantum Vest Mns black cu izolator PrimaLoft Silver Eco \u0219i protec\u021bie DWR pentru activit\u0103\u021bi \u00een aer liber. Alegerea perfect\u0103 pentru confort \u00een natur\u0103!","robots":{"index":"index","follow":"follow","max-snippet":"max-snippet:-1","max-image-preview":"max-image-preview:large","max-video-preview":"max-video-preview:-1"},"canonical":"https:\/\/xstyle.md\/ro\/produs\/zhiletka-ternua-kuantum-vest-mns-black\/","og_locale":"ro_RO","og_type":"article","og_title":"\u0416\u0438\u043b\u0435\u0442\u043a\u0430 Ternua Kuantum Vest Mns black - \u041c\u0430\u0433\u0430\u0437\u0438\u043d Xstyle","og_description":"\u0416\u0438\u043b\u0435\u0442\u043a\u0430 Ternua Kuantum Vest Mns black \u0441 \u0443\u0442\u0435\u043f\u043b\u0438\u0442\u0435\u043b\u0435\u043c PrimaLoft Silver Eco \u0438 \u0437\u0430\u0449\u0438\u0442\u043e\u0439 DWR \u0434\u043b\u044f \u0430\u043a\u0442\u0438\u0432\u043d\u043e\u0433\u043e \u043e\u0442\u0434\u044b\u0445\u0430. \u0418\u0434\u0435\u0430\u043b\u044c\u043d\u044b\u0439 \u0432\u044b\u0431\u043e\u0440 \u0434\u043b\u044f \u043a\u043e\u043c\u0444\u043e\u0440\u0442\u0430 \u043d\u0430 \u043f\u0440\u0438\u0440\u043e\u0434\u0435!","og_url":"https:\/\/xstyle.md\/ro\/produs\/zhiletka-ternua-kuantum-vest-mns-black\/","og_site_name":"\u041c\u0430\u0433\u0430\u0437\u0438\u043d Xstyle","article_publisher":"https:\/\/www.facebook.com\/xstylemd","article_modified_time":"2026-04-07T12:24:21+00:00","og_image":[{"width":846,"height":862,"url":"https:\/\/xstyle.md\/wp-content\/uploads\/2023\/11\/ternua-kuantum-vest-mns-black.jpg","type":"image\/jpeg"}],"twitter_card":"summary_large_image","twitter_misc":{"Pre\u021b":"2.490&nbsp;MDL","Disponibilitate":"\u00cen stoc"},"schema":{"@context":"https:\/\/schema.org","@graph":[{"@type":"WebPage","@id":"https:\/\/xstyle.md\/product\/zhiletka-ternua-kuantum-vest-mns-black\/","url":"https:\/\/xstyle.md\/product\/zhiletka-ternua-kuantum-vest-mns-black\/","name":"Jachet\u0103 Ternua Kuantum Vest Mns black - Magazin Xstyle","isPartOf":{"@id":"https:\/\/xstyle.md\/#website"},"primaryImageOfPage":{"@id":"https:\/\/xstyle.md\/product\/zhiletka-ternua-kuantum-vest-mns-black\/#primaryimage"},"image":{"@id":"https:\/\/xstyle.md\/product\/zhiletka-ternua-kuantum-vest-mns-black\/#primaryimage"},"thumbnailUrl":"https:\/\/xstyle.md\/wp-content\/uploads\/2023\/11\/ternua-kuantum-vest-mns-black.jpg","datePublished":"2023-11-24T16:09:20+00:00","dateModified":"2026-04-07T12:24:21+00:00","description":"Vesta Ternua Kuantum Vest Mns black cu izolator PrimaLoft Silver Eco \u0219i protec\u021bie DWR pentru activit\u0103\u021bi \u00een aer liber. Alegerea perfect\u0103 pentru confort \u00een natur\u0103!","breadcrumb":{"@id":"https:\/\/xstyle.md\/product\/zhiletka-ternua-kuantum-vest-mns-black\/#breadcrumb"},"inLanguage":"ro-RO","potentialAction":[{"@type":"ReadAction","target":["https:\/\/xstyle.md\/product\/zhiletka-ternua-kuantum-vest-mns-black\/"]}]},{"@type":"ImageObject","inLanguage":"ro-RO","@id":"https:\/\/xstyle.md\/product\/zhiletka-ternua-kuantum-vest-mns-black\/#primaryimage","url":"https:\/\/xstyle.md\/wp-content\/uploads\/2023\/11\/ternua-kuantum-vest-mns-black.jpg","contentUrl":"https:\/\/xstyle.md\/wp-content\/uploads\/2023\/11\/ternua-kuantum-vest-mns-black.jpg","width":846,"height":862,"caption":"\u0422\u0435\u0440\u043c\u043e\u0441\u0442\u043e\u0439\u043a\u0430\u044f \u0436\u0438\u043b\u0435\u0442\u043a\u0430 Ternua Kuantum Vest Mns \u0447\u0435\u0440\u043d\u0430\u044f \u0434\u043b\u044f \u0430\u043a\u0442\u0438\u0432\u043d\u043e\u0433\u043e \u043e\u0442\u0434\u044b\u0445\u0430, \u043f\u043e\u0445\u043e\u0434\u043e\u0432, \u0442\u0443\u0440\u0438\u0437\u043c\u0430 \u0438 \u043f\u0443\u0442\u0435\u0448\u0435\u0441\u0442\u0432\u0438\u0439 \u0432 \u0438\u043d\u0442\u0435\u0440\u043d\u0435\u0442-\u043c\u0430\u0433\u0430\u0437\u0438\u043d\u0435 \u0430\u043a\u0442\u0438\u0432\u043d\u043e\u0439 \u043e\u0434\u0435\u0436\u0434\u044b \u0438 \u043e\u0431\u0443\u0432\u0438"},{"@type":"BreadcrumbList","@id":"https:\/\/xstyle.md\/product\/zhiletka-ternua-kuantum-vest-mns-black\/#breadcrumb","itemListElement":[{"@type":"ListItem","position":1,"name":"\u0413\u043b\u0430\u0432\u043d\u0430\u044f \u0441\u0442\u0440\u0430\u043d\u0438\u0446\u0430","item":"https:\/\/xstyle.md\/"},{"@type":"ListItem","position":2,"name":"\u041c\u0430\u0433\u0430\u0437\u0438\u043d","item":"https:\/\/xstyle.md\/shop\/"},{"@type":"ListItem","position":3,"name":"\u0416\u0438\u043b\u0435\u0442\u043a\u0430 Ternua Kuantum Vest Mns black"}]},{"@type":"WebSite","@id":"https:\/\/xstyle.md\/#website","url":"https:\/\/xstyle.md\/","name":"Magazinul X-Style","description":"Echipamente pentru turism \u0219i sporturi extreme \u00een Moldova. Pre\u021buri, fotografii, caracteristici \u00een Moldova.","publisher":{"@id":"https:\/\/xstyle.md\/#organization"},"alternateName":"X-Style","potentialAction":[{"@type":"SearchAction","target":{"@type":"EntryPoint","urlTemplate":"https:\/\/xstyle.md\/?s={search_term_string}"},"query-input":{"@type":"PropertyValueSpecification","valueRequired":true,"valueName":"search_term_string"}}],"inLanguage":"ro-RO"},{"@type":"Organization","@id":"https:\/\/xstyle.md\/#organization","name":"Magazinul X-Style","alternateName":"x-style","url":"https:\/\/xstyle.md\/","logo":{"@type":"ImageObject","inLanguage":"ro-RO","@id":"https:\/\/xstyle.md\/#\/schema\/logo\/image\/","url":"https:\/\/xstyle.md\/wp-content\/uploads\/2020\/06\/logoicon.svg","contentUrl":"https:\/\/xstyle.md\/wp-content\/uploads\/2020\/06\/logoicon.svg","caption":"\u041c\u0430\u0433\u0430\u0437\u0438\u043d Xstyle"},"image":{"@id":"https:\/\/xstyle.md\/#\/schema\/logo\/image\/"},"sameAs":["https:\/\/www.facebook.com\/xstylemd","https:\/\/www.instagram.com\/xstyle_md\/","https:\/\/t.me\/xstyle_outdoor"],"hasMerchantReturnPolicy":{"@type":"MerchantReturnPolicy","merchantReturnLink":"https:\/\/xstyle.md\/ro\/conditions\/"}}]},"product_price_amount":"2490.00","product_price_currency":"MDL","og_availability":"instock","product_availability":"instock","product_retailer_item_id":"8445042655627","product_condition":"new"},"_links":{"self":[{"href":"https:\/\/xstyle.md\/ro\/wp-json\/wp\/v2\/product\/76008","targetHints":{"allow":["GET"]}}],"collection":[{"href":"https:\/\/xstyle.md\/ro\/wp-json\/wp\/v2\/product"}],"about":[{"href":"https:\/\/xstyle.md\/ro\/wp-json\/wp\/v2\/types\/product"}],"replies":[{"embeddable":true,"href":"https:\/\/xstyle.md\/ro\/wp-json\/wp\/v2\/comments?post=76008"}],"wp:featuredmedia":[{"embeddable":true,"href":"https:\/\/xstyle.md\/ro\/wp-json\/wp\/v2\/media\/76010"}],"wp:attachment":[{"href":"https:\/\/xstyle.md\/ro\/wp-json\/wp\/v2\/media?parent=76008"}],"wp:term":[{"taxonomy":"product_brand","embeddable":true,"href":"https:\/\/xstyle.md\/ro\/wp-json\/wp\/v2\/product_brand?post=76008"},{"taxonomy":"product_cat","embeddable":true,"href":"https:\/\/xstyle.md\/ro\/wp-json\/wp\/v2\/product_cat?post=76008"},{"taxonomy":"product_tag","embeddable":true,"href":"https:\/\/xstyle.md\/ro\/wp-json\/wp\/v2\/product_tag?post=76008"}],"curies":[{"name":"wp","href":"https:\/\/api.w.org\/{rel}","templated":true}]}}