{"id":75713,"date":"2023-11-16T13:54:30","date_gmt":"2023-11-16T10:54:30","guid":{"rendered":"https:\/\/xstyle.md\/?post_type=product&#038;p=75713"},"modified":"2026-03-31T17:55:53","modified_gmt":"2026-03-31T14:55:53","slug":"nabor-termobelya-viking-primeone-500-25-7756-0800","status":"publish","type":"product","link":"https:\/\/xstyle.md\/ro\/produs\/nabor-termobelya-viking-primeone-500-25-7756-0800\/","title":{"rendered":"Lengerie termo Viking Primeone 500\/25\/7756\/0800"},"content":{"rendered":"<p><\/p>\n<p><strong>Viking Primeone<\/strong> &#8212; este o lenjerie termic\u0103 moale \u0219i u\u0219oar\u0103, realizat\u0103 pe baza tehnologiei Sensil\u00ae Bodyfresh. Aceast\u0103 \u021bes\u0103tur\u0103 este conceput\u0103 pentru a oferi protec\u021bie \u0219i o senza\u021bie pl\u0103cut\u0103 datorit\u0103 unui aditiv special integrat direct \u00een firele de microfibr\u0103, care previne dezvoltarea bacteriilor \u0219i reduce activitatea acestora. Materialul ofer\u0103 o protec\u021bie antibacterian\u0103 eficient\u0103, av\u00e2nd propriet\u0103\u021bi antivirale demonstrate. Rezultatul este un produs din material moale cu propriet\u0103\u021bi durabile, care nu se pierd prin sp\u0103lare \u0219i nu polueaz\u0103 apa.<\/p>\n<h3>Particularit\u0103\u021bi<\/h3>\n<ul>\n<li>Respirabilitate excelent\u0103 \u2013 permite circula\u021bia aerului pentru un confort sporit<\/li>\n<li>Textur\u0103 foarte moale la atingere \u2013 ofer\u0103 o senza\u021bie delicat\u0103 pe piele<\/li>\n<li>Elasticitate ridicat\u0103 \u2013 asigur\u0103 libertate total\u0103 de mi\u0219care<\/li>\n<li>Propriet\u0103\u021bi antialergice \u0219i antibacteriene \u2013 ideal pentru pielea sensibil\u0103<\/li>\n<li>Controlul mirosurilor nepl\u0103cute \u2013 blocheaz\u0103 formarea mirosurilor nepl\u0103cute \u00een timpul efortului<\/li>\n<\/ul>\n<h3>Caracteristici<\/h3>\n<ul>\n<li>Sezon &#8212; iarn\u0103<\/li>\n<li>Nivel de temperatur\u0103 &#8212; Warm+ (Cald+)<\/li>\n<li>Compozi\u021bie &#8212; 65% poliamid\u0103 (Sensil\u00ae Bodyfresh), 27% poliester, 8% lycra<\/li>\n<li>Utilizare &#8212; schi \/ snowboarding \/ trekking \/ ora\u0219 \/ c\u0103l\u0103torii<\/li>\n<li>Model - b\u0103rba\u021bi<\/li>\n<\/ul>\n<h3>Tehnologii<\/h3>\n<ul>\n<li><strong>Sensil<\/strong>\u00ae<strong> Bodyfresh<\/strong> \u2013 nailon de calitate premium care ofer\u0103 o protec\u021bie antibacterian\u0103 eficient\u0103, cu propriet\u0103\u021bi antivirale dovedite. Datorit\u0103 tehnologiei de ultim\u0103 or\u0103 integrate \u00een structura sa, beneficiile se men\u021bin pe \u00eentreaga durat\u0103 de via\u021b\u0103 a produsului \u0219i nu se elimin\u0103 \u00een timpul sp\u0103l\u0103rilor.<\/li>\n<\/ul>\n<p><\/p>\n<h3>Marca<\/h3>\n<p>VIKING - este o marc\u0103 polonez\u0103 de \u00eembr\u0103c\u0103minte \u0219i accesorii sportive care activeaz\u0103 cu succes pe pia\u021b\u0103 de mul\u021bi ani, fiind totodat\u0103 \u0219i distribuitor al unor branduri sportive interna\u021bionale. Compania a fost \u00eenfiin\u021bat\u0103 \u00een anul 1996, perioad\u0103 \u00een care producea articole din doar dou\u0103 categorii: m\u0103nu\u0219i de schi \u0219i m\u0103nu\u0219i pentru snowboarding.<\/p>\n<p>Prestigiul m\u0103rcii a crescut propor\u021bional cu participarea sa pe pia\u021ba polonez\u0103 a accesoriilor sportive, r\u0103m\u00e2n\u00e2nd lider pentru o perioad\u0103 foarte lung\u0103 de timp. \u00cen plus, produsele Viking sunt c\u0103utate de mul\u021bi ani \u00een Ucraina, Slovacia \u0219i Moldova, precum \u0219i \u00een Rusia, Spania, Fran\u021ba, Cehia, Serbia \u0219i Germania. Viking f\u0103r\u0103 nicio restric\u021bie combin\u0103 pasiunea, solu\u021biile tehnologice moderne \u0219i cele relevante.<\/p>","protected":false},"excerpt":{"rendered":"<p>\u0411\u0440\u0435\u043d\u0434 VIKING \u2013 \u043f\u043e\u043b\u044c\u0441\u043a\u0430\u044f \u043c\u0430\u0440\u043a\u0430 \u0441\u043f\u043e\u0440\u0442\u0438\u0432\u043d\u043e\u0439 \u043e\u0434\u0435\u0436\u0434\u044b, \u043a\u043e\u0442\u043e\u0440\u0430\u044f \u0443\u0436\u0435 \u043c\u043d\u043e\u0433\u043e \u043b\u0435\u0442 \u0443\u0441\u043f\u0435\u0448\u043d\u043e \u0440\u0430\u0431\u043e\u0442\u0430\u0435\u0442 \u043d\u0430 \u043f\u043e\u043b\u044c\u0441\u043a\u043e\u043c \u0440\u044b\u043d\u043a\u0435 \u0438 \u044f\u0432\u043b\u044f\u0435\u0442\u0441\u044f \u0434\u0438\u0441\u0442\u0440\u0438\u0431\u0443\u0442\u043e\u0440\u043e\u043c \u043c\u0438\u0440\u043e\u0432\u044b\u0445 \u0441\u043f\u043e\u0440\u0442\u0438\u0432\u043d\u044b\u0445 \u043c\u0430\u0440\u043e\u043a. \u041e\u043d\u0430 \u0431\u044b\u043b\u0430 \u0441\u043e\u0437\u0434\u0430\u043d\u0430 \u0432 1996 \u0433., \u0432 \u0442\u043e \u0432\u0440\u0435\u043c\u044f \u043f\u0440\u043e\u0438\u0437\u0432\u043e\u0434\u0438\u043b\u0438\u0441\u044c \u0438\u0437\u0434\u0435\u043b\u0438\u044f \u043b\u0438\u0448\u044c \u0434\u0432\u0443\u0445 \u043a\u0430\u0442\u0435\u0433\u043e\u0440\u0438\u0439: \u043b\u044b\u0436\u043d\u044b\u0435 \u043f\u0435\u0440\u0447\u0430\u0442\u043a\u0438 \u0438 \u043f\u0435\u0440\u0447\u0430\u0442\u043a\u0438 \u0434\u043b\u044f \u0441\u043d\u043e\u0443\u0431\u043e\u0440\u0434\u0430. \u0421 \u0441\u0430\u043c\u043e\u0433\u043e \u043d\u0430\u0447\u0430\u043b\u0430 \u0431\u044b\u043b\u0438 \u043e\u043f\u0440\u0435\u0434\u0435\u043b\u0435\u043d\u044b \u043f\u0440\u0438\u043d\u0446\u0438\u043f\u044b, \u043a\u043e\u0442\u043e\u0440\u044b\u043c\u0438 \u0440\u0443\u043a\u043e\u0432\u043e\u0434\u0441\u0442\u0432\u0443\u044e\u0442\u0441\u044f \u043f\u043e \u0441\u0435\u0439 \u0434\u0435\u043d\u044c: \u043f\u043e\u0434\u0431\u043e\u0440 \u0441\u043e\u0432\u0440\u0435\u043c\u0435\u043d\u043d\u044b\u0445 [&hellip;]<\/p>\n","protected":false},"featured_media":75813,"comment_status":"open","ping_status":"closed","template":"","meta":{"_acf_changed":false,"inline_featured_image":false},"product_brand":[1314],"product_cat":[288],"product_tag":[],"class_list":{"0":"post-75713","1":"product","2":"type-product","3":"status-publish","4":"has-post-thumbnail","6":"product_brand-viking","7":"product_cat-thermals-barbati","9":"first","10":"instock","11":"shipping-taxable","12":"purchasable","13":"product-type-simple"},"acf":[],"yoast_head":"<!-- This site is optimized with the Yoast SEO plugin v27.4 - https:\/\/yoast.com\/product\/yoast-seo-wordpress\/ -->\n<title>\u041d\u0430\u0431\u043e\u0440 \u0442\u0435\u0440\u043c\u043e\u0431\u0435\u043b\u044c\u044f Viking Primeone 500\/25\/7756\/0800 - \u041c\u0430\u0433\u0430\u0437\u0438\u043d Xstyle<\/title>\n<meta name=\"description\" content=\"\u041a\u0443\u043f\u0438\u0442\u0435 \u0442\u0435\u0440\u043c\u043e\u0431\u0435\u043b\u044c\u0435 Viking Primeone 500\/25\/7756\/0800 \u0441 \u0442\u0435\u0445\u043d\u043e\u043b\u043e\u0433\u0438\u0435\u0439 Sensil Bodyfresh. \u0423\u0434\u043e\u0431\u0441\u0442\u0432\u043e \u0438 \u0442\u0435\u043f\u043b\u043e \u0434\u043b\u044f \u0430\u043a\u0442\u0438\u0432\u043d\u043e\u0433\u043e \u043e\u0431\u0440\u0430\u0437\u0430 \u0436\u0438\u0437\u043d\u0438!\" \/>\n<meta name=\"robots\" content=\"index, follow, max-snippet:-1, max-image-preview:large, max-video-preview:-1\" \/>\n<link rel=\"canonical\" href=\"https:\/\/xstyle.md\/ro\/produs\/nabor-termobelya-viking-primeone-500-25-7756-0800\/\" \/>\n<meta property=\"og:locale\" content=\"ro_RO\" \/>\n<meta property=\"og:type\" content=\"article\" \/>\n<meta property=\"og:title\" content=\"\u041d\u0430\u0431\u043e\u0440 \u0442\u0435\u0440\u043c\u043e\u0431\u0435\u043b\u044c\u044f Viking Primeone 500\/25\/7756\/0800 - \u041c\u0430\u0433\u0430\u0437\u0438\u043d Xstyle\" \/>\n<meta property=\"og:description\" content=\"\u041a\u0443\u043f\u0438\u0442\u0435 \u0442\u0435\u0440\u043c\u043e\u0431\u0435\u043b\u044c\u0435 Viking Primeone 500\/25\/7756\/0800 \u0441 \u0442\u0435\u0445\u043d\u043e\u043b\u043e\u0433\u0438\u0435\u0439 Sensil Bodyfresh. \u0423\u0434\u043e\u0431\u0441\u0442\u0432\u043e \u0438 \u0442\u0435\u043f\u043b\u043e \u0434\u043b\u044f \u0430\u043a\u0442\u0438\u0432\u043d\u043e\u0433\u043e \u043e\u0431\u0440\u0430\u0437\u0430 \u0436\u0438\u0437\u043d\u0438!\" \/>\n<meta property=\"og:url\" content=\"https:\/\/xstyle.md\/ro\/produs\/nabor-termobelya-viking-primeone-500-25-7756-0800\/\" \/>\n<meta property=\"og:site_name\" content=\"\u041c\u0430\u0433\u0430\u0437\u0438\u043d Xstyle\" \/>\n<meta property=\"article:publisher\" content=\"https:\/\/www.facebook.com\/xstylemd\" \/>\n<meta property=\"article:modified_time\" content=\"2026-03-31T14:55:53+00:00\" \/>\n<meta property=\"og:image\" content=\"https:\/\/xstyle.md\/wp-content\/uploads\/2023\/11\/viking-primeone-man.jpg\" \/>\n\t<meta property=\"og:image:width\" content=\"1608\" \/>\n\t<meta property=\"og:image:height\" content=\"1560\" \/>\n\t<meta property=\"og:image:type\" content=\"image\/jpeg\" \/>\n<meta name=\"twitter:card\" content=\"summary_large_image\" \/>\n<meta name=\"twitter:label1\" content=\"Pre\u021b\" \/>\n\t<meta name=\"twitter:data1\" content=\"1.690&nbsp;MDL\" \/>\n\t<meta name=\"twitter:label2\" content=\"Disponibilitate\" \/>\n\t<meta name=\"twitter:data2\" content=\"\u00cen stoc\" \/>\n<script type=\"application\/ld+json\" class=\"yoast-schema-graph\">{\"@context\":\"https:\\\/\\\/schema.org\",\"@graph\":[{\"@type\":\"WebPage\",\"@id\":\"https:\\\/\\\/xstyle.md\\\/product\\\/nabor-termobelya-viking-primeone-500-25-7756-0800\\\/\",\"url\":\"https:\\\/\\\/xstyle.md\\\/product\\\/nabor-termobelya-viking-primeone-500-25-7756-0800\\\/\",\"name\":\"\u041d\u0430\u0431\u043e\u0440 \u0442\u0435\u0440\u043c\u043e\u0431\u0435\u043b\u044c\u044f Viking Primeone 500\\\/25\\\/7756\\\/0800 - \u041c\u0430\u0433\u0430\u0437\u0438\u043d Xstyle\",\"isPartOf\":{\"@id\":\"https:\\\/\\\/xstyle.md\\\/#website\"},\"primaryImageOfPage\":{\"@id\":\"https:\\\/\\\/xstyle.md\\\/product\\\/nabor-termobelya-viking-primeone-500-25-7756-0800\\\/#primaryimage\"},\"image\":{\"@id\":\"https:\\\/\\\/xstyle.md\\\/product\\\/nabor-termobelya-viking-primeone-500-25-7756-0800\\\/#primaryimage\"},\"thumbnailUrl\":\"https:\\\/\\\/xstyle.md\\\/wp-content\\\/uploads\\\/2023\\\/11\\\/viking-primeone-man.jpg\",\"datePublished\":\"2023-11-16T10:54:30+00:00\",\"dateModified\":\"2026-03-31T14:55:53+00:00\",\"description\":\"\u041a\u0443\u043f\u0438\u0442\u0435 \u0442\u0435\u0440\u043c\u043e\u0431\u0435\u043b\u044c\u0435 Viking Primeone 500\\\/25\\\/7756\\\/0800 \u0441 \u0442\u0435\u0445\u043d\u043e\u043b\u043e\u0433\u0438\u0435\u0439 Sensil Bodyfresh. \u0423\u0434\u043e\u0431\u0441\u0442\u0432\u043e \u0438 \u0442\u0435\u043f\u043b\u043e \u0434\u043b\u044f \u0430\u043a\u0442\u0438\u0432\u043d\u043e\u0433\u043e \u043e\u0431\u0440\u0430\u0437\u0430 \u0436\u0438\u0437\u043d\u0438!\",\"breadcrumb\":{\"@id\":\"https:\\\/\\\/xstyle.md\\\/product\\\/nabor-termobelya-viking-primeone-500-25-7756-0800\\\/#breadcrumb\"},\"inLanguage\":\"ro-RO\",\"potentialAction\":[{\"@type\":\"ReadAction\",\"target\":[\"https:\\\/\\\/xstyle.md\\\/product\\\/nabor-termobelya-viking-primeone-500-25-7756-0800\\\/\"]}]},{\"@type\":\"ImageObject\",\"inLanguage\":\"ro-RO\",\"@id\":\"https:\\\/\\\/xstyle.md\\\/product\\\/nabor-termobelya-viking-primeone-500-25-7756-0800\\\/#primaryimage\",\"url\":\"https:\\\/\\\/xstyle.md\\\/wp-content\\\/uploads\\\/2023\\\/11\\\/viking-primeone-man.jpg\",\"contentUrl\":\"https:\\\/\\\/xstyle.md\\\/wp-content\\\/uploads\\\/2023\\\/11\\\/viking-primeone-man.jpg\",\"width\":1608,\"height\":1560,\"caption\":\"\u0422\u0435\u0440\u043c\u043e\u0431\u0435\u043b\u044c\u0435 Viking Primeone \u0434\u043b\u044f \u0430\u043a\u0442\u0438\u0432\u043d\u043e\u0433\u043e \u043e\u0442\u0434\u044b\u0445\u0430, \u043e\u0434\u0435\u0436\u0434\u044b \u0438 \u043e\u0431\u0443\u0432\u0438 \u0434\u043b\u044f \u0442\u0443\u0440\u0438\u0437\u043c\u0430 \u0438 \u0430\u043b\u044c\u043f\u0438\u043d\u0438\u0437\u043c\u0430, \u043f\u043e\u0434\u0445\u043e\u0434\u044f\u0449\u0435\u0435 \u0434\u043b\u044f \u043f\u043e\u0445\u043e\u0434\u043e\u0432, \u043f\u0443\u0442\u0435\u0448\u0435\u0441\u0442\u0432\u0438\u0439 \u0438 \u044d\u043a\u0441\u0442\u0440\u0435\u043c\u0430\u043b\u044c\u043d\u044b\u0445 \u0443\u0441\u043b\u043e\u0432\u0438\u0439\"},{\"@type\":\"BreadcrumbList\",\"@id\":\"https:\\\/\\\/xstyle.md\\\/product\\\/nabor-termobelya-viking-primeone-500-25-7756-0800\\\/#breadcrumb\",\"itemListElement\":[{\"@type\":\"ListItem\",\"position\":1,\"name\":\"\u0413\u043b\u0430\u0432\u043d\u0430\u044f \u0441\u0442\u0440\u0430\u043d\u0438\u0446\u0430\",\"item\":\"https:\\\/\\\/xstyle.md\\\/\"},{\"@type\":\"ListItem\",\"position\":2,\"name\":\"\u041c\u0430\u0433\u0430\u0437\u0438\u043d\",\"item\":\"https:\\\/\\\/xstyle.md\\\/shop\\\/\"},{\"@type\":\"ListItem\",\"position\":3,\"name\":\"\u041d\u0430\u0431\u043e\u0440 \u0442\u0435\u0440\u043c\u043e\u0431\u0435\u043b\u044c\u044f Viking Primeone 500\\\/25\\\/7756\\\/0800\"}]},{\"@type\":\"WebSite\",\"@id\":\"https:\\\/\\\/xstyle.md\\\/#website\",\"url\":\"https:\\\/\\\/xstyle.md\\\/\",\"name\":\"\u041c\u0430\u0433\u0430\u0437\u0438\u043d Xstyle\",\"description\":\"C\u043d\u0430\u0440\u044f\u0436\u0435\u043d\u0438\u0435 \u0434\u043b\u044f \u0442\u0443\u0440\u0438\u0437\u043c\u0430 \u0438 \u044d\u043a\u0441\u0442\u0440\u0435\u043c\u0430\u043b\u044c\u043d\u044b\u0445 \u0432\u0438\u0434\u043e\u0432 \u0441\u043f\u043e\u0440\u0442\u0430 \u0432 \u041c\u043e\u043b\u0434\u043e\u0432\u0435.. \u0426\u0435\u043d\u044b, \u0444\u043e\u0442\u043e, \u0445\u0430\u0440\u0430\u043a\u0442\u0435\u0440\u0438\u0441\u0442\u0438\u043a\u0438 \u0432 \u041c\u043e\u043b\u0434\u043e\u0432\u0435.\",\"publisher\":{\"@id\":\"https:\\\/\\\/xstyle.md\\\/#organization\"},\"alternateName\":\"X-Style\",\"potentialAction\":[{\"@type\":\"SearchAction\",\"target\":{\"@type\":\"EntryPoint\",\"urlTemplate\":\"https:\\\/\\\/xstyle.md\\\/?s={search_term_string}\"},\"query-input\":{\"@type\":\"PropertyValueSpecification\",\"valueRequired\":true,\"valueName\":\"search_term_string\"}}],\"inLanguage\":\"ro-RO\"},{\"@type\":\"Organization\",\"@id\":\"https:\\\/\\\/xstyle.md\\\/#organization\",\"name\":\"\u041c\u0430\u0433\u0430\u0437\u0438\u043d Xstyle\",\"alternateName\":\"x-style\",\"url\":\"https:\\\/\\\/xstyle.md\\\/\",\"logo\":{\"@type\":\"ImageObject\",\"inLanguage\":\"ro-RO\",\"@id\":\"https:\\\/\\\/xstyle.md\\\/#\\\/schema\\\/logo\\\/image\\\/\",\"url\":\"https:\\\/\\\/xstyle.md\\\/wp-content\\\/uploads\\\/2020\\\/06\\\/logoicon.svg\",\"contentUrl\":\"https:\\\/\\\/xstyle.md\\\/wp-content\\\/uploads\\\/2020\\\/06\\\/logoicon.svg\",\"caption\":\"\u041c\u0430\u0433\u0430\u0437\u0438\u043d Xstyle\"},\"image\":{\"@id\":\"https:\\\/\\\/xstyle.md\\\/#\\\/schema\\\/logo\\\/image\\\/\"},\"sameAs\":[\"https:\\\/\\\/www.facebook.com\\\/xstylemd\",\"https:\\\/\\\/www.instagram.com\\\/xstyle_md\\\/\",\"https:\\\/\\\/t.me\\\/xstyle_outdoor\"],\"hasMerchantReturnPolicy\":{\"@type\":\"MerchantReturnPolicy\",\"merchantReturnLink\":\"https:\\\/\\\/xstyle.md\\\/ro\\\/conditions\\\/\"}}]}<\/script>\n<meta property=\"product:price:amount\" content=\"1690.00\" \/>\n<meta property=\"product:price:currency\" content=\"MDL\" \/>\n<meta property=\"og:availability\" content=\"instock\" \/>\n<meta property=\"product:availability\" content=\"instock\" \/>\n<meta property=\"product:retailer_item_id\" content=\"5903876123123\" \/>\n<meta property=\"product:condition\" content=\"new\" \/>\n<!-- \/ Yoast SEO plugin. -->","yoast_head_json":{"title":"Set de lenjerie termic\u0103 Viking Primeone 500\/25\/7756\/0800 - Magazin Xstyle","description":"Cump\u0103ra\u021bi lenjerie termic\u0103 Viking Primeone 500\/25\/7756\/0800 cu tehnologia Sensil Bodyfresh. Confort \u0219i c\u0103ldur\u0103 pentru un stil de via\u021b\u0103 activ!","robots":{"index":"index","follow":"follow","max-snippet":"max-snippet:-1","max-image-preview":"max-image-preview:large","max-video-preview":"max-video-preview:-1"},"canonical":"https:\/\/xstyle.md\/ro\/produs\/nabor-termobelya-viking-primeone-500-25-7756-0800\/","og_locale":"ro_RO","og_type":"article","og_title":"\u041d\u0430\u0431\u043e\u0440 \u0442\u0435\u0440\u043c\u043e\u0431\u0435\u043b\u044c\u044f Viking Primeone 500\/25\/7756\/0800 - \u041c\u0430\u0433\u0430\u0437\u0438\u043d Xstyle","og_description":"\u041a\u0443\u043f\u0438\u0442\u0435 \u0442\u0435\u0440\u043c\u043e\u0431\u0435\u043b\u044c\u0435 Viking Primeone 500\/25\/7756\/0800 \u0441 \u0442\u0435\u0445\u043d\u043e\u043b\u043e\u0433\u0438\u0435\u0439 Sensil Bodyfresh. \u0423\u0434\u043e\u0431\u0441\u0442\u0432\u043e \u0438 \u0442\u0435\u043f\u043b\u043e \u0434\u043b\u044f \u0430\u043a\u0442\u0438\u0432\u043d\u043e\u0433\u043e \u043e\u0431\u0440\u0430\u0437\u0430 \u0436\u0438\u0437\u043d\u0438!","og_url":"https:\/\/xstyle.md\/ro\/produs\/nabor-termobelya-viking-primeone-500-25-7756-0800\/","og_site_name":"\u041c\u0430\u0433\u0430\u0437\u0438\u043d Xstyle","article_publisher":"https:\/\/www.facebook.com\/xstylemd","article_modified_time":"2026-03-31T14:55:53+00:00","og_image":[{"width":1608,"height":1560,"url":"https:\/\/xstyle.md\/wp-content\/uploads\/2023\/11\/viking-primeone-man.jpg","type":"image\/jpeg"}],"twitter_card":"summary_large_image","twitter_misc":{"Pre\u021b":"1.690&nbsp;MDL","Disponibilitate":"\u00cen stoc"},"schema":{"@context":"https:\/\/schema.org","@graph":[{"@type":"WebPage","@id":"https:\/\/xstyle.md\/product\/nabor-termobelya-viking-primeone-500-25-7756-0800\/","url":"https:\/\/xstyle.md\/product\/nabor-termobelya-viking-primeone-500-25-7756-0800\/","name":"Set de lenjerie termic\u0103 Viking Primeone 500\/25\/7756\/0800 - Magazin Xstyle","isPartOf":{"@id":"https:\/\/xstyle.md\/#website"},"primaryImageOfPage":{"@id":"https:\/\/xstyle.md\/product\/nabor-termobelya-viking-primeone-500-25-7756-0800\/#primaryimage"},"image":{"@id":"https:\/\/xstyle.md\/product\/nabor-termobelya-viking-primeone-500-25-7756-0800\/#primaryimage"},"thumbnailUrl":"https:\/\/xstyle.md\/wp-content\/uploads\/2023\/11\/viking-primeone-man.jpg","datePublished":"2023-11-16T10:54:30+00:00","dateModified":"2026-03-31T14:55:53+00:00","description":"Cump\u0103ra\u021bi lenjerie termic\u0103 Viking Primeone 500\/25\/7756\/0800 cu tehnologia Sensil Bodyfresh. Confort \u0219i c\u0103ldur\u0103 pentru un stil de via\u021b\u0103 activ!","breadcrumb":{"@id":"https:\/\/xstyle.md\/product\/nabor-termobelya-viking-primeone-500-25-7756-0800\/#breadcrumb"},"inLanguage":"ro-RO","potentialAction":[{"@type":"ReadAction","target":["https:\/\/xstyle.md\/product\/nabor-termobelya-viking-primeone-500-25-7756-0800\/"]}]},{"@type":"ImageObject","inLanguage":"ro-RO","@id":"https:\/\/xstyle.md\/product\/nabor-termobelya-viking-primeone-500-25-7756-0800\/#primaryimage","url":"https:\/\/xstyle.md\/wp-content\/uploads\/2023\/11\/viking-primeone-man.jpg","contentUrl":"https:\/\/xstyle.md\/wp-content\/uploads\/2023\/11\/viking-primeone-man.jpg","width":1608,"height":1560,"caption":"\u0422\u0435\u0440\u043c\u043e\u0431\u0435\u043b\u044c\u0435 Viking Primeone \u0434\u043b\u044f \u0430\u043a\u0442\u0438\u0432\u043d\u043e\u0433\u043e \u043e\u0442\u0434\u044b\u0445\u0430, \u043e\u0434\u0435\u0436\u0434\u044b \u0438 \u043e\u0431\u0443\u0432\u0438 \u0434\u043b\u044f \u0442\u0443\u0440\u0438\u0437\u043c\u0430 \u0438 \u0430\u043b\u044c\u043f\u0438\u043d\u0438\u0437\u043c\u0430, \u043f\u043e\u0434\u0445\u043e\u0434\u044f\u0449\u0435\u0435 \u0434\u043b\u044f \u043f\u043e\u0445\u043e\u0434\u043e\u0432, \u043f\u0443\u0442\u0435\u0448\u0435\u0441\u0442\u0432\u0438\u0439 \u0438 \u044d\u043a\u0441\u0442\u0440\u0435\u043c\u0430\u043b\u044c\u043d\u044b\u0445 \u0443\u0441\u043b\u043e\u0432\u0438\u0439"},{"@type":"BreadcrumbList","@id":"https:\/\/xstyle.md\/product\/nabor-termobelya-viking-primeone-500-25-7756-0800\/#breadcrumb","itemListElement":[{"@type":"ListItem","position":1,"name":"\u0413\u043b\u0430\u0432\u043d\u0430\u044f \u0441\u0442\u0440\u0430\u043d\u0438\u0446\u0430","item":"https:\/\/xstyle.md\/"},{"@type":"ListItem","position":2,"name":"\u041c\u0430\u0433\u0430\u0437\u0438\u043d","item":"https:\/\/xstyle.md\/shop\/"},{"@type":"ListItem","position":3,"name":"\u041d\u0430\u0431\u043e\u0440 \u0442\u0435\u0440\u043c\u043e\u0431\u0435\u043b\u044c\u044f Viking Primeone 500\/25\/7756\/0800"}]},{"@type":"WebSite","@id":"https:\/\/xstyle.md\/#website","url":"https:\/\/xstyle.md\/","name":"Magazinul X-Style","description":"Echipamente pentru turism \u0219i sporturi extreme \u00een Moldova. Pre\u021buri, fotografii, caracteristici \u00een Moldova.","publisher":{"@id":"https:\/\/xstyle.md\/#organization"},"alternateName":"X-Style","potentialAction":[{"@type":"SearchAction","target":{"@type":"EntryPoint","urlTemplate":"https:\/\/xstyle.md\/?s={search_term_string}"},"query-input":{"@type":"PropertyValueSpecification","valueRequired":true,"valueName":"search_term_string"}}],"inLanguage":"ro-RO"},{"@type":"Organization","@id":"https:\/\/xstyle.md\/#organization","name":"Magazinul X-Style","alternateName":"x-style","url":"https:\/\/xstyle.md\/","logo":{"@type":"ImageObject","inLanguage":"ro-RO","@id":"https:\/\/xstyle.md\/#\/schema\/logo\/image\/","url":"https:\/\/xstyle.md\/wp-content\/uploads\/2020\/06\/logoicon.svg","contentUrl":"https:\/\/xstyle.md\/wp-content\/uploads\/2020\/06\/logoicon.svg","caption":"\u041c\u0430\u0433\u0430\u0437\u0438\u043d Xstyle"},"image":{"@id":"https:\/\/xstyle.md\/#\/schema\/logo\/image\/"},"sameAs":["https:\/\/www.facebook.com\/xstylemd","https:\/\/www.instagram.com\/xstyle_md\/","https:\/\/t.me\/xstyle_outdoor"],"hasMerchantReturnPolicy":{"@type":"MerchantReturnPolicy","merchantReturnLink":"https:\/\/xstyle.md\/ro\/conditions\/"}}]},"product_price_amount":"1690.00","product_price_currency":"MDL","og_availability":"instock","product_availability":"instock","product_retailer_item_id":"5903876123123","product_condition":"new"},"_links":{"self":[{"href":"https:\/\/xstyle.md\/ro\/wp-json\/wp\/v2\/product\/75713","targetHints":{"allow":["GET"]}}],"collection":[{"href":"https:\/\/xstyle.md\/ro\/wp-json\/wp\/v2\/product"}],"about":[{"href":"https:\/\/xstyle.md\/ro\/wp-json\/wp\/v2\/types\/product"}],"replies":[{"embeddable":true,"href":"https:\/\/xstyle.md\/ro\/wp-json\/wp\/v2\/comments?post=75713"}],"wp:featuredmedia":[{"embeddable":true,"href":"https:\/\/xstyle.md\/ro\/wp-json\/wp\/v2\/media\/75813"}],"wp:attachment":[{"href":"https:\/\/xstyle.md\/ro\/wp-json\/wp\/v2\/media?parent=75713"}],"wp:term":[{"taxonomy":"product_brand","embeddable":true,"href":"https:\/\/xstyle.md\/ro\/wp-json\/wp\/v2\/product_brand?post=75713"},{"taxonomy":"product_cat","embeddable":true,"href":"https:\/\/xstyle.md\/ro\/wp-json\/wp\/v2\/product_cat?post=75713"},{"taxonomy":"product_tag","embeddable":true,"href":"https:\/\/xstyle.md\/ro\/wp-json\/wp\/v2\/product_tag?post=75713"}],"curies":[{"name":"wp","href":"https:\/\/api.w.org\/{rel}","templated":true}]}}