{"id":75708,"date":"2023-11-16T13:54:30","date_gmt":"2023-11-16T10:54:30","guid":{"rendered":"https:\/\/xstyle.md\/?post_type=product&#038;p=75708"},"modified":"2026-03-19T17:15:38","modified_gmt":"2026-03-19T14:15:38","slug":"reshetka-gril-origin-outdoors-foldable-grill-titanium","status":"publish","type":"product","link":"https:\/\/xstyle.md\/ro\/produs\/reshetka-gril-origin-outdoors-foldable-grill-titanium\/","title":{"rendered":"Gril\u0103 pentru gr\u0103tar Origin Outdoors Foldable Grill Titanium"},"content":{"rendered":"<p><\/p>\n<p><strong>Gr\u0103tar Origin Outdoors Foldable Grill Titanium<\/strong> &#8212; un gr\u0103tar pliabil din titan, u\u0219or, compact \u0219i durabil, ideal pentru friptur\u0103 sau ceaun, dotat cu picioare deta\u0219abile din o\u021bel inoxidabil.<\/p>\n<p>Prin deta\u0219area picioarelor, gr\u0103tarul poate fi utilizat \u0219i ca o simpl\u0103 gril\u0103 deasupra focului de tab\u0103r\u0103. Desigur, utilizarea acestuia f\u0103r\u0103 picioare permite economisirea unei greut\u0103\u021bi suplimentare \u00een timpul drume\u021biilor dificile. Poate fi depozitat \u0219i transportat \u00eentr-o geant\u0103 de nailon inclus\u0103.<\/p>\n<h3>Caracteristici<\/h3>\n<ul>\n<li>Material &#8212; titan<\/li>\n<li>Material picioare &#8212; o\u021bel inoxidabil<\/li>\n<li>Dimensiuni pachet &#8212; 34,5 x 26 cm<\/li>\n<li>Suprafa\u021b\u0103 gr\u0103tar &#8212; 33 x 24,5 cm<\/li>\n<li>\u00cen\u0103l\u021bime &#8212; 18 cm<\/li>\n<li>Greutate cu picioare &#8212; 438 g<\/li>\n<li>Greutate f\u0103r\u0103 picioare &#8212; 254 g<\/li>\n<\/ul>\n<p><\/p>\n<h3>Marca<\/h3>\n<p>Relags - este unul dintre cei mai importan\u021bi distribuitori \u0219i produc\u0103tori europeni, specializat \u00een echipamente pentru outdoor, camping \u0219i supravie\u021buire. Fondat \u00een Germania, brandul este cunoscut pentru gama sa vast\u0103 de produse \u2014 de la mici accesorii p\u00e2n\u0103 la echipamente profesionale \u2014 care ajut\u0103 la transformarea oric\u0103rei aventuri \u00een natur\u0103 \u00eentr-o experien\u021b\u0103 mai confortabil\u0103 \u0219i mai sigur\u0103.<\/p>","protected":false},"excerpt":{"rendered":"<p>\u0411\u0440\u0435\u043d\u0434 Relags \u2014 \u044d\u0442\u043e \u043e\u0434\u0438\u043d \u0438\u0437 \u0432\u0435\u0434\u0443\u0449\u0438\u0445 \u0435\u0432\u0440\u043e\u043f\u0435\u0439\u0441\u043a\u0438\u0445 \u0434\u0438\u0441\u0442\u0440\u0438\u0431\u044c\u044e\u0442\u043e\u0440\u043e\u0432 \u0438 \u043f\u0440\u043e\u0438\u0437\u0432\u043e\u0434\u0438\u0442\u0435\u043b\u0435\u0439, \u0441\u043f\u0435\u0446\u0438\u0430\u043b\u0438\u0437\u0438\u0440\u0443\u044e\u0449\u0438\u0439\u0441\u044f \u043d\u0430 \u043e\u0431\u043e\u0440\u0443\u0434\u043e\u0432\u0430\u043d\u0438\u0438 \u0434\u043b\u044f \u0430\u043a\u0442\u0438\u0432\u043d\u043e\u0433\u043e \u043e\u0442\u0434\u044b\u0445\u0430, \u043a\u0435\u043c\u043f\u0438\u043d\u0433\u0430 \u0438 \u0432\u044b\u0436\u0438\u0432\u0430\u043d\u0438\u044f. \u041e\u0441\u043d\u043e\u0432\u0430\u043d\u043d\u044b\u0439 \u0432 \u0413\u0435\u0440\u043c\u0430\u043d\u0438\u0438, \u0431\u0440\u0435\u043d\u0434 \u0438\u0437\u0432\u0435\u0441\u0442\u0435\u043d \u0441\u0432\u043e\u0438\u043c \u043e\u0433\u0440\u043e\u043c\u043d\u044b\u043c \u0430\u0441\u0441\u043e\u0440\u0442\u0438\u043c\u0435\u043d\u0442\u043e\u043c \u2014 \u043e\u0442 \u043c\u0435\u043b\u043a\u0438\u0445 \u0430\u043a\u0441\u0435\u0441\u0441\u0443\u0430\u0440\u043e\u0432 \u0434\u043e \u043f\u0440\u043e\u0444\u0435\u0441\u0441\u0438\u043e\u043d\u0430\u043b\u044c\u043d\u043e\u0433\u043e \u0441\u043d\u0430\u0440\u044f\u0436\u0435\u043d\u0438\u044f \u2014 \u043a\u043e\u0442\u043e\u0440\u044b\u0439 \u043f\u043e\u043c\u043e\u0433\u0430\u0435\u0442 \u0441\u0434\u0435\u043b\u0430\u0442\u044c \u043b\u044e\u0431\u043e\u0435 \u043f\u0440\u0438\u043a\u043b\u044e\u0447\u0435\u043d\u0438\u0435 \u043d\u0430 \u043f\u0440\u0438\u0440\u043e\u0434\u0435 \u043a\u043e\u043c\u0444\u043e\u0440\u0442\u043d\u0435\u0435 \u0438 \u0431\u0435\u0437\u043e\u043f\u0430\u0441\u043d\u0435\u0435.<\/p>","protected":false},"featured_media":75793,"comment_status":"open","ping_status":"closed","template":"","meta":{"_acf_changed":false,"inline_featured_image":false},"product_brand":[1380],"product_cat":[896],"product_tag":[],"class_list":{"0":"post-75708","1":"product","2":"type-product","3":"status-publish","4":"has-post-thumbnail","6":"product_brand-relags","7":"product_cat-mangal","9":"first","10":"instock","11":"shipping-taxable","12":"purchasable","13":"product-type-simple"},"acf":[],"yoast_head":"<!-- This site is optimized with the Yoast SEO plugin v27.2 - https:\/\/yoast.com\/product\/yoast-seo-wordpress\/ -->\n<title>\u0420\u0435\u0448\u0435\u0442\u043a\u0430 \u0433\u0440\u0438\u043b\u044c Origin Outdoors Foldable Grill Titanium - \u041c\u0430\u0433\u0430\u0437\u0438\u043d Xstyle<\/title>\n<meta name=\"description\" content=\"\u041a\u0443\u043f\u0438\u0442\u0435 \u0441\u043a\u043b\u0430\u0434\u043d\u0443\u044e \u0440\u0435\u0448\u0435\u0442\u043a\u0443 \u0433\u0440\u0438\u043b\u044c Origin Outdoors \u0438\u0437 \u0442\u0438\u0442\u0430\u043d\u0430! \u041a\u043e\u043c\u043f\u0430\u043a\u0442\u043d\u0430\u044f, \u043b\u0435\u0433\u043a\u0430\u044f \u0438 \u043f\u0440\u043e\u0447\u043d\u0430\u044f, \u0438\u0434\u0435\u0430\u043b\u044c\u043d\u0430 \u0434\u043b\u044f \u043f\u0438\u043a\u043d\u0438\u043a\u043e\u0432 \u0438 \u043a\u0435\u043c\u043f\u0438\u043d\u0433\u0430. \u0417\u0430\u043a\u0430\u0436\u0438\u0442\u0435 \u043f\u0440\u044f\u043c\u043e \u0441\u0435\u0439\u0447\u0430\u0441!\" \/>\n<meta name=\"robots\" content=\"index, follow, max-snippet:-1, max-image-preview:large, max-video-preview:-1\" \/>\n<link rel=\"canonical\" href=\"https:\/\/xstyle.md\/ro\/produs\/reshetka-gril-origin-outdoors-foldable-grill-titanium\/\" \/>\n<meta property=\"og:locale\" content=\"ro_RO\" \/>\n<meta property=\"og:type\" content=\"article\" \/>\n<meta property=\"og:title\" content=\"\u0420\u0435\u0448\u0435\u0442\u043a\u0430 \u0433\u0440\u0438\u043b\u044c Origin Outdoors Foldable Grill Titanium - \u041c\u0430\u0433\u0430\u0437\u0438\u043d Xstyle\" \/>\n<meta property=\"og:description\" content=\"\u041a\u0443\u043f\u0438\u0442\u0435 \u0441\u043a\u043b\u0430\u0434\u043d\u0443\u044e \u0440\u0435\u0448\u0435\u0442\u043a\u0443 \u0433\u0440\u0438\u043b\u044c Origin Outdoors \u0438\u0437 \u0442\u0438\u0442\u0430\u043d\u0430! \u041a\u043e\u043c\u043f\u0430\u043a\u0442\u043d\u0430\u044f, \u043b\u0435\u0433\u043a\u0430\u044f \u0438 \u043f\u0440\u043e\u0447\u043d\u0430\u044f, \u0438\u0434\u0435\u0430\u043b\u044c\u043d\u0430 \u0434\u043b\u044f \u043f\u0438\u043a\u043d\u0438\u043a\u043e\u0432 \u0438 \u043a\u0435\u043c\u043f\u0438\u043d\u0433\u0430. \u0417\u0430\u043a\u0430\u0436\u0438\u0442\u0435 \u043f\u0440\u044f\u043c\u043e \u0441\u0435\u0439\u0447\u0430\u0441!\" \/>\n<meta property=\"og:url\" content=\"https:\/\/xstyle.md\/ro\/produs\/reshetka-gril-origin-outdoors-foldable-grill-titanium\/\" \/>\n<meta property=\"og:site_name\" content=\"\u041c\u0430\u0433\u0430\u0437\u0438\u043d Xstyle\" \/>\n<meta property=\"article:publisher\" content=\"https:\/\/www.facebook.com\/xstylemd\" \/>\n<meta property=\"article:modified_time\" content=\"2026-03-19T14:15:38+00:00\" \/>\n<meta property=\"og:image\" content=\"https:\/\/xstyle.md\/wp-content\/uploads\/2023\/11\/origin-outdoors-foldable-grill-titanium-1.jpg\" \/>\n\t<meta property=\"og:image:width\" content=\"1280\" \/>\n\t<meta property=\"og:image:height\" content=\"1096\" \/>\n\t<meta property=\"og:image:type\" content=\"image\/jpeg\" \/>\n<meta name=\"twitter:card\" content=\"summary_large_image\" \/>\n<meta name=\"twitter:label1\" content=\"Pre\u021b\" \/>\n\t<meta name=\"twitter:data1\" content=\"1.760&nbsp;MDL\" \/>\n\t<meta name=\"twitter:label2\" content=\"Disponibilitate\" \/>\n\t<meta name=\"twitter:data2\" content=\"\u00cen stoc\" \/>\n<script type=\"application\/ld+json\" class=\"yoast-schema-graph\">{\"@context\":\"https:\/\/schema.org\",\"@graph\":[{\"@type\":\"WebPage\",\"@id\":\"https:\/\/xstyle.md\/product\/reshetka-gril-origin-outdoors-foldable-grill-titanium\/\",\"url\":\"https:\/\/xstyle.md\/product\/reshetka-gril-origin-outdoors-foldable-grill-titanium\/\",\"name\":\"\u0420\u0435\u0448\u0435\u0442\u043a\u0430 \u0433\u0440\u0438\u043b\u044c Origin Outdoors Foldable Grill Titanium - \u041c\u0430\u0433\u0430\u0437\u0438\u043d Xstyle\",\"isPartOf\":{\"@id\":\"https:\/\/xstyle.md\/#website\"},\"primaryImageOfPage\":{\"@id\":\"https:\/\/xstyle.md\/product\/reshetka-gril-origin-outdoors-foldable-grill-titanium\/#primaryimage\"},\"image\":{\"@id\":\"https:\/\/xstyle.md\/product\/reshetka-gril-origin-outdoors-foldable-grill-titanium\/#primaryimage\"},\"thumbnailUrl\":\"https:\/\/xstyle.md\/wp-content\/uploads\/2023\/11\/origin-outdoors-foldable-grill-titanium-1.jpg\",\"datePublished\":\"2023-11-16T10:54:30+00:00\",\"dateModified\":\"2026-03-19T14:15:38+00:00\",\"description\":\"\u041a\u0443\u043f\u0438\u0442\u0435 \u0441\u043a\u043b\u0430\u0434\u043d\u0443\u044e \u0440\u0435\u0448\u0435\u0442\u043a\u0443 \u0433\u0440\u0438\u043b\u044c Origin Outdoors \u0438\u0437 \u0442\u0438\u0442\u0430\u043d\u0430! \u041a\u043e\u043c\u043f\u0430\u043a\u0442\u043d\u0430\u044f, \u043b\u0435\u0433\u043a\u0430\u044f \u0438 \u043f\u0440\u043e\u0447\u043d\u0430\u044f, \u0438\u0434\u0435\u0430\u043b\u044c\u043d\u0430 \u0434\u043b\u044f \u043f\u0438\u043a\u043d\u0438\u043a\u043e\u0432 \u0438 \u043a\u0435\u043c\u043f\u0438\u043d\u0433\u0430. \u0417\u0430\u043a\u0430\u0436\u0438\u0442\u0435 \u043f\u0440\u044f\u043c\u043e \u0441\u0435\u0439\u0447\u0430\u0441!\",\"breadcrumb\":{\"@id\":\"https:\/\/xstyle.md\/product\/reshetka-gril-origin-outdoors-foldable-grill-titanium\/#breadcrumb\"},\"inLanguage\":\"ro-RO\",\"potentialAction\":[{\"@type\":\"ReadAction\",\"target\":[\"https:\/\/xstyle.md\/product\/reshetka-gril-origin-outdoors-foldable-grill-titanium\/\"]}]},{\"@type\":\"ImageObject\",\"inLanguage\":\"ro-RO\",\"@id\":\"https:\/\/xstyle.md\/product\/reshetka-gril-origin-outdoors-foldable-grill-titanium\/#primaryimage\",\"url\":\"https:\/\/xstyle.md\/wp-content\/uploads\/2023\/11\/origin-outdoors-foldable-grill-titanium-1.jpg\",\"contentUrl\":\"https:\/\/xstyle.md\/wp-content\/uploads\/2023\/11\/origin-outdoors-foldable-grill-titanium-1.jpg\",\"width\":1280,\"height\":1096,\"caption\":\"\u041a\u043e\u043c\u043f\u043b\u0435\u043a\u0442 \u0434\u043b\u044f \u0430\u043a\u0442\u0438\u0432\u043d\u043e\u0433\u043e \u043e\u0442\u0434\u044b\u0445\u0430 \u0438 \u043f\u0443\u0442\u0435\u0448\u0435\u0441\u0442\u0432\u0438\u0439: \u0441\u043a\u043b\u0430\u0434\u043d\u043e\u0439 \u0433\u0440\u0438\u043b\u044c \u0438\u0437 \u0442\u0438\u0442\u0430\u043d\u0430 \u0434\u043b\u044f \u043f\u043e\u0445\u043e\u0434\u043e\u0432 \u0438 \u0430\u043b\u044c\u043f\u0438\u043d\u0438\u0437\u043c\u0430, \u0441\u043f\u043e\u0440\u0442\u0438\u0432\u043d\u0430\u044f \u043e\u0434\u0435\u0436\u0434\u0430 \u0438 \u043e\u0431\u0443\u0432\u044c \u0434\u043b\u044f \u0430\u043a\u0442\u0438\u0432\u043d\u043e\u0433\u043e \u043e\u0431\u0440\u0430\u0437\u0430 \u0436\u0438\u0437\u043d\u0438\"},{\"@type\":\"BreadcrumbList\",\"@id\":\"https:\/\/xstyle.md\/product\/reshetka-gril-origin-outdoors-foldable-grill-titanium\/#breadcrumb\",\"itemListElement\":[{\"@type\":\"ListItem\",\"position\":1,\"name\":\"\u0413\u043b\u0430\u0432\u043d\u0430\u044f \u0441\u0442\u0440\u0430\u043d\u0438\u0446\u0430\",\"item\":\"https:\/\/xstyle.md\/\"},{\"@type\":\"ListItem\",\"position\":2,\"name\":\"\u041c\u0430\u0433\u0430\u0437\u0438\u043d\",\"item\":\"https:\/\/xstyle.md\/shop\/\"},{\"@type\":\"ListItem\",\"position\":3,\"name\":\"\u0420\u0435\u0448\u0435\u0442\u043a\u0430 \u0433\u0440\u0438\u043b\u044c Origin Outdoors Foldable Grill Titanium\"}]},{\"@type\":\"WebSite\",\"@id\":\"https:\/\/xstyle.md\/#website\",\"url\":\"https:\/\/xstyle.md\/\",\"name\":\"\u041c\u0430\u0433\u0430\u0437\u0438\u043d Xstyle\",\"description\":\"C\u043d\u0430\u0440\u044f\u0436\u0435\u043d\u0438\u0435 \u0434\u043b\u044f \u0442\u0443\u0440\u0438\u0437\u043c\u0430 \u0438 \u044d\u043a\u0441\u0442\u0440\u0435\u043c\u0430\u043b\u044c\u043d\u044b\u0445 \u0432\u0438\u0434\u043e\u0432 \u0441\u043f\u043e\u0440\u0442\u0430 \u0432 \u041c\u043e\u043b\u0434\u043e\u0432\u0435.. \u0426\u0435\u043d\u044b, \u0444\u043e\u0442\u043e, \u0445\u0430\u0440\u0430\u043a\u0442\u0435\u0440\u0438\u0441\u0442\u0438\u043a\u0438 \u0432 \u041c\u043e\u043b\u0434\u043e\u0432\u0435.\",\"publisher\":{\"@id\":\"https:\/\/xstyle.md\/#organization\"},\"alternateName\":\"X-Style\",\"potentialAction\":[{\"@type\":\"SearchAction\",\"target\":{\"@type\":\"EntryPoint\",\"urlTemplate\":\"https:\/\/xstyle.md\/?s={search_term_string}\"},\"query-input\":{\"@type\":\"PropertyValueSpecification\",\"valueRequired\":true,\"valueName\":\"search_term_string\"}}],\"inLanguage\":\"ro-RO\"},{\"@type\":\"Organization\",\"@id\":\"https:\/\/xstyle.md\/#organization\",\"name\":\"\u041c\u0430\u0433\u0430\u0437\u0438\u043d Xstyle\",\"alternateName\":\"x-style\",\"url\":\"https:\/\/xstyle.md\/\",\"logo\":{\"@type\":\"ImageObject\",\"inLanguage\":\"ro-RO\",\"@id\":\"https:\/\/xstyle.md\/#\/schema\/logo\/image\/\",\"url\":\"https:\/\/xstyle.md\/wp-content\/uploads\/2020\/06\/logoicon.svg\",\"contentUrl\":\"https:\/\/xstyle.md\/wp-content\/uploads\/2020\/06\/logoicon.svg\",\"caption\":\"\u041c\u0430\u0433\u0430\u0437\u0438\u043d Xstyle\"},\"image\":{\"@id\":\"https:\/\/xstyle.md\/#\/schema\/logo\/image\/\"},\"sameAs\":[\"https:\/\/www.facebook.com\/xstylemd\",\"https:\/\/www.instagram.com\/xstyle_md\/\",\"https:\/\/t.me\/xstyle_outdoor\"],\"hasMerchantReturnPolicy\":{\"@type\":\"MerchantReturnPolicy\",\"merchantReturnLink\":\"https:\/\/xstyle.md\/ro\/conditions\/\"}}]}<\/script>\n<meta property=\"product:price:amount\" content=\"1760.00\" \/>\n<meta property=\"product:price:currency\" content=\"MDL\" \/>\n<meta property=\"og:availability\" content=\"instock\" \/>\n<meta property=\"product:availability\" content=\"instock\" \/>\n<meta property=\"product:retailer_item_id\" content=\"4021504282538\" \/>\n<meta property=\"product:condition\" content=\"new\" \/>\n<!-- \/ Yoast SEO plugin. -->","yoast_head_json":{"title":"Gr\u0103tar pliabil Origin Outdoors Titanium - Magazin Xstyle","description":"Cump\u0103ra\u021bi gr\u0103tarul pliabil Origin Outdoors din titan! Compact, u\u0219or \u0219i rezistent, este perfect pentru picnicuri \u0219i camping. Comanda\u021bi acum!","robots":{"index":"index","follow":"follow","max-snippet":"max-snippet:-1","max-image-preview":"max-image-preview:large","max-video-preview":"max-video-preview:-1"},"canonical":"https:\/\/xstyle.md\/ro\/produs\/reshetka-gril-origin-outdoors-foldable-grill-titanium\/","og_locale":"ro_RO","og_type":"article","og_title":"\u0420\u0435\u0448\u0435\u0442\u043a\u0430 \u0433\u0440\u0438\u043b\u044c Origin Outdoors Foldable Grill Titanium - \u041c\u0430\u0433\u0430\u0437\u0438\u043d Xstyle","og_description":"\u041a\u0443\u043f\u0438\u0442\u0435 \u0441\u043a\u043b\u0430\u0434\u043d\u0443\u044e \u0440\u0435\u0448\u0435\u0442\u043a\u0443 \u0433\u0440\u0438\u043b\u044c Origin Outdoors \u0438\u0437 \u0442\u0438\u0442\u0430\u043d\u0430! \u041a\u043e\u043c\u043f\u0430\u043a\u0442\u043d\u0430\u044f, \u043b\u0435\u0433\u043a\u0430\u044f \u0438 \u043f\u0440\u043e\u0447\u043d\u0430\u044f, \u0438\u0434\u0435\u0430\u043b\u044c\u043d\u0430 \u0434\u043b\u044f \u043f\u0438\u043a\u043d\u0438\u043a\u043e\u0432 \u0438 \u043a\u0435\u043c\u043f\u0438\u043d\u0433\u0430. \u0417\u0430\u043a\u0430\u0436\u0438\u0442\u0435 \u043f\u0440\u044f\u043c\u043e \u0441\u0435\u0439\u0447\u0430\u0441!","og_url":"https:\/\/xstyle.md\/ro\/produs\/reshetka-gril-origin-outdoors-foldable-grill-titanium\/","og_site_name":"\u041c\u0430\u0433\u0430\u0437\u0438\u043d Xstyle","article_publisher":"https:\/\/www.facebook.com\/xstylemd","article_modified_time":"2026-03-19T14:15:38+00:00","og_image":[{"width":1280,"height":1096,"url":"https:\/\/xstyle.md\/wp-content\/uploads\/2023\/11\/origin-outdoors-foldable-grill-titanium-1.jpg","type":"image\/jpeg"}],"twitter_card":"summary_large_image","twitter_misc":{"Pre\u021b":"1.760&nbsp;MDL","Disponibilitate":"\u00cen stoc"},"schema":{"@context":"https:\/\/schema.org","@graph":[{"@type":"WebPage","@id":"https:\/\/xstyle.md\/product\/reshetka-gril-origin-outdoors-foldable-grill-titanium\/","url":"https:\/\/xstyle.md\/product\/reshetka-gril-origin-outdoors-foldable-grill-titanium\/","name":"Gr\u0103tar pliabil Origin Outdoors Titanium - Magazin Xstyle","isPartOf":{"@id":"https:\/\/xstyle.md\/#website"},"primaryImageOfPage":{"@id":"https:\/\/xstyle.md\/product\/reshetka-gril-origin-outdoors-foldable-grill-titanium\/#primaryimage"},"image":{"@id":"https:\/\/xstyle.md\/product\/reshetka-gril-origin-outdoors-foldable-grill-titanium\/#primaryimage"},"thumbnailUrl":"https:\/\/xstyle.md\/wp-content\/uploads\/2023\/11\/origin-outdoors-foldable-grill-titanium-1.jpg","datePublished":"2023-11-16T10:54:30+00:00","dateModified":"2026-03-19T14:15:38+00:00","description":"Cump\u0103ra\u021bi gr\u0103tarul pliabil Origin Outdoors din titan! Compact, u\u0219or \u0219i rezistent, este perfect pentru picnicuri \u0219i camping. Comanda\u021bi acum!","breadcrumb":{"@id":"https:\/\/xstyle.md\/product\/reshetka-gril-origin-outdoors-foldable-grill-titanium\/#breadcrumb"},"inLanguage":"ro-RO","potentialAction":[{"@type":"ReadAction","target":["https:\/\/xstyle.md\/product\/reshetka-gril-origin-outdoors-foldable-grill-titanium\/"]}]},{"@type":"ImageObject","inLanguage":"ro-RO","@id":"https:\/\/xstyle.md\/product\/reshetka-gril-origin-outdoors-foldable-grill-titanium\/#primaryimage","url":"https:\/\/xstyle.md\/wp-content\/uploads\/2023\/11\/origin-outdoors-foldable-grill-titanium-1.jpg","contentUrl":"https:\/\/xstyle.md\/wp-content\/uploads\/2023\/11\/origin-outdoors-foldable-grill-titanium-1.jpg","width":1280,"height":1096,"caption":"\u041a\u043e\u043c\u043f\u043b\u0435\u043a\u0442 \u0434\u043b\u044f \u0430\u043a\u0442\u0438\u0432\u043d\u043e\u0433\u043e \u043e\u0442\u0434\u044b\u0445\u0430 \u0438 \u043f\u0443\u0442\u0435\u0448\u0435\u0441\u0442\u0432\u0438\u0439: \u0441\u043a\u043b\u0430\u0434\u043d\u043e\u0439 \u0433\u0440\u0438\u043b\u044c \u0438\u0437 \u0442\u0438\u0442\u0430\u043d\u0430 \u0434\u043b\u044f \u043f\u043e\u0445\u043e\u0434\u043e\u0432 \u0438 \u0430\u043b\u044c\u043f\u0438\u043d\u0438\u0437\u043c\u0430, \u0441\u043f\u043e\u0440\u0442\u0438\u0432\u043d\u0430\u044f \u043e\u0434\u0435\u0436\u0434\u0430 \u0438 \u043e\u0431\u0443\u0432\u044c \u0434\u043b\u044f \u0430\u043a\u0442\u0438\u0432\u043d\u043e\u0433\u043e \u043e\u0431\u0440\u0430\u0437\u0430 \u0436\u0438\u0437\u043d\u0438"},{"@type":"BreadcrumbList","@id":"https:\/\/xstyle.md\/product\/reshetka-gril-origin-outdoors-foldable-grill-titanium\/#breadcrumb","itemListElement":[{"@type":"ListItem","position":1,"name":"\u0413\u043b\u0430\u0432\u043d\u0430\u044f \u0441\u0442\u0440\u0430\u043d\u0438\u0446\u0430","item":"https:\/\/xstyle.md\/"},{"@type":"ListItem","position":2,"name":"\u041c\u0430\u0433\u0430\u0437\u0438\u043d","item":"https:\/\/xstyle.md\/shop\/"},{"@type":"ListItem","position":3,"name":"\u0420\u0435\u0448\u0435\u0442\u043a\u0430 \u0433\u0440\u0438\u043b\u044c Origin Outdoors Foldable Grill Titanium"}]},{"@type":"WebSite","@id":"https:\/\/xstyle.md\/#website","url":"https:\/\/xstyle.md\/","name":"Magazinul X-Style","description":"Echipamente pentru turism \u0219i sporturi extreme \u00een Moldova. Pre\u021buri, fotografii, caracteristici \u00een Moldova.","publisher":{"@id":"https:\/\/xstyle.md\/#organization"},"alternateName":"X-Style","potentialAction":[{"@type":"SearchAction","target":{"@type":"EntryPoint","urlTemplate":"https:\/\/xstyle.md\/?s={search_term_string}"},"query-input":{"@type":"PropertyValueSpecification","valueRequired":true,"valueName":"search_term_string"}}],"inLanguage":"ro-RO"},{"@type":"Organization","@id":"https:\/\/xstyle.md\/#organization","name":"Magazinul X-Style","alternateName":"x-style","url":"https:\/\/xstyle.md\/","logo":{"@type":"ImageObject","inLanguage":"ro-RO","@id":"https:\/\/xstyle.md\/#\/schema\/logo\/image\/","url":"https:\/\/xstyle.md\/wp-content\/uploads\/2020\/06\/logoicon.svg","contentUrl":"https:\/\/xstyle.md\/wp-content\/uploads\/2020\/06\/logoicon.svg","caption":"\u041c\u0430\u0433\u0430\u0437\u0438\u043d Xstyle"},"image":{"@id":"https:\/\/xstyle.md\/#\/schema\/logo\/image\/"},"sameAs":["https:\/\/www.facebook.com\/xstylemd","https:\/\/www.instagram.com\/xstyle_md\/","https:\/\/t.me\/xstyle_outdoor"],"hasMerchantReturnPolicy":{"@type":"MerchantReturnPolicy","merchantReturnLink":"https:\/\/xstyle.md\/ro\/conditions\/"}}]},"product_price_amount":"1760.00","product_price_currency":"MDL","og_availability":"instock","product_availability":"instock","product_retailer_item_id":"4021504282538","product_condition":"new"},"post_mailing_queue_ids":[],"_links":{"self":[{"href":"https:\/\/xstyle.md\/ro\/wp-json\/wp\/v2\/product\/75708","targetHints":{"allow":["GET"]}}],"collection":[{"href":"https:\/\/xstyle.md\/ro\/wp-json\/wp\/v2\/product"}],"about":[{"href":"https:\/\/xstyle.md\/ro\/wp-json\/wp\/v2\/types\/product"}],"replies":[{"embeddable":true,"href":"https:\/\/xstyle.md\/ro\/wp-json\/wp\/v2\/comments?post=75708"}],"wp:featuredmedia":[{"embeddable":true,"href":"https:\/\/xstyle.md\/ro\/wp-json\/wp\/v2\/media\/75793"}],"wp:attachment":[{"href":"https:\/\/xstyle.md\/ro\/wp-json\/wp\/v2\/media?parent=75708"}],"wp:term":[{"taxonomy":"product_brand","embeddable":true,"href":"https:\/\/xstyle.md\/ro\/wp-json\/wp\/v2\/product_brand?post=75708"},{"taxonomy":"product_cat","embeddable":true,"href":"https:\/\/xstyle.md\/ro\/wp-json\/wp\/v2\/product_cat?post=75708"},{"taxonomy":"product_tag","embeddable":true,"href":"https:\/\/xstyle.md\/ro\/wp-json\/wp\/v2\/product_tag?post=75708"}],"curies":[{"name":"wp","href":"https:\/\/api.w.org\/{rel}","templated":true}]}}