{"id":75706,"date":"2023-11-16T13:54:29","date_gmt":"2023-11-16T10:54:29","guid":{"rendered":"https:\/\/xstyle.md\/?post_type=product&#038;p=75706"},"modified":"2024-10-03T01:28:09","modified_gmt":"2024-10-02T22:28:09","slug":"nozh-mora-eldris-noir-and-fire-starter","status":"publish","type":"product","link":"https:\/\/xstyle.md\/ro\/produs\/nozh-mora-eldris-noir-and-fire-starter\/","title":{"rendered":"Cu\u021bit Mora Eldris Noir and fire starter"},"content":{"rendered":"<p><strong>Mora Eldris Noir and fire starter<\/strong> &#8212; \u043a\u043e\u043c\u043f\u0430\u043a\u0442\u043d\u044b\u0439 \u0444\u0438\u043a\u0441\u0438\u0440\u043e\u0432\u0430\u043d\u043d\u044b\u0439 \u043d\u043e\u0436 \u0441 \u043e\u0433\u043d\u0438\u0432\u043e\u043c \u0438 \u0442\u0435\u043c\u043b\u044f\u043a\u043e\u043c \u0434\u043b\u044f \u043d\u043e\u0448\u0435\u043d\u0438\u044f \u043d\u0430 \u0448\u0435\u0435. \u041a\u043e\u0436\u0430\u043d\u0430\u044f \u043f\u0435\u0442\u043b\u044f \u0441 \u043a\u043d\u043e\u043f\u043a\u043e\u0439 \u0434\u043e\u0431\u0430\u0432\u043b\u044f\u0435\u0442 \u043d\u0430\u0434\u0435\u0436\u043d\u043e\u0441\u0442\u0438. \u041a\u043b\u0438\u043d\u043e\u043a \u0441\u043e \u0441\u043a\u0430\u043d\u0434\u0438\u043d\u0430\u0432\u0441\u043a\u0438\u043c\u0438 \u0441\u043f\u0443\u0441\u043a\u0430\u043c\u0438 \u0438 \u043f\u0440\u043e\u0447\u043d\u044b\u043c \u043e\u0431\u0443\u0445\u043e\u043c, \u043a\u043e\u0442\u043e\u0440\u044b\u0439 \u043e\u0442\u043b\u0438\u0447\u043d\u043e \u043f\u043e\u0434\u0445\u043e\u0434\u0438\u0442 \u0434\u043b\u044f \u0432\u044b\u0441\u0435\u043a\u0430\u043d\u0438\u044f \u0438\u0441\u043a\u0440. \u041a\u043e\u043c\u043f\u0430\u043a\u0442\u043d\u044b\u0439 \u0434\u0438\u0437\u0430\u0439\u043d \u0434\u0435\u043b\u0430\u0435\u0442 \u043d\u043e\u0436 \u0443\u0434\u043e\u0431\u043d\u044b\u043c \u0434\u043b\u044f \u043f\u043e\u0432\u0441\u0435\u0434\u043d\u0435\u0432\u043d\u043e\u0433\u043e \u0438\u0441\u043f\u043e\u043b\u044c\u0437\u043e\u0432\u0430\u043d\u0438\u044f.<\/p>\n<p>\u041a\u043b\u0438\u043d\u043e\u043a \u0438\u0437 \u0441\u0442\u0430\u043b\u0438 Sandvik 12C27 \u0441\u043e\u0447\u0435\u0442\u0430\u0435\u0442 \u043a\u043e\u0440\u0440\u043e\u0437\u0438\u043e\u043d\u043d\u0443\u044e \u0441\u0442\u043e\u0439\u043a\u043e\u0441\u0442\u044c, \u0442\u0432\u0435\u0440\u0434\u043e\u0441\u0442\u044c \u0438 \u0438\u0437\u043d\u043e\u0441\u043e\u0441\u0442\u043e\u0439\u043a\u043e\u0441\u0442\u044c \u043f\u0440\u0438 \u0434\u043e\u0441\u0442\u0443\u043f\u043d\u043e\u0439 \u0446\u0435\u043d\u0435. \u0420\u0443\u043a\u043e\u044f\u0442\u044c \u0438\u0437 \u043f\u0440\u043e\u0440\u0435\u0437\u0438\u043d\u0435\u043d\u043d\u043e\u0433\u043e \u043f\u043b\u0430\u0441\u0442\u0438\u043a\u0430 TPE \u043d\u0435 \u0441\u043a\u043e\u043b\u044c\u0437\u0438\u0442, \u0443\u0441\u0442\u043e\u0439\u0447\u0438\u0432\u0430 \u043a \u0445\u0438\u043c\u0438\u0447\u0435\u0441\u043a\u0438\u043c \u0432\u043e\u0437\u0434\u0435\u0439\u0441\u0442\u0432\u0438\u044f\u043c \u0438 \u043e\u0442\u043b\u0438\u0447\u043d\u043e \u043f\u043e\u0433\u043b\u043e\u0449\u0430\u0435\u0442 \u0432\u0438\u0431\u0440\u0430\u0446\u0438\u0438.<\/p>\n<h3>Caracteristici<\/h3>\n<ul>\n<li>\u0422\u0438\u043f \u043d\u043e\u0436\u0430: \u043d\u0435\u0441\u043a\u043b\u0430\u0434\u043d\u043e\u0439<\/li>\n<li>\u0422\u0438\u043f \u0440\u0435\u0436\u0443\u0449\u0435\u0439 \u043a\u0440\u043e\u043c\u043a\u0438: \u043f\u0440\u044f\u043c\u043e\u0439<\/li>\n<li>\u0414\u043b\u0438\u043d\u0430 \u043e\u0431\u0449\u0430\u044f: 14.3 \u0441\u043c<\/li>\n<li>\u0414\u043b\u0438\u043d\u0430 \u043a\u043b\u0438\u043d\u043a\u0430: 5.6 \u0441\u043c<\/li>\n<li>\u041c\u0430\u0442\u0435\u0440\u0438\u0430\u043b \u0440\u0443\u043a\u043e\u044f\u0442\u043a\u0438: \u044d\u043b\u0430\u0441\u0442\u043e\u043c\u0435\u0440 (TPE)<\/li>\n<li>\u0422\u0438\u043f \u0441\u0442\u0430\u043b\u0438: Sandvik 12C27<\/li>\n<li>\u0412\u0435\u0441: 80 \u0433<\/li>\n<\/ul>\n<h3>Marca<\/h3>\n<p>Cu\u021bitele Mora - sunt produse \u00een \u00d6stnor de mai bine de o sut\u0103 de ani. \u00cen trecut, acestea erau fabricate manual de c\u0103tre me\u0219te\u0219ugarii locali \u00een fiecare gospod\u0103rie, transmi\u021b\u00e2ndu-\u0219i abilit\u0103\u021bile din genera\u021bie \u00een genera\u021bie. Ast\u0103zi, aceste tradi\u021bii sunt reunite sub acela\u0219i acoperi\u0219 al fabricii, iar practic fiecare angajat poate \u00eemp\u0103rt\u0103\u0219i o poveste de familie \u00een care fabricarea cu\u021bitelor ocup\u0103 un loc central. La fel ca \u00een vremurile de demult, abordarea procesului de produc\u021bie r\u0103m\u00e2ne aceea\u0219i \u2013 se acord\u0103 aten\u021bie fiec\u0103rui detaliu, ca \u0219i cum cu\u021bitul ar fi fost creat manual de c\u0103tre un me\u0219ter. Singura schimbare este implementarea tehnologiilor moderne, care permit cre\u0219terea eficien\u021bei produc\u021biei \u0219i a calit\u0103\u021bii produselor, p\u0103str\u00e2nd \u00een acela\u0219i timp tradi\u021biile me\u0219te\u0219ug\u0103re\u0219ti \u0219i m\u0103iestria de odinioar\u0103.<\/p>","protected":false},"excerpt":{"rendered":"<p>Mora Eldris Noir and fire starter &#8212; \u043a\u043e\u043c\u043f\u0430\u043a\u0442\u043d\u044b\u0439 \u0444\u0438\u043a\u0441\u0438\u0440\u043e\u0432\u0430\u043d\u043d\u044b\u0439 \u043d\u043e\u0436 \u0441 \u043e\u0433\u043d\u0438\u0432\u043e\u043c \u0438 \u0442\u0435\u043c\u043b\u044f\u043a\u043e\u043c \u0434\u043b\u044f \u043d\u043e\u0448\u0435\u043d\u0438\u044f \u043d\u0430 \u0448\u0435\u0435. \u041a\u043e\u0436\u0430\u043d\u0430\u044f \u043f\u0435\u0442\u043b\u044f \u0441 \u043a\u043d\u043e\u043f\u043a\u043e\u0439 \u0434\u043e\u0431\u0430\u0432\u043b\u044f\u0435\u0442 \u043d\u0430\u0434\u0435\u0436\u043d\u043e\u0441\u0442\u0438. \u041a\u043b\u0438\u043d\u043e\u043a \u0441\u043e \u0441\u043a\u0430\u043d\u0434\u0438\u043d\u0430\u0432\u0441\u043a\u0438\u043c\u0438 \u0441\u043f\u0443\u0441\u043a\u0430\u043c\u0438 \u0438 \u043f\u0440\u043e\u0447\u043d\u044b\u043c \u043e\u0431\u0443\u0445\u043e\u043c, \u043a\u043e\u0442\u043e\u0440\u044b\u0439 \u043e\u0442\u043b\u0438\u0447\u043d\u043e \u043f\u043e\u0434\u0445\u043e\u0434\u0438\u0442 \u0434\u043b\u044f \u0432\u044b\u0441\u0435\u043a\u0430\u043d\u0438\u044f \u0438\u0441\u043a\u0440. \u041a\u043e\u043c\u043f\u0430\u043a\u0442\u043d\u044b\u0439 \u0434\u0438\u0437\u0430\u0439\u043d \u0434\u0435\u043b\u0430\u0435\u0442 \u043d\u043e\u0436 \u0443\u0434\u043e\u0431\u043d\u044b\u043c \u0434\u043b\u044f \u043f\u043e\u0432\u0441\u0435\u0434\u043d\u0435\u0432\u043d\u043e\u0433\u043e \u0438\u0441\u043f\u043e\u043b\u044c\u0437\u043e\u0432\u0430\u043d\u0438\u044f. \u041a\u043b\u0438\u043d\u043e\u043a \u0438\u0437 \u0441\u0442\u0430\u043b\u0438 Sandvik 12C27 \u0441\u043e\u0447\u0435\u0442\u0430\u0435\u0442 \u043a\u043e\u0440\u0440\u043e\u0437\u0438\u043e\u043d\u043d\u0443\u044e \u0441\u0442\u043e\u0439\u043a\u043e\u0441\u0442\u044c, \u0442\u0432\u0435\u0440\u0434\u043e\u0441\u0442\u044c \u0438 [&hellip;]<\/p>\n","protected":false},"featured_media":75790,"comment_status":"open","ping_status":"closed","template":"","meta":{"_acf_changed":false,"inline_featured_image":false},"product_brand":[1368],"product_cat":[169],"product_tag":[],"class_list":{"0":"post-75706","1":"product","2":"type-product","3":"status-publish","4":"has-post-thumbnail","6":"product_brand-mora","7":"product_cat-knives","9":"first","10":"outofstock","11":"shipping-taxable","12":"product-type-simple"},"acf":[],"yoast_head":"<!-- This site is optimized with the Yoast SEO plugin v27.2 - https:\/\/yoast.com\/product\/yoast-seo-wordpress\/ -->\n<title>\u041d\u043e\u0436 Mora Eldris Noir and fire starter - \u041c\u0430\u0433\u0430\u0437\u0438\u043d Xstyle<\/title>\n<meta name=\"description\" content=\"\u041a\u0443\u043f\u0438\u0442\u0435 \u043d\u043e\u0436 Mora Eldris Noir \u0441 \u043e\u0433\u043d\u0438\u0432\u043e! \u041d\u0430\u0434\u0435\u0436\u043d\u0430\u044f \u0441\u0442\u0430\u043b\u044c Sandvik 12C27 \u0438 \u044d\u0440\u0433\u043e\u043d\u043e\u043c\u0438\u0447\u043d\u044b\u0439 \u0434\u0438\u0437\u0430\u0439\u043d \u0434\u043b\u044f \u0438\u0434\u0435\u0430\u043b\u044c\u043d\u043e\u0433\u043e \u043e\u0442\u0434\u044b\u0445\u0430 \u043d\u0430 \u043f\u0440\u0438\u0440\u043e\u0434\u0435. \u0423\u0437\u043d\u0430\u0439\u0442\u0435 \u0431\u043e\u043b\u044c\u0448\u0435 \u0441\u0435\u0439\u0447\u0430\u0441!\" \/>\n<meta name=\"robots\" content=\"index, follow, max-snippet:-1, max-image-preview:large, max-video-preview:-1\" \/>\n<link rel=\"canonical\" href=\"https:\/\/xstyle.md\/ro\/produs\/nozh-mora-eldris-noir-and-fire-starter\/\" \/>\n<meta property=\"og:locale\" content=\"ro_RO\" \/>\n<meta property=\"og:type\" content=\"article\" \/>\n<meta property=\"og:title\" content=\"\u041d\u043e\u0436 Mora Eldris Noir and fire starter - \u041c\u0430\u0433\u0430\u0437\u0438\u043d Xstyle\" \/>\n<meta property=\"og:description\" content=\"\u041a\u0443\u043f\u0438\u0442\u0435 \u043d\u043e\u0436 Mora Eldris Noir \u0441 \u043e\u0433\u043d\u0438\u0432\u043e! \u041d\u0430\u0434\u0435\u0436\u043d\u0430\u044f \u0441\u0442\u0430\u043b\u044c Sandvik 12C27 \u0438 \u044d\u0440\u0433\u043e\u043d\u043e\u043c\u0438\u0447\u043d\u044b\u0439 \u0434\u0438\u0437\u0430\u0439\u043d \u0434\u043b\u044f \u0438\u0434\u0435\u0430\u043b\u044c\u043d\u043e\u0433\u043e \u043e\u0442\u0434\u044b\u0445\u0430 \u043d\u0430 \u043f\u0440\u0438\u0440\u043e\u0434\u0435. \u0423\u0437\u043d\u0430\u0439\u0442\u0435 \u0431\u043e\u043b\u044c\u0448\u0435 \u0441\u0435\u0439\u0447\u0430\u0441!\" \/>\n<meta property=\"og:url\" content=\"https:\/\/xstyle.md\/ro\/produs\/nozh-mora-eldris-noir-and-fire-starter\/\" \/>\n<meta property=\"og:site_name\" content=\"\u041c\u0430\u0433\u0430\u0437\u0438\u043d Xstyle\" \/>\n<meta property=\"article:publisher\" content=\"https:\/\/www.facebook.com\/xstylemd\" \/>\n<meta property=\"article:modified_time\" content=\"2024-10-02T22:28:09+00:00\" \/>\n<meta property=\"og:image\" content=\"https:\/\/xstyle.md\/wp-content\/uploads\/2023\/11\/mora-eldris-noir-and-fire-starter.jpg\" \/>\n\t<meta property=\"og:image:width\" content=\"800\" \/>\n\t<meta property=\"og:image:height\" content=\"800\" \/>\n\t<meta property=\"og:image:type\" content=\"image\/jpeg\" \/>\n<meta name=\"twitter:card\" content=\"summary_large_image\" \/>\n<meta name=\"twitter:label1\" content=\"Pre\u021b\" \/>\n\t<meta name=\"twitter:data1\" content=\"1.280&nbsp;MDL\" \/>\n\t<meta name=\"twitter:label2\" content=\"Disponibilitate\" \/>\n\t<meta name=\"twitter:data2\" content=\"Stoc epuizat\" \/>\n<script type=\"application\/ld+json\" class=\"yoast-schema-graph\">{\"@context\":\"https:\/\/schema.org\",\"@graph\":[{\"@type\":\"WebPage\",\"@id\":\"https:\/\/xstyle.md\/product\/nozh-mora-eldris-noir-and-fire-starter\/\",\"url\":\"https:\/\/xstyle.md\/product\/nozh-mora-eldris-noir-and-fire-starter\/\",\"name\":\"\u041d\u043e\u0436 Mora Eldris Noir and fire starter - \u041c\u0430\u0433\u0430\u0437\u0438\u043d Xstyle\",\"isPartOf\":{\"@id\":\"https:\/\/xstyle.md\/#website\"},\"primaryImageOfPage\":{\"@id\":\"https:\/\/xstyle.md\/product\/nozh-mora-eldris-noir-and-fire-starter\/#primaryimage\"},\"image\":{\"@id\":\"https:\/\/xstyle.md\/product\/nozh-mora-eldris-noir-and-fire-starter\/#primaryimage\"},\"thumbnailUrl\":\"https:\/\/xstyle.md\/wp-content\/uploads\/2023\/11\/mora-eldris-noir-and-fire-starter.jpg\",\"datePublished\":\"2023-11-16T10:54:29+00:00\",\"dateModified\":\"2024-10-02T22:28:09+00:00\",\"description\":\"\u041a\u0443\u043f\u0438\u0442\u0435 \u043d\u043e\u0436 Mora Eldris Noir \u0441 \u043e\u0433\u043d\u0438\u0432\u043e! \u041d\u0430\u0434\u0435\u0436\u043d\u0430\u044f \u0441\u0442\u0430\u043b\u044c Sandvik 12C27 \u0438 \u044d\u0440\u0433\u043e\u043d\u043e\u043c\u0438\u0447\u043d\u044b\u0439 \u0434\u0438\u0437\u0430\u0439\u043d \u0434\u043b\u044f \u0438\u0434\u0435\u0430\u043b\u044c\u043d\u043e\u0433\u043e \u043e\u0442\u0434\u044b\u0445\u0430 \u043d\u0430 \u043f\u0440\u0438\u0440\u043e\u0434\u0435. \u0423\u0437\u043d\u0430\u0439\u0442\u0435 \u0431\u043e\u043b\u044c\u0448\u0435 \u0441\u0435\u0439\u0447\u0430\u0441!\",\"breadcrumb\":{\"@id\":\"https:\/\/xstyle.md\/product\/nozh-mora-eldris-noir-and-fire-starter\/#breadcrumb\"},\"inLanguage\":\"ro-RO\",\"potentialAction\":[{\"@type\":\"ReadAction\",\"target\":[\"https:\/\/xstyle.md\/product\/nozh-mora-eldris-noir-and-fire-starter\/\"]}]},{\"@type\":\"ImageObject\",\"inLanguage\":\"ro-RO\",\"@id\":\"https:\/\/xstyle.md\/product\/nozh-mora-eldris-noir-and-fire-starter\/#primaryimage\",\"url\":\"https:\/\/xstyle.md\/wp-content\/uploads\/2023\/11\/mora-eldris-noir-and-fire-starter.jpg\",\"contentUrl\":\"https:\/\/xstyle.md\/wp-content\/uploads\/2023\/11\/mora-eldris-noir-and-fire-starter.jpg\",\"width\":800,\"height\":800,\"caption\":\"\u0418\u0437\u043e\u0431\u0440\u0430\u0436\u0435\u043d\u0438\u0435 \u043d\u043e\u0436\u0430 Mora Eldris Noir \u0438 \u043e\u0433\u043d\u0438\u0432\u043e \u0434\u043b\u044f \u0430\u043a\u0442\u0438\u0432\u043d\u043e\u0433\u043e \u043e\u0442\u0434\u044b\u0445\u0430, \u043f\u043e\u0445\u043e\u0434\u043e\u0432, \u0430\u043b\u044c\u043f\u0438\u043d\u0438\u0437\u043c\u0430 \u0438 \u043f\u0443\u0442\u0435\u0448\u0435\u0441\u0442\u0432\u0438\u0439 \u043d\u0430 \u043e\u043d\u043b\u0430\u0439\u043d-\u043c\u0430\u0433\u0430\u0437\u0438\u043d \u0442\u043e\u0432\u0430\u0440\u043e\u0432 \u0434\u043b\u044f \u0430\u043a\u0442\u0438\u0432\u043d\u043e\u0439 \u0436\u0438\u0437\u043d\u0438\"},{\"@type\":\"BreadcrumbList\",\"@id\":\"https:\/\/xstyle.md\/product\/nozh-mora-eldris-noir-and-fire-starter\/#breadcrumb\",\"itemListElement\":[{\"@type\":\"ListItem\",\"position\":1,\"name\":\"\u0413\u043b\u0430\u0432\u043d\u0430\u044f \u0441\u0442\u0440\u0430\u043d\u0438\u0446\u0430\",\"item\":\"https:\/\/xstyle.md\/\"},{\"@type\":\"ListItem\",\"position\":2,\"name\":\"\u041c\u0430\u0433\u0430\u0437\u0438\u043d\",\"item\":\"https:\/\/xstyle.md\/shop\/\"},{\"@type\":\"ListItem\",\"position\":3,\"name\":\"\u041d\u043e\u0436 Mora Eldris Noir and fire starter\"}]},{\"@type\":\"WebSite\",\"@id\":\"https:\/\/xstyle.md\/#website\",\"url\":\"https:\/\/xstyle.md\/\",\"name\":\"\u041c\u0430\u0433\u0430\u0437\u0438\u043d Xstyle\",\"description\":\"C\u043d\u0430\u0440\u044f\u0436\u0435\u043d\u0438\u0435 \u0434\u043b\u044f \u0442\u0443\u0440\u0438\u0437\u043c\u0430 \u0438 \u044d\u043a\u0441\u0442\u0440\u0435\u043c\u0430\u043b\u044c\u043d\u044b\u0445 \u0432\u0438\u0434\u043e\u0432 \u0441\u043f\u043e\u0440\u0442\u0430 \u0432 \u041c\u043e\u043b\u0434\u043e\u0432\u0435.. \u0426\u0435\u043d\u044b, \u0444\u043e\u0442\u043e, \u0445\u0430\u0440\u0430\u043a\u0442\u0435\u0440\u0438\u0441\u0442\u0438\u043a\u0438 \u0432 \u041c\u043e\u043b\u0434\u043e\u0432\u0435.\",\"publisher\":{\"@id\":\"https:\/\/xstyle.md\/#organization\"},\"alternateName\":\"X-Style\",\"potentialAction\":[{\"@type\":\"SearchAction\",\"target\":{\"@type\":\"EntryPoint\",\"urlTemplate\":\"https:\/\/xstyle.md\/?s={search_term_string}\"},\"query-input\":{\"@type\":\"PropertyValueSpecification\",\"valueRequired\":true,\"valueName\":\"search_term_string\"}}],\"inLanguage\":\"ro-RO\"},{\"@type\":\"Organization\",\"@id\":\"https:\/\/xstyle.md\/#organization\",\"name\":\"\u041c\u0430\u0433\u0430\u0437\u0438\u043d Xstyle\",\"alternateName\":\"x-style\",\"url\":\"https:\/\/xstyle.md\/\",\"logo\":{\"@type\":\"ImageObject\",\"inLanguage\":\"ro-RO\",\"@id\":\"https:\/\/xstyle.md\/#\/schema\/logo\/image\/\",\"url\":\"https:\/\/xstyle.md\/wp-content\/uploads\/2020\/06\/logoicon.svg\",\"contentUrl\":\"https:\/\/xstyle.md\/wp-content\/uploads\/2020\/06\/logoicon.svg\",\"caption\":\"\u041c\u0430\u0433\u0430\u0437\u0438\u043d Xstyle\"},\"image\":{\"@id\":\"https:\/\/xstyle.md\/#\/schema\/logo\/image\/\"},\"sameAs\":[\"https:\/\/www.facebook.com\/xstylemd\",\"https:\/\/www.instagram.com\/xstyle_md\/\",\"https:\/\/t.me\/xstyle_outdoor\"],\"hasMerchantReturnPolicy\":{\"@type\":\"MerchantReturnPolicy\",\"merchantReturnLink\":\"https:\/\/xstyle.md\/ro\/conditions\/\"}}]}<\/script>\n<meta property=\"product:price:amount\" content=\"1280.00\" \/>\n<meta property=\"product:price:currency\" content=\"MDL\" \/>\n<meta property=\"og:availability\" content=\"out of stock\" \/>\n<meta property=\"product:availability\" content=\"out of stock\" \/>\n<meta property=\"product:retailer_item_id\" content=\"7391846017974\" \/>\n<meta property=\"product:condition\" content=\"new\" \/>\n<!-- \/ Yoast SEO plugin. -->","yoast_head_json":{"title":"Nava Mora Eldris Noir \u0219i aprinz\u0103tor de foc - Magazin Xstyle","description":"Cump\u0103ra\u021bi cu\u021bitul Mora Eldris Noir cu flac\u0103r\u0103! O\u021belul de \u00eencredere Sandvik 12C27 \u0219i designul ergonomic pentru o vacan\u021b\u0103 perfect\u0103 \u00een natur\u0103. Afl\u0103 mai multe acum!","robots":{"index":"index","follow":"follow","max-snippet":"max-snippet:-1","max-image-preview":"max-image-preview:large","max-video-preview":"max-video-preview:-1"},"canonical":"https:\/\/xstyle.md\/ro\/produs\/nozh-mora-eldris-noir-and-fire-starter\/","og_locale":"ro_RO","og_type":"article","og_title":"\u041d\u043e\u0436 Mora Eldris Noir and fire starter - \u041c\u0430\u0433\u0430\u0437\u0438\u043d Xstyle","og_description":"\u041a\u0443\u043f\u0438\u0442\u0435 \u043d\u043e\u0436 Mora Eldris Noir \u0441 \u043e\u0433\u043d\u0438\u0432\u043e! \u041d\u0430\u0434\u0435\u0436\u043d\u0430\u044f \u0441\u0442\u0430\u043b\u044c Sandvik 12C27 \u0438 \u044d\u0440\u0433\u043e\u043d\u043e\u043c\u0438\u0447\u043d\u044b\u0439 \u0434\u0438\u0437\u0430\u0439\u043d \u0434\u043b\u044f \u0438\u0434\u0435\u0430\u043b\u044c\u043d\u043e\u0433\u043e \u043e\u0442\u0434\u044b\u0445\u0430 \u043d\u0430 \u043f\u0440\u0438\u0440\u043e\u0434\u0435. \u0423\u0437\u043d\u0430\u0439\u0442\u0435 \u0431\u043e\u043b\u044c\u0448\u0435 \u0441\u0435\u0439\u0447\u0430\u0441!","og_url":"https:\/\/xstyle.md\/ro\/produs\/nozh-mora-eldris-noir-and-fire-starter\/","og_site_name":"\u041c\u0430\u0433\u0430\u0437\u0438\u043d Xstyle","article_publisher":"https:\/\/www.facebook.com\/xstylemd","article_modified_time":"2024-10-02T22:28:09+00:00","og_image":[{"width":800,"height":800,"url":"https:\/\/xstyle.md\/wp-content\/uploads\/2023\/11\/mora-eldris-noir-and-fire-starter.jpg","type":"image\/jpeg"}],"twitter_card":"summary_large_image","twitter_misc":{"Pre\u021b":"1.280&nbsp;MDL","Disponibilitate":"Stoc epuizat"},"schema":{"@context":"https:\/\/schema.org","@graph":[{"@type":"WebPage","@id":"https:\/\/xstyle.md\/product\/nozh-mora-eldris-noir-and-fire-starter\/","url":"https:\/\/xstyle.md\/product\/nozh-mora-eldris-noir-and-fire-starter\/","name":"Nava Mora Eldris Noir \u0219i aprinz\u0103tor de foc - Magazin Xstyle","isPartOf":{"@id":"https:\/\/xstyle.md\/#website"},"primaryImageOfPage":{"@id":"https:\/\/xstyle.md\/product\/nozh-mora-eldris-noir-and-fire-starter\/#primaryimage"},"image":{"@id":"https:\/\/xstyle.md\/product\/nozh-mora-eldris-noir-and-fire-starter\/#primaryimage"},"thumbnailUrl":"https:\/\/xstyle.md\/wp-content\/uploads\/2023\/11\/mora-eldris-noir-and-fire-starter.jpg","datePublished":"2023-11-16T10:54:29+00:00","dateModified":"2024-10-02T22:28:09+00:00","description":"Cump\u0103ra\u021bi cu\u021bitul Mora Eldris Noir cu flac\u0103r\u0103! O\u021belul de \u00eencredere Sandvik 12C27 \u0219i designul ergonomic pentru o vacan\u021b\u0103 perfect\u0103 \u00een natur\u0103. Afl\u0103 mai multe acum!","breadcrumb":{"@id":"https:\/\/xstyle.md\/product\/nozh-mora-eldris-noir-and-fire-starter\/#breadcrumb"},"inLanguage":"ro-RO","potentialAction":[{"@type":"ReadAction","target":["https:\/\/xstyle.md\/product\/nozh-mora-eldris-noir-and-fire-starter\/"]}]},{"@type":"ImageObject","inLanguage":"ro-RO","@id":"https:\/\/xstyle.md\/product\/nozh-mora-eldris-noir-and-fire-starter\/#primaryimage","url":"https:\/\/xstyle.md\/wp-content\/uploads\/2023\/11\/mora-eldris-noir-and-fire-starter.jpg","contentUrl":"https:\/\/xstyle.md\/wp-content\/uploads\/2023\/11\/mora-eldris-noir-and-fire-starter.jpg","width":800,"height":800,"caption":"\u0418\u0437\u043e\u0431\u0440\u0430\u0436\u0435\u043d\u0438\u0435 \u043d\u043e\u0436\u0430 Mora Eldris Noir \u0438 \u043e\u0433\u043d\u0438\u0432\u043e \u0434\u043b\u044f \u0430\u043a\u0442\u0438\u0432\u043d\u043e\u0433\u043e \u043e\u0442\u0434\u044b\u0445\u0430, \u043f\u043e\u0445\u043e\u0434\u043e\u0432, \u0430\u043b\u044c\u043f\u0438\u043d\u0438\u0437\u043c\u0430 \u0438 \u043f\u0443\u0442\u0435\u0448\u0435\u0441\u0442\u0432\u0438\u0439 \u043d\u0430 \u043e\u043d\u043b\u0430\u0439\u043d-\u043c\u0430\u0433\u0430\u0437\u0438\u043d \u0442\u043e\u0432\u0430\u0440\u043e\u0432 \u0434\u043b\u044f \u0430\u043a\u0442\u0438\u0432\u043d\u043e\u0439 \u0436\u0438\u0437\u043d\u0438"},{"@type":"BreadcrumbList","@id":"https:\/\/xstyle.md\/product\/nozh-mora-eldris-noir-and-fire-starter\/#breadcrumb","itemListElement":[{"@type":"ListItem","position":1,"name":"\u0413\u043b\u0430\u0432\u043d\u0430\u044f \u0441\u0442\u0440\u0430\u043d\u0438\u0446\u0430","item":"https:\/\/xstyle.md\/"},{"@type":"ListItem","position":2,"name":"\u041c\u0430\u0433\u0430\u0437\u0438\u043d","item":"https:\/\/xstyle.md\/shop\/"},{"@type":"ListItem","position":3,"name":"\u041d\u043e\u0436 Mora Eldris Noir and fire starter"}]},{"@type":"WebSite","@id":"https:\/\/xstyle.md\/#website","url":"https:\/\/xstyle.md\/","name":"Magazinul X-Style","description":"Echipamente pentru turism \u0219i sporturi extreme \u00een Moldova. Pre\u021buri, fotografii, caracteristici \u00een Moldova.","publisher":{"@id":"https:\/\/xstyle.md\/#organization"},"alternateName":"X-Style","potentialAction":[{"@type":"SearchAction","target":{"@type":"EntryPoint","urlTemplate":"https:\/\/xstyle.md\/?s={search_term_string}"},"query-input":{"@type":"PropertyValueSpecification","valueRequired":true,"valueName":"search_term_string"}}],"inLanguage":"ro-RO"},{"@type":"Organization","@id":"https:\/\/xstyle.md\/#organization","name":"Magazinul X-Style","alternateName":"x-style","url":"https:\/\/xstyle.md\/","logo":{"@type":"ImageObject","inLanguage":"ro-RO","@id":"https:\/\/xstyle.md\/#\/schema\/logo\/image\/","url":"https:\/\/xstyle.md\/wp-content\/uploads\/2020\/06\/logoicon.svg","contentUrl":"https:\/\/xstyle.md\/wp-content\/uploads\/2020\/06\/logoicon.svg","caption":"\u041c\u0430\u0433\u0430\u0437\u0438\u043d Xstyle"},"image":{"@id":"https:\/\/xstyle.md\/#\/schema\/logo\/image\/"},"sameAs":["https:\/\/www.facebook.com\/xstylemd","https:\/\/www.instagram.com\/xstyle_md\/","https:\/\/t.me\/xstyle_outdoor"],"hasMerchantReturnPolicy":{"@type":"MerchantReturnPolicy","merchantReturnLink":"https:\/\/xstyle.md\/ro\/conditions\/"}}]},"product_price_amount":"1280.00","product_price_currency":"MDL","og_availability":"out of stock","product_availability":"out of stock","product_retailer_item_id":"7391846017974","product_condition":"new"},"post_mailing_queue_ids":[],"_links":{"self":[{"href":"https:\/\/xstyle.md\/ro\/wp-json\/wp\/v2\/product\/75706","targetHints":{"allow":["GET"]}}],"collection":[{"href":"https:\/\/xstyle.md\/ro\/wp-json\/wp\/v2\/product"}],"about":[{"href":"https:\/\/xstyle.md\/ro\/wp-json\/wp\/v2\/types\/product"}],"replies":[{"embeddable":true,"href":"https:\/\/xstyle.md\/ro\/wp-json\/wp\/v2\/comments?post=75706"}],"wp:featuredmedia":[{"embeddable":true,"href":"https:\/\/xstyle.md\/ro\/wp-json\/wp\/v2\/media\/75790"}],"wp:attachment":[{"href":"https:\/\/xstyle.md\/ro\/wp-json\/wp\/v2\/media?parent=75706"}],"wp:term":[{"taxonomy":"product_brand","embeddable":true,"href":"https:\/\/xstyle.md\/ro\/wp-json\/wp\/v2\/product_brand?post=75706"},{"taxonomy":"product_cat","embeddable":true,"href":"https:\/\/xstyle.md\/ro\/wp-json\/wp\/v2\/product_cat?post=75706"},{"taxonomy":"product_tag","embeddable":true,"href":"https:\/\/xstyle.md\/ro\/wp-json\/wp\/v2\/product_tag?post=75706"}],"curies":[{"name":"wp","href":"https:\/\/api.w.org\/{rel}","templated":true}]}}