{"id":7565,"date":"2020-07-16T22:50:31","date_gmt":"2020-07-16T19:50:31","guid":{"rendered":"https:\/\/xstyle.md\/product\/lopata-fiskars-solid"},"modified":"2026-03-19T16:34:00","modified_gmt":"2026-03-19T13:34:00","slug":"lopata-fiskars-solid","status":"publish","type":"product","link":"https:\/\/xstyle.md\/ro\/produs\/lopata-fiskars-solid\/","title":{"rendered":"Lopat\u0103 Fiskars Solid"},"content":{"rendered":"<\/p>\n<p><strong>Lopat\u0103 Fiskars Solid &#8212;\u00a0<\/strong>trainic\u0103 \u0219i u\u0219oar\u0103, pentru a fi mereu la \u00eendem\u00e2n\u0103 \u00een ma\u0219in\u0103, este potrivit\u0103 pentru cur\u0103\u021barea z\u0103pezii rigide \u0219i \u00eenghe\u021bate \u00een jurul ma\u0219inii. Compact\u0103, se potrive\u0219te \u00een orice portbagaj.<\/p>\n<p><strong>Caracteristici:<\/strong><\/p>\n<ul>\n<li>Poate rezista la sarcini grele datorit\u0103 designului integral.<\/li>\n<li>Pe plac\u00ee are elemente de rigidizare, oferind o siguran\u021b\u0103 suplimentar\u0103.<\/li>\n<li>M\u00e2ner ergonomic pentru o prindere u\u0219oar\u0103 bun\u0103.<\/li>\n<li>Utilizat\u0103 pentru colectarea \u0219i transportul de z\u0103pad\u0103, p\u0103m\u00e2nt, argil\u0103, nisip.<\/li>\n<li>Dimensiunile compacte \u0219i greutatea redus\u0103 asigur\u0103 transportul \u0219i depozitarea convenabile.<\/li>\n<\/ul>\n<p><strong>Specifica\u021biile produsului:<\/strong><\/p>\n<ul>\n<li>L\u0103\u021bimea de 220 mm.<\/li>\n<li>Lungimea este de 630 mm.<\/li>\n<li>\u00cen\u0103l\u021bimea este de 105 mm.<\/li>\n<li>Greutate 500g<\/li>\n<\/ul>\n<p><\/p>","protected":false},"excerpt":{"rendered":"<p>Lopat\u0103 Fiskars Solid<\/p>","protected":false},"featured_media":7564,"comment_status":"open","ping_status":"closed","template":"","meta":{"_acf_changed":false,"inline_featured_image":false},"product_brand":[1264],"product_cat":[549],"product_tag":[],"class_list":{"0":"post-7565","1":"product","2":"type-product","3":"status-publish","4":"has-post-thumbnail","6":"product_brand-fiskars","7":"product_cat-echipament-de-avalansa","9":"first","10":"instock","11":"shipping-taxable","12":"purchasable","13":"product-type-simple"},"acf":[],"yoast_head":"<!-- This site is optimized with the Yoast SEO plugin v27.2 - https:\/\/yoast.com\/product\/yoast-seo-wordpress\/ -->\n<title>\u041b\u043e\u043f\u0430\u0442\u0430 Fiskars Solid - \u041c\u0430\u0433\u0430\u0437\u0438\u043d Xstyle<\/title>\n<meta name=\"description\" content=\"\u041b\u043e\u043f\u0430\u0442\u0430 Fiskars Solid - \u043d\u0430\u0434\u0435\u0436\u043d\u044b\u0439 \u0438\u043d\u0441\u0442\u0440\u0443\u043c\u0435\u043d\u0442 \u0434\u043b\u044f \u0447\u0438\u0441\u0442\u043a\u0438 \u0441\u043d\u0435\u0433\u0430. \u041a\u043e\u043c\u043f\u0430\u043a\u0442\u043d\u0430\u044f, \u043b\u0435\u0433\u043a\u0430\u044f, \u0441 \u044d\u0440\u0433\u043e\u043d\u043e\u043c\u0438\u0447\u043d\u043e\u0439 \u0440\u0443\u0447\u043a\u043e\u0439 \u0438 \u043f\u0440\u043e\u0447\u043d\u044b\u043c \u0434\u0438\u0437\u0430\u0439\u043d\u043e\u043c \u0434\u043b\u044f \u0442\u044f\u0436\u0451\u043b\u044b\u0445 \u0443\u0441\u043b\u043e\u0432\u0438\u0439.\" \/>\n<meta name=\"robots\" content=\"index, follow, max-snippet:-1, max-image-preview:large, max-video-preview:-1\" \/>\n<link rel=\"canonical\" href=\"https:\/\/xstyle.md\/ro\/produs\/lopata-fiskars-solid\/\" \/>\n<meta property=\"og:locale\" content=\"ro_RO\" \/>\n<meta property=\"og:type\" content=\"article\" \/>\n<meta property=\"og:title\" content=\"\u041b\u043e\u043f\u0430\u0442\u0430 Fiskars Solid - \u041c\u0430\u0433\u0430\u0437\u0438\u043d Xstyle\" \/>\n<meta property=\"og:description\" content=\"\u041b\u043e\u043f\u0430\u0442\u0430 Fiskars Solid - \u043d\u0430\u0434\u0435\u0436\u043d\u044b\u0439 \u0438\u043d\u0441\u0442\u0440\u0443\u043c\u0435\u043d\u0442 \u0434\u043b\u044f \u0447\u0438\u0441\u0442\u043a\u0438 \u0441\u043d\u0435\u0433\u0430. \u041a\u043e\u043c\u043f\u0430\u043a\u0442\u043d\u0430\u044f, \u043b\u0435\u0433\u043a\u0430\u044f, \u0441 \u044d\u0440\u0433\u043e\u043d\u043e\u043c\u0438\u0447\u043d\u043e\u0439 \u0440\u0443\u0447\u043a\u043e\u0439 \u0438 \u043f\u0440\u043e\u0447\u043d\u044b\u043c \u0434\u0438\u0437\u0430\u0439\u043d\u043e\u043c \u0434\u043b\u044f \u0442\u044f\u0436\u0451\u043b\u044b\u0445 \u0443\u0441\u043b\u043e\u0432\u0438\u0439.\" \/>\n<meta property=\"og:url\" content=\"https:\/\/xstyle.md\/ro\/produs\/lopata-fiskars-solid\/\" \/>\n<meta property=\"og:site_name\" content=\"\u041c\u0430\u0433\u0430\u0437\u0438\u043d Xstyle\" \/>\n<meta property=\"article:publisher\" content=\"https:\/\/www.facebook.com\/xstylemd\" \/>\n<meta property=\"article:modified_time\" content=\"2026-03-19T13:34:00+00:00\" \/>\n<meta property=\"og:image\" content=\"https:\/\/xstyle.md\/wp-content\/uploads\/2020\/07\/lopata-do-auta-fiskars-solid-1.jpg\" \/>\n\t<meta property=\"og:image:width\" content=\"600\" \/>\n\t<meta property=\"og:image:height\" content=\"600\" \/>\n\t<meta property=\"og:image:type\" content=\"image\/jpeg\" \/>\n<meta name=\"twitter:card\" content=\"summary_large_image\" \/>\n<meta name=\"twitter:label1\" content=\"Pre\u021b\" \/>\n\t<meta name=\"twitter:data1\" content=\"420&nbsp;MDL\" \/>\n\t<meta name=\"twitter:label2\" content=\"Disponibilitate\" \/>\n\t<meta name=\"twitter:data2\" content=\"\u00cen stoc\" \/>\n<script type=\"application\/ld+json\" class=\"yoast-schema-graph\">{\"@context\":\"https:\/\/schema.org\",\"@graph\":[{\"@type\":\"WebPage\",\"@id\":\"https:\/\/xstyle.md\/product\/lopata-fiskars-solid\/\",\"url\":\"https:\/\/xstyle.md\/product\/lopata-fiskars-solid\/\",\"name\":\"\u041b\u043e\u043f\u0430\u0442\u0430 Fiskars Solid - \u041c\u0430\u0433\u0430\u0437\u0438\u043d Xstyle\",\"isPartOf\":{\"@id\":\"https:\/\/xstyle.md\/#website\"},\"primaryImageOfPage\":{\"@id\":\"https:\/\/xstyle.md\/product\/lopata-fiskars-solid\/#primaryimage\"},\"image\":{\"@id\":\"https:\/\/xstyle.md\/product\/lopata-fiskars-solid\/#primaryimage\"},\"thumbnailUrl\":\"https:\/\/xstyle.md\/wp-content\/uploads\/2020\/07\/lopata-do-auta-fiskars-solid-1.jpg\",\"datePublished\":\"2020-07-16T19:50:31+00:00\",\"dateModified\":\"2026-03-19T13:34:00+00:00\",\"description\":\"\u041b\u043e\u043f\u0430\u0442\u0430 Fiskars Solid - \u043d\u0430\u0434\u0435\u0436\u043d\u044b\u0439 \u0438\u043d\u0441\u0442\u0440\u0443\u043c\u0435\u043d\u0442 \u0434\u043b\u044f \u0447\u0438\u0441\u0442\u043a\u0438 \u0441\u043d\u0435\u0433\u0430. \u041a\u043e\u043c\u043f\u0430\u043a\u0442\u043d\u0430\u044f, \u043b\u0435\u0433\u043a\u0430\u044f, \u0441 \u044d\u0440\u0433\u043e\u043d\u043e\u043c\u0438\u0447\u043d\u043e\u0439 \u0440\u0443\u0447\u043a\u043e\u0439 \u0438 \u043f\u0440\u043e\u0447\u043d\u044b\u043c \u0434\u0438\u0437\u0430\u0439\u043d\u043e\u043c \u0434\u043b\u044f \u0442\u044f\u0436\u0451\u043b\u044b\u0445 \u0443\u0441\u043b\u043e\u0432\u0438\u0439.\",\"breadcrumb\":{\"@id\":\"https:\/\/xstyle.md\/product\/lopata-fiskars-solid\/#breadcrumb\"},\"inLanguage\":\"ro-RO\",\"potentialAction\":[{\"@type\":\"ReadAction\",\"target\":[\"https:\/\/xstyle.md\/product\/lopata-fiskars-solid\/\"]}]},{\"@type\":\"ImageObject\",\"inLanguage\":\"ro-RO\",\"@id\":\"https:\/\/xstyle.md\/product\/lopata-fiskars-solid\/#primaryimage\",\"url\":\"https:\/\/xstyle.md\/wp-content\/uploads\/2020\/07\/lopata-do-auta-fiskars-solid-1.jpg\",\"contentUrl\":\"https:\/\/xstyle.md\/wp-content\/uploads\/2020\/07\/lopata-do-auta-fiskars-solid-1.jpg\",\"width\":600,\"height\":600},{\"@type\":\"BreadcrumbList\",\"@id\":\"https:\/\/xstyle.md\/product\/lopata-fiskars-solid\/#breadcrumb\",\"itemListElement\":[{\"@type\":\"ListItem\",\"position\":1,\"name\":\"\u0413\u043b\u0430\u0432\u043d\u0430\u044f \u0441\u0442\u0440\u0430\u043d\u0438\u0446\u0430\",\"item\":\"https:\/\/xstyle.md\/\"},{\"@type\":\"ListItem\",\"position\":2,\"name\":\"\u041c\u0430\u0433\u0430\u0437\u0438\u043d\",\"item\":\"https:\/\/xstyle.md\/shop\/\"},{\"@type\":\"ListItem\",\"position\":3,\"name\":\"\u041b\u043e\u043f\u0430\u0442\u0430 Fiskars Solid\"}]},{\"@type\":\"WebSite\",\"@id\":\"https:\/\/xstyle.md\/#website\",\"url\":\"https:\/\/xstyle.md\/\",\"name\":\"\u041c\u0430\u0433\u0430\u0437\u0438\u043d Xstyle\",\"description\":\"C\u043d\u0430\u0440\u044f\u0436\u0435\u043d\u0438\u0435 \u0434\u043b\u044f \u0442\u0443\u0440\u0438\u0437\u043c\u0430 \u0438 \u044d\u043a\u0441\u0442\u0440\u0435\u043c\u0430\u043b\u044c\u043d\u044b\u0445 \u0432\u0438\u0434\u043e\u0432 \u0441\u043f\u043e\u0440\u0442\u0430 \u0432 \u041c\u043e\u043b\u0434\u043e\u0432\u0435.. \u0426\u0435\u043d\u044b, \u0444\u043e\u0442\u043e, \u0445\u0430\u0440\u0430\u043a\u0442\u0435\u0440\u0438\u0441\u0442\u0438\u043a\u0438 \u0432 \u041c\u043e\u043b\u0434\u043e\u0432\u0435.\",\"publisher\":{\"@id\":\"https:\/\/xstyle.md\/#organization\"},\"alternateName\":\"X-Style\",\"potentialAction\":[{\"@type\":\"SearchAction\",\"target\":{\"@type\":\"EntryPoint\",\"urlTemplate\":\"https:\/\/xstyle.md\/?s={search_term_string}\"},\"query-input\":{\"@type\":\"PropertyValueSpecification\",\"valueRequired\":true,\"valueName\":\"search_term_string\"}}],\"inLanguage\":\"ro-RO\"},{\"@type\":\"Organization\",\"@id\":\"https:\/\/xstyle.md\/#organization\",\"name\":\"\u041c\u0430\u0433\u0430\u0437\u0438\u043d Xstyle\",\"alternateName\":\"x-style\",\"url\":\"https:\/\/xstyle.md\/\",\"logo\":{\"@type\":\"ImageObject\",\"inLanguage\":\"ro-RO\",\"@id\":\"https:\/\/xstyle.md\/#\/schema\/logo\/image\/\",\"url\":\"https:\/\/xstyle.md\/wp-content\/uploads\/2020\/06\/logoicon.svg\",\"contentUrl\":\"https:\/\/xstyle.md\/wp-content\/uploads\/2020\/06\/logoicon.svg\",\"caption\":\"\u041c\u0430\u0433\u0430\u0437\u0438\u043d Xstyle\"},\"image\":{\"@id\":\"https:\/\/xstyle.md\/#\/schema\/logo\/image\/\"},\"sameAs\":[\"https:\/\/www.facebook.com\/xstylemd\",\"https:\/\/www.instagram.com\/xstyle_md\/\",\"https:\/\/t.me\/xstyle_outdoor\"],\"hasMerchantReturnPolicy\":{\"@type\":\"MerchantReturnPolicy\",\"merchantReturnLink\":\"https:\/\/xstyle.md\/ro\/conditions\/\"}}]}<\/script>\n<meta property=\"product:price:amount\" content=\"420.00\" \/>\n<meta property=\"product:price:currency\" content=\"MDL\" \/>\n<meta property=\"og:availability\" content=\"instock\" \/>\n<meta property=\"product:availability\" content=\"instock\" \/>\n<meta property=\"product:retailer_item_id\" content=\"6411501430731\" \/>\n<meta property=\"product:condition\" content=\"new\" \/>\n<!-- \/ Yoast SEO plugin. -->","yoast_head_json":{"title":"Lopat\u0103 Fiskars Solid - Magazin Xstyle","description":"Lopata Fiskars Solid - un instrument de \u00eencredere pentru cur\u0103\u021barea z\u0103pezii. Compact\u0103, u\u0219oar\u0103, cu un m\u00e2ner ergonomic \u0219i un design robust pentru condi\u021bii grele.","robots":{"index":"index","follow":"follow","max-snippet":"max-snippet:-1","max-image-preview":"max-image-preview:large","max-video-preview":"max-video-preview:-1"},"canonical":"https:\/\/xstyle.md\/ro\/produs\/lopata-fiskars-solid\/","og_locale":"ro_RO","og_type":"article","og_title":"\u041b\u043e\u043f\u0430\u0442\u0430 Fiskars Solid - \u041c\u0430\u0433\u0430\u0437\u0438\u043d Xstyle","og_description":"\u041b\u043e\u043f\u0430\u0442\u0430 Fiskars Solid - \u043d\u0430\u0434\u0435\u0436\u043d\u044b\u0439 \u0438\u043d\u0441\u0442\u0440\u0443\u043c\u0435\u043d\u0442 \u0434\u043b\u044f \u0447\u0438\u0441\u0442\u043a\u0438 \u0441\u043d\u0435\u0433\u0430. \u041a\u043e\u043c\u043f\u0430\u043a\u0442\u043d\u0430\u044f, \u043b\u0435\u0433\u043a\u0430\u044f, \u0441 \u044d\u0440\u0433\u043e\u043d\u043e\u043c\u0438\u0447\u043d\u043e\u0439 \u0440\u0443\u0447\u043a\u043e\u0439 \u0438 \u043f\u0440\u043e\u0447\u043d\u044b\u043c \u0434\u0438\u0437\u0430\u0439\u043d\u043e\u043c \u0434\u043b\u044f \u0442\u044f\u0436\u0451\u043b\u044b\u0445 \u0443\u0441\u043b\u043e\u0432\u0438\u0439.","og_url":"https:\/\/xstyle.md\/ro\/produs\/lopata-fiskars-solid\/","og_site_name":"\u041c\u0430\u0433\u0430\u0437\u0438\u043d Xstyle","article_publisher":"https:\/\/www.facebook.com\/xstylemd","article_modified_time":"2026-03-19T13:34:00+00:00","og_image":[{"width":600,"height":600,"url":"https:\/\/xstyle.md\/wp-content\/uploads\/2020\/07\/lopata-do-auta-fiskars-solid-1.jpg","type":"image\/jpeg"}],"twitter_card":"summary_large_image","twitter_misc":{"Pre\u021b":"420&nbsp;MDL","Disponibilitate":"\u00cen stoc"},"schema":{"@context":"https:\/\/schema.org","@graph":[{"@type":"WebPage","@id":"https:\/\/xstyle.md\/product\/lopata-fiskars-solid\/","url":"https:\/\/xstyle.md\/product\/lopata-fiskars-solid\/","name":"Lopat\u0103 Fiskars Solid - Magazin Xstyle","isPartOf":{"@id":"https:\/\/xstyle.md\/#website"},"primaryImageOfPage":{"@id":"https:\/\/xstyle.md\/product\/lopata-fiskars-solid\/#primaryimage"},"image":{"@id":"https:\/\/xstyle.md\/product\/lopata-fiskars-solid\/#primaryimage"},"thumbnailUrl":"https:\/\/xstyle.md\/wp-content\/uploads\/2020\/07\/lopata-do-auta-fiskars-solid-1.jpg","datePublished":"2020-07-16T19:50:31+00:00","dateModified":"2026-03-19T13:34:00+00:00","description":"Lopata Fiskars Solid - un instrument de \u00eencredere pentru cur\u0103\u021barea z\u0103pezii. Compact\u0103, u\u0219oar\u0103, cu un m\u00e2ner ergonomic \u0219i un design robust pentru condi\u021bii grele.","breadcrumb":{"@id":"https:\/\/xstyle.md\/product\/lopata-fiskars-solid\/#breadcrumb"},"inLanguage":"ro-RO","potentialAction":[{"@type":"ReadAction","target":["https:\/\/xstyle.md\/product\/lopata-fiskars-solid\/"]}]},{"@type":"ImageObject","inLanguage":"ro-RO","@id":"https:\/\/xstyle.md\/product\/lopata-fiskars-solid\/#primaryimage","url":"https:\/\/xstyle.md\/wp-content\/uploads\/2020\/07\/lopata-do-auta-fiskars-solid-1.jpg","contentUrl":"https:\/\/xstyle.md\/wp-content\/uploads\/2020\/07\/lopata-do-auta-fiskars-solid-1.jpg","width":600,"height":600},{"@type":"BreadcrumbList","@id":"https:\/\/xstyle.md\/product\/lopata-fiskars-solid\/#breadcrumb","itemListElement":[{"@type":"ListItem","position":1,"name":"\u0413\u043b\u0430\u0432\u043d\u0430\u044f \u0441\u0442\u0440\u0430\u043d\u0438\u0446\u0430","item":"https:\/\/xstyle.md\/"},{"@type":"ListItem","position":2,"name":"\u041c\u0430\u0433\u0430\u0437\u0438\u043d","item":"https:\/\/xstyle.md\/shop\/"},{"@type":"ListItem","position":3,"name":"\u041b\u043e\u043f\u0430\u0442\u0430 Fiskars Solid"}]},{"@type":"WebSite","@id":"https:\/\/xstyle.md\/#website","url":"https:\/\/xstyle.md\/","name":"Magazinul X-Style","description":"Echipamente pentru turism \u0219i sporturi extreme \u00een Moldova. Pre\u021buri, fotografii, caracteristici \u00een Moldova.","publisher":{"@id":"https:\/\/xstyle.md\/#organization"},"alternateName":"X-Style","potentialAction":[{"@type":"SearchAction","target":{"@type":"EntryPoint","urlTemplate":"https:\/\/xstyle.md\/?s={search_term_string}"},"query-input":{"@type":"PropertyValueSpecification","valueRequired":true,"valueName":"search_term_string"}}],"inLanguage":"ro-RO"},{"@type":"Organization","@id":"https:\/\/xstyle.md\/#organization","name":"Magazinul X-Style","alternateName":"x-style","url":"https:\/\/xstyle.md\/","logo":{"@type":"ImageObject","inLanguage":"ro-RO","@id":"https:\/\/xstyle.md\/#\/schema\/logo\/image\/","url":"https:\/\/xstyle.md\/wp-content\/uploads\/2020\/06\/logoicon.svg","contentUrl":"https:\/\/xstyle.md\/wp-content\/uploads\/2020\/06\/logoicon.svg","caption":"\u041c\u0430\u0433\u0430\u0437\u0438\u043d Xstyle"},"image":{"@id":"https:\/\/xstyle.md\/#\/schema\/logo\/image\/"},"sameAs":["https:\/\/www.facebook.com\/xstylemd","https:\/\/www.instagram.com\/xstyle_md\/","https:\/\/t.me\/xstyle_outdoor"],"hasMerchantReturnPolicy":{"@type":"MerchantReturnPolicy","merchantReturnLink":"https:\/\/xstyle.md\/ro\/conditions\/"}}]},"product_price_amount":"420.00","product_price_currency":"MDL","og_availability":"instock","product_availability":"instock","product_retailer_item_id":"6411501430731","product_condition":"new"},"post_mailing_queue_ids":[],"_links":{"self":[{"href":"https:\/\/xstyle.md\/ro\/wp-json\/wp\/v2\/product\/7565","targetHints":{"allow":["GET"]}}],"collection":[{"href":"https:\/\/xstyle.md\/ro\/wp-json\/wp\/v2\/product"}],"about":[{"href":"https:\/\/xstyle.md\/ro\/wp-json\/wp\/v2\/types\/product"}],"replies":[{"embeddable":true,"href":"https:\/\/xstyle.md\/ro\/wp-json\/wp\/v2\/comments?post=7565"}],"wp:featuredmedia":[{"embeddable":true,"href":"https:\/\/xstyle.md\/ro\/wp-json\/wp\/v2\/media\/7564"}],"wp:attachment":[{"href":"https:\/\/xstyle.md\/ro\/wp-json\/wp\/v2\/media?parent=7565"}],"wp:term":[{"taxonomy":"product_brand","embeddable":true,"href":"https:\/\/xstyle.md\/ro\/wp-json\/wp\/v2\/product_brand?post=7565"},{"taxonomy":"product_cat","embeddable":true,"href":"https:\/\/xstyle.md\/ro\/wp-json\/wp\/v2\/product_cat?post=7565"},{"taxonomy":"product_tag","embeddable":true,"href":"https:\/\/xstyle.md\/ro\/wp-json\/wp\/v2\/product_tag?post=7565"}],"curies":[{"name":"wp","href":"https:\/\/api.w.org\/{rel}","templated":true}]}}