{"id":75469,"date":"2023-11-08T17:46:01","date_gmt":"2023-11-08T14:46:01","guid":{"rendered":"https:\/\/xstyle.md\/?post_type=product&#038;p=75469"},"modified":"2024-10-03T01:27:44","modified_gmt":"2024-10-02T22:27:44","slug":"aptechka-pharmavoyage-first-aid-antitick","status":"publish","type":"product","link":"https:\/\/xstyle.md\/ro\/produs\/aptechka-pharmavoyage-first-aid-antitick\/","title":{"rendered":"Trus\u0103 medical\u0103 Pharmavoyage First Aid Antitick"},"content":{"rendered":"<\/p>\n<p><strong>Pharmavoyage First Aid Antitick<\/strong> &#8212; trusa de prim ajutor cu o trus\u0103 complet\u0103 de urgen\u021b\u0103 pentru c\u0103pu\u0219e, pentru o protec\u021bie \u0219i un tratament eficient \u00eempotriva mu\u0219c\u0103turilor de c\u0103pu\u0219e. Esen\u021bial pentru to\u021bi cei implica\u021bi \u00een activit\u0103\u021bi \u00een aer liber (drume\u021bii, v\u00e2n\u0103tori, v\u00e2n\u0103tori de ciuperci etc.) \u0219i profesioni\u0219ti \u00een aer liber (silvicultori, pescari, gr\u0103dinari etc.). Dimensiunea compact\u0103 este ideal\u0103 pentru c\u0103l\u0103torii: acest set poate fi luat oriunde \u0219i se potrive\u0219te cu u\u0219urin\u021b\u0103 \u00een rucsacuri \u0219i valize.<\/p>\n<h3>Particularit\u0103\u021bi<\/h3>\n<ul>\n<li>Compact \u0219i u\u0219or, se potrive\u0219te \u00eentr-un rucsac<\/li>\n<li>U\u0219or de deschis datorit\u0103 \u00eenchiderii cu fermoar<\/li>\n<\/ul>\n<h3>Caracteristici<\/h3>\n<ul>\n<li>Dimensiuni &#8212; 20 x 9 x 5 cm<\/li>\n<li>Greutate &#8212; 130g<\/li>\n<\/ul>\n<h3>Setul include<\/h3>\n<ul>\n<li>1 Biovectrol Eucalyptus repelent pentru c\u0103pu\u0219e (permetrin + geraniol)<\/li>\n<li>1 lup\u0103 (8,5 x 5,5 cm)<\/li>\n<li>2 c\u00e2rlige pentru c\u0103pu\u0219e de diferite dimensiuni<\/li>\n<li>2 tampoane cu alcool (3,5 x 3,5 cm)<\/li>\n<\/ul>\n<h3>Marca<\/h3>\n<p>Pharmavoyage este o companie francez\u0103 care produce o gam\u0103 complet\u0103 de repelen\u021bi pentru insecte, precum \u0219i produse de \u00eengrijire \u00een timpul c\u0103l\u0103toriei, de igien\u0103 \u0219i de prim ajutor. Produsele Pharmavoyage sunt pe baz\u0103 de plante \u0219i sunt certificate \u00een conformitate cu standardele europene. Acestea vor face ca orice c\u0103l\u0103torie s\u0103 fie mai sigur\u0103 \u0219i mai relaxant\u0103 &#8212; de la un weekend la caban\u0103 la un safari exotic \u00een jungl\u0103. Brandul face parte din grupul Katadyn, specializat \u00een produse de asisten\u021b\u0103 vital\u0103 pe teren.<\/p>\n<p><\/p>","protected":false},"excerpt":{"rendered":"","protected":false},"featured_media":75720,"comment_status":"open","ping_status":"closed","template":"","meta":{"_acf_changed":false,"inline_featured_image":false},"product_brand":[1470],"product_cat":[333],"product_tag":[],"class_list":{"0":"post-75469","1":"product","2":"type-product","3":"status-publish","4":"has-post-thumbnail","6":"product_brand-pharmavoyage","7":"product_cat-first-aid","9":"first","10":"instock","11":"shipping-taxable","12":"purchasable","13":"product-type-simple"},"acf":[],"yoast_head":"<!-- This site is optimized with the Yoast SEO plugin v27.2 - https:\/\/yoast.com\/product\/yoast-seo-wordpress\/ -->\n<title>\u0410\u043f\u0442\u0435\u0447\u043a\u0430 Pharmavoyage First Aid Antitick - \u041c\u0430\u0433\u0430\u0437\u0438\u043d Xstyle<\/title>\n<meta name=\"description\" content=\"\u0410\u043f\u0442\u0435\u0447\u043a\u0430 Pharmavoyage First Aid Antitick \u2014 \u0433\u043e\u0442\u043e\u0432\u0430\u044f \u043f\u043e\u043c\u043e\u0449\u044c \u043f\u0440\u043e\u0442\u0438\u0432 \u0443\u043a\u0443\u0441\u043e\u0432 \u043a\u043b\u0435\u0449\u0435\u0439! \u0418\u0434\u0435\u0430\u043b\u044c\u043d\u0430 \u0434\u043b\u044f \u0430\u043a\u0442\u0438\u0432\u043d\u044b\u0445 \u043b\u044e\u0434\u0435\u0439 \u043d\u0430 \u043f\u0440\u0438\u0440\u043e\u0434\u0435, \u0432\u043a\u043b\u044e\u0447\u0430\u044f \u0442\u0443\u0440\u0438\u0441\u0442\u043e\u0432 \u0438 \u043e\u0445\u043e\u0442\u043d\u0438\u043a\u043e\u0432.\" \/>\n<meta name=\"robots\" content=\"index, follow, max-snippet:-1, max-image-preview:large, max-video-preview:-1\" \/>\n<link rel=\"canonical\" href=\"https:\/\/xstyle.md\/ro\/produs\/aptechka-pharmavoyage-first-aid-antitick\/\" \/>\n<meta property=\"og:locale\" content=\"ro_RO\" \/>\n<meta property=\"og:type\" content=\"article\" \/>\n<meta property=\"og:title\" content=\"\u0410\u043f\u0442\u0435\u0447\u043a\u0430 Pharmavoyage First Aid Antitick - \u041c\u0430\u0433\u0430\u0437\u0438\u043d Xstyle\" \/>\n<meta property=\"og:description\" content=\"\u0410\u043f\u0442\u0435\u0447\u043a\u0430 Pharmavoyage First Aid Antitick \u2014 \u0433\u043e\u0442\u043e\u0432\u0430\u044f \u043f\u043e\u043c\u043e\u0449\u044c \u043f\u0440\u043e\u0442\u0438\u0432 \u0443\u043a\u0443\u0441\u043e\u0432 \u043a\u043b\u0435\u0449\u0435\u0439! \u0418\u0434\u0435\u0430\u043b\u044c\u043d\u0430 \u0434\u043b\u044f \u0430\u043a\u0442\u0438\u0432\u043d\u044b\u0445 \u043b\u044e\u0434\u0435\u0439 \u043d\u0430 \u043f\u0440\u0438\u0440\u043e\u0434\u0435, \u0432\u043a\u043b\u044e\u0447\u0430\u044f \u0442\u0443\u0440\u0438\u0441\u0442\u043e\u0432 \u0438 \u043e\u0445\u043e\u0442\u043d\u0438\u043a\u043e\u0432.\" \/>\n<meta property=\"og:url\" content=\"https:\/\/xstyle.md\/ro\/produs\/aptechka-pharmavoyage-first-aid-antitick\/\" \/>\n<meta property=\"og:site_name\" content=\"\u041c\u0430\u0433\u0430\u0437\u0438\u043d Xstyle\" \/>\n<meta property=\"article:publisher\" content=\"https:\/\/www.facebook.com\/xstylemd\" \/>\n<meta property=\"article:modified_time\" content=\"2024-10-02T22:27:44+00:00\" \/>\n<meta property=\"og:image\" content=\"https:\/\/xstyle.md\/wp-content\/uploads\/2023\/11\/pharmavoyage-first-aid-antitick.jpg\" \/>\n\t<meta property=\"og:image:width\" content=\"1105\" \/>\n\t<meta property=\"og:image:height\" content=\"1059\" \/>\n\t<meta property=\"og:image:type\" content=\"image\/jpeg\" \/>\n<meta name=\"twitter:card\" content=\"summary_large_image\" \/>\n<meta name=\"twitter:label1\" content=\"Pre\u021b\" \/>\n\t<meta name=\"twitter:data1\" content=\"395&nbsp;MDL\" \/>\n\t<meta name=\"twitter:label2\" content=\"Disponibilitate\" \/>\n\t<meta name=\"twitter:data2\" content=\"\u00cen stoc\" \/>\n<script type=\"application\/ld+json\" class=\"yoast-schema-graph\">{\"@context\":\"https:\/\/schema.org\",\"@graph\":[{\"@type\":\"WebPage\",\"@id\":\"https:\/\/xstyle.md\/product\/aptechka-pharmavoyage-first-aid-antitick\/\",\"url\":\"https:\/\/xstyle.md\/product\/aptechka-pharmavoyage-first-aid-antitick\/\",\"name\":\"\u0410\u043f\u0442\u0435\u0447\u043a\u0430 Pharmavoyage First Aid Antitick - \u041c\u0430\u0433\u0430\u0437\u0438\u043d Xstyle\",\"isPartOf\":{\"@id\":\"https:\/\/xstyle.md\/#website\"},\"primaryImageOfPage\":{\"@id\":\"https:\/\/xstyle.md\/product\/aptechka-pharmavoyage-first-aid-antitick\/#primaryimage\"},\"image\":{\"@id\":\"https:\/\/xstyle.md\/product\/aptechka-pharmavoyage-first-aid-antitick\/#primaryimage\"},\"thumbnailUrl\":\"https:\/\/xstyle.md\/wp-content\/uploads\/2023\/11\/pharmavoyage-first-aid-antitick.jpg\",\"datePublished\":\"2023-11-08T14:46:01+00:00\",\"dateModified\":\"2024-10-02T22:27:44+00:00\",\"description\":\"\u0410\u043f\u0442\u0435\u0447\u043a\u0430 Pharmavoyage First Aid Antitick \u2014 \u0433\u043e\u0442\u043e\u0432\u0430\u044f \u043f\u043e\u043c\u043e\u0449\u044c \u043f\u0440\u043e\u0442\u0438\u0432 \u0443\u043a\u0443\u0441\u043e\u0432 \u043a\u043b\u0435\u0449\u0435\u0439! \u0418\u0434\u0435\u0430\u043b\u044c\u043d\u0430 \u0434\u043b\u044f \u0430\u043a\u0442\u0438\u0432\u043d\u044b\u0445 \u043b\u044e\u0434\u0435\u0439 \u043d\u0430 \u043f\u0440\u0438\u0440\u043e\u0434\u0435, \u0432\u043a\u043b\u044e\u0447\u0430\u044f \u0442\u0443\u0440\u0438\u0441\u0442\u043e\u0432 \u0438 \u043e\u0445\u043e\u0442\u043d\u0438\u043a\u043e\u0432.\",\"breadcrumb\":{\"@id\":\"https:\/\/xstyle.md\/product\/aptechka-pharmavoyage-first-aid-antitick\/#breadcrumb\"},\"inLanguage\":\"ro-RO\",\"potentialAction\":[{\"@type\":\"ReadAction\",\"target\":[\"https:\/\/xstyle.md\/product\/aptechka-pharmavoyage-first-aid-antitick\/\"]}]},{\"@type\":\"ImageObject\",\"inLanguage\":\"ro-RO\",\"@id\":\"https:\/\/xstyle.md\/product\/aptechka-pharmavoyage-first-aid-antitick\/#primaryimage\",\"url\":\"https:\/\/xstyle.md\/wp-content\/uploads\/2023\/11\/pharmavoyage-first-aid-antitick.jpg\",\"contentUrl\":\"https:\/\/xstyle.md\/wp-content\/uploads\/2023\/11\/pharmavoyage-first-aid-antitick.jpg\",\"width\":1105,\"height\":1059,\"caption\":\"\u0410\u043f\u0442\u0435\u0447\u043a\u0430 Pharmavoyage \u0434\u043b\u044f \u0430\u043a\u0442\u0438\u0432\u043d\u043e\u0433\u043e \u043e\u0442\u0434\u044b\u0445\u0430, \u043f\u0443\u0442\u0435\u0448\u0435\u0441\u0442\u0432\u0438\u0439 \u0438 \u043f\u043e\u0445\u043e\u0434\u043e\u0432 \u043d\u0430 \u043f\u0440\u0438\u0440\u043e\u0434\u0435, \u0441\u0440\u0435\u0434\u0441\u0442\u0432\u0430 \u043f\u0435\u0440\u0432\u043e\u0439 \u043f\u043e\u043c\u043e\u0449\u0438 \u0434\u043b\u044f \u0442\u0443\u0440\u0438\u0441\u0442\u043e\u0432, \u044d\u043a\u0438\u043f\u0438\u0440\u043e\u0432\u043a\u0430 \u0434\u043b\u044f \u043f\u0430\u043b\u044c\u0446\u0435\u043b\u0435 \u0438 \u0430\u043a\u0442\u0438\u0432\u043d\u043e\u0433\u043e \u043e\u0431\u0440\u0430\u0437\u0430 \u0436\u0438\u0437\u043d\u0438\"},{\"@type\":\"BreadcrumbList\",\"@id\":\"https:\/\/xstyle.md\/product\/aptechka-pharmavoyage-first-aid-antitick\/#breadcrumb\",\"itemListElement\":[{\"@type\":\"ListItem\",\"position\":1,\"name\":\"\u0413\u043b\u0430\u0432\u043d\u0430\u044f \u0441\u0442\u0440\u0430\u043d\u0438\u0446\u0430\",\"item\":\"https:\/\/xstyle.md\/\"},{\"@type\":\"ListItem\",\"position\":2,\"name\":\"\u041c\u0430\u0433\u0430\u0437\u0438\u043d\",\"item\":\"https:\/\/xstyle.md\/shop\/\"},{\"@type\":\"ListItem\",\"position\":3,\"name\":\"\u0410\u043f\u0442\u0435\u0447\u043a\u0430 Pharmavoyage First Aid Antitick\"}]},{\"@type\":\"WebSite\",\"@id\":\"https:\/\/xstyle.md\/#website\",\"url\":\"https:\/\/xstyle.md\/\",\"name\":\"\u041c\u0430\u0433\u0430\u0437\u0438\u043d Xstyle\",\"description\":\"C\u043d\u0430\u0440\u044f\u0436\u0435\u043d\u0438\u0435 \u0434\u043b\u044f \u0442\u0443\u0440\u0438\u0437\u043c\u0430 \u0438 \u044d\u043a\u0441\u0442\u0440\u0435\u043c\u0430\u043b\u044c\u043d\u044b\u0445 \u0432\u0438\u0434\u043e\u0432 \u0441\u043f\u043e\u0440\u0442\u0430 \u0432 \u041c\u043e\u043b\u0434\u043e\u0432\u0435.. \u0426\u0435\u043d\u044b, \u0444\u043e\u0442\u043e, \u0445\u0430\u0440\u0430\u043a\u0442\u0435\u0440\u0438\u0441\u0442\u0438\u043a\u0438 \u0432 \u041c\u043e\u043b\u0434\u043e\u0432\u0435.\",\"publisher\":{\"@id\":\"https:\/\/xstyle.md\/#organization\"},\"alternateName\":\"X-Style\",\"potentialAction\":[{\"@type\":\"SearchAction\",\"target\":{\"@type\":\"EntryPoint\",\"urlTemplate\":\"https:\/\/xstyle.md\/?s={search_term_string}\"},\"query-input\":{\"@type\":\"PropertyValueSpecification\",\"valueRequired\":true,\"valueName\":\"search_term_string\"}}],\"inLanguage\":\"ro-RO\"},{\"@type\":\"Organization\",\"@id\":\"https:\/\/xstyle.md\/#organization\",\"name\":\"\u041c\u0430\u0433\u0430\u0437\u0438\u043d Xstyle\",\"alternateName\":\"x-style\",\"url\":\"https:\/\/xstyle.md\/\",\"logo\":{\"@type\":\"ImageObject\",\"inLanguage\":\"ro-RO\",\"@id\":\"https:\/\/xstyle.md\/#\/schema\/logo\/image\/\",\"url\":\"https:\/\/xstyle.md\/wp-content\/uploads\/2020\/06\/logoicon.svg\",\"contentUrl\":\"https:\/\/xstyle.md\/wp-content\/uploads\/2020\/06\/logoicon.svg\",\"caption\":\"\u041c\u0430\u0433\u0430\u0437\u0438\u043d Xstyle\"},\"image\":{\"@id\":\"https:\/\/xstyle.md\/#\/schema\/logo\/image\/\"},\"sameAs\":[\"https:\/\/www.facebook.com\/xstylemd\",\"https:\/\/www.instagram.com\/xstyle_md\/\",\"https:\/\/t.me\/xstyle_outdoor\"],\"hasMerchantReturnPolicy\":{\"@type\":\"MerchantReturnPolicy\",\"merchantReturnLink\":\"https:\/\/xstyle.md\/ro\/conditions\/\"}}]}<\/script>\n<meta property=\"product:price:amount\" content=\"395.00\" \/>\n<meta property=\"product:price:currency\" content=\"MDL\" \/>\n<meta property=\"og:availability\" content=\"instock\" \/>\n<meta property=\"product:availability\" content=\"instock\" \/>\n<meta property=\"product:retailer_item_id\" content=\"604375004092\" \/>\n<meta property=\"product:condition\" content=\"new\" \/>\n<!-- \/ Yoast SEO plugin. -->","yoast_head_json":{"title":"Trus\u0103 prim ajutor Pharmavoyage First Aid Antitick - Magazin Xstyle","description":"Trusa de prim ajutor Pharmavoyage First Aid Antitick \u2014 ajutor gata \u00eempotriva mu\u0219c\u0103turilor de c\u0103pu\u0219e! Ideal\u0103 pentru persoanele active \u00een natur\u0103, inclusiv turi\u0219ti \u0219i v\u00e2n\u0103tori.","robots":{"index":"index","follow":"follow","max-snippet":"max-snippet:-1","max-image-preview":"max-image-preview:large","max-video-preview":"max-video-preview:-1"},"canonical":"https:\/\/xstyle.md\/ro\/produs\/aptechka-pharmavoyage-first-aid-antitick\/","og_locale":"ro_RO","og_type":"article","og_title":"\u0410\u043f\u0442\u0435\u0447\u043a\u0430 Pharmavoyage First Aid Antitick - \u041c\u0430\u0433\u0430\u0437\u0438\u043d Xstyle","og_description":"\u0410\u043f\u0442\u0435\u0447\u043a\u0430 Pharmavoyage First Aid Antitick \u2014 \u0433\u043e\u0442\u043e\u0432\u0430\u044f \u043f\u043e\u043c\u043e\u0449\u044c \u043f\u0440\u043e\u0442\u0438\u0432 \u0443\u043a\u0443\u0441\u043e\u0432 \u043a\u043b\u0435\u0449\u0435\u0439! \u0418\u0434\u0435\u0430\u043b\u044c\u043d\u0430 \u0434\u043b\u044f \u0430\u043a\u0442\u0438\u0432\u043d\u044b\u0445 \u043b\u044e\u0434\u0435\u0439 \u043d\u0430 \u043f\u0440\u0438\u0440\u043e\u0434\u0435, \u0432\u043a\u043b\u044e\u0447\u0430\u044f \u0442\u0443\u0440\u0438\u0441\u0442\u043e\u0432 \u0438 \u043e\u0445\u043e\u0442\u043d\u0438\u043a\u043e\u0432.","og_url":"https:\/\/xstyle.md\/ro\/produs\/aptechka-pharmavoyage-first-aid-antitick\/","og_site_name":"\u041c\u0430\u0433\u0430\u0437\u0438\u043d Xstyle","article_publisher":"https:\/\/www.facebook.com\/xstylemd","article_modified_time":"2024-10-02T22:27:44+00:00","og_image":[{"width":1105,"height":1059,"url":"https:\/\/xstyle.md\/wp-content\/uploads\/2023\/11\/pharmavoyage-first-aid-antitick.jpg","type":"image\/jpeg"}],"twitter_card":"summary_large_image","twitter_misc":{"Pre\u021b":"395&nbsp;MDL","Disponibilitate":"\u00cen stoc"},"schema":{"@context":"https:\/\/schema.org","@graph":[{"@type":"WebPage","@id":"https:\/\/xstyle.md\/product\/aptechka-pharmavoyage-first-aid-antitick\/","url":"https:\/\/xstyle.md\/product\/aptechka-pharmavoyage-first-aid-antitick\/","name":"Trus\u0103 prim ajutor Pharmavoyage First Aid Antitick - Magazin Xstyle","isPartOf":{"@id":"https:\/\/xstyle.md\/#website"},"primaryImageOfPage":{"@id":"https:\/\/xstyle.md\/product\/aptechka-pharmavoyage-first-aid-antitick\/#primaryimage"},"image":{"@id":"https:\/\/xstyle.md\/product\/aptechka-pharmavoyage-first-aid-antitick\/#primaryimage"},"thumbnailUrl":"https:\/\/xstyle.md\/wp-content\/uploads\/2023\/11\/pharmavoyage-first-aid-antitick.jpg","datePublished":"2023-11-08T14:46:01+00:00","dateModified":"2024-10-02T22:27:44+00:00","description":"Trusa de prim ajutor Pharmavoyage First Aid Antitick \u2014 ajutor gata \u00eempotriva mu\u0219c\u0103turilor de c\u0103pu\u0219e! Ideal\u0103 pentru persoanele active \u00een natur\u0103, inclusiv turi\u0219ti \u0219i v\u00e2n\u0103tori.","breadcrumb":{"@id":"https:\/\/xstyle.md\/product\/aptechka-pharmavoyage-first-aid-antitick\/#breadcrumb"},"inLanguage":"ro-RO","potentialAction":[{"@type":"ReadAction","target":["https:\/\/xstyle.md\/product\/aptechka-pharmavoyage-first-aid-antitick\/"]}]},{"@type":"ImageObject","inLanguage":"ro-RO","@id":"https:\/\/xstyle.md\/product\/aptechka-pharmavoyage-first-aid-antitick\/#primaryimage","url":"https:\/\/xstyle.md\/wp-content\/uploads\/2023\/11\/pharmavoyage-first-aid-antitick.jpg","contentUrl":"https:\/\/xstyle.md\/wp-content\/uploads\/2023\/11\/pharmavoyage-first-aid-antitick.jpg","width":1105,"height":1059,"caption":"\u0410\u043f\u0442\u0435\u0447\u043a\u0430 Pharmavoyage \u0434\u043b\u044f \u0430\u043a\u0442\u0438\u0432\u043d\u043e\u0433\u043e \u043e\u0442\u0434\u044b\u0445\u0430, \u043f\u0443\u0442\u0435\u0448\u0435\u0441\u0442\u0432\u0438\u0439 \u0438 \u043f\u043e\u0445\u043e\u0434\u043e\u0432 \u043d\u0430 \u043f\u0440\u0438\u0440\u043e\u0434\u0435, \u0441\u0440\u0435\u0434\u0441\u0442\u0432\u0430 \u043f\u0435\u0440\u0432\u043e\u0439 \u043f\u043e\u043c\u043e\u0449\u0438 \u0434\u043b\u044f \u0442\u0443\u0440\u0438\u0441\u0442\u043e\u0432, \u044d\u043a\u0438\u043f\u0438\u0440\u043e\u0432\u043a\u0430 \u0434\u043b\u044f \u043f\u0430\u043b\u044c\u0446\u0435\u043b\u0435 \u0438 \u0430\u043a\u0442\u0438\u0432\u043d\u043e\u0433\u043e \u043e\u0431\u0440\u0430\u0437\u0430 \u0436\u0438\u0437\u043d\u0438"},{"@type":"BreadcrumbList","@id":"https:\/\/xstyle.md\/product\/aptechka-pharmavoyage-first-aid-antitick\/#breadcrumb","itemListElement":[{"@type":"ListItem","position":1,"name":"\u0413\u043b\u0430\u0432\u043d\u0430\u044f \u0441\u0442\u0440\u0430\u043d\u0438\u0446\u0430","item":"https:\/\/xstyle.md\/"},{"@type":"ListItem","position":2,"name":"\u041c\u0430\u0433\u0430\u0437\u0438\u043d","item":"https:\/\/xstyle.md\/shop\/"},{"@type":"ListItem","position":3,"name":"\u0410\u043f\u0442\u0435\u0447\u043a\u0430 Pharmavoyage First Aid Antitick"}]},{"@type":"WebSite","@id":"https:\/\/xstyle.md\/#website","url":"https:\/\/xstyle.md\/","name":"Magazinul X-Style","description":"Echipamente pentru turism \u0219i sporturi extreme \u00een Moldova. Pre\u021buri, fotografii, caracteristici \u00een Moldova.","publisher":{"@id":"https:\/\/xstyle.md\/#organization"},"alternateName":"X-Style","potentialAction":[{"@type":"SearchAction","target":{"@type":"EntryPoint","urlTemplate":"https:\/\/xstyle.md\/?s={search_term_string}"},"query-input":{"@type":"PropertyValueSpecification","valueRequired":true,"valueName":"search_term_string"}}],"inLanguage":"ro-RO"},{"@type":"Organization","@id":"https:\/\/xstyle.md\/#organization","name":"Magazinul X-Style","alternateName":"x-style","url":"https:\/\/xstyle.md\/","logo":{"@type":"ImageObject","inLanguage":"ro-RO","@id":"https:\/\/xstyle.md\/#\/schema\/logo\/image\/","url":"https:\/\/xstyle.md\/wp-content\/uploads\/2020\/06\/logoicon.svg","contentUrl":"https:\/\/xstyle.md\/wp-content\/uploads\/2020\/06\/logoicon.svg","caption":"\u041c\u0430\u0433\u0430\u0437\u0438\u043d Xstyle"},"image":{"@id":"https:\/\/xstyle.md\/#\/schema\/logo\/image\/"},"sameAs":["https:\/\/www.facebook.com\/xstylemd","https:\/\/www.instagram.com\/xstyle_md\/","https:\/\/t.me\/xstyle_outdoor"],"hasMerchantReturnPolicy":{"@type":"MerchantReturnPolicy","merchantReturnLink":"https:\/\/xstyle.md\/ro\/conditions\/"}}]},"product_price_amount":"395.00","product_price_currency":"MDL","og_availability":"instock","product_availability":"instock","product_retailer_item_id":"604375004092","product_condition":"new"},"post_mailing_queue_ids":[],"_links":{"self":[{"href":"https:\/\/xstyle.md\/ro\/wp-json\/wp\/v2\/product\/75469","targetHints":{"allow":["GET"]}}],"collection":[{"href":"https:\/\/xstyle.md\/ro\/wp-json\/wp\/v2\/product"}],"about":[{"href":"https:\/\/xstyle.md\/ro\/wp-json\/wp\/v2\/types\/product"}],"replies":[{"embeddable":true,"href":"https:\/\/xstyle.md\/ro\/wp-json\/wp\/v2\/comments?post=75469"}],"wp:featuredmedia":[{"embeddable":true,"href":"https:\/\/xstyle.md\/ro\/wp-json\/wp\/v2\/media\/75720"}],"wp:attachment":[{"href":"https:\/\/xstyle.md\/ro\/wp-json\/wp\/v2\/media?parent=75469"}],"wp:term":[{"taxonomy":"product_brand","embeddable":true,"href":"https:\/\/xstyle.md\/ro\/wp-json\/wp\/v2\/product_brand?post=75469"},{"taxonomy":"product_cat","embeddable":true,"href":"https:\/\/xstyle.md\/ro\/wp-json\/wp\/v2\/product_cat?post=75469"},{"taxonomy":"product_tag","embeddable":true,"href":"https:\/\/xstyle.md\/ro\/wp-json\/wp\/v2\/product_tag?post=75469"}],"curies":[{"name":"wp","href":"https:\/\/api.w.org\/{rel}","templated":true}]}}