{"id":75463,"date":"2023-11-08T17:46:00","date_gmt":"2023-11-08T14:46:00","guid":{"rendered":"https:\/\/xstyle.md\/?post_type=product&#038;p=75463"},"modified":"2026-03-09T18:36:16","modified_gmt":"2026-03-09T15:36:16","slug":"perchatki-ctr-dri-release-merino-liner-027-silver-smart-touch","status":"publish","type":"product","link":"https:\/\/xstyle.md\/ro\/produs\/perchatki-ctr-dri-release-merino-liner-027-silver-smart-touch\/","title":{"rendered":"M\u0103nu\u0219i lainer CTR Dri-Release Merino Liner 027 silver smart touch"},"content":{"rendered":"<p><\/p>\n<p><strong>CTR Dri-Release Merino Liner 027 silver smart touch<\/strong> &#8212; m\u0103nu\u0219i u\u0219oare \u0219i confortabile, ideale pentru purtarea zilnic\u0103 \u0219i activit\u0103\u021bi sportive. Materialul elastic protejeaz\u0103 eficient degetele \u00eempotriva frigului, fiind \u00een acela\u0219i timp durabil \u0219i rezistent la uzur\u0103. Se spal\u0103 u\u0219or, nu se decoloreaz\u0103 \u0219i se usuc\u0103 rapid. M\u0103nu\u0219ile sunt realizate cu o aten\u021bie deosebit\u0103 la detalii, men\u021bin\u00e2nd \u00eencheieturile la c\u0103ldur\u0103 \u0219i permi\u021b\u00e2ndu-v\u0103 s\u0103 v\u0103 concentra\u021bi pe activitatea preferat\u0103, f\u0103r\u0103 a fi distra\u0219i de temperaturile sc\u0103zute.<\/p>\n<h3>Particularit\u0103\u021bi<\/h3>\n<ul>\n<li>Ideale pentru suprapunere &#8212; pot fi purtate sub m\u0103nu\u0219ile de schi sau de trekking pentru un plus de c\u0103ldur\u0103<\/li>\n<li>Smart Touch &#8212; compatibile cu ecranele tactile ale telefoanelor<\/li>\n<li>Detalii reflectorizante &#8212; \u00eembun\u0103t\u0103\u021besc vizibilitatea \u00een orice condi\u021bii de luminozitate<\/li>\n<li>Gestionarea umidit\u0103\u021bii &#8212; propriet\u0103\u021bi excelente de absorb\u021bie \u0219i eliminare a transpira\u021biei de pe piele datorit\u0103 tehnologiei Dri-Release<\/li>\n<\/ul>\n<h3>Caracteristici<\/h3>\n<ul>\n<li>Material &#8212; 83% acril, 11% l\u00e2n\u0103 Merino, 6% elastan<\/li>\n<li>Model &#8212; unisex<\/li>\n<\/ul>\n<h3>Tehnologii<\/h3>\n<ul>\n<li><strong>L\u00e2na Merino<\/strong> &#8212; este l\u00e2na oilor australiene din rasa Merino, care posed\u0103 caracteristici unice. Este un material natural, extrem de moale, al c\u0103rui centru al fibrei este higroscopic. Acest material men\u021bine c\u0103ldura chiar \u0219i atunci c\u00e2nd este umed \u0219i izoleaz\u0103 umiditatea de piele. Aceast\u0103 tehnologie ajut\u0103 la rezisten\u021ba \u00eempotriva temperaturilor foarte sc\u0103zute. Datorit\u0103 lungimii mari (65-100 mm) \u0219i diametrului mic (sub 24 microni), firul ob\u021binut este foarte sub\u021bire, iar materialul \u00een sine are indicatori excelen\u021bi de termoreglare \u0219i de eliminare a transpira\u021biei, permi\u021b\u00e2nd pielii s\u0103 respire.<\/li>\n<\/ul>\n<h3><\/h3>\n<h3>Marca<\/h3>\n<p>CTR - este un brand canadian renumit pentru solu\u021biile sale inovatoare \u00een domeniul accesoriilor \u0219i al articolelor de acoperit capul, concepute pentru protec\u021bie \u00eempotriva intemperiilor. Gama CTR (Cold Terrain Response) se concentreaz\u0103 pe func\u021bionalitate \u0219i tehnologie, oferind accesorii u\u0219oare, respirabile \u0219i elastice, ideale at\u00e2t pentru sportul de performan\u021b\u0103, c\u00e2t \u0219i pentru utilizarea zilnic\u0103 \u00een condi\u021bii de iarn\u0103 aspre.<\/p>","protected":false},"excerpt":{"rendered":"<p>\u0411\u0440\u0435\u043d\u0434 CTR \u2014 \u044d\u0442\u043e \u043a\u0430\u043d\u0430\u0434\u0441\u043a\u0438\u0439 \u0431\u0440\u0435\u043d\u0434, \u0438\u0437\u0432\u0435\u0441\u0442\u043d\u044b\u0439 \u0441\u0432\u043e\u0438\u043c\u0438 \u0438\u043d\u043d\u043e\u0432\u0430\u0446\u0438\u043e\u043d\u043d\u044b\u043c\u0438 \u0440\u0435\u0448\u0435\u043d\u0438\u044f\u043c\u0438 \u0432 \u043e\u0431\u043b\u0430\u0441\u0442\u0438 \u0433\u043e\u043b\u043e\u0432\u043d\u044b\u0445 \u0443\u0431\u043e\u0440\u043e\u0432 \u0438 \u0430\u043a\u0441\u0435\u0441\u0441\u0443\u0430\u0440\u043e\u0432 \u0434\u043b\u044f \u0437\u0430\u0449\u0438\u0442\u044b \u043e\u0442 \u043d\u0435\u043f\u043e\u0433\u043e\u0434\u044b. \u041b\u0438\u043d\u0435\u0439\u043a\u0430 CTR (Cold Terrain Response) \u0444\u043e\u043a\u0443\u0441\u0438\u0440\u0443\u0435\u0442\u0441\u044f \u043d\u0430 \u0444\u0443\u043d\u043a\u0446\u0438\u043e\u043d\u0430\u043b\u044c\u043d\u043e\u0441\u0442\u0438 \u0438 \u0442\u0435\u0445\u043d\u043e\u043b\u043e\u0433\u0438\u0447\u043d\u043e\u0441\u0442\u0438, \u043f\u0440\u0435\u0434\u043b\u0430\u0433\u0430\u044f \u043b\u0435\u0433\u043a\u0438\u0435, \u0434\u044b\u0448\u0430\u0449\u0438\u0435 \u0438 \u044d\u043b\u0430\u0441\u0442\u0438\u0447\u043d\u044b\u0435 \u0430\u043a\u0441\u0435\u0441\u0441\u0443\u0430\u0440\u044b, \u043a\u043e\u0442\u043e\u0440\u044b\u0435 \u0438\u0434\u0435\u0430\u043b\u044c\u043d\u043e \u043f\u043e\u0434\u0445\u043e\u0434\u044f\u0442 \u043a\u0430\u043a \u0434\u043b\u044f \u043f\u0440\u043e\u0444\u0435\u0441\u0441\u0438\u043e\u043d\u0430\u043b\u044c\u043d\u043e\u0433\u043e \u0441\u043f\u043e\u0440\u0442\u0430, \u0442\u0430\u043a \u0438 \u0434\u043b\u044f \u043f\u043e\u0432\u0441\u0435\u0434\u043d\u0435\u0432\u043d\u043e\u0433\u043e \u0438\u0441\u043f\u043e\u043b\u044c\u0437\u043e\u0432\u0430\u043d\u0438\u044f \u0432 \u0441\u0443\u0440\u043e\u0432\u044b\u0445 \u0437\u0438\u043c\u043d\u0438\u0445 \u0443\u0441\u043b\u043e\u0432\u0438\u044f\u0445.<\/p>","protected":false},"featured_media":75644,"comment_status":"open","ping_status":"closed","template":"","meta":{"_acf_changed":false,"inline_featured_image":false},"product_brand":[1475],"product_cat":[867],"product_tag":[],"class_list":{"0":"post-75463","1":"product","2":"type-product","3":"status-publish","4":"has-post-thumbnail","6":"product_brand-ctr","7":"product_cat-liner-gloves","9":"first","10":"instock","11":"shipping-taxable","12":"purchasable","13":"product-type-simple"},"acf":[],"yoast_head":"<!-- This site is optimized with the Yoast SEO plugin v27.2 - https:\/\/yoast.com\/product\/yoast-seo-wordpress\/ -->\n<title>\u041f\u0435\u0440\u0447\u0430\u0442\u043a\u0438 CTR Dri-Release Merino Liner 027 silver smart touch - \u041c\u0430\u0433\u0430\u0437\u0438\u043d Xstyle<\/title>\n<meta name=\"description\" content=\"\u041f\u0435\u0440\u0447\u0430\u0442\u043a\u0438 CTR Dri-Release Merino Liner 027 \u0441 \u0441\u0435\u0440\u0435\u0431\u0440\u044f\u043d\u044b\u043c \u0441\u043c\u0430\u0440\u0442-\u0442\u0430\u0443\u043a\u043e\u043c: \u0438\u0434\u0435\u0430\u043b\u044c\u043d\u044b \u0434\u043b\u044f \u0445\u043e\u043b\u043e\u0434\u043d\u043e\u0439 \u043f\u043e\u0433\u043e\u0434\u044b. \u0423\u0434\u043e\u0431\u0441\u0442\u0432\u043e, \u0441\u0442\u0438\u043b\u044c \u0438 \u0442\u0435\u043f\u043b\u043e \u0432 \u043a\u0430\u0436\u0434\u043e\u0439 \u043f\u0430\u0440\u0435!\" \/>\n<meta name=\"robots\" content=\"index, follow, max-snippet:-1, max-image-preview:large, max-video-preview:-1\" \/>\n<link rel=\"canonical\" href=\"https:\/\/xstyle.md\/ro\/produs\/perchatki-ctr-dri-release-merino-liner-027-silver-smart-touch\/\" \/>\n<meta property=\"og:locale\" content=\"ro_RO\" \/>\n<meta property=\"og:type\" content=\"article\" \/>\n<meta property=\"og:title\" content=\"\u041f\u0435\u0440\u0447\u0430\u0442\u043a\u0438 CTR Dri-Release Merino Liner 027 silver smart touch - \u041c\u0430\u0433\u0430\u0437\u0438\u043d Xstyle\" \/>\n<meta property=\"og:description\" content=\"\u041f\u0435\u0440\u0447\u0430\u0442\u043a\u0438 CTR Dri-Release Merino Liner 027 \u0441 \u0441\u0435\u0440\u0435\u0431\u0440\u044f\u043d\u044b\u043c \u0441\u043c\u0430\u0440\u0442-\u0442\u0430\u0443\u043a\u043e\u043c: \u0438\u0434\u0435\u0430\u043b\u044c\u043d\u044b \u0434\u043b\u044f \u0445\u043e\u043b\u043e\u0434\u043d\u043e\u0439 \u043f\u043e\u0433\u043e\u0434\u044b. \u0423\u0434\u043e\u0431\u0441\u0442\u0432\u043e, \u0441\u0442\u0438\u043b\u044c \u0438 \u0442\u0435\u043f\u043b\u043e \u0432 \u043a\u0430\u0436\u0434\u043e\u0439 \u043f\u0430\u0440\u0435!\" \/>\n<meta property=\"og:url\" content=\"https:\/\/xstyle.md\/ro\/produs\/perchatki-ctr-dri-release-merino-liner-027-silver-smart-touch\/\" \/>\n<meta property=\"og:site_name\" content=\"\u041c\u0430\u0433\u0430\u0437\u0438\u043d Xstyle\" \/>\n<meta property=\"article:publisher\" content=\"https:\/\/www.facebook.com\/xstylemd\" \/>\n<meta property=\"article:modified_time\" content=\"2026-03-09T15:36:16+00:00\" \/>\n<meta property=\"og:image\" content=\"https:\/\/xstyle.md\/wp-content\/uploads\/2023\/11\/ctr-dri-release-merino-liner-027-silver-smart-touch.jpg\" \/>\n\t<meta property=\"og:image:width\" content=\"753\" \/>\n\t<meta property=\"og:image:height\" content=\"750\" \/>\n\t<meta property=\"og:image:type\" content=\"image\/jpeg\" \/>\n<meta name=\"twitter:card\" content=\"summary_large_image\" \/>\n<meta name=\"twitter:label1\" content=\"Pre\u021b\" \/>\n\t<meta name=\"twitter:data1\" content=\"495&nbsp;MDL\" \/>\n\t<meta name=\"twitter:label2\" content=\"Disponibilitate\" \/>\n\t<meta name=\"twitter:data2\" content=\"\u00cen stoc\" \/>\n<script type=\"application\/ld+json\" class=\"yoast-schema-graph\">{\"@context\":\"https:\/\/schema.org\",\"@graph\":[{\"@type\":\"WebPage\",\"@id\":\"https:\/\/xstyle.md\/product\/perchatki-ctr-dri-release-merino-liner-027-silver-smart-touch\/\",\"url\":\"https:\/\/xstyle.md\/product\/perchatki-ctr-dri-release-merino-liner-027-silver-smart-touch\/\",\"name\":\"\u041f\u0435\u0440\u0447\u0430\u0442\u043a\u0438 CTR Dri-Release Merino Liner 027 silver smart touch - \u041c\u0430\u0433\u0430\u0437\u0438\u043d Xstyle\",\"isPartOf\":{\"@id\":\"https:\/\/xstyle.md\/#website\"},\"primaryImageOfPage\":{\"@id\":\"https:\/\/xstyle.md\/product\/perchatki-ctr-dri-release-merino-liner-027-silver-smart-touch\/#primaryimage\"},\"image\":{\"@id\":\"https:\/\/xstyle.md\/product\/perchatki-ctr-dri-release-merino-liner-027-silver-smart-touch\/#primaryimage\"},\"thumbnailUrl\":\"https:\/\/xstyle.md\/wp-content\/uploads\/2023\/11\/ctr-dri-release-merino-liner-027-silver-smart-touch.jpg\",\"datePublished\":\"2023-11-08T14:46:00+00:00\",\"dateModified\":\"2026-03-09T15:36:16+00:00\",\"description\":\"\u041f\u0435\u0440\u0447\u0430\u0442\u043a\u0438 CTR Dri-Release Merino Liner 027 \u0441 \u0441\u0435\u0440\u0435\u0431\u0440\u044f\u043d\u044b\u043c \u0441\u043c\u0430\u0440\u0442-\u0442\u0430\u0443\u043a\u043e\u043c: \u0438\u0434\u0435\u0430\u043b\u044c\u043d\u044b \u0434\u043b\u044f \u0445\u043e\u043b\u043e\u0434\u043d\u043e\u0439 \u043f\u043e\u0433\u043e\u0434\u044b. \u0423\u0434\u043e\u0431\u0441\u0442\u0432\u043e, \u0441\u0442\u0438\u043b\u044c \u0438 \u0442\u0435\u043f\u043b\u043e \u0432 \u043a\u0430\u0436\u0434\u043e\u0439 \u043f\u0430\u0440\u0435!\",\"breadcrumb\":{\"@id\":\"https:\/\/xstyle.md\/product\/perchatki-ctr-dri-release-merino-liner-027-silver-smart-touch\/#breadcrumb\"},\"inLanguage\":\"ro-RO\",\"potentialAction\":[{\"@type\":\"ReadAction\",\"target\":[\"https:\/\/xstyle.md\/product\/perchatki-ctr-dri-release-merino-liner-027-silver-smart-touch\/\"]}]},{\"@type\":\"ImageObject\",\"inLanguage\":\"ro-RO\",\"@id\":\"https:\/\/xstyle.md\/product\/perchatki-ctr-dri-release-merino-liner-027-silver-smart-touch\/#primaryimage\",\"url\":\"https:\/\/xstyle.md\/wp-content\/uploads\/2023\/11\/ctr-dri-release-merino-liner-027-silver-smart-touch.jpg\",\"contentUrl\":\"https:\/\/xstyle.md\/wp-content\/uploads\/2023\/11\/ctr-dri-release-merino-liner-027-silver-smart-touch.jpg\",\"width\":753,\"height\":750,\"caption\":\"\u041f\u0435\u0440\u0447\u0430\u0442\u043a\u0438 \u0434\u043b\u044f \u0430\u043a\u0442\u0438\u0432\u043d\u043e\u0433\u043e \u043e\u0442\u0434\u044b\u0445\u0430 CTR Dri-Release Merino Liner 027 \u0441\u0435\u0440\u0435\u0431\u0440\u0438\u0441\u0442\u044b\u0435 \u0441 \u0441\u0435\u043d\u0441\u043e\u0440\u043d\u044b\u043c \u044d\u043a\u0440\u0430\u043d\u043e\u043c \u0434\u043b\u044f \u0441\u043f\u043e\u0440\u0442\u0430, \u0442\u0443\u0440\u0438\u0437\u043c\u0430 \u0438 \u0430\u043b\u044c\u043f\u0438\u043d\u0438\u0437\u043c\u0430 \u0432 \u043e\u043d\u043b\u0430\u0439\u043d \u043c\u0430\u0433\u0430\u0437\u0438\u043d\u0435 \u043e\u0434\u0435\u0436\u0434\u044b \u0438 \u043e\u0431\u0443\u0432\u0438 \u0434\u043b\u044f \u0430\u043a\u0442\u0438\u0432\u043d\u043e\u0439 \u0436\u0438\u0437\u043d\u0438\"},{\"@type\":\"BreadcrumbList\",\"@id\":\"https:\/\/xstyle.md\/product\/perchatki-ctr-dri-release-merino-liner-027-silver-smart-touch\/#breadcrumb\",\"itemListElement\":[{\"@type\":\"ListItem\",\"position\":1,\"name\":\"\u0413\u043b\u0430\u0432\u043d\u0430\u044f \u0441\u0442\u0440\u0430\u043d\u0438\u0446\u0430\",\"item\":\"https:\/\/xstyle.md\/\"},{\"@type\":\"ListItem\",\"position\":2,\"name\":\"\u041c\u0430\u0433\u0430\u0437\u0438\u043d\",\"item\":\"https:\/\/xstyle.md\/shop\/\"},{\"@type\":\"ListItem\",\"position\":3,\"name\":\"\u041f\u0435\u0440\u0447\u0430\u0442\u043a\u0438 CTR Dri-Release Merino Liner 027 silver smart touch\"}]},{\"@type\":\"WebSite\",\"@id\":\"https:\/\/xstyle.md\/#website\",\"url\":\"https:\/\/xstyle.md\/\",\"name\":\"\u041c\u0430\u0433\u0430\u0437\u0438\u043d Xstyle\",\"description\":\"C\u043d\u0430\u0440\u044f\u0436\u0435\u043d\u0438\u0435 \u0434\u043b\u044f \u0442\u0443\u0440\u0438\u0437\u043c\u0430 \u0438 \u044d\u043a\u0441\u0442\u0440\u0435\u043c\u0430\u043b\u044c\u043d\u044b\u0445 \u0432\u0438\u0434\u043e\u0432 \u0441\u043f\u043e\u0440\u0442\u0430 \u0432 \u041c\u043e\u043b\u0434\u043e\u0432\u0435.. \u0426\u0435\u043d\u044b, \u0444\u043e\u0442\u043e, \u0445\u0430\u0440\u0430\u043a\u0442\u0435\u0440\u0438\u0441\u0442\u0438\u043a\u0438 \u0432 \u041c\u043e\u043b\u0434\u043e\u0432\u0435.\",\"publisher\":{\"@id\":\"https:\/\/xstyle.md\/#organization\"},\"alternateName\":\"X-Style\",\"potentialAction\":[{\"@type\":\"SearchAction\",\"target\":{\"@type\":\"EntryPoint\",\"urlTemplate\":\"https:\/\/xstyle.md\/?s={search_term_string}\"},\"query-input\":{\"@type\":\"PropertyValueSpecification\",\"valueRequired\":true,\"valueName\":\"search_term_string\"}}],\"inLanguage\":\"ro-RO\"},{\"@type\":\"Organization\",\"@id\":\"https:\/\/xstyle.md\/#organization\",\"name\":\"\u041c\u0430\u0433\u0430\u0437\u0438\u043d Xstyle\",\"alternateName\":\"x-style\",\"url\":\"https:\/\/xstyle.md\/\",\"logo\":{\"@type\":\"ImageObject\",\"inLanguage\":\"ro-RO\",\"@id\":\"https:\/\/xstyle.md\/#\/schema\/logo\/image\/\",\"url\":\"https:\/\/xstyle.md\/wp-content\/uploads\/2020\/06\/logoicon.svg\",\"contentUrl\":\"https:\/\/xstyle.md\/wp-content\/uploads\/2020\/06\/logoicon.svg\",\"caption\":\"\u041c\u0430\u0433\u0430\u0437\u0438\u043d Xstyle\"},\"image\":{\"@id\":\"https:\/\/xstyle.md\/#\/schema\/logo\/image\/\"},\"sameAs\":[\"https:\/\/www.facebook.com\/xstylemd\",\"https:\/\/www.instagram.com\/xstyle_md\/\",\"https:\/\/t.me\/xstyle_outdoor\"],\"hasMerchantReturnPolicy\":{\"@type\":\"MerchantReturnPolicy\",\"merchantReturnLink\":\"https:\/\/xstyle.md\/ro\/conditions\/\"}}]}<\/script>\n<meta property=\"product:price:amount\" content=\"495.00\" \/>\n<meta property=\"product:price:currency\" content=\"MDL\" \/>\n<meta property=\"og:availability\" content=\"instock\" \/>\n<meta property=\"product:availability\" content=\"instock\" \/>\n<meta property=\"product:retailer_item_id\" content=\"59366119017\" \/>\n<meta property=\"product:condition\" content=\"new\" \/>\n<!-- \/ Yoast SEO plugin. -->","yoast_head_json":{"title":"M\u0103nu\u0219i CTR Dri-Release Merino Liner 027 silver smart touch - Magazin Xstyle","description":"M\u0103nu\u0219ile CTR Dri-Release Merino Liner 027 cu smart-touk argintie: ideale pentru vreme rece. Confort, stil \u0219i c\u0103ldur\u0103 \u00een fiecare pereche!","robots":{"index":"index","follow":"follow","max-snippet":"max-snippet:-1","max-image-preview":"max-image-preview:large","max-video-preview":"max-video-preview:-1"},"canonical":"https:\/\/xstyle.md\/ro\/produs\/perchatki-ctr-dri-release-merino-liner-027-silver-smart-touch\/","og_locale":"ro_RO","og_type":"article","og_title":"\u041f\u0435\u0440\u0447\u0430\u0442\u043a\u0438 CTR Dri-Release Merino Liner 027 silver smart touch - \u041c\u0430\u0433\u0430\u0437\u0438\u043d Xstyle","og_description":"\u041f\u0435\u0440\u0447\u0430\u0442\u043a\u0438 CTR Dri-Release Merino Liner 027 \u0441 \u0441\u0435\u0440\u0435\u0431\u0440\u044f\u043d\u044b\u043c \u0441\u043c\u0430\u0440\u0442-\u0442\u0430\u0443\u043a\u043e\u043c: \u0438\u0434\u0435\u0430\u043b\u044c\u043d\u044b \u0434\u043b\u044f \u0445\u043e\u043b\u043e\u0434\u043d\u043e\u0439 \u043f\u043e\u0433\u043e\u0434\u044b. \u0423\u0434\u043e\u0431\u0441\u0442\u0432\u043e, \u0441\u0442\u0438\u043b\u044c \u0438 \u0442\u0435\u043f\u043b\u043e \u0432 \u043a\u0430\u0436\u0434\u043e\u0439 \u043f\u0430\u0440\u0435!","og_url":"https:\/\/xstyle.md\/ro\/produs\/perchatki-ctr-dri-release-merino-liner-027-silver-smart-touch\/","og_site_name":"\u041c\u0430\u0433\u0430\u0437\u0438\u043d Xstyle","article_publisher":"https:\/\/www.facebook.com\/xstylemd","article_modified_time":"2026-03-09T15:36:16+00:00","og_image":[{"width":753,"height":750,"url":"https:\/\/xstyle.md\/wp-content\/uploads\/2023\/11\/ctr-dri-release-merino-liner-027-silver-smart-touch.jpg","type":"image\/jpeg"}],"twitter_card":"summary_large_image","twitter_misc":{"Pre\u021b":"495&nbsp;MDL","Disponibilitate":"\u00cen stoc"},"schema":{"@context":"https:\/\/schema.org","@graph":[{"@type":"WebPage","@id":"https:\/\/xstyle.md\/product\/perchatki-ctr-dri-release-merino-liner-027-silver-smart-touch\/","url":"https:\/\/xstyle.md\/product\/perchatki-ctr-dri-release-merino-liner-027-silver-smart-touch\/","name":"M\u0103nu\u0219i CTR Dri-Release Merino Liner 027 silver smart touch - Magazin Xstyle","isPartOf":{"@id":"https:\/\/xstyle.md\/#website"},"primaryImageOfPage":{"@id":"https:\/\/xstyle.md\/product\/perchatki-ctr-dri-release-merino-liner-027-silver-smart-touch\/#primaryimage"},"image":{"@id":"https:\/\/xstyle.md\/product\/perchatki-ctr-dri-release-merino-liner-027-silver-smart-touch\/#primaryimage"},"thumbnailUrl":"https:\/\/xstyle.md\/wp-content\/uploads\/2023\/11\/ctr-dri-release-merino-liner-027-silver-smart-touch.jpg","datePublished":"2023-11-08T14:46:00+00:00","dateModified":"2026-03-09T15:36:16+00:00","description":"M\u0103nu\u0219ile CTR Dri-Release Merino Liner 027 cu smart-touk argintie: ideale pentru vreme rece. Confort, stil \u0219i c\u0103ldur\u0103 \u00een fiecare pereche!","breadcrumb":{"@id":"https:\/\/xstyle.md\/product\/perchatki-ctr-dri-release-merino-liner-027-silver-smart-touch\/#breadcrumb"},"inLanguage":"ro-RO","potentialAction":[{"@type":"ReadAction","target":["https:\/\/xstyle.md\/product\/perchatki-ctr-dri-release-merino-liner-027-silver-smart-touch\/"]}]},{"@type":"ImageObject","inLanguage":"ro-RO","@id":"https:\/\/xstyle.md\/product\/perchatki-ctr-dri-release-merino-liner-027-silver-smart-touch\/#primaryimage","url":"https:\/\/xstyle.md\/wp-content\/uploads\/2023\/11\/ctr-dri-release-merino-liner-027-silver-smart-touch.jpg","contentUrl":"https:\/\/xstyle.md\/wp-content\/uploads\/2023\/11\/ctr-dri-release-merino-liner-027-silver-smart-touch.jpg","width":753,"height":750,"caption":"\u041f\u0435\u0440\u0447\u0430\u0442\u043a\u0438 \u0434\u043b\u044f \u0430\u043a\u0442\u0438\u0432\u043d\u043e\u0433\u043e \u043e\u0442\u0434\u044b\u0445\u0430 CTR Dri-Release Merino Liner 027 \u0441\u0435\u0440\u0435\u0431\u0440\u0438\u0441\u0442\u044b\u0435 \u0441 \u0441\u0435\u043d\u0441\u043e\u0440\u043d\u044b\u043c \u044d\u043a\u0440\u0430\u043d\u043e\u043c \u0434\u043b\u044f \u0441\u043f\u043e\u0440\u0442\u0430, \u0442\u0443\u0440\u0438\u0437\u043c\u0430 \u0438 \u0430\u043b\u044c\u043f\u0438\u043d\u0438\u0437\u043c\u0430 \u0432 \u043e\u043d\u043b\u0430\u0439\u043d \u043c\u0430\u0433\u0430\u0437\u0438\u043d\u0435 \u043e\u0434\u0435\u0436\u0434\u044b \u0438 \u043e\u0431\u0443\u0432\u0438 \u0434\u043b\u044f \u0430\u043a\u0442\u0438\u0432\u043d\u043e\u0439 \u0436\u0438\u0437\u043d\u0438"},{"@type":"BreadcrumbList","@id":"https:\/\/xstyle.md\/product\/perchatki-ctr-dri-release-merino-liner-027-silver-smart-touch\/#breadcrumb","itemListElement":[{"@type":"ListItem","position":1,"name":"\u0413\u043b\u0430\u0432\u043d\u0430\u044f \u0441\u0442\u0440\u0430\u043d\u0438\u0446\u0430","item":"https:\/\/xstyle.md\/"},{"@type":"ListItem","position":2,"name":"\u041c\u0430\u0433\u0430\u0437\u0438\u043d","item":"https:\/\/xstyle.md\/shop\/"},{"@type":"ListItem","position":3,"name":"\u041f\u0435\u0440\u0447\u0430\u0442\u043a\u0438 CTR Dri-Release Merino Liner 027 silver smart touch"}]},{"@type":"WebSite","@id":"https:\/\/xstyle.md\/#website","url":"https:\/\/xstyle.md\/","name":"Magazinul X-Style","description":"Echipamente pentru turism \u0219i sporturi extreme \u00een Moldova. Pre\u021buri, fotografii, caracteristici \u00een Moldova.","publisher":{"@id":"https:\/\/xstyle.md\/#organization"},"alternateName":"X-Style","potentialAction":[{"@type":"SearchAction","target":{"@type":"EntryPoint","urlTemplate":"https:\/\/xstyle.md\/?s={search_term_string}"},"query-input":{"@type":"PropertyValueSpecification","valueRequired":true,"valueName":"search_term_string"}}],"inLanguage":"ro-RO"},{"@type":"Organization","@id":"https:\/\/xstyle.md\/#organization","name":"Magazinul X-Style","alternateName":"x-style","url":"https:\/\/xstyle.md\/","logo":{"@type":"ImageObject","inLanguage":"ro-RO","@id":"https:\/\/xstyle.md\/#\/schema\/logo\/image\/","url":"https:\/\/xstyle.md\/wp-content\/uploads\/2020\/06\/logoicon.svg","contentUrl":"https:\/\/xstyle.md\/wp-content\/uploads\/2020\/06\/logoicon.svg","caption":"\u041c\u0430\u0433\u0430\u0437\u0438\u043d Xstyle"},"image":{"@id":"https:\/\/xstyle.md\/#\/schema\/logo\/image\/"},"sameAs":["https:\/\/www.facebook.com\/xstylemd","https:\/\/www.instagram.com\/xstyle_md\/","https:\/\/t.me\/xstyle_outdoor"],"hasMerchantReturnPolicy":{"@type":"MerchantReturnPolicy","merchantReturnLink":"https:\/\/xstyle.md\/ro\/conditions\/"}}]},"product_price_amount":"495.00","product_price_currency":"MDL","og_availability":"instock","product_availability":"instock","product_retailer_item_id":"59366119017","product_condition":"new"},"post_mailing_queue_ids":[],"_links":{"self":[{"href":"https:\/\/xstyle.md\/ro\/wp-json\/wp\/v2\/product\/75463","targetHints":{"allow":["GET"]}}],"collection":[{"href":"https:\/\/xstyle.md\/ro\/wp-json\/wp\/v2\/product"}],"about":[{"href":"https:\/\/xstyle.md\/ro\/wp-json\/wp\/v2\/types\/product"}],"replies":[{"embeddable":true,"href":"https:\/\/xstyle.md\/ro\/wp-json\/wp\/v2\/comments?post=75463"}],"wp:featuredmedia":[{"embeddable":true,"href":"https:\/\/xstyle.md\/ro\/wp-json\/wp\/v2\/media\/75644"}],"wp:attachment":[{"href":"https:\/\/xstyle.md\/ro\/wp-json\/wp\/v2\/media?parent=75463"}],"wp:term":[{"taxonomy":"product_brand","embeddable":true,"href":"https:\/\/xstyle.md\/ro\/wp-json\/wp\/v2\/product_brand?post=75463"},{"taxonomy":"product_cat","embeddable":true,"href":"https:\/\/xstyle.md\/ro\/wp-json\/wp\/v2\/product_cat?post=75463"},{"taxonomy":"product_tag","embeddable":true,"href":"https:\/\/xstyle.md\/ro\/wp-json\/wp\/v2\/product_tag?post=75463"}],"curies":[{"name":"wp","href":"https:\/\/api.w.org\/{rel}","templated":true}]}}