{"id":75058,"date":"2023-10-25T14:40:56","date_gmt":"2023-10-25T11:40:56","guid":{"rendered":"https:\/\/xstyle.md\/?post_type=product&#038;p=75058"},"modified":"2026-03-19T17:15:20","modified_gmt":"2026-03-19T14:15:20","slug":"botinki-olang-brennero-tex-nero","status":"publish","type":"product","link":"https:\/\/xstyle.md\/ro\/produs\/botinki-olang-brennero-tex-nero\/","title":{"rendered":"Bocanci Olang Brennero Tex nero"},"content":{"rendered":"<\/p>\n<p><strong>Olang Brennero<\/strong> &#8212; bocanci de iarn\u0103 izolate realizate din piele impermeabil\u0103. Av\u00e2nd o structur\u0103 impecabil\u0103 din piele York cu izola\u021bie termic\u0103 Wintherm, Isowarm din 90% l\u00e2n\u0103 \u0219i folie argintie reflectorizant\u0103, cizmele Olang v\u0103 ofer\u0103 confort termic optim, rezisten\u021b\u0103 sporit\u0103 la ap\u0103, confort pe tot parcursul zilei \u0219i durabilitate. Talpa Vibram cu tehnologie XS Trek absoarbe \u0219ocurile, mai ales atunci c\u00e2nd te afli pe un traseu nou, necunoscut. De asemenea, este exact ceea ce ai nevoie \u00een condi\u021bii de iarn\u0103, datorit\u0103 trac\u021biunii \u0219i aderen\u021bei pe care le ofer\u0103. Purta\u021bi-i \u00een ora\u0219, la plimb\u0103ri u\u0219oare \u00een afara potecilor b\u0103t\u0103torite \u0219i bucura\u021bi-v\u0103 de iarn\u0103 la maxim.<\/p>\n<h3>Particularit\u0103\u021bi<\/h3>\n<ul>\n<li>Tehnologia Isowarm men\u021bine picioarele calde \u0219i uscate, izol\u00e2ndu-le de temperaturile exterioare pentru un confort maxim datorit\u0103 t\u0103lpilor termoformate din l\u00e2n\u0103 cu folie de aluminiu<\/li>\n<li>Talpa Vibram este fabricat\u0103 din cauciuc tenace care utilizeaz\u0103 tehnologia XS Trek, se muleaz\u0103 pe forma piciorului, permite fluxul de aer \u0219i absoarbe \u0219ocurile pentru confort de lung\u0103 durat\u0103<\/li>\n<li>Piciorul Isowarm este fabricat din 90% l\u00e2n\u0103 \u0219i are inser\u021bii argintii reflectorizante<\/li>\n<li>C\u0103ptu\u0219eala multistrat Wintherm ofer\u0103 rezisten\u021b\u0103 sporit\u0103 la ap\u0103, precum \u0219i respirabilitate \u00een picior.<\/li>\n<li>Inser\u021bii \u00een c\u0103lc\u00e2i pentru amortizare<\/li>\n<li>Material exterior durabil din piele York, respirabil \u0219i rezistent la ap\u0103<\/li>\n<li>C\u0103ptu\u0219eal\u0103 c\u0103lduroas\u0103 din blan\u0103 artificial\u0103<\/li>\n<\/ul>\n<h3>Caracteristici<\/h3>\n<ul>\n<li>Material principal &#8212; piele York<\/li>\n<li>C\u0103ptu\u0219eal\u0103 &#8212; blan\u0103 natural\u0103 Eco Shearling<\/li>\n<li>Talp\u0103 interioar\u0103 &#8212; Isowarm<\/li>\n<li>Talp\u0103 &#8212; Vibram\u00ae XS Trek<\/li>\n<li>Sezon &#8212; toamn\u0103\/iarn\u0103<\/li>\n<\/ul>\n<h3>Tehnologie<\/h3>\n<ul>\n<li><strong>Wintherm<\/strong>\u00ae &#8212; o izola\u021bie termic\u0103 activ\u0103 dezvoltat\u0103 de Olang. Construc\u021bia cu membran\u0103 \u00eempiedic\u0103 disiparea c\u0103ldurii, iar folia de aluminiu reflect\u0103 c\u0103ldura \u00eenapoi la surs\u0103. Izola\u021bie cu p\u00e2n\u0103 la 50% mai respirabil\u0103, cu tratament antibacterian permanent cu sare de argint, anti-static\u0103 \u0219i control climatic.<\/li>\n<li><strong>Vibram<\/strong>\u00ae <strong>XS Trek<\/strong> \u2014 talpa flexibil\u0103 ofer\u0103 flexibilitate \u0219i trac\u021biune excelente \u00een zonele umede. Talpa se muleaz\u0103 pe forma piciorului, permi\u021b\u00e2nd fluxul de aer \u0219i absorb\u021bia \u0219ocurilor pentru confort de lung\u0103 durat\u0103.<\/li>\n<li><strong>Isowarm<\/strong> &#8212; talp\u0103 interioar\u0103 fabricat\u0103 din fleece sintetic \u0219i fire de aluminiu pentru a v\u0103 men\u021bine c\u0103ldura \u0219i confortul \u00een cele mai dure condi\u021bii. Aceast\u0103 talp\u0103 are capacitatea de a men\u021bine confortul termic p\u00e2n\u0103 la -30 o C.<\/li>\n<\/ul>\n<h3>Marca<\/h3>\n<p>Compania italian\u0103 OLANG este unul dintre liderii \u00een produc\u021bia de \u00eenc\u0103l\u021b\u0103minte outdoor de \u00eenalt\u0103 calitate. Aceasta este specializat\u0103 \u00een \u00eenc\u0103l\u021b\u0103minte de iarn\u0103 pentru femei \u0219i b\u0103rba\u021bi \u0219i \u00een \u00eenc\u0103l\u021b\u0103minte de trekking pentru activit\u0103\u021bi \u00een aer liber. Una dintre principalele caracteristici ale \u00eenc\u0103l\u021b\u0103mintei este utilizarea tehnologiei pentru stabilitate maxim\u0103 pe suprafe\u021be \u00eenghe\u021bate.<\/p>\n<p>Olang ofer\u0103 confort \u0219i stil fiec\u0103rui client: durabile, u\u0219oare \u0219i concepute chiar \u0219i pentru cele mai fantastice situa\u021bii. Olang Spa a fost fondat\u0103 \u00een 1990 de Armando Sartor, care a proiectat \u00eenc\u0103l\u021b\u0103minte pentru Lotto \u0219i Tecnica Spa.<\/p>\n<p><\/p>","protected":false},"excerpt":{"rendered":"","protected":false},"featured_media":75106,"comment_status":"open","ping_status":"closed","template":"","meta":{"_acf_changed":false,"inline_featured_image":false},"product_brand":[1402],"product_cat":[146],"product_tag":[],"class_list":{"0":"post-75058","1":"product","2":"type-product","3":"status-publish","4":"has-post-thumbnail","6":"product_brand-olang","7":"product_cat-fall-winter","9":"first","10":"instock","11":"shipping-taxable","12":"purchasable","13":"product-type-simple"},"acf":[],"yoast_head":"<!-- This site is optimized with the Yoast SEO plugin v27.2 - https:\/\/yoast.com\/product\/yoast-seo-wordpress\/ -->\n<title>\u0411\u043e\u0442\u0438\u043d\u043a\u0438 Olang Brennero Tex nero - \u041c\u0430\u0433\u0430\u0437\u0438\u043d Xstyle<\/title>\n<meta name=\"description\" content=\"\u0411\u043e\u0442\u0438\u043d\u043a\u0438 Olang Brennero Tex nero \u0441 \u0438\u0437\u043e\u043b\u044f\u0446\u0438\u0435\u0439 Wintherm \u0438 Vibram XS Trek \u043e\u0431\u0435\u0441\u043f\u0435\u0447\u0438\u0432\u0430\u044e\u0442 \u043d\u0430\u0434\u0435\u0436\u043d\u0443\u044e \u0437\u0430\u0449\u0438\u0442\u0443 \u0438 \u043a\u043e\u043c\u0444\u043e\u0440\u0442 \u0432 \u0445\u043e\u043b\u043e\u0434\u043d\u0443\u044e \u043f\u043e\u0433\u043e\u0434\u0443. \u0418\u0434\u0435\u0430\u043b\u044c\u043d\u044b \u0434\u043b\u044f \u0437\u0438\u043c\u043d\u0438\u0445 \u043f\u0440\u043e\u0433\u0443\u043b\u043e\u043a!\" \/>\n<meta name=\"robots\" content=\"index, follow, max-snippet:-1, max-image-preview:large, max-video-preview:-1\" \/>\n<link rel=\"canonical\" href=\"https:\/\/xstyle.md\/ro\/produs\/botinki-olang-brennero-tex-nero\/\" \/>\n<meta property=\"og:locale\" content=\"ro_RO\" \/>\n<meta property=\"og:type\" content=\"article\" \/>\n<meta property=\"og:title\" content=\"\u0411\u043e\u0442\u0438\u043d\u043a\u0438 Olang Brennero Tex nero - \u041c\u0430\u0433\u0430\u0437\u0438\u043d Xstyle\" \/>\n<meta property=\"og:description\" content=\"\u0411\u043e\u0442\u0438\u043d\u043a\u0438 Olang Brennero Tex nero \u0441 \u0438\u0437\u043e\u043b\u044f\u0446\u0438\u0435\u0439 Wintherm \u0438 Vibram XS Trek \u043e\u0431\u0435\u0441\u043f\u0435\u0447\u0438\u0432\u0430\u044e\u0442 \u043d\u0430\u0434\u0435\u0436\u043d\u0443\u044e \u0437\u0430\u0449\u0438\u0442\u0443 \u0438 \u043a\u043e\u043c\u0444\u043e\u0440\u0442 \u0432 \u0445\u043e\u043b\u043e\u0434\u043d\u0443\u044e \u043f\u043e\u0433\u043e\u0434\u0443. \u0418\u0434\u0435\u0430\u043b\u044c\u043d\u044b \u0434\u043b\u044f \u0437\u0438\u043c\u043d\u0438\u0445 \u043f\u0440\u043e\u0433\u0443\u043b\u043e\u043a!\" \/>\n<meta property=\"og:url\" content=\"https:\/\/xstyle.md\/ro\/produs\/botinki-olang-brennero-tex-nero\/\" \/>\n<meta property=\"og:site_name\" content=\"\u041c\u0430\u0433\u0430\u0437\u0438\u043d Xstyle\" \/>\n<meta property=\"article:publisher\" content=\"https:\/\/www.facebook.com\/xstylemd\" \/>\n<meta property=\"article:modified_time\" content=\"2026-03-19T14:15:20+00:00\" \/>\n<meta property=\"og:image\" content=\"https:\/\/xstyle.md\/wp-content\/uploads\/2023\/10\/olang-brennero-tex-nero-scaled.jpg\" \/>\n\t<meta property=\"og:image:width\" content=\"1920\" \/>\n\t<meta property=\"og:image:height\" content=\"1832\" \/>\n\t<meta property=\"og:image:type\" content=\"image\/jpeg\" \/>\n<meta name=\"twitter:card\" content=\"summary_large_image\" \/>\n<meta name=\"twitter:label1\" content=\"Pre\u021b\" \/>\n\t<meta name=\"twitter:data1\" content=\"3.100&nbsp;MDL\" \/>\n\t<meta name=\"twitter:label2\" content=\"Disponibilitate\" \/>\n\t<meta name=\"twitter:data2\" content=\"\u00cen stoc\" \/>\n<script type=\"application\/ld+json\" class=\"yoast-schema-graph\">{\"@context\":\"https:\/\/schema.org\",\"@graph\":[{\"@type\":\"WebPage\",\"@id\":\"https:\/\/xstyle.md\/product\/botinki-olang-brennero-tex-nero\/\",\"url\":\"https:\/\/xstyle.md\/product\/botinki-olang-brennero-tex-nero\/\",\"name\":\"\u0411\u043e\u0442\u0438\u043d\u043a\u0438 Olang Brennero Tex nero - \u041c\u0430\u0433\u0430\u0437\u0438\u043d Xstyle\",\"isPartOf\":{\"@id\":\"https:\/\/xstyle.md\/#website\"},\"primaryImageOfPage\":{\"@id\":\"https:\/\/xstyle.md\/product\/botinki-olang-brennero-tex-nero\/#primaryimage\"},\"image\":{\"@id\":\"https:\/\/xstyle.md\/product\/botinki-olang-brennero-tex-nero\/#primaryimage\"},\"thumbnailUrl\":\"https:\/\/xstyle.md\/wp-content\/uploads\/2023\/10\/olang-brennero-tex-nero-scaled.jpg\",\"datePublished\":\"2023-10-25T11:40:56+00:00\",\"dateModified\":\"2026-03-19T14:15:20+00:00\",\"description\":\"\u0411\u043e\u0442\u0438\u043d\u043a\u0438 Olang Brennero Tex nero \u0441 \u0438\u0437\u043e\u043b\u044f\u0446\u0438\u0435\u0439 Wintherm \u0438 Vibram XS Trek \u043e\u0431\u0435\u0441\u043f\u0435\u0447\u0438\u0432\u0430\u044e\u0442 \u043d\u0430\u0434\u0435\u0436\u043d\u0443\u044e \u0437\u0430\u0449\u0438\u0442\u0443 \u0438 \u043a\u043e\u043c\u0444\u043e\u0440\u0442 \u0432 \u0445\u043e\u043b\u043e\u0434\u043d\u0443\u044e \u043f\u043e\u0433\u043e\u0434\u0443. \u0418\u0434\u0435\u0430\u043b\u044c\u043d\u044b \u0434\u043b\u044f \u0437\u0438\u043c\u043d\u0438\u0445 \u043f\u0440\u043e\u0433\u0443\u043b\u043e\u043a!\",\"breadcrumb\":{\"@id\":\"https:\/\/xstyle.md\/product\/botinki-olang-brennero-tex-nero\/#breadcrumb\"},\"inLanguage\":\"ro-RO\",\"potentialAction\":[{\"@type\":\"ReadAction\",\"target\":[\"https:\/\/xstyle.md\/product\/botinki-olang-brennero-tex-nero\/\"]}]},{\"@type\":\"ImageObject\",\"inLanguage\":\"ro-RO\",\"@id\":\"https:\/\/xstyle.md\/product\/botinki-olang-brennero-tex-nero\/#primaryimage\",\"url\":\"https:\/\/xstyle.md\/wp-content\/uploads\/2023\/10\/olang-brennero-tex-nero-scaled.jpg\",\"contentUrl\":\"https:\/\/xstyle.md\/wp-content\/uploads\/2023\/10\/olang-brennero-tex-nero-scaled.jpg\",\"width\":1920,\"height\":1832,\"caption\":\"\u0422\u0443\u0444\u043b\u0438 Olang Brennero Tex Nero \u0434\u043b\u044f \u0430\u043a\u0442\u0438\u0432\u043d\u043e\u0433\u043e \u043e\u0442\u0434\u044b\u0445\u0430 \u043f\u043e\u0445\u043e\u0434\u043e\u0432 \u0438 \u043f\u0443\u0442\u0435\u0448\u0435\u0441\u0442\u0432\u0438\u0439 \u043e\u0431\u0443\u0432\u044c \u0434\u043b\u044f \u0430\u043b\u044c\u043f\u0438\u043d\u0438\u0437\u043c\u0430 \u0438 \u0442\u0443\u0440\u0438\u0437\u043c\u0430 \u0432 \u043e\u043d\u043b\u0430\u0439\u043d \u043c\u0430\u0433\u0430\u0437\u0438\u043d\u0435 \u0441\u043f\u043e\u0440\u0442\u0438\u0432\u043d\u043e\u0439 \u043e\u0434\u0435\u0436\u0434\u044b \u0438 \u043e\u0431\u0443\u0432\u0438\"},{\"@type\":\"BreadcrumbList\",\"@id\":\"https:\/\/xstyle.md\/product\/botinki-olang-brennero-tex-nero\/#breadcrumb\",\"itemListElement\":[{\"@type\":\"ListItem\",\"position\":1,\"name\":\"\u0413\u043b\u0430\u0432\u043d\u0430\u044f \u0441\u0442\u0440\u0430\u043d\u0438\u0446\u0430\",\"item\":\"https:\/\/xstyle.md\/\"},{\"@type\":\"ListItem\",\"position\":2,\"name\":\"\u041c\u0430\u0433\u0430\u0437\u0438\u043d\",\"item\":\"https:\/\/xstyle.md\/shop\/\"},{\"@type\":\"ListItem\",\"position\":3,\"name\":\"\u0411\u043e\u0442\u0438\u043d\u043a\u0438 Olang Brennero Tex nero\"}]},{\"@type\":\"WebSite\",\"@id\":\"https:\/\/xstyle.md\/#website\",\"url\":\"https:\/\/xstyle.md\/\",\"name\":\"\u041c\u0430\u0433\u0430\u0437\u0438\u043d Xstyle\",\"description\":\"C\u043d\u0430\u0440\u044f\u0436\u0435\u043d\u0438\u0435 \u0434\u043b\u044f \u0442\u0443\u0440\u0438\u0437\u043c\u0430 \u0438 \u044d\u043a\u0441\u0442\u0440\u0435\u043c\u0430\u043b\u044c\u043d\u044b\u0445 \u0432\u0438\u0434\u043e\u0432 \u0441\u043f\u043e\u0440\u0442\u0430 \u0432 \u041c\u043e\u043b\u0434\u043e\u0432\u0435.. \u0426\u0435\u043d\u044b, \u0444\u043e\u0442\u043e, \u0445\u0430\u0440\u0430\u043a\u0442\u0435\u0440\u0438\u0441\u0442\u0438\u043a\u0438 \u0432 \u041c\u043e\u043b\u0434\u043e\u0432\u0435.\",\"publisher\":{\"@id\":\"https:\/\/xstyle.md\/#organization\"},\"alternateName\":\"X-Style\",\"potentialAction\":[{\"@type\":\"SearchAction\",\"target\":{\"@type\":\"EntryPoint\",\"urlTemplate\":\"https:\/\/xstyle.md\/?s={search_term_string}\"},\"query-input\":{\"@type\":\"PropertyValueSpecification\",\"valueRequired\":true,\"valueName\":\"search_term_string\"}}],\"inLanguage\":\"ro-RO\"},{\"@type\":\"Organization\",\"@id\":\"https:\/\/xstyle.md\/#organization\",\"name\":\"\u041c\u0430\u0433\u0430\u0437\u0438\u043d Xstyle\",\"alternateName\":\"x-style\",\"url\":\"https:\/\/xstyle.md\/\",\"logo\":{\"@type\":\"ImageObject\",\"inLanguage\":\"ro-RO\",\"@id\":\"https:\/\/xstyle.md\/#\/schema\/logo\/image\/\",\"url\":\"https:\/\/xstyle.md\/wp-content\/uploads\/2020\/06\/logoicon.svg\",\"contentUrl\":\"https:\/\/xstyle.md\/wp-content\/uploads\/2020\/06\/logoicon.svg\",\"caption\":\"\u041c\u0430\u0433\u0430\u0437\u0438\u043d Xstyle\"},\"image\":{\"@id\":\"https:\/\/xstyle.md\/#\/schema\/logo\/image\/\"},\"sameAs\":[\"https:\/\/www.facebook.com\/xstylemd\",\"https:\/\/www.instagram.com\/xstyle_md\/\",\"https:\/\/t.me\/xstyle_outdoor\"],\"hasMerchantReturnPolicy\":{\"@type\":\"MerchantReturnPolicy\",\"merchantReturnLink\":\"https:\/\/xstyle.md\/ro\/conditions\/\"}}]}<\/script>\n<meta property=\"product:price:amount\" content=\"3100.00\" \/>\n<meta property=\"product:price:currency\" content=\"MDL\" \/>\n<meta property=\"og:availability\" content=\"instock\" \/>\n<meta property=\"product:availability\" content=\"instock\" \/>\n<meta property=\"product:retailer_item_id\" content=\"8026556645320\" \/>\n<meta property=\"product:condition\" content=\"new\" \/>\n<!-- \/ Yoast SEO plugin. -->","yoast_head_json":{"title":"Bocanci Olang Brennero Tex nero - Magazin Xstyle","description":"Pantofii Olang Brennero Tex nero, cu izola\u021bie Wintherm \u0219i Vibram XS Trek, ofer\u0103 protec\u021bie fiabil\u0103 \u0219i confort \u00een vreme rece. Sunt ideali pentru plimb\u0103rile de iarn\u0103!","robots":{"index":"index","follow":"follow","max-snippet":"max-snippet:-1","max-image-preview":"max-image-preview:large","max-video-preview":"max-video-preview:-1"},"canonical":"https:\/\/xstyle.md\/ro\/produs\/botinki-olang-brennero-tex-nero\/","og_locale":"ro_RO","og_type":"article","og_title":"\u0411\u043e\u0442\u0438\u043d\u043a\u0438 Olang Brennero Tex nero - \u041c\u0430\u0433\u0430\u0437\u0438\u043d Xstyle","og_description":"\u0411\u043e\u0442\u0438\u043d\u043a\u0438 Olang Brennero Tex nero \u0441 \u0438\u0437\u043e\u043b\u044f\u0446\u0438\u0435\u0439 Wintherm \u0438 Vibram XS Trek \u043e\u0431\u0435\u0441\u043f\u0435\u0447\u0438\u0432\u0430\u044e\u0442 \u043d\u0430\u0434\u0435\u0436\u043d\u0443\u044e \u0437\u0430\u0449\u0438\u0442\u0443 \u0438 \u043a\u043e\u043c\u0444\u043e\u0440\u0442 \u0432 \u0445\u043e\u043b\u043e\u0434\u043d\u0443\u044e \u043f\u043e\u0433\u043e\u0434\u0443. \u0418\u0434\u0435\u0430\u043b\u044c\u043d\u044b \u0434\u043b\u044f \u0437\u0438\u043c\u043d\u0438\u0445 \u043f\u0440\u043e\u0433\u0443\u043b\u043e\u043a!","og_url":"https:\/\/xstyle.md\/ro\/produs\/botinki-olang-brennero-tex-nero\/","og_site_name":"\u041c\u0430\u0433\u0430\u0437\u0438\u043d Xstyle","article_publisher":"https:\/\/www.facebook.com\/xstylemd","article_modified_time":"2026-03-19T14:15:20+00:00","og_image":[{"width":1920,"height":1832,"url":"https:\/\/xstyle.md\/wp-content\/uploads\/2023\/10\/olang-brennero-tex-nero-scaled.jpg","type":"image\/jpeg"}],"twitter_card":"summary_large_image","twitter_misc":{"Pre\u021b":"3.100&nbsp;MDL","Disponibilitate":"\u00cen stoc"},"schema":{"@context":"https:\/\/schema.org","@graph":[{"@type":"WebPage","@id":"https:\/\/xstyle.md\/product\/botinki-olang-brennero-tex-nero\/","url":"https:\/\/xstyle.md\/product\/botinki-olang-brennero-tex-nero\/","name":"Bocanci Olang Brennero Tex nero - Magazin Xstyle","isPartOf":{"@id":"https:\/\/xstyle.md\/#website"},"primaryImageOfPage":{"@id":"https:\/\/xstyle.md\/product\/botinki-olang-brennero-tex-nero\/#primaryimage"},"image":{"@id":"https:\/\/xstyle.md\/product\/botinki-olang-brennero-tex-nero\/#primaryimage"},"thumbnailUrl":"https:\/\/xstyle.md\/wp-content\/uploads\/2023\/10\/olang-brennero-tex-nero-scaled.jpg","datePublished":"2023-10-25T11:40:56+00:00","dateModified":"2026-03-19T14:15:20+00:00","description":"Pantofii Olang Brennero Tex nero, cu izola\u021bie Wintherm \u0219i Vibram XS Trek, ofer\u0103 protec\u021bie fiabil\u0103 \u0219i confort \u00een vreme rece. Sunt ideali pentru plimb\u0103rile de iarn\u0103!","breadcrumb":{"@id":"https:\/\/xstyle.md\/product\/botinki-olang-brennero-tex-nero\/#breadcrumb"},"inLanguage":"ro-RO","potentialAction":[{"@type":"ReadAction","target":["https:\/\/xstyle.md\/product\/botinki-olang-brennero-tex-nero\/"]}]},{"@type":"ImageObject","inLanguage":"ro-RO","@id":"https:\/\/xstyle.md\/product\/botinki-olang-brennero-tex-nero\/#primaryimage","url":"https:\/\/xstyle.md\/wp-content\/uploads\/2023\/10\/olang-brennero-tex-nero-scaled.jpg","contentUrl":"https:\/\/xstyle.md\/wp-content\/uploads\/2023\/10\/olang-brennero-tex-nero-scaled.jpg","width":1920,"height":1832,"caption":"\u0422\u0443\u0444\u043b\u0438 Olang Brennero Tex Nero \u0434\u043b\u044f \u0430\u043a\u0442\u0438\u0432\u043d\u043e\u0433\u043e \u043e\u0442\u0434\u044b\u0445\u0430 \u043f\u043e\u0445\u043e\u0434\u043e\u0432 \u0438 \u043f\u0443\u0442\u0435\u0448\u0435\u0441\u0442\u0432\u0438\u0439 \u043e\u0431\u0443\u0432\u044c \u0434\u043b\u044f \u0430\u043b\u044c\u043f\u0438\u043d\u0438\u0437\u043c\u0430 \u0438 \u0442\u0443\u0440\u0438\u0437\u043c\u0430 \u0432 \u043e\u043d\u043b\u0430\u0439\u043d \u043c\u0430\u0433\u0430\u0437\u0438\u043d\u0435 \u0441\u043f\u043e\u0440\u0442\u0438\u0432\u043d\u043e\u0439 \u043e\u0434\u0435\u0436\u0434\u044b \u0438 \u043e\u0431\u0443\u0432\u0438"},{"@type":"BreadcrumbList","@id":"https:\/\/xstyle.md\/product\/botinki-olang-brennero-tex-nero\/#breadcrumb","itemListElement":[{"@type":"ListItem","position":1,"name":"\u0413\u043b\u0430\u0432\u043d\u0430\u044f \u0441\u0442\u0440\u0430\u043d\u0438\u0446\u0430","item":"https:\/\/xstyle.md\/"},{"@type":"ListItem","position":2,"name":"\u041c\u0430\u0433\u0430\u0437\u0438\u043d","item":"https:\/\/xstyle.md\/shop\/"},{"@type":"ListItem","position":3,"name":"\u0411\u043e\u0442\u0438\u043d\u043a\u0438 Olang Brennero Tex nero"}]},{"@type":"WebSite","@id":"https:\/\/xstyle.md\/#website","url":"https:\/\/xstyle.md\/","name":"Magazinul X-Style","description":"Echipamente pentru turism \u0219i sporturi extreme \u00een Moldova. Pre\u021buri, fotografii, caracteristici \u00een Moldova.","publisher":{"@id":"https:\/\/xstyle.md\/#organization"},"alternateName":"X-Style","potentialAction":[{"@type":"SearchAction","target":{"@type":"EntryPoint","urlTemplate":"https:\/\/xstyle.md\/?s={search_term_string}"},"query-input":{"@type":"PropertyValueSpecification","valueRequired":true,"valueName":"search_term_string"}}],"inLanguage":"ro-RO"},{"@type":"Organization","@id":"https:\/\/xstyle.md\/#organization","name":"Magazinul X-Style","alternateName":"x-style","url":"https:\/\/xstyle.md\/","logo":{"@type":"ImageObject","inLanguage":"ro-RO","@id":"https:\/\/xstyle.md\/#\/schema\/logo\/image\/","url":"https:\/\/xstyle.md\/wp-content\/uploads\/2020\/06\/logoicon.svg","contentUrl":"https:\/\/xstyle.md\/wp-content\/uploads\/2020\/06\/logoicon.svg","caption":"\u041c\u0430\u0433\u0430\u0437\u0438\u043d Xstyle"},"image":{"@id":"https:\/\/xstyle.md\/#\/schema\/logo\/image\/"},"sameAs":["https:\/\/www.facebook.com\/xstylemd","https:\/\/www.instagram.com\/xstyle_md\/","https:\/\/t.me\/xstyle_outdoor"],"hasMerchantReturnPolicy":{"@type":"MerchantReturnPolicy","merchantReturnLink":"https:\/\/xstyle.md\/ro\/conditions\/"}}]},"product_price_amount":"3100.00","product_price_currency":"MDL","og_availability":"instock","product_availability":"instock","product_retailer_item_id":"8026556645320","product_condition":"new"},"post_mailing_queue_ids":[],"_links":{"self":[{"href":"https:\/\/xstyle.md\/ro\/wp-json\/wp\/v2\/product\/75058","targetHints":{"allow":["GET"]}}],"collection":[{"href":"https:\/\/xstyle.md\/ro\/wp-json\/wp\/v2\/product"}],"about":[{"href":"https:\/\/xstyle.md\/ro\/wp-json\/wp\/v2\/types\/product"}],"replies":[{"embeddable":true,"href":"https:\/\/xstyle.md\/ro\/wp-json\/wp\/v2\/comments?post=75058"}],"wp:featuredmedia":[{"embeddable":true,"href":"https:\/\/xstyle.md\/ro\/wp-json\/wp\/v2\/media\/75106"}],"wp:attachment":[{"href":"https:\/\/xstyle.md\/ro\/wp-json\/wp\/v2\/media?parent=75058"}],"wp:term":[{"taxonomy":"product_brand","embeddable":true,"href":"https:\/\/xstyle.md\/ro\/wp-json\/wp\/v2\/product_brand?post=75058"},{"taxonomy":"product_cat","embeddable":true,"href":"https:\/\/xstyle.md\/ro\/wp-json\/wp\/v2\/product_cat?post=75058"},{"taxonomy":"product_tag","embeddable":true,"href":"https:\/\/xstyle.md\/ro\/wp-json\/wp\/v2\/product_tag?post=75058"}],"curies":[{"name":"wp","href":"https:\/\/api.w.org\/{rel}","templated":true}]}}