{"id":74939,"date":"2023-10-19T15:27:31","date_gmt":"2023-10-19T12:27:31","guid":{"rendered":"https:\/\/xstyle.md\/?post_type=product&#038;p=74939"},"modified":"2025-10-24T12:50:10","modified_gmt":"2025-10-24T09:50:10","slug":"trp_language-languageru_rutrekkingovye-palki-masters-scout-red-trp_languagetrp_language-languagero_robete-trekking-masters-scout-red-trp_language","status":"publish","type":"product","link":"https:\/\/xstyle.md\/ro\/produs\/trp_language-languageru_rutrekkingovye-palki-masters-scout-red-trp_languagetrp_language-languagero_robete-trekking-masters-scout-red-trp_language\/","title":{"rendered":"Be\u021be trekking Masters Scout red"},"content":{"rendered":"<\/p>\n<p>Be\u021be trekking <strong>Masters Scout<\/strong> &#8212; model telescopic cu trei sec\u021biuni, cu un interval de reglare a lungimii de p\u00e2n\u0103 la 140 cm, echipat cu sistemul de blocare extern\u0103 BS Blocking System.<\/p>\n<p>Designul batului este telescopic \u00een trei sec\u021biuni. Acest design permite ca st\u00e2lpii s\u0103 fie plia\u021bi \u00een trei p\u0103r\u021bi \u00een mod compact \u0219i pot fi transporta\u021bi cu u\u0219urin\u021b\u0103 pe sau \u00eentr-un rucsac, deoarece sunt incredibil de compac\u021bi. Iar compactitatea betelor din trei piese va oferi \u00eentotdeauna un plus de confort atunci c\u00e2nd v\u0103 deplasa\u021bi \u00een bagajele dvs. spre destina\u021bie sau \u00een ma\u0219in\u0103. Dar asta nu este tot &#8212; be\u021bele telescopice sunt potrivite pentru persoane de toate \u00een\u0103l\u021bimi \u0219i pot fi adaptate la diferite terenuri. Una dintre principalele caracteristici: be\u021bele pot fi folosite de to\u021bi membrii familiei, indiferent de \u00een\u0103l\u021bime sau de constitu\u021bie.<\/p>\n<p>Toate piesele din plastic sunt fabricate de cel mai important produc\u0103tor din lume, DuPont(R), cu propriet\u0103\u021bi speciale de rezisten\u021b\u0103 la abraziune \u0219i pot rezista la temperaturi extreme de la -50\u00b0C la +40\u00b0C.<\/p>\n<h3>Particularit\u0103\u021bi<\/h3>\n<ul>\n<li>Fiecare tub, realizat din aliaj de aluminiu 5038, este testat individual pe ma\u0219ini italiene<\/li>\n<li>M\u00e2ner confortabil, cu design ergonomic<\/li>\n<li>V\u00e2rf de \u021bepu\u0219\u0103 din o\u021bel, cu inel cu diametrul de 50 mm<\/li>\n<li>Poate fi pliat\u0103 compact \u0219i transportat\u0103 \u00eentr-un rucsac<\/li>\n<li>U\u0219or de adaptat la \u00een\u0103l\u021bimea individual\u0103 a corpului<\/li>\n<li>Potrivit pentru excursii scurte \u0219i lungi cu rucsacul \u00een spate.<\/li>\n<\/ul>\n<h3>Caracteristici<\/h3>\n<ul>\n<li>Material &#8212; aluminiu de calitate aeronautic\u0103 ALU 5083<\/li>\n<li>Sistem de \u00eenchidere &#8212; BS Blocking System<\/li>\n<li>V\u00e2rf &#8212; o\u021bel, o\u021bel inoxidabil<\/li>\n<li>Fixare inelar\u0103 &#8212; \u0219urub<\/li>\n<li>Curea &#8212; curea din nailon<\/li>\n<li>M\u00e2ner &#8212; T9 CORK<\/li>\n<li>Scop &#8212; drume\u021bie<\/li>\n<li>Diametrul tubului &#8212; 18\/16\/14mm<\/li>\n<li>Lungime &#8212; 69 &#8212; 140 cm<\/li>\n<li>Set complet &#8212; 2 buc\u0103\u021bi<\/li>\n<li>Greutate 1 bucat\u0103 &#8212; 248 g.<\/li>\n<\/ul>\n<h3>Tehnologie<\/h3>\n<ul>\n<li><strong>ALU 5083 <\/strong>&#8212; este u\u0219or, rezistent \u0219i unul dintre cele mai rezistente aliaje de aluminiu de calitate aeronautic\u0103 disponibile. Aceast\u0103 u\u0219urin\u021b\u0103 \u0219i durabilitate v\u0103 vor permite s\u0103 fi\u021bi \u00eencrez\u0103tor \u00een orice drume\u021bie.<\/li>\n<li><strong>BS Blocking System<\/strong> &#8212; sistem de blocare sec\u021bional\u0103 rapid\u0103 \u0219i comod\u0103, bazat pe principiul de prindere cu cle\u0219te.<\/li>\n<li><strong>T9 CORK<\/strong> &#8212; m\u00e2nerul este fabricat din cauciuc natural cu adaos de a\u0219chii de lemn de plut\u0103 natural\u0103. M\u00e2nerele sunt special concepute pentru a suporta greutatea corpului nu numai prin mu\u0219chii de prindere \u0219i ai m\u00e2inii, ci \u0219i prin relief vertical prin proeminen\u021bele de sub degetul ar\u0103t\u0103tor \u0219i marginea palmei \u00eentr-o prindere clasic\u0103.<\/li>\n<li><strong>Strap Nylon<\/strong> &#8212; curea de m\u00e2n\u0103 din nailon de \u00eenalt\u0103 rezisten\u021b\u0103 cu o gam\u0103 larg\u0103 de ajustare pentru l\u0103\u021bimea m\u00e2inii sau utilizarea cu m\u0103nu\u0219i volumetrice, \u00een func\u021bie de zona de temperatur\u0103.<\/li>\n<\/ul>\n<h3>Marca<\/h3>\n<p>\u00cenfiin\u021bat\u0103 \u00een 1977 \u00een nordul Italiei, Masters este acum unul dintre cei mai importan\u021bi produc\u0103tori mondiali de bastoane de trekking, bastoane de mers nordic \u0219i accesorii. Construc\u021bia de \u00eenalt\u0103 tehnologie a betelor Masters se bazeaz\u0103 pe materiale moderne \u0219i pe o serie de solu\u021bii tehnice patentate, folosind doar cele mai bune componente de la produc\u0103torii mondiali. Toate acestea, la care se adaug\u0103 o experien\u021b\u0103 bogat\u0103, \u00eenseamn\u0103 c\u0103 Masters este capabil s\u0103 produc\u0103 un produs u\u0219or, fiabil \u0219i u\u0219or de utilizat, cu o gam\u0103 larg\u0103 de modele pentru a se potrivi tuturor.<\/p>\n<p><\/p>\n<\/div>\n<\/div>\n<\/div>","protected":false},"excerpt":{"rendered":"","protected":false},"featured_media":74987,"comment_status":"open","ping_status":"closed","template":"","meta":{"_acf_changed":false,"inline_featured_image":false},"product_brand":[1326],"product_cat":[414],"product_tag":[],"class_list":{"0":"post-74939","1":"product","2":"type-product","3":"status-publish","4":"has-post-thumbnail","6":"product_brand-masters","7":"product_cat-stalpi-de-trekking","9":"first","10":"instock","11":"shipping-taxable","12":"purchasable","13":"product-type-simple"},"acf":[],"yoast_head":"<!-- This site is optimized with the Yoast SEO plugin v27.2 - https:\/\/yoast.com\/product\/yoast-seo-wordpress\/ -->\n<title>\u0422\u0440\u0435\u043a\u043a\u0438\u043d\u0433\u043e\u0432\u044b\u0435 \u043f\u0430\u043b\u043a\u0438 Masters Scout red - \u041c\u0430\u0433\u0430\u0437\u0438\u043d Xstyle<\/title>\n<meta name=\"description\" content=\"\u0422\u0440\u0435\u043a\u043a\u0438\u043d\u0433\u043e\u0432\u044b\u0435 \u043f\u0430\u043b\u043a\u0438 Masters Scout red - \u043b\u0435\u0433\u043a\u0438\u0435 \u0438 \u043d\u0430\u0434\u0435\u0436\u043d\u044b\u0435 \u0441 \u0441\u0438\u0441\u0442\u0435\u043c\u043e\u0439 BS. \u0420\u0435\u0433\u0443\u043b\u0438\u0440\u0443\u0435\u043c\u0430\u044f \u0434\u043b\u0438\u043d\u0430 \u0434\u043e 140 \u0441\u043c, \u0443\u0434\u043e\u0431\u043d\u044b\u0435 \u0440\u0443\u0447\u043a\u0438 \u0438 \u0441\u0442\u0438\u043b\u044c\u043d\u044b\u0439 \u0434\u0438\u0437\u0430\u0439\u043d \u0434\u043b\u044f \u0430\u043a\u0442\u0438\u0432\u043d\u043e\u0433\u043e \u043e\u0442\u0434\u044b\u0445\u0430.\" \/>\n<meta name=\"robots\" content=\"index, follow, max-snippet:-1, max-image-preview:large, max-video-preview:-1\" \/>\n<link rel=\"canonical\" href=\"https:\/\/xstyle.md\/ro\/produs\/trp_language-languageru_rutrekkingovye-palki-masters-scout-red-trp_languagetrp_language-languagero_robete-trekking-masters-scout-red-trp_language\/\" \/>\n<meta property=\"og:locale\" content=\"ro_RO\" \/>\n<meta property=\"og:type\" content=\"article\" \/>\n<meta property=\"og:title\" content=\"\u0422\u0440\u0435\u043a\u043a\u0438\u043d\u0433\u043e\u0432\u044b\u0435 \u043f\u0430\u043b\u043a\u0438 Masters Scout red - \u041c\u0430\u0433\u0430\u0437\u0438\u043d Xstyle\" \/>\n<meta property=\"og:description\" content=\"\u0422\u0440\u0435\u043a\u043a\u0438\u043d\u0433\u043e\u0432\u044b\u0435 \u043f\u0430\u043b\u043a\u0438 Masters Scout red - \u043b\u0435\u0433\u043a\u0438\u0435 \u0438 \u043d\u0430\u0434\u0435\u0436\u043d\u044b\u0435 \u0441 \u0441\u0438\u0441\u0442\u0435\u043c\u043e\u0439 BS. \u0420\u0435\u0433\u0443\u043b\u0438\u0440\u0443\u0435\u043c\u0430\u044f \u0434\u043b\u0438\u043d\u0430 \u0434\u043e 140 \u0441\u043c, \u0443\u0434\u043e\u0431\u043d\u044b\u0435 \u0440\u0443\u0447\u043a\u0438 \u0438 \u0441\u0442\u0438\u043b\u044c\u043d\u044b\u0439 \u0434\u0438\u0437\u0430\u0439\u043d \u0434\u043b\u044f \u0430\u043a\u0442\u0438\u0432\u043d\u043e\u0433\u043e \u043e\u0442\u0434\u044b\u0445\u0430.\" \/>\n<meta property=\"og:url\" content=\"https:\/\/xstyle.md\/ro\/produs\/trp_language-languageru_rutrekkingovye-palki-masters-scout-red-trp_languagetrp_language-languagero_robete-trekking-masters-scout-red-trp_language\/\" \/>\n<meta property=\"og:site_name\" content=\"\u041c\u0430\u0433\u0430\u0437\u0438\u043d Xstyle\" \/>\n<meta property=\"article:publisher\" content=\"https:\/\/www.facebook.com\/xstylemd\" \/>\n<meta property=\"article:modified_time\" content=\"2025-10-24T09:50:10+00:00\" \/>\n<meta property=\"og:image\" content=\"https:\/\/xstyle.md\/wp-content\/uploads\/2023\/10\/masters-scout-red.jpg\" \/>\n\t<meta property=\"og:image:width\" content=\"632\" \/>\n\t<meta property=\"og:image:height\" content=\"638\" \/>\n\t<meta property=\"og:image:type\" content=\"image\/jpeg\" \/>\n<meta name=\"twitter:card\" content=\"summary_large_image\" \/>\n<meta name=\"twitter:label1\" content=\"Pre\u021b\" \/>\n\t<meta name=\"twitter:data1\" content=\"795&nbsp;MDL\" \/>\n\t<meta name=\"twitter:label2\" content=\"Disponibilitate\" \/>\n\t<meta name=\"twitter:data2\" content=\"\u00cen stoc\" \/>\n<script type=\"application\/ld+json\" class=\"yoast-schema-graph\">{\"@context\":\"https:\/\/schema.org\",\"@graph\":[{\"@type\":\"WebPage\",\"@id\":\"https:\/\/xstyle.md\/product\/trp_language-languageru_rutrekkingovye-palki-masters-scout-red-trp_languagetrp_language-languagero_robete-trekking-masters-scout-red-trp_language\/\",\"url\":\"https:\/\/xstyle.md\/product\/trp_language-languageru_rutrekkingovye-palki-masters-scout-red-trp_languagetrp_language-languagero_robete-trekking-masters-scout-red-trp_language\/\",\"name\":\"\u0422\u0440\u0435\u043a\u043a\u0438\u043d\u0433\u043e\u0432\u044b\u0435 \u043f\u0430\u043b\u043a\u0438 Masters Scout red - \u041c\u0430\u0433\u0430\u0437\u0438\u043d Xstyle\",\"isPartOf\":{\"@id\":\"https:\/\/xstyle.md\/#website\"},\"primaryImageOfPage\":{\"@id\":\"https:\/\/xstyle.md\/product\/trp_language-languageru_rutrekkingovye-palki-masters-scout-red-trp_languagetrp_language-languagero_robete-trekking-masters-scout-red-trp_language\/#primaryimage\"},\"image\":{\"@id\":\"https:\/\/xstyle.md\/product\/trp_language-languageru_rutrekkingovye-palki-masters-scout-red-trp_languagetrp_language-languagero_robete-trekking-masters-scout-red-trp_language\/#primaryimage\"},\"thumbnailUrl\":\"https:\/\/xstyle.md\/wp-content\/uploads\/2023\/10\/masters-scout-red.jpg\",\"datePublished\":\"2023-10-19T12:27:31+00:00\",\"dateModified\":\"2025-10-24T09:50:10+00:00\",\"description\":\"\u0422\u0440\u0435\u043a\u043a\u0438\u043d\u0433\u043e\u0432\u044b\u0435 \u043f\u0430\u043b\u043a\u0438 Masters Scout red - \u043b\u0435\u0433\u043a\u0438\u0435 \u0438 \u043d\u0430\u0434\u0435\u0436\u043d\u044b\u0435 \u0441 \u0441\u0438\u0441\u0442\u0435\u043c\u043e\u0439 BS. \u0420\u0435\u0433\u0443\u043b\u0438\u0440\u0443\u0435\u043c\u0430\u044f \u0434\u043b\u0438\u043d\u0430 \u0434\u043e 140 \u0441\u043c, \u0443\u0434\u043e\u0431\u043d\u044b\u0435 \u0440\u0443\u0447\u043a\u0438 \u0438 \u0441\u0442\u0438\u043b\u044c\u043d\u044b\u0439 \u0434\u0438\u0437\u0430\u0439\u043d \u0434\u043b\u044f \u0430\u043a\u0442\u0438\u0432\u043d\u043e\u0433\u043e \u043e\u0442\u0434\u044b\u0445\u0430.\",\"breadcrumb\":{\"@id\":\"https:\/\/xstyle.md\/product\/trp_language-languageru_rutrekkingovye-palki-masters-scout-red-trp_languagetrp_language-languagero_robete-trekking-masters-scout-red-trp_language\/#breadcrumb\"},\"inLanguage\":\"ro-RO\",\"potentialAction\":[{\"@type\":\"ReadAction\",\"target\":[\"https:\/\/xstyle.md\/product\/trp_language-languageru_rutrekkingovye-palki-masters-scout-red-trp_languagetrp_language-languagero_robete-trekking-masters-scout-red-trp_language\/\"]}]},{\"@type\":\"ImageObject\",\"inLanguage\":\"ro-RO\",\"@id\":\"https:\/\/xstyle.md\/product\/trp_language-languageru_rutrekkingovye-palki-masters-scout-red-trp_languagetrp_language-languagero_robete-trekking-masters-scout-red-trp_language\/#primaryimage\",\"url\":\"https:\/\/xstyle.md\/wp-content\/uploads\/2023\/10\/masters-scout-red.jpg\",\"contentUrl\":\"https:\/\/xstyle.md\/wp-content\/uploads\/2023\/10\/masters-scout-red.jpg\",\"width\":632,\"height\":638,\"caption\":\"\u0422\u0440\u0435\u043a\u043a\u0438\u043d\u0433\u043e\u0432\u044b\u0435 \u043f\u0430\u043b\u043a\u0438 Masters Scout \u043a\u0440\u0430\u0441\u043d\u044b\u0435 \u0434\u043b\u044f \u0430\u043a\u0442\u0438\u0432\u043d\u043e\u0433\u043e \u043e\u0442\u0434\u044b\u0445\u0430, \u043f\u043e\u0445\u043e\u0434\u043e\u0432, \u0445\u0430\u0439\u043a\u0438\u043d\u0433\u0430, \u0430\u043b\u044c\u043f\u0438\u043d\u0438\u0437\u043c\u0430, \u043f\u0443\u0442\u0435\u0448\u0435\u0441\u0442\u0432\u0438\u0439, \u043e\u0434\u0435\u0436\u0434\u044b \u0438 \u043e\u0431\u0443\u0432\u0438 \u0434\u043b\u044f \u0442\u0443\u0440\u0438\u0441\u0442\u043e\u0432\"},{\"@type\":\"BreadcrumbList\",\"@id\":\"https:\/\/xstyle.md\/product\/trp_language-languageru_rutrekkingovye-palki-masters-scout-red-trp_languagetrp_language-languagero_robete-trekking-masters-scout-red-trp_language\/#breadcrumb\",\"itemListElement\":[{\"@type\":\"ListItem\",\"position\":1,\"name\":\"\u0413\u043b\u0430\u0432\u043d\u0430\u044f \u0441\u0442\u0440\u0430\u043d\u0438\u0446\u0430\",\"item\":\"https:\/\/xstyle.md\/\"},{\"@type\":\"ListItem\",\"position\":2,\"name\":\"\u041c\u0430\u0433\u0430\u0437\u0438\u043d\",\"item\":\"https:\/\/xstyle.md\/shop\/\"},{\"@type\":\"ListItem\",\"position\":3,\"name\":\"\u0422\u0440\u0435\u043a\u043a\u0438\u043d\u0433\u043e\u0432\u044b\u0435 \u043f\u0430\u043b\u043a\u0438 Masters Scout red\"}]},{\"@type\":\"WebSite\",\"@id\":\"https:\/\/xstyle.md\/#website\",\"url\":\"https:\/\/xstyle.md\/\",\"name\":\"\u041c\u0430\u0433\u0430\u0437\u0438\u043d Xstyle\",\"description\":\"C\u043d\u0430\u0440\u044f\u0436\u0435\u043d\u0438\u0435 \u0434\u043b\u044f \u0442\u0443\u0440\u0438\u0437\u043c\u0430 \u0438 \u044d\u043a\u0441\u0442\u0440\u0435\u043c\u0430\u043b\u044c\u043d\u044b\u0445 \u0432\u0438\u0434\u043e\u0432 \u0441\u043f\u043e\u0440\u0442\u0430 \u0432 \u041c\u043e\u043b\u0434\u043e\u0432\u0435.. \u0426\u0435\u043d\u044b, \u0444\u043e\u0442\u043e, \u0445\u0430\u0440\u0430\u043a\u0442\u0435\u0440\u0438\u0441\u0442\u0438\u043a\u0438 \u0432 \u041c\u043e\u043b\u0434\u043e\u0432\u0435.\",\"publisher\":{\"@id\":\"https:\/\/xstyle.md\/#organization\"},\"alternateName\":\"X-Style\",\"potentialAction\":[{\"@type\":\"SearchAction\",\"target\":{\"@type\":\"EntryPoint\",\"urlTemplate\":\"https:\/\/xstyle.md\/?s={search_term_string}\"},\"query-input\":{\"@type\":\"PropertyValueSpecification\",\"valueRequired\":true,\"valueName\":\"search_term_string\"}}],\"inLanguage\":\"ro-RO\"},{\"@type\":\"Organization\",\"@id\":\"https:\/\/xstyle.md\/#organization\",\"name\":\"\u041c\u0430\u0433\u0430\u0437\u0438\u043d Xstyle\",\"alternateName\":\"x-style\",\"url\":\"https:\/\/xstyle.md\/\",\"logo\":{\"@type\":\"ImageObject\",\"inLanguage\":\"ro-RO\",\"@id\":\"https:\/\/xstyle.md\/#\/schema\/logo\/image\/\",\"url\":\"https:\/\/xstyle.md\/wp-content\/uploads\/2020\/06\/logoicon.svg\",\"contentUrl\":\"https:\/\/xstyle.md\/wp-content\/uploads\/2020\/06\/logoicon.svg\",\"caption\":\"\u041c\u0430\u0433\u0430\u0437\u0438\u043d Xstyle\"},\"image\":{\"@id\":\"https:\/\/xstyle.md\/#\/schema\/logo\/image\/\"},\"sameAs\":[\"https:\/\/www.facebook.com\/xstylemd\",\"https:\/\/www.instagram.com\/xstyle_md\/\",\"https:\/\/t.me\/xstyle_outdoor\"],\"hasMerchantReturnPolicy\":{\"@type\":\"MerchantReturnPolicy\",\"merchantReturnLink\":\"https:\/\/xstyle.md\/ro\/conditions\/\"}}]}<\/script>\n<meta property=\"product:price:amount\" content=\"795.00\" \/>\n<meta property=\"product:price:currency\" content=\"MDL\" \/>\n<meta property=\"og:availability\" content=\"instock\" \/>\n<meta property=\"product:availability\" content=\"instock\" \/>\n<meta property=\"product:retailer_item_id\" content=\"8023349016312\" \/>\n<meta property=\"product:condition\" content=\"new\" \/>\n<!-- \/ Yoast SEO plugin. -->","yoast_head_json":{"title":"Be\u021be trekking Masters Scout red - Magazin Xstyle","description":"Bastonii de trekking Masters Scout red - u\u0219ori \u0219i fiabili, cu sistemul BS. Lungime reglabil\u0103 p\u00e2n\u0103 la 140 cm, m\u00e2nere confortabile \u0219i un design elegant pentru activit\u0103\u021bi \u00een aer liber.","robots":{"index":"index","follow":"follow","max-snippet":"max-snippet:-1","max-image-preview":"max-image-preview:large","max-video-preview":"max-video-preview:-1"},"canonical":"https:\/\/xstyle.md\/ro\/produs\/trp_language-languageru_rutrekkingovye-palki-masters-scout-red-trp_languagetrp_language-languagero_robete-trekking-masters-scout-red-trp_language\/","og_locale":"ro_RO","og_type":"article","og_title":"\u0422\u0440\u0435\u043a\u043a\u0438\u043d\u0433\u043e\u0432\u044b\u0435 \u043f\u0430\u043b\u043a\u0438 Masters Scout red - \u041c\u0430\u0433\u0430\u0437\u0438\u043d Xstyle","og_description":"\u0422\u0440\u0435\u043a\u043a\u0438\u043d\u0433\u043e\u0432\u044b\u0435 \u043f\u0430\u043b\u043a\u0438 Masters Scout red - \u043b\u0435\u0433\u043a\u0438\u0435 \u0438 \u043d\u0430\u0434\u0435\u0436\u043d\u044b\u0435 \u0441 \u0441\u0438\u0441\u0442\u0435\u043c\u043e\u0439 BS. \u0420\u0435\u0433\u0443\u043b\u0438\u0440\u0443\u0435\u043c\u0430\u044f \u0434\u043b\u0438\u043d\u0430 \u0434\u043e 140 \u0441\u043c, \u0443\u0434\u043e\u0431\u043d\u044b\u0435 \u0440\u0443\u0447\u043a\u0438 \u0438 \u0441\u0442\u0438\u043b\u044c\u043d\u044b\u0439 \u0434\u0438\u0437\u0430\u0439\u043d \u0434\u043b\u044f \u0430\u043a\u0442\u0438\u0432\u043d\u043e\u0433\u043e \u043e\u0442\u0434\u044b\u0445\u0430.","og_url":"https:\/\/xstyle.md\/ro\/produs\/trp_language-languageru_rutrekkingovye-palki-masters-scout-red-trp_languagetrp_language-languagero_robete-trekking-masters-scout-red-trp_language\/","og_site_name":"\u041c\u0430\u0433\u0430\u0437\u0438\u043d Xstyle","article_publisher":"https:\/\/www.facebook.com\/xstylemd","article_modified_time":"2025-10-24T09:50:10+00:00","og_image":[{"width":632,"height":638,"url":"https:\/\/xstyle.md\/wp-content\/uploads\/2023\/10\/masters-scout-red.jpg","type":"image\/jpeg"}],"twitter_card":"summary_large_image","twitter_misc":{"Pre\u021b":"795&nbsp;MDL","Disponibilitate":"\u00cen stoc"},"schema":{"@context":"https:\/\/schema.org","@graph":[{"@type":"WebPage","@id":"https:\/\/xstyle.md\/product\/trp_language-languageru_rutrekkingovye-palki-masters-scout-red-trp_languagetrp_language-languagero_robete-trekking-masters-scout-red-trp_language\/","url":"https:\/\/xstyle.md\/product\/trp_language-languageru_rutrekkingovye-palki-masters-scout-red-trp_languagetrp_language-languagero_robete-trekking-masters-scout-red-trp_language\/","name":"Be\u021be trekking Masters Scout red - Magazin Xstyle","isPartOf":{"@id":"https:\/\/xstyle.md\/#website"},"primaryImageOfPage":{"@id":"https:\/\/xstyle.md\/product\/trp_language-languageru_rutrekkingovye-palki-masters-scout-red-trp_languagetrp_language-languagero_robete-trekking-masters-scout-red-trp_language\/#primaryimage"},"image":{"@id":"https:\/\/xstyle.md\/product\/trp_language-languageru_rutrekkingovye-palki-masters-scout-red-trp_languagetrp_language-languagero_robete-trekking-masters-scout-red-trp_language\/#primaryimage"},"thumbnailUrl":"https:\/\/xstyle.md\/wp-content\/uploads\/2023\/10\/masters-scout-red.jpg","datePublished":"2023-10-19T12:27:31+00:00","dateModified":"2025-10-24T09:50:10+00:00","description":"Bastonii de trekking Masters Scout red - u\u0219ori \u0219i fiabili, cu sistemul BS. Lungime reglabil\u0103 p\u00e2n\u0103 la 140 cm, m\u00e2nere confortabile \u0219i un design elegant pentru activit\u0103\u021bi \u00een aer liber.","breadcrumb":{"@id":"https:\/\/xstyle.md\/product\/trp_language-languageru_rutrekkingovye-palki-masters-scout-red-trp_languagetrp_language-languagero_robete-trekking-masters-scout-red-trp_language\/#breadcrumb"},"inLanguage":"ro-RO","potentialAction":[{"@type":"ReadAction","target":["https:\/\/xstyle.md\/product\/trp_language-languageru_rutrekkingovye-palki-masters-scout-red-trp_languagetrp_language-languagero_robete-trekking-masters-scout-red-trp_language\/"]}]},{"@type":"ImageObject","inLanguage":"ro-RO","@id":"https:\/\/xstyle.md\/product\/trp_language-languageru_rutrekkingovye-palki-masters-scout-red-trp_languagetrp_language-languagero_robete-trekking-masters-scout-red-trp_language\/#primaryimage","url":"https:\/\/xstyle.md\/wp-content\/uploads\/2023\/10\/masters-scout-red.jpg","contentUrl":"https:\/\/xstyle.md\/wp-content\/uploads\/2023\/10\/masters-scout-red.jpg","width":632,"height":638,"caption":"\u0422\u0440\u0435\u043a\u043a\u0438\u043d\u0433\u043e\u0432\u044b\u0435 \u043f\u0430\u043b\u043a\u0438 Masters Scout \u043a\u0440\u0430\u0441\u043d\u044b\u0435 \u0434\u043b\u044f \u0430\u043a\u0442\u0438\u0432\u043d\u043e\u0433\u043e \u043e\u0442\u0434\u044b\u0445\u0430, \u043f\u043e\u0445\u043e\u0434\u043e\u0432, \u0445\u0430\u0439\u043a\u0438\u043d\u0433\u0430, \u0430\u043b\u044c\u043f\u0438\u043d\u0438\u0437\u043c\u0430, \u043f\u0443\u0442\u0435\u0448\u0435\u0441\u0442\u0432\u0438\u0439, \u043e\u0434\u0435\u0436\u0434\u044b \u0438 \u043e\u0431\u0443\u0432\u0438 \u0434\u043b\u044f \u0442\u0443\u0440\u0438\u0441\u0442\u043e\u0432"},{"@type":"BreadcrumbList","@id":"https:\/\/xstyle.md\/product\/trp_language-languageru_rutrekkingovye-palki-masters-scout-red-trp_languagetrp_language-languagero_robete-trekking-masters-scout-red-trp_language\/#breadcrumb","itemListElement":[{"@type":"ListItem","position":1,"name":"\u0413\u043b\u0430\u0432\u043d\u0430\u044f \u0441\u0442\u0440\u0430\u043d\u0438\u0446\u0430","item":"https:\/\/xstyle.md\/"},{"@type":"ListItem","position":2,"name":"\u041c\u0430\u0433\u0430\u0437\u0438\u043d","item":"https:\/\/xstyle.md\/shop\/"},{"@type":"ListItem","position":3,"name":"\u0422\u0440\u0435\u043a\u043a\u0438\u043d\u0433\u043e\u0432\u044b\u0435 \u043f\u0430\u043b\u043a\u0438 Masters Scout red"}]},{"@type":"WebSite","@id":"https:\/\/xstyle.md\/#website","url":"https:\/\/xstyle.md\/","name":"Magazinul X-Style","description":"Echipamente pentru turism \u0219i sporturi extreme \u00een Moldova. Pre\u021buri, fotografii, caracteristici \u00een Moldova.","publisher":{"@id":"https:\/\/xstyle.md\/#organization"},"alternateName":"X-Style","potentialAction":[{"@type":"SearchAction","target":{"@type":"EntryPoint","urlTemplate":"https:\/\/xstyle.md\/?s={search_term_string}"},"query-input":{"@type":"PropertyValueSpecification","valueRequired":true,"valueName":"search_term_string"}}],"inLanguage":"ro-RO"},{"@type":"Organization","@id":"https:\/\/xstyle.md\/#organization","name":"Magazinul X-Style","alternateName":"x-style","url":"https:\/\/xstyle.md\/","logo":{"@type":"ImageObject","inLanguage":"ro-RO","@id":"https:\/\/xstyle.md\/#\/schema\/logo\/image\/","url":"https:\/\/xstyle.md\/wp-content\/uploads\/2020\/06\/logoicon.svg","contentUrl":"https:\/\/xstyle.md\/wp-content\/uploads\/2020\/06\/logoicon.svg","caption":"\u041c\u0430\u0433\u0430\u0437\u0438\u043d Xstyle"},"image":{"@id":"https:\/\/xstyle.md\/#\/schema\/logo\/image\/"},"sameAs":["https:\/\/www.facebook.com\/xstylemd","https:\/\/www.instagram.com\/xstyle_md\/","https:\/\/t.me\/xstyle_outdoor"],"hasMerchantReturnPolicy":{"@type":"MerchantReturnPolicy","merchantReturnLink":"https:\/\/xstyle.md\/ro\/conditions\/"}}]},"product_price_amount":"795.00","product_price_currency":"MDL","og_availability":"instock","product_availability":"instock","product_retailer_item_id":"8023349016312","product_condition":"new"},"post_mailing_queue_ids":[],"_links":{"self":[{"href":"https:\/\/xstyle.md\/ro\/wp-json\/wp\/v2\/product\/74939","targetHints":{"allow":["GET"]}}],"collection":[{"href":"https:\/\/xstyle.md\/ro\/wp-json\/wp\/v2\/product"}],"about":[{"href":"https:\/\/xstyle.md\/ro\/wp-json\/wp\/v2\/types\/product"}],"replies":[{"embeddable":true,"href":"https:\/\/xstyle.md\/ro\/wp-json\/wp\/v2\/comments?post=74939"}],"wp:featuredmedia":[{"embeddable":true,"href":"https:\/\/xstyle.md\/ro\/wp-json\/wp\/v2\/media\/74987"}],"wp:attachment":[{"href":"https:\/\/xstyle.md\/ro\/wp-json\/wp\/v2\/media?parent=74939"}],"wp:term":[{"taxonomy":"product_brand","embeddable":true,"href":"https:\/\/xstyle.md\/ro\/wp-json\/wp\/v2\/product_brand?post=74939"},{"taxonomy":"product_cat","embeddable":true,"href":"https:\/\/xstyle.md\/ro\/wp-json\/wp\/v2\/product_cat?post=74939"},{"taxonomy":"product_tag","embeddable":true,"href":"https:\/\/xstyle.md\/ro\/wp-json\/wp\/v2\/product_tag?post=74939"}],"curies":[{"name":"wp","href":"https:\/\/api.w.org\/{rel}","templated":true}]}}