{"id":74919,"date":"2023-10-19T15:26:12","date_gmt":"2023-10-19T12:26:12","guid":{"rendered":"https:\/\/xstyle.md\/?post_type=product&#038;p=74919"},"modified":"2026-03-19T17:15:19","modified_gmt":"2026-03-19T14:15:19","slug":"botinki-asolo-finder-gv-ml-grey-rose-taupe","status":"publish","type":"product","link":"https:\/\/xstyle.md\/ro\/produs\/botinki-asolo-finder-gv-ml-grey-rose-taupe\/","title":{"rendered":"Bocanci Asolo Finder GV ML grey\/rose taupe"},"content":{"rendered":"<\/p>\n<p><strong>Asolo Finder GV<\/strong> &#8212; bocanci confortabile pentru femei concepute pentru drume\u021bii &#8212; trasee u\u0219oare, plate, f\u0103r\u0103 poteci st\u00e2ncoase. Membrana GORE-TEX\u00ae integrat\u0103 ofer\u0103 o respirabilitate excelent\u0103, f\u0103c\u00e2nd aceste cizme ideale pentru drume\u021bii pe vreme cald\u0103 sau c\u0103lduroas\u0103. Sistemul de talp\u0103 multistrat ofer\u0103 confort piciorului \u0219i amortizare fiabil\u0103, \u00een timp ce Vibram\u00ae Megagrip ofer\u0103 o trac\u021biune bun\u0103 chiar \u0219i pe suprafe\u021be umede. Talpa cauciucat\u0103 este o protec\u021bie suplimentar\u0103 \u00eempotriva deterior\u0103rilor mecanice. Acestea v\u0103 vor proteja picioarele \u00een orice situa\u021bie. Impermeabili, pentru iubitorii unui stil de via\u021b\u0103 activ. Ace\u0219ti pantofi de calitate func\u021bioneaz\u0103 \u00een toate condi\u021biile. Combin\u0103 rezisten\u021ba \u0219i durabilitatea.<\/p>\n<h3>Particularit\u0103\u021bi<\/h3>\n<ul>\n<li>Talpa Megagrip dens\u0103 ofer\u0103 o trac\u021biune excelent\u0103 pe teren<\/li>\n<li>Membrana Gore-Tex ofer\u0103 propriet\u0103\u021bi impermeabile \u0219i respirabile<\/li>\n<li>Suport bun pentru picior, bine ventilat<br \/>\namortizare bun\u0103<\/li>\n<li>\u0218iretul, care \u00eencepe aproape de la v\u00e2rful cizmei, permite blocarea cea mai sigur\u0103 \u0219i mai clar\u0103 a piciorului \u0219i gleznei.<\/li>\n<li>V\u00e2rful cauciucat ofer\u0103 protec\u021bie suplimentar\u0103 \u00eempotriva impactului mecanic<\/li>\n<li>Ideal pentru drume\u021bii \u00een vreme cald\u0103<\/li>\n<\/ul>\n<h3>Caracteristici<\/h3>\n<ul>\n<li>Material superior &#8212; piele de c\u0103prioar\u0103 impermeabil\u0103 cu strat impermeabil + Cordura<\/li>\n<li>Membrane - GORE-TEX\u00ae Extended Comfort<\/li>\n<li>Talp\u0103 &#8212; Vibram\u00ae Megagrip, Duo Radiant<\/li>\n<li>Talp\u0103 interioar\u0103 anatomic\u0103 &#8212; Lite 2<\/li>\n<li>Scop &#8212; drume\u021bie, trekking<\/li>\n<li>Anotimp &#8212; demi-sezon<\/li>\n<li>Greutate &#8212; 546 g<\/li>\n<\/ul>\n<h3>Tehnologie<\/h3>\n<ul>\n<li><strong>Gore-Tex\u00ae Extended Comfort<\/strong> &#8212; membran\u0103 care ofer\u0103 protec\u021bie impermeabil\u0103 \u0219i respirabilitate excelent\u0103 pe vreme moderat\u0103 p\u00e2n\u0103 la cald\u0103 \u0219i la niveluri ridicate de activitate. Ideal\u0103 atunci c\u00e2nd dori\u021bi s\u0103 minimiza\u021bi reten\u021bia c\u0103ldurii \u00een interiorul cizmei.<\/li>\n<li><strong>Vibram\u00ae<\/strong> &#8212; lider mondial \u00een produc\u021bia de t\u0103lpi pentru \u00eenc\u0103l\u021b\u0103minte de alpinism \u0219i trekking. Talpa este fabricat\u0103 din cauciuc foarte durabil \u0219i are o aderen\u021b\u0103 excelent\u0103. Garanteaz\u0103 suport maxim \u0219i durabilitate.<\/li>\n<\/ul>\n<h3>Marca<\/h3>\n<p>ASOLO este una dintre cele mai mari companii produc\u0103toare de pantofi de trekking, de mare altitudine, de ora\u0219 \u0219i multisport. Compania italian\u0103 ASOLO exist\u0103 din 1975 \u0219i de la na\u0219terea sa nu a \u00eencetat niciodat\u0103 s\u0103 uimeasc\u0103 lumea industriei sportive cu dezvolt\u0103rile sale inovatoare.<\/p>\n<p>ASOLO \u00eentruchipeaz\u0103 \u00een \u00eenc\u0103l\u021b\u0103minte cele mai recente realiz\u0103ri ale tehnologiei moderne \u0219i cele mai moderne materiale, \u00een fiecare an f\u0103c\u00e2nd-o din ce \u00een ce mai perfect\u0103. C\u0103lduroase, u\u0219oare, confortabile \u0219i fiabile, \u00eenc\u0103l\u021b\u0103mintea ASOLO folose\u0219te t\u0103lpi VIBRAM. Acestea au o stabilitate uimitoare pe teren \u0219i previn alunecarea pe cele mai abrupte cobor\u00e2ri.<\/p>\n<p>Croiala bun\u0103 \u0219i performan\u021ba sunt punctele forte ale ASOLO.<\/p>\n<p><\/p>","protected":false},"excerpt":{"rendered":"","protected":false},"featured_media":74941,"comment_status":"open","ping_status":"closed","template":"","meta":{"_acf_changed":false,"inline_featured_image":false},"product_brand":[1277],"product_cat":[143],"product_tag":[],"class_list":{"0":"post-74919","1":"product","2":"type-product","3":"status-publish","4":"has-post-thumbnail","6":"product_brand-asolo","7":"product_cat-trekking","9":"first","10":"instock","11":"shipping-taxable","12":"purchasable","13":"product-type-simple"},"acf":[],"yoast_head":"<!-- This site is optimized with the Yoast SEO plugin v27.4 - https:\/\/yoast.com\/product\/yoast-seo-wordpress\/ -->\n<title>\u0411\u043e\u0442\u0438\u043d\u043a\u0438 Asolo Finder GV ML grey\/rose taupe - \u041c\u0430\u0433\u0430\u0437\u0438\u043d Xstyle<\/title>\n<meta name=\"description\" content=\"\u0411\u043e\u0442\u0438\u043d\u043a\u0438 Asolo Finder GV ML grey\/rose taupe \u0441 \u043c\u0435\u043c\u0431\u0440\u0430\u043d\u043e\u0439 GORETEX \u0438 \u043f\u043e\u0434\u043e\u0448\u0432\u043e\u0439 Vibram Megagrip \u2013 \u0438\u0434\u0435\u0430\u043b\u044c\u043d\u044b\u0439 \u0432\u044b\u0431\u043e\u0440 \u0434\u043b\u044f \u043a\u043e\u043c\u0444\u043e\u0440\u0442\u043d\u044b\u0445 \u043f\u043e\u0445\u043e\u0434\u043e\u0432 \u0438 \u043f\u0440\u043e\u0433\u0443\u043b\u043e\u043a.\" \/>\n<meta name=\"robots\" content=\"index, follow, max-snippet:-1, max-image-preview:large, max-video-preview:-1\" \/>\n<link rel=\"canonical\" href=\"https:\/\/xstyle.md\/ro\/produs\/botinki-asolo-finder-gv-ml-grey-rose-taupe\/\" \/>\n<meta property=\"og:locale\" content=\"ro_RO\" \/>\n<meta property=\"og:type\" content=\"article\" \/>\n<meta property=\"og:title\" content=\"\u0411\u043e\u0442\u0438\u043d\u043a\u0438 Asolo Finder GV ML grey\/rose taupe - \u041c\u0430\u0433\u0430\u0437\u0438\u043d Xstyle\" \/>\n<meta property=\"og:description\" content=\"\u0411\u043e\u0442\u0438\u043d\u043a\u0438 Asolo Finder GV ML grey\/rose taupe \u0441 \u043c\u0435\u043c\u0431\u0440\u0430\u043d\u043e\u0439 GORETEX \u0438 \u043f\u043e\u0434\u043e\u0448\u0432\u043e\u0439 Vibram Megagrip \u2013 \u0438\u0434\u0435\u0430\u043b\u044c\u043d\u044b\u0439 \u0432\u044b\u0431\u043e\u0440 \u0434\u043b\u044f \u043a\u043e\u043c\u0444\u043e\u0440\u0442\u043d\u044b\u0445 \u043f\u043e\u0445\u043e\u0434\u043e\u0432 \u0438 \u043f\u0440\u043e\u0433\u0443\u043b\u043e\u043a.\" \/>\n<meta property=\"og:url\" content=\"https:\/\/xstyle.md\/ro\/produs\/botinki-asolo-finder-gv-ml-grey-rose-taupe\/\" \/>\n<meta property=\"og:site_name\" content=\"\u041c\u0430\u0433\u0430\u0437\u0438\u043d Xstyle\" \/>\n<meta property=\"article:publisher\" content=\"https:\/\/www.facebook.com\/xstylemd\" \/>\n<meta property=\"article:modified_time\" content=\"2026-03-19T14:15:19+00:00\" \/>\n<meta property=\"og:image\" content=\"https:\/\/xstyle.md\/wp-content\/uploads\/2023\/10\/asolo-finder-gv-ml-grey-rose-taupe.jpg\" \/>\n\t<meta property=\"og:image:width\" content=\"1144\" \/>\n\t<meta property=\"og:image:height\" content=\"1111\" \/>\n\t<meta property=\"og:image:type\" content=\"image\/jpeg\" \/>\n<meta name=\"twitter:card\" content=\"summary_large_image\" \/>\n<meta name=\"twitter:label1\" content=\"Pre\u021b\" \/>\n\t<meta name=\"twitter:data1\" content=\"4.350&nbsp;MDL\" \/>\n\t<meta name=\"twitter:label2\" content=\"Disponibilitate\" \/>\n\t<meta name=\"twitter:data2\" content=\"\u00cen stoc\" \/>\n<script type=\"application\/ld+json\" class=\"yoast-schema-graph\">{\"@context\":\"https:\\\/\\\/schema.org\",\"@graph\":[{\"@type\":\"WebPage\",\"@id\":\"https:\\\/\\\/xstyle.md\\\/product\\\/botinki-asolo-finder-gv-ml-grey-rose-taupe\\\/\",\"url\":\"https:\\\/\\\/xstyle.md\\\/product\\\/botinki-asolo-finder-gv-ml-grey-rose-taupe\\\/\",\"name\":\"\u0411\u043e\u0442\u0438\u043d\u043a\u0438 Asolo Finder GV ML grey\\\/rose taupe - \u041c\u0430\u0433\u0430\u0437\u0438\u043d Xstyle\",\"isPartOf\":{\"@id\":\"https:\\\/\\\/xstyle.md\\\/#website\"},\"primaryImageOfPage\":{\"@id\":\"https:\\\/\\\/xstyle.md\\\/product\\\/botinki-asolo-finder-gv-ml-grey-rose-taupe\\\/#primaryimage\"},\"image\":{\"@id\":\"https:\\\/\\\/xstyle.md\\\/product\\\/botinki-asolo-finder-gv-ml-grey-rose-taupe\\\/#primaryimage\"},\"thumbnailUrl\":\"https:\\\/\\\/xstyle.md\\\/wp-content\\\/uploads\\\/2023\\\/10\\\/asolo-finder-gv-ml-grey-rose-taupe.jpg\",\"datePublished\":\"2023-10-19T12:26:12+00:00\",\"dateModified\":\"2026-03-19T14:15:19+00:00\",\"description\":\"\u0411\u043e\u0442\u0438\u043d\u043a\u0438 Asolo Finder GV ML grey\\\/rose taupe \u0441 \u043c\u0435\u043c\u0431\u0440\u0430\u043d\u043e\u0439 GORETEX \u0438 \u043f\u043e\u0434\u043e\u0448\u0432\u043e\u0439 Vibram Megagrip \u2013 \u0438\u0434\u0435\u0430\u043b\u044c\u043d\u044b\u0439 \u0432\u044b\u0431\u043e\u0440 \u0434\u043b\u044f \u043a\u043e\u043c\u0444\u043e\u0440\u0442\u043d\u044b\u0445 \u043f\u043e\u0445\u043e\u0434\u043e\u0432 \u0438 \u043f\u0440\u043e\u0433\u0443\u043b\u043e\u043a.\",\"breadcrumb\":{\"@id\":\"https:\\\/\\\/xstyle.md\\\/product\\\/botinki-asolo-finder-gv-ml-grey-rose-taupe\\\/#breadcrumb\"},\"inLanguage\":\"ro-RO\",\"potentialAction\":[{\"@type\":\"ReadAction\",\"target\":[\"https:\\\/\\\/xstyle.md\\\/product\\\/botinki-asolo-finder-gv-ml-grey-rose-taupe\\\/\"]}]},{\"@type\":\"ImageObject\",\"inLanguage\":\"ro-RO\",\"@id\":\"https:\\\/\\\/xstyle.md\\\/product\\\/botinki-asolo-finder-gv-ml-grey-rose-taupe\\\/#primaryimage\",\"url\":\"https:\\\/\\\/xstyle.md\\\/wp-content\\\/uploads\\\/2023\\\/10\\\/asolo-finder-gv-ml-grey-rose-taupe.jpg\",\"contentUrl\":\"https:\\\/\\\/xstyle.md\\\/wp-content\\\/uploads\\\/2023\\\/10\\\/asolo-finder-gv-ml-grey-rose-taupe.jpg\",\"width\":1144,\"height\":1111,\"caption\":\"\u0422\u0443\u0444\u043b\u0438 \u0438 \u043e\u0431\u0443\u0432\u044c \u0434\u043b\u044f \u0430\u043a\u0442\u0438\u0432\u043d\u043e\u0433\u043e \u043e\u0431\u0440\u0430\u0437\u0430 \u0436\u0438\u0437\u043d\u0438, \u043f\u043e\u0445\u043e\u0434\u043e\u0432, \u0430\u043b\u044c\u043f\u0438\u043d\u0438\u0437\u043c\u0430 \u0438 \u043f\u0443\u0442\u0435\u0448\u0435\u0441\u0442\u0432\u0438\u0439 \u043d\u0430 \u043e\u043d\u043b\u0430\u0439\u043d \u043c\u0430\u0433\u0430\u0437\u0438\u043d\u0435 \u0441 \u0438\u0437\u043e\u0431\u0440\u0430\u0436\u0435\u043d\u0438\u0435\u043c \u0431\u043e\u0442\u0438\u043d\u043e\u043a Asolo Finder GV ML \u0432 \u0441\u0435\u0440\u043e-\u0440\u043e\u0437\u043e\u0432\u044b\u0445 \u0442\u043e\u043d\u0430\u0445\"},{\"@type\":\"BreadcrumbList\",\"@id\":\"https:\\\/\\\/xstyle.md\\\/product\\\/botinki-asolo-finder-gv-ml-grey-rose-taupe\\\/#breadcrumb\",\"itemListElement\":[{\"@type\":\"ListItem\",\"position\":1,\"name\":\"\u0413\u043b\u0430\u0432\u043d\u0430\u044f \u0441\u0442\u0440\u0430\u043d\u0438\u0446\u0430\",\"item\":\"https:\\\/\\\/xstyle.md\\\/\"},{\"@type\":\"ListItem\",\"position\":2,\"name\":\"\u041c\u0430\u0433\u0430\u0437\u0438\u043d\",\"item\":\"https:\\\/\\\/xstyle.md\\\/shop\\\/\"},{\"@type\":\"ListItem\",\"position\":3,\"name\":\"\u0411\u043e\u0442\u0438\u043d\u043a\u0438 Asolo Finder GV ML grey\\\/rose taupe\"}]},{\"@type\":\"WebSite\",\"@id\":\"https:\\\/\\\/xstyle.md\\\/#website\",\"url\":\"https:\\\/\\\/xstyle.md\\\/\",\"name\":\"\u041c\u0430\u0433\u0430\u0437\u0438\u043d Xstyle\",\"description\":\"C\u043d\u0430\u0440\u044f\u0436\u0435\u043d\u0438\u0435 \u0434\u043b\u044f \u0442\u0443\u0440\u0438\u0437\u043c\u0430 \u0438 \u044d\u043a\u0441\u0442\u0440\u0435\u043c\u0430\u043b\u044c\u043d\u044b\u0445 \u0432\u0438\u0434\u043e\u0432 \u0441\u043f\u043e\u0440\u0442\u0430 \u0432 \u041c\u043e\u043b\u0434\u043e\u0432\u0435.. \u0426\u0435\u043d\u044b, \u0444\u043e\u0442\u043e, \u0445\u0430\u0440\u0430\u043a\u0442\u0435\u0440\u0438\u0441\u0442\u0438\u043a\u0438 \u0432 \u041c\u043e\u043b\u0434\u043e\u0432\u0435.\",\"publisher\":{\"@id\":\"https:\\\/\\\/xstyle.md\\\/#organization\"},\"alternateName\":\"X-Style\",\"potentialAction\":[{\"@type\":\"SearchAction\",\"target\":{\"@type\":\"EntryPoint\",\"urlTemplate\":\"https:\\\/\\\/xstyle.md\\\/?s={search_term_string}\"},\"query-input\":{\"@type\":\"PropertyValueSpecification\",\"valueRequired\":true,\"valueName\":\"search_term_string\"}}],\"inLanguage\":\"ro-RO\"},{\"@type\":\"Organization\",\"@id\":\"https:\\\/\\\/xstyle.md\\\/#organization\",\"name\":\"\u041c\u0430\u0433\u0430\u0437\u0438\u043d Xstyle\",\"alternateName\":\"x-style\",\"url\":\"https:\\\/\\\/xstyle.md\\\/\",\"logo\":{\"@type\":\"ImageObject\",\"inLanguage\":\"ro-RO\",\"@id\":\"https:\\\/\\\/xstyle.md\\\/#\\\/schema\\\/logo\\\/image\\\/\",\"url\":\"https:\\\/\\\/xstyle.md\\\/wp-content\\\/uploads\\\/2020\\\/06\\\/logoicon.svg\",\"contentUrl\":\"https:\\\/\\\/xstyle.md\\\/wp-content\\\/uploads\\\/2020\\\/06\\\/logoicon.svg\",\"caption\":\"\u041c\u0430\u0433\u0430\u0437\u0438\u043d Xstyle\"},\"image\":{\"@id\":\"https:\\\/\\\/xstyle.md\\\/#\\\/schema\\\/logo\\\/image\\\/\"},\"sameAs\":[\"https:\\\/\\\/www.facebook.com\\\/xstylemd\",\"https:\\\/\\\/www.instagram.com\\\/xstyle_md\\\/\",\"https:\\\/\\\/t.me\\\/xstyle_outdoor\"],\"hasMerchantReturnPolicy\":{\"@type\":\"MerchantReturnPolicy\",\"merchantReturnLink\":\"https:\\\/\\\/xstyle.md\\\/ro\\\/conditions\\\/\"}}]}<\/script>\n<meta property=\"product:price:amount\" content=\"4350.00\" \/>\n<meta property=\"product:price:currency\" content=\"MDL\" \/>\n<meta property=\"og:availability\" content=\"instock\" \/>\n<meta property=\"product:availability\" content=\"instock\" \/>\n<meta property=\"product:retailer_item_id\" content=\"8055139001161\" \/>\n<meta property=\"product:condition\" content=\"new\" \/>\n<!-- \/ Yoast SEO plugin. -->","yoast_head_json":{"title":"Bocanci Asolo Finder GV ML grey\/rose taupe - Magazin Xstyle","description":"Bocanci Asolo Finder GV ML grey\/rose taupe cu membran\u0103 GORETEX \u0219i talp\u0103 Vibram Megagrip \u2013 alegerea ideal\u0103 pentru drume\u021bii confortabile \u0219i plimb\u0103ri.","robots":{"index":"index","follow":"follow","max-snippet":"max-snippet:-1","max-image-preview":"max-image-preview:large","max-video-preview":"max-video-preview:-1"},"canonical":"https:\/\/xstyle.md\/ro\/produs\/botinki-asolo-finder-gv-ml-grey-rose-taupe\/","og_locale":"ro_RO","og_type":"article","og_title":"\u0411\u043e\u0442\u0438\u043d\u043a\u0438 Asolo Finder GV ML grey\/rose taupe - \u041c\u0430\u0433\u0430\u0437\u0438\u043d Xstyle","og_description":"\u0411\u043e\u0442\u0438\u043d\u043a\u0438 Asolo Finder GV ML grey\/rose taupe \u0441 \u043c\u0435\u043c\u0431\u0440\u0430\u043d\u043e\u0439 GORETEX \u0438 \u043f\u043e\u0434\u043e\u0448\u0432\u043e\u0439 Vibram Megagrip \u2013 \u0438\u0434\u0435\u0430\u043b\u044c\u043d\u044b\u0439 \u0432\u044b\u0431\u043e\u0440 \u0434\u043b\u044f \u043a\u043e\u043c\u0444\u043e\u0440\u0442\u043d\u044b\u0445 \u043f\u043e\u0445\u043e\u0434\u043e\u0432 \u0438 \u043f\u0440\u043e\u0433\u0443\u043b\u043e\u043a.","og_url":"https:\/\/xstyle.md\/ro\/produs\/botinki-asolo-finder-gv-ml-grey-rose-taupe\/","og_site_name":"\u041c\u0430\u0433\u0430\u0437\u0438\u043d Xstyle","article_publisher":"https:\/\/www.facebook.com\/xstylemd","article_modified_time":"2026-03-19T14:15:19+00:00","og_image":[{"width":1144,"height":1111,"url":"https:\/\/xstyle.md\/wp-content\/uploads\/2023\/10\/asolo-finder-gv-ml-grey-rose-taupe.jpg","type":"image\/jpeg"}],"twitter_card":"summary_large_image","twitter_misc":{"Pre\u021b":"4.350&nbsp;MDL","Disponibilitate":"\u00cen stoc"},"schema":{"@context":"https:\/\/schema.org","@graph":[{"@type":"WebPage","@id":"https:\/\/xstyle.md\/product\/botinki-asolo-finder-gv-ml-grey-rose-taupe\/","url":"https:\/\/xstyle.md\/product\/botinki-asolo-finder-gv-ml-grey-rose-taupe\/","name":"Bocanci Asolo Finder GV ML grey\/rose taupe - Magazin Xstyle","isPartOf":{"@id":"https:\/\/xstyle.md\/#website"},"primaryImageOfPage":{"@id":"https:\/\/xstyle.md\/product\/botinki-asolo-finder-gv-ml-grey-rose-taupe\/#primaryimage"},"image":{"@id":"https:\/\/xstyle.md\/product\/botinki-asolo-finder-gv-ml-grey-rose-taupe\/#primaryimage"},"thumbnailUrl":"https:\/\/xstyle.md\/wp-content\/uploads\/2023\/10\/asolo-finder-gv-ml-grey-rose-taupe.jpg","datePublished":"2023-10-19T12:26:12+00:00","dateModified":"2026-03-19T14:15:19+00:00","description":"Bocanci Asolo Finder GV ML grey\/rose taupe cu membran\u0103 GORETEX \u0219i talp\u0103 Vibram Megagrip \u2013 alegerea ideal\u0103 pentru drume\u021bii confortabile \u0219i plimb\u0103ri.","breadcrumb":{"@id":"https:\/\/xstyle.md\/product\/botinki-asolo-finder-gv-ml-grey-rose-taupe\/#breadcrumb"},"inLanguage":"ro-RO","potentialAction":[{"@type":"ReadAction","target":["https:\/\/xstyle.md\/product\/botinki-asolo-finder-gv-ml-grey-rose-taupe\/"]}]},{"@type":"ImageObject","inLanguage":"ro-RO","@id":"https:\/\/xstyle.md\/product\/botinki-asolo-finder-gv-ml-grey-rose-taupe\/#primaryimage","url":"https:\/\/xstyle.md\/wp-content\/uploads\/2023\/10\/asolo-finder-gv-ml-grey-rose-taupe.jpg","contentUrl":"https:\/\/xstyle.md\/wp-content\/uploads\/2023\/10\/asolo-finder-gv-ml-grey-rose-taupe.jpg","width":1144,"height":1111,"caption":"\u0422\u0443\u0444\u043b\u0438 \u0438 \u043e\u0431\u0443\u0432\u044c \u0434\u043b\u044f \u0430\u043a\u0442\u0438\u0432\u043d\u043e\u0433\u043e \u043e\u0431\u0440\u0430\u0437\u0430 \u0436\u0438\u0437\u043d\u0438, \u043f\u043e\u0445\u043e\u0434\u043e\u0432, \u0430\u043b\u044c\u043f\u0438\u043d\u0438\u0437\u043c\u0430 \u0438 \u043f\u0443\u0442\u0435\u0448\u0435\u0441\u0442\u0432\u0438\u0439 \u043d\u0430 \u043e\u043d\u043b\u0430\u0439\u043d \u043c\u0430\u0433\u0430\u0437\u0438\u043d\u0435 \u0441 \u0438\u0437\u043e\u0431\u0440\u0430\u0436\u0435\u043d\u0438\u0435\u043c \u0431\u043e\u0442\u0438\u043d\u043e\u043a Asolo Finder GV ML \u0432 \u0441\u0435\u0440\u043e-\u0440\u043e\u0437\u043e\u0432\u044b\u0445 \u0442\u043e\u043d\u0430\u0445"},{"@type":"BreadcrumbList","@id":"https:\/\/xstyle.md\/product\/botinki-asolo-finder-gv-ml-grey-rose-taupe\/#breadcrumb","itemListElement":[{"@type":"ListItem","position":1,"name":"\u0413\u043b\u0430\u0432\u043d\u0430\u044f \u0441\u0442\u0440\u0430\u043d\u0438\u0446\u0430","item":"https:\/\/xstyle.md\/"},{"@type":"ListItem","position":2,"name":"\u041c\u0430\u0433\u0430\u0437\u0438\u043d","item":"https:\/\/xstyle.md\/shop\/"},{"@type":"ListItem","position":3,"name":"\u0411\u043e\u0442\u0438\u043d\u043a\u0438 Asolo Finder GV ML grey\/rose taupe"}]},{"@type":"WebSite","@id":"https:\/\/xstyle.md\/#website","url":"https:\/\/xstyle.md\/","name":"Magazinul X-Style","description":"Echipamente pentru turism \u0219i sporturi extreme \u00een Moldova. Pre\u021buri, fotografii, caracteristici \u00een Moldova.","publisher":{"@id":"https:\/\/xstyle.md\/#organization"},"alternateName":"X-Style","potentialAction":[{"@type":"SearchAction","target":{"@type":"EntryPoint","urlTemplate":"https:\/\/xstyle.md\/?s={search_term_string}"},"query-input":{"@type":"PropertyValueSpecification","valueRequired":true,"valueName":"search_term_string"}}],"inLanguage":"ro-RO"},{"@type":"Organization","@id":"https:\/\/xstyle.md\/#organization","name":"Magazinul X-Style","alternateName":"x-style","url":"https:\/\/xstyle.md\/","logo":{"@type":"ImageObject","inLanguage":"ro-RO","@id":"https:\/\/xstyle.md\/#\/schema\/logo\/image\/","url":"https:\/\/xstyle.md\/wp-content\/uploads\/2020\/06\/logoicon.svg","contentUrl":"https:\/\/xstyle.md\/wp-content\/uploads\/2020\/06\/logoicon.svg","caption":"\u041c\u0430\u0433\u0430\u0437\u0438\u043d Xstyle"},"image":{"@id":"https:\/\/xstyle.md\/#\/schema\/logo\/image\/"},"sameAs":["https:\/\/www.facebook.com\/xstylemd","https:\/\/www.instagram.com\/xstyle_md\/","https:\/\/t.me\/xstyle_outdoor"],"hasMerchantReturnPolicy":{"@type":"MerchantReturnPolicy","merchantReturnLink":"https:\/\/xstyle.md\/ro\/conditions\/"}}]},"product_price_amount":"4350.00","product_price_currency":"MDL","og_availability":"instock","product_availability":"instock","product_retailer_item_id":"8055139001161","product_condition":"new"},"_links":{"self":[{"href":"https:\/\/xstyle.md\/ro\/wp-json\/wp\/v2\/product\/74919","targetHints":{"allow":["GET"]}}],"collection":[{"href":"https:\/\/xstyle.md\/ro\/wp-json\/wp\/v2\/product"}],"about":[{"href":"https:\/\/xstyle.md\/ro\/wp-json\/wp\/v2\/types\/product"}],"replies":[{"embeddable":true,"href":"https:\/\/xstyle.md\/ro\/wp-json\/wp\/v2\/comments?post=74919"}],"wp:featuredmedia":[{"embeddable":true,"href":"https:\/\/xstyle.md\/ro\/wp-json\/wp\/v2\/media\/74941"}],"wp:attachment":[{"href":"https:\/\/xstyle.md\/ro\/wp-json\/wp\/v2\/media?parent=74919"}],"wp:term":[{"taxonomy":"product_brand","embeddable":true,"href":"https:\/\/xstyle.md\/ro\/wp-json\/wp\/v2\/product_brand?post=74919"},{"taxonomy":"product_cat","embeddable":true,"href":"https:\/\/xstyle.md\/ro\/wp-json\/wp\/v2\/product_cat?post=74919"},{"taxonomy":"product_tag","embeddable":true,"href":"https:\/\/xstyle.md\/ro\/wp-json\/wp\/v2\/product_tag?post=74919"}],"curies":[{"name":"wp","href":"https:\/\/api.w.org\/{rel}","templated":true}]}}