{"id":7491,"date":"2020-07-16T22:46:11","date_gmt":"2020-07-16T19:46:11","guid":{"rendered":"https:\/\/xstyle.md\/product\/sumka-holodil-nik-waeco-icon-10-coolbag-yellow"},"modified":"2026-03-19T16:33:56","modified_gmt":"2026-03-19T13:33:56","slug":"sumka-holodil-nik-waeco-icon-10-coolbag-yellow","status":"publish","type":"product","link":"https:\/\/xstyle.md\/ro\/produs\/sumka-holodil-nik-waeco-icon-10-coolbag-yellow\/","title":{"rendered":"Geant\u0103 frigorific\u0103 Mobicool Icon 10 Coolbag Yellow"},"content":{"rendered":"<\/p>\n<p><strong>Geanta Mobicool Icon 10 Coolbag Yellow Cooler<\/strong> este o geant\u0103 la mod\u0103 \u0219i confortabil\u0103, care arat\u0103 excelent! Este util pentru utilizarea de zi cu zi, indiferent dac\u0103 este un weekend \u00een parc sau o c\u0103l\u0103torie \u00een magazin. Fabricat dintr-un material rezistent, capacitatea ICON de 10 sau 16 litri este ideal\u0103 pentru depozitarea produselor proaspete de picnic \u0219i a b\u0103uturilor r\u0103coroase. Bretelele reglabile \u0219i m\u00e2nerele captusite u\u0219or de transportat. Geanta Icon este mai u\u0219oar\u0103, mai simpl\u0103 \u0219i mai versatil\u0103.<\/p>\n<p>Geanta se \u00eenchide bine \u0219i poate men\u021bine aceea\u0219i temperatur\u0103 \u00een interiorul camerei timp de 5-6 ore. Totul depinde de temperatura aerului din exterior, de num\u0103rul de blocuri de ghea\u021b\u0103 \u0219i de frecven\u021ba deschiderii pungii \u00een sine.<\/p>\n<h3>Particularit\u0103\u021bi<\/h3>\n<ul>\n<li>Interiorul pungii este acoperit cu folie PEVA, care ajut\u0103 la men\u021binerea izola\u021biei termice \u0219i este complet sigur\u0103 pentru alimente<\/li>\n<li>Inser\u021biile din plastic ajut\u0103 la men\u021binerea formei accesoriului<\/li>\n<li>Pentru a p\u0103stra alimentele proaspete pentru o perioad\u0103 mai lung\u0103 de timp, pute\u021bi pune \u00een plus \u00een pung\u0103 baterii de p\u0103strare la rece<\/li>\n<li>M\u00e2ner de transport<\/li>\n<li>Curea de um\u0103r.<\/li>\n<\/ul>\n<h3>Caracteristici<\/h3>\n<ul>\n<li>Materiale &#8212; folie PEVA, poliester, folie, nylon<\/li>\n<li>Dimensiuni &#8212; 34 x 15 x 26 cm (L x l x a)<\/li>\n<li>Volum &#8212; 10 litri<\/li>\n<li>Greutate &#8212; 0,42 kg.<\/li>\n<\/ul>\n<h3>Marca<\/h3>\n<p>Dometic Mobicool \u2014 este o marc\u0103 suedez\u0103 de mini-frigidere \u0219i diverse produse pentru confortul c\u0103l\u0103torilor. \u00cenfiin\u021bat\u0103 \u00een 1986, compania continu\u0103 \u00een continuare s\u0103 \u00ee\u0219i \u00eembun\u0103t\u0103\u021beasc\u0103 produsele sub sloganul &#171;Simplificarea vie\u021bii mobile&#187;. Dispozitivele marca Dometic devin din ce \u00een ce mai eficiente, compacte \u0219i elegante, iar gama lor se extinde constant. Ast\u0103zi exist\u0103 un num\u0103r mare de sortimente la v\u00e2nzare, ceea ce permite fiec\u0103rui cump\u0103r\u0103tor s\u0103 fac\u0103 o alegere de succes. Dometic este \u00eentruchiparea confortului, a prospe\u021bimii alimentelor, a siguran\u021bei, pe scurt, a tot ceea ce face ca o c\u0103l\u0103torie lung\u0103 s\u0103 fie pl\u0103cut\u0103.<\/p>\n<p><\/p>","protected":false},"excerpt":{"rendered":"<p>\u0421\u0443\u043c\u043a\u0430-\u0445\u043e\u043b\u043e\u0434\u0438\u043b\u044c\u043d\u0438\u043a Dometic Icon 10 Coolbag Yellow<\/p>","protected":false},"featured_media":7487,"comment_status":"open","ping_status":"closed","template":"","meta":{"_acf_changed":false,"inline_featured_image":false},"product_brand":[1274],"product_cat":[539],"product_tag":[],"class_list":{"0":"post-7491","1":"product","2":"type-product","3":"status-publish","4":"has-post-thumbnail","6":"product_brand-dometic","7":"product_cat-icebox","9":"first","10":"instock","11":"shipping-taxable","12":"purchasable","13":"product-type-simple"},"acf":[],"yoast_head":"<!-- This site is optimized with the Yoast SEO plugin v27.2 - https:\/\/yoast.com\/product\/yoast-seo-wordpress\/ -->\n<title>\u0421\u0443\u043c\u043a\u0430-\u0445\u043e\u043b\u043e\u0434\u0438\u043b\u044c\u043d\u0438\u043a Mobicool Icon 10 Coolbag Yellow - \u041c\u0430\u0433\u0430\u0437\u0438\u043d Xstyle<\/title>\n<meta name=\"description\" content=\"\u0421\u0443\u043c\u043a\u0430-\u0445\u043e\u043b\u043e\u0434\u0438\u043b\u044c\u043d\u0438\u043a Mobicool Icon 10 \u043d\u0435\u0437\u0430\u043c\u0435\u043d\u0438\u043c\u0430 \u0434\u043b\u044f \u043f\u0438\u043a\u043d\u0438\u043a\u043e\u0432 \u0438 \u043f\u043e\u0435\u0437\u0434\u043e\u043a. \u0421\u0442\u0438\u043b\u044c\u043d\u0430\u044f \u0438 \u0443\u0434\u043e\u0431\u043d\u0430\u044f, \u0432\u043c\u0435\u0441\u0442\u0438\u043c\u043e\u0441\u0442\u044c 10\/16 \u043b, \u043f\u0440\u043e\u0447\u043d\u044b\u0439 \u043c\u0430\u0442\u0435\u0440\u0438\u0430\u043b PEVA.\" \/>\n<meta name=\"robots\" content=\"index, follow, max-snippet:-1, max-image-preview:large, max-video-preview:-1\" \/>\n<link rel=\"canonical\" href=\"https:\/\/xstyle.md\/ro\/produs\/sumka-holodil-nik-waeco-icon-10-coolbag-yellow\/\" \/>\n<meta property=\"og:locale\" content=\"ro_RO\" \/>\n<meta property=\"og:type\" content=\"article\" \/>\n<meta property=\"og:title\" content=\"\u0421\u0443\u043c\u043a\u0430-\u0445\u043e\u043b\u043e\u0434\u0438\u043b\u044c\u043d\u0438\u043a Mobicool Icon 10 Coolbag Yellow - \u041c\u0430\u0433\u0430\u0437\u0438\u043d Xstyle\" \/>\n<meta property=\"og:description\" content=\"\u0421\u0443\u043c\u043a\u0430-\u0445\u043e\u043b\u043e\u0434\u0438\u043b\u044c\u043d\u0438\u043a Mobicool Icon 10 \u043d\u0435\u0437\u0430\u043c\u0435\u043d\u0438\u043c\u0430 \u0434\u043b\u044f \u043f\u0438\u043a\u043d\u0438\u043a\u043e\u0432 \u0438 \u043f\u043e\u0435\u0437\u0434\u043e\u043a. \u0421\u0442\u0438\u043b\u044c\u043d\u0430\u044f \u0438 \u0443\u0434\u043e\u0431\u043d\u0430\u044f, \u0432\u043c\u0435\u0441\u0442\u0438\u043c\u043e\u0441\u0442\u044c 10\/16 \u043b, \u043f\u0440\u043e\u0447\u043d\u044b\u0439 \u043c\u0430\u0442\u0435\u0440\u0438\u0430\u043b PEVA.\" \/>\n<meta property=\"og:url\" content=\"https:\/\/xstyle.md\/ro\/produs\/sumka-holodil-nik-waeco-icon-10-coolbag-yellow\/\" \/>\n<meta property=\"og:site_name\" content=\"\u041c\u0430\u0433\u0430\u0437\u0438\u043d Xstyle\" \/>\n<meta property=\"article:publisher\" content=\"https:\/\/www.facebook.com\/xstylemd\" \/>\n<meta property=\"article:modified_time\" content=\"2026-03-19T13:33:56+00:00\" \/>\n<meta property=\"og:image\" content=\"https:\/\/xstyle.md\/wp-content\/uploads\/2020\/07\/1343593_bb_00_fb.eps_1000.jpg\" \/>\n\t<meta property=\"og:image:width\" content=\"1000\" \/>\n\t<meta property=\"og:image:height\" content=\"1000\" \/>\n\t<meta property=\"og:image:type\" content=\"image\/jpeg\" \/>\n<meta name=\"twitter:card\" content=\"summary_large_image\" \/>\n<meta name=\"twitter:label1\" content=\"Pre\u021b\" \/>\n\t<meta name=\"twitter:data1\" content=\"790&nbsp;MDL\" \/>\n\t<meta name=\"twitter:label2\" content=\"Disponibilitate\" \/>\n\t<meta name=\"twitter:data2\" content=\"\u00cen stoc\" \/>\n<script type=\"application\/ld+json\" class=\"yoast-schema-graph\">{\"@context\":\"https:\/\/schema.org\",\"@graph\":[{\"@type\":\"WebPage\",\"@id\":\"https:\/\/xstyle.md\/product\/sumka-holodil-nik-waeco-icon-10-coolbag-yellow\/\",\"url\":\"https:\/\/xstyle.md\/product\/sumka-holodil-nik-waeco-icon-10-coolbag-yellow\/\",\"name\":\"\u0421\u0443\u043c\u043a\u0430-\u0445\u043e\u043b\u043e\u0434\u0438\u043b\u044c\u043d\u0438\u043a Mobicool Icon 10 Coolbag Yellow - \u041c\u0430\u0433\u0430\u0437\u0438\u043d Xstyle\",\"isPartOf\":{\"@id\":\"https:\/\/xstyle.md\/#website\"},\"primaryImageOfPage\":{\"@id\":\"https:\/\/xstyle.md\/product\/sumka-holodil-nik-waeco-icon-10-coolbag-yellow\/#primaryimage\"},\"image\":{\"@id\":\"https:\/\/xstyle.md\/product\/sumka-holodil-nik-waeco-icon-10-coolbag-yellow\/#primaryimage\"},\"thumbnailUrl\":\"https:\/\/xstyle.md\/wp-content\/uploads\/2020\/07\/1343593_bb_00_fb.eps_1000.jpg\",\"datePublished\":\"2020-07-16T19:46:11+00:00\",\"dateModified\":\"2026-03-19T13:33:56+00:00\",\"description\":\"\u0421\u0443\u043c\u043a\u0430-\u0445\u043e\u043b\u043e\u0434\u0438\u043b\u044c\u043d\u0438\u043a Mobicool Icon 10 \u043d\u0435\u0437\u0430\u043c\u0435\u043d\u0438\u043c\u0430 \u0434\u043b\u044f \u043f\u0438\u043a\u043d\u0438\u043a\u043e\u0432 \u0438 \u043f\u043e\u0435\u0437\u0434\u043e\u043a. \u0421\u0442\u0438\u043b\u044c\u043d\u0430\u044f \u0438 \u0443\u0434\u043e\u0431\u043d\u0430\u044f, \u0432\u043c\u0435\u0441\u0442\u0438\u043c\u043e\u0441\u0442\u044c 10\/16 \u043b, \u043f\u0440\u043e\u0447\u043d\u044b\u0439 \u043c\u0430\u0442\u0435\u0440\u0438\u0430\u043b PEVA.\",\"breadcrumb\":{\"@id\":\"https:\/\/xstyle.md\/product\/sumka-holodil-nik-waeco-icon-10-coolbag-yellow\/#breadcrumb\"},\"inLanguage\":\"ro-RO\",\"potentialAction\":[{\"@type\":\"ReadAction\",\"target\":[\"https:\/\/xstyle.md\/product\/sumka-holodil-nik-waeco-icon-10-coolbag-yellow\/\"]}]},{\"@type\":\"ImageObject\",\"inLanguage\":\"ro-RO\",\"@id\":\"https:\/\/xstyle.md\/product\/sumka-holodil-nik-waeco-icon-10-coolbag-yellow\/#primaryimage\",\"url\":\"https:\/\/xstyle.md\/wp-content\/uploads\/2020\/07\/1343593_bb_00_fb.eps_1000.jpg\",\"contentUrl\":\"https:\/\/xstyle.md\/wp-content\/uploads\/2020\/07\/1343593_bb_00_fb.eps_1000.jpg\",\"width\":1000,\"height\":1000},{\"@type\":\"BreadcrumbList\",\"@id\":\"https:\/\/xstyle.md\/product\/sumka-holodil-nik-waeco-icon-10-coolbag-yellow\/#breadcrumb\",\"itemListElement\":[{\"@type\":\"ListItem\",\"position\":1,\"name\":\"\u0413\u043b\u0430\u0432\u043d\u0430\u044f \u0441\u0442\u0440\u0430\u043d\u0438\u0446\u0430\",\"item\":\"https:\/\/xstyle.md\/\"},{\"@type\":\"ListItem\",\"position\":2,\"name\":\"\u041c\u0430\u0433\u0430\u0437\u0438\u043d\",\"item\":\"https:\/\/xstyle.md\/shop\/\"},{\"@type\":\"ListItem\",\"position\":3,\"name\":\"\u0421\u0443\u043c\u043a\u0430-\u0445\u043e\u043b\u043e\u0434\u0438\u043b\u044c\u043d\u0438\u043a Mobicool Icon 10 Coolbag Yellow\"}]},{\"@type\":\"WebSite\",\"@id\":\"https:\/\/xstyle.md\/#website\",\"url\":\"https:\/\/xstyle.md\/\",\"name\":\"\u041c\u0430\u0433\u0430\u0437\u0438\u043d Xstyle\",\"description\":\"C\u043d\u0430\u0440\u044f\u0436\u0435\u043d\u0438\u0435 \u0434\u043b\u044f \u0442\u0443\u0440\u0438\u0437\u043c\u0430 \u0438 \u044d\u043a\u0441\u0442\u0440\u0435\u043c\u0430\u043b\u044c\u043d\u044b\u0445 \u0432\u0438\u0434\u043e\u0432 \u0441\u043f\u043e\u0440\u0442\u0430 \u0432 \u041c\u043e\u043b\u0434\u043e\u0432\u0435.. \u0426\u0435\u043d\u044b, \u0444\u043e\u0442\u043e, \u0445\u0430\u0440\u0430\u043a\u0442\u0435\u0440\u0438\u0441\u0442\u0438\u043a\u0438 \u0432 \u041c\u043e\u043b\u0434\u043e\u0432\u0435.\",\"publisher\":{\"@id\":\"https:\/\/xstyle.md\/#organization\"},\"alternateName\":\"X-Style\",\"potentialAction\":[{\"@type\":\"SearchAction\",\"target\":{\"@type\":\"EntryPoint\",\"urlTemplate\":\"https:\/\/xstyle.md\/?s={search_term_string}\"},\"query-input\":{\"@type\":\"PropertyValueSpecification\",\"valueRequired\":true,\"valueName\":\"search_term_string\"}}],\"inLanguage\":\"ro-RO\"},{\"@type\":\"Organization\",\"@id\":\"https:\/\/xstyle.md\/#organization\",\"name\":\"\u041c\u0430\u0433\u0430\u0437\u0438\u043d Xstyle\",\"alternateName\":\"x-style\",\"url\":\"https:\/\/xstyle.md\/\",\"logo\":{\"@type\":\"ImageObject\",\"inLanguage\":\"ro-RO\",\"@id\":\"https:\/\/xstyle.md\/#\/schema\/logo\/image\/\",\"url\":\"https:\/\/xstyle.md\/wp-content\/uploads\/2020\/06\/logoicon.svg\",\"contentUrl\":\"https:\/\/xstyle.md\/wp-content\/uploads\/2020\/06\/logoicon.svg\",\"caption\":\"\u041c\u0430\u0433\u0430\u0437\u0438\u043d Xstyle\"},\"image\":{\"@id\":\"https:\/\/xstyle.md\/#\/schema\/logo\/image\/\"},\"sameAs\":[\"https:\/\/www.facebook.com\/xstylemd\",\"https:\/\/www.instagram.com\/xstyle_md\/\",\"https:\/\/t.me\/xstyle_outdoor\"],\"hasMerchantReturnPolicy\":{\"@type\":\"MerchantReturnPolicy\",\"merchantReturnLink\":\"https:\/\/xstyle.md\/ro\/conditions\/\"}}]}<\/script>\n<meta property=\"product:price:amount\" content=\"790.00\" \/>\n<meta property=\"product:price:currency\" content=\"MDL\" \/>\n<meta property=\"og:availability\" content=\"instock\" \/>\n<meta property=\"product:availability\" content=\"instock\" \/>\n<meta property=\"product:retailer_item_id\" content=\"4015704213973\" \/>\n<meta property=\"product:condition\" content=\"new\" \/>\n<!-- \/ Yoast SEO plugin. -->","yoast_head_json":{"title":"Geant\u0103 frigorific\u0103 Mobicool Icon 10 Coolbag Yellow - Magazin Xstyle","description":"Geanta frigorific\u0103 Mobicool Icon 10 este indispensabil\u0103 pentru picnicuri \u0219i excursii. Elegant\u0103 \u0219i confortabil\u0103, capacitate de 10\/16 l, material rezistent PEVA.","robots":{"index":"index","follow":"follow","max-snippet":"max-snippet:-1","max-image-preview":"max-image-preview:large","max-video-preview":"max-video-preview:-1"},"canonical":"https:\/\/xstyle.md\/ro\/produs\/sumka-holodil-nik-waeco-icon-10-coolbag-yellow\/","og_locale":"ro_RO","og_type":"article","og_title":"\u0421\u0443\u043c\u043a\u0430-\u0445\u043e\u043b\u043e\u0434\u0438\u043b\u044c\u043d\u0438\u043a Mobicool Icon 10 Coolbag Yellow - \u041c\u0430\u0433\u0430\u0437\u0438\u043d Xstyle","og_description":"\u0421\u0443\u043c\u043a\u0430-\u0445\u043e\u043b\u043e\u0434\u0438\u043b\u044c\u043d\u0438\u043a Mobicool Icon 10 \u043d\u0435\u0437\u0430\u043c\u0435\u043d\u0438\u043c\u0430 \u0434\u043b\u044f \u043f\u0438\u043a\u043d\u0438\u043a\u043e\u0432 \u0438 \u043f\u043e\u0435\u0437\u0434\u043e\u043a. \u0421\u0442\u0438\u043b\u044c\u043d\u0430\u044f \u0438 \u0443\u0434\u043e\u0431\u043d\u0430\u044f, \u0432\u043c\u0435\u0441\u0442\u0438\u043c\u043e\u0441\u0442\u044c 10\/16 \u043b, \u043f\u0440\u043e\u0447\u043d\u044b\u0439 \u043c\u0430\u0442\u0435\u0440\u0438\u0430\u043b PEVA.","og_url":"https:\/\/xstyle.md\/ro\/produs\/sumka-holodil-nik-waeco-icon-10-coolbag-yellow\/","og_site_name":"\u041c\u0430\u0433\u0430\u0437\u0438\u043d Xstyle","article_publisher":"https:\/\/www.facebook.com\/xstylemd","article_modified_time":"2026-03-19T13:33:56+00:00","og_image":[{"width":1000,"height":1000,"url":"https:\/\/xstyle.md\/wp-content\/uploads\/2020\/07\/1343593_bb_00_fb.eps_1000.jpg","type":"image\/jpeg"}],"twitter_card":"summary_large_image","twitter_misc":{"Pre\u021b":"790&nbsp;MDL","Disponibilitate":"\u00cen stoc"},"schema":{"@context":"https:\/\/schema.org","@graph":[{"@type":"WebPage","@id":"https:\/\/xstyle.md\/product\/sumka-holodil-nik-waeco-icon-10-coolbag-yellow\/","url":"https:\/\/xstyle.md\/product\/sumka-holodil-nik-waeco-icon-10-coolbag-yellow\/","name":"Geant\u0103 frigorific\u0103 Mobicool Icon 10 Coolbag Yellow - Magazin Xstyle","isPartOf":{"@id":"https:\/\/xstyle.md\/#website"},"primaryImageOfPage":{"@id":"https:\/\/xstyle.md\/product\/sumka-holodil-nik-waeco-icon-10-coolbag-yellow\/#primaryimage"},"image":{"@id":"https:\/\/xstyle.md\/product\/sumka-holodil-nik-waeco-icon-10-coolbag-yellow\/#primaryimage"},"thumbnailUrl":"https:\/\/xstyle.md\/wp-content\/uploads\/2020\/07\/1343593_bb_00_fb.eps_1000.jpg","datePublished":"2020-07-16T19:46:11+00:00","dateModified":"2026-03-19T13:33:56+00:00","description":"Geanta frigorific\u0103 Mobicool Icon 10 este indispensabil\u0103 pentru picnicuri \u0219i excursii. Elegant\u0103 \u0219i confortabil\u0103, capacitate de 10\/16 l, material rezistent PEVA.","breadcrumb":{"@id":"https:\/\/xstyle.md\/product\/sumka-holodil-nik-waeco-icon-10-coolbag-yellow\/#breadcrumb"},"inLanguage":"ro-RO","potentialAction":[{"@type":"ReadAction","target":["https:\/\/xstyle.md\/product\/sumka-holodil-nik-waeco-icon-10-coolbag-yellow\/"]}]},{"@type":"ImageObject","inLanguage":"ro-RO","@id":"https:\/\/xstyle.md\/product\/sumka-holodil-nik-waeco-icon-10-coolbag-yellow\/#primaryimage","url":"https:\/\/xstyle.md\/wp-content\/uploads\/2020\/07\/1343593_bb_00_fb.eps_1000.jpg","contentUrl":"https:\/\/xstyle.md\/wp-content\/uploads\/2020\/07\/1343593_bb_00_fb.eps_1000.jpg","width":1000,"height":1000},{"@type":"BreadcrumbList","@id":"https:\/\/xstyle.md\/product\/sumka-holodil-nik-waeco-icon-10-coolbag-yellow\/#breadcrumb","itemListElement":[{"@type":"ListItem","position":1,"name":"\u0413\u043b\u0430\u0432\u043d\u0430\u044f \u0441\u0442\u0440\u0430\u043d\u0438\u0446\u0430","item":"https:\/\/xstyle.md\/"},{"@type":"ListItem","position":2,"name":"\u041c\u0430\u0433\u0430\u0437\u0438\u043d","item":"https:\/\/xstyle.md\/shop\/"},{"@type":"ListItem","position":3,"name":"\u0421\u0443\u043c\u043a\u0430-\u0445\u043e\u043b\u043e\u0434\u0438\u043b\u044c\u043d\u0438\u043a Mobicool Icon 10 Coolbag Yellow"}]},{"@type":"WebSite","@id":"https:\/\/xstyle.md\/#website","url":"https:\/\/xstyle.md\/","name":"Magazinul X-Style","description":"Echipamente pentru turism \u0219i sporturi extreme \u00een Moldova. Pre\u021buri, fotografii, caracteristici \u00een Moldova.","publisher":{"@id":"https:\/\/xstyle.md\/#organization"},"alternateName":"X-Style","potentialAction":[{"@type":"SearchAction","target":{"@type":"EntryPoint","urlTemplate":"https:\/\/xstyle.md\/?s={search_term_string}"},"query-input":{"@type":"PropertyValueSpecification","valueRequired":true,"valueName":"search_term_string"}}],"inLanguage":"ro-RO"},{"@type":"Organization","@id":"https:\/\/xstyle.md\/#organization","name":"Magazinul X-Style","alternateName":"x-style","url":"https:\/\/xstyle.md\/","logo":{"@type":"ImageObject","inLanguage":"ro-RO","@id":"https:\/\/xstyle.md\/#\/schema\/logo\/image\/","url":"https:\/\/xstyle.md\/wp-content\/uploads\/2020\/06\/logoicon.svg","contentUrl":"https:\/\/xstyle.md\/wp-content\/uploads\/2020\/06\/logoicon.svg","caption":"\u041c\u0430\u0433\u0430\u0437\u0438\u043d Xstyle"},"image":{"@id":"https:\/\/xstyle.md\/#\/schema\/logo\/image\/"},"sameAs":["https:\/\/www.facebook.com\/xstylemd","https:\/\/www.instagram.com\/xstyle_md\/","https:\/\/t.me\/xstyle_outdoor"],"hasMerchantReturnPolicy":{"@type":"MerchantReturnPolicy","merchantReturnLink":"https:\/\/xstyle.md\/ro\/conditions\/"}}]},"product_price_amount":"790.00","product_price_currency":"MDL","og_availability":"instock","product_availability":"instock","product_retailer_item_id":"4015704213973","product_condition":"new"},"post_mailing_queue_ids":[],"_links":{"self":[{"href":"https:\/\/xstyle.md\/ro\/wp-json\/wp\/v2\/product\/7491","targetHints":{"allow":["GET"]}}],"collection":[{"href":"https:\/\/xstyle.md\/ro\/wp-json\/wp\/v2\/product"}],"about":[{"href":"https:\/\/xstyle.md\/ro\/wp-json\/wp\/v2\/types\/product"}],"replies":[{"embeddable":true,"href":"https:\/\/xstyle.md\/ro\/wp-json\/wp\/v2\/comments?post=7491"}],"wp:featuredmedia":[{"embeddable":true,"href":"https:\/\/xstyle.md\/ro\/wp-json\/wp\/v2\/media\/7487"}],"wp:attachment":[{"href":"https:\/\/xstyle.md\/ro\/wp-json\/wp\/v2\/media?parent=7491"}],"wp:term":[{"taxonomy":"product_brand","embeddable":true,"href":"https:\/\/xstyle.md\/ro\/wp-json\/wp\/v2\/product_brand?post=7491"},{"taxonomy":"product_cat","embeddable":true,"href":"https:\/\/xstyle.md\/ro\/wp-json\/wp\/v2\/product_cat?post=7491"},{"taxonomy":"product_tag","embeddable":true,"href":"https:\/\/xstyle.md\/ro\/wp-json\/wp\/v2\/product_tag?post=7491"}],"curies":[{"name":"wp","href":"https:\/\/api.w.org\/{rel}","templated":true}]}}