{"id":7486,"date":"2020-07-16T22:45:55","date_gmt":"2020-07-16T19:45:55","guid":{"rendered":"https:\/\/xstyle.md\/product\/holodil-nik-waeco-wci-22-stone-icebox"},"modified":"2026-03-19T16:33:55","modified_gmt":"2026-03-19T13:33:55","slug":"holodil-nik-waeco-wci-22-stone-icebox","status":"publish","type":"product","link":"https:\/\/xstyle.md\/ro\/produs\/holodil-nik-waeco-wci-22-stone-icebox\/","title":{"rendered":"Box\u0103 termic\u0103 Dometic Cool-Ice WCI-22"},"content":{"rendered":"<\/p>\n<p><strong>Box\u0103 termic\u0103 Dometic Cool-Ice WCI-22<\/strong> este echipat\u0103 cu o izola\u021bie eficient\u0103, \u0219i imediat ce pachetele reci sau cuburi de ghea\u021b\u0103 vor fi plasate \u00een interior, acestea vor p\u0103stra alimentele, pe\u0219tele, momeala \u0219i v\u00e2natul s\u0103lbatic. \u00cen func\u021bie de utilizare \u0219i condi\u021biile meteorologice, acestea pot fi c\u00e2teva zile la r\u00e2nd!<\/p>\n<p>Este confec\u021bionat\u0103 din plastic rezistent la \u0219ocuri \u0219i f\u0103r\u0103 sudur\u0103 este conceput\u0103 s\u0103 reziste la cele mai dificile condi\u021bii. Box\u0103 termic\u0103 Dometic Cool-Ice WCI-22 vine cu izola\u021bie de spum\u0103 durabil\u0103 \u0219i groas\u0103, cu un design unic de etan\u0219are a labirintului, care men\u021bine aerul mai lung \u00een interior.<\/p>\n<p>Frigiderele frigorifice sunt de asemenea foarte puternice, durabile \u0219i u\u0219or de cur\u0103\u021bat. Acest model vine cu o curea de transport confortabil\u0103.<\/p>\n<h3>Particularit\u0103\u021bi<\/h3>\n<ul>\n<li>Recipient izotermic fiabil \u0219i practic pentru depozitarea produselor alimentare refrigerate. Recipientul este preferat de pescari pentru depozitarea pe\u0219telui proasp\u0103t pe barc\u0103. La transportul pe\u0219telui, acesta este de obicei acoperit cu ghea\u021b\u0103 sau cu buc\u0103\u021bi de ghea\u021b\u0103, ceea ce permite p\u0103strarea pe\u0219telui \u00een stare proasp\u0103t\u0103 chiar \u0219i \u00een timpul unui drum lung.<\/li>\n<li>Corpul este fabricat din plastic f\u0103r\u0103 sudur\u0103 rezistent la impact, capacul are un sigiliu etan\u0219, iar izola\u021bia este realizat\u0103 din spum\u0103 poliuretanic\u0103. Acest lucru este suficient pentru a p\u0103stra alimentele la rece timp de p\u00e2n\u0103 la 10 zile. Durata de p\u0103strare la rece depinde de temperatura mediului ambiant, de raportul dintre ghea\u021b\u0103 \u0219i alimente \u0219i de al\u021bi factori.<\/li>\n<li>Construc\u021bia corpului \u0219i a capacului, atunci c\u00e2nd sunt \u00eenchise, formeaz\u0103 un a\u0219a-numit &#171;labirint&#187; prin care c\u0103ldura nu poate p\u0103trunde \u00een camera rece a recipientului. \u00cencuietoarele sunt fabricate din plastic rezistent, balamalele \u0219i toate elementele de fixare sunt din o\u021bel inoxidabil.<\/li>\n<\/ul>\n<div>\n<h3>Caracteristici<\/h3>\n<ul>\n<li>Material &#8212; plastic rezistent la impact, rezistent la radia\u021bii UV<\/li>\n<li>Sistem de r\u0103cire &#8212; pasiv<\/li>\n<li>Izola\u021bie &#8212; spum\u0103 poliuretanic\u0103<\/li>\n<li>Dimensiuni &#8212; 38,6 x 36,2 x 31,3 cm (L x l x \u00ee)<\/li>\n<li>Pere\u021bi &#8212; 4,5 cm<\/li>\n<li>Volum &#8212; 22 litri<\/li>\n<li>Greutate &#8212; 4,2 kg.<\/li>\n<\/ul>\n<h3>Sfaturi de utilizare<\/h3>\n<ul>\n<li>\u00cenainte de utilizare, pune\u021bi recipientul izoterm \u00eentr-un loc r\u0103coros, ferit de lumina soarelui, timp de c\u00e2teva ore.<\/li>\n<li>De asemenea, ar trebui s\u0103 r\u0103ci\u021bi \u00een prealabil b\u0103uturile \u0219i alimentele pe care inten\u021biona\u021bi s\u0103 le p\u0103stra\u021bi \u00een recipient.<\/li>\n<li>Ca agent frigorific suplimentar se pot folosi acumulatori de frig speciali sau cuburi de ghea\u021b\u0103.<\/li>\n<li>Trebuie evitat\u0103 deschiderea frecvent\u0103 a termocontainerului, deoarece aerul reduce puterea de r\u0103cire \u0219i \u00eempiedic\u0103 men\u021binerea unei temperaturi sc\u0103zute \u00een recipient.<\/li>\n<\/ul>\n<h3>Marca<\/h3>\n<p>Dometic \u2014 este o marc\u0103 suedez\u0103 de mini-frigidere \u0219i diverse produse pentru confortul c\u0103l\u0103torilor. \u00cenfiin\u021bat\u0103 \u00een 1986, compania continu\u0103 \u00een continuare s\u0103 \u00ee\u0219i \u00eembun\u0103t\u0103\u021beasc\u0103 produsele sub sloganul &#171;Simplificarea vie\u021bii mobile&#187;. Dispozitivele marca Dometic devin din ce \u00een ce mai eficiente, compacte \u0219i elegante, iar gama lor se extinde constant. Ast\u0103zi exist\u0103 un num\u0103r mare de sortimente la v\u00e2nzare, ceea ce permite fiec\u0103rui cump\u0103r\u0103tor s\u0103 fac\u0103 o alegere de succes. Dometic este \u00eentruchiparea confortului, a prospe\u021bimii alimentelor, a siguran\u021bei, pe scurt, a tot ceea ce face ca o c\u0103l\u0103torie lung\u0103 s\u0103 fie pl\u0103cut\u0103.<\/p>\n<\/div>\n<p><\/p>","protected":false},"excerpt":{"rendered":"<p>Box\u0103 termic\u0103 Dometic Cool-Ice WCI-22<\/p>","protected":false},"featured_media":7482,"comment_status":"open","ping_status":"closed","template":"","meta":{"_acf_changed":false,"inline_featured_image":false},"product_brand":[1274],"product_cat":[539],"product_tag":[],"class_list":{"0":"post-7486","1":"product","2":"type-product","3":"status-publish","4":"has-post-thumbnail","6":"product_brand-dometic","7":"product_cat-icebox","9":"first","10":"instock","11":"shipping-taxable","12":"purchasable","13":"product-type-simple"},"acf":[],"yoast_head":"<!-- This site is optimized with the Yoast SEO plugin v27.2 - https:\/\/yoast.com\/product\/yoast-seo-wordpress\/ -->\n<title>\u0425\u043e\u043b\u043e\u0434\u0438\u043b\u044c\u043d\u0438\u043a Dometic Cool-Ice WCI-22 - \u041c\u0430\u0433\u0430\u0437\u0438\u043d Xstyle<\/title>\n<meta name=\"description\" content=\"\u0425\u043e\u043b\u043e\u0434\u0438\u043b\u044c\u043d\u0438\u043a Dometic Cool-Ice WCI-22 - \u0438\u0434\u0435\u0430\u043b\u044c\u043d\u044b\u0439 \u0432\u044b\u0431\u043e\u0440 \u0434\u043b\u044f \u043b\u044e\u0431\u0438\u0442\u0435\u043b\u0435\u0439 \u0430\u043a\u0442\u0438\u0432\u043d\u043e\u0433\u043e \u043e\u0442\u0434\u044b\u0445\u0430. \u042d\u0444\u0444\u0435\u043a\u0442\u0438\u0432\u043d\u0430\u044f \u0438\u0437\u043e\u043b\u044f\u0446\u0438\u044f \u0441\u043e\u0445\u0440\u0430\u043d\u044f\u0435\u0442 \u0441\u0432\u0435\u0436\u0435\u0441\u0442\u044c \u043f\u0438\u0449\u0438 \u0438 \u043d\u0430\u043f\u0438\u0442\u043a\u043e\u0432 \u0434\u043e\u043b\u0433\u043e.\" \/>\n<meta name=\"robots\" content=\"index, follow, max-snippet:-1, max-image-preview:large, max-video-preview:-1\" \/>\n<link rel=\"canonical\" href=\"https:\/\/xstyle.md\/ro\/produs\/holodil-nik-waeco-wci-22-stone-icebox\/\" \/>\n<meta property=\"og:locale\" content=\"ro_RO\" \/>\n<meta property=\"og:type\" content=\"article\" \/>\n<meta property=\"og:title\" content=\"\u0425\u043e\u043b\u043e\u0434\u0438\u043b\u044c\u043d\u0438\u043a Dometic Cool-Ice WCI-22 - \u041c\u0430\u0433\u0430\u0437\u0438\u043d Xstyle\" \/>\n<meta property=\"og:description\" content=\"\u0425\u043e\u043b\u043e\u0434\u0438\u043b\u044c\u043d\u0438\u043a Dometic Cool-Ice WCI-22 - \u0438\u0434\u0435\u0430\u043b\u044c\u043d\u044b\u0439 \u0432\u044b\u0431\u043e\u0440 \u0434\u043b\u044f \u043b\u044e\u0431\u0438\u0442\u0435\u043b\u0435\u0439 \u0430\u043a\u0442\u0438\u0432\u043d\u043e\u0433\u043e \u043e\u0442\u0434\u044b\u0445\u0430. \u042d\u0444\u0444\u0435\u043a\u0442\u0438\u0432\u043d\u0430\u044f \u0438\u0437\u043e\u043b\u044f\u0446\u0438\u044f \u0441\u043e\u0445\u0440\u0430\u043d\u044f\u0435\u0442 \u0441\u0432\u0435\u0436\u0435\u0441\u0442\u044c \u043f\u0438\u0449\u0438 \u0438 \u043d\u0430\u043f\u0438\u0442\u043a\u043e\u0432 \u0434\u043e\u043b\u0433\u043e.\" \/>\n<meta property=\"og:url\" content=\"https:\/\/xstyle.md\/ro\/produs\/holodil-nik-waeco-wci-22-stone-icebox\/\" \/>\n<meta property=\"og:site_name\" content=\"\u041c\u0430\u0433\u0430\u0437\u0438\u043d Xstyle\" \/>\n<meta property=\"article:publisher\" content=\"https:\/\/www.facebook.com\/xstylemd\" \/>\n<meta property=\"article:modified_time\" content=\"2026-03-19T13:33:55+00:00\" \/>\n<meta property=\"og:image\" content=\"https:\/\/xstyle.md\/wp-content\/uploads\/2020\/07\/dometic_cool-ice_wci-22.jpg\" \/>\n\t<meta property=\"og:image:width\" content=\"464\" \/>\n\t<meta property=\"og:image:height\" content=\"480\" \/>\n\t<meta property=\"og:image:type\" content=\"image\/jpeg\" \/>\n<meta name=\"twitter:card\" content=\"summary_large_image\" \/>\n<meta name=\"twitter:label1\" content=\"Pre\u021b\" \/>\n\t<meta name=\"twitter:data1\" content=\"3.490&nbsp;MDL\" \/>\n\t<meta name=\"twitter:label2\" content=\"Disponibilitate\" \/>\n\t<meta name=\"twitter:data2\" content=\"\u00cen stoc\" \/>\n<script type=\"application\/ld+json\" class=\"yoast-schema-graph\">{\"@context\":\"https:\/\/schema.org\",\"@graph\":[{\"@type\":\"WebPage\",\"@id\":\"https:\/\/xstyle.md\/product\/holodil-nik-waeco-wci-22-stone-icebox\/\",\"url\":\"https:\/\/xstyle.md\/product\/holodil-nik-waeco-wci-22-stone-icebox\/\",\"name\":\"\u0425\u043e\u043b\u043e\u0434\u0438\u043b\u044c\u043d\u0438\u043a Dometic Cool-Ice WCI-22 - \u041c\u0430\u0433\u0430\u0437\u0438\u043d Xstyle\",\"isPartOf\":{\"@id\":\"https:\/\/xstyle.md\/#website\"},\"primaryImageOfPage\":{\"@id\":\"https:\/\/xstyle.md\/product\/holodil-nik-waeco-wci-22-stone-icebox\/#primaryimage\"},\"image\":{\"@id\":\"https:\/\/xstyle.md\/product\/holodil-nik-waeco-wci-22-stone-icebox\/#primaryimage\"},\"thumbnailUrl\":\"https:\/\/xstyle.md\/wp-content\/uploads\/2020\/07\/dometic_cool-ice_wci-22.jpg\",\"datePublished\":\"2020-07-16T19:45:55+00:00\",\"dateModified\":\"2026-03-19T13:33:55+00:00\",\"description\":\"\u0425\u043e\u043b\u043e\u0434\u0438\u043b\u044c\u043d\u0438\u043a Dometic Cool-Ice WCI-22 - \u0438\u0434\u0435\u0430\u043b\u044c\u043d\u044b\u0439 \u0432\u044b\u0431\u043e\u0440 \u0434\u043b\u044f \u043b\u044e\u0431\u0438\u0442\u0435\u043b\u0435\u0439 \u0430\u043a\u0442\u0438\u0432\u043d\u043e\u0433\u043e \u043e\u0442\u0434\u044b\u0445\u0430. \u042d\u0444\u0444\u0435\u043a\u0442\u0438\u0432\u043d\u0430\u044f \u0438\u0437\u043e\u043b\u044f\u0446\u0438\u044f \u0441\u043e\u0445\u0440\u0430\u043d\u044f\u0435\u0442 \u0441\u0432\u0435\u0436\u0435\u0441\u0442\u044c \u043f\u0438\u0449\u0438 \u0438 \u043d\u0430\u043f\u0438\u0442\u043a\u043e\u0432 \u0434\u043e\u043b\u0433\u043e.\",\"breadcrumb\":{\"@id\":\"https:\/\/xstyle.md\/product\/holodil-nik-waeco-wci-22-stone-icebox\/#breadcrumb\"},\"inLanguage\":\"ro-RO\",\"potentialAction\":[{\"@type\":\"ReadAction\",\"target\":[\"https:\/\/xstyle.md\/product\/holodil-nik-waeco-wci-22-stone-icebox\/\"]}]},{\"@type\":\"ImageObject\",\"inLanguage\":\"ro-RO\",\"@id\":\"https:\/\/xstyle.md\/product\/holodil-nik-waeco-wci-22-stone-icebox\/#primaryimage\",\"url\":\"https:\/\/xstyle.md\/wp-content\/uploads\/2020\/07\/dometic_cool-ice_wci-22.jpg\",\"contentUrl\":\"https:\/\/xstyle.md\/wp-content\/uploads\/2020\/07\/dometic_cool-ice_wci-22.jpg\",\"width\":464,\"height\":480},{\"@type\":\"BreadcrumbList\",\"@id\":\"https:\/\/xstyle.md\/product\/holodil-nik-waeco-wci-22-stone-icebox\/#breadcrumb\",\"itemListElement\":[{\"@type\":\"ListItem\",\"position\":1,\"name\":\"\u0413\u043b\u0430\u0432\u043d\u0430\u044f \u0441\u0442\u0440\u0430\u043d\u0438\u0446\u0430\",\"item\":\"https:\/\/xstyle.md\/\"},{\"@type\":\"ListItem\",\"position\":2,\"name\":\"\u041c\u0430\u0433\u0430\u0437\u0438\u043d\",\"item\":\"https:\/\/xstyle.md\/shop\/\"},{\"@type\":\"ListItem\",\"position\":3,\"name\":\"\u0425\u043e\u043b\u043e\u0434\u0438\u043b\u044c\u043d\u0438\u043a Dometic Cool-Ice WCI-22\"}]},{\"@type\":\"WebSite\",\"@id\":\"https:\/\/xstyle.md\/#website\",\"url\":\"https:\/\/xstyle.md\/\",\"name\":\"\u041c\u0430\u0433\u0430\u0437\u0438\u043d Xstyle\",\"description\":\"C\u043d\u0430\u0440\u044f\u0436\u0435\u043d\u0438\u0435 \u0434\u043b\u044f \u0442\u0443\u0440\u0438\u0437\u043c\u0430 \u0438 \u044d\u043a\u0441\u0442\u0440\u0435\u043c\u0430\u043b\u044c\u043d\u044b\u0445 \u0432\u0438\u0434\u043e\u0432 \u0441\u043f\u043e\u0440\u0442\u0430 \u0432 \u041c\u043e\u043b\u0434\u043e\u0432\u0435.. \u0426\u0435\u043d\u044b, \u0444\u043e\u0442\u043e, \u0445\u0430\u0440\u0430\u043a\u0442\u0435\u0440\u0438\u0441\u0442\u0438\u043a\u0438 \u0432 \u041c\u043e\u043b\u0434\u043e\u0432\u0435.\",\"publisher\":{\"@id\":\"https:\/\/xstyle.md\/#organization\"},\"alternateName\":\"X-Style\",\"potentialAction\":[{\"@type\":\"SearchAction\",\"target\":{\"@type\":\"EntryPoint\",\"urlTemplate\":\"https:\/\/xstyle.md\/?s={search_term_string}\"},\"query-input\":{\"@type\":\"PropertyValueSpecification\",\"valueRequired\":true,\"valueName\":\"search_term_string\"}}],\"inLanguage\":\"ro-RO\"},{\"@type\":\"Organization\",\"@id\":\"https:\/\/xstyle.md\/#organization\",\"name\":\"\u041c\u0430\u0433\u0430\u0437\u0438\u043d Xstyle\",\"alternateName\":\"x-style\",\"url\":\"https:\/\/xstyle.md\/\",\"logo\":{\"@type\":\"ImageObject\",\"inLanguage\":\"ro-RO\",\"@id\":\"https:\/\/xstyle.md\/#\/schema\/logo\/image\/\",\"url\":\"https:\/\/xstyle.md\/wp-content\/uploads\/2020\/06\/logoicon.svg\",\"contentUrl\":\"https:\/\/xstyle.md\/wp-content\/uploads\/2020\/06\/logoicon.svg\",\"caption\":\"\u041c\u0430\u0433\u0430\u0437\u0438\u043d Xstyle\"},\"image\":{\"@id\":\"https:\/\/xstyle.md\/#\/schema\/logo\/image\/\"},\"sameAs\":[\"https:\/\/www.facebook.com\/xstylemd\",\"https:\/\/www.instagram.com\/xstyle_md\/\",\"https:\/\/t.me\/xstyle_outdoor\"],\"hasMerchantReturnPolicy\":{\"@type\":\"MerchantReturnPolicy\",\"merchantReturnLink\":\"https:\/\/xstyle.md\/ro\/conditions\/\"}}]}<\/script>\n<meta property=\"product:price:amount\" content=\"3490.00\" \/>\n<meta property=\"product:price:currency\" content=\"MDL\" \/>\n<meta property=\"og:availability\" content=\"instock\" \/>\n<meta property=\"product:availability\" content=\"instock\" \/>\n<meta property=\"product:retailer_item_id\" content=\"9331391005222\" \/>\n<meta property=\"product:condition\" content=\"new\" \/>\n<!-- \/ Yoast SEO plugin. -->","yoast_head_json":{"title":"Box\u0103 termic\u0103 Dometic Cool-Ice WCI-22 - Magazin Xstyle","description":"Frigiderul Dometic Cool-Ice WCI-22 este alegerea perfect\u0103 pentru iubitorii de activit\u0103\u021bi \u00een aer liber. Izola\u021bia eficient\u0103 p\u0103streaz\u0103 prospe\u021bimea alimentelor \u0219i b\u0103uturilor pentru o durat\u0103 \u00eendelungat\u0103.","robots":{"index":"index","follow":"follow","max-snippet":"max-snippet:-1","max-image-preview":"max-image-preview:large","max-video-preview":"max-video-preview:-1"},"canonical":"https:\/\/xstyle.md\/ro\/produs\/holodil-nik-waeco-wci-22-stone-icebox\/","og_locale":"ro_RO","og_type":"article","og_title":"\u0425\u043e\u043b\u043e\u0434\u0438\u043b\u044c\u043d\u0438\u043a Dometic Cool-Ice WCI-22 - \u041c\u0430\u0433\u0430\u0437\u0438\u043d Xstyle","og_description":"\u0425\u043e\u043b\u043e\u0434\u0438\u043b\u044c\u043d\u0438\u043a Dometic Cool-Ice WCI-22 - \u0438\u0434\u0435\u0430\u043b\u044c\u043d\u044b\u0439 \u0432\u044b\u0431\u043e\u0440 \u0434\u043b\u044f \u043b\u044e\u0431\u0438\u0442\u0435\u043b\u0435\u0439 \u0430\u043a\u0442\u0438\u0432\u043d\u043e\u0433\u043e \u043e\u0442\u0434\u044b\u0445\u0430. \u042d\u0444\u0444\u0435\u043a\u0442\u0438\u0432\u043d\u0430\u044f \u0438\u0437\u043e\u043b\u044f\u0446\u0438\u044f \u0441\u043e\u0445\u0440\u0430\u043d\u044f\u0435\u0442 \u0441\u0432\u0435\u0436\u0435\u0441\u0442\u044c \u043f\u0438\u0449\u0438 \u0438 \u043d\u0430\u043f\u0438\u0442\u043a\u043e\u0432 \u0434\u043e\u043b\u0433\u043e.","og_url":"https:\/\/xstyle.md\/ro\/produs\/holodil-nik-waeco-wci-22-stone-icebox\/","og_site_name":"\u041c\u0430\u0433\u0430\u0437\u0438\u043d Xstyle","article_publisher":"https:\/\/www.facebook.com\/xstylemd","article_modified_time":"2026-03-19T13:33:55+00:00","og_image":[{"width":464,"height":480,"url":"https:\/\/xstyle.md\/wp-content\/uploads\/2020\/07\/dometic_cool-ice_wci-22.jpg","type":"image\/jpeg"}],"twitter_card":"summary_large_image","twitter_misc":{"Pre\u021b":"3.490&nbsp;MDL","Disponibilitate":"\u00cen stoc"},"schema":{"@context":"https:\/\/schema.org","@graph":[{"@type":"WebPage","@id":"https:\/\/xstyle.md\/product\/holodil-nik-waeco-wci-22-stone-icebox\/","url":"https:\/\/xstyle.md\/product\/holodil-nik-waeco-wci-22-stone-icebox\/","name":"Box\u0103 termic\u0103 Dometic Cool-Ice WCI-22 - Magazin Xstyle","isPartOf":{"@id":"https:\/\/xstyle.md\/#website"},"primaryImageOfPage":{"@id":"https:\/\/xstyle.md\/product\/holodil-nik-waeco-wci-22-stone-icebox\/#primaryimage"},"image":{"@id":"https:\/\/xstyle.md\/product\/holodil-nik-waeco-wci-22-stone-icebox\/#primaryimage"},"thumbnailUrl":"https:\/\/xstyle.md\/wp-content\/uploads\/2020\/07\/dometic_cool-ice_wci-22.jpg","datePublished":"2020-07-16T19:45:55+00:00","dateModified":"2026-03-19T13:33:55+00:00","description":"Frigiderul Dometic Cool-Ice WCI-22 este alegerea perfect\u0103 pentru iubitorii de activit\u0103\u021bi \u00een aer liber. Izola\u021bia eficient\u0103 p\u0103streaz\u0103 prospe\u021bimea alimentelor \u0219i b\u0103uturilor pentru o durat\u0103 \u00eendelungat\u0103.","breadcrumb":{"@id":"https:\/\/xstyle.md\/product\/holodil-nik-waeco-wci-22-stone-icebox\/#breadcrumb"},"inLanguage":"ro-RO","potentialAction":[{"@type":"ReadAction","target":["https:\/\/xstyle.md\/product\/holodil-nik-waeco-wci-22-stone-icebox\/"]}]},{"@type":"ImageObject","inLanguage":"ro-RO","@id":"https:\/\/xstyle.md\/product\/holodil-nik-waeco-wci-22-stone-icebox\/#primaryimage","url":"https:\/\/xstyle.md\/wp-content\/uploads\/2020\/07\/dometic_cool-ice_wci-22.jpg","contentUrl":"https:\/\/xstyle.md\/wp-content\/uploads\/2020\/07\/dometic_cool-ice_wci-22.jpg","width":464,"height":480},{"@type":"BreadcrumbList","@id":"https:\/\/xstyle.md\/product\/holodil-nik-waeco-wci-22-stone-icebox\/#breadcrumb","itemListElement":[{"@type":"ListItem","position":1,"name":"\u0413\u043b\u0430\u0432\u043d\u0430\u044f \u0441\u0442\u0440\u0430\u043d\u0438\u0446\u0430","item":"https:\/\/xstyle.md\/"},{"@type":"ListItem","position":2,"name":"\u041c\u0430\u0433\u0430\u0437\u0438\u043d","item":"https:\/\/xstyle.md\/shop\/"},{"@type":"ListItem","position":3,"name":"\u0425\u043e\u043b\u043e\u0434\u0438\u043b\u044c\u043d\u0438\u043a Dometic Cool-Ice WCI-22"}]},{"@type":"WebSite","@id":"https:\/\/xstyle.md\/#website","url":"https:\/\/xstyle.md\/","name":"Magazinul X-Style","description":"Echipamente pentru turism \u0219i sporturi extreme \u00een Moldova. Pre\u021buri, fotografii, caracteristici \u00een Moldova.","publisher":{"@id":"https:\/\/xstyle.md\/#organization"},"alternateName":"X-Style","potentialAction":[{"@type":"SearchAction","target":{"@type":"EntryPoint","urlTemplate":"https:\/\/xstyle.md\/?s={search_term_string}"},"query-input":{"@type":"PropertyValueSpecification","valueRequired":true,"valueName":"search_term_string"}}],"inLanguage":"ro-RO"},{"@type":"Organization","@id":"https:\/\/xstyle.md\/#organization","name":"Magazinul X-Style","alternateName":"x-style","url":"https:\/\/xstyle.md\/","logo":{"@type":"ImageObject","inLanguage":"ro-RO","@id":"https:\/\/xstyle.md\/#\/schema\/logo\/image\/","url":"https:\/\/xstyle.md\/wp-content\/uploads\/2020\/06\/logoicon.svg","contentUrl":"https:\/\/xstyle.md\/wp-content\/uploads\/2020\/06\/logoicon.svg","caption":"\u041c\u0430\u0433\u0430\u0437\u0438\u043d Xstyle"},"image":{"@id":"https:\/\/xstyle.md\/#\/schema\/logo\/image\/"},"sameAs":["https:\/\/www.facebook.com\/xstylemd","https:\/\/www.instagram.com\/xstyle_md\/","https:\/\/t.me\/xstyle_outdoor"],"hasMerchantReturnPolicy":{"@type":"MerchantReturnPolicy","merchantReturnLink":"https:\/\/xstyle.md\/ro\/conditions\/"}}]},"product_price_amount":"3490.00","product_price_currency":"MDL","og_availability":"instock","product_availability":"instock","product_retailer_item_id":"9331391005222","product_condition":"new"},"post_mailing_queue_ids":[],"_links":{"self":[{"href":"https:\/\/xstyle.md\/ro\/wp-json\/wp\/v2\/product\/7486","targetHints":{"allow":["GET"]}}],"collection":[{"href":"https:\/\/xstyle.md\/ro\/wp-json\/wp\/v2\/product"}],"about":[{"href":"https:\/\/xstyle.md\/ro\/wp-json\/wp\/v2\/types\/product"}],"replies":[{"embeddable":true,"href":"https:\/\/xstyle.md\/ro\/wp-json\/wp\/v2\/comments?post=7486"}],"wp:featuredmedia":[{"embeddable":true,"href":"https:\/\/xstyle.md\/ro\/wp-json\/wp\/v2\/media\/7482"}],"wp:attachment":[{"href":"https:\/\/xstyle.md\/ro\/wp-json\/wp\/v2\/media?parent=7486"}],"wp:term":[{"taxonomy":"product_brand","embeddable":true,"href":"https:\/\/xstyle.md\/ro\/wp-json\/wp\/v2\/product_brand?post=7486"},{"taxonomy":"product_cat","embeddable":true,"href":"https:\/\/xstyle.md\/ro\/wp-json\/wp\/v2\/product_cat?post=7486"},{"taxonomy":"product_tag","embeddable":true,"href":"https:\/\/xstyle.md\/ro\/wp-json\/wp\/v2\/product_tag?post=7486"}],"curies":[{"name":"wp","href":"https:\/\/api.w.org\/{rel}","templated":true}]}}