{"id":74723,"date":"2023-10-04T19:21:54","date_gmt":"2023-10-04T16:21:54","guid":{"rendered":"https:\/\/xstyle.md\/?post_type=product&#038;p=74723"},"modified":"2026-03-19T17:15:12","modified_gmt":"2026-03-19T14:15:12","slug":"termofutbolka-accapi-synergy-mns-black-red","status":"publish","type":"product","link":"https:\/\/xstyle.md\/ro\/produs\/termofutbolka-accapi-synergy-mns-black-red\/","title":{"rendered":"Tricou termic Accapi Synergy Mns black\/red"},"content":{"rendered":"<\/p>\n<p><strong>Accapi Synergy<\/strong> &#8212; lenjerie intim\u0103 func\u021bional\u0103 sport premium pentru b\u0103rba\u021bi. Tricoul cu m\u00e2nec\u0103 lung\u0103 este conceput special pentru sporturi de \u00eenalt\u0103 performan\u021b\u0103 \u0219i va fi indispensabil pentru efort extrem.<\/p>\n<p>Lenjeria de corp Synergy combin\u0103 tehnologia maxim\u0103, sus\u021binerea excelent\u0103, moliciunea, elasticitatea \u0219i confortul \u00eentr-un mod uimitor.<\/p>\n<p>Gama Synergy dispune de tehnologia Equilibrium Technology\u00ae (EQT) patentat\u0103 de Accapi Lab. Aceast\u0103 combina\u021bie unic\u0103 de fibre selectate corespunz\u0103tor este capabil\u0103 s\u0103 men\u021bin\u0103 o pozi\u021bie stabil\u0103 a corpului \u00een situa\u021bii dinamice.<br \/>\nStudiile au ar\u0103tat c\u0103 lenjeria intim\u0103 cu EQT\u00ae Technology asigur\u0103 o pozi\u021bie mai stabil\u0103 a corpului uman, precum \u0219i cre\u0219te viteza \u0219i eficien\u021ba reac\u021biei la pierderea echilibrului.<\/p>\n<p>Structura ergonomic\u0103 zonat\u0103, care corespunde caracteristicilor fiziologice ale diferitelor p\u0103r\u021bi ale corpului, garanteaz\u0103 o sus\u021binere muscular\u0103 perfect\u0103 \u0219i o senza\u021bie maxim\u0103 de confort. Aceast\u0103 lenjerie de corp termic\u0103 este ideal\u0103 pentru sporturile aerobice \u00een care mi\u0219carea alterneaz\u0103 cu a\u0219teptarea.<\/p>\n<h3>Particularit\u0103\u021bi<\/h3>\n<ul>\n<li>Foarte elastic \u0219i moale, absolut nerestrictiv pentru mi\u0219care<\/li>\n<li>Ofer\u0103 un sprijin muscular perfect<\/li>\n<li>\u021aes\u0103tura cu dou\u0103 straturi elimin\u0103 eficient umezeala, l\u0103s\u00e2nd pielea uscat\u0103.<\/li>\n<li>Ideal pentru sporturile aerobice \u00een care mi\u0219carea alterneaz\u0103 cu a\u0219teptarea;<\/li>\n<li>\u021aes\u0103tura cu dou\u0103 straturi elimin\u0103 eficient umezeala, l\u0103s\u00e2nd pielea uscat\u0103.<\/li>\n<li>Men\u021bine un microclimat optim, indiferent de condi\u021biile meteorologice &#8212; \u00een timpul \u0219i dup\u0103 sport;<\/li>\n<li>Tehnologia de t\u0103iere circular\u0103 3D f\u0103r\u0103 cus\u0103turi previne irita\u021biile.<\/li>\n<li>Potrivit pentru condi\u021bii meteo reci \u0219i calde<\/li>\n<\/ul>\n<h3>Caracteristici<\/h3>\n<ul>\n<li>Material &#8212; 90% nailon, 5% elastan, 5% polipropilen\u0103<\/li>\n<li>Nivel de temperatur\u0103 &#8212; Cald<\/li>\n<li>Sezonul &#8212; iarn\u0103\/prim\u0103var\u0103\/toamn\u0103<\/li>\n<li>Aplicare &#8212; antrenament aerobic<\/li>\n<li>Model - b\u0103rba\u021bi<\/li>\n<\/ul>\n<h3>Tehnologie<\/h3>\n<ul>\n<li><strong>Micro Stripes Zone<\/strong>\u00ae \u2014 zone cu diferite densit\u0103\u021bi de \u021besut pentru o mai bun\u0103 drenare a umidit\u0103\u021bii.<\/li>\n<li><strong>Bee Memo<\/strong>\u00ae \u2014 structur\u0103 volumetric\u0103 cu efect de memorie, capabil\u0103 s\u0103 se extind\u0103 sau s\u0103 se contracte \u00een func\u021bie de necesit\u0103\u021bi.<\/li>\n<li><strong>Channeling Stripes<\/strong>\u00ae \u2014 benzi ergonomice func\u021bionale care sus\u021bin masa muscular\u0103 \u0219i reduc vibra\u021biile \u00een timpul activit\u0103\u021bii.<\/li>\n<li><strong>Six Pack Pad<\/strong>\u00ae \u2014 structur\u0103 anatomic\u0103, sus\u021bin\u00e2nd delicat corpul, cu o capacitate excelent\u0103 de drenare a umezelii.foarte elastic \u0219i moale, absolut nerestric\u021bionat \u00een mi\u0219care.<\/li>\n<li><strong>EQT\u00ae Technology <\/strong>\u00eembun\u0103t\u0103\u021be\u0219te semnificativ stabilitatea corpului \u00een timpul activit\u0103\u021bilor motorii alternante.<\/li>\n<\/ul>\n<h3>Marca<\/h3>\n<p>Compania italian\u0103 Accapi este un exemplu al modului \u00een care tradi\u021biile vechi \u0219i experien\u021ba trecutului tr\u0103iesc \u00een armonie perfect\u0103 cu cele mai avansate tehnologii \u0219i echipamente moderne. \u00cenfiin\u021bat\u0103 \u00een 1958 de familia Chiaruttini, care ini\u021bial producea \u0219osete obi\u0219nuite, \u0219i dup\u0103 ce a acumulat o experien\u021b\u0103 considerabil\u0103, \u00een 1994 a \u00eenceput s\u0103 produc\u0103 \u0219osete tehnologice pentru toate tipurile de sport. De trei genera\u021bii, produc\u021bia de lenjerie de corp termic\u0103 este o afacere de familie, ceea ce garanteaz\u0103 consecven\u021ba unei calit\u0103\u021bi ridicate, deoarece toate modelele sunt produse \u00een fabrica proprie a companiei din Italia. Introducerea de noi tehnologii \u00een 2006 a permis extinderea liniei de produse \u0219i revizuirea calitativ\u0103 a modelelor existente. \u00cen acela\u0219i timp, pre\u021burile pentru Accapi au r\u0103mas la acela\u0219i nivel. Marca Accapi este sponsorul a diver\u0219i sportivi din ciclismul rutier, cursele de motociclete, atletism, schi alpin, inclusiv medalia\u021bi olimpici.<\/p>\n<p><\/p>","protected":false},"excerpt":{"rendered":"","protected":false},"featured_media":74916,"comment_status":"open","ping_status":"closed","template":"","meta":{"_acf_changed":false,"inline_featured_image":false},"product_brand":[1407],"product_cat":[288],"product_tag":[],"class_list":{"0":"post-74723","1":"product","2":"type-product","3":"status-publish","4":"has-post-thumbnail","6":"product_brand-accapi","7":"product_cat-thermals-barbati","9":"first","10":"instock","11":"shipping-taxable","12":"purchasable","13":"product-type-simple"},"acf":[],"yoast_head":"<!-- This site is optimized with the Yoast SEO plugin v27.4 - https:\/\/yoast.com\/product\/yoast-seo-wordpress\/ -->\n<title>\u0422\u0435\u0440\u043c\u043e\u0444\u0443\u0442\u0431\u043e\u043b\u043a\u0430 Accapi Synergy Mns black\/red - \u041c\u0430\u0433\u0430\u0437\u0438\u043d Xstyle<\/title>\n<meta name=\"description\" content=\"\u0422\u0435\u0440\u043c\u043e\u0444\u0443\u0442\u0431\u043e\u043b\u043a\u0430 Accapi Synergy Mns \u0447\u0435\u0440\u043d\u043e-\u043a\u0440\u0430\u0441\u043d\u0430\u044f \u2014 \u0438\u0434\u0435\u0430\u043b\u044c\u043d\u0430\u044f \u0444\u0443\u043d\u043a\u0446\u0438\u043e\u043d\u0430\u043b\u044c\u043d\u0430\u044f \u043e\u0434\u0435\u0436\u0434\u0430 \u0434\u043b\u044f \u0441\u043f\u043e\u0440\u0442\u0430, \u043e\u0431\u0435\u0441\u043f\u0435\u0447\u0438\u0432\u0430\u044e\u0449\u0430\u044f \u0442\u0435\u043f\u043b\u043e \u0438 \u043a\u043e\u043c\u0444\u043e\u0440\u0442 \u0432\u043e \u0432\u0440\u0435\u043c\u044f \u0432\u044b\u0441\u043e\u043a\u0438\u0445 \u043d\u0430\u0433\u0440\u0443\u0437\u043e\u043a.\" \/>\n<meta name=\"robots\" content=\"index, follow, max-snippet:-1, max-image-preview:large, max-video-preview:-1\" \/>\n<link rel=\"canonical\" href=\"https:\/\/xstyle.md\/ro\/produs\/termofutbolka-accapi-synergy-mns-black-red\/\" \/>\n<meta property=\"og:locale\" content=\"ro_RO\" \/>\n<meta property=\"og:type\" content=\"article\" \/>\n<meta property=\"og:title\" content=\"\u0422\u0435\u0440\u043c\u043e\u0444\u0443\u0442\u0431\u043e\u043b\u043a\u0430 Accapi Synergy Mns black\/red - \u041c\u0430\u0433\u0430\u0437\u0438\u043d Xstyle\" \/>\n<meta property=\"og:description\" content=\"\u0422\u0435\u0440\u043c\u043e\u0444\u0443\u0442\u0431\u043e\u043b\u043a\u0430 Accapi Synergy Mns \u0447\u0435\u0440\u043d\u043e-\u043a\u0440\u0430\u0441\u043d\u0430\u044f \u2014 \u0438\u0434\u0435\u0430\u043b\u044c\u043d\u0430\u044f \u0444\u0443\u043d\u043a\u0446\u0438\u043e\u043d\u0430\u043b\u044c\u043d\u0430\u044f \u043e\u0434\u0435\u0436\u0434\u0430 \u0434\u043b\u044f \u0441\u043f\u043e\u0440\u0442\u0430, \u043e\u0431\u0435\u0441\u043f\u0435\u0447\u0438\u0432\u0430\u044e\u0449\u0430\u044f \u0442\u0435\u043f\u043b\u043e \u0438 \u043a\u043e\u043c\u0444\u043e\u0440\u0442 \u0432\u043e \u0432\u0440\u0435\u043c\u044f \u0432\u044b\u0441\u043e\u043a\u0438\u0445 \u043d\u0430\u0433\u0440\u0443\u0437\u043e\u043a.\" \/>\n<meta property=\"og:url\" content=\"https:\/\/xstyle.md\/ro\/produs\/termofutbolka-accapi-synergy-mns-black-red\/\" \/>\n<meta property=\"og:site_name\" content=\"\u041c\u0430\u0433\u0430\u0437\u0438\u043d Xstyle\" \/>\n<meta property=\"article:publisher\" content=\"https:\/\/www.facebook.com\/xstylemd\" \/>\n<meta property=\"article:modified_time\" content=\"2026-03-19T14:15:12+00:00\" \/>\n<meta property=\"og:image\" content=\"https:\/\/xstyle.md\/wp-content\/uploads\/2023\/10\/tricou-accapi-synergy-mns-black-red.jpg\" \/>\n\t<meta property=\"og:image:width\" content=\"586\" \/>\n\t<meta property=\"og:image:height\" content=\"576\" \/>\n\t<meta property=\"og:image:type\" content=\"image\/jpeg\" \/>\n<meta name=\"twitter:card\" content=\"summary_large_image\" \/>\n<meta name=\"twitter:label1\" content=\"Pre\u021b\" \/>\n\t<meta name=\"twitter:data1\" content=\"1.690&nbsp;MDL\" \/>\n\t<meta name=\"twitter:label2\" content=\"Disponibilitate\" \/>\n\t<meta name=\"twitter:data2\" content=\"\u00cen stoc\" \/>\n<script type=\"application\/ld+json\" class=\"yoast-schema-graph\">{\"@context\":\"https:\\\/\\\/schema.org\",\"@graph\":[{\"@type\":\"WebPage\",\"@id\":\"https:\\\/\\\/xstyle.md\\\/product\\\/termofutbolka-accapi-synergy-mns-black-red\\\/\",\"url\":\"https:\\\/\\\/xstyle.md\\\/product\\\/termofutbolka-accapi-synergy-mns-black-red\\\/\",\"name\":\"\u0422\u0435\u0440\u043c\u043e\u0444\u0443\u0442\u0431\u043e\u043b\u043a\u0430 Accapi Synergy Mns black\\\/red - \u041c\u0430\u0433\u0430\u0437\u0438\u043d Xstyle\",\"isPartOf\":{\"@id\":\"https:\\\/\\\/xstyle.md\\\/#website\"},\"primaryImageOfPage\":{\"@id\":\"https:\\\/\\\/xstyle.md\\\/product\\\/termofutbolka-accapi-synergy-mns-black-red\\\/#primaryimage\"},\"image\":{\"@id\":\"https:\\\/\\\/xstyle.md\\\/product\\\/termofutbolka-accapi-synergy-mns-black-red\\\/#primaryimage\"},\"thumbnailUrl\":\"https:\\\/\\\/xstyle.md\\\/wp-content\\\/uploads\\\/2023\\\/10\\\/tricou-accapi-synergy-mns-black-red.jpg\",\"datePublished\":\"2023-10-04T16:21:54+00:00\",\"dateModified\":\"2026-03-19T14:15:12+00:00\",\"description\":\"\u0422\u0435\u0440\u043c\u043e\u0444\u0443\u0442\u0431\u043e\u043b\u043a\u0430 Accapi Synergy Mns \u0447\u0435\u0440\u043d\u043e-\u043a\u0440\u0430\u0441\u043d\u0430\u044f \u2014 \u0438\u0434\u0435\u0430\u043b\u044c\u043d\u0430\u044f \u0444\u0443\u043d\u043a\u0446\u0438\u043e\u043d\u0430\u043b\u044c\u043d\u0430\u044f \u043e\u0434\u0435\u0436\u0434\u0430 \u0434\u043b\u044f \u0441\u043f\u043e\u0440\u0442\u0430, \u043e\u0431\u0435\u0441\u043f\u0435\u0447\u0438\u0432\u0430\u044e\u0449\u0430\u044f \u0442\u0435\u043f\u043b\u043e \u0438 \u043a\u043e\u043c\u0444\u043e\u0440\u0442 \u0432\u043e \u0432\u0440\u0435\u043c\u044f \u0432\u044b\u0441\u043e\u043a\u0438\u0445 \u043d\u0430\u0433\u0440\u0443\u0437\u043e\u043a.\",\"breadcrumb\":{\"@id\":\"https:\\\/\\\/xstyle.md\\\/product\\\/termofutbolka-accapi-synergy-mns-black-red\\\/#breadcrumb\"},\"inLanguage\":\"ro-RO\",\"potentialAction\":[{\"@type\":\"ReadAction\",\"target\":[\"https:\\\/\\\/xstyle.md\\\/product\\\/termofutbolka-accapi-synergy-mns-black-red\\\/\"]}]},{\"@type\":\"ImageObject\",\"inLanguage\":\"ro-RO\",\"@id\":\"https:\\\/\\\/xstyle.md\\\/product\\\/termofutbolka-accapi-synergy-mns-black-red\\\/#primaryimage\",\"url\":\"https:\\\/\\\/xstyle.md\\\/wp-content\\\/uploads\\\/2023\\\/10\\\/tricou-accapi-synergy-mns-black-red.jpg\",\"contentUrl\":\"https:\\\/\\\/xstyle.md\\\/wp-content\\\/uploads\\\/2023\\\/10\\\/tricou-accapi-synergy-mns-black-red.jpg\",\"width\":586,\"height\":576,\"caption\":\"\u0422\u0435\u0440\u043c\u043e\u0444\u0443\u0442\u0431\u043e\u043b\u043a\u0430 Accapi Synergy Mns \u0447\u0435\u0440\u043d\u043e-\u043a\u0440\u0430\u0441\u043d\u0430\u044f \u0434\u043b\u044f \u0430\u043a\u0442\u0438\u0432\u043d\u043e\u0433\u043e \u043e\u0442\u0434\u044b\u0445\u0430, \u043f\u043e\u0445\u043e\u0434\u043e\u0432, \u0442\u0443\u0440\u0438\u0437\u043c\u0430 \u0438 \u0441\u043f\u043e\u0440\u0442\u043e\u043c \u0432 \u0438\u043d\u0442\u0435\u0440\u043d\u0435\u0442-\u043c\u0430\u0433\u0430\u0437\u0438\u043d\u0435 \u0434\u043b\u044f \u043b\u044e\u0431\u0438\u0442\u0435\u043b\u0435\u0439 \u0430\u043a\u0442\u0438\u0432\u043d\u043e\u0439 \u0436\u0438\u0437\u043d\u0438\"},{\"@type\":\"BreadcrumbList\",\"@id\":\"https:\\\/\\\/xstyle.md\\\/product\\\/termofutbolka-accapi-synergy-mns-black-red\\\/#breadcrumb\",\"itemListElement\":[{\"@type\":\"ListItem\",\"position\":1,\"name\":\"\u0413\u043b\u0430\u0432\u043d\u0430\u044f \u0441\u0442\u0440\u0430\u043d\u0438\u0446\u0430\",\"item\":\"https:\\\/\\\/xstyle.md\\\/\"},{\"@type\":\"ListItem\",\"position\":2,\"name\":\"\u041c\u0430\u0433\u0430\u0437\u0438\u043d\",\"item\":\"https:\\\/\\\/xstyle.md\\\/shop\\\/\"},{\"@type\":\"ListItem\",\"position\":3,\"name\":\"\u0422\u0435\u0440\u043c\u043e\u0444\u0443\u0442\u0431\u043e\u043b\u043a\u0430 Accapi Synergy Mns black\\\/red\"}]},{\"@type\":\"WebSite\",\"@id\":\"https:\\\/\\\/xstyle.md\\\/#website\",\"url\":\"https:\\\/\\\/xstyle.md\\\/\",\"name\":\"\u041c\u0430\u0433\u0430\u0437\u0438\u043d Xstyle\",\"description\":\"C\u043d\u0430\u0440\u044f\u0436\u0435\u043d\u0438\u0435 \u0434\u043b\u044f \u0442\u0443\u0440\u0438\u0437\u043c\u0430 \u0438 \u044d\u043a\u0441\u0442\u0440\u0435\u043c\u0430\u043b\u044c\u043d\u044b\u0445 \u0432\u0438\u0434\u043e\u0432 \u0441\u043f\u043e\u0440\u0442\u0430 \u0432 \u041c\u043e\u043b\u0434\u043e\u0432\u0435.. \u0426\u0435\u043d\u044b, \u0444\u043e\u0442\u043e, \u0445\u0430\u0440\u0430\u043a\u0442\u0435\u0440\u0438\u0441\u0442\u0438\u043a\u0438 \u0432 \u041c\u043e\u043b\u0434\u043e\u0432\u0435.\",\"publisher\":{\"@id\":\"https:\\\/\\\/xstyle.md\\\/#organization\"},\"alternateName\":\"X-Style\",\"potentialAction\":[{\"@type\":\"SearchAction\",\"target\":{\"@type\":\"EntryPoint\",\"urlTemplate\":\"https:\\\/\\\/xstyle.md\\\/?s={search_term_string}\"},\"query-input\":{\"@type\":\"PropertyValueSpecification\",\"valueRequired\":true,\"valueName\":\"search_term_string\"}}],\"inLanguage\":\"ro-RO\"},{\"@type\":\"Organization\",\"@id\":\"https:\\\/\\\/xstyle.md\\\/#organization\",\"name\":\"\u041c\u0430\u0433\u0430\u0437\u0438\u043d Xstyle\",\"alternateName\":\"x-style\",\"url\":\"https:\\\/\\\/xstyle.md\\\/\",\"logo\":{\"@type\":\"ImageObject\",\"inLanguage\":\"ro-RO\",\"@id\":\"https:\\\/\\\/xstyle.md\\\/#\\\/schema\\\/logo\\\/image\\\/\",\"url\":\"https:\\\/\\\/xstyle.md\\\/wp-content\\\/uploads\\\/2020\\\/06\\\/logoicon.svg\",\"contentUrl\":\"https:\\\/\\\/xstyle.md\\\/wp-content\\\/uploads\\\/2020\\\/06\\\/logoicon.svg\",\"caption\":\"\u041c\u0430\u0433\u0430\u0437\u0438\u043d Xstyle\"},\"image\":{\"@id\":\"https:\\\/\\\/xstyle.md\\\/#\\\/schema\\\/logo\\\/image\\\/\"},\"sameAs\":[\"https:\\\/\\\/www.facebook.com\\\/xstylemd\",\"https:\\\/\\\/www.instagram.com\\\/xstyle_md\\\/\",\"https:\\\/\\\/t.me\\\/xstyle_outdoor\"],\"hasMerchantReturnPolicy\":{\"@type\":\"MerchantReturnPolicy\",\"merchantReturnLink\":\"https:\\\/\\\/xstyle.md\\\/ro\\\/conditions\\\/\"}}]}<\/script>\n<meta property=\"product:price:amount\" content=\"1690.00\" \/>\n<meta property=\"product:price:currency\" content=\"MDL\" \/>\n<meta property=\"og:availability\" content=\"instock\" \/>\n<meta property=\"product:availability\" content=\"instock\" \/>\n<meta property=\"product:retailer_item_id\" content=\"8057271020758\" \/>\n<meta property=\"product:condition\" content=\"new\" \/>\n<!-- \/ Yoast SEO plugin. -->","yoast_head_json":{"title":"Tricou termic Accapi Synergy Mns black\/red - Magazin Xstyle","description":"C\u0103m\u0103\u0219ile termice Accapi Synergy Mns \u00een culori negru \u0219i ro\u0219u sunt \u00eembr\u0103c\u0103mintea func\u021bional\u0103 ideal\u0103 pentru sport, asigur\u00e2nd c\u0103ldur\u0103 \u0219i confort \u00een timpul eforturilor intense.","robots":{"index":"index","follow":"follow","max-snippet":"max-snippet:-1","max-image-preview":"max-image-preview:large","max-video-preview":"max-video-preview:-1"},"canonical":"https:\/\/xstyle.md\/ro\/produs\/termofutbolka-accapi-synergy-mns-black-red\/","og_locale":"ro_RO","og_type":"article","og_title":"\u0422\u0435\u0440\u043c\u043e\u0444\u0443\u0442\u0431\u043e\u043b\u043a\u0430 Accapi Synergy Mns black\/red - \u041c\u0430\u0433\u0430\u0437\u0438\u043d Xstyle","og_description":"\u0422\u0435\u0440\u043c\u043e\u0444\u0443\u0442\u0431\u043e\u043b\u043a\u0430 Accapi Synergy Mns \u0447\u0435\u0440\u043d\u043e-\u043a\u0440\u0430\u0441\u043d\u0430\u044f \u2014 \u0438\u0434\u0435\u0430\u043b\u044c\u043d\u0430\u044f \u0444\u0443\u043d\u043a\u0446\u0438\u043e\u043d\u0430\u043b\u044c\u043d\u0430\u044f \u043e\u0434\u0435\u0436\u0434\u0430 \u0434\u043b\u044f \u0441\u043f\u043e\u0440\u0442\u0430, \u043e\u0431\u0435\u0441\u043f\u0435\u0447\u0438\u0432\u0430\u044e\u0449\u0430\u044f \u0442\u0435\u043f\u043b\u043e \u0438 \u043a\u043e\u043c\u0444\u043e\u0440\u0442 \u0432\u043e \u0432\u0440\u0435\u043c\u044f \u0432\u044b\u0441\u043e\u043a\u0438\u0445 \u043d\u0430\u0433\u0440\u0443\u0437\u043e\u043a.","og_url":"https:\/\/xstyle.md\/ro\/produs\/termofutbolka-accapi-synergy-mns-black-red\/","og_site_name":"\u041c\u0430\u0433\u0430\u0437\u0438\u043d Xstyle","article_publisher":"https:\/\/www.facebook.com\/xstylemd","article_modified_time":"2026-03-19T14:15:12+00:00","og_image":[{"width":586,"height":576,"url":"https:\/\/xstyle.md\/wp-content\/uploads\/2023\/10\/tricou-accapi-synergy-mns-black-red.jpg","type":"image\/jpeg"}],"twitter_card":"summary_large_image","twitter_misc":{"Pre\u021b":"1.690&nbsp;MDL","Disponibilitate":"\u00cen stoc"},"schema":{"@context":"https:\/\/schema.org","@graph":[{"@type":"WebPage","@id":"https:\/\/xstyle.md\/product\/termofutbolka-accapi-synergy-mns-black-red\/","url":"https:\/\/xstyle.md\/product\/termofutbolka-accapi-synergy-mns-black-red\/","name":"Tricou termic Accapi Synergy Mns black\/red - Magazin Xstyle","isPartOf":{"@id":"https:\/\/xstyle.md\/#website"},"primaryImageOfPage":{"@id":"https:\/\/xstyle.md\/product\/termofutbolka-accapi-synergy-mns-black-red\/#primaryimage"},"image":{"@id":"https:\/\/xstyle.md\/product\/termofutbolka-accapi-synergy-mns-black-red\/#primaryimage"},"thumbnailUrl":"https:\/\/xstyle.md\/wp-content\/uploads\/2023\/10\/tricou-accapi-synergy-mns-black-red.jpg","datePublished":"2023-10-04T16:21:54+00:00","dateModified":"2026-03-19T14:15:12+00:00","description":"C\u0103m\u0103\u0219ile termice Accapi Synergy Mns \u00een culori negru \u0219i ro\u0219u sunt \u00eembr\u0103c\u0103mintea func\u021bional\u0103 ideal\u0103 pentru sport, asigur\u00e2nd c\u0103ldur\u0103 \u0219i confort \u00een timpul eforturilor intense.","breadcrumb":{"@id":"https:\/\/xstyle.md\/product\/termofutbolka-accapi-synergy-mns-black-red\/#breadcrumb"},"inLanguage":"ro-RO","potentialAction":[{"@type":"ReadAction","target":["https:\/\/xstyle.md\/product\/termofutbolka-accapi-synergy-mns-black-red\/"]}]},{"@type":"ImageObject","inLanguage":"ro-RO","@id":"https:\/\/xstyle.md\/product\/termofutbolka-accapi-synergy-mns-black-red\/#primaryimage","url":"https:\/\/xstyle.md\/wp-content\/uploads\/2023\/10\/tricou-accapi-synergy-mns-black-red.jpg","contentUrl":"https:\/\/xstyle.md\/wp-content\/uploads\/2023\/10\/tricou-accapi-synergy-mns-black-red.jpg","width":586,"height":576,"caption":"\u0422\u0435\u0440\u043c\u043e\u0444\u0443\u0442\u0431\u043e\u043b\u043a\u0430 Accapi Synergy Mns \u0447\u0435\u0440\u043d\u043e-\u043a\u0440\u0430\u0441\u043d\u0430\u044f \u0434\u043b\u044f \u0430\u043a\u0442\u0438\u0432\u043d\u043e\u0433\u043e \u043e\u0442\u0434\u044b\u0445\u0430, \u043f\u043e\u0445\u043e\u0434\u043e\u0432, \u0442\u0443\u0440\u0438\u0437\u043c\u0430 \u0438 \u0441\u043f\u043e\u0440\u0442\u043e\u043c \u0432 \u0438\u043d\u0442\u0435\u0440\u043d\u0435\u0442-\u043c\u0430\u0433\u0430\u0437\u0438\u043d\u0435 \u0434\u043b\u044f \u043b\u044e\u0431\u0438\u0442\u0435\u043b\u0435\u0439 \u0430\u043a\u0442\u0438\u0432\u043d\u043e\u0439 \u0436\u0438\u0437\u043d\u0438"},{"@type":"BreadcrumbList","@id":"https:\/\/xstyle.md\/product\/termofutbolka-accapi-synergy-mns-black-red\/#breadcrumb","itemListElement":[{"@type":"ListItem","position":1,"name":"\u0413\u043b\u0430\u0432\u043d\u0430\u044f \u0441\u0442\u0440\u0430\u043d\u0438\u0446\u0430","item":"https:\/\/xstyle.md\/"},{"@type":"ListItem","position":2,"name":"\u041c\u0430\u0433\u0430\u0437\u0438\u043d","item":"https:\/\/xstyle.md\/shop\/"},{"@type":"ListItem","position":3,"name":"\u0422\u0435\u0440\u043c\u043e\u0444\u0443\u0442\u0431\u043e\u043b\u043a\u0430 Accapi Synergy Mns black\/red"}]},{"@type":"WebSite","@id":"https:\/\/xstyle.md\/#website","url":"https:\/\/xstyle.md\/","name":"Magazinul X-Style","description":"Echipamente pentru turism \u0219i sporturi extreme \u00een Moldova. Pre\u021buri, fotografii, caracteristici \u00een Moldova.","publisher":{"@id":"https:\/\/xstyle.md\/#organization"},"alternateName":"X-Style","potentialAction":[{"@type":"SearchAction","target":{"@type":"EntryPoint","urlTemplate":"https:\/\/xstyle.md\/?s={search_term_string}"},"query-input":{"@type":"PropertyValueSpecification","valueRequired":true,"valueName":"search_term_string"}}],"inLanguage":"ro-RO"},{"@type":"Organization","@id":"https:\/\/xstyle.md\/#organization","name":"Magazinul X-Style","alternateName":"x-style","url":"https:\/\/xstyle.md\/","logo":{"@type":"ImageObject","inLanguage":"ro-RO","@id":"https:\/\/xstyle.md\/#\/schema\/logo\/image\/","url":"https:\/\/xstyle.md\/wp-content\/uploads\/2020\/06\/logoicon.svg","contentUrl":"https:\/\/xstyle.md\/wp-content\/uploads\/2020\/06\/logoicon.svg","caption":"\u041c\u0430\u0433\u0430\u0437\u0438\u043d Xstyle"},"image":{"@id":"https:\/\/xstyle.md\/#\/schema\/logo\/image\/"},"sameAs":["https:\/\/www.facebook.com\/xstylemd","https:\/\/www.instagram.com\/xstyle_md\/","https:\/\/t.me\/xstyle_outdoor"],"hasMerchantReturnPolicy":{"@type":"MerchantReturnPolicy","merchantReturnLink":"https:\/\/xstyle.md\/ro\/conditions\/"}}]},"product_price_amount":"1690.00","product_price_currency":"MDL","og_availability":"instock","product_availability":"instock","product_retailer_item_id":"8057271020758","product_condition":"new"},"_links":{"self":[{"href":"https:\/\/xstyle.md\/ro\/wp-json\/wp\/v2\/product\/74723","targetHints":{"allow":["GET"]}}],"collection":[{"href":"https:\/\/xstyle.md\/ro\/wp-json\/wp\/v2\/product"}],"about":[{"href":"https:\/\/xstyle.md\/ro\/wp-json\/wp\/v2\/types\/product"}],"replies":[{"embeddable":true,"href":"https:\/\/xstyle.md\/ro\/wp-json\/wp\/v2\/comments?post=74723"}],"wp:featuredmedia":[{"embeddable":true,"href":"https:\/\/xstyle.md\/ro\/wp-json\/wp\/v2\/media\/74916"}],"wp:attachment":[{"href":"https:\/\/xstyle.md\/ro\/wp-json\/wp\/v2\/media?parent=74723"}],"wp:term":[{"taxonomy":"product_brand","embeddable":true,"href":"https:\/\/xstyle.md\/ro\/wp-json\/wp\/v2\/product_brand?post=74723"},{"taxonomy":"product_cat","embeddable":true,"href":"https:\/\/xstyle.md\/ro\/wp-json\/wp\/v2\/product_cat?post=74723"},{"taxonomy":"product_tag","embeddable":true,"href":"https:\/\/xstyle.md\/ro\/wp-json\/wp\/v2\/product_tag?post=74723"}],"curies":[{"name":"wp","href":"https:\/\/api.w.org\/{rel}","templated":true}]}}