{"id":74524,"date":"2023-09-28T13:28:21","date_gmt":"2023-09-28T10:28:21","guid":{"rendered":"https:\/\/xstyle.md\/?post_type=product&#038;p=74524"},"modified":"2024-10-03T01:25:52","modified_gmt":"2024-10-02T22:25:52","slug":"videoregistrator-garmin-dash-cam-67w","status":"publish","type":"product","link":"https:\/\/xstyle.md\/ro\/produs\/videoregistrator-garmin-dash-cam-67w\/","title":{"rendered":"Camer\u0103 de bord Garmin Dash Cam 67W"},"content":{"rendered":"<p><strong>Garmin Dash Cam 67W<\/strong> &#8212; \u043a\u043e\u043c\u043f\u0430\u043a\u0442\u043d\u044b\u0439 \u0432\u0438\u0434\u0435\u043e\u0440\u0435\u0433\u0438\u0441\u0442\u0440\u0430\u0442\u043e\u0440 \u0441 \u0433\u043e\u043b\u043e\u0441\u043e\u0432\u044b\u043c \u0443\u043f\u0440\u0430\u0432\u043b\u0435\u043d\u0438\u0435\u043c \u043e\u0431\u0435\u0441\u043f\u0435\u0447\u0438\u0432\u0430\u0435\u0442 \u0441\u0432\u0435\u0440\u0445 \u0448\u0438\u0440\u043e\u043a\u043e\u0435 \u043f\u043e\u043b\u0435 \u043e\u0431\u0437\u043e\u0440\u0430 180 \u0433\u0440\u0430\u0434\u0443\u0441\u043e\u0432 \u0438 \u0441\u043e\u0445\u0440\u0430\u043d\u044f\u0435\u0442 \u0432\u0441\u0435 \u0432\u0430\u0436\u043d\u044b\u0435 \u0434\u0435\u0442\u0430\u043b\u0438 \u0441 \u043f\u043e\u043c\u043e\u0449\u044c\u044e \u0432\u0438\u0434\u0435\u043e 1440p HD.<\/p>\n<h3>Particularit\u0103\u021bi<\/h3>\n<ul>\n<li>\u0421\u043e\u0445\u0440\u0430\u043d\u044f\u0435\u0442 \u0432\u0441\u0435 \u0432\u0430\u0436\u043d\u044b\u0435 \u0434\u0435\u0442\u0430\u043b\u0438. \u0417\u0430\u043f\u0438\u0441\u044c \u0432\u0438\u0434\u0435\u043e 1440p HD \u0441\u043e \u0441\u0432\u0435\u0440\u0445\u0448\u0438\u0440\u043e\u043a\u0438\u043c \u043f\u043e\u043b\u0435\u043c \u043e\u0431\u0437\u043e\u0440\u0430 180 \u0433\u0440\u0430\u0434\u0443\u0441\u043e\u0432.<\/li>\n<li>\u0414\u0435\u0442\u0430\u043b\u0438 \u043c\u043d\u043e\u0433\u043e \u0437\u043d\u0430\u0447\u0430\u0442. \u041f\u043e\u044d\u0442\u043e\u043c\u0443 \u0432\u0441\u0442\u0440\u043e\u0435\u043d\u043d\u044b\u0439 GPS-\u043f\u0440\u0438\u0435\u043c\u043d\u0438\u043a \u043f\u043e\u043a\u0430\u0436\u0435\u0442 \u0432\u0440\u0435\u043c\u044f \u0438 \u043c\u0435\u0441\u0442\u043e \u0441\u043e\u0431\u044b\u0442\u0438\u0439.<\/li>\n<li>\u0413\u043e\u043b\u043e\u0441\u043e\u0432\u043e\u0435 \u0443\u043f\u0440\u0430\u0432\u043b\u0435\u043d\u0438\u0435 \u043f\u043e\u0437\u0432\u043e\u043b\u044f\u0435\u0442 \u0432\u044b\u0434\u0430\u0432\u0430\u0442\u044c \u043a\u043e\u043c\u0430\u043d\u0434\u044b, \u043d\u0435 \u043e\u0442\u0440\u044b\u0432\u0430\u044f \u0440\u0443\u043a \u043e\u0442 \u0440\u0443\u043b\u044f.<\/li>\n<li>\u0418\u0441\u043f\u043e\u043b\u044c\u0437\u0443\u0439\u0442\u0435 \u0444\u0443\u043d\u043a\u0446\u0438\u044e \u043c\u043e\u043d\u0438\u0442\u043e\u0440\u0438\u043d\u0433\u0430 Live View \u0434\u043b\u044f \u0434\u0438\u0441\u0442\u0430\u043d\u0446\u0438\u043e\u043d\u043d\u043e\u0433\u043e \u043d\u0430\u0431\u043b\u044e\u0434\u0435\u043d\u0438\u044f \u0437\u0430 \u043c\u0430\u0448\u0438\u043d\u043e\u0439.<\/li>\n<li>\u0424\u0443\u043d\u043a\u0446\u0438\u044f Parking Guard \u043f\u0440\u0435\u0434\u0443\u043f\u0440\u0435\u0434\u0438\u0442 \u0412\u0430\u0441 \u043e\u0431 \u0438\u043d\u0446\u0438\u0434\u0435\u043d\u0442\u0430\u0445, \u0438\u043c\u0435\u044e\u0449\u0438\u0445 \u043e\u0442\u043d\u043e\u0448\u0435\u043d\u0438\u0435 \u043a \u043f\u0440\u0438\u043f\u0430\u0440\u043a\u043e\u0432\u0430\u043d\u043d\u043e\u043c\u0443 \u0430\u0432\u0442\u043e\u043c\u043e\u0431\u0438\u043b\u044e.<\/li>\n<li>\u0418\u043d\u0444\u043e\u0440\u043c\u0430\u0446\u0438\u044f \u043b\u0438\u0448\u043d\u0435\u0439 \u043d\u0435 \u0431\u044b\u0432\u0430\u0435\u0442. \u041f\u0440\u0435\u0434\u0443\u043f\u0440\u0435\u0436\u0434\u0435\u043d\u0438\u044f \u0434\u043b\u044f \u0432\u043e\u0434\u0438\u0442\u0435\u043b\u0435\u0439 \u0431\u0443\u0434\u0443\u0442 \u0412\u0430\u043c \u043f\u043e\u043b\u0435\u0437\u043d\u044b.<\/li>\n<\/ul>\n<h3>\u0414\u043e\u043f\u043e\u043b\u043d\u0438\u0442\u0435\u043b\u044c\u043d\u044b\u0435 \u0444\u0443\u043d\u043a\u0446\u0438\u0438<\/h3>\n<ul>\n<li>GPS\/Galileo<\/li>\n<li>\u0423\u0433\u043e\u043b \u043e\u0431\u0437\u043e\u0440\u0430 180\u00b0<\/li>\n<li>Control vocal;<\/li>\n<li>Wi-Fi\/Bluetooth<\/li>\n<li>Avertismente de p\u0103r\u0103sire a benzii LDWS;<\/li>\n<li>Avertismente cu \u00eenceperea mi\u0219c\u0103rii \u00een trafic Go;<\/li>\n<li>Avertismente privind camera de vitez\u0103;<\/li>\n<li>Travelapse<\/li>\n<li>Clarity \u2122 HDR<\/li>\n<li>Garmin Real Vision<\/li>\n<li>Dash Cam Auto Sync - p\u00e2n\u0103 la 4 camere;<\/li>\n<li>Vizualizarea videoclipurilor \u00eentr-o aplica\u021bie compatibil\u0103 Garmin Drive;<\/li>\n<li>Compatibilitate cu Vault (stocare video online securizat\u0103) - numai versiunea f\u0103r\u0103 abonament este disponibil\u0103 \u00een Rusia;<\/li>\n<li>Parking Guard (avertizare de impact cu ma\u0219ina) (cu aplica\u021bia Garmin Drive\u2122);<\/li>\n<li>\u0414\u0438\u0441\u0442\u0430\u043d\u0446\u0438\u043e\u043d\u043d\u044b\u0439 \u043e\u0431\u0437\u043e\u0440 Live View (\u0442\u0440\u0435\u0431\u0443\u0435\u0442\u0441\u044f \u043f\u043e\u0434\u043a\u043b\u044e\u0447\u0435\u043d\u0438\u0435 Wi-Fi) (\u0441 \u043f\u0440\u0438\u043b\u043e\u0436\u0435\u043d\u0438\u0435\u043c Garmin Drive\u2122<\/li>\n<\/ul>\n<h3>Caracteristici<\/h3>\n<ul>\n<li>Dimensiune - 5,62 cm x 4,05 cm x 2,19 cm;<\/li>\n<li>Monitor \u00eencorporat - LCD de 2.0\u2033;<\/li>\n<li>Rezolu\u021bie - p\u00e2n\u0103 la 1440p;<\/li>\n<li>Frecven\u021ba cadrelor - p\u00e2n\u0103 la 60 fps;<\/li>\n<li>\u00cenregistrare sunet - da;<\/li>\n<li>Rotirea camerei - da;<\/li>\n<li>Format de comprimare video - MP4;<\/li>\n<li>3D \u0434\u0430\u0442\u0447\u0438\u043a \u0443\u0441\u043a\u043e\u0440\u0435\u043d\u0438\u0439 (G-sensor) &#8212; \u0435\u0441\u0442\u044c<\/li>\n<li>GPS \u043c\u043e\u0434\u0443\u043b\u044c &#8212; \u0435\u0441\u0442\u044c<\/li>\n<li>Memorie flash - card microSD (nu este inclus);<\/li>\n<li>\u0412\u0435\u0441 &#8212; 57 \u0433<\/li>\n<\/ul>\n<h3>Complecta\u021bia<\/h3>\n<ul>\n<li>\u0423\u0441\u0442\u0440\u043e\u0439\u0441\u0442\u0432\u043e Dash Cam 67W (SD \u043a\u0430\u0440\u0442\u043e\u0447\u043a\u0430 \u043d\u0435 \u0432\u0445\u043e\u0434\u0438\u0442 \u0432 \u043a\u043e\u043c\u043f\u043b\u0435\u043a\u0442)<\/li>\n<li>Suport magnetic cu profil redus;<\/li>\n<li>Cabluri de alimentare pentru autovehicule;<\/li>\n<li>Adaptor de alimentare 2 porturi USB;<\/li>\n<li>Ghid rapid.<\/li>\n<\/ul>","protected":false},"excerpt":{"rendered":"<p>Garmin Dash Cam 67W &#8212; \u043a\u043e\u043c\u043f\u0430\u043a\u0442\u043d\u044b\u0439 \u0432\u0438\u0434\u0435\u043e\u0440\u0435\u0433\u0438\u0441\u0442\u0440\u0430\u0442\u043e\u0440 \u0441 \u0433\u043e\u043b\u043e\u0441\u043e\u0432\u044b\u043c \u0443\u043f\u0440\u0430\u0432\u043b\u0435\u043d\u0438\u0435\u043c \u043e\u0431\u0435\u0441\u043f\u0435\u0447\u0438\u0432\u0430\u0435\u0442 \u0441\u0432\u0435\u0440\u0445 \u0448\u0438\u0440\u043e\u043a\u043e\u0435 \u043f\u043e\u043b\u0435 \u043e\u0431\u0437\u043e\u0440\u0430 180 \u0433\u0440\u0430\u0434\u0443\u0441\u043e\u0432 \u0438 \u0441\u043e\u0445\u0440\u0430\u043d\u044f\u0435\u0442 \u0432\u0441\u0435 \u0432\u0430\u0436\u043d\u044b\u0435 \u0434\u0435\u0442\u0430\u043b\u0438 \u0441 \u043f\u043e\u043c\u043e\u0449\u044c\u044e \u0432\u0438\u0434\u0435\u043e 1440p HD. \u041e\u0441\u043e\u0431\u0435\u043d\u043d\u043e\u0441\u0442\u0438 \u0421\u043e\u0445\u0440\u0430\u043d\u044f\u0435\u0442 \u0432\u0441\u0435 \u0432\u0430\u0436\u043d\u044b\u0435 \u0434\u0435\u0442\u0430\u043b\u0438. \u0417\u0430\u043f\u0438\u0441\u044c \u0432\u0438\u0434\u0435\u043e 1440p HD \u0441\u043e \u0441\u0432\u0435\u0440\u0445\u0448\u0438\u0440\u043e\u043a\u0438\u043c \u043f\u043e\u043b\u0435\u043c \u043e\u0431\u0437\u043e\u0440\u0430 180 \u0433\u0440\u0430\u0434\u0443\u0441\u043e\u0432. \u0414\u0435\u0442\u0430\u043b\u0438 \u043c\u043d\u043e\u0433\u043e \u0437\u043d\u0430\u0447\u0430\u0442. \u041f\u043e\u044d\u0442\u043e\u043c\u0443 \u0432\u0441\u0442\u0440\u043e\u0435\u043d\u043d\u044b\u0439 GPS-\u043f\u0440\u0438\u0435\u043c\u043d\u0438\u043a \u043f\u043e\u043a\u0430\u0436\u0435\u0442 \u0432\u0440\u0435\u043c\u044f \u0438 \u043c\u0435\u0441\u0442\u043e \u0441\u043e\u0431\u044b\u0442\u0438\u0439. \u0413\u043e\u043b\u043e\u0441\u043e\u0432\u043e\u0435 \u0443\u043f\u0440\u0430\u0432\u043b\u0435\u043d\u0438\u0435 [&hellip;]<\/p>\n","protected":false},"featured_media":74649,"comment_status":"open","ping_status":"closed","template":"","meta":{"_acf_changed":false,"inline_featured_image":false},"product_brand":[1265],"product_cat":[910],"product_tag":[],"class_list":{"0":"post-74524","1":"product","2":"type-product","3":"status-publish","4":"has-post-thumbnail","6":"product_brand-garmin","7":"product_cat-dvrs-and-cameras","9":"first","10":"outofstock","11":"shipping-taxable","12":"product-type-simple"},"acf":[],"yoast_head":"<!-- This site is optimized with the Yoast SEO plugin v27.2 - https:\/\/yoast.com\/product\/yoast-seo-wordpress\/ -->\n<title>\u0412\u0438\u0434\u0435\u043e\u0440\u0435\u0433\u0438\u0441\u0442\u0440\u0430\u0442\u043e\u0440 Garmin Dash Cam 67W - \u041c\u0430\u0433\u0430\u0437\u0438\u043d Xstyle<\/title>\n<meta name=\"description\" content=\"\u0412\u0438\u0434\u0435\u043e\u0440\u0435\u0433\u0438\u0441\u0442\u0440\u0430\u0442\u043e\u0440 Garmin Dash Cam 67W: 180\u00b0 \u0443\u0433\u043e\u043b, 1440p HD, GPS, Live View, Parking Guard. \u0412\u044b\u0441\u043e\u043a\u043e\u0435 \u043a\u0430\u0447\u0435\u0441\u0442\u0432\u043e \u0437\u0430\u043f\u0438\u0441\u0438 \u0438 \u043d\u0430\u0434\u0435\u0436\u043d\u0430\u044f \u0437\u0430\u0449\u0438\u0442\u0430 \u043d\u0430 \u0434\u043e\u0440\u043e\u0433\u0435.\" \/>\n<meta name=\"robots\" content=\"index, follow, max-snippet:-1, max-image-preview:large, max-video-preview:-1\" \/>\n<link rel=\"canonical\" href=\"https:\/\/xstyle.md\/ro\/produs\/videoregistrator-garmin-dash-cam-67w\/\" \/>\n<meta property=\"og:locale\" content=\"ro_RO\" \/>\n<meta property=\"og:type\" content=\"article\" \/>\n<meta property=\"og:title\" content=\"\u0412\u0438\u0434\u0435\u043e\u0440\u0435\u0433\u0438\u0441\u0442\u0440\u0430\u0442\u043e\u0440 Garmin Dash Cam 67W - \u041c\u0430\u0433\u0430\u0437\u0438\u043d Xstyle\" \/>\n<meta property=\"og:description\" content=\"\u0412\u0438\u0434\u0435\u043e\u0440\u0435\u0433\u0438\u0441\u0442\u0440\u0430\u0442\u043e\u0440 Garmin Dash Cam 67W: 180\u00b0 \u0443\u0433\u043e\u043b, 1440p HD, GPS, Live View, Parking Guard. \u0412\u044b\u0441\u043e\u043a\u043e\u0435 \u043a\u0430\u0447\u0435\u0441\u0442\u0432\u043e \u0437\u0430\u043f\u0438\u0441\u0438 \u0438 \u043d\u0430\u0434\u0435\u0436\u043d\u0430\u044f \u0437\u0430\u0449\u0438\u0442\u0430 \u043d\u0430 \u0434\u043e\u0440\u043e\u0433\u0435.\" \/>\n<meta property=\"og:url\" content=\"https:\/\/xstyle.md\/ro\/produs\/videoregistrator-garmin-dash-cam-67w\/\" \/>\n<meta property=\"og:site_name\" content=\"\u041c\u0430\u0433\u0430\u0437\u0438\u043d Xstyle\" \/>\n<meta property=\"article:publisher\" content=\"https:\/\/www.facebook.com\/xstylemd\" \/>\n<meta property=\"article:modified_time\" content=\"2024-10-02T22:25:52+00:00\" \/>\n<meta property=\"og:image\" content=\"https:\/\/xstyle.md\/wp-content\/uploads\/2023\/09\/garmin-dash-cam-67w.jpg\" \/>\n\t<meta property=\"og:image:width\" content=\"600\" \/>\n\t<meta property=\"og:image:height\" content=\"600\" \/>\n\t<meta property=\"og:image:type\" content=\"image\/jpeg\" \/>\n<meta name=\"twitter:card\" content=\"summary_large_image\" \/>\n<meta name=\"twitter:label1\" content=\"Pre\u021b\" \/>\n\t<meta name=\"twitter:data1\" content=\"5.190&nbsp;MDL\" \/>\n\t<meta name=\"twitter:label2\" content=\"Disponibilitate\" \/>\n\t<meta name=\"twitter:data2\" content=\"Stoc epuizat\" \/>\n<script type=\"application\/ld+json\" class=\"yoast-schema-graph\">{\"@context\":\"https:\/\/schema.org\",\"@graph\":[{\"@type\":\"WebPage\",\"@id\":\"https:\/\/xstyle.md\/product\/videoregistrator-garmin-dash-cam-67w\/\",\"url\":\"https:\/\/xstyle.md\/product\/videoregistrator-garmin-dash-cam-67w\/\",\"name\":\"\u0412\u0438\u0434\u0435\u043e\u0440\u0435\u0433\u0438\u0441\u0442\u0440\u0430\u0442\u043e\u0440 Garmin Dash Cam 67W - \u041c\u0430\u0433\u0430\u0437\u0438\u043d Xstyle\",\"isPartOf\":{\"@id\":\"https:\/\/xstyle.md\/#website\"},\"primaryImageOfPage\":{\"@id\":\"https:\/\/xstyle.md\/product\/videoregistrator-garmin-dash-cam-67w\/#primaryimage\"},\"image\":{\"@id\":\"https:\/\/xstyle.md\/product\/videoregistrator-garmin-dash-cam-67w\/#primaryimage\"},\"thumbnailUrl\":\"https:\/\/xstyle.md\/wp-content\/uploads\/2023\/09\/garmin-dash-cam-67w.jpg\",\"datePublished\":\"2023-09-28T10:28:21+00:00\",\"dateModified\":\"2024-10-02T22:25:52+00:00\",\"description\":\"\u0412\u0438\u0434\u0435\u043e\u0440\u0435\u0433\u0438\u0441\u0442\u0440\u0430\u0442\u043e\u0440 Garmin Dash Cam 67W: 180\u00b0 \u0443\u0433\u043e\u043b, 1440p HD, GPS, Live View, Parking Guard. \u0412\u044b\u0441\u043e\u043a\u043e\u0435 \u043a\u0430\u0447\u0435\u0441\u0442\u0432\u043e \u0437\u0430\u043f\u0438\u0441\u0438 \u0438 \u043d\u0430\u0434\u0435\u0436\u043d\u0430\u044f \u0437\u0430\u0449\u0438\u0442\u0430 \u043d\u0430 \u0434\u043e\u0440\u043e\u0433\u0435.\",\"breadcrumb\":{\"@id\":\"https:\/\/xstyle.md\/product\/videoregistrator-garmin-dash-cam-67w\/#breadcrumb\"},\"inLanguage\":\"ro-RO\",\"potentialAction\":[{\"@type\":\"ReadAction\",\"target\":[\"https:\/\/xstyle.md\/product\/videoregistrator-garmin-dash-cam-67w\/\"]}]},{\"@type\":\"ImageObject\",\"inLanguage\":\"ro-RO\",\"@id\":\"https:\/\/xstyle.md\/product\/videoregistrator-garmin-dash-cam-67w\/#primaryimage\",\"url\":\"https:\/\/xstyle.md\/wp-content\/uploads\/2023\/09\/garmin-dash-cam-67w.jpg\",\"contentUrl\":\"https:\/\/xstyle.md\/wp-content\/uploads\/2023\/09\/garmin-dash-cam-67w.jpg\",\"width\":600,\"height\":600,\"caption\":\"\u041c\u0438\u043d\u0438\u0430\u0442\u044e\u0440\u0430 \u0432\u0438\u0434\u0435\u043e\u0440\u0435\u0433\u0438\u0441\u0442\u0440\u0430\u0442\u043e\u0440\u0430 Garmin Dash Cam 67W \u0434\u043b\u044f \u0430\u043a\u0442\u0438\u0432\u043d\u043e\u0433\u043e \u043e\u0442\u0434\u044b\u0445\u0430, \u043f\u0443\u0442\u0435\u0448\u0435\u0441\u0442\u0432\u0438\u0439 \u0438 \u043f\u043e\u0445\u043e\u0434\u043e\u0432 \u0441 \u044d\u043a\u0438\u043f\u0438\u0440\u043e\u0432\u043a\u043e\u0439 \u0434\u043b\u044f \u0442\u0443\u0440\u0438\u0441\u0442\u043e\u0432, \u0441\u043f\u043e\u0440\u0442\u0438\u0432\u043d\u043e\u0439 \u043e\u0434\u0435\u0436\u0434\u044b \u0438 \u043e\u0431\u0443\u0432\u0438 \u0434\u043b\u044f \u0430\u043a\u0442\u0438\u0432\u043d\u043e\u0439 \u0436\u0438\u0437\u043d\u0438\"},{\"@type\":\"BreadcrumbList\",\"@id\":\"https:\/\/xstyle.md\/product\/videoregistrator-garmin-dash-cam-67w\/#breadcrumb\",\"itemListElement\":[{\"@type\":\"ListItem\",\"position\":1,\"name\":\"\u0413\u043b\u0430\u0432\u043d\u0430\u044f \u0441\u0442\u0440\u0430\u043d\u0438\u0446\u0430\",\"item\":\"https:\/\/xstyle.md\/\"},{\"@type\":\"ListItem\",\"position\":2,\"name\":\"\u041c\u0430\u0433\u0430\u0437\u0438\u043d\",\"item\":\"https:\/\/xstyle.md\/shop\/\"},{\"@type\":\"ListItem\",\"position\":3,\"name\":\"\u0412\u0438\u0434\u0435\u043e\u0440\u0435\u0433\u0438\u0441\u0442\u0440\u0430\u0442\u043e\u0440 Garmin Dash Cam 67W\"}]},{\"@type\":\"WebSite\",\"@id\":\"https:\/\/xstyle.md\/#website\",\"url\":\"https:\/\/xstyle.md\/\",\"name\":\"\u041c\u0430\u0433\u0430\u0437\u0438\u043d Xstyle\",\"description\":\"C\u043d\u0430\u0440\u044f\u0436\u0435\u043d\u0438\u0435 \u0434\u043b\u044f \u0442\u0443\u0440\u0438\u0437\u043c\u0430 \u0438 \u044d\u043a\u0441\u0442\u0440\u0435\u043c\u0430\u043b\u044c\u043d\u044b\u0445 \u0432\u0438\u0434\u043e\u0432 \u0441\u043f\u043e\u0440\u0442\u0430 \u0432 \u041c\u043e\u043b\u0434\u043e\u0432\u0435.. \u0426\u0435\u043d\u044b, \u0444\u043e\u0442\u043e, \u0445\u0430\u0440\u0430\u043a\u0442\u0435\u0440\u0438\u0441\u0442\u0438\u043a\u0438 \u0432 \u041c\u043e\u043b\u0434\u043e\u0432\u0435.\",\"publisher\":{\"@id\":\"https:\/\/xstyle.md\/#organization\"},\"alternateName\":\"X-Style\",\"potentialAction\":[{\"@type\":\"SearchAction\",\"target\":{\"@type\":\"EntryPoint\",\"urlTemplate\":\"https:\/\/xstyle.md\/?s={search_term_string}\"},\"query-input\":{\"@type\":\"PropertyValueSpecification\",\"valueRequired\":true,\"valueName\":\"search_term_string\"}}],\"inLanguage\":\"ro-RO\"},{\"@type\":\"Organization\",\"@id\":\"https:\/\/xstyle.md\/#organization\",\"name\":\"\u041c\u0430\u0433\u0430\u0437\u0438\u043d Xstyle\",\"alternateName\":\"x-style\",\"url\":\"https:\/\/xstyle.md\/\",\"logo\":{\"@type\":\"ImageObject\",\"inLanguage\":\"ro-RO\",\"@id\":\"https:\/\/xstyle.md\/#\/schema\/logo\/image\/\",\"url\":\"https:\/\/xstyle.md\/wp-content\/uploads\/2020\/06\/logoicon.svg\",\"contentUrl\":\"https:\/\/xstyle.md\/wp-content\/uploads\/2020\/06\/logoicon.svg\",\"caption\":\"\u041c\u0430\u0433\u0430\u0437\u0438\u043d Xstyle\"},\"image\":{\"@id\":\"https:\/\/xstyle.md\/#\/schema\/logo\/image\/\"},\"sameAs\":[\"https:\/\/www.facebook.com\/xstylemd\",\"https:\/\/www.instagram.com\/xstyle_md\/\",\"https:\/\/t.me\/xstyle_outdoor\"],\"hasMerchantReturnPolicy\":{\"@type\":\"MerchantReturnPolicy\",\"merchantReturnLink\":\"https:\/\/xstyle.md\/ro\/conditions\/\"}}]}<\/script>\n<meta property=\"product:price:amount\" content=\"5190.00\" \/>\n<meta property=\"product:price:currency\" content=\"MDL\" \/>\n<meta property=\"og:availability\" content=\"out of stock\" \/>\n<meta property=\"product:availability\" content=\"out of stock\" \/>\n<meta property=\"product:retailer_item_id\" content=\"753759269425\" \/>\n<meta property=\"product:condition\" content=\"new\" \/>\n<!-- \/ Yoast SEO plugin. -->","yoast_head_json":{"title":"Videoregistrator Garmin Dash Cam 67W - Magazin Xstyle","description":"Camera de bord Garmin Dash Cam 67W: un unghi de 180\u00b0, 1440p HD, GPS, Live View, Parking Guard. Calitate \u00eenalt\u0103 de \u00eenregistrare \u0219i protec\u021bie fiabil\u0103 pe drum.","robots":{"index":"index","follow":"follow","max-snippet":"max-snippet:-1","max-image-preview":"max-image-preview:large","max-video-preview":"max-video-preview:-1"},"canonical":"https:\/\/xstyle.md\/ro\/produs\/videoregistrator-garmin-dash-cam-67w\/","og_locale":"ro_RO","og_type":"article","og_title":"\u0412\u0438\u0434\u0435\u043e\u0440\u0435\u0433\u0438\u0441\u0442\u0440\u0430\u0442\u043e\u0440 Garmin Dash Cam 67W - \u041c\u0430\u0433\u0430\u0437\u0438\u043d Xstyle","og_description":"\u0412\u0438\u0434\u0435\u043e\u0440\u0435\u0433\u0438\u0441\u0442\u0440\u0430\u0442\u043e\u0440 Garmin Dash Cam 67W: 180\u00b0 \u0443\u0433\u043e\u043b, 1440p HD, GPS, Live View, Parking Guard. \u0412\u044b\u0441\u043e\u043a\u043e\u0435 \u043a\u0430\u0447\u0435\u0441\u0442\u0432\u043e \u0437\u0430\u043f\u0438\u0441\u0438 \u0438 \u043d\u0430\u0434\u0435\u0436\u043d\u0430\u044f \u0437\u0430\u0449\u0438\u0442\u0430 \u043d\u0430 \u0434\u043e\u0440\u043e\u0433\u0435.","og_url":"https:\/\/xstyle.md\/ro\/produs\/videoregistrator-garmin-dash-cam-67w\/","og_site_name":"\u041c\u0430\u0433\u0430\u0437\u0438\u043d Xstyle","article_publisher":"https:\/\/www.facebook.com\/xstylemd","article_modified_time":"2024-10-02T22:25:52+00:00","og_image":[{"width":600,"height":600,"url":"https:\/\/xstyle.md\/wp-content\/uploads\/2023\/09\/garmin-dash-cam-67w.jpg","type":"image\/jpeg"}],"twitter_card":"summary_large_image","twitter_misc":{"Pre\u021b":"5.190&nbsp;MDL","Disponibilitate":"Stoc epuizat"},"schema":{"@context":"https:\/\/schema.org","@graph":[{"@type":"WebPage","@id":"https:\/\/xstyle.md\/product\/videoregistrator-garmin-dash-cam-67w\/","url":"https:\/\/xstyle.md\/product\/videoregistrator-garmin-dash-cam-67w\/","name":"Videoregistrator Garmin Dash Cam 67W - Magazin Xstyle","isPartOf":{"@id":"https:\/\/xstyle.md\/#website"},"primaryImageOfPage":{"@id":"https:\/\/xstyle.md\/product\/videoregistrator-garmin-dash-cam-67w\/#primaryimage"},"image":{"@id":"https:\/\/xstyle.md\/product\/videoregistrator-garmin-dash-cam-67w\/#primaryimage"},"thumbnailUrl":"https:\/\/xstyle.md\/wp-content\/uploads\/2023\/09\/garmin-dash-cam-67w.jpg","datePublished":"2023-09-28T10:28:21+00:00","dateModified":"2024-10-02T22:25:52+00:00","description":"Camera de bord Garmin Dash Cam 67W: un unghi de 180\u00b0, 1440p HD, GPS, Live View, Parking Guard. Calitate \u00eenalt\u0103 de \u00eenregistrare \u0219i protec\u021bie fiabil\u0103 pe drum.","breadcrumb":{"@id":"https:\/\/xstyle.md\/product\/videoregistrator-garmin-dash-cam-67w\/#breadcrumb"},"inLanguage":"ro-RO","potentialAction":[{"@type":"ReadAction","target":["https:\/\/xstyle.md\/product\/videoregistrator-garmin-dash-cam-67w\/"]}]},{"@type":"ImageObject","inLanguage":"ro-RO","@id":"https:\/\/xstyle.md\/product\/videoregistrator-garmin-dash-cam-67w\/#primaryimage","url":"https:\/\/xstyle.md\/wp-content\/uploads\/2023\/09\/garmin-dash-cam-67w.jpg","contentUrl":"https:\/\/xstyle.md\/wp-content\/uploads\/2023\/09\/garmin-dash-cam-67w.jpg","width":600,"height":600,"caption":"\u041c\u0438\u043d\u0438\u0430\u0442\u044e\u0440\u0430 \u0432\u0438\u0434\u0435\u043e\u0440\u0435\u0433\u0438\u0441\u0442\u0440\u0430\u0442\u043e\u0440\u0430 Garmin Dash Cam 67W \u0434\u043b\u044f \u0430\u043a\u0442\u0438\u0432\u043d\u043e\u0433\u043e \u043e\u0442\u0434\u044b\u0445\u0430, \u043f\u0443\u0442\u0435\u0448\u0435\u0441\u0442\u0432\u0438\u0439 \u0438 \u043f\u043e\u0445\u043e\u0434\u043e\u0432 \u0441 \u044d\u043a\u0438\u043f\u0438\u0440\u043e\u0432\u043a\u043e\u0439 \u0434\u043b\u044f \u0442\u0443\u0440\u0438\u0441\u0442\u043e\u0432, \u0441\u043f\u043e\u0440\u0442\u0438\u0432\u043d\u043e\u0439 \u043e\u0434\u0435\u0436\u0434\u044b \u0438 \u043e\u0431\u0443\u0432\u0438 \u0434\u043b\u044f \u0430\u043a\u0442\u0438\u0432\u043d\u043e\u0439 \u0436\u0438\u0437\u043d\u0438"},{"@type":"BreadcrumbList","@id":"https:\/\/xstyle.md\/product\/videoregistrator-garmin-dash-cam-67w\/#breadcrumb","itemListElement":[{"@type":"ListItem","position":1,"name":"\u0413\u043b\u0430\u0432\u043d\u0430\u044f \u0441\u0442\u0440\u0430\u043d\u0438\u0446\u0430","item":"https:\/\/xstyle.md\/"},{"@type":"ListItem","position":2,"name":"\u041c\u0430\u0433\u0430\u0437\u0438\u043d","item":"https:\/\/xstyle.md\/shop\/"},{"@type":"ListItem","position":3,"name":"\u0412\u0438\u0434\u0435\u043e\u0440\u0435\u0433\u0438\u0441\u0442\u0440\u0430\u0442\u043e\u0440 Garmin Dash Cam 67W"}]},{"@type":"WebSite","@id":"https:\/\/xstyle.md\/#website","url":"https:\/\/xstyle.md\/","name":"Magazinul X-Style","description":"Echipamente pentru turism \u0219i sporturi extreme \u00een Moldova. Pre\u021buri, fotografii, caracteristici \u00een Moldova.","publisher":{"@id":"https:\/\/xstyle.md\/#organization"},"alternateName":"X-Style","potentialAction":[{"@type":"SearchAction","target":{"@type":"EntryPoint","urlTemplate":"https:\/\/xstyle.md\/?s={search_term_string}"},"query-input":{"@type":"PropertyValueSpecification","valueRequired":true,"valueName":"search_term_string"}}],"inLanguage":"ro-RO"},{"@type":"Organization","@id":"https:\/\/xstyle.md\/#organization","name":"Magazinul X-Style","alternateName":"x-style","url":"https:\/\/xstyle.md\/","logo":{"@type":"ImageObject","inLanguage":"ro-RO","@id":"https:\/\/xstyle.md\/#\/schema\/logo\/image\/","url":"https:\/\/xstyle.md\/wp-content\/uploads\/2020\/06\/logoicon.svg","contentUrl":"https:\/\/xstyle.md\/wp-content\/uploads\/2020\/06\/logoicon.svg","caption":"\u041c\u0430\u0433\u0430\u0437\u0438\u043d Xstyle"},"image":{"@id":"https:\/\/xstyle.md\/#\/schema\/logo\/image\/"},"sameAs":["https:\/\/www.facebook.com\/xstylemd","https:\/\/www.instagram.com\/xstyle_md\/","https:\/\/t.me\/xstyle_outdoor"],"hasMerchantReturnPolicy":{"@type":"MerchantReturnPolicy","merchantReturnLink":"https:\/\/xstyle.md\/ro\/conditions\/"}}]},"product_price_amount":"5190.00","product_price_currency":"MDL","og_availability":"out of stock","product_availability":"out of stock","product_retailer_item_id":"753759269425","product_condition":"new"},"post_mailing_queue_ids":[],"_links":{"self":[{"href":"https:\/\/xstyle.md\/ro\/wp-json\/wp\/v2\/product\/74524","targetHints":{"allow":["GET"]}}],"collection":[{"href":"https:\/\/xstyle.md\/ro\/wp-json\/wp\/v2\/product"}],"about":[{"href":"https:\/\/xstyle.md\/ro\/wp-json\/wp\/v2\/types\/product"}],"replies":[{"embeddable":true,"href":"https:\/\/xstyle.md\/ro\/wp-json\/wp\/v2\/comments?post=74524"}],"wp:featuredmedia":[{"embeddable":true,"href":"https:\/\/xstyle.md\/ro\/wp-json\/wp\/v2\/media\/74649"}],"wp:attachment":[{"href":"https:\/\/xstyle.md\/ro\/wp-json\/wp\/v2\/media?parent=74524"}],"wp:term":[{"taxonomy":"product_brand","embeddable":true,"href":"https:\/\/xstyle.md\/ro\/wp-json\/wp\/v2\/product_brand?post=74524"},{"taxonomy":"product_cat","embeddable":true,"href":"https:\/\/xstyle.md\/ro\/wp-json\/wp\/v2\/product_cat?post=74524"},{"taxonomy":"product_tag","embeddable":true,"href":"https:\/\/xstyle.md\/ro\/wp-json\/wp\/v2\/product_tag?post=74524"}],"curies":[{"name":"wp","href":"https:\/\/api.w.org\/{rel}","templated":true}]}}