{"id":74391,"date":"2023-09-22T14:40:49","date_gmt":"2023-09-22T11:40:49","guid":{"rendered":"https:\/\/xstyle.md\/?post_type=product&#038;p=74391"},"modified":"2025-11-27T17:49:38","modified_gmt":"2025-11-27T14:49:38","slug":"kovrik-sea-to-summit-ultralight-insulated-air-mat-women-l","status":"publish","type":"product","link":"https:\/\/xstyle.md\/ro\/produs\/kovrik-sea-to-summit-ultralight-insulated-air-mat-women-l\/","title":{"rendered":"Saltea Sea to Summit UltraLight Insulated Air Mat Women L"},"content":{"rendered":"<\/p>\n<p><strong>Sea to Summit UltraLight Insulated Air Mat Women L<\/strong> &#8212; saltea gonflabil\u0103 u\u0219oar\u0103 \u0219i compact\u0103 pentru femei, cu izola\u021bie Thermolite de \u00eenalt\u0103 calitate. Spre deosebire de modelul unisex, acesta are o dimensiune mai mic\u0103 \u0219i o cantitate mai mare de izola\u021bie.<\/p>\n<p>Covora\u0219ul este format din mai multe camere de aer care se adapteaz\u0103 perfect la forma corpului dumneavoastr\u0103 pentru un confort \u0219i o comoditate maxim\u0103. \u021aes\u0103tura u\u0219oar\u0103 \u0219i silen\u021bioas\u0103 cu strat metalic fin Exkin Platinum \u0219i izola\u021bia Thermolite de \u00eenalt\u0103 performan\u021b\u0103 fac ca salteaua s\u0103 fie cald\u0103, dar u\u0219oar\u0103 \u0219i compact\u0103. Covora\u0219ul include o hus\u0103 pentru pompa Airstream, PillowLock, un sistem Velcro care poate fi folosit pentru a fixa \u00een siguran\u021b\u0103 pl\u0103cu\u021ba pe covora\u0219 \u0219i o curea de urgen\u021b\u0103.<\/p>\n<h3>Particularit\u0103\u021bi<\/h3>\n<ul>\n<li>Dimensiuni extrem de compacte \u0219i greutate ultra-u\u0219oar\u0103<\/li>\n<li>Material din nailon de \u00eenalt\u0103 calitate, rezistent la uzur\u0103<\/li>\n<li>\u00cenveli\u0219 TPU cu propriet\u0103\u021bi antimicrobiene<\/li>\n<li>Laminarea prin extrudare previne delaminarea<\/li>\n<li>Sistem de conducte de aer Air Sprung Cell<\/li>\n<li>Izola\u021bia Thermolite asigur\u0103 valori ridicate de izolare termic\u0103<\/li>\n<li>Tehnologia Exkin Platinum previne pierderile de c\u0103ldur\u0103<\/li>\n<li>Valv\u0103 multifunc\u021bional\u0103 pentru umflarea\/desumflarea rapid\u0103 \u0219i u\u0219oar\u0103 a covora\u0219ului \u0219i reglarea presiunii interne<\/li>\n<li>Pung\u0103 pentru pompa pentru saltea inclus\u0103<\/li>\n<li>Set de repara\u021bii rapide pe teren.<\/li>\n<\/ul>\n<h3>Caracteristici<\/h3>\n<ul>\n<li>Material &#8212; 40D Nylon Face Fabric<\/li>\n<li>Izola\u021bie &#8212; Thermolite, Exkin Platinum<\/li>\n<li>Dimensiuni &#8212; 64 x 183 cm<\/li>\n<li>Dimensiuni la pachet &#8212; 27 x 13.5 cm<\/li>\n<li>Grosime &#8212; 5 cm<\/li>\n<li>Condimente &#8212; 3<\/li>\n<li>Valoare R &#8212; 3,5<\/li>\n<li>Greutate &#8212; 580 g<\/li>\n<\/ul>\n<h3>Tehnologie<\/h3>\n<ul>\n<li><strong>R-value<\/strong> &#8212; este o caracteristic\u0103 a izola\u021biei termice a covorului atunci c\u00e2nd este complet umflat. Cu c\u00e2t cifra este mai mare, cu at\u00e2t covora\u0219ul dvs. va fi mai cald \u0219i mai confortabil. Pute\u021bi cre\u0219te R-value prin umflarea suplimentar\u0103 a saltelei.<\/li>\n<li><strong>Air Sprung Cell<\/strong> \u2013 sute de mici camere de aer interconectate care iau forma corpului dumneavoastr\u0103 \u0219i v\u0103 ofer\u0103 un sprijin ideal.<\/li>\n<li><strong>Thermolite<\/strong> \u2013 izola\u021bie termic\u0103 de \u00eenalt\u0103 performan\u021b\u0103 care este utilizat\u0103 \u00een interiorul celulelor Air Sprung pentru a preveni pierderea de c\u0103ldur\u0103 prin convec\u021bie de la corp la suprafa\u021ba rece.<\/li>\n<li><strong>Exkin Platinum\u00a0<\/strong>\u2013 \u021bes\u0103tur\u0103 de \u00eenalt\u0103 tehnologie, u\u0219oar\u0103 \u0219i silen\u021bioas\u0103, cu un strat sub\u021bire, metalizat, care reflect\u0103 eficient c\u0103ldura \u00eenapoi \u00een corp.<\/li>\n<li><strong>Ultra-Fresh<\/strong>\u00ae &#8212; tratament antimicrobian pentru a preveni formarea mucegaiului \u00een interiorul covorului.<\/li>\n<li><strong>PillowLock<\/strong> \u2122 v\u0103 permite s\u0103 ata\u0219a\u021bi perna la saltea, \u00eempiedic\u00e2nd-o s\u0103 alunece.<\/li>\n<\/ul>\n<h3>Marca<\/h3>\n<p>Sea to Summit &#8212; o marc\u0103 fondat\u0103 \u00een 1990 \u00een Australia. Gama sa de echipamente unice \u0219i utile pentru c\u0103l\u0103torii \u0219i turism: pungi Gerkin, prosoape din microfibr\u0103, ustensile pliabile din silicon, gen\u021bi, rucsacuri, corturi \u0219i saci de dormit. Fiecare pies\u0103 conceput\u0103 la companie are o greutate minim\u0103 \u0219i o func\u021bionalitate maxim\u0103.<\/p>\n<p><\/p>","protected":false},"excerpt":{"rendered":"","protected":false},"featured_media":74539,"comment_status":"open","ping_status":"closed","template":"","meta":{"_acf_changed":false,"inline_featured_image":false},"product_brand":[1281],"product_cat":[201],"product_tag":[],"class_list":{"0":"post-74391","1":"product","2":"type-product","3":"status-publish","4":"has-post-thumbnail","6":"product_brand-sea-to-summit","7":"product_cat-inflatable-mats","9":"first","10":"instock","11":"shipping-taxable","12":"purchasable","13":"product-type-simple"},"acf":[],"yoast_head":"<!-- This site is optimized with the Yoast SEO plugin v27.4 - https:\/\/yoast.com\/product\/yoast-seo-wordpress\/ -->\n<title>\u041a\u043e\u0432\u0440\u0438\u043a Sea to Summit UltraLight Insulated Air Mat Women L - \u041c\u0430\u0433\u0430\u0437\u0438\u043d Xstyle<\/title>\n<meta name=\"description\" content=\"\u041a\u043e\u0432\u0440\u0438\u043a Sea to Summit UltraLight Insulated Air Mat Women L \u0438\u0434\u0435\u0430\u043b\u0435\u043d \u0434\u043b\u044f \u043a\u043e\u043c\u0444\u043e\u0440\u0442\u043d\u043e\u0433\u043e \u0441\u043d\u0430 \u043d\u0430 \u043f\u0440\u0438\u0440\u043e\u0434\u0435. \u041b\u0435\u0433\u043a\u0438\u0439, \u043d\u0430\u0434\u0435\u0436\u043d\u044b\u0439 \u0438 \u0441 \u0438\u043d\u043d\u043e\u0432\u0430\u0446\u0438\u043e\u043d\u043d\u043e\u0439 \u0442\u0435\u0440\u043c\u043e\u0438\u0437\u043e\u043b\u044f\u0446\u0438\u0435\u0439!\" \/>\n<meta name=\"robots\" content=\"index, follow, max-snippet:-1, max-image-preview:large, max-video-preview:-1\" \/>\n<link rel=\"canonical\" href=\"https:\/\/xstyle.md\/ro\/produs\/kovrik-sea-to-summit-ultralight-insulated-air-mat-women-l\/\" \/>\n<meta property=\"og:locale\" content=\"ro_RO\" \/>\n<meta property=\"og:type\" content=\"article\" \/>\n<meta property=\"og:title\" content=\"\u041a\u043e\u0432\u0440\u0438\u043a Sea to Summit UltraLight Insulated Air Mat Women L - \u041c\u0430\u0433\u0430\u0437\u0438\u043d Xstyle\" \/>\n<meta property=\"og:description\" content=\"\u041a\u043e\u0432\u0440\u0438\u043a Sea to Summit UltraLight Insulated Air Mat Women L \u0438\u0434\u0435\u0430\u043b\u0435\u043d \u0434\u043b\u044f \u043a\u043e\u043c\u0444\u043e\u0440\u0442\u043d\u043e\u0433\u043e \u0441\u043d\u0430 \u043d\u0430 \u043f\u0440\u0438\u0440\u043e\u0434\u0435. \u041b\u0435\u0433\u043a\u0438\u0439, \u043d\u0430\u0434\u0435\u0436\u043d\u044b\u0439 \u0438 \u0441 \u0438\u043d\u043d\u043e\u0432\u0430\u0446\u0438\u043e\u043d\u043d\u043e\u0439 \u0442\u0435\u0440\u043c\u043e\u0438\u0437\u043e\u043b\u044f\u0446\u0438\u0435\u0439!\" \/>\n<meta property=\"og:url\" content=\"https:\/\/xstyle.md\/ro\/produs\/kovrik-sea-to-summit-ultralight-insulated-air-mat-women-l\/\" \/>\n<meta property=\"og:site_name\" content=\"\u041c\u0430\u0433\u0430\u0437\u0438\u043d Xstyle\" \/>\n<meta property=\"article:publisher\" content=\"https:\/\/www.facebook.com\/xstylemd\" \/>\n<meta property=\"article:modified_time\" content=\"2025-11-27T14:49:38+00:00\" \/>\n<meta property=\"og:image\" content=\"https:\/\/xstyle.md\/wp-content\/uploads\/2023\/09\/sea-to-summit-ultralight-insulated-air-mat-women-l-1.jpg\" \/>\n\t<meta property=\"og:image:width\" content=\"1500\" \/>\n\t<meta property=\"og:image:height\" content=\"1372\" \/>\n\t<meta property=\"og:image:type\" content=\"image\/jpeg\" \/>\n<meta name=\"twitter:card\" content=\"summary_large_image\" \/>\n<meta name=\"twitter:label1\" content=\"Pre\u021b\" \/>\n\t<meta name=\"twitter:data1\" content=\"3.990&nbsp;MDL\" \/>\n\t<meta name=\"twitter:label2\" content=\"Disponibilitate\" \/>\n\t<meta name=\"twitter:data2\" content=\"\u00cen stoc\" \/>\n<script type=\"application\/ld+json\" class=\"yoast-schema-graph\">{\"@context\":\"https:\\\/\\\/schema.org\",\"@graph\":[{\"@type\":\"WebPage\",\"@id\":\"https:\\\/\\\/xstyle.md\\\/product\\\/kovrik-sea-to-summit-ultralight-insulated-air-mat-women-l\\\/\",\"url\":\"https:\\\/\\\/xstyle.md\\\/product\\\/kovrik-sea-to-summit-ultralight-insulated-air-mat-women-l\\\/\",\"name\":\"\u041a\u043e\u0432\u0440\u0438\u043a Sea to Summit UltraLight Insulated Air Mat Women L - \u041c\u0430\u0433\u0430\u0437\u0438\u043d Xstyle\",\"isPartOf\":{\"@id\":\"https:\\\/\\\/xstyle.md\\\/#website\"},\"primaryImageOfPage\":{\"@id\":\"https:\\\/\\\/xstyle.md\\\/product\\\/kovrik-sea-to-summit-ultralight-insulated-air-mat-women-l\\\/#primaryimage\"},\"image\":{\"@id\":\"https:\\\/\\\/xstyle.md\\\/product\\\/kovrik-sea-to-summit-ultralight-insulated-air-mat-women-l\\\/#primaryimage\"},\"thumbnailUrl\":\"https:\\\/\\\/xstyle.md\\\/wp-content\\\/uploads\\\/2023\\\/09\\\/sea-to-summit-ultralight-insulated-air-mat-women-l-1.jpg\",\"datePublished\":\"2023-09-22T11:40:49+00:00\",\"dateModified\":\"2025-11-27T14:49:38+00:00\",\"description\":\"\u041a\u043e\u0432\u0440\u0438\u043a Sea to Summit UltraLight Insulated Air Mat Women L \u0438\u0434\u0435\u0430\u043b\u0435\u043d \u0434\u043b\u044f \u043a\u043e\u043c\u0444\u043e\u0440\u0442\u043d\u043e\u0433\u043e \u0441\u043d\u0430 \u043d\u0430 \u043f\u0440\u0438\u0440\u043e\u0434\u0435. \u041b\u0435\u0433\u043a\u0438\u0439, \u043d\u0430\u0434\u0435\u0436\u043d\u044b\u0439 \u0438 \u0441 \u0438\u043d\u043d\u043e\u0432\u0430\u0446\u0438\u043e\u043d\u043d\u043e\u0439 \u0442\u0435\u0440\u043c\u043e\u0438\u0437\u043e\u043b\u044f\u0446\u0438\u0435\u0439!\",\"breadcrumb\":{\"@id\":\"https:\\\/\\\/xstyle.md\\\/product\\\/kovrik-sea-to-summit-ultralight-insulated-air-mat-women-l\\\/#breadcrumb\"},\"inLanguage\":\"ro-RO\",\"potentialAction\":[{\"@type\":\"ReadAction\",\"target\":[\"https:\\\/\\\/xstyle.md\\\/product\\\/kovrik-sea-to-summit-ultralight-insulated-air-mat-women-l\\\/\"]}]},{\"@type\":\"ImageObject\",\"inLanguage\":\"ro-RO\",\"@id\":\"https:\\\/\\\/xstyle.md\\\/product\\\/kovrik-sea-to-summit-ultralight-insulated-air-mat-women-l\\\/#primaryimage\",\"url\":\"https:\\\/\\\/xstyle.md\\\/wp-content\\\/uploads\\\/2023\\\/09\\\/sea-to-summit-ultralight-insulated-air-mat-women-l-1.jpg\",\"contentUrl\":\"https:\\\/\\\/xstyle.md\\\/wp-content\\\/uploads\\\/2023\\\/09\\\/sea-to-summit-ultralight-insulated-air-mat-women-l-1.jpg\",\"width\":1500,\"height\":1372,\"caption\":\"\u0410\u043a\u0442\u0438\u0432\u043d\u0430\u044f \u0436\u0438\u0437\u043d\u044c \u043a\u043e\u0432\u0440\u0438\u043a Sea to Summit UltraLight Insulated Air Mat \u0434\u043b\u044f \u0436\u0435\u043d\u0449\u0438\u043d \u0438\u0434\u0435\u0438 \u0434\u043b\u044f \u043a\u0435\u043c\u043f\u0438\u043d\u0433\u0430 \u043f\u043e\u0445\u043e\u0434\u043e\u0432 \u0438 \u043f\u0443\u0442\u0435\u0448\u0435\u0441\u0442\u0432\u0438\u0439 \u0441\u043f\u043e\u0440\u0442\u0438\u0432\u043d\u0430\u044f \u043e\u0434\u0435\u0436\u0434\u0430 \u0438 \u043e\u0431\u0443\u0432\u044c \u0434\u043b\u044f \u0430\u043a\u0442\u0438\u0432\u043d\u043e\u0433\u043e \u043e\u0442\u0434\u044b\u0445\u0430\"},{\"@type\":\"BreadcrumbList\",\"@id\":\"https:\\\/\\\/xstyle.md\\\/product\\\/kovrik-sea-to-summit-ultralight-insulated-air-mat-women-l\\\/#breadcrumb\",\"itemListElement\":[{\"@type\":\"ListItem\",\"position\":1,\"name\":\"\u0413\u043b\u0430\u0432\u043d\u0430\u044f \u0441\u0442\u0440\u0430\u043d\u0438\u0446\u0430\",\"item\":\"https:\\\/\\\/xstyle.md\\\/\"},{\"@type\":\"ListItem\",\"position\":2,\"name\":\"\u041c\u0430\u0433\u0430\u0437\u0438\u043d\",\"item\":\"https:\\\/\\\/xstyle.md\\\/shop\\\/\"},{\"@type\":\"ListItem\",\"position\":3,\"name\":\"\u041a\u043e\u0432\u0440\u0438\u043a Sea to Summit UltraLight Insulated Air Mat Women L\"}]},{\"@type\":\"WebSite\",\"@id\":\"https:\\\/\\\/xstyle.md\\\/#website\",\"url\":\"https:\\\/\\\/xstyle.md\\\/\",\"name\":\"\u041c\u0430\u0433\u0430\u0437\u0438\u043d Xstyle\",\"description\":\"C\u043d\u0430\u0440\u044f\u0436\u0435\u043d\u0438\u0435 \u0434\u043b\u044f \u0442\u0443\u0440\u0438\u0437\u043c\u0430 \u0438 \u044d\u043a\u0441\u0442\u0440\u0435\u043c\u0430\u043b\u044c\u043d\u044b\u0445 \u0432\u0438\u0434\u043e\u0432 \u0441\u043f\u043e\u0440\u0442\u0430 \u0432 \u041c\u043e\u043b\u0434\u043e\u0432\u0435.. \u0426\u0435\u043d\u044b, \u0444\u043e\u0442\u043e, \u0445\u0430\u0440\u0430\u043a\u0442\u0435\u0440\u0438\u0441\u0442\u0438\u043a\u0438 \u0432 \u041c\u043e\u043b\u0434\u043e\u0432\u0435.\",\"publisher\":{\"@id\":\"https:\\\/\\\/xstyle.md\\\/#organization\"},\"alternateName\":\"X-Style\",\"potentialAction\":[{\"@type\":\"SearchAction\",\"target\":{\"@type\":\"EntryPoint\",\"urlTemplate\":\"https:\\\/\\\/xstyle.md\\\/?s={search_term_string}\"},\"query-input\":{\"@type\":\"PropertyValueSpecification\",\"valueRequired\":true,\"valueName\":\"search_term_string\"}}],\"inLanguage\":\"ro-RO\"},{\"@type\":\"Organization\",\"@id\":\"https:\\\/\\\/xstyle.md\\\/#organization\",\"name\":\"\u041c\u0430\u0433\u0430\u0437\u0438\u043d Xstyle\",\"alternateName\":\"x-style\",\"url\":\"https:\\\/\\\/xstyle.md\\\/\",\"logo\":{\"@type\":\"ImageObject\",\"inLanguage\":\"ro-RO\",\"@id\":\"https:\\\/\\\/xstyle.md\\\/#\\\/schema\\\/logo\\\/image\\\/\",\"url\":\"https:\\\/\\\/xstyle.md\\\/wp-content\\\/uploads\\\/2020\\\/06\\\/logoicon.svg\",\"contentUrl\":\"https:\\\/\\\/xstyle.md\\\/wp-content\\\/uploads\\\/2020\\\/06\\\/logoicon.svg\",\"caption\":\"\u041c\u0430\u0433\u0430\u0437\u0438\u043d Xstyle\"},\"image\":{\"@id\":\"https:\\\/\\\/xstyle.md\\\/#\\\/schema\\\/logo\\\/image\\\/\"},\"sameAs\":[\"https:\\\/\\\/www.facebook.com\\\/xstylemd\",\"https:\\\/\\\/www.instagram.com\\\/xstyle_md\\\/\",\"https:\\\/\\\/t.me\\\/xstyle_outdoor\"],\"hasMerchantReturnPolicy\":{\"@type\":\"MerchantReturnPolicy\",\"merchantReturnLink\":\"https:\\\/\\\/xstyle.md\\\/ro\\\/conditions\\\/\"}}]}<\/script>\n<meta property=\"product:price:amount\" content=\"3990.00\" \/>\n<meta property=\"product:price:currency\" content=\"MDL\" \/>\n<meta property=\"og:availability\" content=\"instock\" \/>\n<meta property=\"product:availability\" content=\"instock\" \/>\n<meta property=\"product:retailer_item_id\" content=\"9327868131440\" \/>\n<meta property=\"product:condition\" content=\"new\" \/>\n<!-- \/ Yoast SEO plugin. -->","yoast_head_json":{"title":"Covorul Sea to Summit UltraLight Insulated Air Mat Women L - Magazin Xstyle","description":"Salteaua Sea to Summit UltraLight Insulated Air Mat Women L este ideal\u0103 pentru un somn confortabil \u00een natur\u0103. U\u0219oar\u0103, fiabil\u0103 \u0219i cu o izola\u021bie termic\u0103 inovatoare!","robots":{"index":"index","follow":"follow","max-snippet":"max-snippet:-1","max-image-preview":"max-image-preview:large","max-video-preview":"max-video-preview:-1"},"canonical":"https:\/\/xstyle.md\/ro\/produs\/kovrik-sea-to-summit-ultralight-insulated-air-mat-women-l\/","og_locale":"ro_RO","og_type":"article","og_title":"\u041a\u043e\u0432\u0440\u0438\u043a Sea to Summit UltraLight Insulated Air Mat Women L - \u041c\u0430\u0433\u0430\u0437\u0438\u043d Xstyle","og_description":"\u041a\u043e\u0432\u0440\u0438\u043a Sea to Summit UltraLight Insulated Air Mat Women L \u0438\u0434\u0435\u0430\u043b\u0435\u043d \u0434\u043b\u044f \u043a\u043e\u043c\u0444\u043e\u0440\u0442\u043d\u043e\u0433\u043e \u0441\u043d\u0430 \u043d\u0430 \u043f\u0440\u0438\u0440\u043e\u0434\u0435. \u041b\u0435\u0433\u043a\u0438\u0439, \u043d\u0430\u0434\u0435\u0436\u043d\u044b\u0439 \u0438 \u0441 \u0438\u043d\u043d\u043e\u0432\u0430\u0446\u0438\u043e\u043d\u043d\u043e\u0439 \u0442\u0435\u0440\u043c\u043e\u0438\u0437\u043e\u043b\u044f\u0446\u0438\u0435\u0439!","og_url":"https:\/\/xstyle.md\/ro\/produs\/kovrik-sea-to-summit-ultralight-insulated-air-mat-women-l\/","og_site_name":"\u041c\u0430\u0433\u0430\u0437\u0438\u043d Xstyle","article_publisher":"https:\/\/www.facebook.com\/xstylemd","article_modified_time":"2025-11-27T14:49:38+00:00","og_image":[{"width":1500,"height":1372,"url":"https:\/\/xstyle.md\/wp-content\/uploads\/2023\/09\/sea-to-summit-ultralight-insulated-air-mat-women-l-1.jpg","type":"image\/jpeg"}],"twitter_card":"summary_large_image","twitter_misc":{"Pre\u021b":"3.990&nbsp;MDL","Disponibilitate":"\u00cen stoc"},"schema":{"@context":"https:\/\/schema.org","@graph":[{"@type":"WebPage","@id":"https:\/\/xstyle.md\/product\/kovrik-sea-to-summit-ultralight-insulated-air-mat-women-l\/","url":"https:\/\/xstyle.md\/product\/kovrik-sea-to-summit-ultralight-insulated-air-mat-women-l\/","name":"Covorul Sea to Summit UltraLight Insulated Air Mat Women L - Magazin Xstyle","isPartOf":{"@id":"https:\/\/xstyle.md\/#website"},"primaryImageOfPage":{"@id":"https:\/\/xstyle.md\/product\/kovrik-sea-to-summit-ultralight-insulated-air-mat-women-l\/#primaryimage"},"image":{"@id":"https:\/\/xstyle.md\/product\/kovrik-sea-to-summit-ultralight-insulated-air-mat-women-l\/#primaryimage"},"thumbnailUrl":"https:\/\/xstyle.md\/wp-content\/uploads\/2023\/09\/sea-to-summit-ultralight-insulated-air-mat-women-l-1.jpg","datePublished":"2023-09-22T11:40:49+00:00","dateModified":"2025-11-27T14:49:38+00:00","description":"Salteaua Sea to Summit UltraLight Insulated Air Mat Women L este ideal\u0103 pentru un somn confortabil \u00een natur\u0103. U\u0219oar\u0103, fiabil\u0103 \u0219i cu o izola\u021bie termic\u0103 inovatoare!","breadcrumb":{"@id":"https:\/\/xstyle.md\/product\/kovrik-sea-to-summit-ultralight-insulated-air-mat-women-l\/#breadcrumb"},"inLanguage":"ro-RO","potentialAction":[{"@type":"ReadAction","target":["https:\/\/xstyle.md\/product\/kovrik-sea-to-summit-ultralight-insulated-air-mat-women-l\/"]}]},{"@type":"ImageObject","inLanguage":"ro-RO","@id":"https:\/\/xstyle.md\/product\/kovrik-sea-to-summit-ultralight-insulated-air-mat-women-l\/#primaryimage","url":"https:\/\/xstyle.md\/wp-content\/uploads\/2023\/09\/sea-to-summit-ultralight-insulated-air-mat-women-l-1.jpg","contentUrl":"https:\/\/xstyle.md\/wp-content\/uploads\/2023\/09\/sea-to-summit-ultralight-insulated-air-mat-women-l-1.jpg","width":1500,"height":1372,"caption":"\u0410\u043a\u0442\u0438\u0432\u043d\u0430\u044f \u0436\u0438\u0437\u043d\u044c \u043a\u043e\u0432\u0440\u0438\u043a Sea to Summit UltraLight Insulated Air Mat \u0434\u043b\u044f \u0436\u0435\u043d\u0449\u0438\u043d \u0438\u0434\u0435\u0438 \u0434\u043b\u044f \u043a\u0435\u043c\u043f\u0438\u043d\u0433\u0430 \u043f\u043e\u0445\u043e\u0434\u043e\u0432 \u0438 \u043f\u0443\u0442\u0435\u0448\u0435\u0441\u0442\u0432\u0438\u0439 \u0441\u043f\u043e\u0440\u0442\u0438\u0432\u043d\u0430\u044f \u043e\u0434\u0435\u0436\u0434\u0430 \u0438 \u043e\u0431\u0443\u0432\u044c \u0434\u043b\u044f \u0430\u043a\u0442\u0438\u0432\u043d\u043e\u0433\u043e \u043e\u0442\u0434\u044b\u0445\u0430"},{"@type":"BreadcrumbList","@id":"https:\/\/xstyle.md\/product\/kovrik-sea-to-summit-ultralight-insulated-air-mat-women-l\/#breadcrumb","itemListElement":[{"@type":"ListItem","position":1,"name":"\u0413\u043b\u0430\u0432\u043d\u0430\u044f \u0441\u0442\u0440\u0430\u043d\u0438\u0446\u0430","item":"https:\/\/xstyle.md\/"},{"@type":"ListItem","position":2,"name":"\u041c\u0430\u0433\u0430\u0437\u0438\u043d","item":"https:\/\/xstyle.md\/shop\/"},{"@type":"ListItem","position":3,"name":"\u041a\u043e\u0432\u0440\u0438\u043a Sea to Summit UltraLight Insulated Air Mat Women L"}]},{"@type":"WebSite","@id":"https:\/\/xstyle.md\/#website","url":"https:\/\/xstyle.md\/","name":"Magazinul X-Style","description":"Echipamente pentru turism \u0219i sporturi extreme \u00een Moldova. Pre\u021buri, fotografii, caracteristici \u00een Moldova.","publisher":{"@id":"https:\/\/xstyle.md\/#organization"},"alternateName":"X-Style","potentialAction":[{"@type":"SearchAction","target":{"@type":"EntryPoint","urlTemplate":"https:\/\/xstyle.md\/?s={search_term_string}"},"query-input":{"@type":"PropertyValueSpecification","valueRequired":true,"valueName":"search_term_string"}}],"inLanguage":"ro-RO"},{"@type":"Organization","@id":"https:\/\/xstyle.md\/#organization","name":"Magazinul X-Style","alternateName":"x-style","url":"https:\/\/xstyle.md\/","logo":{"@type":"ImageObject","inLanguage":"ro-RO","@id":"https:\/\/xstyle.md\/#\/schema\/logo\/image\/","url":"https:\/\/xstyle.md\/wp-content\/uploads\/2020\/06\/logoicon.svg","contentUrl":"https:\/\/xstyle.md\/wp-content\/uploads\/2020\/06\/logoicon.svg","caption":"\u041c\u0430\u0433\u0430\u0437\u0438\u043d Xstyle"},"image":{"@id":"https:\/\/xstyle.md\/#\/schema\/logo\/image\/"},"sameAs":["https:\/\/www.facebook.com\/xstylemd","https:\/\/www.instagram.com\/xstyle_md\/","https:\/\/t.me\/xstyle_outdoor"],"hasMerchantReturnPolicy":{"@type":"MerchantReturnPolicy","merchantReturnLink":"https:\/\/xstyle.md\/ro\/conditions\/"}}]},"product_price_amount":"3990.00","product_price_currency":"MDL","og_availability":"instock","product_availability":"instock","product_retailer_item_id":"9327868131440","product_condition":"new"},"_links":{"self":[{"href":"https:\/\/xstyle.md\/ro\/wp-json\/wp\/v2\/product\/74391","targetHints":{"allow":["GET"]}}],"collection":[{"href":"https:\/\/xstyle.md\/ro\/wp-json\/wp\/v2\/product"}],"about":[{"href":"https:\/\/xstyle.md\/ro\/wp-json\/wp\/v2\/types\/product"}],"replies":[{"embeddable":true,"href":"https:\/\/xstyle.md\/ro\/wp-json\/wp\/v2\/comments?post=74391"}],"wp:featuredmedia":[{"embeddable":true,"href":"https:\/\/xstyle.md\/ro\/wp-json\/wp\/v2\/media\/74539"}],"wp:attachment":[{"href":"https:\/\/xstyle.md\/ro\/wp-json\/wp\/v2\/media?parent=74391"}],"wp:term":[{"taxonomy":"product_brand","embeddable":true,"href":"https:\/\/xstyle.md\/ro\/wp-json\/wp\/v2\/product_brand?post=74391"},{"taxonomy":"product_cat","embeddable":true,"href":"https:\/\/xstyle.md\/ro\/wp-json\/wp\/v2\/product_cat?post=74391"},{"taxonomy":"product_tag","embeddable":true,"href":"https:\/\/xstyle.md\/ro\/wp-json\/wp\/v2\/product_tag?post=74391"}],"curies":[{"name":"wp","href":"https:\/\/api.w.org\/{rel}","templated":true}]}}