{"id":74378,"date":"2023-09-22T14:40:47","date_gmt":"2023-09-22T11:40:47","guid":{"rendered":"https:\/\/xstyle.md\/?post_type=product&#038;p=74378"},"modified":"2026-03-14T21:36:19","modified_gmt":"2026-03-14T18:36:19","slug":"germomeshok-sts-ultra-sil-dry-bag-8-l","status":"publish","type":"product","link":"https:\/\/xstyle.md\/ro\/produs\/germomeshok-sts-ultra-sil-dry-bag-8-l\/","title":{"rendered":"Sac ermetic STS Ultra Sil Dry Bag 8 L"},"content":{"rendered":"<\/p>\n<p><strong>STS Ultra Sil Dry Bag 8 L<\/strong> &#8212; sac ermetic ultrau\u0219or din material impermeabil. De\u0219i materialul este sub\u021bire, este destul de rezistent \u0219i confortabil de utilizat. Un astfel de sac de umplutur\u0103 este ideal pentru alpinism, trekking \u0219i excursii pe ap\u0103.<\/p>\n<h3>Particularit\u0103\u021bi<\/h3>\n<ul>\n<li>\u021aes\u0103tur\u0103 siliconat\u0103 durabil\u0103 \u0219i foarte u\u0219oar\u0103, cu impregnare hidrofug\u0103<\/li>\n<li>Cus\u0103turi impermeabile duble \u0219i complet lipite<\/li>\n<li>Roll top &#8212; se \u00eenchide prin r\u0103sucire \u0219i se fixeaz\u0103 cu un fermoar<\/li>\n<li>Material moale \u0219i form\u0103 oval\u0103 pentru ambalare compact\u0103<\/li>\n<li>Suprafa\u021b\u0103 glisant\u0103 pentru o ambalare u\u0219oar\u0103<\/li>\n<\/ul>\n<h3>Caracteristici<\/h3>\n<ul>\n<li>Material &#8212; nailon Cordura Ultra-Sil 30D, impregnare hidrofug\u0103 f\u0103r\u0103 PFC DWR PFC<\/li>\n<li>Rezisten\u021b\u0103 la ap\u0103 &#8212; 2000 mm<\/li>\n<li>Dimensiuni &#8212; 36,8 x 19,1 x 17,2 cm<\/li>\n<li>Volum &#8212; 8 litri<\/li>\n<li>Greutate &#8212; 39 g<\/li>\n<\/ul>\n<h3>Marca<\/h3>\n<p>Sea to Summit &#8212; o marc\u0103 fondat\u0103 \u00een 1990 \u00een Australia. Gama sa de echipamente unice \u0219i utile pentru drume\u021bii \u0219i c\u0103l\u0103torii: huse ermetice, prosoape din microfibr\u0103, ustensile pliabile din silicon, gen\u021bi, rucsacuri, corturi, saci de dormit. Fiecare articol proiectat \u00een cadrul companiei are o greutate minim\u0103 \u0219i o func\u021bionalitate maxim\u0103.<\/p>\n<p><\/p>","protected":false},"excerpt":{"rendered":"","protected":false},"featured_media":74552,"comment_status":"open","ping_status":"closed","template":"","meta":{"_acf_changed":false,"inline_featured_image":false},"product_brand":[1281],"product_cat":[863],"product_tag":[],"class_list":{"0":"post-74378","1":"product","2":"type-product","3":"status-publish","4":"has-post-thumbnail","6":"product_brand-sea-to-summit","7":"product_cat-hermetic-bags","9":"first","10":"instock","11":"shipping-taxable","12":"purchasable","13":"product-type-simple"},"acf":[],"yoast_head":"<!-- This site is optimized with the Yoast SEO plugin v27.4 - https:\/\/yoast.com\/product\/yoast-seo-wordpress\/ -->\n<title>\u0413\u0435\u0440\u043c\u043e\u043c\u0435\u0448\u043e\u043a STS Ultra Sil Dry Bag 8 L - \u041c\u0430\u0433\u0430\u0437\u0438\u043d Xstyle<\/title>\n<meta name=\"description\" content=\"\u0413\u0435\u0440\u043c\u043e\u043c\u0435\u0448\u043e\u043a STS Ultra Sil Dry Bag 8L: \u043b\u0435\u0433\u043a\u0438\u0439, \u0432\u043e\u0434\u043e\u043d\u0435\u043f\u0440\u043e\u043d\u0438\u0446\u0430\u0435\u043c\u044b\u0439, \u0438\u0434\u0435\u0430\u043b\u0435\u043d \u0434\u043b\u044f \u0430\u043b\u044c\u043f\u0438\u043d\u0438\u0437\u043c\u0430 \u0438 \u0442\u0440\u0435\u043a\u0438\u043d\u0433\u0430. \u041f\u0440\u043e\u0447\u043d\u044b\u0439 \u0438 \u0443\u0434\u043e\u0431\u043d\u044b\u0439 \u0441 \u0441\u0438\u043b\u0438\u043a\u043e\u043d\u043e\u0432\u043e\u0439 \u043f\u0440\u043e\u043f\u0438\u0442\u043a\u043e\u0439.\" \/>\n<meta name=\"robots\" content=\"index, follow, max-snippet:-1, max-image-preview:large, max-video-preview:-1\" \/>\n<link rel=\"canonical\" href=\"https:\/\/xstyle.md\/ro\/produs\/germomeshok-sts-ultra-sil-dry-bag-8-l\/\" \/>\n<meta property=\"og:locale\" content=\"ro_RO\" \/>\n<meta property=\"og:type\" content=\"article\" \/>\n<meta property=\"og:title\" content=\"\u0413\u0435\u0440\u043c\u043e\u043c\u0435\u0448\u043e\u043a STS Ultra Sil Dry Bag 8 L - \u041c\u0430\u0433\u0430\u0437\u0438\u043d Xstyle\" \/>\n<meta property=\"og:description\" content=\"\u0413\u0435\u0440\u043c\u043e\u043c\u0435\u0448\u043e\u043a STS Ultra Sil Dry Bag 8L: \u043b\u0435\u0433\u043a\u0438\u0439, \u0432\u043e\u0434\u043e\u043d\u0435\u043f\u0440\u043e\u043d\u0438\u0446\u0430\u0435\u043c\u044b\u0439, \u0438\u0434\u0435\u0430\u043b\u0435\u043d \u0434\u043b\u044f \u0430\u043b\u044c\u043f\u0438\u043d\u0438\u0437\u043c\u0430 \u0438 \u0442\u0440\u0435\u043a\u0438\u043d\u0433\u0430. \u041f\u0440\u043e\u0447\u043d\u044b\u0439 \u0438 \u0443\u0434\u043e\u0431\u043d\u044b\u0439 \u0441 \u0441\u0438\u043b\u0438\u043a\u043e\u043d\u043e\u0432\u043e\u0439 \u043f\u0440\u043e\u043f\u0438\u0442\u043a\u043e\u0439.\" \/>\n<meta property=\"og:url\" content=\"https:\/\/xstyle.md\/ro\/produs\/germomeshok-sts-ultra-sil-dry-bag-8-l\/\" \/>\n<meta property=\"og:site_name\" content=\"\u041c\u0430\u0433\u0430\u0437\u0438\u043d Xstyle\" \/>\n<meta property=\"article:publisher\" content=\"https:\/\/www.facebook.com\/xstylemd\" \/>\n<meta property=\"article:modified_time\" content=\"2026-03-14T18:36:19+00:00\" \/>\n<meta property=\"og:image\" content=\"https:\/\/xstyle.md\/wp-content\/uploads\/2023\/09\/sts-ultra-sil-dry-bag-8-l-blue-atoll.jpg\" \/>\n\t<meta property=\"og:image:width\" content=\"744\" \/>\n\t<meta property=\"og:image:height\" content=\"690\" \/>\n\t<meta property=\"og:image:type\" content=\"image\/jpeg\" \/>\n<meta name=\"twitter:card\" content=\"summary_large_image\" \/>\n<meta name=\"twitter:label1\" content=\"Pre\u021b\" \/>\n\t<meta name=\"twitter:data1\" content=\"420&nbsp;MDL\" \/>\n\t<meta name=\"twitter:label2\" content=\"Disponibilitate\" \/>\n\t<meta name=\"twitter:data2\" content=\"\u00cen stoc\" \/>\n<script type=\"application\/ld+json\" class=\"yoast-schema-graph\">{\"@context\":\"https:\\\/\\\/schema.org\",\"@graph\":[{\"@type\":\"WebPage\",\"@id\":\"https:\\\/\\\/xstyle.md\\\/product\\\/germomeshok-sts-ultra-sil-dry-bag-8-l\\\/\",\"url\":\"https:\\\/\\\/xstyle.md\\\/product\\\/germomeshok-sts-ultra-sil-dry-bag-8-l\\\/\",\"name\":\"\u0413\u0435\u0440\u043c\u043e\u043c\u0435\u0448\u043e\u043a STS Ultra Sil Dry Bag 8 L - \u041c\u0430\u0433\u0430\u0437\u0438\u043d Xstyle\",\"isPartOf\":{\"@id\":\"https:\\\/\\\/xstyle.md\\\/#website\"},\"primaryImageOfPage\":{\"@id\":\"https:\\\/\\\/xstyle.md\\\/product\\\/germomeshok-sts-ultra-sil-dry-bag-8-l\\\/#primaryimage\"},\"image\":{\"@id\":\"https:\\\/\\\/xstyle.md\\\/product\\\/germomeshok-sts-ultra-sil-dry-bag-8-l\\\/#primaryimage\"},\"thumbnailUrl\":\"https:\\\/\\\/xstyle.md\\\/wp-content\\\/uploads\\\/2023\\\/09\\\/sts-ultra-sil-dry-bag-8-l-blue-atoll.jpg\",\"datePublished\":\"2023-09-22T11:40:47+00:00\",\"dateModified\":\"2026-03-14T18:36:19+00:00\",\"description\":\"\u0413\u0435\u0440\u043c\u043e\u043c\u0435\u0448\u043e\u043a STS Ultra Sil Dry Bag 8L: \u043b\u0435\u0433\u043a\u0438\u0439, \u0432\u043e\u0434\u043e\u043d\u0435\u043f\u0440\u043e\u043d\u0438\u0446\u0430\u0435\u043c\u044b\u0439, \u0438\u0434\u0435\u0430\u043b\u0435\u043d \u0434\u043b\u044f \u0430\u043b\u044c\u043f\u0438\u043d\u0438\u0437\u043c\u0430 \u0438 \u0442\u0440\u0435\u043a\u0438\u043d\u0433\u0430. \u041f\u0440\u043e\u0447\u043d\u044b\u0439 \u0438 \u0443\u0434\u043e\u0431\u043d\u044b\u0439 \u0441 \u0441\u0438\u043b\u0438\u043a\u043e\u043d\u043e\u0432\u043e\u0439 \u043f\u0440\u043e\u043f\u0438\u0442\u043a\u043e\u0439.\",\"breadcrumb\":{\"@id\":\"https:\\\/\\\/xstyle.md\\\/product\\\/germomeshok-sts-ultra-sil-dry-bag-8-l\\\/#breadcrumb\"},\"inLanguage\":\"ro-RO\",\"potentialAction\":[{\"@type\":\"ReadAction\",\"target\":[\"https:\\\/\\\/xstyle.md\\\/product\\\/germomeshok-sts-ultra-sil-dry-bag-8-l\\\/\"]}]},{\"@type\":\"ImageObject\",\"inLanguage\":\"ro-RO\",\"@id\":\"https:\\\/\\\/xstyle.md\\\/product\\\/germomeshok-sts-ultra-sil-dry-bag-8-l\\\/#primaryimage\",\"url\":\"https:\\\/\\\/xstyle.md\\\/wp-content\\\/uploads\\\/2023\\\/09\\\/sts-ultra-sil-dry-bag-8-l-blue-atoll.jpg\",\"contentUrl\":\"https:\\\/\\\/xstyle.md\\\/wp-content\\\/uploads\\\/2023\\\/09\\\/sts-ultra-sil-dry-bag-8-l-blue-atoll.jpg\",\"width\":744,\"height\":690,\"caption\":\"\u0410\u043a\u0442\u0438\u0432\u043d\u044b\u0439 \u043e\u0442\u0434\u044b\u0445 \u0441\u043f\u043e\u0440\u0442\u0438\u0432\u043d\u044b\u0435 \u0442\u043e\u0432\u0430\u0440\u044b \u0413\u0435\u0440\u043c\u0430\u043d\u0438\u044f \u0413\u0435\u0440\u043c\u043e\u043c\u0435\u0448\u043e\u043a STS Ultra Sil Dry Bag 8 L \u0434\u043b\u044f \u0442\u0443\u0440\u0438\u0441\u0442\u043e\u0432 \u043f\u043e\u0445\u043e\u0434\u043e\u0432 \u0438 \u043f\u0443\u0442\u0435\u0448\u0435\u0441\u0442\u0432\u0438\u0439 \u0432\u044b\u0441\u043e\u043a\u043e\u0435 \u043a\u0430\u0447\u0435\u0441\u0442\u0432\u043e \u0441\u043f\u043e\u0440\u0442\u0438\u0432\u043d\u0430\u044f \u043e\u0434\u0435\u0436\u0434\u0430 \u043e\u0431\u0443\u0432\u044c \u0434\u043b\u044f \u0430\u043b\u044c\u043f\u0438\u043d\u0438\u0437\u043c\u0430 \u0438 \u0445\u0430\u0439\u043a\u0438\u043d\u0433\u0430\"},{\"@type\":\"BreadcrumbList\",\"@id\":\"https:\\\/\\\/xstyle.md\\\/product\\\/germomeshok-sts-ultra-sil-dry-bag-8-l\\\/#breadcrumb\",\"itemListElement\":[{\"@type\":\"ListItem\",\"position\":1,\"name\":\"\u0413\u043b\u0430\u0432\u043d\u0430\u044f \u0441\u0442\u0440\u0430\u043d\u0438\u0446\u0430\",\"item\":\"https:\\\/\\\/xstyle.md\\\/\"},{\"@type\":\"ListItem\",\"position\":2,\"name\":\"\u041c\u0430\u0433\u0430\u0437\u0438\u043d\",\"item\":\"https:\\\/\\\/xstyle.md\\\/shop\\\/\"},{\"@type\":\"ListItem\",\"position\":3,\"name\":\"\u0413\u0435\u0440\u043c\u043e\u043c\u0435\u0448\u043e\u043a STS Ultra Sil Dry Bag 8 L\"}]},{\"@type\":\"WebSite\",\"@id\":\"https:\\\/\\\/xstyle.md\\\/#website\",\"url\":\"https:\\\/\\\/xstyle.md\\\/\",\"name\":\"\u041c\u0430\u0433\u0430\u0437\u0438\u043d Xstyle\",\"description\":\"C\u043d\u0430\u0440\u044f\u0436\u0435\u043d\u0438\u0435 \u0434\u043b\u044f \u0442\u0443\u0440\u0438\u0437\u043c\u0430 \u0438 \u044d\u043a\u0441\u0442\u0440\u0435\u043c\u0430\u043b\u044c\u043d\u044b\u0445 \u0432\u0438\u0434\u043e\u0432 \u0441\u043f\u043e\u0440\u0442\u0430 \u0432 \u041c\u043e\u043b\u0434\u043e\u0432\u0435.. \u0426\u0435\u043d\u044b, \u0444\u043e\u0442\u043e, \u0445\u0430\u0440\u0430\u043a\u0442\u0435\u0440\u0438\u0441\u0442\u0438\u043a\u0438 \u0432 \u041c\u043e\u043b\u0434\u043e\u0432\u0435.\",\"publisher\":{\"@id\":\"https:\\\/\\\/xstyle.md\\\/#organization\"},\"alternateName\":\"X-Style\",\"potentialAction\":[{\"@type\":\"SearchAction\",\"target\":{\"@type\":\"EntryPoint\",\"urlTemplate\":\"https:\\\/\\\/xstyle.md\\\/?s={search_term_string}\"},\"query-input\":{\"@type\":\"PropertyValueSpecification\",\"valueRequired\":true,\"valueName\":\"search_term_string\"}}],\"inLanguage\":\"ro-RO\"},{\"@type\":\"Organization\",\"@id\":\"https:\\\/\\\/xstyle.md\\\/#organization\",\"name\":\"\u041c\u0430\u0433\u0430\u0437\u0438\u043d Xstyle\",\"alternateName\":\"x-style\",\"url\":\"https:\\\/\\\/xstyle.md\\\/\",\"logo\":{\"@type\":\"ImageObject\",\"inLanguage\":\"ro-RO\",\"@id\":\"https:\\\/\\\/xstyle.md\\\/#\\\/schema\\\/logo\\\/image\\\/\",\"url\":\"https:\\\/\\\/xstyle.md\\\/wp-content\\\/uploads\\\/2020\\\/06\\\/logoicon.svg\",\"contentUrl\":\"https:\\\/\\\/xstyle.md\\\/wp-content\\\/uploads\\\/2020\\\/06\\\/logoicon.svg\",\"caption\":\"\u041c\u0430\u0433\u0430\u0437\u0438\u043d Xstyle\"},\"image\":{\"@id\":\"https:\\\/\\\/xstyle.md\\\/#\\\/schema\\\/logo\\\/image\\\/\"},\"sameAs\":[\"https:\\\/\\\/www.facebook.com\\\/xstylemd\",\"https:\\\/\\\/www.instagram.com\\\/xstyle_md\\\/\",\"https:\\\/\\\/t.me\\\/xstyle_outdoor\"],\"hasMerchantReturnPolicy\":{\"@type\":\"MerchantReturnPolicy\",\"merchantReturnLink\":\"https:\\\/\\\/xstyle.md\\\/ro\\\/conditions\\\/\"}}]}<\/script>\n<meta property=\"product:price:amount\" content=\"420.00\" \/>\n<meta property=\"product:price:currency\" content=\"MDL\" \/>\n<meta property=\"og:availability\" content=\"instock\" \/>\n<meta property=\"product:availability\" content=\"instock\" \/>\n<meta property=\"product:retailer_item_id\" content=\"9327868153497\" \/>\n<meta property=\"product:condition\" content=\"new\" \/>\n<!-- \/ Yoast SEO plugin. -->","yoast_head_json":{"title":"Sac ermetic STS Ultra Sil Dry Bag 8 L - Magazin Xstyle","description":"Germome\u0219 STS Ultra Sil Dry Bag 8L: u\u0219or, impermeabil, ideal pentru alpinism \u0219i trekking. Rezistent \u0219i confortabil cu un tratament de silicon.","robots":{"index":"index","follow":"follow","max-snippet":"max-snippet:-1","max-image-preview":"max-image-preview:large","max-video-preview":"max-video-preview:-1"},"canonical":"https:\/\/xstyle.md\/ro\/produs\/germomeshok-sts-ultra-sil-dry-bag-8-l\/","og_locale":"ro_RO","og_type":"article","og_title":"\u0413\u0435\u0440\u043c\u043e\u043c\u0435\u0448\u043e\u043a STS Ultra Sil Dry Bag 8 L - \u041c\u0430\u0433\u0430\u0437\u0438\u043d Xstyle","og_description":"\u0413\u0435\u0440\u043c\u043e\u043c\u0435\u0448\u043e\u043a STS Ultra Sil Dry Bag 8L: \u043b\u0435\u0433\u043a\u0438\u0439, \u0432\u043e\u0434\u043e\u043d\u0435\u043f\u0440\u043e\u043d\u0438\u0446\u0430\u0435\u043c\u044b\u0439, \u0438\u0434\u0435\u0430\u043b\u0435\u043d \u0434\u043b\u044f \u0430\u043b\u044c\u043f\u0438\u043d\u0438\u0437\u043c\u0430 \u0438 \u0442\u0440\u0435\u043a\u0438\u043d\u0433\u0430. \u041f\u0440\u043e\u0447\u043d\u044b\u0439 \u0438 \u0443\u0434\u043e\u0431\u043d\u044b\u0439 \u0441 \u0441\u0438\u043b\u0438\u043a\u043e\u043d\u043e\u0432\u043e\u0439 \u043f\u0440\u043e\u043f\u0438\u0442\u043a\u043e\u0439.","og_url":"https:\/\/xstyle.md\/ro\/produs\/germomeshok-sts-ultra-sil-dry-bag-8-l\/","og_site_name":"\u041c\u0430\u0433\u0430\u0437\u0438\u043d Xstyle","article_publisher":"https:\/\/www.facebook.com\/xstylemd","article_modified_time":"2026-03-14T18:36:19+00:00","og_image":[{"width":744,"height":690,"url":"https:\/\/xstyle.md\/wp-content\/uploads\/2023\/09\/sts-ultra-sil-dry-bag-8-l-blue-atoll.jpg","type":"image\/jpeg"}],"twitter_card":"summary_large_image","twitter_misc":{"Pre\u021b":"420&nbsp;MDL","Disponibilitate":"\u00cen stoc"},"schema":{"@context":"https:\/\/schema.org","@graph":[{"@type":"WebPage","@id":"https:\/\/xstyle.md\/product\/germomeshok-sts-ultra-sil-dry-bag-8-l\/","url":"https:\/\/xstyle.md\/product\/germomeshok-sts-ultra-sil-dry-bag-8-l\/","name":"Sac ermetic STS Ultra Sil Dry Bag 8 L - Magazin Xstyle","isPartOf":{"@id":"https:\/\/xstyle.md\/#website"},"primaryImageOfPage":{"@id":"https:\/\/xstyle.md\/product\/germomeshok-sts-ultra-sil-dry-bag-8-l\/#primaryimage"},"image":{"@id":"https:\/\/xstyle.md\/product\/germomeshok-sts-ultra-sil-dry-bag-8-l\/#primaryimage"},"thumbnailUrl":"https:\/\/xstyle.md\/wp-content\/uploads\/2023\/09\/sts-ultra-sil-dry-bag-8-l-blue-atoll.jpg","datePublished":"2023-09-22T11:40:47+00:00","dateModified":"2026-03-14T18:36:19+00:00","description":"Germome\u0219 STS Ultra Sil Dry Bag 8L: u\u0219or, impermeabil, ideal pentru alpinism \u0219i trekking. Rezistent \u0219i confortabil cu un tratament de silicon.","breadcrumb":{"@id":"https:\/\/xstyle.md\/product\/germomeshok-sts-ultra-sil-dry-bag-8-l\/#breadcrumb"},"inLanguage":"ro-RO","potentialAction":[{"@type":"ReadAction","target":["https:\/\/xstyle.md\/product\/germomeshok-sts-ultra-sil-dry-bag-8-l\/"]}]},{"@type":"ImageObject","inLanguage":"ro-RO","@id":"https:\/\/xstyle.md\/product\/germomeshok-sts-ultra-sil-dry-bag-8-l\/#primaryimage","url":"https:\/\/xstyle.md\/wp-content\/uploads\/2023\/09\/sts-ultra-sil-dry-bag-8-l-blue-atoll.jpg","contentUrl":"https:\/\/xstyle.md\/wp-content\/uploads\/2023\/09\/sts-ultra-sil-dry-bag-8-l-blue-atoll.jpg","width":744,"height":690,"caption":"\u0410\u043a\u0442\u0438\u0432\u043d\u044b\u0439 \u043e\u0442\u0434\u044b\u0445 \u0441\u043f\u043e\u0440\u0442\u0438\u0432\u043d\u044b\u0435 \u0442\u043e\u0432\u0430\u0440\u044b \u0413\u0435\u0440\u043c\u0430\u043d\u0438\u044f \u0413\u0435\u0440\u043c\u043e\u043c\u0435\u0448\u043e\u043a STS Ultra Sil Dry Bag 8 L \u0434\u043b\u044f \u0442\u0443\u0440\u0438\u0441\u0442\u043e\u0432 \u043f\u043e\u0445\u043e\u0434\u043e\u0432 \u0438 \u043f\u0443\u0442\u0435\u0448\u0435\u0441\u0442\u0432\u0438\u0439 \u0432\u044b\u0441\u043e\u043a\u043e\u0435 \u043a\u0430\u0447\u0435\u0441\u0442\u0432\u043e \u0441\u043f\u043e\u0440\u0442\u0438\u0432\u043d\u0430\u044f \u043e\u0434\u0435\u0436\u0434\u0430 \u043e\u0431\u0443\u0432\u044c \u0434\u043b\u044f \u0430\u043b\u044c\u043f\u0438\u043d\u0438\u0437\u043c\u0430 \u0438 \u0445\u0430\u0439\u043a\u0438\u043d\u0433\u0430"},{"@type":"BreadcrumbList","@id":"https:\/\/xstyle.md\/product\/germomeshok-sts-ultra-sil-dry-bag-8-l\/#breadcrumb","itemListElement":[{"@type":"ListItem","position":1,"name":"\u0413\u043b\u0430\u0432\u043d\u0430\u044f \u0441\u0442\u0440\u0430\u043d\u0438\u0446\u0430","item":"https:\/\/xstyle.md\/"},{"@type":"ListItem","position":2,"name":"\u041c\u0430\u0433\u0430\u0437\u0438\u043d","item":"https:\/\/xstyle.md\/shop\/"},{"@type":"ListItem","position":3,"name":"\u0413\u0435\u0440\u043c\u043e\u043c\u0435\u0448\u043e\u043a STS Ultra Sil Dry Bag 8 L"}]},{"@type":"WebSite","@id":"https:\/\/xstyle.md\/#website","url":"https:\/\/xstyle.md\/","name":"Magazinul X-Style","description":"Echipamente pentru turism \u0219i sporturi extreme \u00een Moldova. Pre\u021buri, fotografii, caracteristici \u00een Moldova.","publisher":{"@id":"https:\/\/xstyle.md\/#organization"},"alternateName":"X-Style","potentialAction":[{"@type":"SearchAction","target":{"@type":"EntryPoint","urlTemplate":"https:\/\/xstyle.md\/?s={search_term_string}"},"query-input":{"@type":"PropertyValueSpecification","valueRequired":true,"valueName":"search_term_string"}}],"inLanguage":"ro-RO"},{"@type":"Organization","@id":"https:\/\/xstyle.md\/#organization","name":"Magazinul X-Style","alternateName":"x-style","url":"https:\/\/xstyle.md\/","logo":{"@type":"ImageObject","inLanguage":"ro-RO","@id":"https:\/\/xstyle.md\/#\/schema\/logo\/image\/","url":"https:\/\/xstyle.md\/wp-content\/uploads\/2020\/06\/logoicon.svg","contentUrl":"https:\/\/xstyle.md\/wp-content\/uploads\/2020\/06\/logoicon.svg","caption":"\u041c\u0430\u0433\u0430\u0437\u0438\u043d Xstyle"},"image":{"@id":"https:\/\/xstyle.md\/#\/schema\/logo\/image\/"},"sameAs":["https:\/\/www.facebook.com\/xstylemd","https:\/\/www.instagram.com\/xstyle_md\/","https:\/\/t.me\/xstyle_outdoor"],"hasMerchantReturnPolicy":{"@type":"MerchantReturnPolicy","merchantReturnLink":"https:\/\/xstyle.md\/ro\/conditions\/"}}]},"product_price_amount":"420.00","product_price_currency":"MDL","og_availability":"instock","product_availability":"instock","product_retailer_item_id":"9327868153497","product_condition":"new"},"_links":{"self":[{"href":"https:\/\/xstyle.md\/ro\/wp-json\/wp\/v2\/product\/74378","targetHints":{"allow":["GET"]}}],"collection":[{"href":"https:\/\/xstyle.md\/ro\/wp-json\/wp\/v2\/product"}],"about":[{"href":"https:\/\/xstyle.md\/ro\/wp-json\/wp\/v2\/types\/product"}],"replies":[{"embeddable":true,"href":"https:\/\/xstyle.md\/ro\/wp-json\/wp\/v2\/comments?post=74378"}],"wp:featuredmedia":[{"embeddable":true,"href":"https:\/\/xstyle.md\/ro\/wp-json\/wp\/v2\/media\/74552"}],"wp:attachment":[{"href":"https:\/\/xstyle.md\/ro\/wp-json\/wp\/v2\/media?parent=74378"}],"wp:term":[{"taxonomy":"product_brand","embeddable":true,"href":"https:\/\/xstyle.md\/ro\/wp-json\/wp\/v2\/product_brand?post=74378"},{"taxonomy":"product_cat","embeddable":true,"href":"https:\/\/xstyle.md\/ro\/wp-json\/wp\/v2\/product_cat?post=74378"},{"taxonomy":"product_tag","embeddable":true,"href":"https:\/\/xstyle.md\/ro\/wp-json\/wp\/v2\/product_tag?post=74378"}],"curies":[{"name":"wp","href":"https:\/\/api.w.org\/{rel}","templated":true}]}}