{"id":7433,"date":"2020-07-16T22:42:52","date_gmt":"2020-07-16T19:42:52","guid":{"rendered":"https:\/\/xstyle.md\/?post_type=product&#038;p=7433"},"modified":"2024-10-21T09:10:08","modified_gmt":"2024-10-21T06:10:08","slug":"sumka-rjukzak-dlja-verevki-deuter-gravity-rope-bag","status":"publish","type":"product","link":"https:\/\/xstyle.md\/ro\/produs\/sumka-rjukzak-dlja-verevki-deuter-gravity-rope-bag\/","title":{"rendered":"Geant\u0103-rucsac pentru coard\u0103 Deuter Gravity Rope Bag"},"content":{"rendered":"<\/p>\n<p><strong>Geant\u0103-rucsac pentru coard\u0103 Deuter Gravity Rope Bag<\/strong> &#8212; permite protejarea cablului de murd\u0103rie, praf \u0219i influen\u021bele mediului. Curelele lungi \u0219i late nu taie \u00een umeri \u0219i ofer\u0103 confort \u00een timpul transportului. Fitingurile metalice robuste \u0219i materialul rezistent la abraziune asigur\u0103 durabilitatea gen\u021bii \u0219i o durat\u0103 lung\u0103 de via\u021b\u0103. Designul inteligent asigur\u0103 libertate de mi\u0219care \u0219i confort.<\/p>\n<h3>Particularit\u0103\u021bi<\/h3>\n<ul>\n<li>Curelele lungi permit transportul \u00een diagonal\u0103<\/li>\n<li>Ideal pentru fr\u00e2nghie<\/li>\n<li>Culori diferite ale centurii \u0219i curelelor pentru orientare u\u0219oar\u0103<\/li>\n<li>Curele de compresie cu c\u00e2rlige metalice<\/li>\n<li>\u00cenchidere cu clips a gen\u021bii<\/li>\n<\/ul>\n<h3>Caracteristici<\/h3>\n<ul>\n<li>Greutate &#8212; 610 g<\/li>\n<li>Dimensiuni &#8212; 22 x 48 x 30 (H x L x P) cm<\/li>\n<li>Material &#8212; Duratex Bright \/ MacroLite 420<\/li>\n<li>Potrivit pentru bagajul de m\u00e2n\u0103<\/li>\n<li>Model &#8212; unisex<\/li>\n<\/ul>\n<h3>Tehnologie<\/h3>\n<ul>\n<li><strong>MacroLite 420<\/strong> &#8212; \u021bes\u0103tura din poliamid\u0103 de \u00eenalt\u0103 calitate cu o \u021bes\u0103tur\u0103 foarte dens\u0103 din fire 420 den este foarte rezistent\u0103 la abraziune.<\/li>\n<\/ul>\n<h3>Marca<\/h3>\n<p>Deuter este o marc\u0103 german\u0103 de gen\u021bi sport \u0219i gen\u021bi pentru drume\u021bii, trekking, sporturi de iarn\u0103 \u0219i alte scopuri. Istoria companiei dateaz\u0103 de peste 100 de ani: fondat\u0103 de Hans Deuter \u00een 1898, la \u00eenceputul secolului al XX-lea Deuter furniza deja gen\u021bi po\u0219tale pentru Po\u0219ta Regal\u0103 Bavarez\u0103, iar \u00een anii 1910 &#8212; rucsacuri, gen\u021bi, centuri \u0219i corturi pentru armat\u0103.<\/p>\n<p>Ca unul dintre cei mai importan\u021bi produc\u0103tori de rucsacuri, Deuter a colaborat \u00eentotdeauna cu alpini\u0219ti experimenta\u021bi, care au \u00eemp\u0103rt\u0103\u0219it din bogata lor experien\u021b\u0103 \u0219i cuno\u0219tin\u021be. Deuter nu se opre\u0219te la rezultatele ob\u021binute, lucr\u00e2nd constant la calitate \u0219i la \u00eembun\u0103t\u0103\u021birea produselor sale. Speciali\u0219tii companiei caut\u0103 mereu noi solu\u021bii tehnice care v\u0103 pot asigura confortul \u0219i siguran\u021ba.<\/p>\n<p><\/p>","protected":false},"excerpt":{"rendered":"<p>Geant\u0103-rucsac pentru coard\u0103 Deuter Gravity Rope Bag<\/p>","protected":false},"featured_media":7432,"comment_status":"open","ping_status":"closed","template":"","meta":{"_acf_changed":false,"inline_featured_image":false},"product_brand":[1261],"product_cat":[305],"product_tag":[],"class_list":{"0":"post-7433","1":"product","2":"type-product","3":"status-publish","4":"has-post-thumbnail","6":"product_brand-deuter","7":"product_cat-climbing-accessories","9":"first","10":"instock","11":"shipping-taxable","12":"purchasable","13":"product-type-simple"},"acf":[],"yoast_head":"<!-- This site is optimized with the Yoast SEO plugin v27.2 - https:\/\/yoast.com\/product\/yoast-seo-wordpress\/ -->\n<title>\u0421\u0443\u043c\u043a\u0430-\u0440\u044e\u043a\u0437\u0430\u043a \u0434\u043b\u044f \u0432\u0435\u0440\u0435\u0432\u043a\u0438 Deuter Gravity Rope Bag - \u041c\u0430\u0433\u0430\u0437\u0438\u043d Xstyle<\/title>\n<meta name=\"description\" content=\"\u0421\u0443\u043c\u043a\u0430-\u0440\u044e\u043a\u0437\u0430\u043a Deuter Gravity Rope Bag \u043d\u0430\u0434\u0435\u0436\u043d\u043e \u0437\u0430\u0449\u0438\u0449\u0430\u0435\u0442 \u0432\u0435\u0440\u0435\u0432\u043a\u0443 \u043e\u0442 \u0433\u0440\u044f\u0437\u0438 \u0438 \u043f\u043e\u0432\u0440\u0435\u0436\u0434\u0435\u043d\u0438\u0439. \u0423\u0434\u043e\u0431\u043d\u044b\u0435 \u043b\u044f\u043c\u043a\u0438 \u0438 \u043f\u0440\u043e\u0447\u043d\u044b\u0439 \u043c\u0430\u0442\u0435\u0440\u0438\u0430\u043b \u043e\u0431\u0435\u0441\u043f\u0435\u0447\u0438\u0432\u0430\u044e\u0442 \u043a\u043e\u043c\u0444\u043e\u0440\u0442 \u0438 \u0434\u043e\u043b\u0433\u043e\u0432\u0435\u0447\u043d\u043e\u0441\u0442\u044c.\" \/>\n<meta name=\"robots\" content=\"index, follow, max-snippet:-1, max-image-preview:large, max-video-preview:-1\" \/>\n<link rel=\"canonical\" href=\"https:\/\/xstyle.md\/ro\/produs\/sumka-rjukzak-dlja-verevki-deuter-gravity-rope-bag\/\" \/>\n<meta property=\"og:locale\" content=\"ro_RO\" \/>\n<meta property=\"og:type\" content=\"article\" \/>\n<meta property=\"og:title\" content=\"\u0421\u0443\u043c\u043a\u0430-\u0440\u044e\u043a\u0437\u0430\u043a \u0434\u043b\u044f \u0432\u0435\u0440\u0435\u0432\u043a\u0438 Deuter Gravity Rope Bag - \u041c\u0430\u0433\u0430\u0437\u0438\u043d Xstyle\" \/>\n<meta property=\"og:description\" content=\"\u0421\u0443\u043c\u043a\u0430-\u0440\u044e\u043a\u0437\u0430\u043a Deuter Gravity Rope Bag \u043d\u0430\u0434\u0435\u0436\u043d\u043e \u0437\u0430\u0449\u0438\u0449\u0430\u0435\u0442 \u0432\u0435\u0440\u0435\u0432\u043a\u0443 \u043e\u0442 \u0433\u0440\u044f\u0437\u0438 \u0438 \u043f\u043e\u0432\u0440\u0435\u0436\u0434\u0435\u043d\u0438\u0439. \u0423\u0434\u043e\u0431\u043d\u044b\u0435 \u043b\u044f\u043c\u043a\u0438 \u0438 \u043f\u0440\u043e\u0447\u043d\u044b\u0439 \u043c\u0430\u0442\u0435\u0440\u0438\u0430\u043b \u043e\u0431\u0435\u0441\u043f\u0435\u0447\u0438\u0432\u0430\u044e\u0442 \u043a\u043e\u043c\u0444\u043e\u0440\u0442 \u0438 \u0434\u043e\u043b\u0433\u043e\u0432\u0435\u0447\u043d\u043e\u0441\u0442\u044c.\" \/>\n<meta property=\"og:url\" content=\"https:\/\/xstyle.md\/ro\/produs\/sumka-rjukzak-dlja-verevki-deuter-gravity-rope-bag\/\" \/>\n<meta property=\"og:site_name\" content=\"\u041c\u0430\u0433\u0430\u0437\u0438\u043d Xstyle\" \/>\n<meta property=\"article:publisher\" content=\"https:\/\/www.facebook.com\/xstylemd\" \/>\n<meta property=\"article:modified_time\" content=\"2024-10-21T06:10:08+00:00\" \/>\n<meta property=\"og:image\" content=\"https:\/\/xstyle.md\/wp-content\/uploads\/2020\/07\/gravityropebag-3400-17-back-carry.jpg\" \/>\n\t<meta property=\"og:image:width\" content=\"686\" \/>\n\t<meta property=\"og:image:height\" content=\"1356\" \/>\n\t<meta property=\"og:image:type\" content=\"image\/jpeg\" \/>\n<meta name=\"twitter:card\" content=\"summary_large_image\" \/>\n<meta name=\"twitter:label1\" content=\"Pre\u021b\" \/>\n\t<meta name=\"twitter:data1\" content=\"1.090&nbsp;MDL\" \/>\n\t<meta name=\"twitter:label2\" content=\"Disponibilitate\" \/>\n\t<meta name=\"twitter:data2\" content=\"\u00cen stoc\" \/>\n<script type=\"application\/ld+json\" class=\"yoast-schema-graph\">{\"@context\":\"https:\/\/schema.org\",\"@graph\":[{\"@type\":\"WebPage\",\"@id\":\"https:\/\/xstyle.md\/product\/sumka-rjukzak-dlja-verevki-deuter-gravity-rope-bag\/\",\"url\":\"https:\/\/xstyle.md\/product\/sumka-rjukzak-dlja-verevki-deuter-gravity-rope-bag\/\",\"name\":\"\u0421\u0443\u043c\u043a\u0430-\u0440\u044e\u043a\u0437\u0430\u043a \u0434\u043b\u044f \u0432\u0435\u0440\u0435\u0432\u043a\u0438 Deuter Gravity Rope Bag - \u041c\u0430\u0433\u0430\u0437\u0438\u043d Xstyle\",\"isPartOf\":{\"@id\":\"https:\/\/xstyle.md\/#website\"},\"primaryImageOfPage\":{\"@id\":\"https:\/\/xstyle.md\/product\/sumka-rjukzak-dlja-verevki-deuter-gravity-rope-bag\/#primaryimage\"},\"image\":{\"@id\":\"https:\/\/xstyle.md\/product\/sumka-rjukzak-dlja-verevki-deuter-gravity-rope-bag\/#primaryimage\"},\"thumbnailUrl\":\"https:\/\/xstyle.md\/wp-content\/uploads\/2020\/07\/gravityropebag-3400-17-back-carry.jpg\",\"datePublished\":\"2020-07-16T19:42:52+00:00\",\"dateModified\":\"2024-10-21T06:10:08+00:00\",\"description\":\"\u0421\u0443\u043c\u043a\u0430-\u0440\u044e\u043a\u0437\u0430\u043a Deuter Gravity Rope Bag \u043d\u0430\u0434\u0435\u0436\u043d\u043e \u0437\u0430\u0449\u0438\u0449\u0430\u0435\u0442 \u0432\u0435\u0440\u0435\u0432\u043a\u0443 \u043e\u0442 \u0433\u0440\u044f\u0437\u0438 \u0438 \u043f\u043e\u0432\u0440\u0435\u0436\u0434\u0435\u043d\u0438\u0439. \u0423\u0434\u043e\u0431\u043d\u044b\u0435 \u043b\u044f\u043c\u043a\u0438 \u0438 \u043f\u0440\u043e\u0447\u043d\u044b\u0439 \u043c\u0430\u0442\u0435\u0440\u0438\u0430\u043b \u043e\u0431\u0435\u0441\u043f\u0435\u0447\u0438\u0432\u0430\u044e\u0442 \u043a\u043e\u043c\u0444\u043e\u0440\u0442 \u0438 \u0434\u043e\u043b\u0433\u043e\u0432\u0435\u0447\u043d\u043e\u0441\u0442\u044c.\",\"breadcrumb\":{\"@id\":\"https:\/\/xstyle.md\/product\/sumka-rjukzak-dlja-verevki-deuter-gravity-rope-bag\/#breadcrumb\"},\"inLanguage\":\"ro-RO\",\"potentialAction\":[{\"@type\":\"ReadAction\",\"target\":[\"https:\/\/xstyle.md\/product\/sumka-rjukzak-dlja-verevki-deuter-gravity-rope-bag\/\"]}]},{\"@type\":\"ImageObject\",\"inLanguage\":\"ro-RO\",\"@id\":\"https:\/\/xstyle.md\/product\/sumka-rjukzak-dlja-verevki-deuter-gravity-rope-bag\/#primaryimage\",\"url\":\"https:\/\/xstyle.md\/wp-content\/uploads\/2020\/07\/gravityropebag-3400-17-back-carry.jpg\",\"contentUrl\":\"https:\/\/xstyle.md\/wp-content\/uploads\/2020\/07\/gravityropebag-3400-17-back-carry.jpg\",\"width\":686,\"height\":1356},{\"@type\":\"BreadcrumbList\",\"@id\":\"https:\/\/xstyle.md\/product\/sumka-rjukzak-dlja-verevki-deuter-gravity-rope-bag\/#breadcrumb\",\"itemListElement\":[{\"@type\":\"ListItem\",\"position\":1,\"name\":\"\u0413\u043b\u0430\u0432\u043d\u0430\u044f \u0441\u0442\u0440\u0430\u043d\u0438\u0446\u0430\",\"item\":\"https:\/\/xstyle.md\/\"},{\"@type\":\"ListItem\",\"position\":2,\"name\":\"\u041c\u0430\u0433\u0430\u0437\u0438\u043d\",\"item\":\"https:\/\/xstyle.md\/shop\/\"},{\"@type\":\"ListItem\",\"position\":3,\"name\":\"\u0421\u0443\u043c\u043a\u0430-\u0440\u044e\u043a\u0437\u0430\u043a \u0434\u043b\u044f \u0432\u0435\u0440\u0435\u0432\u043a\u0438 Deuter Gravity Rope Bag\"}]},{\"@type\":\"WebSite\",\"@id\":\"https:\/\/xstyle.md\/#website\",\"url\":\"https:\/\/xstyle.md\/\",\"name\":\"\u041c\u0430\u0433\u0430\u0437\u0438\u043d Xstyle\",\"description\":\"C\u043d\u0430\u0440\u044f\u0436\u0435\u043d\u0438\u0435 \u0434\u043b\u044f \u0442\u0443\u0440\u0438\u0437\u043c\u0430 \u0438 \u044d\u043a\u0441\u0442\u0440\u0435\u043c\u0430\u043b\u044c\u043d\u044b\u0445 \u0432\u0438\u0434\u043e\u0432 \u0441\u043f\u043e\u0440\u0442\u0430 \u0432 \u041c\u043e\u043b\u0434\u043e\u0432\u0435.. \u0426\u0435\u043d\u044b, \u0444\u043e\u0442\u043e, \u0445\u0430\u0440\u0430\u043a\u0442\u0435\u0440\u0438\u0441\u0442\u0438\u043a\u0438 \u0432 \u041c\u043e\u043b\u0434\u043e\u0432\u0435.\",\"publisher\":{\"@id\":\"https:\/\/xstyle.md\/#organization\"},\"alternateName\":\"X-Style\",\"potentialAction\":[{\"@type\":\"SearchAction\",\"target\":{\"@type\":\"EntryPoint\",\"urlTemplate\":\"https:\/\/xstyle.md\/?s={search_term_string}\"},\"query-input\":{\"@type\":\"PropertyValueSpecification\",\"valueRequired\":true,\"valueName\":\"search_term_string\"}}],\"inLanguage\":\"ro-RO\"},{\"@type\":\"Organization\",\"@id\":\"https:\/\/xstyle.md\/#organization\",\"name\":\"\u041c\u0430\u0433\u0430\u0437\u0438\u043d Xstyle\",\"alternateName\":\"x-style\",\"url\":\"https:\/\/xstyle.md\/\",\"logo\":{\"@type\":\"ImageObject\",\"inLanguage\":\"ro-RO\",\"@id\":\"https:\/\/xstyle.md\/#\/schema\/logo\/image\/\",\"url\":\"https:\/\/xstyle.md\/wp-content\/uploads\/2020\/06\/logoicon.svg\",\"contentUrl\":\"https:\/\/xstyle.md\/wp-content\/uploads\/2020\/06\/logoicon.svg\",\"caption\":\"\u041c\u0430\u0433\u0430\u0437\u0438\u043d Xstyle\"},\"image\":{\"@id\":\"https:\/\/xstyle.md\/#\/schema\/logo\/image\/\"},\"sameAs\":[\"https:\/\/www.facebook.com\/xstylemd\",\"https:\/\/www.instagram.com\/xstyle_md\/\",\"https:\/\/t.me\/xstyle_outdoor\"],\"hasMerchantReturnPolicy\":{\"@type\":\"MerchantReturnPolicy\",\"merchantReturnLink\":\"https:\/\/xstyle.md\/ro\/conditions\/\"}}]}<\/script>\n<meta property=\"product:price:amount\" content=\"1090.00\" \/>\n<meta property=\"product:price:currency\" content=\"MDL\" \/>\n<meta property=\"og:availability\" content=\"instock\" \/>\n<meta property=\"product:availability\" content=\"instock\" \/>\n<meta property=\"product:retailer_item_id\" content=\"4046051077970\" \/>\n<meta property=\"product:condition\" content=\"new\" \/>\n<!-- \/ Yoast SEO plugin. -->","yoast_head_json":{"title":"Geant\u0103-rucsac pentru coard\u0103 Deuter Gravity Rope Bag - Magazin Xstyle","description":"Rucsacul Deuter Gravity Rope Bag protejeaz\u0103 \u00een mod fiabil fr\u00e2nghia de murd\u0103rie \u0219i deterior\u0103ri. Bretelele confortabile \u0219i materialul rezistent asigur\u0103 confort \u0219i durabilitate.","robots":{"index":"index","follow":"follow","max-snippet":"max-snippet:-1","max-image-preview":"max-image-preview:large","max-video-preview":"max-video-preview:-1"},"canonical":"https:\/\/xstyle.md\/ro\/produs\/sumka-rjukzak-dlja-verevki-deuter-gravity-rope-bag\/","og_locale":"ro_RO","og_type":"article","og_title":"\u0421\u0443\u043c\u043a\u0430-\u0440\u044e\u043a\u0437\u0430\u043a \u0434\u043b\u044f \u0432\u0435\u0440\u0435\u0432\u043a\u0438 Deuter Gravity Rope Bag - \u041c\u0430\u0433\u0430\u0437\u0438\u043d Xstyle","og_description":"\u0421\u0443\u043c\u043a\u0430-\u0440\u044e\u043a\u0437\u0430\u043a Deuter Gravity Rope Bag \u043d\u0430\u0434\u0435\u0436\u043d\u043e \u0437\u0430\u0449\u0438\u0449\u0430\u0435\u0442 \u0432\u0435\u0440\u0435\u0432\u043a\u0443 \u043e\u0442 \u0433\u0440\u044f\u0437\u0438 \u0438 \u043f\u043e\u0432\u0440\u0435\u0436\u0434\u0435\u043d\u0438\u0439. \u0423\u0434\u043e\u0431\u043d\u044b\u0435 \u043b\u044f\u043c\u043a\u0438 \u0438 \u043f\u0440\u043e\u0447\u043d\u044b\u0439 \u043c\u0430\u0442\u0435\u0440\u0438\u0430\u043b \u043e\u0431\u0435\u0441\u043f\u0435\u0447\u0438\u0432\u0430\u044e\u0442 \u043a\u043e\u043c\u0444\u043e\u0440\u0442 \u0438 \u0434\u043e\u043b\u0433\u043e\u0432\u0435\u0447\u043d\u043e\u0441\u0442\u044c.","og_url":"https:\/\/xstyle.md\/ro\/produs\/sumka-rjukzak-dlja-verevki-deuter-gravity-rope-bag\/","og_site_name":"\u041c\u0430\u0433\u0430\u0437\u0438\u043d Xstyle","article_publisher":"https:\/\/www.facebook.com\/xstylemd","article_modified_time":"2024-10-21T06:10:08+00:00","og_image":[{"width":686,"height":1356,"url":"https:\/\/xstyle.md\/wp-content\/uploads\/2020\/07\/gravityropebag-3400-17-back-carry.jpg","type":"image\/jpeg"}],"twitter_card":"summary_large_image","twitter_misc":{"Pre\u021b":"1.090&nbsp;MDL","Disponibilitate":"\u00cen stoc"},"schema":{"@context":"https:\/\/schema.org","@graph":[{"@type":"WebPage","@id":"https:\/\/xstyle.md\/product\/sumka-rjukzak-dlja-verevki-deuter-gravity-rope-bag\/","url":"https:\/\/xstyle.md\/product\/sumka-rjukzak-dlja-verevki-deuter-gravity-rope-bag\/","name":"Geant\u0103-rucsac pentru coard\u0103 Deuter Gravity Rope Bag - Magazin Xstyle","isPartOf":{"@id":"https:\/\/xstyle.md\/#website"},"primaryImageOfPage":{"@id":"https:\/\/xstyle.md\/product\/sumka-rjukzak-dlja-verevki-deuter-gravity-rope-bag\/#primaryimage"},"image":{"@id":"https:\/\/xstyle.md\/product\/sumka-rjukzak-dlja-verevki-deuter-gravity-rope-bag\/#primaryimage"},"thumbnailUrl":"https:\/\/xstyle.md\/wp-content\/uploads\/2020\/07\/gravityropebag-3400-17-back-carry.jpg","datePublished":"2020-07-16T19:42:52+00:00","dateModified":"2024-10-21T06:10:08+00:00","description":"Rucsacul Deuter Gravity Rope Bag protejeaz\u0103 \u00een mod fiabil fr\u00e2nghia de murd\u0103rie \u0219i deterior\u0103ri. Bretelele confortabile \u0219i materialul rezistent asigur\u0103 confort \u0219i durabilitate.","breadcrumb":{"@id":"https:\/\/xstyle.md\/product\/sumka-rjukzak-dlja-verevki-deuter-gravity-rope-bag\/#breadcrumb"},"inLanguage":"ro-RO","potentialAction":[{"@type":"ReadAction","target":["https:\/\/xstyle.md\/product\/sumka-rjukzak-dlja-verevki-deuter-gravity-rope-bag\/"]}]},{"@type":"ImageObject","inLanguage":"ro-RO","@id":"https:\/\/xstyle.md\/product\/sumka-rjukzak-dlja-verevki-deuter-gravity-rope-bag\/#primaryimage","url":"https:\/\/xstyle.md\/wp-content\/uploads\/2020\/07\/gravityropebag-3400-17-back-carry.jpg","contentUrl":"https:\/\/xstyle.md\/wp-content\/uploads\/2020\/07\/gravityropebag-3400-17-back-carry.jpg","width":686,"height":1356},{"@type":"BreadcrumbList","@id":"https:\/\/xstyle.md\/product\/sumka-rjukzak-dlja-verevki-deuter-gravity-rope-bag\/#breadcrumb","itemListElement":[{"@type":"ListItem","position":1,"name":"\u0413\u043b\u0430\u0432\u043d\u0430\u044f \u0441\u0442\u0440\u0430\u043d\u0438\u0446\u0430","item":"https:\/\/xstyle.md\/"},{"@type":"ListItem","position":2,"name":"\u041c\u0430\u0433\u0430\u0437\u0438\u043d","item":"https:\/\/xstyle.md\/shop\/"},{"@type":"ListItem","position":3,"name":"\u0421\u0443\u043c\u043a\u0430-\u0440\u044e\u043a\u0437\u0430\u043a \u0434\u043b\u044f \u0432\u0435\u0440\u0435\u0432\u043a\u0438 Deuter Gravity Rope Bag"}]},{"@type":"WebSite","@id":"https:\/\/xstyle.md\/#website","url":"https:\/\/xstyle.md\/","name":"Magazinul X-Style","description":"Echipamente pentru turism \u0219i sporturi extreme \u00een Moldova. Pre\u021buri, fotografii, caracteristici \u00een Moldova.","publisher":{"@id":"https:\/\/xstyle.md\/#organization"},"alternateName":"X-Style","potentialAction":[{"@type":"SearchAction","target":{"@type":"EntryPoint","urlTemplate":"https:\/\/xstyle.md\/?s={search_term_string}"},"query-input":{"@type":"PropertyValueSpecification","valueRequired":true,"valueName":"search_term_string"}}],"inLanguage":"ro-RO"},{"@type":"Organization","@id":"https:\/\/xstyle.md\/#organization","name":"Magazinul X-Style","alternateName":"x-style","url":"https:\/\/xstyle.md\/","logo":{"@type":"ImageObject","inLanguage":"ro-RO","@id":"https:\/\/xstyle.md\/#\/schema\/logo\/image\/","url":"https:\/\/xstyle.md\/wp-content\/uploads\/2020\/06\/logoicon.svg","contentUrl":"https:\/\/xstyle.md\/wp-content\/uploads\/2020\/06\/logoicon.svg","caption":"\u041c\u0430\u0433\u0430\u0437\u0438\u043d Xstyle"},"image":{"@id":"https:\/\/xstyle.md\/#\/schema\/logo\/image\/"},"sameAs":["https:\/\/www.facebook.com\/xstylemd","https:\/\/www.instagram.com\/xstyle_md\/","https:\/\/t.me\/xstyle_outdoor"],"hasMerchantReturnPolicy":{"@type":"MerchantReturnPolicy","merchantReturnLink":"https:\/\/xstyle.md\/ro\/conditions\/"}}]},"product_price_amount":"1090.00","product_price_currency":"MDL","og_availability":"instock","product_availability":"instock","product_retailer_item_id":"4046051077970","product_condition":"new"},"post_mailing_queue_ids":[],"_links":{"self":[{"href":"https:\/\/xstyle.md\/ro\/wp-json\/wp\/v2\/product\/7433","targetHints":{"allow":["GET"]}}],"collection":[{"href":"https:\/\/xstyle.md\/ro\/wp-json\/wp\/v2\/product"}],"about":[{"href":"https:\/\/xstyle.md\/ro\/wp-json\/wp\/v2\/types\/product"}],"replies":[{"embeddable":true,"href":"https:\/\/xstyle.md\/ro\/wp-json\/wp\/v2\/comments?post=7433"}],"wp:featuredmedia":[{"embeddable":true,"href":"https:\/\/xstyle.md\/ro\/wp-json\/wp\/v2\/media\/7432"}],"wp:attachment":[{"href":"https:\/\/xstyle.md\/ro\/wp-json\/wp\/v2\/media?parent=7433"}],"wp:term":[{"taxonomy":"product_brand","embeddable":true,"href":"https:\/\/xstyle.md\/ro\/wp-json\/wp\/v2\/product_brand?post=7433"},{"taxonomy":"product_cat","embeddable":true,"href":"https:\/\/xstyle.md\/ro\/wp-json\/wp\/v2\/product_cat?post=7433"},{"taxonomy":"product_tag","embeddable":true,"href":"https:\/\/xstyle.md\/ro\/wp-json\/wp\/v2\/product_tag?post=7433"}],"curies":[{"name":"wp","href":"https:\/\/api.w.org\/{rel}","templated":true}]}}