{"id":73943,"date":"2023-09-13T13:51:41","date_gmt":"2023-09-13T10:51:41","guid":{"rendered":"https:\/\/xstyle.md\/?post_type=product&#038;p=73943"},"modified":"2025-10-24T12:41:47","modified_gmt":"2025-10-24T09:41:47","slug":"ochki-julbo-boomerang-grey-blue-sp3","status":"publish","type":"product","link":"https:\/\/xstyle.md\/ro\/produs\/ochki-julbo-boomerang-grey-blue-sp3\/","title":{"rendered":"Ochelari Julbo Boomerang Grey\/Blue SP3+"},"content":{"rendered":"<\/p>\n<p><strong>Julbo Boomerang Grey\/Blue SP3+<\/strong> &#8212; model pentru copii cu care s\u0103 fii cel mai stilat la gr\u0103dini\u021b\u0103, pe strad\u0103, pe terenul de joac\u0103 sau la plaj\u0103. Forma trendy a ochelarilor de soare Julbo Boomerang combin\u0103 stilul \u0219i protec\u021bia. Lentilele din policarbonat de categoria 3 (cu o transmisie a luminii vizibile de 12%) sunt potrivite pentru utilizarea \u00een soare moderat p\u00e2n\u0103 la puternic sau pentru orice activit\u0103\u021bi \u00een aer liber \u00een condi\u021bii bune de iluminare \u0219i au, de asemenea, un strat anticea\u021b\u0103.<\/p>\n<h3>Particularit\u0103\u021bi<\/h3>\n<ul>\n<li>Potrivire asiatic\u0103: ergonomia ramei este adaptat\u0103 la formele fe\u021bei asiatice<\/li>\n<li>Ata\u0219amentul permite ata\u0219area unui cordon (nu este inclus)<\/li>\n<li>Profile curbate ale t\u00e2mplelor pentru o potrivire bun\u0103. Men\u021bin ochelarii pe fa\u021b\u0103 \u00een timpul mi\u0219c\u0103rilor bru\u0219te \u0219i repetitive<\/li>\n<li>Material exclusiv moale \u0219i confortabil pentru t\u00e2mple, care nu se lipe\u0219te de p\u0103r, oferind aderen\u021b\u0103 perfect\u0103 \u0219i confort<\/li>\n<li>Partea frontal\u0103 lat\u0103 asigur\u0103 protec\u021bia ochilor \u0219i o vizibilitate excelent\u0103<\/li>\n<\/ul>\n<h3>Caracteristici<\/h3>\n<ul>\n<li>Lentile &#8212; Spectron 3<\/li>\n<li>Categoria de protec\u021bie UV: 3 (12% transmisie a luminii)<\/li>\n<li>L\u0103\u021bimea lentilelor &#8212; 43 mm<\/li>\n<li>Lungimea lan\u021bului &#8212; 109 mm<\/li>\n<li>Suport &#8212; 13 mm<\/li>\n<li>Scop &#8212; c\u0103l\u0103torie \/ ora\u0219<\/li>\n<li>Model &#8212; pentru copii<\/li>\n<\/ul>\n<h3>Tehnologie<\/h3>\n<ul>\n<li><strong>Spectron 3<\/strong> \u2013 lentile de categoria 3, transmisie a luminii: 12%. U\u0219oare \u0219i rezistente la impact, prin urmare potrivite pentru toate sporturile \u00een aer liber.<\/li>\n<\/ul>\n<h3>Marca<\/h3>\n<p>Julbo este un brand francez de renume mondial care produce ochelari de sport de \u00eenalt\u0103 calitate, ochelari pentru sporturi nautice, ochelari pentru alpinism la mare altitudine, m\u0103\u0219ti pentru sporturi de iarn\u0103, c\u0103\u0219ti de schi \u0219i multe altele. Aceast\u0103 companie are o istorie de peste 130 de ani, iar \u00een acest timp s-a dezvoltat de la o mic\u0103 firm\u0103 de familie la un juc\u0103tor important pe pia\u021ba global\u0103. Julbo a devenit un veritabil expert \u0219i un punct de referin\u021b\u0103 \u00een dezvoltarea opticii pentru utilizarea \u00een condi\u021bii extreme. Experien\u021ba acumulat\u0103 de-a lungul anilor, tehnologiile inovatoare \u0219i cooperarea cu sportivii au dus la o gam\u0103 larg\u0103 de produse care au c\u00e2\u0219tigat o mare popularitate \u00een \u00eentreaga lume.<\/p>\n<p><\/p>","protected":false},"excerpt":{"rendered":"","protected":false},"featured_media":74471,"comment_status":"open","ping_status":"closed","template":"","meta":{"_acf_changed":false,"inline_featured_image":false},"product_brand":[1294],"product_cat":[238],"product_tag":[],"class_list":{"0":"post-73943","1":"product","2":"type-product","3":"status-publish","4":"has-post-thumbnail","6":"product_brand-julbo","7":"product_cat-sunglasses-julbo","9":"first","10":"instock","11":"shipping-taxable","12":"purchasable","13":"product-type-simple"},"acf":[],"yoast_head":"<!-- This site is optimized with the Yoast SEO plugin v27.2 - https:\/\/yoast.com\/product\/yoast-seo-wordpress\/ -->\n<title>\u041e\u0447\u043a\u0438 Julbo Boomerang Grey\/Blue SP3+ - \u041c\u0430\u0433\u0430\u0437\u0438\u043d Xstyle<\/title>\n<meta name=\"description\" content=\"\u041e\u0447\u043a\u0438 Julbo Boomerang Grey\/Blue SP3+ \u0434\u043b\u044f \u0441\u0442\u0438\u043b\u044c\u043d\u044b\u0445 \u0434\u0435\u0442\u0435\u0439. \u0417\u0430\u0449\u0438\u0442\u0430 \u043e\u0442 UV \u0438 \u043c\u043e\u0434\u043d\u044b\u0439 \u0434\u0438\u0437\u0430\u0439\u043d \u0434\u043b\u044f \u0438\u0433\u0440 \u043d\u0430 \u0443\u043b\u0438\u0446\u0435, \u0432 \u0441\u0430\u0434\u0438\u043a\u0435 \u0438\u043b\u0438 \u043d\u0430 \u043f\u043b\u044f\u0436\u0435.\" \/>\n<meta name=\"robots\" content=\"index, follow, max-snippet:-1, max-image-preview:large, max-video-preview:-1\" \/>\n<link rel=\"canonical\" href=\"https:\/\/xstyle.md\/ro\/produs\/ochki-julbo-boomerang-grey-blue-sp3\/\" \/>\n<meta property=\"og:locale\" content=\"ro_RO\" \/>\n<meta property=\"og:type\" content=\"article\" \/>\n<meta property=\"og:title\" content=\"\u041e\u0447\u043a\u0438 Julbo Boomerang Grey\/Blue SP3+ - \u041c\u0430\u0433\u0430\u0437\u0438\u043d Xstyle\" \/>\n<meta property=\"og:description\" content=\"\u041e\u0447\u043a\u0438 Julbo Boomerang Grey\/Blue SP3+ \u0434\u043b\u044f \u0441\u0442\u0438\u043b\u044c\u043d\u044b\u0445 \u0434\u0435\u0442\u0435\u0439. \u0417\u0430\u0449\u0438\u0442\u0430 \u043e\u0442 UV \u0438 \u043c\u043e\u0434\u043d\u044b\u0439 \u0434\u0438\u0437\u0430\u0439\u043d \u0434\u043b\u044f \u0438\u0433\u0440 \u043d\u0430 \u0443\u043b\u0438\u0446\u0435, \u0432 \u0441\u0430\u0434\u0438\u043a\u0435 \u0438\u043b\u0438 \u043d\u0430 \u043f\u043b\u044f\u0436\u0435.\" \/>\n<meta property=\"og:url\" content=\"https:\/\/xstyle.md\/ro\/produs\/ochki-julbo-boomerang-grey-blue-sp3\/\" \/>\n<meta property=\"og:site_name\" content=\"\u041c\u0430\u0433\u0430\u0437\u0438\u043d Xstyle\" \/>\n<meta property=\"article:publisher\" content=\"https:\/\/www.facebook.com\/xstylemd\" \/>\n<meta property=\"article:modified_time\" content=\"2025-10-24T09:41:47+00:00\" \/>\n<meta property=\"og:image\" content=\"https:\/\/xstyle.md\/wp-content\/uploads\/2023\/09\/julbo-boomerang-grey-blue-sp3.jpg\" \/>\n\t<meta property=\"og:image:width\" content=\"1524\" \/>\n\t<meta property=\"og:image:height\" content=\"1451\" \/>\n\t<meta property=\"og:image:type\" content=\"image\/jpeg\" \/>\n<meta name=\"twitter:card\" content=\"summary_large_image\" \/>\n<meta name=\"twitter:label1\" content=\"Pre\u021b\" \/>\n\t<meta name=\"twitter:data1\" content=\"695&nbsp;MDL\" \/>\n\t<meta name=\"twitter:label2\" content=\"Disponibilitate\" \/>\n\t<meta name=\"twitter:data2\" content=\"\u00cen stoc\" \/>\n<script type=\"application\/ld+json\" class=\"yoast-schema-graph\">{\"@context\":\"https:\/\/schema.org\",\"@graph\":[{\"@type\":\"WebPage\",\"@id\":\"https:\/\/xstyle.md\/product\/ochki-julbo-boomerang-grey-blue-sp3\/\",\"url\":\"https:\/\/xstyle.md\/product\/ochki-julbo-boomerang-grey-blue-sp3\/\",\"name\":\"\u041e\u0447\u043a\u0438 Julbo Boomerang Grey\/Blue SP3+ - \u041c\u0430\u0433\u0430\u0437\u0438\u043d Xstyle\",\"isPartOf\":{\"@id\":\"https:\/\/xstyle.md\/#website\"},\"primaryImageOfPage\":{\"@id\":\"https:\/\/xstyle.md\/product\/ochki-julbo-boomerang-grey-blue-sp3\/#primaryimage\"},\"image\":{\"@id\":\"https:\/\/xstyle.md\/product\/ochki-julbo-boomerang-grey-blue-sp3\/#primaryimage\"},\"thumbnailUrl\":\"https:\/\/xstyle.md\/wp-content\/uploads\/2023\/09\/julbo-boomerang-grey-blue-sp3.jpg\",\"datePublished\":\"2023-09-13T10:51:41+00:00\",\"dateModified\":\"2025-10-24T09:41:47+00:00\",\"description\":\"\u041e\u0447\u043a\u0438 Julbo Boomerang Grey\/Blue SP3+ \u0434\u043b\u044f \u0441\u0442\u0438\u043b\u044c\u043d\u044b\u0445 \u0434\u0435\u0442\u0435\u0439. \u0417\u0430\u0449\u0438\u0442\u0430 \u043e\u0442 UV \u0438 \u043c\u043e\u0434\u043d\u044b\u0439 \u0434\u0438\u0437\u0430\u0439\u043d \u0434\u043b\u044f \u0438\u0433\u0440 \u043d\u0430 \u0443\u043b\u0438\u0446\u0435, \u0432 \u0441\u0430\u0434\u0438\u043a\u0435 \u0438\u043b\u0438 \u043d\u0430 \u043f\u043b\u044f\u0436\u0435.\",\"breadcrumb\":{\"@id\":\"https:\/\/xstyle.md\/product\/ochki-julbo-boomerang-grey-blue-sp3\/#breadcrumb\"},\"inLanguage\":\"ro-RO\",\"potentialAction\":[{\"@type\":\"ReadAction\",\"target\":[\"https:\/\/xstyle.md\/product\/ochki-julbo-boomerang-grey-blue-sp3\/\"]}]},{\"@type\":\"ImageObject\",\"inLanguage\":\"ro-RO\",\"@id\":\"https:\/\/xstyle.md\/product\/ochki-julbo-boomerang-grey-blue-sp3\/#primaryimage\",\"url\":\"https:\/\/xstyle.md\/wp-content\/uploads\/2023\/09\/julbo-boomerang-grey-blue-sp3.jpg\",\"contentUrl\":\"https:\/\/xstyle.md\/wp-content\/uploads\/2023\/09\/julbo-boomerang-grey-blue-sp3.jpg\",\"width\":1524,\"height\":1451,\"caption\":\"\u0422\u043e\u0432\u0430\u0440 \u0434\u043b\u044f \u0430\u043a\u0442\u0438\u0432\u043d\u043e\u0433\u043e \u043e\u0442\u0434\u044b\u0445\u0430 \u043e\u0447\u043a\u0438 Julbo Boomerang \u0441\u0435\u0440\u043e-\u0441\u0438\u043d\u0438\u0435 \u0434\u043b\u044f \u043f\u0443\u0442\u0435\u0448\u0435\u0441\u0442\u0432\u0438\u0439 \u0430\u043b\u044c\u043f\u0438\u043d\u0438\u0437\u043c\u0430 \u043f\u043e\u0445\u043e\u0434\u043e\u0432 \u0438 \u043e\u0434\u0435\u0436\u0434\u044b \u0434\u043b\u044f \u0441\u043f\u043e\u0440\u0442\u0438\u0432\u043d\u043e\u0433\u043e \u0430\u043a\u0442\u0438\u0432\u043d\u043e\u0433\u043e \u043e\u0431\u0440\u0430\u0437\u0430 \u0436\u0438\u0437\u043d\u0438 \u0432 \u0438\u043d\u0442\u0435\u0440\u043d\u0435\u0442-\u043c\u0430\u0433\u0430\u0437\u0438\u043d\u0435\"},{\"@type\":\"BreadcrumbList\",\"@id\":\"https:\/\/xstyle.md\/product\/ochki-julbo-boomerang-grey-blue-sp3\/#breadcrumb\",\"itemListElement\":[{\"@type\":\"ListItem\",\"position\":1,\"name\":\"\u0413\u043b\u0430\u0432\u043d\u0430\u044f \u0441\u0442\u0440\u0430\u043d\u0438\u0446\u0430\",\"item\":\"https:\/\/xstyle.md\/\"},{\"@type\":\"ListItem\",\"position\":2,\"name\":\"\u041c\u0430\u0433\u0430\u0437\u0438\u043d\",\"item\":\"https:\/\/xstyle.md\/shop\/\"},{\"@type\":\"ListItem\",\"position\":3,\"name\":\"\u041e\u0447\u043a\u0438 Julbo Boomerang Grey\/Blue SP3+\"}]},{\"@type\":\"WebSite\",\"@id\":\"https:\/\/xstyle.md\/#website\",\"url\":\"https:\/\/xstyle.md\/\",\"name\":\"\u041c\u0430\u0433\u0430\u0437\u0438\u043d Xstyle\",\"description\":\"C\u043d\u0430\u0440\u044f\u0436\u0435\u043d\u0438\u0435 \u0434\u043b\u044f \u0442\u0443\u0440\u0438\u0437\u043c\u0430 \u0438 \u044d\u043a\u0441\u0442\u0440\u0435\u043c\u0430\u043b\u044c\u043d\u044b\u0445 \u0432\u0438\u0434\u043e\u0432 \u0441\u043f\u043e\u0440\u0442\u0430 \u0432 \u041c\u043e\u043b\u0434\u043e\u0432\u0435.. \u0426\u0435\u043d\u044b, \u0444\u043e\u0442\u043e, \u0445\u0430\u0440\u0430\u043a\u0442\u0435\u0440\u0438\u0441\u0442\u0438\u043a\u0438 \u0432 \u041c\u043e\u043b\u0434\u043e\u0432\u0435.\",\"publisher\":{\"@id\":\"https:\/\/xstyle.md\/#organization\"},\"alternateName\":\"X-Style\",\"potentialAction\":[{\"@type\":\"SearchAction\",\"target\":{\"@type\":\"EntryPoint\",\"urlTemplate\":\"https:\/\/xstyle.md\/?s={search_term_string}\"},\"query-input\":{\"@type\":\"PropertyValueSpecification\",\"valueRequired\":true,\"valueName\":\"search_term_string\"}}],\"inLanguage\":\"ro-RO\"},{\"@type\":\"Organization\",\"@id\":\"https:\/\/xstyle.md\/#organization\",\"name\":\"\u041c\u0430\u0433\u0430\u0437\u0438\u043d Xstyle\",\"alternateName\":\"x-style\",\"url\":\"https:\/\/xstyle.md\/\",\"logo\":{\"@type\":\"ImageObject\",\"inLanguage\":\"ro-RO\",\"@id\":\"https:\/\/xstyle.md\/#\/schema\/logo\/image\/\",\"url\":\"https:\/\/xstyle.md\/wp-content\/uploads\/2020\/06\/logoicon.svg\",\"contentUrl\":\"https:\/\/xstyle.md\/wp-content\/uploads\/2020\/06\/logoicon.svg\",\"caption\":\"\u041c\u0430\u0433\u0430\u0437\u0438\u043d Xstyle\"},\"image\":{\"@id\":\"https:\/\/xstyle.md\/#\/schema\/logo\/image\/\"},\"sameAs\":[\"https:\/\/www.facebook.com\/xstylemd\",\"https:\/\/www.instagram.com\/xstyle_md\/\",\"https:\/\/t.me\/xstyle_outdoor\"],\"hasMerchantReturnPolicy\":{\"@type\":\"MerchantReturnPolicy\",\"merchantReturnLink\":\"https:\/\/xstyle.md\/ro\/conditions\/\"}}]}<\/script>\n<meta property=\"product:price:amount\" content=\"695.00\" \/>\n<meta property=\"product:price:currency\" content=\"MDL\" \/>\n<meta property=\"og:availability\" content=\"instock\" \/>\n<meta property=\"product:availability\" content=\"instock\" \/>\n<meta property=\"product:retailer_item_id\" content=\"3660576332454\" \/>\n<meta property=\"product:condition\" content=\"new\" \/>\n<!-- \/ Yoast SEO plugin. -->","yoast_head_json":{"title":"Ochelari Julbo Boomerang Grey\/Blue SP3+ - Magazin Xstyle","description":"Ochelari Julbo Boomerang Grey\/Blue SP3+ pentru copii stilati. Protec\u021bie UV \u0219i design elegant pentru joac\u0103 \u00een aer liber, la gr\u0103dini\u021b\u0103 sau pe plaj\u0103.","robots":{"index":"index","follow":"follow","max-snippet":"max-snippet:-1","max-image-preview":"max-image-preview:large","max-video-preview":"max-video-preview:-1"},"canonical":"https:\/\/xstyle.md\/ro\/produs\/ochki-julbo-boomerang-grey-blue-sp3\/","og_locale":"ro_RO","og_type":"article","og_title":"\u041e\u0447\u043a\u0438 Julbo Boomerang Grey\/Blue SP3+ - \u041c\u0430\u0433\u0430\u0437\u0438\u043d Xstyle","og_description":"\u041e\u0447\u043a\u0438 Julbo Boomerang Grey\/Blue SP3+ \u0434\u043b\u044f \u0441\u0442\u0438\u043b\u044c\u043d\u044b\u0445 \u0434\u0435\u0442\u0435\u0439. \u0417\u0430\u0449\u0438\u0442\u0430 \u043e\u0442 UV \u0438 \u043c\u043e\u0434\u043d\u044b\u0439 \u0434\u0438\u0437\u0430\u0439\u043d \u0434\u043b\u044f \u0438\u0433\u0440 \u043d\u0430 \u0443\u043b\u0438\u0446\u0435, \u0432 \u0441\u0430\u0434\u0438\u043a\u0435 \u0438\u043b\u0438 \u043d\u0430 \u043f\u043b\u044f\u0436\u0435.","og_url":"https:\/\/xstyle.md\/ro\/produs\/ochki-julbo-boomerang-grey-blue-sp3\/","og_site_name":"\u041c\u0430\u0433\u0430\u0437\u0438\u043d Xstyle","article_publisher":"https:\/\/www.facebook.com\/xstylemd","article_modified_time":"2025-10-24T09:41:47+00:00","og_image":[{"width":1524,"height":1451,"url":"https:\/\/xstyle.md\/wp-content\/uploads\/2023\/09\/julbo-boomerang-grey-blue-sp3.jpg","type":"image\/jpeg"}],"twitter_card":"summary_large_image","twitter_misc":{"Pre\u021b":"695&nbsp;MDL","Disponibilitate":"\u00cen stoc"},"schema":{"@context":"https:\/\/schema.org","@graph":[{"@type":"WebPage","@id":"https:\/\/xstyle.md\/product\/ochki-julbo-boomerang-grey-blue-sp3\/","url":"https:\/\/xstyle.md\/product\/ochki-julbo-boomerang-grey-blue-sp3\/","name":"Ochelari Julbo Boomerang Grey\/Blue SP3+ - Magazin Xstyle","isPartOf":{"@id":"https:\/\/xstyle.md\/#website"},"primaryImageOfPage":{"@id":"https:\/\/xstyle.md\/product\/ochki-julbo-boomerang-grey-blue-sp3\/#primaryimage"},"image":{"@id":"https:\/\/xstyle.md\/product\/ochki-julbo-boomerang-grey-blue-sp3\/#primaryimage"},"thumbnailUrl":"https:\/\/xstyle.md\/wp-content\/uploads\/2023\/09\/julbo-boomerang-grey-blue-sp3.jpg","datePublished":"2023-09-13T10:51:41+00:00","dateModified":"2025-10-24T09:41:47+00:00","description":"Ochelari Julbo Boomerang Grey\/Blue SP3+ pentru copii stilati. Protec\u021bie UV \u0219i design elegant pentru joac\u0103 \u00een aer liber, la gr\u0103dini\u021b\u0103 sau pe plaj\u0103.","breadcrumb":{"@id":"https:\/\/xstyle.md\/product\/ochki-julbo-boomerang-grey-blue-sp3\/#breadcrumb"},"inLanguage":"ro-RO","potentialAction":[{"@type":"ReadAction","target":["https:\/\/xstyle.md\/product\/ochki-julbo-boomerang-grey-blue-sp3\/"]}]},{"@type":"ImageObject","inLanguage":"ro-RO","@id":"https:\/\/xstyle.md\/product\/ochki-julbo-boomerang-grey-blue-sp3\/#primaryimage","url":"https:\/\/xstyle.md\/wp-content\/uploads\/2023\/09\/julbo-boomerang-grey-blue-sp3.jpg","contentUrl":"https:\/\/xstyle.md\/wp-content\/uploads\/2023\/09\/julbo-boomerang-grey-blue-sp3.jpg","width":1524,"height":1451,"caption":"\u0422\u043e\u0432\u0430\u0440 \u0434\u043b\u044f \u0430\u043a\u0442\u0438\u0432\u043d\u043e\u0433\u043e \u043e\u0442\u0434\u044b\u0445\u0430 \u043e\u0447\u043a\u0438 Julbo Boomerang \u0441\u0435\u0440\u043e-\u0441\u0438\u043d\u0438\u0435 \u0434\u043b\u044f \u043f\u0443\u0442\u0435\u0448\u0435\u0441\u0442\u0432\u0438\u0439 \u0430\u043b\u044c\u043f\u0438\u043d\u0438\u0437\u043c\u0430 \u043f\u043e\u0445\u043e\u0434\u043e\u0432 \u0438 \u043e\u0434\u0435\u0436\u0434\u044b \u0434\u043b\u044f \u0441\u043f\u043e\u0440\u0442\u0438\u0432\u043d\u043e\u0433\u043e \u0430\u043a\u0442\u0438\u0432\u043d\u043e\u0433\u043e \u043e\u0431\u0440\u0430\u0437\u0430 \u0436\u0438\u0437\u043d\u0438 \u0432 \u0438\u043d\u0442\u0435\u0440\u043d\u0435\u0442-\u043c\u0430\u0433\u0430\u0437\u0438\u043d\u0435"},{"@type":"BreadcrumbList","@id":"https:\/\/xstyle.md\/product\/ochki-julbo-boomerang-grey-blue-sp3\/#breadcrumb","itemListElement":[{"@type":"ListItem","position":1,"name":"\u0413\u043b\u0430\u0432\u043d\u0430\u044f \u0441\u0442\u0440\u0430\u043d\u0438\u0446\u0430","item":"https:\/\/xstyle.md\/"},{"@type":"ListItem","position":2,"name":"\u041c\u0430\u0433\u0430\u0437\u0438\u043d","item":"https:\/\/xstyle.md\/shop\/"},{"@type":"ListItem","position":3,"name":"\u041e\u0447\u043a\u0438 Julbo Boomerang Grey\/Blue SP3+"}]},{"@type":"WebSite","@id":"https:\/\/xstyle.md\/#website","url":"https:\/\/xstyle.md\/","name":"Magazinul X-Style","description":"Echipamente pentru turism \u0219i sporturi extreme \u00een Moldova. Pre\u021buri, fotografii, caracteristici \u00een Moldova.","publisher":{"@id":"https:\/\/xstyle.md\/#organization"},"alternateName":"X-Style","potentialAction":[{"@type":"SearchAction","target":{"@type":"EntryPoint","urlTemplate":"https:\/\/xstyle.md\/?s={search_term_string}"},"query-input":{"@type":"PropertyValueSpecification","valueRequired":true,"valueName":"search_term_string"}}],"inLanguage":"ro-RO"},{"@type":"Organization","@id":"https:\/\/xstyle.md\/#organization","name":"Magazinul X-Style","alternateName":"x-style","url":"https:\/\/xstyle.md\/","logo":{"@type":"ImageObject","inLanguage":"ro-RO","@id":"https:\/\/xstyle.md\/#\/schema\/logo\/image\/","url":"https:\/\/xstyle.md\/wp-content\/uploads\/2020\/06\/logoicon.svg","contentUrl":"https:\/\/xstyle.md\/wp-content\/uploads\/2020\/06\/logoicon.svg","caption":"\u041c\u0430\u0433\u0430\u0437\u0438\u043d Xstyle"},"image":{"@id":"https:\/\/xstyle.md\/#\/schema\/logo\/image\/"},"sameAs":["https:\/\/www.facebook.com\/xstylemd","https:\/\/www.instagram.com\/xstyle_md\/","https:\/\/t.me\/xstyle_outdoor"],"hasMerchantReturnPolicy":{"@type":"MerchantReturnPolicy","merchantReturnLink":"https:\/\/xstyle.md\/ro\/conditions\/"}}]},"product_price_amount":"695.00","product_price_currency":"MDL","og_availability":"instock","product_availability":"instock","product_retailer_item_id":"3660576332454","product_condition":"new"},"post_mailing_queue_ids":[],"_links":{"self":[{"href":"https:\/\/xstyle.md\/ro\/wp-json\/wp\/v2\/product\/73943","targetHints":{"allow":["GET"]}}],"collection":[{"href":"https:\/\/xstyle.md\/ro\/wp-json\/wp\/v2\/product"}],"about":[{"href":"https:\/\/xstyle.md\/ro\/wp-json\/wp\/v2\/types\/product"}],"replies":[{"embeddable":true,"href":"https:\/\/xstyle.md\/ro\/wp-json\/wp\/v2\/comments?post=73943"}],"wp:featuredmedia":[{"embeddable":true,"href":"https:\/\/xstyle.md\/ro\/wp-json\/wp\/v2\/media\/74471"}],"wp:attachment":[{"href":"https:\/\/xstyle.md\/ro\/wp-json\/wp\/v2\/media?parent=73943"}],"wp:term":[{"taxonomy":"product_brand","embeddable":true,"href":"https:\/\/xstyle.md\/ro\/wp-json\/wp\/v2\/product_brand?post=73943"},{"taxonomy":"product_cat","embeddable":true,"href":"https:\/\/xstyle.md\/ro\/wp-json\/wp\/v2\/product_cat?post=73943"},{"taxonomy":"product_tag","embeddable":true,"href":"https:\/\/xstyle.md\/ro\/wp-json\/wp\/v2\/product_tag?post=73943"}],"curies":[{"name":"wp","href":"https:\/\/api.w.org\/{rel}","templated":true}]}}