{"id":73915,"date":"2023-09-13T13:51:35","date_gmt":"2023-09-13T10:51:35","guid":{"rendered":"https:\/\/xstyle.md\/?post_type=product&#038;p=73915"},"modified":"2026-03-19T17:14:57","modified_gmt":"2026-03-19T14:14:57","slug":"velosumka-na-ramu-acepac-tube-mkiii-grey","status":"publish","type":"product","link":"https:\/\/xstyle.md\/ro\/produs\/velosumka-na-ramu-acepac-tube-mkiii-grey\/","title":{"rendered":"Geant\u0103 pentru cadru de biciclet\u0103 Acepac Tube MKIII Grey"},"content":{"rendered":"<\/p>\n<p><strong>Acepac Tube MKIII<\/strong>\u00a0&#8212; geanta compact\u0103 pentru biciclet\u0103 este fixat\u0103 cu curele reglabile cu velcro \u00een trei puncte. Material durabil \u0219i fermoar rezistent la ap\u0103 YKK. Depoziteaz\u0103 \u00een mod convenabil unelte mici sau obiecte de valoare.<\/p>\n<h3>Particularit\u0103\u021bi<\/h3>\n<ul>\n<li>Fixare cu velcro la cadru<\/li>\n<li>Material durabil din Nylon 6.6 (acoperit cu PU 1500 mm H20)<\/li>\n<li>Rezisten\u021b\u0103 la abraziune<\/li>\n<li>Protec\u021bie \u00eempotriva umezelii<\/li>\n<li>Fermoar impermeabil YKK.<\/li>\n<\/ul>\n<h3>Caracteristici<\/h3>\n<ul>\n<li>Volum &#8212; 0,7 litri<\/li>\n<li>Dimensiuni &#8212; 12 x 6 x 10 cm<\/li>\n<li>Greutate &#8212; 60 g<\/li>\n<\/ul>\n<p><\/p>","protected":false},"excerpt":{"rendered":"","protected":false},"featured_media":74267,"comment_status":"open","ping_status":"closed","template":"","meta":{"_acf_changed":false,"inline_featured_image":false},"product_brand":[1437],"product_cat":[845],"product_tag":[],"class_list":{"0":"post-73915","1":"product","2":"type-product","3":"status-publish","4":"has-post-thumbnail","6":"product_brand-acepac","7":"product_cat-backpacks-velo","9":"first","10":"instock","11":"shipping-taxable","12":"purchasable","13":"product-type-simple"},"acf":[],"yoast_head":"<!-- This site is optimized with the Yoast SEO plugin v27.2 - https:\/\/yoast.com\/product\/yoast-seo-wordpress\/ -->\n<title>\u0412\u0435\u043b\u043e\u0441\u0443\u043c\u043a\u0430 \u043d\u0430 \u0440\u0430\u043c\u0443 Acepac Tube MKIII Grey - \u041c\u0430\u0433\u0430\u0437\u0438\u043d Xstyle<\/title>\n<meta name=\"description\" content=\"\u0412\u0435\u043b\u043e\u0441\u0443\u043c\u043a\u0430 Acepac Tube MKIII Grey \u2014 \u043a\u043e\u043c\u043f\u0430\u043a\u0442\u043d\u043e\u0435 \u0440\u0435\u0448\u0435\u043d\u0438\u0435 \u0434\u043b\u044f \u0445\u0440\u0430\u043d\u0435\u043d\u0438\u044f \u0438\u043d\u0441\u0442\u0440\u0443\u043c\u0435\u043d\u0442\u043e\u0432. \u0418\u0437\u0433\u043e\u0442\u043e\u0432\u043b\u0435\u043d\u0430 \u0438\u0437 \u043f\u0440\u043e\u0447\u043d\u043e\u0433\u043e \u043d\u0435\u0439\u043b\u043e\u043d\u0430 \u0441 \u0432\u043e\u0434\u043e\u043d\u0435\u043f\u0440\u043e\u043d\u0438\u0446\u0430\u0435\u043c\u044b\u043c \u0437\u0430\u043c\u043a\u043e\u043c YKK.\" \/>\n<meta name=\"robots\" content=\"index, follow, max-snippet:-1, max-image-preview:large, max-video-preview:-1\" \/>\n<link rel=\"canonical\" href=\"https:\/\/xstyle.md\/ro\/produs\/velosumka-na-ramu-acepac-tube-mkiii-grey\/\" \/>\n<meta property=\"og:locale\" content=\"ro_RO\" \/>\n<meta property=\"og:type\" content=\"article\" \/>\n<meta property=\"og:title\" content=\"\u0412\u0435\u043b\u043e\u0441\u0443\u043c\u043a\u0430 \u043d\u0430 \u0440\u0430\u043c\u0443 Acepac Tube MKIII Grey - \u041c\u0430\u0433\u0430\u0437\u0438\u043d Xstyle\" \/>\n<meta property=\"og:description\" content=\"\u0412\u0435\u043b\u043e\u0441\u0443\u043c\u043a\u0430 Acepac Tube MKIII Grey \u2014 \u043a\u043e\u043c\u043f\u0430\u043a\u0442\u043d\u043e\u0435 \u0440\u0435\u0448\u0435\u043d\u0438\u0435 \u0434\u043b\u044f \u0445\u0440\u0430\u043d\u0435\u043d\u0438\u044f \u0438\u043d\u0441\u0442\u0440\u0443\u043c\u0435\u043d\u0442\u043e\u0432. \u0418\u0437\u0433\u043e\u0442\u043e\u0432\u043b\u0435\u043d\u0430 \u0438\u0437 \u043f\u0440\u043e\u0447\u043d\u043e\u0433\u043e \u043d\u0435\u0439\u043b\u043e\u043d\u0430 \u0441 \u0432\u043e\u0434\u043e\u043d\u0435\u043f\u0440\u043e\u043d\u0438\u0446\u0430\u0435\u043c\u044b\u043c \u0437\u0430\u043c\u043a\u043e\u043c YKK.\" \/>\n<meta property=\"og:url\" content=\"https:\/\/xstyle.md\/ro\/produs\/velosumka-na-ramu-acepac-tube-mkiii-grey\/\" \/>\n<meta property=\"og:site_name\" content=\"\u041c\u0430\u0433\u0430\u0437\u0438\u043d Xstyle\" \/>\n<meta property=\"article:publisher\" content=\"https:\/\/www.facebook.com\/xstylemd\" \/>\n<meta property=\"article:modified_time\" content=\"2026-03-19T14:14:57+00:00\" \/>\n<meta property=\"og:image\" content=\"https:\/\/xstyle.md\/wp-content\/uploads\/2023\/09\/acepac-tube-mkiii-grey.jpg\" \/>\n\t<meta property=\"og:image:width\" content=\"1089\" \/>\n\t<meta property=\"og:image:height\" content=\"1073\" \/>\n\t<meta property=\"og:image:type\" content=\"image\/jpeg\" \/>\n<meta name=\"twitter:card\" content=\"summary_large_image\" \/>\n<meta name=\"twitter:label1\" content=\"Pre\u021b\" \/>\n\t<meta name=\"twitter:data1\" content=\"430&nbsp;MDL\" \/>\n\t<meta name=\"twitter:label2\" content=\"Disponibilitate\" \/>\n\t<meta name=\"twitter:data2\" content=\"\u00cen stoc\" \/>\n<script type=\"application\/ld+json\" class=\"yoast-schema-graph\">{\"@context\":\"https:\/\/schema.org\",\"@graph\":[{\"@type\":\"WebPage\",\"@id\":\"https:\/\/xstyle.md\/product\/velosumka-na-ramu-acepac-tube-mkiii-grey\/\",\"url\":\"https:\/\/xstyle.md\/product\/velosumka-na-ramu-acepac-tube-mkiii-grey\/\",\"name\":\"\u0412\u0435\u043b\u043e\u0441\u0443\u043c\u043a\u0430 \u043d\u0430 \u0440\u0430\u043c\u0443 Acepac Tube MKIII Grey - \u041c\u0430\u0433\u0430\u0437\u0438\u043d Xstyle\",\"isPartOf\":{\"@id\":\"https:\/\/xstyle.md\/#website\"},\"primaryImageOfPage\":{\"@id\":\"https:\/\/xstyle.md\/product\/velosumka-na-ramu-acepac-tube-mkiii-grey\/#primaryimage\"},\"image\":{\"@id\":\"https:\/\/xstyle.md\/product\/velosumka-na-ramu-acepac-tube-mkiii-grey\/#primaryimage\"},\"thumbnailUrl\":\"https:\/\/xstyle.md\/wp-content\/uploads\/2023\/09\/acepac-tube-mkiii-grey.jpg\",\"datePublished\":\"2023-09-13T10:51:35+00:00\",\"dateModified\":\"2026-03-19T14:14:57+00:00\",\"description\":\"\u0412\u0435\u043b\u043e\u0441\u0443\u043c\u043a\u0430 Acepac Tube MKIII Grey \u2014 \u043a\u043e\u043c\u043f\u0430\u043a\u0442\u043d\u043e\u0435 \u0440\u0435\u0448\u0435\u043d\u0438\u0435 \u0434\u043b\u044f \u0445\u0440\u0430\u043d\u0435\u043d\u0438\u044f \u0438\u043d\u0441\u0442\u0440\u0443\u043c\u0435\u043d\u0442\u043e\u0432. \u0418\u0437\u0433\u043e\u0442\u043e\u0432\u043b\u0435\u043d\u0430 \u0438\u0437 \u043f\u0440\u043e\u0447\u043d\u043e\u0433\u043e \u043d\u0435\u0439\u043b\u043e\u043d\u0430 \u0441 \u0432\u043e\u0434\u043e\u043d\u0435\u043f\u0440\u043e\u043d\u0438\u0446\u0430\u0435\u043c\u044b\u043c \u0437\u0430\u043c\u043a\u043e\u043c YKK.\",\"breadcrumb\":{\"@id\":\"https:\/\/xstyle.md\/product\/velosumka-na-ramu-acepac-tube-mkiii-grey\/#breadcrumb\"},\"inLanguage\":\"ro-RO\",\"potentialAction\":[{\"@type\":\"ReadAction\",\"target\":[\"https:\/\/xstyle.md\/product\/velosumka-na-ramu-acepac-tube-mkiii-grey\/\"]}]},{\"@type\":\"ImageObject\",\"inLanguage\":\"ro-RO\",\"@id\":\"https:\/\/xstyle.md\/product\/velosumka-na-ramu-acepac-tube-mkiii-grey\/#primaryimage\",\"url\":\"https:\/\/xstyle.md\/wp-content\/uploads\/2023\/09\/acepac-tube-mkiii-grey.jpg\",\"contentUrl\":\"https:\/\/xstyle.md\/wp-content\/uploads\/2023\/09\/acepac-tube-mkiii-grey.jpg\",\"width\":1089,\"height\":1073,\"caption\":\"\u0412\u0435\u043b\u043e\u0441\u0443\u043c\u043a\u0430 \u043d\u0430 \u0440\u0430\u043c\u0443 Acepac Tube MKIII Grey \u0434\u043b\u044f \u0430\u043a\u0442\u0438\u0432\u043d\u043e\u0433\u043e \u043e\u0442\u0434\u044b\u0445\u0430, \u043f\u043e\u0445\u043e\u0434\u043e\u0432 \u0438 \u043f\u0443\u0442\u0435\u0448\u0435\u0441\u0442\u0432\u0438\u0439, \u0441\u043a\u043b\u0430\u0434\u043d\u0430\u044f \u043e\u0431\u0443\u0432\u044c \u0438 \u043e\u0434\u0435\u0436\u0434\u0430 \u0434\u043b\u044f \u0442\u0443\u0440\u0438\u0437\u043c\u0430, \u044d\u043a\u0438\u043f\u0438\u0440\u043e\u0432\u043a\u0430 \u0434\u043b\u044f \u0445\u0430\u0439\u043a\u0438\u043d\u0433\u0430, \u0430\u043b\u044c\u043f\u0438\u043d\u0438\u0437\u043c\u0430 \u0438 \u0432\u0435\u043b\u043e\u0441\u043f\u043e\u0440\u0442\u0430 \u0432 \u043e\u043d\u043b\u0430\u0439\u043d \u043c\u0430\u0433\u0430\u0437\u0438\u043d\u0435\"},{\"@type\":\"BreadcrumbList\",\"@id\":\"https:\/\/xstyle.md\/product\/velosumka-na-ramu-acepac-tube-mkiii-grey\/#breadcrumb\",\"itemListElement\":[{\"@type\":\"ListItem\",\"position\":1,\"name\":\"\u0413\u043b\u0430\u0432\u043d\u0430\u044f \u0441\u0442\u0440\u0430\u043d\u0438\u0446\u0430\",\"item\":\"https:\/\/xstyle.md\/\"},{\"@type\":\"ListItem\",\"position\":2,\"name\":\"\u041c\u0430\u0433\u0430\u0437\u0438\u043d\",\"item\":\"https:\/\/xstyle.md\/shop\/\"},{\"@type\":\"ListItem\",\"position\":3,\"name\":\"\u0412\u0435\u043b\u043e\u0441\u0443\u043c\u043a\u0430 \u043d\u0430 \u0440\u0430\u043c\u0443 Acepac Tube MKIII Grey\"}]},{\"@type\":\"WebSite\",\"@id\":\"https:\/\/xstyle.md\/#website\",\"url\":\"https:\/\/xstyle.md\/\",\"name\":\"\u041c\u0430\u0433\u0430\u0437\u0438\u043d Xstyle\",\"description\":\"C\u043d\u0430\u0440\u044f\u0436\u0435\u043d\u0438\u0435 \u0434\u043b\u044f \u0442\u0443\u0440\u0438\u0437\u043c\u0430 \u0438 \u044d\u043a\u0441\u0442\u0440\u0435\u043c\u0430\u043b\u044c\u043d\u044b\u0445 \u0432\u0438\u0434\u043e\u0432 \u0441\u043f\u043e\u0440\u0442\u0430 \u0432 \u041c\u043e\u043b\u0434\u043e\u0432\u0435.. \u0426\u0435\u043d\u044b, \u0444\u043e\u0442\u043e, \u0445\u0430\u0440\u0430\u043a\u0442\u0435\u0440\u0438\u0441\u0442\u0438\u043a\u0438 \u0432 \u041c\u043e\u043b\u0434\u043e\u0432\u0435.\",\"publisher\":{\"@id\":\"https:\/\/xstyle.md\/#organization\"},\"alternateName\":\"X-Style\",\"potentialAction\":[{\"@type\":\"SearchAction\",\"target\":{\"@type\":\"EntryPoint\",\"urlTemplate\":\"https:\/\/xstyle.md\/?s={search_term_string}\"},\"query-input\":{\"@type\":\"PropertyValueSpecification\",\"valueRequired\":true,\"valueName\":\"search_term_string\"}}],\"inLanguage\":\"ro-RO\"},{\"@type\":\"Organization\",\"@id\":\"https:\/\/xstyle.md\/#organization\",\"name\":\"\u041c\u0430\u0433\u0430\u0437\u0438\u043d Xstyle\",\"alternateName\":\"x-style\",\"url\":\"https:\/\/xstyle.md\/\",\"logo\":{\"@type\":\"ImageObject\",\"inLanguage\":\"ro-RO\",\"@id\":\"https:\/\/xstyle.md\/#\/schema\/logo\/image\/\",\"url\":\"https:\/\/xstyle.md\/wp-content\/uploads\/2020\/06\/logoicon.svg\",\"contentUrl\":\"https:\/\/xstyle.md\/wp-content\/uploads\/2020\/06\/logoicon.svg\",\"caption\":\"\u041c\u0430\u0433\u0430\u0437\u0438\u043d Xstyle\"},\"image\":{\"@id\":\"https:\/\/xstyle.md\/#\/schema\/logo\/image\/\"},\"sameAs\":[\"https:\/\/www.facebook.com\/xstylemd\",\"https:\/\/www.instagram.com\/xstyle_md\/\",\"https:\/\/t.me\/xstyle_outdoor\"],\"hasMerchantReturnPolicy\":{\"@type\":\"MerchantReturnPolicy\",\"merchantReturnLink\":\"https:\/\/xstyle.md\/ro\/conditions\/\"}}]}<\/script>\n<meta property=\"product:price:amount\" content=\"430.00\" \/>\n<meta property=\"product:price:currency\" content=\"MDL\" \/>\n<meta property=\"og:availability\" content=\"instock\" \/>\n<meta property=\"product:availability\" content=\"instock\" \/>\n<meta property=\"product:retailer_item_id\" content=\"8596253157025\" \/>\n<meta property=\"product:condition\" content=\"new\" \/>\n<!-- \/ Yoast SEO plugin. -->","yoast_head_json":{"title":"Geant\u0103 pentru cadru de biciclet\u0103 Acepac Tube MKIII Grey - Magazin Xstyle","description":"Borsa pentru biciclet\u0103 Acepac Tube MKIII Grey \u2014 o solu\u021bie compact\u0103 pentru depozitarea uneltelor. Fabricat\u0103 din nailon rezistent cu fermoar impermeabil YKK.","robots":{"index":"index","follow":"follow","max-snippet":"max-snippet:-1","max-image-preview":"max-image-preview:large","max-video-preview":"max-video-preview:-1"},"canonical":"https:\/\/xstyle.md\/ro\/produs\/velosumka-na-ramu-acepac-tube-mkiii-grey\/","og_locale":"ro_RO","og_type":"article","og_title":"\u0412\u0435\u043b\u043e\u0441\u0443\u043c\u043a\u0430 \u043d\u0430 \u0440\u0430\u043c\u0443 Acepac Tube MKIII Grey - \u041c\u0430\u0433\u0430\u0437\u0438\u043d Xstyle","og_description":"\u0412\u0435\u043b\u043e\u0441\u0443\u043c\u043a\u0430 Acepac Tube MKIII Grey \u2014 \u043a\u043e\u043c\u043f\u0430\u043a\u0442\u043d\u043e\u0435 \u0440\u0435\u0448\u0435\u043d\u0438\u0435 \u0434\u043b\u044f \u0445\u0440\u0430\u043d\u0435\u043d\u0438\u044f \u0438\u043d\u0441\u0442\u0440\u0443\u043c\u0435\u043d\u0442\u043e\u0432. \u0418\u0437\u0433\u043e\u0442\u043e\u0432\u043b\u0435\u043d\u0430 \u0438\u0437 \u043f\u0440\u043e\u0447\u043d\u043e\u0433\u043e \u043d\u0435\u0439\u043b\u043e\u043d\u0430 \u0441 \u0432\u043e\u0434\u043e\u043d\u0435\u043f\u0440\u043e\u043d\u0438\u0446\u0430\u0435\u043c\u044b\u043c \u0437\u0430\u043c\u043a\u043e\u043c YKK.","og_url":"https:\/\/xstyle.md\/ro\/produs\/velosumka-na-ramu-acepac-tube-mkiii-grey\/","og_site_name":"\u041c\u0430\u0433\u0430\u0437\u0438\u043d Xstyle","article_publisher":"https:\/\/www.facebook.com\/xstylemd","article_modified_time":"2026-03-19T14:14:57+00:00","og_image":[{"width":1089,"height":1073,"url":"https:\/\/xstyle.md\/wp-content\/uploads\/2023\/09\/acepac-tube-mkiii-grey.jpg","type":"image\/jpeg"}],"twitter_card":"summary_large_image","twitter_misc":{"Pre\u021b":"430&nbsp;MDL","Disponibilitate":"\u00cen stoc"},"schema":{"@context":"https:\/\/schema.org","@graph":[{"@type":"WebPage","@id":"https:\/\/xstyle.md\/product\/velosumka-na-ramu-acepac-tube-mkiii-grey\/","url":"https:\/\/xstyle.md\/product\/velosumka-na-ramu-acepac-tube-mkiii-grey\/","name":"Geant\u0103 pentru cadru de biciclet\u0103 Acepac Tube MKIII Grey - Magazin Xstyle","isPartOf":{"@id":"https:\/\/xstyle.md\/#website"},"primaryImageOfPage":{"@id":"https:\/\/xstyle.md\/product\/velosumka-na-ramu-acepac-tube-mkiii-grey\/#primaryimage"},"image":{"@id":"https:\/\/xstyle.md\/product\/velosumka-na-ramu-acepac-tube-mkiii-grey\/#primaryimage"},"thumbnailUrl":"https:\/\/xstyle.md\/wp-content\/uploads\/2023\/09\/acepac-tube-mkiii-grey.jpg","datePublished":"2023-09-13T10:51:35+00:00","dateModified":"2026-03-19T14:14:57+00:00","description":"Borsa pentru biciclet\u0103 Acepac Tube MKIII Grey \u2014 o solu\u021bie compact\u0103 pentru depozitarea uneltelor. Fabricat\u0103 din nailon rezistent cu fermoar impermeabil YKK.","breadcrumb":{"@id":"https:\/\/xstyle.md\/product\/velosumka-na-ramu-acepac-tube-mkiii-grey\/#breadcrumb"},"inLanguage":"ro-RO","potentialAction":[{"@type":"ReadAction","target":["https:\/\/xstyle.md\/product\/velosumka-na-ramu-acepac-tube-mkiii-grey\/"]}]},{"@type":"ImageObject","inLanguage":"ro-RO","@id":"https:\/\/xstyle.md\/product\/velosumka-na-ramu-acepac-tube-mkiii-grey\/#primaryimage","url":"https:\/\/xstyle.md\/wp-content\/uploads\/2023\/09\/acepac-tube-mkiii-grey.jpg","contentUrl":"https:\/\/xstyle.md\/wp-content\/uploads\/2023\/09\/acepac-tube-mkiii-grey.jpg","width":1089,"height":1073,"caption":"\u0412\u0435\u043b\u043e\u0441\u0443\u043c\u043a\u0430 \u043d\u0430 \u0440\u0430\u043c\u0443 Acepac Tube MKIII Grey \u0434\u043b\u044f \u0430\u043a\u0442\u0438\u0432\u043d\u043e\u0433\u043e \u043e\u0442\u0434\u044b\u0445\u0430, \u043f\u043e\u0445\u043e\u0434\u043e\u0432 \u0438 \u043f\u0443\u0442\u0435\u0448\u0435\u0441\u0442\u0432\u0438\u0439, \u0441\u043a\u043b\u0430\u0434\u043d\u0430\u044f \u043e\u0431\u0443\u0432\u044c \u0438 \u043e\u0434\u0435\u0436\u0434\u0430 \u0434\u043b\u044f \u0442\u0443\u0440\u0438\u0437\u043c\u0430, \u044d\u043a\u0438\u043f\u0438\u0440\u043e\u0432\u043a\u0430 \u0434\u043b\u044f \u0445\u0430\u0439\u043a\u0438\u043d\u0433\u0430, \u0430\u043b\u044c\u043f\u0438\u043d\u0438\u0437\u043c\u0430 \u0438 \u0432\u0435\u043b\u043e\u0441\u043f\u043e\u0440\u0442\u0430 \u0432 \u043e\u043d\u043b\u0430\u0439\u043d \u043c\u0430\u0433\u0430\u0437\u0438\u043d\u0435"},{"@type":"BreadcrumbList","@id":"https:\/\/xstyle.md\/product\/velosumka-na-ramu-acepac-tube-mkiii-grey\/#breadcrumb","itemListElement":[{"@type":"ListItem","position":1,"name":"\u0413\u043b\u0430\u0432\u043d\u0430\u044f \u0441\u0442\u0440\u0430\u043d\u0438\u0446\u0430","item":"https:\/\/xstyle.md\/"},{"@type":"ListItem","position":2,"name":"\u041c\u0430\u0433\u0430\u0437\u0438\u043d","item":"https:\/\/xstyle.md\/shop\/"},{"@type":"ListItem","position":3,"name":"\u0412\u0435\u043b\u043e\u0441\u0443\u043c\u043a\u0430 \u043d\u0430 \u0440\u0430\u043c\u0443 Acepac Tube MKIII Grey"}]},{"@type":"WebSite","@id":"https:\/\/xstyle.md\/#website","url":"https:\/\/xstyle.md\/","name":"Magazinul X-Style","description":"Echipamente pentru turism \u0219i sporturi extreme \u00een Moldova. Pre\u021buri, fotografii, caracteristici \u00een Moldova.","publisher":{"@id":"https:\/\/xstyle.md\/#organization"},"alternateName":"X-Style","potentialAction":[{"@type":"SearchAction","target":{"@type":"EntryPoint","urlTemplate":"https:\/\/xstyle.md\/?s={search_term_string}"},"query-input":{"@type":"PropertyValueSpecification","valueRequired":true,"valueName":"search_term_string"}}],"inLanguage":"ro-RO"},{"@type":"Organization","@id":"https:\/\/xstyle.md\/#organization","name":"Magazinul X-Style","alternateName":"x-style","url":"https:\/\/xstyle.md\/","logo":{"@type":"ImageObject","inLanguage":"ro-RO","@id":"https:\/\/xstyle.md\/#\/schema\/logo\/image\/","url":"https:\/\/xstyle.md\/wp-content\/uploads\/2020\/06\/logoicon.svg","contentUrl":"https:\/\/xstyle.md\/wp-content\/uploads\/2020\/06\/logoicon.svg","caption":"\u041c\u0430\u0433\u0430\u0437\u0438\u043d Xstyle"},"image":{"@id":"https:\/\/xstyle.md\/#\/schema\/logo\/image\/"},"sameAs":["https:\/\/www.facebook.com\/xstylemd","https:\/\/www.instagram.com\/xstyle_md\/","https:\/\/t.me\/xstyle_outdoor"],"hasMerchantReturnPolicy":{"@type":"MerchantReturnPolicy","merchantReturnLink":"https:\/\/xstyle.md\/ro\/conditions\/"}}]},"product_price_amount":"430.00","product_price_currency":"MDL","og_availability":"instock","product_availability":"instock","product_retailer_item_id":"8596253157025","product_condition":"new"},"post_mailing_queue_ids":[],"_links":{"self":[{"href":"https:\/\/xstyle.md\/ro\/wp-json\/wp\/v2\/product\/73915","targetHints":{"allow":["GET"]}}],"collection":[{"href":"https:\/\/xstyle.md\/ro\/wp-json\/wp\/v2\/product"}],"about":[{"href":"https:\/\/xstyle.md\/ro\/wp-json\/wp\/v2\/types\/product"}],"replies":[{"embeddable":true,"href":"https:\/\/xstyle.md\/ro\/wp-json\/wp\/v2\/comments?post=73915"}],"wp:featuredmedia":[{"embeddable":true,"href":"https:\/\/xstyle.md\/ro\/wp-json\/wp\/v2\/media\/74267"}],"wp:attachment":[{"href":"https:\/\/xstyle.md\/ro\/wp-json\/wp\/v2\/media?parent=73915"}],"wp:term":[{"taxonomy":"product_brand","embeddable":true,"href":"https:\/\/xstyle.md\/ro\/wp-json\/wp\/v2\/product_brand?post=73915"},{"taxonomy":"product_cat","embeddable":true,"href":"https:\/\/xstyle.md\/ro\/wp-json\/wp\/v2\/product_cat?post=73915"},{"taxonomy":"product_tag","embeddable":true,"href":"https:\/\/xstyle.md\/ro\/wp-json\/wp\/v2\/product_tag?post=73915"}],"curies":[{"name":"wp","href":"https:\/\/api.w.org\/{rel}","templated":true}]}}