{"id":73911,"date":"2023-09-13T13:51:33","date_gmt":"2023-09-13T10:51:33","guid":{"rendered":"https:\/\/xstyle.md\/?post_type=product&#038;p=73911"},"modified":"2026-03-09T16:39:44","modified_gmt":"2026-03-09T13:39:44","slug":"veloperchatki-lynx-expert-long-grey","status":"publish","type":"product","link":"https:\/\/xstyle.md\/ro\/produs\/veloperchatki-lynx-expert-long-grey\/","title":{"rendered":"M\u0103nu\u0219i ciclism Lynx Expert long grey"},"content":{"rendered":"<p><\/p>\n<p><strong>Lynx Expert long<\/strong> &#8212; m\u0103nu\u0219i de ciclism cu degete lungi, dotate cu inser\u021bii moi de gel \u0219i material superior din Lycra. Inser\u021biile din gel special de pe palme ofer\u0103 un confort sporit \u0219i reduc oboseala m\u00e2inilor. Orificiile de ventila\u021bie permit o circula\u021bie excelent\u0103 a aerului, f\u0103c\u00e2nd plimb\u0103rile \u00een zilele toride de var\u0103 mult mai pl\u0103cute. Inser\u021bia de pe degetul mare ajut\u0103 la \u0219tergerea transpira\u021biei de pe fa\u021b\u0103. De asemenea, m\u0103nu\u0219ile dispun de bucle speciale pentru o scoatere rapid\u0103 \u0219i u\u0219oar\u0103.<\/p>\n<h3>Particularit\u0103\u021bi<\/h3>\n<ul>\n<li>Black Noban &#8212; palm\u0103 din piele sintetic\u0103 de culoare neagr\u0103<\/li>\n<li>Gel Inserts &#8212; inser\u021bii cu gel pentru confort maxim<\/li>\n<li>Lycra Mesh &#8212; partea superioar\u0103 din Lycra pentru o mulare perfect\u0103 pe m\u00e2n\u0103<\/li>\n<li>Quick release &#8212; sistem de prindere\/bucle pentru scoaterea rapid\u0103 \u0219i facil\u0103 a m\u0103nu\u0219ilor<\/li>\n<li>Micro Fiber Towel &#8212; inser\u021bie moale din microfibr\u0103 pentru \u0219tergerea transpira\u021biei<\/li>\n<\/ul>\n<h3>Caracteristici<\/h3>\n<ul>\n<li>Material &#8212; nailon \/ Lycra Mesh<\/li>\n<li>Tip &#8212; cu degete lungi (Full Finger)<\/li>\n<li>Sezon &#8212; prim\u0103var\u0103 \/ var\u0103 \/ toamn\u0103<\/li>\n<li>Model &#8212; unisex<\/li>\n<\/ul>\n<p><\/p>\n<h3>Marca<\/h3>\n<p>Lynx - este un brand \u00een plin\u0103 dezvoltare, specializat \u00een echipamente de calitate pentru bicicli\u0219ti, inclusiv c\u0103\u0219ti, ochelari \u0219i m\u0103nu\u0219i. Produsele m\u0103rcii sunt apreciate pentru combina\u021bia optim\u0103 de tehnologii moderne, design ergonomic \u0219i pre\u021b accesibil, fiind populare at\u00e2t printre amatori, c\u00e2t \u0219i printre riderii experimenta\u021bi<\/p>","protected":false},"excerpt":{"rendered":"<p>\u0411\u0440\u0435\u043d\u0434 Lynx \u2014 \u044d\u0442\u043e \u0434\u0438\u043d\u0430\u043c\u0438\u0447\u043d\u043e \u0440\u0430\u0437\u0432\u0438\u0432\u0430\u044e\u0449\u0438\u0439\u0441\u044f \u0431\u0440\u0435\u043d\u0434, \u043f\u0440\u0435\u0434\u043b\u0430\u0433\u0430\u044e\u0449\u0438\u0439 \u043a\u0430\u0447\u0435\u0441\u0442\u0432\u0435\u043d\u043d\u0443\u044e \u044d\u043a\u0438\u043f\u0438\u0440\u043e\u0432\u043a\u0443 \u0434\u043b\u044f \u0432\u0435\u043b\u043e\u0441\u0438\u043f\u0435\u0434\u0438\u0441\u0442\u043e\u0432, \u0432\u043a\u043b\u044e\u0447\u0430\u044f \u0448\u043b\u0435\u043c\u044b, \u043e\u0447\u043a\u0438 \u0438 \u043f\u0435\u0440\u0447\u0430\u0442\u043a\u0438. \u041f\u0440\u043e\u0434\u0443\u043a\u0446\u0438\u044f \u0431\u0440\u0435\u043d\u0434\u0430 \u0446\u0435\u043d\u0438\u0442\u0441\u044f \u0437\u0430 \u043e\u043f\u0442\u0438\u043c\u0430\u043b\u044c\u043d\u043e\u0435 \u0441\u043e\u0447\u0435\u0442\u0430\u043d\u0438\u0435 \u0441\u043e\u0432\u0440\u0435\u043c\u0435\u043d\u043d\u044b\u0445 \u0442\u0435\u0445\u043d\u043e\u043b\u043e\u0433\u0438\u0439, \u044d\u0440\u0433\u043e\u043d\u043e\u043c\u0438\u0447\u043d\u043e\u0433\u043e \u0434\u0438\u0437\u0430\u0439\u043d\u0430 \u0438 \u0434\u043e\u0441\u0442\u0443\u043f\u043d\u043e\u0439 \u0446\u0435\u043d\u044b, \u0447\u0442\u043e \u0434\u0435\u043b\u0430\u0435\u0442 \u0435\u0451 \u043f\u043e\u043f\u0443\u043b\u044f\u0440\u043d\u043e\u0439 \u043a\u0430\u043a \u0441\u0440\u0435\u0434\u0438 \u043b\u044e\u0431\u0438\u0442\u0435\u043b\u0435\u0439, \u0442\u0430\u043a \u0438 \u0441\u0440\u0435\u0434\u0438 \u043e\u043f\u044b\u0442\u043d\u044b\u0445 \u0440\u0430\u0439\u0434\u0435\u0440\u043e\u0432.<\/p>","protected":false},"featured_media":74220,"comment_status":"open","ping_status":"closed","template":"","meta":{"_acf_changed":false,"inline_featured_image":false},"product_brand":[1363],"product_cat":[886],"product_tag":[],"class_list":{"0":"post-73911","1":"product","2":"type-product","3":"status-publish","4":"has-post-thumbnail","6":"product_brand-lynx","7":"product_cat-manusi-de-ciclism","9":"first","10":"instock","11":"shipping-taxable","12":"purchasable","13":"product-type-simple"},"acf":[],"yoast_head":"<!-- This site is optimized with the Yoast SEO plugin v27.2 - https:\/\/yoast.com\/product\/yoast-seo-wordpress\/ -->\n<title>\u0412\u0435\u043b\u043e\u043f\u0435\u0440\u0447\u0430\u0442\u043a\u0438 Lynx Expert long grey - \u041c\u0430\u0433\u0430\u0437\u0438\u043d Xstyle<\/title>\n<meta name=\"description\" content=\"\u041f\u043e\u043a\u0443\u043f\u0430\u0439\u0442\u0435 \u0432\u0435\u043b\u043e\u043f\u0435\u0440\u0447\u0430\u0442\u043a\u0438 Lynx Expert Long Grey \u0441 \u0433\u0435\u043b\u0435\u0432\u044b\u043c\u0438 \u0432\u0441\u0442\u0430\u0432\u043a\u0430\u043c\u0438, \u043c\u0438\u043a\u0440\u043e\u0444\u0438\u0431\u0440\u043e\u0439 \u0438 \u0431\u044b\u0441\u0442\u0440\u043e\u0441\u044a\u0435\u043c\u043d\u044b\u043c \u0434\u0438\u0437\u0430\u0439\u043d\u043e\u043c. \u0418\u0434\u0435\u0430\u043b\u044c\u043d\u044b \u0434\u043b\u044f \u043a\u043e\u043c\u0444\u043e\u0440\u0442\u043d\u044b\u0445 \u0432\u0435\u043b\u043e\u043f\u043e\u0435\u0437\u0434\u043e\u043a!\" \/>\n<meta name=\"robots\" content=\"index, follow, max-snippet:-1, max-image-preview:large, max-video-preview:-1\" \/>\n<link rel=\"canonical\" href=\"https:\/\/xstyle.md\/ro\/produs\/veloperchatki-lynx-expert-long-grey\/\" \/>\n<meta property=\"og:locale\" content=\"ro_RO\" \/>\n<meta property=\"og:type\" content=\"article\" \/>\n<meta property=\"og:title\" content=\"\u0412\u0435\u043b\u043e\u043f\u0435\u0440\u0447\u0430\u0442\u043a\u0438 Lynx Expert long grey - \u041c\u0430\u0433\u0430\u0437\u0438\u043d Xstyle\" \/>\n<meta property=\"og:description\" content=\"\u041f\u043e\u043a\u0443\u043f\u0430\u0439\u0442\u0435 \u0432\u0435\u043b\u043e\u043f\u0435\u0440\u0447\u0430\u0442\u043a\u0438 Lynx Expert Long Grey \u0441 \u0433\u0435\u043b\u0435\u0432\u044b\u043c\u0438 \u0432\u0441\u0442\u0430\u0432\u043a\u0430\u043c\u0438, \u043c\u0438\u043a\u0440\u043e\u0444\u0438\u0431\u0440\u043e\u0439 \u0438 \u0431\u044b\u0441\u0442\u0440\u043e\u0441\u044a\u0435\u043c\u043d\u044b\u043c \u0434\u0438\u0437\u0430\u0439\u043d\u043e\u043c. \u0418\u0434\u0435\u0430\u043b\u044c\u043d\u044b \u0434\u043b\u044f \u043a\u043e\u043c\u0444\u043e\u0440\u0442\u043d\u044b\u0445 \u0432\u0435\u043b\u043e\u043f\u043e\u0435\u0437\u0434\u043e\u043a!\" \/>\n<meta property=\"og:url\" content=\"https:\/\/xstyle.md\/ro\/produs\/veloperchatki-lynx-expert-long-grey\/\" \/>\n<meta property=\"og:site_name\" content=\"\u041c\u0430\u0433\u0430\u0437\u0438\u043d Xstyle\" \/>\n<meta property=\"article:publisher\" content=\"https:\/\/www.facebook.com\/xstylemd\" \/>\n<meta property=\"article:modified_time\" content=\"2026-03-09T13:39:44+00:00\" \/>\n<meta property=\"og:image\" content=\"https:\/\/xstyle.md\/wp-content\/uploads\/2023\/09\/lynx-expert-long-grey.jpg\" \/>\n\t<meta property=\"og:image:width\" content=\"1050\" \/>\n\t<meta property=\"og:image:height\" content=\"982\" \/>\n\t<meta property=\"og:image:type\" content=\"image\/jpeg\" \/>\n<meta name=\"twitter:card\" content=\"summary_large_image\" \/>\n<meta name=\"twitter:label1\" content=\"Pre\u021b\" \/>\n\t<meta name=\"twitter:data1\" content=\"490&nbsp;MDL\" \/>\n\t<meta name=\"twitter:label2\" content=\"Disponibilitate\" \/>\n\t<meta name=\"twitter:data2\" content=\"\u00cen stoc\" \/>\n<script type=\"application\/ld+json\" class=\"yoast-schema-graph\">{\"@context\":\"https:\/\/schema.org\",\"@graph\":[{\"@type\":\"WebPage\",\"@id\":\"https:\/\/xstyle.md\/product\/veloperchatki-lynx-expert-long-grey\/\",\"url\":\"https:\/\/xstyle.md\/product\/veloperchatki-lynx-expert-long-grey\/\",\"name\":\"\u0412\u0435\u043b\u043e\u043f\u0435\u0440\u0447\u0430\u0442\u043a\u0438 Lynx Expert long grey - \u041c\u0430\u0433\u0430\u0437\u0438\u043d Xstyle\",\"isPartOf\":{\"@id\":\"https:\/\/xstyle.md\/#website\"},\"primaryImageOfPage\":{\"@id\":\"https:\/\/xstyle.md\/product\/veloperchatki-lynx-expert-long-grey\/#primaryimage\"},\"image\":{\"@id\":\"https:\/\/xstyle.md\/product\/veloperchatki-lynx-expert-long-grey\/#primaryimage\"},\"thumbnailUrl\":\"https:\/\/xstyle.md\/wp-content\/uploads\/2023\/09\/lynx-expert-long-grey.jpg\",\"datePublished\":\"2023-09-13T10:51:33+00:00\",\"dateModified\":\"2026-03-09T13:39:44+00:00\",\"description\":\"\u041f\u043e\u043a\u0443\u043f\u0430\u0439\u0442\u0435 \u0432\u0435\u043b\u043e\u043f\u0435\u0440\u0447\u0430\u0442\u043a\u0438 Lynx Expert Long Grey \u0441 \u0433\u0435\u043b\u0435\u0432\u044b\u043c\u0438 \u0432\u0441\u0442\u0430\u0432\u043a\u0430\u043c\u0438, \u043c\u0438\u043a\u0440\u043e\u0444\u0438\u0431\u0440\u043e\u0439 \u0438 \u0431\u044b\u0441\u0442\u0440\u043e\u0441\u044a\u0435\u043c\u043d\u044b\u043c \u0434\u0438\u0437\u0430\u0439\u043d\u043e\u043c. \u0418\u0434\u0435\u0430\u043b\u044c\u043d\u044b \u0434\u043b\u044f \u043a\u043e\u043c\u0444\u043e\u0440\u0442\u043d\u044b\u0445 \u0432\u0435\u043b\u043e\u043f\u043e\u0435\u0437\u0434\u043e\u043a!\",\"breadcrumb\":{\"@id\":\"https:\/\/xstyle.md\/product\/veloperchatki-lynx-expert-long-grey\/#breadcrumb\"},\"inLanguage\":\"ro-RO\",\"potentialAction\":[{\"@type\":\"ReadAction\",\"target\":[\"https:\/\/xstyle.md\/product\/veloperchatki-lynx-expert-long-grey\/\"]}]},{\"@type\":\"ImageObject\",\"inLanguage\":\"ro-RO\",\"@id\":\"https:\/\/xstyle.md\/product\/veloperchatki-lynx-expert-long-grey\/#primaryimage\",\"url\":\"https:\/\/xstyle.md\/wp-content\/uploads\/2023\/09\/lynx-expert-long-grey.jpg\",\"contentUrl\":\"https:\/\/xstyle.md\/wp-content\/uploads\/2023\/09\/lynx-expert-long-grey.jpg\",\"width\":1050,\"height\":982,\"caption\":\"\u0412\u0435\u043b\u043e\u043f\u0435\u0440\u0447\u0430\u0442\u043a\u0438 Lynx Expert \u0434\u043b\u0438\u043d\u043d\u044b\u0435 \u0441\u0435\u0440\u044b\u0435 \u0434\u043b\u044f \u0430\u043a\u0442\u0438\u0432\u043d\u043e\u0433\u043e \u043e\u0442\u0434\u044b\u0445\u0430, \u043f\u043e\u0445\u043e\u0434\u043e\u0432 \u0438 \u043f\u0443\u0442\u0435\u0448\u0435\u0441\u0442\u0432\u0438\u0439 \u0432 \u0438\u043d\u0442\u0435\u0440\u043d\u0435\u0442-\u043c\u0430\u0433\u0430\u0437\u0438\u043d\u0435 \u0441\u043f\u043e\u0440\u0442\u0438\u0432\u043d\u043e\u0439 \u043e\u0434\u0435\u0436\u0434\u044b \u0438 \u043e\u0431\u0443\u0432\u0438\"},{\"@type\":\"BreadcrumbList\",\"@id\":\"https:\/\/xstyle.md\/product\/veloperchatki-lynx-expert-long-grey\/#breadcrumb\",\"itemListElement\":[{\"@type\":\"ListItem\",\"position\":1,\"name\":\"\u0413\u043b\u0430\u0432\u043d\u0430\u044f \u0441\u0442\u0440\u0430\u043d\u0438\u0446\u0430\",\"item\":\"https:\/\/xstyle.md\/\"},{\"@type\":\"ListItem\",\"position\":2,\"name\":\"\u041c\u0430\u0433\u0430\u0437\u0438\u043d\",\"item\":\"https:\/\/xstyle.md\/shop\/\"},{\"@type\":\"ListItem\",\"position\":3,\"name\":\"\u0412\u0435\u043b\u043e\u043f\u0435\u0440\u0447\u0430\u0442\u043a\u0438 Lynx Expert long grey\"}]},{\"@type\":\"WebSite\",\"@id\":\"https:\/\/xstyle.md\/#website\",\"url\":\"https:\/\/xstyle.md\/\",\"name\":\"\u041c\u0430\u0433\u0430\u0437\u0438\u043d Xstyle\",\"description\":\"C\u043d\u0430\u0440\u044f\u0436\u0435\u043d\u0438\u0435 \u0434\u043b\u044f \u0442\u0443\u0440\u0438\u0437\u043c\u0430 \u0438 \u044d\u043a\u0441\u0442\u0440\u0435\u043c\u0430\u043b\u044c\u043d\u044b\u0445 \u0432\u0438\u0434\u043e\u0432 \u0441\u043f\u043e\u0440\u0442\u0430 \u0432 \u041c\u043e\u043b\u0434\u043e\u0432\u0435.. \u0426\u0435\u043d\u044b, \u0444\u043e\u0442\u043e, \u0445\u0430\u0440\u0430\u043a\u0442\u0435\u0440\u0438\u0441\u0442\u0438\u043a\u0438 \u0432 \u041c\u043e\u043b\u0434\u043e\u0432\u0435.\",\"publisher\":{\"@id\":\"https:\/\/xstyle.md\/#organization\"},\"alternateName\":\"X-Style\",\"potentialAction\":[{\"@type\":\"SearchAction\",\"target\":{\"@type\":\"EntryPoint\",\"urlTemplate\":\"https:\/\/xstyle.md\/?s={search_term_string}\"},\"query-input\":{\"@type\":\"PropertyValueSpecification\",\"valueRequired\":true,\"valueName\":\"search_term_string\"}}],\"inLanguage\":\"ro-RO\"},{\"@type\":\"Organization\",\"@id\":\"https:\/\/xstyle.md\/#organization\",\"name\":\"\u041c\u0430\u0433\u0430\u0437\u0438\u043d Xstyle\",\"alternateName\":\"x-style\",\"url\":\"https:\/\/xstyle.md\/\",\"logo\":{\"@type\":\"ImageObject\",\"inLanguage\":\"ro-RO\",\"@id\":\"https:\/\/xstyle.md\/#\/schema\/logo\/image\/\",\"url\":\"https:\/\/xstyle.md\/wp-content\/uploads\/2020\/06\/logoicon.svg\",\"contentUrl\":\"https:\/\/xstyle.md\/wp-content\/uploads\/2020\/06\/logoicon.svg\",\"caption\":\"\u041c\u0430\u0433\u0430\u0437\u0438\u043d Xstyle\"},\"image\":{\"@id\":\"https:\/\/xstyle.md\/#\/schema\/logo\/image\/\"},\"sameAs\":[\"https:\/\/www.facebook.com\/xstylemd\",\"https:\/\/www.instagram.com\/xstyle_md\/\",\"https:\/\/t.me\/xstyle_outdoor\"],\"hasMerchantReturnPolicy\":{\"@type\":\"MerchantReturnPolicy\",\"merchantReturnLink\":\"https:\/\/xstyle.md\/ro\/conditions\/\"}}]}<\/script>\n<meta property=\"product:price:amount\" content=\"490.00\" \/>\n<meta property=\"product:price:currency\" content=\"MDL\" \/>\n<meta property=\"og:availability\" content=\"instock\" \/>\n<meta property=\"product:availability\" content=\"instock\" \/>\n<meta property=\"product:retailer_item_id\" content=\"2000990053688\" \/>\n<meta property=\"product:condition\" content=\"new\" \/>\n<!-- \/ Yoast SEO plugin. -->","yoast_head_json":{"title":"M\u0103nu\u0219i de biciclet\u0103 Lynx Expert long grey - Magazin Xstyle","description":"Cump\u0103ra\u021bi m\u0103nu\u0219i de biciclet\u0103 Lynx Expert Long Grey cu inser\u021bii din gel, microfiber \u0219i design u\u0219or de \u00eenl\u0103turat. Ideale pentru plimb\u0103ri confortabile cu bicicleta!","robots":{"index":"index","follow":"follow","max-snippet":"max-snippet:-1","max-image-preview":"max-image-preview:large","max-video-preview":"max-video-preview:-1"},"canonical":"https:\/\/xstyle.md\/ro\/produs\/veloperchatki-lynx-expert-long-grey\/","og_locale":"ro_RO","og_type":"article","og_title":"\u0412\u0435\u043b\u043e\u043f\u0435\u0440\u0447\u0430\u0442\u043a\u0438 Lynx Expert long grey - \u041c\u0430\u0433\u0430\u0437\u0438\u043d Xstyle","og_description":"\u041f\u043e\u043a\u0443\u043f\u0430\u0439\u0442\u0435 \u0432\u0435\u043b\u043e\u043f\u0435\u0440\u0447\u0430\u0442\u043a\u0438 Lynx Expert Long Grey \u0441 \u0433\u0435\u043b\u0435\u0432\u044b\u043c\u0438 \u0432\u0441\u0442\u0430\u0432\u043a\u0430\u043c\u0438, \u043c\u0438\u043a\u0440\u043e\u0444\u0438\u0431\u0440\u043e\u0439 \u0438 \u0431\u044b\u0441\u0442\u0440\u043e\u0441\u044a\u0435\u043c\u043d\u044b\u043c \u0434\u0438\u0437\u0430\u0439\u043d\u043e\u043c. \u0418\u0434\u0435\u0430\u043b\u044c\u043d\u044b \u0434\u043b\u044f \u043a\u043e\u043c\u0444\u043e\u0440\u0442\u043d\u044b\u0445 \u0432\u0435\u043b\u043e\u043f\u043e\u0435\u0437\u0434\u043e\u043a!","og_url":"https:\/\/xstyle.md\/ro\/produs\/veloperchatki-lynx-expert-long-grey\/","og_site_name":"\u041c\u0430\u0433\u0430\u0437\u0438\u043d Xstyle","article_publisher":"https:\/\/www.facebook.com\/xstylemd","article_modified_time":"2026-03-09T13:39:44+00:00","og_image":[{"width":1050,"height":982,"url":"https:\/\/xstyle.md\/wp-content\/uploads\/2023\/09\/lynx-expert-long-grey.jpg","type":"image\/jpeg"}],"twitter_card":"summary_large_image","twitter_misc":{"Pre\u021b":"490&nbsp;MDL","Disponibilitate":"\u00cen stoc"},"schema":{"@context":"https:\/\/schema.org","@graph":[{"@type":"WebPage","@id":"https:\/\/xstyle.md\/product\/veloperchatki-lynx-expert-long-grey\/","url":"https:\/\/xstyle.md\/product\/veloperchatki-lynx-expert-long-grey\/","name":"M\u0103nu\u0219i de biciclet\u0103 Lynx Expert long grey - Magazin Xstyle","isPartOf":{"@id":"https:\/\/xstyle.md\/#website"},"primaryImageOfPage":{"@id":"https:\/\/xstyle.md\/product\/veloperchatki-lynx-expert-long-grey\/#primaryimage"},"image":{"@id":"https:\/\/xstyle.md\/product\/veloperchatki-lynx-expert-long-grey\/#primaryimage"},"thumbnailUrl":"https:\/\/xstyle.md\/wp-content\/uploads\/2023\/09\/lynx-expert-long-grey.jpg","datePublished":"2023-09-13T10:51:33+00:00","dateModified":"2026-03-09T13:39:44+00:00","description":"Cump\u0103ra\u021bi m\u0103nu\u0219i de biciclet\u0103 Lynx Expert Long Grey cu inser\u021bii din gel, microfiber \u0219i design u\u0219or de \u00eenl\u0103turat. Ideale pentru plimb\u0103ri confortabile cu bicicleta!","breadcrumb":{"@id":"https:\/\/xstyle.md\/product\/veloperchatki-lynx-expert-long-grey\/#breadcrumb"},"inLanguage":"ro-RO","potentialAction":[{"@type":"ReadAction","target":["https:\/\/xstyle.md\/product\/veloperchatki-lynx-expert-long-grey\/"]}]},{"@type":"ImageObject","inLanguage":"ro-RO","@id":"https:\/\/xstyle.md\/product\/veloperchatki-lynx-expert-long-grey\/#primaryimage","url":"https:\/\/xstyle.md\/wp-content\/uploads\/2023\/09\/lynx-expert-long-grey.jpg","contentUrl":"https:\/\/xstyle.md\/wp-content\/uploads\/2023\/09\/lynx-expert-long-grey.jpg","width":1050,"height":982,"caption":"\u0412\u0435\u043b\u043e\u043f\u0435\u0440\u0447\u0430\u0442\u043a\u0438 Lynx Expert \u0434\u043b\u0438\u043d\u043d\u044b\u0435 \u0441\u0435\u0440\u044b\u0435 \u0434\u043b\u044f \u0430\u043a\u0442\u0438\u0432\u043d\u043e\u0433\u043e \u043e\u0442\u0434\u044b\u0445\u0430, \u043f\u043e\u0445\u043e\u0434\u043e\u0432 \u0438 \u043f\u0443\u0442\u0435\u0448\u0435\u0441\u0442\u0432\u0438\u0439 \u0432 \u0438\u043d\u0442\u0435\u0440\u043d\u0435\u0442-\u043c\u0430\u0433\u0430\u0437\u0438\u043d\u0435 \u0441\u043f\u043e\u0440\u0442\u0438\u0432\u043d\u043e\u0439 \u043e\u0434\u0435\u0436\u0434\u044b \u0438 \u043e\u0431\u0443\u0432\u0438"},{"@type":"BreadcrumbList","@id":"https:\/\/xstyle.md\/product\/veloperchatki-lynx-expert-long-grey\/#breadcrumb","itemListElement":[{"@type":"ListItem","position":1,"name":"\u0413\u043b\u0430\u0432\u043d\u0430\u044f \u0441\u0442\u0440\u0430\u043d\u0438\u0446\u0430","item":"https:\/\/xstyle.md\/"},{"@type":"ListItem","position":2,"name":"\u041c\u0430\u0433\u0430\u0437\u0438\u043d","item":"https:\/\/xstyle.md\/shop\/"},{"@type":"ListItem","position":3,"name":"\u0412\u0435\u043b\u043e\u043f\u0435\u0440\u0447\u0430\u0442\u043a\u0438 Lynx Expert long grey"}]},{"@type":"WebSite","@id":"https:\/\/xstyle.md\/#website","url":"https:\/\/xstyle.md\/","name":"Magazinul X-Style","description":"Echipamente pentru turism \u0219i sporturi extreme \u00een Moldova. Pre\u021buri, fotografii, caracteristici \u00een Moldova.","publisher":{"@id":"https:\/\/xstyle.md\/#organization"},"alternateName":"X-Style","potentialAction":[{"@type":"SearchAction","target":{"@type":"EntryPoint","urlTemplate":"https:\/\/xstyle.md\/?s={search_term_string}"},"query-input":{"@type":"PropertyValueSpecification","valueRequired":true,"valueName":"search_term_string"}}],"inLanguage":"ro-RO"},{"@type":"Organization","@id":"https:\/\/xstyle.md\/#organization","name":"Magazinul X-Style","alternateName":"x-style","url":"https:\/\/xstyle.md\/","logo":{"@type":"ImageObject","inLanguage":"ro-RO","@id":"https:\/\/xstyle.md\/#\/schema\/logo\/image\/","url":"https:\/\/xstyle.md\/wp-content\/uploads\/2020\/06\/logoicon.svg","contentUrl":"https:\/\/xstyle.md\/wp-content\/uploads\/2020\/06\/logoicon.svg","caption":"\u041c\u0430\u0433\u0430\u0437\u0438\u043d Xstyle"},"image":{"@id":"https:\/\/xstyle.md\/#\/schema\/logo\/image\/"},"sameAs":["https:\/\/www.facebook.com\/xstylemd","https:\/\/www.instagram.com\/xstyle_md\/","https:\/\/t.me\/xstyle_outdoor"],"hasMerchantReturnPolicy":{"@type":"MerchantReturnPolicy","merchantReturnLink":"https:\/\/xstyle.md\/ro\/conditions\/"}}]},"product_price_amount":"490.00","product_price_currency":"MDL","og_availability":"instock","product_availability":"instock","product_retailer_item_id":"2000990053688","product_condition":"new"},"post_mailing_queue_ids":[],"_links":{"self":[{"href":"https:\/\/xstyle.md\/ro\/wp-json\/wp\/v2\/product\/73911","targetHints":{"allow":["GET"]}}],"collection":[{"href":"https:\/\/xstyle.md\/ro\/wp-json\/wp\/v2\/product"}],"about":[{"href":"https:\/\/xstyle.md\/ro\/wp-json\/wp\/v2\/types\/product"}],"replies":[{"embeddable":true,"href":"https:\/\/xstyle.md\/ro\/wp-json\/wp\/v2\/comments?post=73911"}],"wp:featuredmedia":[{"embeddable":true,"href":"https:\/\/xstyle.md\/ro\/wp-json\/wp\/v2\/media\/74220"}],"wp:attachment":[{"href":"https:\/\/xstyle.md\/ro\/wp-json\/wp\/v2\/media?parent=73911"}],"wp:term":[{"taxonomy":"product_brand","embeddable":true,"href":"https:\/\/xstyle.md\/ro\/wp-json\/wp\/v2\/product_brand?post=73911"},{"taxonomy":"product_cat","embeddable":true,"href":"https:\/\/xstyle.md\/ro\/wp-json\/wp\/v2\/product_cat?post=73911"},{"taxonomy":"product_tag","embeddable":true,"href":"https:\/\/xstyle.md\/ro\/wp-json\/wp\/v2\/product_tag?post=73911"}],"curies":[{"name":"wp","href":"https:\/\/api.w.org\/{rel}","templated":true}]}}