{"id":73364,"date":"2023-09-09T14:59:13","date_gmt":"2023-09-09T11:59:13","guid":{"rendered":"https:\/\/xstyle.md\/?post_type=product&#038;p=73364"},"modified":"2026-03-19T17:14:55","modified_gmt":"2026-03-19T14:14:55","slug":"spalnyj-meshok-deuter-astro-pro-600-el","status":"publish","type":"product","link":"https:\/\/xstyle.md\/ro\/produs\/spalnyj-meshok-deuter-astro-pro-600-el\/","title":{"rendered":"Sac de dormit Deuter Astro Pro 600 EL"},"content":{"rendered":"<\/p>\n<p><strong>Deuter Astro Pro 600 EL<\/strong> &#8212; sacul de dormit din puf are o construc\u021bie extrem de inteligent\u0103, folosind o umplutur\u0103 de puf cu o densitate de 650 \u0219i un raport puf\/pum\u0103 de 90\/10. Acest lucru \u00eel caracterizeaz\u0103 printr-un raport senza\u021bional \u00eentre izolare termic\u0103 \u0219i greutate. Penele naturale folosite \u00een acest model v\u0103 protejeaz\u0103 de frig, permi\u021b\u00e2ndu-v\u0103 s\u0103 dormi\u021bi lini\u0219tit \u0219i s\u0103 v\u0103 revigora\u021bi pentru ziua urm\u0103toare. Este important de re\u021binut c\u0103 umplutura natural\u0103 a acestui sac de dormit este certificat\u0103 RDS, ceea ce dovede\u0219te c\u0103 animalele de la care a fost ob\u021binut\u0103 au fost tratate cu umanitate. Umplutura din pene este plasat\u0103 \u00een camere trapezoidale speciale. Acest lucru asigur\u0103 o bun\u0103 distribu\u021bie \u0219i previne formarea de zone reci.<\/p>\n<p>\u00cen combina\u021bie cu puf, materialul exterior \u0219i interior, u\u0219or \u0219i sub\u021bire, este o \u021bes\u0103tur\u0103 din poliamid\u0103 de 20 denari. Materialul este realizat din \u021bes\u0103tur\u0103 ripstop, ceea ce reduce riscul de abraziune. \u00cen plus, stratul exterior este echipat cu un tratament suplimentar DWR care \u00eei confer\u0103 propriet\u0103\u021bi hidrofobe. Acest lucru face ca \u021bes\u0103tura s\u0103 reziste mai mult timp la moleculele de ap\u0103, astfel \u00eenc\u00e2t se comport\u0103 mai bine \u00een condi\u021bii de umiditate. Zona picioarelor \u0219i a capului este acoperit\u0103 cu poliuretan. \u021aes\u0103tura sub\u021bire din poliamid\u0103 \u0219i umplutura din pene permit ca produsul s\u0103 fie comprimat la o dimensiune compact\u0103. Sacul de dormit are un design special Ergo Foot Pro \u00een zona picioarelor, care ofer\u0103 spa\u021biu suplimentar. Acest lucru face ca totul s\u0103 fie \u0219i mai confortabil de utilizat. Tehnologia Ergo Foot Pro merge m\u00e2n\u0103 \u00een m\u00e2n\u0103 cu tehnologia suplimentar\u0103 PowerBox. Aceasta asigur\u0103 faptul c\u0103 penele din partea inferioar\u0103 r\u0103m\u00e2n la locul lor chiar \u0219i atunci c\u00e2nd c\u0103l\u0103tori\u021bi \u00een sacul de dormit. Confortul este asigurat \u0219i de construc\u021bia Thermo Stretch.<\/p>\n<h3>Particularit\u0103\u021bi<\/h3>\n<ul>\n<li>Sacul de dormit are un tratament hidrofobizant DWR.<\/li>\n<li>\u021aes\u0103tura folosit\u0103 \u00een interior este din poliamid\u0103<\/li>\n<li>Umplutur\u0103 din puf de \u00eenalt\u0103 calitate, cu o densitate de 650 u.c. \u0219i un raport puf\/pene de 90\/10<\/li>\n<li>Penele folosite \u00een acest model sunt certificate RDS<\/li>\n<li>Designul trapezoidal special al camerelor asigur\u0103 o distribu\u021bie foarte bun\u0103 a penelor<\/li>\n<li>Designul reduce riscul apari\u021biei punctelor reci.<\/li>\n<li>Modelul este realizat cu tehnologia Thermo Stretch.<\/li>\n<li>Tehnologia Thermo Stretch asigur\u0103 o \u00eenc\u0103lzire mai rapid\u0103 \u0219i o potrivire mai bun\u0103<\/li>\n<li>Utilizarea \u021bes\u0103turii acoperite cu poliuretan la glug\u0103 \u0219i la pantaloni pentru o mai bun\u0103 impermeabilizare<\/li>\n<li>Construc\u021bie Thermo Hood<\/li>\n<li>Cordon de tragere pentru a ajusta gluga pe cap \u0219i a minimiza pierderile de c\u0103ldur\u0103<\/li>\n<li>Centur\u0103 reglabil\u0103 la nivelul g\u00e2tului<\/li>\n<li>Guler izolat la g\u00e2t<\/li>\n<li>Band\u0103 termic\u0103 pentru a minimiza transmiterea frigului c\u0103tre interior<\/li>\n<li>Construc\u021bie Ergo Foot Pro la nivelul picioarelor pentru mai mult spa\u021biu<\/li>\n<li>Construc\u021bie PowerBox pentru a men\u021bine penele \u00een jos<\/li>\n<li>Buzunar interior mic<\/li>\n<li>Modelul are un fermoar durabil cu dou\u0103 direc\u021bii<\/li>\n<li>Include o hus\u0103 de transport \u0219i o pung\u0103 mare pentru a depozita sacul de dormit atunci c\u00e2nd nu este utilizat<\/li>\n<li>Sacul de dormit nu con\u021bine PFC.<\/li>\n<li>Fabricat \u00een conformitate cu standardele bluesign\u00ae.<\/li>\n<li>Certificat Fair Wear<\/li>\n<li>Greutate redus\u0103 \u0219i dimensiuni compacte atunci c\u00e2nd este \u00eempachetat.<\/li>\n<\/ul>\n<h3>Caracteristici<\/h3>\n<ul>\n<li>Greutate &#8212; 1150 g + sac de 40 g<\/li>\n<li>Dimensiuni &#8212; 219 x 75 x 52 cm<\/li>\n<li>Dimensiuni \u00een ambalaj &#8212; \u00f8 19 x 36 cm<\/li>\n<li>\u021aes\u0103tur\u0103 exterioar\u0103 &#8212; 20D PA Ripstop, 20D PA Ripstop + DWR<\/li>\n<li>Izola\u021bie &#8212; puf de ra\u021b\u0103 gri<\/li>\n<li>\u00cen\u0103l\u021bime &#8212; 185-200 cm<\/li>\n<li>Scop &#8212; camping<\/li>\n<li>Sezonul &#8212; patru sezoane<\/li>\n<li>Tip sac de dormit &#8212; \u201ecocon\u201d<\/li>\n<li>Gen &#8212; unisex<\/li>\n<\/ul>\n<h3>Modul de temperatur\u0103<\/h3>\n<ul>\n<li>Temperatura de confort: -4\u00b0 C<\/li>\n<li>Temperatura limit\u0103: -10\u00b0 C<\/li>\n<li>Temperatur\u0103 extrem\u0103: -29\u00b0 C<\/li>\n<\/ul>\n<h3>Tehnologii<\/h3>\n<ul>\n<li><strong>\u0412luesign<\/strong>\u00ae este un sigiliu interna\u021bional de aprobare pentru standardele de mediu, s\u0103n\u0103tate \u0219i siguran\u021b\u0103 \u00een produc\u021bie.<\/li>\n<\/ul>\n<h3>Marca<\/h3>\n<p>Deuter este o marc\u0103 german\u0103 de gen\u021bi de sport \u0219i gen\u021bi pentru drume\u021bii, trekking, sporturi de iarn\u0103 \u0219i alte scopuri. Istoria companiei dateaz\u0103 de mai bine de 100 de ani: fondat\u0103 de Hans Deuter \u00een 1898, la \u00eenceputul secolului XX Deuter furniza deja saci po\u0219tali pentru Po\u0219ta Regal\u0103 Bavarez\u0103, iar \u00een anii 1910 &#8212; rucsaci, gen\u021bi, curele \u0219i corturi pentru armat\u0103.<\/p>\n<p>Fiind unul dintre cei mai importan\u021bi produc\u0103tori de rucsacuri, Deuter a cooperat \u00eentotdeauna cu alpini\u0219ti experimenta\u021bi, care \u00eemp\u0103rt\u0103\u0219esc din experien\u021ba \u0219i cuno\u0219tin\u021bele lor bogate. Deuter nu se opre\u0219te la rezultatele ob\u021binute, lucr\u00e2nd \u00een mod constant la calitate \u0219i la \u00eembun\u0103t\u0103\u021birea produselor sale. Speciali\u0219tii companiei sunt mereu \u00een c\u0103utare de noi solu\u021bii tehnice care s\u0103 v\u0103 asigure confortul \u0219i siguran\u021ba.<\/p>\n<p><\/p>","protected":false},"excerpt":{"rendered":"","protected":false},"featured_media":73813,"comment_status":"open","ping_status":"closed","template":"","meta":{"_acf_changed":false,"inline_featured_image":false},"product_brand":[1261],"product_cat":[128],"product_tag":[],"class_list":{"0":"post-73364","1":"product","2":"type-product","3":"status-publish","4":"has-post-thumbnail","6":"product_brand-deuter","7":"product_cat-fluff-sleeping-bag","9":"first","10":"instock","11":"shipping-taxable","12":"purchasable","13":"product-type-simple"},"acf":[],"yoast_head":"<!-- This site is optimized with the Yoast SEO plugin v27.2 - https:\/\/yoast.com\/product\/yoast-seo-wordpress\/ -->\n<title>\u0421\u043f\u0430\u043b\u044c\u043d\u044b\u0439 \u043c\u0435\u0448\u043e\u043a Deuter Astro Pro 600 EL - \u041c\u0430\u0433\u0430\u0437\u0438\u043d Xstyle<\/title>\n<meta name=\"description\" content=\"\u0421\u043f\u0430\u043b\u044c\u043d\u044b\u0439 \u043c\u0435\u0448\u043e\u043a Deuter Astro Pro 600 EL \u2014 \u0438\u0434\u0435\u0430\u043b\u044c\u043d\u044b\u0439 \u0432\u044b\u0431\u043e\u0440 \u0434\u043b\u044f \u043a\u043e\u043c\u0444\u043e\u0440\u0442\u043d\u043e\u0433\u043e \u043e\u0442\u0434\u044b\u0445\u0430 \u043d\u0430 \u043f\u0440\u0438\u0440\u043e\u0434\u0435. \u041b\u0435\u0433\u043a\u0438\u0439, \u0442\u0435\u043f\u043b\u044b\u0439 \u0438 \u0434\u043e\u043b\u0433\u043e\u0432\u0435\u0447\u043d\u044b\u0439, \u043e\u043d \u0437\u0430\u0449\u0438\u0442\u0438\u0442 \u0432\u0430\u0441 \u043e\u0442 \u0445\u043e\u043b\u043e\u0434\u0430.\" \/>\n<meta name=\"robots\" content=\"index, follow, max-snippet:-1, max-image-preview:large, max-video-preview:-1\" \/>\n<link rel=\"canonical\" href=\"https:\/\/xstyle.md\/ro\/produs\/spalnyj-meshok-deuter-astro-pro-600-el\/\" \/>\n<meta property=\"og:locale\" content=\"ro_RO\" \/>\n<meta property=\"og:type\" content=\"article\" \/>\n<meta property=\"og:title\" content=\"\u0421\u043f\u0430\u043b\u044c\u043d\u044b\u0439 \u043c\u0435\u0448\u043e\u043a Deuter Astro Pro 600 EL - \u041c\u0430\u0433\u0430\u0437\u0438\u043d Xstyle\" \/>\n<meta property=\"og:description\" content=\"\u0421\u043f\u0430\u043b\u044c\u043d\u044b\u0439 \u043c\u0435\u0448\u043e\u043a Deuter Astro Pro 600 EL \u2014 \u0438\u0434\u0435\u0430\u043b\u044c\u043d\u044b\u0439 \u0432\u044b\u0431\u043e\u0440 \u0434\u043b\u044f \u043a\u043e\u043c\u0444\u043e\u0440\u0442\u043d\u043e\u0433\u043e \u043e\u0442\u0434\u044b\u0445\u0430 \u043d\u0430 \u043f\u0440\u0438\u0440\u043e\u0434\u0435. \u041b\u0435\u0433\u043a\u0438\u0439, \u0442\u0435\u043f\u043b\u044b\u0439 \u0438 \u0434\u043e\u043b\u0433\u043e\u0432\u0435\u0447\u043d\u044b\u0439, \u043e\u043d \u0437\u0430\u0449\u0438\u0442\u0438\u0442 \u0432\u0430\u0441 \u043e\u0442 \u0445\u043e\u043b\u043e\u0434\u0430.\" \/>\n<meta property=\"og:url\" content=\"https:\/\/xstyle.md\/ro\/produs\/spalnyj-meshok-deuter-astro-pro-600-el\/\" \/>\n<meta property=\"og:site_name\" content=\"\u041c\u0430\u0433\u0430\u0437\u0438\u043d Xstyle\" \/>\n<meta property=\"article:publisher\" content=\"https:\/\/www.facebook.com\/xstylemd\" \/>\n<meta property=\"article:modified_time\" content=\"2026-03-19T14:14:55+00:00\" \/>\n<meta property=\"og:image\" content=\"https:\/\/xstyle.md\/wp-content\/uploads\/2023\/09\/deuter-astro-pro-600-el-teal-paprika.jpg\" \/>\n\t<meta property=\"og:image:width\" content=\"2103\" \/>\n\t<meta property=\"og:image:height\" content=\"2094\" \/>\n\t<meta property=\"og:image:type\" content=\"image\/jpeg\" \/>\n<meta name=\"twitter:card\" content=\"summary_large_image\" \/>\n<meta name=\"twitter:label1\" content=\"Pre\u021b\" \/>\n\t<meta name=\"twitter:data1\" content=\"8.990&nbsp;MDL\" \/>\n\t<meta name=\"twitter:label2\" content=\"Disponibilitate\" \/>\n\t<meta name=\"twitter:data2\" content=\"\u00cen stoc\" \/>\n<script type=\"application\/ld+json\" class=\"yoast-schema-graph\">{\"@context\":\"https:\/\/schema.org\",\"@graph\":[{\"@type\":\"WebPage\",\"@id\":\"https:\/\/xstyle.md\/product\/spalnyj-meshok-deuter-astro-pro-600-el\/\",\"url\":\"https:\/\/xstyle.md\/product\/spalnyj-meshok-deuter-astro-pro-600-el\/\",\"name\":\"\u0421\u043f\u0430\u043b\u044c\u043d\u044b\u0439 \u043c\u0435\u0448\u043e\u043a Deuter Astro Pro 600 EL - \u041c\u0430\u0433\u0430\u0437\u0438\u043d Xstyle\",\"isPartOf\":{\"@id\":\"https:\/\/xstyle.md\/#website\"},\"primaryImageOfPage\":{\"@id\":\"https:\/\/xstyle.md\/product\/spalnyj-meshok-deuter-astro-pro-600-el\/#primaryimage\"},\"image\":{\"@id\":\"https:\/\/xstyle.md\/product\/spalnyj-meshok-deuter-astro-pro-600-el\/#primaryimage\"},\"thumbnailUrl\":\"https:\/\/xstyle.md\/wp-content\/uploads\/2023\/09\/deuter-astro-pro-600-el-teal-paprika.jpg\",\"datePublished\":\"2023-09-09T11:59:13+00:00\",\"dateModified\":\"2026-03-19T14:14:55+00:00\",\"description\":\"\u0421\u043f\u0430\u043b\u044c\u043d\u044b\u0439 \u043c\u0435\u0448\u043e\u043a Deuter Astro Pro 600 EL \u2014 \u0438\u0434\u0435\u0430\u043b\u044c\u043d\u044b\u0439 \u0432\u044b\u0431\u043e\u0440 \u0434\u043b\u044f \u043a\u043e\u043c\u0444\u043e\u0440\u0442\u043d\u043e\u0433\u043e \u043e\u0442\u0434\u044b\u0445\u0430 \u043d\u0430 \u043f\u0440\u0438\u0440\u043e\u0434\u0435. \u041b\u0435\u0433\u043a\u0438\u0439, \u0442\u0435\u043f\u043b\u044b\u0439 \u0438 \u0434\u043e\u043b\u0433\u043e\u0432\u0435\u0447\u043d\u044b\u0439, \u043e\u043d \u0437\u0430\u0449\u0438\u0442\u0438\u0442 \u0432\u0430\u0441 \u043e\u0442 \u0445\u043e\u043b\u043e\u0434\u0430.\",\"breadcrumb\":{\"@id\":\"https:\/\/xstyle.md\/product\/spalnyj-meshok-deuter-astro-pro-600-el\/#breadcrumb\"},\"inLanguage\":\"ro-RO\",\"potentialAction\":[{\"@type\":\"ReadAction\",\"target\":[\"https:\/\/xstyle.md\/product\/spalnyj-meshok-deuter-astro-pro-600-el\/\"]}]},{\"@type\":\"ImageObject\",\"inLanguage\":\"ro-RO\",\"@id\":\"https:\/\/xstyle.md\/product\/spalnyj-meshok-deuter-astro-pro-600-el\/#primaryimage\",\"url\":\"https:\/\/xstyle.md\/wp-content\/uploads\/2023\/09\/deuter-astro-pro-600-el-teal-paprika.jpg\",\"contentUrl\":\"https:\/\/xstyle.md\/wp-content\/uploads\/2023\/09\/deuter-astro-pro-600-el-teal-paprika.jpg\",\"width\":1920,\"height\":1912,\"caption\":\"\u0422\u0435\u043d\u0442 \u0434\u043b\u044f \u0430\u043a\u0442\u0438\u0432\u043d\u043e\u0433\u043e \u043e\u0442\u0434\u044b\u0445\u0430, \u043f\u043e\u0445\u043e\u0434\u043d\u0430\u044f \u043e\u0434\u0435\u0436\u0434\u0430 \u0438 \u043e\u0431\u0443\u0432\u044c, \u0441\u043f\u0430\u043b\u044c\u043d\u044b\u0439 \u043c\u0435\u0448\u043e\u043a Deuter Astro Pro 600 EL \u0434\u043b\u044f \u043f\u0443\u0442\u0435\u0448\u0435\u0441\u0442\u0432\u0438\u0439, \u0445\u0430\u0439\u043a\u0438\u043d\u0433\u0430 \u0438 \u0430\u043b\u044c\u043f\u0438\u043d\u0438\u0437\u043c\u0430\"},{\"@type\":\"BreadcrumbList\",\"@id\":\"https:\/\/xstyle.md\/product\/spalnyj-meshok-deuter-astro-pro-600-el\/#breadcrumb\",\"itemListElement\":[{\"@type\":\"ListItem\",\"position\":1,\"name\":\"\u0413\u043b\u0430\u0432\u043d\u0430\u044f \u0441\u0442\u0440\u0430\u043d\u0438\u0446\u0430\",\"item\":\"https:\/\/xstyle.md\/\"},{\"@type\":\"ListItem\",\"position\":2,\"name\":\"\u041c\u0430\u0433\u0430\u0437\u0438\u043d\",\"item\":\"https:\/\/xstyle.md\/shop\/\"},{\"@type\":\"ListItem\",\"position\":3,\"name\":\"\u0421\u043f\u0430\u043b\u044c\u043d\u044b\u0439 \u043c\u0435\u0448\u043e\u043a Deuter Astro Pro 600 EL\"}]},{\"@type\":\"WebSite\",\"@id\":\"https:\/\/xstyle.md\/#website\",\"url\":\"https:\/\/xstyle.md\/\",\"name\":\"\u041c\u0430\u0433\u0430\u0437\u0438\u043d Xstyle\",\"description\":\"C\u043d\u0430\u0440\u044f\u0436\u0435\u043d\u0438\u0435 \u0434\u043b\u044f \u0442\u0443\u0440\u0438\u0437\u043c\u0430 \u0438 \u044d\u043a\u0441\u0442\u0440\u0435\u043c\u0430\u043b\u044c\u043d\u044b\u0445 \u0432\u0438\u0434\u043e\u0432 \u0441\u043f\u043e\u0440\u0442\u0430 \u0432 \u041c\u043e\u043b\u0434\u043e\u0432\u0435.. \u0426\u0435\u043d\u044b, \u0444\u043e\u0442\u043e, \u0445\u0430\u0440\u0430\u043a\u0442\u0435\u0440\u0438\u0441\u0442\u0438\u043a\u0438 \u0432 \u041c\u043e\u043b\u0434\u043e\u0432\u0435.\",\"publisher\":{\"@id\":\"https:\/\/xstyle.md\/#organization\"},\"alternateName\":\"X-Style\",\"potentialAction\":[{\"@type\":\"SearchAction\",\"target\":{\"@type\":\"EntryPoint\",\"urlTemplate\":\"https:\/\/xstyle.md\/?s={search_term_string}\"},\"query-input\":{\"@type\":\"PropertyValueSpecification\",\"valueRequired\":true,\"valueName\":\"search_term_string\"}}],\"inLanguage\":\"ro-RO\"},{\"@type\":\"Organization\",\"@id\":\"https:\/\/xstyle.md\/#organization\",\"name\":\"\u041c\u0430\u0433\u0430\u0437\u0438\u043d Xstyle\",\"alternateName\":\"x-style\",\"url\":\"https:\/\/xstyle.md\/\",\"logo\":{\"@type\":\"ImageObject\",\"inLanguage\":\"ro-RO\",\"@id\":\"https:\/\/xstyle.md\/#\/schema\/logo\/image\/\",\"url\":\"https:\/\/xstyle.md\/wp-content\/uploads\/2020\/06\/logoicon.svg\",\"contentUrl\":\"https:\/\/xstyle.md\/wp-content\/uploads\/2020\/06\/logoicon.svg\",\"caption\":\"\u041c\u0430\u0433\u0430\u0437\u0438\u043d Xstyle\"},\"image\":{\"@id\":\"https:\/\/xstyle.md\/#\/schema\/logo\/image\/\"},\"sameAs\":[\"https:\/\/www.facebook.com\/xstylemd\",\"https:\/\/www.instagram.com\/xstyle_md\/\",\"https:\/\/t.me\/xstyle_outdoor\"],\"hasMerchantReturnPolicy\":{\"@type\":\"MerchantReturnPolicy\",\"merchantReturnLink\":\"https:\/\/xstyle.md\/ro\/conditions\/\"}}]}<\/script>\n<meta property=\"product:price:amount\" content=\"8990.00\" \/>\n<meta property=\"product:price:currency\" content=\"MDL\" \/>\n<meta property=\"og:availability\" content=\"instock\" \/>\n<meta property=\"product:availability\" content=\"instock\" \/>\n<meta property=\"product:retailer_item_id\" content=\"4046051144023\" \/>\n<meta property=\"product:condition\" content=\"new\" \/>\n<!-- \/ Yoast SEO plugin. -->","yoast_head_json":{"title":"Sac de dormit Deuter Astro Pro 600 EL - Magazin Xstyle","description":"Sac de dormit Deuter Astro Pro 600 EL \u2014 alegerea ideal\u0103 pentru o odihn\u0103 confortabil\u0103 \u00een natur\u0103. U\u0219or, cald \u0219i durabil, v\u0103 va proteja de frig.","robots":{"index":"index","follow":"follow","max-snippet":"max-snippet:-1","max-image-preview":"max-image-preview:large","max-video-preview":"max-video-preview:-1"},"canonical":"https:\/\/xstyle.md\/ro\/produs\/spalnyj-meshok-deuter-astro-pro-600-el\/","og_locale":"ro_RO","og_type":"article","og_title":"\u0421\u043f\u0430\u043b\u044c\u043d\u044b\u0439 \u043c\u0435\u0448\u043e\u043a Deuter Astro Pro 600 EL - \u041c\u0430\u0433\u0430\u0437\u0438\u043d Xstyle","og_description":"\u0421\u043f\u0430\u043b\u044c\u043d\u044b\u0439 \u043c\u0435\u0448\u043e\u043a Deuter Astro Pro 600 EL \u2014 \u0438\u0434\u0435\u0430\u043b\u044c\u043d\u044b\u0439 \u0432\u044b\u0431\u043e\u0440 \u0434\u043b\u044f \u043a\u043e\u043c\u0444\u043e\u0440\u0442\u043d\u043e\u0433\u043e \u043e\u0442\u0434\u044b\u0445\u0430 \u043d\u0430 \u043f\u0440\u0438\u0440\u043e\u0434\u0435. \u041b\u0435\u0433\u043a\u0438\u0439, \u0442\u0435\u043f\u043b\u044b\u0439 \u0438 \u0434\u043e\u043b\u0433\u043e\u0432\u0435\u0447\u043d\u044b\u0439, \u043e\u043d \u0437\u0430\u0449\u0438\u0442\u0438\u0442 \u0432\u0430\u0441 \u043e\u0442 \u0445\u043e\u043b\u043e\u0434\u0430.","og_url":"https:\/\/xstyle.md\/ro\/produs\/spalnyj-meshok-deuter-astro-pro-600-el\/","og_site_name":"\u041c\u0430\u0433\u0430\u0437\u0438\u043d Xstyle","article_publisher":"https:\/\/www.facebook.com\/xstylemd","article_modified_time":"2026-03-19T14:14:55+00:00","og_image":[{"width":2103,"height":2094,"url":"https:\/\/xstyle.md\/wp-content\/uploads\/2023\/09\/deuter-astro-pro-600-el-teal-paprika.jpg","type":"image\/jpeg"}],"twitter_card":"summary_large_image","twitter_misc":{"Pre\u021b":"8.990&nbsp;MDL","Disponibilitate":"\u00cen stoc"},"schema":{"@context":"https:\/\/schema.org","@graph":[{"@type":"WebPage","@id":"https:\/\/xstyle.md\/product\/spalnyj-meshok-deuter-astro-pro-600-el\/","url":"https:\/\/xstyle.md\/product\/spalnyj-meshok-deuter-astro-pro-600-el\/","name":"Sac de dormit Deuter Astro Pro 600 EL - Magazin Xstyle","isPartOf":{"@id":"https:\/\/xstyle.md\/#website"},"primaryImageOfPage":{"@id":"https:\/\/xstyle.md\/product\/spalnyj-meshok-deuter-astro-pro-600-el\/#primaryimage"},"image":{"@id":"https:\/\/xstyle.md\/product\/spalnyj-meshok-deuter-astro-pro-600-el\/#primaryimage"},"thumbnailUrl":"https:\/\/xstyle.md\/wp-content\/uploads\/2023\/09\/deuter-astro-pro-600-el-teal-paprika.jpg","datePublished":"2023-09-09T11:59:13+00:00","dateModified":"2026-03-19T14:14:55+00:00","description":"Sac de dormit Deuter Astro Pro 600 EL \u2014 alegerea ideal\u0103 pentru o odihn\u0103 confortabil\u0103 \u00een natur\u0103. U\u0219or, cald \u0219i durabil, v\u0103 va proteja de frig.","breadcrumb":{"@id":"https:\/\/xstyle.md\/product\/spalnyj-meshok-deuter-astro-pro-600-el\/#breadcrumb"},"inLanguage":"ro-RO","potentialAction":[{"@type":"ReadAction","target":["https:\/\/xstyle.md\/product\/spalnyj-meshok-deuter-astro-pro-600-el\/"]}]},{"@type":"ImageObject","inLanguage":"ro-RO","@id":"https:\/\/xstyle.md\/product\/spalnyj-meshok-deuter-astro-pro-600-el\/#primaryimage","url":"https:\/\/xstyle.md\/wp-content\/uploads\/2023\/09\/deuter-astro-pro-600-el-teal-paprika.jpg","contentUrl":"https:\/\/xstyle.md\/wp-content\/uploads\/2023\/09\/deuter-astro-pro-600-el-teal-paprika.jpg","width":1920,"height":1912,"caption":"\u0422\u0435\u043d\u0442 \u0434\u043b\u044f \u0430\u043a\u0442\u0438\u0432\u043d\u043e\u0433\u043e \u043e\u0442\u0434\u044b\u0445\u0430, \u043f\u043e\u0445\u043e\u0434\u043d\u0430\u044f \u043e\u0434\u0435\u0436\u0434\u0430 \u0438 \u043e\u0431\u0443\u0432\u044c, \u0441\u043f\u0430\u043b\u044c\u043d\u044b\u0439 \u043c\u0435\u0448\u043e\u043a Deuter Astro Pro 600 EL \u0434\u043b\u044f \u043f\u0443\u0442\u0435\u0448\u0435\u0441\u0442\u0432\u0438\u0439, \u0445\u0430\u0439\u043a\u0438\u043d\u0433\u0430 \u0438 \u0430\u043b\u044c\u043f\u0438\u043d\u0438\u0437\u043c\u0430"},{"@type":"BreadcrumbList","@id":"https:\/\/xstyle.md\/product\/spalnyj-meshok-deuter-astro-pro-600-el\/#breadcrumb","itemListElement":[{"@type":"ListItem","position":1,"name":"\u0413\u043b\u0430\u0432\u043d\u0430\u044f \u0441\u0442\u0440\u0430\u043d\u0438\u0446\u0430","item":"https:\/\/xstyle.md\/"},{"@type":"ListItem","position":2,"name":"\u041c\u0430\u0433\u0430\u0437\u0438\u043d","item":"https:\/\/xstyle.md\/shop\/"},{"@type":"ListItem","position":3,"name":"\u0421\u043f\u0430\u043b\u044c\u043d\u044b\u0439 \u043c\u0435\u0448\u043e\u043a Deuter Astro Pro 600 EL"}]},{"@type":"WebSite","@id":"https:\/\/xstyle.md\/#website","url":"https:\/\/xstyle.md\/","name":"Magazinul X-Style","description":"Echipamente pentru turism \u0219i sporturi extreme \u00een Moldova. Pre\u021buri, fotografii, caracteristici \u00een Moldova.","publisher":{"@id":"https:\/\/xstyle.md\/#organization"},"alternateName":"X-Style","potentialAction":[{"@type":"SearchAction","target":{"@type":"EntryPoint","urlTemplate":"https:\/\/xstyle.md\/?s={search_term_string}"},"query-input":{"@type":"PropertyValueSpecification","valueRequired":true,"valueName":"search_term_string"}}],"inLanguage":"ro-RO"},{"@type":"Organization","@id":"https:\/\/xstyle.md\/#organization","name":"Magazinul X-Style","alternateName":"x-style","url":"https:\/\/xstyle.md\/","logo":{"@type":"ImageObject","inLanguage":"ro-RO","@id":"https:\/\/xstyle.md\/#\/schema\/logo\/image\/","url":"https:\/\/xstyle.md\/wp-content\/uploads\/2020\/06\/logoicon.svg","contentUrl":"https:\/\/xstyle.md\/wp-content\/uploads\/2020\/06\/logoicon.svg","caption":"\u041c\u0430\u0433\u0430\u0437\u0438\u043d Xstyle"},"image":{"@id":"https:\/\/xstyle.md\/#\/schema\/logo\/image\/"},"sameAs":["https:\/\/www.facebook.com\/xstylemd","https:\/\/www.instagram.com\/xstyle_md\/","https:\/\/t.me\/xstyle_outdoor"],"hasMerchantReturnPolicy":{"@type":"MerchantReturnPolicy","merchantReturnLink":"https:\/\/xstyle.md\/ro\/conditions\/"}}]},"product_price_amount":"8990.00","product_price_currency":"MDL","og_availability":"instock","product_availability":"instock","product_retailer_item_id":"4046051144023","product_condition":"new"},"post_mailing_queue_ids":[],"_links":{"self":[{"href":"https:\/\/xstyle.md\/ro\/wp-json\/wp\/v2\/product\/73364","targetHints":{"allow":["GET"]}}],"collection":[{"href":"https:\/\/xstyle.md\/ro\/wp-json\/wp\/v2\/product"}],"about":[{"href":"https:\/\/xstyle.md\/ro\/wp-json\/wp\/v2\/types\/product"}],"replies":[{"embeddable":true,"href":"https:\/\/xstyle.md\/ro\/wp-json\/wp\/v2\/comments?post=73364"}],"wp:featuredmedia":[{"embeddable":true,"href":"https:\/\/xstyle.md\/ro\/wp-json\/wp\/v2\/media\/73813"}],"wp:attachment":[{"href":"https:\/\/xstyle.md\/ro\/wp-json\/wp\/v2\/media?parent=73364"}],"wp:term":[{"taxonomy":"product_brand","embeddable":true,"href":"https:\/\/xstyle.md\/ro\/wp-json\/wp\/v2\/product_brand?post=73364"},{"taxonomy":"product_cat","embeddable":true,"href":"https:\/\/xstyle.md\/ro\/wp-json\/wp\/v2\/product_cat?post=73364"},{"taxonomy":"product_tag","embeddable":true,"href":"https:\/\/xstyle.md\/ro\/wp-json\/wp\/v2\/product_tag?post=73364"}],"curies":[{"name":"wp","href":"https:\/\/api.w.org\/{rel}","templated":true}]}}