{"id":73189,"date":"2023-08-23T15:43:18","date_gmt":"2023-08-23T12:43:18","guid":{"rendered":"https:\/\/xstyle.md\/?post_type=product&#038;p=73189"},"modified":"2025-12-24T18:38:56","modified_gmt":"2025-12-24T15:38:56","slug":"fonar-nalobnyj-petzl-actik-core-green","status":"publish","type":"product","link":"https:\/\/xstyle.md\/ro\/produs\/fonar-nalobnyj-petzl-actik-core-green\/","title":{"rendered":"Lantern\u0103 frontal\u0103 Petzl Actik Core green"},"content":{"rendered":"<\/p>\n<p><strong>Petzl Actik Core<\/strong> &#8212; lantern\u0103 frontal\u0103 cu baterie CORE inclus\u0103. Lampa frontal\u0103 perfect\u0103 pentru activit\u0103\u021bi \u00een aer liber. Cu o luminozitate de 600 de lumeni, ACTIK CORE ofer\u0103 o iluminare puternic\u0103 \u0219i confortabil\u0103, potrivit\u0103 pentru alergare, drume\u021bii sau alpinism. Reflectorul fosforescent faciliteaz\u0103 g\u0103sirea lanternei \u00een \u00eentuneric, iar func\u021bia de lumin\u0103 ro\u0219ie v\u0103 va ajuta s\u0103 evita\u021bi orbirea celorlal\u021bi atunci c\u00e2nd v\u0103 afla\u021bi \u00eentr-un grup. ACTIK CORE este prev\u0103zut\u0103 cu o baterie re\u00eenc\u0103rcabil\u0103, dar poate fi utilizat\u0103 \u0219i cu baterii standard AAA\/LR03. Este inclus\u0103 o hus\u0103 practic\u0103 de depozitare SHELL LT.<\/p>\n<h3>Particularit\u0103\u021bi<\/h3>\n<ul>\n<li>Iluminat versatil \u0219i convenabil pentru mi\u0219care \u0219i activitate dinamic\u0103<\/li>\n<li>Un singur buton pentru selectarea rapid\u0103 \u0219i u\u0219oar\u0103 a luminozit\u0103\u021bii sau a culorii<\/li>\n<li>Reglarea u\u0219oar\u0103 a unghiului luminii<\/li>\n<li>Indicatorul de \u00eenc\u0103rcare a bateriei arat\u0103 nivelul bateriei de fiecare dat\u0103 c\u00e2nd lanterna este pornit\u0103 sau oprit\u0103<\/li>\n<li>Reflector fosforescent util pentru localizarea lanternei \u00een \u00eentuneric<\/li>\n<li>Func\u021bia LOCK \u00eempiedic\u0103 pornirea lanternei \u00een timpul transportului sau depozit\u0103rii<\/li>\n<li>Cureaua deta\u0219abil\u0103 pentru cap cu \u00eenchiz\u0103tori simetrice pentru o ajustare u\u0219oar\u0103 a dimensiunii<\/li>\n<li>Husa practic\u0103 de depozitare SHELL LT ajut\u0103, de asemenea, la transformarea lanternei \u00eentr-o lamp\u0103 de camping<\/li>\n<li>HYBRID CONCEPT: ACTIK CORE vine cu o baterie CORE re\u00eenc\u0103rcabil\u0103, dar poate fi utilizat\u0103 \u0219i cu baterii standard 3 AAA\/LR03. Lanterna detecteaz\u0103 automat sursa de alimentare \u0219i regleaz\u0103 puterea de iluminare<\/li>\n<li>Compatibil cu suporturile HELMET ADAPT \u0219i BIKE ADAPT 2, pute\u021bi ata\u0219a lanterna la diferite tipuri de c\u0103\u0219ti sau biciclete*.<\/li>\n<\/ul>\n<p>* AVERTISMENT: Lanterna nu este certificat\u0103 pentru utilizarea pe \u0219osea: atunci c\u00e2nd sunt utilizate \u00eentr-o zon\u0103 reglementat\u0103 de regulile de circula\u021bie, lanternele Petzl nu \u00eenlocuiesc lanternele standard necesare.<\/p>\n<h3>Modul de func\u021bionare<\/h3>\n<ul>\n<li>Fascicul de lumin\u0103 larg \u0219i uniform, astfel \u00eenc\u00e2t s\u0103 pute\u021bi vedea confortabil de aproape sau de sub picioarele dvs.<\/li>\n<li>Fasciculul mixt (difuzie \u0219i focalizare \u00een acela\u0219i timp) este convenabil pentru c\u0103l\u0103torii<\/li>\n<li>Trei niveluri de lumin\u0103 alb\u0103: durat\u0103 maxim\u0103 de func\u021bionare, mod mediu (cel mai bun echilibru \u00eentre putere \u0219i durat\u0103 de func\u021bionare) \u0219i luminozitate maxim\u0103<\/li>\n<li>Diod\u0103 ro\u0219ie: modul de lumin\u0103 continu\u0103 (ajut\u0103 la p\u0103strarea vederii pe timp de noapte f\u0103r\u0103 a-i orbi pe ceilal\u021bi) \u0219i lumin\u0103 stroboscopic\u0103 pentru a v\u0103 semnala loca\u021bia (util\u0103 \u00een situa\u021bii de urgen\u021b\u0103).<\/li>\n<\/ul>\n<h3>Caracteristici<\/h3>\n<ul>\n<li>Alimentarea: baterie re\u00eenc\u0103rcabil\u0103 CORE (inclus\u0103) sau trei baterii AAA\/LR03 (v\u00e2ndute separat)<\/li>\n<li>Compatibilitate cu baterii: baterii alcaline, cu litiu sau baterii re\u00eenc\u0103rcabile Ni-MH<\/li>\n<li>Rezisten\u021b\u0103 la umezeal\u0103: IPX4 (rezistent la intemperii)<\/li>\n<li>Tip de fascicul: larg sau mixt<\/li>\n<li>Certificare: CE<\/li>\n<li>Greutate: 88 g.<\/li>\n<\/ul>\n<p><em>Garan\u021bia oficial\u0103 a produc\u0103torului Petzl este de 5 ani.<\/em><\/p>\n<h3>Marca<\/h3>\n<p>PETZL este un brand de renume mondial care produce echipamente specializate pentru alpinism, speologie, escalad\u0103 \u0219i alpinism industrial. Compania a fost fondat\u0103 de Fernand Petzel, un om pasionat de speologie de o via\u021b\u0103 \u00eentreag\u0103. La mijlocul anilor 1970, pasiunea sa \u0219i afacerea de familie au crescut \u00een ceva mai mult. Fernand a \u00eenceput s\u0103 modifice dispozitivele existente folosite \u00een speologie \u0219i apoi s\u0103 inventeze unele complet noi.<\/p>\n<p>Gama de produse a companiei s-a extins pentru a include iluminatul, deoarece \u00een \u00eentunericul pe\u0219terilor acesta este unul dintre cele mai importante echipamente necesare. Dup\u0103 speologie, PETZL a dezvoltat echipamente pentru alpini\u0219ti, iar mai t\u00e2rziu pentru lucrul la \u00een\u0103l\u021bime.<\/p>\n<p>Misiunea PETZL este de a crea instrumente inovatoare care s\u0103 le permit\u0103 b\u0103rba\u021bilor \u0219i femeilor s\u0103 ating\u0103 noi \u00een\u0103l\u021bimi pe vertical\u0103 \u0219i s\u0103 lumineze calea \u00een \u00eentuneric. Compania se afl\u0103 \u00eentr-o c\u0103utare nesf\u00e2r\u0219it\u0103 a celei mai bune solu\u021bii \u00een toate domeniile de activitate. Performan\u021ba, ergonomia, confortul \u0219i, cel mai important, siguran\u021ba sunt cele mai importante criterii \u00een aceast\u0103 c\u0103utare. Accesul la ceea ce este inaccesibil sau &#171;atingerea a ceea ce este de neatins&#187; este motto-ul s\u0103u de lung\u0103 durat\u0103.<\/p>\n<p><\/p>\n<\/div>","protected":false},"excerpt":{"rendered":"","protected":false},"featured_media":73202,"comment_status":"closed","ping_status":"closed","template":"","meta":{"_acf_changed":false,"inline_featured_image":false},"product_brand":[1270],"product_cat":[91],"product_tag":[],"class_list":{"0":"post-73189","1":"product","2":"type-product","3":"status-publish","4":"has-post-thumbnail","6":"product_brand-petzl","7":"product_cat-headlamps","9":"first","10":"instock","11":"shipping-taxable","12":"purchasable","13":"product-type-simple"},"acf":[],"yoast_head":"<!-- This site is optimized with the Yoast SEO plugin v27.2 - https:\/\/yoast.com\/product\/yoast-seo-wordpress\/ -->\n<title>\u0424\u043e\u043d\u0430\u0440\u044c \u043d\u0430\u043b\u043e\u0431\u043d\u044b\u0439 Petzl Actik Core green - \u041c\u0430\u0433\u0430\u0437\u0438\u043d Xstyle<\/title>\n<meta name=\"description\" content=\"\u0424\u043e\u043d\u0430\u0440\u044c \u043d\u0430\u043b\u043e\u0431\u043d\u044b\u0439 Petzl Actik Core \u0437\u0435\u043b\u0435\u043d\u044b\u0439 - \u0438\u0434\u0435\u0430\u043b\u044c\u043d\u044b\u0439 \u0432\u044b\u0431\u043e\u0440 \u0434\u043b\u044f \u0430\u043a\u0442\u0438\u0432\u043d\u043e\u0433\u043e \u043e\u0442\u0434\u044b\u0445\u0430. 600 \u043b\u044e\u043c\u0435\u043d, \u0431\u0430\u0442\u0430\u0440\u0435\u044f CORE \u0438 \u0437\u0430\u0449\u0438\u0442\u0430 IPX4 \u0434\u043b\u044f \u043b\u044e\u0431\u044b\u0445 \u0443\u0441\u043b\u043e\u0432\u0438\u0439.\" \/>\n<meta name=\"robots\" content=\"index, follow, max-snippet:-1, max-image-preview:large, max-video-preview:-1\" \/>\n<link rel=\"canonical\" href=\"https:\/\/xstyle.md\/ro\/produs\/fonar-nalobnyj-petzl-actik-core-green\/\" \/>\n<meta property=\"og:locale\" content=\"ro_RO\" \/>\n<meta property=\"og:type\" content=\"article\" \/>\n<meta property=\"og:title\" content=\"\u0424\u043e\u043d\u0430\u0440\u044c \u043d\u0430\u043b\u043e\u0431\u043d\u044b\u0439 Petzl Actik Core green - \u041c\u0430\u0433\u0430\u0437\u0438\u043d Xstyle\" \/>\n<meta property=\"og:description\" content=\"\u0424\u043e\u043d\u0430\u0440\u044c \u043d\u0430\u043b\u043e\u0431\u043d\u044b\u0439 Petzl Actik Core \u0437\u0435\u043b\u0435\u043d\u044b\u0439 - \u0438\u0434\u0435\u0430\u043b\u044c\u043d\u044b\u0439 \u0432\u044b\u0431\u043e\u0440 \u0434\u043b\u044f \u0430\u043a\u0442\u0438\u0432\u043d\u043e\u0433\u043e \u043e\u0442\u0434\u044b\u0445\u0430. 600 \u043b\u044e\u043c\u0435\u043d, \u0431\u0430\u0442\u0430\u0440\u0435\u044f CORE \u0438 \u0437\u0430\u0449\u0438\u0442\u0430 IPX4 \u0434\u043b\u044f \u043b\u044e\u0431\u044b\u0445 \u0443\u0441\u043b\u043e\u0432\u0438\u0439.\" \/>\n<meta property=\"og:url\" content=\"https:\/\/xstyle.md\/ro\/produs\/fonar-nalobnyj-petzl-actik-core-green\/\" \/>\n<meta property=\"og:site_name\" content=\"\u041c\u0430\u0433\u0430\u0437\u0438\u043d Xstyle\" \/>\n<meta property=\"article:publisher\" content=\"https:\/\/www.facebook.com\/xstylemd\" \/>\n<meta property=\"article:modified_time\" content=\"2025-12-24T15:38:56+00:00\" \/>\n<meta property=\"og:image\" content=\"https:\/\/xstyle.md\/wp-content\/uploads\/2023\/08\/petzl-actik-core-green.jpeg\" \/>\n\t<meta property=\"og:image:width\" content=\"900\" \/>\n\t<meta property=\"og:image:height\" content=\"720\" \/>\n\t<meta property=\"og:image:type\" content=\"image\/jpeg\" \/>\n<meta name=\"twitter:card\" content=\"summary_large_image\" \/>\n<meta name=\"twitter:label1\" content=\"Pre\u021b\" \/>\n\t<meta name=\"twitter:data1\" content=\"1.670&nbsp;MDL\" \/>\n\t<meta name=\"twitter:label2\" content=\"Disponibilitate\" \/>\n\t<meta name=\"twitter:data2\" content=\"\u00cen stoc\" \/>\n<script type=\"application\/ld+json\" class=\"yoast-schema-graph\">{\"@context\":\"https:\/\/schema.org\",\"@graph\":[{\"@type\":\"WebPage\",\"@id\":\"https:\/\/xstyle.md\/product\/fonar-nalobnyj-petzl-actik-core-green\/\",\"url\":\"https:\/\/xstyle.md\/product\/fonar-nalobnyj-petzl-actik-core-green\/\",\"name\":\"\u0424\u043e\u043d\u0430\u0440\u044c \u043d\u0430\u043b\u043e\u0431\u043d\u044b\u0439 Petzl Actik Core green - \u041c\u0430\u0433\u0430\u0437\u0438\u043d Xstyle\",\"isPartOf\":{\"@id\":\"https:\/\/xstyle.md\/#website\"},\"primaryImageOfPage\":{\"@id\":\"https:\/\/xstyle.md\/product\/fonar-nalobnyj-petzl-actik-core-green\/#primaryimage\"},\"image\":{\"@id\":\"https:\/\/xstyle.md\/product\/fonar-nalobnyj-petzl-actik-core-green\/#primaryimage\"},\"thumbnailUrl\":\"https:\/\/xstyle.md\/wp-content\/uploads\/2023\/08\/petzl-actik-core-green.jpeg\",\"datePublished\":\"2023-08-23T12:43:18+00:00\",\"dateModified\":\"2025-12-24T15:38:56+00:00\",\"description\":\"\u0424\u043e\u043d\u0430\u0440\u044c \u043d\u0430\u043b\u043e\u0431\u043d\u044b\u0439 Petzl Actik Core \u0437\u0435\u043b\u0435\u043d\u044b\u0439 - \u0438\u0434\u0435\u0430\u043b\u044c\u043d\u044b\u0439 \u0432\u044b\u0431\u043e\u0440 \u0434\u043b\u044f \u0430\u043a\u0442\u0438\u0432\u043d\u043e\u0433\u043e \u043e\u0442\u0434\u044b\u0445\u0430. 600 \u043b\u044e\u043c\u0435\u043d, \u0431\u0430\u0442\u0430\u0440\u0435\u044f CORE \u0438 \u0437\u0430\u0449\u0438\u0442\u0430 IPX4 \u0434\u043b\u044f \u043b\u044e\u0431\u044b\u0445 \u0443\u0441\u043b\u043e\u0432\u0438\u0439.\",\"breadcrumb\":{\"@id\":\"https:\/\/xstyle.md\/product\/fonar-nalobnyj-petzl-actik-core-green\/#breadcrumb\"},\"inLanguage\":\"ro-RO\",\"potentialAction\":[{\"@type\":\"ReadAction\",\"target\":[\"https:\/\/xstyle.md\/product\/fonar-nalobnyj-petzl-actik-core-green\/\"]}]},{\"@type\":\"ImageObject\",\"inLanguage\":\"ro-RO\",\"@id\":\"https:\/\/xstyle.md\/product\/fonar-nalobnyj-petzl-actik-core-green\/#primaryimage\",\"url\":\"https:\/\/xstyle.md\/wp-content\/uploads\/2023\/08\/petzl-actik-core-green.jpeg\",\"contentUrl\":\"https:\/\/xstyle.md\/wp-content\/uploads\/2023\/08\/petzl-actik-core-green.jpeg\",\"width\":900,\"height\":720,\"caption\":\"\u041d\u0430\u043b\u043e\u0431\u043d\u044b\u0439 \u0444\u043e\u043d\u0430\u0440\u044c Petzl Actik Core \u0437\u0435\u043b\u0435\u043d\u044b\u0439 \u0434\u043b\u044f \u0430\u043a\u0442\u0438\u0432\u043d\u043e\u0433\u043e \u043e\u0442\u0434\u044b\u0445\u0430 \u0442\u0443\u0440\u0438\u0437\u043c\u0430 \u043f\u043e\u0445\u043e\u0434\u043e\u0432 \u0438 \u0430\u043b\u044c\u043f\u0438\u043d\u0438\u0437\u043c\u0430 \u0432 \u043e\u043d\u043b\u0430\u0439\u043d \u043c\u0430\u0433\u0430\u0437\u0438\u043d\u0435 \u0441\u043f\u043e\u0440\u0442\u0438\u0432\u043d\u043e\u0439 \u043e\u0434\u0435\u0436\u0434\u044b \u043e\u0431\u0443\u0432\u0438 \u0438 \u0441\u043d\u0430\u0440\u044f\u0436\u0435\u043d\u0438\u044f\"},{\"@type\":\"BreadcrumbList\",\"@id\":\"https:\/\/xstyle.md\/product\/fonar-nalobnyj-petzl-actik-core-green\/#breadcrumb\",\"itemListElement\":[{\"@type\":\"ListItem\",\"position\":1,\"name\":\"\u0413\u043b\u0430\u0432\u043d\u0430\u044f \u0441\u0442\u0440\u0430\u043d\u0438\u0446\u0430\",\"item\":\"https:\/\/xstyle.md\/\"},{\"@type\":\"ListItem\",\"position\":2,\"name\":\"\u041c\u0430\u0433\u0430\u0437\u0438\u043d\",\"item\":\"https:\/\/xstyle.md\/shop\/\"},{\"@type\":\"ListItem\",\"position\":3,\"name\":\"\u0424\u043e\u043d\u0430\u0440\u044c \u043d\u0430\u043b\u043e\u0431\u043d\u044b\u0439 Petzl Actik Core green\"}]},{\"@type\":\"WebSite\",\"@id\":\"https:\/\/xstyle.md\/#website\",\"url\":\"https:\/\/xstyle.md\/\",\"name\":\"\u041c\u0430\u0433\u0430\u0437\u0438\u043d Xstyle\",\"description\":\"C\u043d\u0430\u0440\u044f\u0436\u0435\u043d\u0438\u0435 \u0434\u043b\u044f \u0442\u0443\u0440\u0438\u0437\u043c\u0430 \u0438 \u044d\u043a\u0441\u0442\u0440\u0435\u043c\u0430\u043b\u044c\u043d\u044b\u0445 \u0432\u0438\u0434\u043e\u0432 \u0441\u043f\u043e\u0440\u0442\u0430 \u0432 \u041c\u043e\u043b\u0434\u043e\u0432\u0435.. \u0426\u0435\u043d\u044b, \u0444\u043e\u0442\u043e, \u0445\u0430\u0440\u0430\u043a\u0442\u0435\u0440\u0438\u0441\u0442\u0438\u043a\u0438 \u0432 \u041c\u043e\u043b\u0434\u043e\u0432\u0435.\",\"publisher\":{\"@id\":\"https:\/\/xstyle.md\/#organization\"},\"alternateName\":\"X-Style\",\"potentialAction\":[{\"@type\":\"SearchAction\",\"target\":{\"@type\":\"EntryPoint\",\"urlTemplate\":\"https:\/\/xstyle.md\/?s={search_term_string}\"},\"query-input\":{\"@type\":\"PropertyValueSpecification\",\"valueRequired\":true,\"valueName\":\"search_term_string\"}}],\"inLanguage\":\"ro-RO\"},{\"@type\":\"Organization\",\"@id\":\"https:\/\/xstyle.md\/#organization\",\"name\":\"\u041c\u0430\u0433\u0430\u0437\u0438\u043d Xstyle\",\"alternateName\":\"x-style\",\"url\":\"https:\/\/xstyle.md\/\",\"logo\":{\"@type\":\"ImageObject\",\"inLanguage\":\"ro-RO\",\"@id\":\"https:\/\/xstyle.md\/#\/schema\/logo\/image\/\",\"url\":\"https:\/\/xstyle.md\/wp-content\/uploads\/2020\/06\/logoicon.svg\",\"contentUrl\":\"https:\/\/xstyle.md\/wp-content\/uploads\/2020\/06\/logoicon.svg\",\"caption\":\"\u041c\u0430\u0433\u0430\u0437\u0438\u043d Xstyle\"},\"image\":{\"@id\":\"https:\/\/xstyle.md\/#\/schema\/logo\/image\/\"},\"sameAs\":[\"https:\/\/www.facebook.com\/xstylemd\",\"https:\/\/www.instagram.com\/xstyle_md\/\",\"https:\/\/t.me\/xstyle_outdoor\"],\"hasMerchantReturnPolicy\":{\"@type\":\"MerchantReturnPolicy\",\"merchantReturnLink\":\"https:\/\/xstyle.md\/ro\/conditions\/\"}}]}<\/script>\n<meta property=\"product:price:amount\" content=\"1670.00\" \/>\n<meta property=\"product:price:currency\" content=\"MDL\" \/>\n<meta property=\"og:availability\" content=\"instock\" \/>\n<meta property=\"product:availability\" content=\"instock\" \/>\n<meta property=\"product:retailer_item_id\" content=\"3342540838826\" \/>\n<meta property=\"product:condition\" content=\"new\" \/>\n<!-- \/ Yoast SEO plugin. -->","yoast_head_json":{"title":"Lantern\u0103 frontal\u0103 Petzl Actik Core green - Magazin Xstyle","description":"Lanterna frontal Petzl Actik Core verde - alegerea ideal\u0103 pentru activit\u0103\u021bile \u00een aer liber. 600 lumeni, baterie CORE \u0219i protec\u021bie IPX4 pentru orice condi\u021bii.","robots":{"index":"index","follow":"follow","max-snippet":"max-snippet:-1","max-image-preview":"max-image-preview:large","max-video-preview":"max-video-preview:-1"},"canonical":"https:\/\/xstyle.md\/ro\/produs\/fonar-nalobnyj-petzl-actik-core-green\/","og_locale":"ro_RO","og_type":"article","og_title":"\u0424\u043e\u043d\u0430\u0440\u044c \u043d\u0430\u043b\u043e\u0431\u043d\u044b\u0439 Petzl Actik Core green - \u041c\u0430\u0433\u0430\u0437\u0438\u043d Xstyle","og_description":"\u0424\u043e\u043d\u0430\u0440\u044c \u043d\u0430\u043b\u043e\u0431\u043d\u044b\u0439 Petzl Actik Core \u0437\u0435\u043b\u0435\u043d\u044b\u0439 - \u0438\u0434\u0435\u0430\u043b\u044c\u043d\u044b\u0439 \u0432\u044b\u0431\u043e\u0440 \u0434\u043b\u044f \u0430\u043a\u0442\u0438\u0432\u043d\u043e\u0433\u043e \u043e\u0442\u0434\u044b\u0445\u0430. 600 \u043b\u044e\u043c\u0435\u043d, \u0431\u0430\u0442\u0430\u0440\u0435\u044f CORE \u0438 \u0437\u0430\u0449\u0438\u0442\u0430 IPX4 \u0434\u043b\u044f \u043b\u044e\u0431\u044b\u0445 \u0443\u0441\u043b\u043e\u0432\u0438\u0439.","og_url":"https:\/\/xstyle.md\/ro\/produs\/fonar-nalobnyj-petzl-actik-core-green\/","og_site_name":"\u041c\u0430\u0433\u0430\u0437\u0438\u043d Xstyle","article_publisher":"https:\/\/www.facebook.com\/xstylemd","article_modified_time":"2025-12-24T15:38:56+00:00","og_image":[{"width":900,"height":720,"url":"https:\/\/xstyle.md\/wp-content\/uploads\/2023\/08\/petzl-actik-core-green.jpeg","type":"image\/jpeg"}],"twitter_card":"summary_large_image","twitter_misc":{"Pre\u021b":"1.670&nbsp;MDL","Disponibilitate":"\u00cen stoc"},"schema":{"@context":"https:\/\/schema.org","@graph":[{"@type":"WebPage","@id":"https:\/\/xstyle.md\/product\/fonar-nalobnyj-petzl-actik-core-green\/","url":"https:\/\/xstyle.md\/product\/fonar-nalobnyj-petzl-actik-core-green\/","name":"Lantern\u0103 frontal\u0103 Petzl Actik Core green - Magazin Xstyle","isPartOf":{"@id":"https:\/\/xstyle.md\/#website"},"primaryImageOfPage":{"@id":"https:\/\/xstyle.md\/product\/fonar-nalobnyj-petzl-actik-core-green\/#primaryimage"},"image":{"@id":"https:\/\/xstyle.md\/product\/fonar-nalobnyj-petzl-actik-core-green\/#primaryimage"},"thumbnailUrl":"https:\/\/xstyle.md\/wp-content\/uploads\/2023\/08\/petzl-actik-core-green.jpeg","datePublished":"2023-08-23T12:43:18+00:00","dateModified":"2025-12-24T15:38:56+00:00","description":"Lanterna frontal Petzl Actik Core verde - alegerea ideal\u0103 pentru activit\u0103\u021bile \u00een aer liber. 600 lumeni, baterie CORE \u0219i protec\u021bie IPX4 pentru orice condi\u021bii.","breadcrumb":{"@id":"https:\/\/xstyle.md\/product\/fonar-nalobnyj-petzl-actik-core-green\/#breadcrumb"},"inLanguage":"ro-RO","potentialAction":[{"@type":"ReadAction","target":["https:\/\/xstyle.md\/product\/fonar-nalobnyj-petzl-actik-core-green\/"]}]},{"@type":"ImageObject","inLanguage":"ro-RO","@id":"https:\/\/xstyle.md\/product\/fonar-nalobnyj-petzl-actik-core-green\/#primaryimage","url":"https:\/\/xstyle.md\/wp-content\/uploads\/2023\/08\/petzl-actik-core-green.jpeg","contentUrl":"https:\/\/xstyle.md\/wp-content\/uploads\/2023\/08\/petzl-actik-core-green.jpeg","width":900,"height":720,"caption":"\u041d\u0430\u043b\u043e\u0431\u043d\u044b\u0439 \u0444\u043e\u043d\u0430\u0440\u044c Petzl Actik Core \u0437\u0435\u043b\u0435\u043d\u044b\u0439 \u0434\u043b\u044f \u0430\u043a\u0442\u0438\u0432\u043d\u043e\u0433\u043e \u043e\u0442\u0434\u044b\u0445\u0430 \u0442\u0443\u0440\u0438\u0437\u043c\u0430 \u043f\u043e\u0445\u043e\u0434\u043e\u0432 \u0438 \u0430\u043b\u044c\u043f\u0438\u043d\u0438\u0437\u043c\u0430 \u0432 \u043e\u043d\u043b\u0430\u0439\u043d \u043c\u0430\u0433\u0430\u0437\u0438\u043d\u0435 \u0441\u043f\u043e\u0440\u0442\u0438\u0432\u043d\u043e\u0439 \u043e\u0434\u0435\u0436\u0434\u044b \u043e\u0431\u0443\u0432\u0438 \u0438 \u0441\u043d\u0430\u0440\u044f\u0436\u0435\u043d\u0438\u044f"},{"@type":"BreadcrumbList","@id":"https:\/\/xstyle.md\/product\/fonar-nalobnyj-petzl-actik-core-green\/#breadcrumb","itemListElement":[{"@type":"ListItem","position":1,"name":"\u0413\u043b\u0430\u0432\u043d\u0430\u044f \u0441\u0442\u0440\u0430\u043d\u0438\u0446\u0430","item":"https:\/\/xstyle.md\/"},{"@type":"ListItem","position":2,"name":"\u041c\u0430\u0433\u0430\u0437\u0438\u043d","item":"https:\/\/xstyle.md\/shop\/"},{"@type":"ListItem","position":3,"name":"\u0424\u043e\u043d\u0430\u0440\u044c \u043d\u0430\u043b\u043e\u0431\u043d\u044b\u0439 Petzl Actik Core green"}]},{"@type":"WebSite","@id":"https:\/\/xstyle.md\/#website","url":"https:\/\/xstyle.md\/","name":"Magazinul X-Style","description":"Echipamente pentru turism \u0219i sporturi extreme \u00een Moldova. Pre\u021buri, fotografii, caracteristici \u00een Moldova.","publisher":{"@id":"https:\/\/xstyle.md\/#organization"},"alternateName":"X-Style","potentialAction":[{"@type":"SearchAction","target":{"@type":"EntryPoint","urlTemplate":"https:\/\/xstyle.md\/?s={search_term_string}"},"query-input":{"@type":"PropertyValueSpecification","valueRequired":true,"valueName":"search_term_string"}}],"inLanguage":"ro-RO"},{"@type":"Organization","@id":"https:\/\/xstyle.md\/#organization","name":"Magazinul X-Style","alternateName":"x-style","url":"https:\/\/xstyle.md\/","logo":{"@type":"ImageObject","inLanguage":"ro-RO","@id":"https:\/\/xstyle.md\/#\/schema\/logo\/image\/","url":"https:\/\/xstyle.md\/wp-content\/uploads\/2020\/06\/logoicon.svg","contentUrl":"https:\/\/xstyle.md\/wp-content\/uploads\/2020\/06\/logoicon.svg","caption":"\u041c\u0430\u0433\u0430\u0437\u0438\u043d Xstyle"},"image":{"@id":"https:\/\/xstyle.md\/#\/schema\/logo\/image\/"},"sameAs":["https:\/\/www.facebook.com\/xstylemd","https:\/\/www.instagram.com\/xstyle_md\/","https:\/\/t.me\/xstyle_outdoor"],"hasMerchantReturnPolicy":{"@type":"MerchantReturnPolicy","merchantReturnLink":"https:\/\/xstyle.md\/ro\/conditions\/"}}]},"product_price_amount":"1670.00","product_price_currency":"MDL","og_availability":"instock","product_availability":"instock","product_retailer_item_id":"3342540838826","product_condition":"new"},"post_mailing_queue_ids":[],"_links":{"self":[{"href":"https:\/\/xstyle.md\/ro\/wp-json\/wp\/v2\/product\/73189","targetHints":{"allow":["GET"]}}],"collection":[{"href":"https:\/\/xstyle.md\/ro\/wp-json\/wp\/v2\/product"}],"about":[{"href":"https:\/\/xstyle.md\/ro\/wp-json\/wp\/v2\/types\/product"}],"replies":[{"embeddable":true,"href":"https:\/\/xstyle.md\/ro\/wp-json\/wp\/v2\/comments?post=73189"}],"wp:featuredmedia":[{"embeddable":true,"href":"https:\/\/xstyle.md\/ro\/wp-json\/wp\/v2\/media\/73202"}],"wp:attachment":[{"href":"https:\/\/xstyle.md\/ro\/wp-json\/wp\/v2\/media?parent=73189"}],"wp:term":[{"taxonomy":"product_brand","embeddable":true,"href":"https:\/\/xstyle.md\/ro\/wp-json\/wp\/v2\/product_brand?post=73189"},{"taxonomy":"product_cat","embeddable":true,"href":"https:\/\/xstyle.md\/ro\/wp-json\/wp\/v2\/product_cat?post=73189"},{"taxonomy":"product_tag","embeddable":true,"href":"https:\/\/xstyle.md\/ro\/wp-json\/wp\/v2\/product_tag?post=73189"}],"curies":[{"name":"wp","href":"https:\/\/api.w.org\/{rel}","templated":true}]}}