{"id":7294,"date":"2020-07-16T22:33:55","date_gmt":"2020-07-16T19:33:55","guid":{"rendered":"https:\/\/xstyle.md\/product\/kupal-nyj-kostjum-aqualung-dominio"},"modified":"2024-10-21T08:51:22","modified_gmt":"2024-10-21T05:51:22","slug":"kupal-nyj-kostjum-aqualung-dominio","status":"publish","type":"product","link":"https:\/\/xstyle.md\/ro\/produs\/kupal-nyj-kostjum-aqualung-dominio\/","title":{"rendered":"Costum de baie Aqualung DOMINIO"},"content":{"rendered":"<\/p>\n<p><strong>Aqualung DOMINIO &#8212;\u00a0<\/strong>costumele de baie pentru femei sunt concepute pentru antrenament intensiv de \u00eenot.<\/p>\n<p>Costumul de baie din seria DOMINIO MP a fost conceput cu contribu\u021bia direct\u0103 a lui Michael Phelps. Combin\u0103 cea mai recent\u0103 tehnologie \u0219i designul \u00een vog\u0103.<\/p>\n<h3>Particularit\u0103\u021bi<\/h3>\n<ul>\n<li>Designul materialelor pentru costume a fost ales personal de Michael Phelps;<\/li>\n<li>Numele tuturor costumelor sunt asociate cu Baltimore;<\/li>\n<li>XLance Eco este un material reciclat, \u00eembun\u0103t\u0103\u021bit \u0219i rezistent;<\/li>\n<li>Materialul este rezistent la clor \u0219i \u00ee\u0219i p\u0103streaz\u0103 elasticitatea chiar \u0219i dup\u0103 240 de ore \u00een ap\u0103 clorurat\u0103;<\/li>\n<li>Spate deschis \u0219i bretele sub\u021biri;<\/li>\n<li>Rezisten\u021b\u0103 de lung\u0103 durat\u0103 la transpira\u021bie \u0219i protec\u021bie solar\u0103 &#8212; datorit\u0103 temperaturilor sc\u0103zute folosite \u00een timpul procesului de termorealizare.<\/li>\n<\/ul>\n<h3><strong>Caracteristici<\/strong><\/h3>\n<ul>\n<li>Material &#8212; XLANCE\u00a0 (80% Poliamid\u0103 micro, 20% Elastolefin XLA \u2122).<\/li>\n<\/ul>\n<p><\/p>","protected":false},"excerpt":{"rendered":"<p>Costum de baie Aqualung DOMINIO<\/p>","protected":false},"featured_media":7293,"comment_status":"open","ping_status":"closed","template":"","meta":{"_acf_changed":false,"inline_featured_image":false},"product_brand":[1284],"product_cat":[195],"product_tag":[],"class_list":{"0":"post-7294","1":"product","2":"type-product","3":"status-publish","4":"has-post-thumbnail","6":"product_brand-aqualung","7":"product_cat-swimwear-women","9":"first","10":"instock","11":"shipping-taxable","12":"purchasable","13":"product-type-simple"},"acf":[],"yoast_head":"<!-- This site is optimized with the Yoast SEO plugin v27.2 - https:\/\/yoast.com\/product\/yoast-seo-wordpress\/ -->\n<title>\u041a\u0443\u043f\u0430\u043b\u044c\u043d\u044b\u0439 \u043a\u043e\u0441\u0442\u044e\u043c Aqualung DOMINIO - \u041c\u0430\u0433\u0430\u0437\u0438\u043d Xstyle<\/title>\n<meta name=\"description\" content=\"\u041a\u0443\u043f\u0430\u043b\u044c\u043d\u044b\u0439 \u043a\u043e\u0441\u0442\u044e\u043c Aqualung DOMINIO \u0441\u043e\u0437\u0434\u0430\u043d \u0434\u043b\u044f \u0438\u043d\u0442\u0435\u043d\u0441\u0438\u0432\u043d\u044b\u0445 \u0442\u0440\u0435\u043d\u0438\u0440\u043e\u0432\u043e\u043a. \u0420\u0430\u0437\u0440\u0430\u0431\u043e\u0442\u0430\u043d \u0441 \u0443\u0447\u0430\u0441\u0442\u0438\u0435\u043c \u041c\u0430\u0439\u043a\u043b\u0430 \u0424\u0435\u043b\u043f\u0441\u0430, \u0441\u043e\u0447\u0435\u0442\u0430\u0435\u0442 \u043f\u0435\u0440\u0435\u0434\u043e\u0432\u044b\u0435 \u0442\u0435\u0445\u043d\u043e\u043b\u043e\u0433\u0438\u0438 \u0438 \u0441\u0442\u0438\u043b\u044c.\" \/>\n<meta name=\"robots\" content=\"index, follow, max-snippet:-1, max-image-preview:large, max-video-preview:-1\" \/>\n<link rel=\"canonical\" href=\"https:\/\/xstyle.md\/ro\/produs\/kupal-nyj-kostjum-aqualung-dominio\/\" \/>\n<meta property=\"og:locale\" content=\"ro_RO\" \/>\n<meta property=\"og:type\" content=\"article\" \/>\n<meta property=\"og:title\" content=\"\u041a\u0443\u043f\u0430\u043b\u044c\u043d\u044b\u0439 \u043a\u043e\u0441\u0442\u044e\u043c Aqualung DOMINIO - \u041c\u0430\u0433\u0430\u0437\u0438\u043d Xstyle\" \/>\n<meta property=\"og:description\" content=\"\u041a\u0443\u043f\u0430\u043b\u044c\u043d\u044b\u0439 \u043a\u043e\u0441\u0442\u044e\u043c Aqualung DOMINIO \u0441\u043e\u0437\u0434\u0430\u043d \u0434\u043b\u044f \u0438\u043d\u0442\u0435\u043d\u0441\u0438\u0432\u043d\u044b\u0445 \u0442\u0440\u0435\u043d\u0438\u0440\u043e\u0432\u043e\u043a. \u0420\u0430\u0437\u0440\u0430\u0431\u043e\u0442\u0430\u043d \u0441 \u0443\u0447\u0430\u0441\u0442\u0438\u0435\u043c \u041c\u0430\u0439\u043a\u043b\u0430 \u0424\u0435\u043b\u043f\u0441\u0430, \u0441\u043e\u0447\u0435\u0442\u0430\u0435\u0442 \u043f\u0435\u0440\u0435\u0434\u043e\u0432\u044b\u0435 \u0442\u0435\u0445\u043d\u043e\u043b\u043e\u0433\u0438\u0438 \u0438 \u0441\u0442\u0438\u043b\u044c.\" \/>\n<meta property=\"og:url\" content=\"https:\/\/xstyle.md\/ro\/produs\/kupal-nyj-kostjum-aqualung-dominio\/\" \/>\n<meta property=\"og:site_name\" content=\"\u041c\u0430\u0433\u0430\u0437\u0438\u043d Xstyle\" \/>\n<meta property=\"article:publisher\" content=\"https:\/\/www.facebook.com\/xstylemd\" \/>\n<meta property=\"article:modified_time\" content=\"2024-10-21T05:51:22+00:00\" \/>\n<meta property=\"og:image\" content=\"https:\/\/xstyle.md\/wp-content\/uploads\/2020\/07\/dominio_women_black-blue_2015_sw1490140_02.jpg\" \/>\n\t<meta property=\"og:image:width\" content=\"1920\" \/>\n\t<meta property=\"og:image:height\" content=\"1920\" \/>\n\t<meta property=\"og:image:type\" content=\"image\/jpeg\" \/>\n<meta name=\"twitter:card\" content=\"summary_large_image\" \/>\n<meta name=\"twitter:label1\" content=\"Pre\u021b\" \/>\n\t<meta name=\"twitter:data1\" content=\"790&nbsp;MDL\" \/>\n\t<meta name=\"twitter:label2\" content=\"Disponibilitate\" \/>\n\t<meta name=\"twitter:data2\" content=\"\u00cen stoc\" \/>\n<script type=\"application\/ld+json\" class=\"yoast-schema-graph\">{\"@context\":\"https:\/\/schema.org\",\"@graph\":[{\"@type\":\"WebPage\",\"@id\":\"https:\/\/xstyle.md\/product\/kupal-nyj-kostjum-aqualung-dominio\/\",\"url\":\"https:\/\/xstyle.md\/product\/kupal-nyj-kostjum-aqualung-dominio\/\",\"name\":\"\u041a\u0443\u043f\u0430\u043b\u044c\u043d\u044b\u0439 \u043a\u043e\u0441\u0442\u044e\u043c Aqualung DOMINIO - \u041c\u0430\u0433\u0430\u0437\u0438\u043d Xstyle\",\"isPartOf\":{\"@id\":\"https:\/\/xstyle.md\/#website\"},\"primaryImageOfPage\":{\"@id\":\"https:\/\/xstyle.md\/product\/kupal-nyj-kostjum-aqualung-dominio\/#primaryimage\"},\"image\":{\"@id\":\"https:\/\/xstyle.md\/product\/kupal-nyj-kostjum-aqualung-dominio\/#primaryimage\"},\"thumbnailUrl\":\"https:\/\/xstyle.md\/wp-content\/uploads\/2020\/07\/dominio_women_black-blue_2015_sw1490140_02.jpg\",\"datePublished\":\"2020-07-16T19:33:55+00:00\",\"dateModified\":\"2024-10-21T05:51:22+00:00\",\"description\":\"\u041a\u0443\u043f\u0430\u043b\u044c\u043d\u044b\u0439 \u043a\u043e\u0441\u0442\u044e\u043c Aqualung DOMINIO \u0441\u043e\u0437\u0434\u0430\u043d \u0434\u043b\u044f \u0438\u043d\u0442\u0435\u043d\u0441\u0438\u0432\u043d\u044b\u0445 \u0442\u0440\u0435\u043d\u0438\u0440\u043e\u0432\u043e\u043a. \u0420\u0430\u0437\u0440\u0430\u0431\u043e\u0442\u0430\u043d \u0441 \u0443\u0447\u0430\u0441\u0442\u0438\u0435\u043c \u041c\u0430\u0439\u043a\u043b\u0430 \u0424\u0435\u043b\u043f\u0441\u0430, \u0441\u043e\u0447\u0435\u0442\u0430\u0435\u0442 \u043f\u0435\u0440\u0435\u0434\u043e\u0432\u044b\u0435 \u0442\u0435\u0445\u043d\u043e\u043b\u043e\u0433\u0438\u0438 \u0438 \u0441\u0442\u0438\u043b\u044c.\",\"breadcrumb\":{\"@id\":\"https:\/\/xstyle.md\/product\/kupal-nyj-kostjum-aqualung-dominio\/#breadcrumb\"},\"inLanguage\":\"ro-RO\",\"potentialAction\":[{\"@type\":\"ReadAction\",\"target\":[\"https:\/\/xstyle.md\/product\/kupal-nyj-kostjum-aqualung-dominio\/\"]}]},{\"@type\":\"ImageObject\",\"inLanguage\":\"ro-RO\",\"@id\":\"https:\/\/xstyle.md\/product\/kupal-nyj-kostjum-aqualung-dominio\/#primaryimage\",\"url\":\"https:\/\/xstyle.md\/wp-content\/uploads\/2020\/07\/dominio_women_black-blue_2015_sw1490140_02.jpg\",\"contentUrl\":\"https:\/\/xstyle.md\/wp-content\/uploads\/2020\/07\/dominio_women_black-blue_2015_sw1490140_02.jpg\",\"width\":1920,\"height\":1920},{\"@type\":\"BreadcrumbList\",\"@id\":\"https:\/\/xstyle.md\/product\/kupal-nyj-kostjum-aqualung-dominio\/#breadcrumb\",\"itemListElement\":[{\"@type\":\"ListItem\",\"position\":1,\"name\":\"\u0413\u043b\u0430\u0432\u043d\u0430\u044f \u0441\u0442\u0440\u0430\u043d\u0438\u0446\u0430\",\"item\":\"https:\/\/xstyle.md\/\"},{\"@type\":\"ListItem\",\"position\":2,\"name\":\"\u041c\u0430\u0433\u0430\u0437\u0438\u043d\",\"item\":\"https:\/\/xstyle.md\/shop\/\"},{\"@type\":\"ListItem\",\"position\":3,\"name\":\"\u041a\u0443\u043f\u0430\u043b\u044c\u043d\u044b\u0439 \u043a\u043e\u0441\u0442\u044e\u043c Aqualung DOMINIO\"}]},{\"@type\":\"WebSite\",\"@id\":\"https:\/\/xstyle.md\/#website\",\"url\":\"https:\/\/xstyle.md\/\",\"name\":\"\u041c\u0430\u0433\u0430\u0437\u0438\u043d Xstyle\",\"description\":\"C\u043d\u0430\u0440\u044f\u0436\u0435\u043d\u0438\u0435 \u0434\u043b\u044f \u0442\u0443\u0440\u0438\u0437\u043c\u0430 \u0438 \u044d\u043a\u0441\u0442\u0440\u0435\u043c\u0430\u043b\u044c\u043d\u044b\u0445 \u0432\u0438\u0434\u043e\u0432 \u0441\u043f\u043e\u0440\u0442\u0430 \u0432 \u041c\u043e\u043b\u0434\u043e\u0432\u0435.. \u0426\u0435\u043d\u044b, \u0444\u043e\u0442\u043e, \u0445\u0430\u0440\u0430\u043a\u0442\u0435\u0440\u0438\u0441\u0442\u0438\u043a\u0438 \u0432 \u041c\u043e\u043b\u0434\u043e\u0432\u0435.\",\"publisher\":{\"@id\":\"https:\/\/xstyle.md\/#organization\"},\"alternateName\":\"X-Style\",\"potentialAction\":[{\"@type\":\"SearchAction\",\"target\":{\"@type\":\"EntryPoint\",\"urlTemplate\":\"https:\/\/xstyle.md\/?s={search_term_string}\"},\"query-input\":{\"@type\":\"PropertyValueSpecification\",\"valueRequired\":true,\"valueName\":\"search_term_string\"}}],\"inLanguage\":\"ro-RO\"},{\"@type\":\"Organization\",\"@id\":\"https:\/\/xstyle.md\/#organization\",\"name\":\"\u041c\u0430\u0433\u0430\u0437\u0438\u043d Xstyle\",\"alternateName\":\"x-style\",\"url\":\"https:\/\/xstyle.md\/\",\"logo\":{\"@type\":\"ImageObject\",\"inLanguage\":\"ro-RO\",\"@id\":\"https:\/\/xstyle.md\/#\/schema\/logo\/image\/\",\"url\":\"https:\/\/xstyle.md\/wp-content\/uploads\/2020\/06\/logoicon.svg\",\"contentUrl\":\"https:\/\/xstyle.md\/wp-content\/uploads\/2020\/06\/logoicon.svg\",\"caption\":\"\u041c\u0430\u0433\u0430\u0437\u0438\u043d Xstyle\"},\"image\":{\"@id\":\"https:\/\/xstyle.md\/#\/schema\/logo\/image\/\"},\"sameAs\":[\"https:\/\/www.facebook.com\/xstylemd\",\"https:\/\/www.instagram.com\/xstyle_md\/\",\"https:\/\/t.me\/xstyle_outdoor\"],\"hasMerchantReturnPolicy\":{\"@type\":\"MerchantReturnPolicy\",\"merchantReturnLink\":\"https:\/\/xstyle.md\/ro\/conditions\/\"}}]}<\/script>\n<meta property=\"product:price:amount\" content=\"790.00\" \/>\n<meta property=\"product:price:currency\" content=\"MDL\" \/>\n<meta property=\"og:availability\" content=\"instock\" \/>\n<meta property=\"product:availability\" content=\"instock\" \/>\n<meta property=\"product:retailer_item_id\" content=\"3661666530644\" \/>\n<meta property=\"product:condition\" content=\"new\" \/>\n<!-- \/ Yoast SEO plugin. -->","yoast_head_json":{"title":"Costum de baie Aqualung DOMINIO - Magazin Xstyle","description":"Costumul de baie Aqualung DOMINIO este creat pentru antrenamente intense. Dezvoltat cu participarea lui Michael Phelps, \u00eembin\u0103 tehnologii avansate cu stilul.","robots":{"index":"index","follow":"follow","max-snippet":"max-snippet:-1","max-image-preview":"max-image-preview:large","max-video-preview":"max-video-preview:-1"},"canonical":"https:\/\/xstyle.md\/ro\/produs\/kupal-nyj-kostjum-aqualung-dominio\/","og_locale":"ro_RO","og_type":"article","og_title":"\u041a\u0443\u043f\u0430\u043b\u044c\u043d\u044b\u0439 \u043a\u043e\u0441\u0442\u044e\u043c Aqualung DOMINIO - \u041c\u0430\u0433\u0430\u0437\u0438\u043d Xstyle","og_description":"\u041a\u0443\u043f\u0430\u043b\u044c\u043d\u044b\u0439 \u043a\u043e\u0441\u0442\u044e\u043c Aqualung DOMINIO \u0441\u043e\u0437\u0434\u0430\u043d \u0434\u043b\u044f \u0438\u043d\u0442\u0435\u043d\u0441\u0438\u0432\u043d\u044b\u0445 \u0442\u0440\u0435\u043d\u0438\u0440\u043e\u0432\u043e\u043a. \u0420\u0430\u0437\u0440\u0430\u0431\u043e\u0442\u0430\u043d \u0441 \u0443\u0447\u0430\u0441\u0442\u0438\u0435\u043c \u041c\u0430\u0439\u043a\u043b\u0430 \u0424\u0435\u043b\u043f\u0441\u0430, \u0441\u043e\u0447\u0435\u0442\u0430\u0435\u0442 \u043f\u0435\u0440\u0435\u0434\u043e\u0432\u044b\u0435 \u0442\u0435\u0445\u043d\u043e\u043b\u043e\u0433\u0438\u0438 \u0438 \u0441\u0442\u0438\u043b\u044c.","og_url":"https:\/\/xstyle.md\/ro\/produs\/kupal-nyj-kostjum-aqualung-dominio\/","og_site_name":"\u041c\u0430\u0433\u0430\u0437\u0438\u043d Xstyle","article_publisher":"https:\/\/www.facebook.com\/xstylemd","article_modified_time":"2024-10-21T05:51:22+00:00","og_image":[{"width":1920,"height":1920,"url":"https:\/\/xstyle.md\/wp-content\/uploads\/2020\/07\/dominio_women_black-blue_2015_sw1490140_02.jpg","type":"image\/jpeg"}],"twitter_card":"summary_large_image","twitter_misc":{"Pre\u021b":"790&nbsp;MDL","Disponibilitate":"\u00cen stoc"},"schema":{"@context":"https:\/\/schema.org","@graph":[{"@type":"WebPage","@id":"https:\/\/xstyle.md\/product\/kupal-nyj-kostjum-aqualung-dominio\/","url":"https:\/\/xstyle.md\/product\/kupal-nyj-kostjum-aqualung-dominio\/","name":"Costum de baie Aqualung DOMINIO - Magazin Xstyle","isPartOf":{"@id":"https:\/\/xstyle.md\/#website"},"primaryImageOfPage":{"@id":"https:\/\/xstyle.md\/product\/kupal-nyj-kostjum-aqualung-dominio\/#primaryimage"},"image":{"@id":"https:\/\/xstyle.md\/product\/kupal-nyj-kostjum-aqualung-dominio\/#primaryimage"},"thumbnailUrl":"https:\/\/xstyle.md\/wp-content\/uploads\/2020\/07\/dominio_women_black-blue_2015_sw1490140_02.jpg","datePublished":"2020-07-16T19:33:55+00:00","dateModified":"2024-10-21T05:51:22+00:00","description":"Costumul de baie Aqualung DOMINIO este creat pentru antrenamente intense. Dezvoltat cu participarea lui Michael Phelps, \u00eembin\u0103 tehnologii avansate cu stilul.","breadcrumb":{"@id":"https:\/\/xstyle.md\/product\/kupal-nyj-kostjum-aqualung-dominio\/#breadcrumb"},"inLanguage":"ro-RO","potentialAction":[{"@type":"ReadAction","target":["https:\/\/xstyle.md\/product\/kupal-nyj-kostjum-aqualung-dominio\/"]}]},{"@type":"ImageObject","inLanguage":"ro-RO","@id":"https:\/\/xstyle.md\/product\/kupal-nyj-kostjum-aqualung-dominio\/#primaryimage","url":"https:\/\/xstyle.md\/wp-content\/uploads\/2020\/07\/dominio_women_black-blue_2015_sw1490140_02.jpg","contentUrl":"https:\/\/xstyle.md\/wp-content\/uploads\/2020\/07\/dominio_women_black-blue_2015_sw1490140_02.jpg","width":1920,"height":1920},{"@type":"BreadcrumbList","@id":"https:\/\/xstyle.md\/product\/kupal-nyj-kostjum-aqualung-dominio\/#breadcrumb","itemListElement":[{"@type":"ListItem","position":1,"name":"\u0413\u043b\u0430\u0432\u043d\u0430\u044f \u0441\u0442\u0440\u0430\u043d\u0438\u0446\u0430","item":"https:\/\/xstyle.md\/"},{"@type":"ListItem","position":2,"name":"\u041c\u0430\u0433\u0430\u0437\u0438\u043d","item":"https:\/\/xstyle.md\/shop\/"},{"@type":"ListItem","position":3,"name":"\u041a\u0443\u043f\u0430\u043b\u044c\u043d\u044b\u0439 \u043a\u043e\u0441\u0442\u044e\u043c Aqualung DOMINIO"}]},{"@type":"WebSite","@id":"https:\/\/xstyle.md\/#website","url":"https:\/\/xstyle.md\/","name":"Magazinul X-Style","description":"Echipamente pentru turism \u0219i sporturi extreme \u00een Moldova. Pre\u021buri, fotografii, caracteristici \u00een Moldova.","publisher":{"@id":"https:\/\/xstyle.md\/#organization"},"alternateName":"X-Style","potentialAction":[{"@type":"SearchAction","target":{"@type":"EntryPoint","urlTemplate":"https:\/\/xstyle.md\/?s={search_term_string}"},"query-input":{"@type":"PropertyValueSpecification","valueRequired":true,"valueName":"search_term_string"}}],"inLanguage":"ro-RO"},{"@type":"Organization","@id":"https:\/\/xstyle.md\/#organization","name":"Magazinul X-Style","alternateName":"x-style","url":"https:\/\/xstyle.md\/","logo":{"@type":"ImageObject","inLanguage":"ro-RO","@id":"https:\/\/xstyle.md\/#\/schema\/logo\/image\/","url":"https:\/\/xstyle.md\/wp-content\/uploads\/2020\/06\/logoicon.svg","contentUrl":"https:\/\/xstyle.md\/wp-content\/uploads\/2020\/06\/logoicon.svg","caption":"\u041c\u0430\u0433\u0430\u0437\u0438\u043d Xstyle"},"image":{"@id":"https:\/\/xstyle.md\/#\/schema\/logo\/image\/"},"sameAs":["https:\/\/www.facebook.com\/xstylemd","https:\/\/www.instagram.com\/xstyle_md\/","https:\/\/t.me\/xstyle_outdoor"],"hasMerchantReturnPolicy":{"@type":"MerchantReturnPolicy","merchantReturnLink":"https:\/\/xstyle.md\/ro\/conditions\/"}}]},"product_price_amount":"790.00","product_price_currency":"MDL","og_availability":"instock","product_availability":"instock","product_retailer_item_id":"3661666530644","product_condition":"new"},"post_mailing_queue_ids":[],"_links":{"self":[{"href":"https:\/\/xstyle.md\/ro\/wp-json\/wp\/v2\/product\/7294","targetHints":{"allow":["GET"]}}],"collection":[{"href":"https:\/\/xstyle.md\/ro\/wp-json\/wp\/v2\/product"}],"about":[{"href":"https:\/\/xstyle.md\/ro\/wp-json\/wp\/v2\/types\/product"}],"replies":[{"embeddable":true,"href":"https:\/\/xstyle.md\/ro\/wp-json\/wp\/v2\/comments?post=7294"}],"wp:featuredmedia":[{"embeddable":true,"href":"https:\/\/xstyle.md\/ro\/wp-json\/wp\/v2\/media\/7293"}],"wp:attachment":[{"href":"https:\/\/xstyle.md\/ro\/wp-json\/wp\/v2\/media?parent=7294"}],"wp:term":[{"taxonomy":"product_brand","embeddable":true,"href":"https:\/\/xstyle.md\/ro\/wp-json\/wp\/v2\/product_brand?post=7294"},{"taxonomy":"product_cat","embeddable":true,"href":"https:\/\/xstyle.md\/ro\/wp-json\/wp\/v2\/product_cat?post=7294"},{"taxonomy":"product_tag","embeddable":true,"href":"https:\/\/xstyle.md\/ro\/wp-json\/wp\/v2\/product_tag?post=7294"}],"curies":[{"name":"wp","href":"https:\/\/api.w.org\/{rel}","templated":true}]}}