{"id":72625,"date":"2023-08-07T16:11:13","date_gmt":"2023-08-07T13:11:13","guid":{"rendered":"https:\/\/xstyle.md\/?post_type=product&#038;p=72625"},"modified":"2024-10-03T01:22:19","modified_gmt":"2024-10-02T22:22:19","slug":"velosumka-thule-shield-pannier-25l-blue","status":"publish","type":"product","link":"https:\/\/xstyle.md\/ro\/produs\/velosumka-thule-shield-pannier-25l-blue\/","title":{"rendered":"Geant\u0103 pentru biciclet\u0103 Thule Shield Pannier 25L blue"},"content":{"rendered":"<\/p>\n<p><strong>Thule Shield Pannier 25L blue<\/strong> &#8212; gen\u021bi\u00a0de biciclet\u0103 impermeabili mai mari din acest set sunt prev\u0103zu\u021bi cu un sistem de fixare convenabil, ceea ce \u00eei face ideali pentru toate c\u0103l\u0103toriile.<\/p>\n<h3>Particularit\u0103\u021bi<\/h3>\n<ul>\n<li>Setul include dou\u0103 gen\u021bi de 25 de litri pentru biciclete<\/li>\n<li>Rezisten\u021ba ridicat\u0103 la ap\u0103 IPX4 asigur\u0103 c\u0103 bunurile dvs. sunt \u00een siguran\u021b\u0103 \u00een caz de ploaie puternic\u0103 sau de v\u0103rsare accidental\u0103 de lichide<\/li>\n<li>Se ata\u0219eaz\u0103 \u00een siguran\u021b\u0103 la rafturile cu \u00een\u0103l\u021bimea de 8-16 mm \u0219i pot fi \u00eendep\u0103rtate cu u\u0219urin\u021b\u0103 f\u0103r\u0103 a fi nevoie de adaptoare<\/li>\n<li>Trei buzunare interne pentru depozitarea ordonat\u0103 \u0219i sigur\u0103 a documentelor \u0219i a accesoriilor mici<\/li>\n<li>Cureaua de um\u0103r deta\u0219abil\u0103 v\u0103 permite s\u0103 folosi\u021bi geanta pentru mai mult dec\u00e2t pentru ciclism.<\/li>\n<li>Buclele speciale pentru ata\u0219area unei lanterne v\u0103 ajut\u0103 s\u0103 r\u0103m\u00e2ne\u021bi vizibil pe drum \u0219i s\u0103 cre\u0219te\u021bi siguran\u021ba.<\/li>\n<li>Panourile reflectorizante v\u0103 ajut\u0103 s\u0103 fi\u021bi v\u0103zut de la distan\u021b\u0103.<\/li>\n<\/ul>\n<h3>Caracteristici<\/h3>\n<ul>\n<li>Greutate &#8212; 1,52 kg<\/li>\n<li>Volum &#8212; 25 litri<\/li>\n<li>Dimensiuni &#8212; 35 x 19 x 40 (H x L x P) cm<\/li>\n<li>Rezistent la ap\u0103 &#8212; IPX4.<\/li>\n<\/ul>\n<h3>Marca<\/h3>\n<p>THULE este o companie interna\u021bional\u0103 de top, recunoscut\u0103 la nivel mondial ca produc\u0103tor de top de sisteme de bagaje \u0219i cutii auto. THULE fabric\u0103 produse premium, renumite pentru calitatea lor de neegalat, siguran\u021b\u0103, u\u0219urin\u021b\u0103 \u00een utilizare \u0219i design elegant. Produsele THULE sunt potrivite pentru persoanele care prefer\u0103 activit\u0103\u021bile \u00een aer liber, sunt pasionate de sport, c\u0103l\u0103toresc mult \u0219i apreciaz\u0103 solu\u021biile bine g\u00e2ndite.<\/p>\n<p><\/p>","protected":false},"excerpt":{"rendered":"","protected":false},"featured_media":72678,"comment_status":"open","ping_status":"closed","template":"","meta":{"_acf_changed":false,"inline_featured_image":false},"product_brand":[1269],"product_cat":[845],"product_tag":[],"class_list":{"0":"post-72625","1":"product","2":"type-product","3":"status-publish","4":"has-post-thumbnail","6":"product_brand-thule","7":"product_cat-backpacks-velo","9":"first","10":"outofstock","11":"shipping-taxable","12":"product-type-simple"},"acf":[],"yoast_head":"<!-- This site is optimized with the Yoast SEO plugin v27.2 - https:\/\/yoast.com\/product\/yoast-seo-wordpress\/ -->\n<title>\u0412\u0435\u043b\u043e\u0441\u0443\u043c\u043a\u0430 Thule Shield Pannier 25L blue - \u041c\u0430\u0433\u0430\u0437\u0438\u043d Xstyle<\/title>\n<meta name=\"description\" content=\"\u041a\u0443\u043f\u0438\u0442\u044c \u0432\u0435\u043b\u043e\u0441\u0443\u043c\u043a\u0443 Thule Shield Pannier 25L \u0441\u0438\u043d\u044e\u044e \u0441 \u0432\u043e\u0434\u043e\u043d\u0435\u043f\u0440\u043e\u043d\u0438\u0446\u0430\u0435\u043c\u043e\u0441\u0442\u044c\u044e IPX4. \u0418\u0434\u0435\u0430\u043b\u044c\u043d\u043e \u043f\u043e\u0434\u0445\u043e\u0434\u0438\u0442 \u0434\u043b\u044f \u043f\u043e\u0435\u0437\u0434\u043e\u043a \u043d\u0430 \u0432\u0435\u043b\u043e\u0441\u0438\u043f\u0435\u0434\u0435. \u0414\u0432\u0430 \u0443\u0434\u043e\u0431\u043d\u044b\u0445 \u0440\u044e\u043a\u0437\u0430\u043a\u0430!\" \/>\n<meta name=\"robots\" content=\"index, follow, max-snippet:-1, max-image-preview:large, max-video-preview:-1\" \/>\n<link rel=\"canonical\" href=\"https:\/\/xstyle.md\/ro\/produs\/velosumka-thule-shield-pannier-25l-blue\/\" \/>\n<meta property=\"og:locale\" content=\"ro_RO\" \/>\n<meta property=\"og:type\" content=\"article\" \/>\n<meta property=\"og:title\" content=\"\u0412\u0435\u043b\u043e\u0441\u0443\u043c\u043a\u0430 Thule Shield Pannier 25L blue - \u041c\u0430\u0433\u0430\u0437\u0438\u043d Xstyle\" \/>\n<meta property=\"og:description\" content=\"\u041a\u0443\u043f\u0438\u0442\u044c \u0432\u0435\u043b\u043e\u0441\u0443\u043c\u043a\u0443 Thule Shield Pannier 25L \u0441\u0438\u043d\u044e\u044e \u0441 \u0432\u043e\u0434\u043e\u043d\u0435\u043f\u0440\u043e\u043d\u0438\u0446\u0430\u0435\u043c\u043e\u0441\u0442\u044c\u044e IPX4. \u0418\u0434\u0435\u0430\u043b\u044c\u043d\u043e \u043f\u043e\u0434\u0445\u043e\u0434\u0438\u0442 \u0434\u043b\u044f \u043f\u043e\u0435\u0437\u0434\u043e\u043a \u043d\u0430 \u0432\u0435\u043b\u043e\u0441\u0438\u043f\u0435\u0434\u0435. \u0414\u0432\u0430 \u0443\u0434\u043e\u0431\u043d\u044b\u0445 \u0440\u044e\u043a\u0437\u0430\u043a\u0430!\" \/>\n<meta property=\"og:url\" content=\"https:\/\/xstyle.md\/ro\/produs\/velosumka-thule-shield-pannier-25l-blue\/\" \/>\n<meta property=\"og:site_name\" content=\"\u041c\u0430\u0433\u0430\u0437\u0438\u043d Xstyle\" \/>\n<meta property=\"article:publisher\" content=\"https:\/\/www.facebook.com\/xstylemd\" \/>\n<meta property=\"article:modified_time\" content=\"2024-10-02T22:22:19+00:00\" \/>\n<meta property=\"og:image\" content=\"https:\/\/xstyle.md\/wp-content\/uploads\/2023\/08\/thule-sield-pannier-25l-blue.jpg\" \/>\n\t<meta property=\"og:image:width\" content=\"1423\" \/>\n\t<meta property=\"og:image:height\" content=\"1387\" \/>\n\t<meta property=\"og:image:type\" content=\"image\/jpeg\" \/>\n<meta name=\"twitter:card\" content=\"summary_large_image\" \/>\n<meta name=\"twitter:label1\" content=\"Pre\u021b\" \/>\n\t<meta name=\"twitter:data1\" content=\"2.690&nbsp;MDL\" \/>\n\t<meta name=\"twitter:label2\" content=\"Disponibilitate\" \/>\n\t<meta name=\"twitter:data2\" content=\"Stoc epuizat\" \/>\n<script type=\"application\/ld+json\" class=\"yoast-schema-graph\">{\"@context\":\"https:\/\/schema.org\",\"@graph\":[{\"@type\":\"WebPage\",\"@id\":\"https:\/\/xstyle.md\/product\/velosumka-thule-shield-pannier-25l-blue\/\",\"url\":\"https:\/\/xstyle.md\/product\/velosumka-thule-shield-pannier-25l-blue\/\",\"name\":\"\u0412\u0435\u043b\u043e\u0441\u0443\u043c\u043a\u0430 Thule Shield Pannier 25L blue - \u041c\u0430\u0433\u0430\u0437\u0438\u043d Xstyle\",\"isPartOf\":{\"@id\":\"https:\/\/xstyle.md\/#website\"},\"primaryImageOfPage\":{\"@id\":\"https:\/\/xstyle.md\/product\/velosumka-thule-shield-pannier-25l-blue\/#primaryimage\"},\"image\":{\"@id\":\"https:\/\/xstyle.md\/product\/velosumka-thule-shield-pannier-25l-blue\/#primaryimage\"},\"thumbnailUrl\":\"https:\/\/xstyle.md\/wp-content\/uploads\/2023\/08\/thule-sield-pannier-25l-blue.jpg\",\"datePublished\":\"2023-08-07T13:11:13+00:00\",\"dateModified\":\"2024-10-02T22:22:19+00:00\",\"description\":\"\u041a\u0443\u043f\u0438\u0442\u044c \u0432\u0435\u043b\u043e\u0441\u0443\u043c\u043a\u0443 Thule Shield Pannier 25L \u0441\u0438\u043d\u044e\u044e \u0441 \u0432\u043e\u0434\u043e\u043d\u0435\u043f\u0440\u043e\u043d\u0438\u0446\u0430\u0435\u043c\u043e\u0441\u0442\u044c\u044e IPX4. \u0418\u0434\u0435\u0430\u043b\u044c\u043d\u043e \u043f\u043e\u0434\u0445\u043e\u0434\u0438\u0442 \u0434\u043b\u044f \u043f\u043e\u0435\u0437\u0434\u043e\u043a \u043d\u0430 \u0432\u0435\u043b\u043e\u0441\u0438\u043f\u0435\u0434\u0435. \u0414\u0432\u0430 \u0443\u0434\u043e\u0431\u043d\u044b\u0445 \u0440\u044e\u043a\u0437\u0430\u043a\u0430!\",\"breadcrumb\":{\"@id\":\"https:\/\/xstyle.md\/product\/velosumka-thule-shield-pannier-25l-blue\/#breadcrumb\"},\"inLanguage\":\"ro-RO\",\"potentialAction\":[{\"@type\":\"ReadAction\",\"target\":[\"https:\/\/xstyle.md\/product\/velosumka-thule-shield-pannier-25l-blue\/\"]}]},{\"@type\":\"ImageObject\",\"inLanguage\":\"ro-RO\",\"@id\":\"https:\/\/xstyle.md\/product\/velosumka-thule-shield-pannier-25l-blue\/#primaryimage\",\"url\":\"https:\/\/xstyle.md\/wp-content\/uploads\/2023\/08\/thule-sield-pannier-25l-blue.jpg\",\"contentUrl\":\"https:\/\/xstyle.md\/wp-content\/uploads\/2023\/08\/thule-sield-pannier-25l-blue.jpg\",\"width\":1423,\"height\":1387,\"caption\":\"\u0410\u043a\u0442\u0438\u0432\u043d\u044b\u0435 \u0442\u043e\u0432\u0430\u0440\u044b \u0434\u043b\u044f \u043e\u043d\u043b\u0430\u0439\u043d \u043c\u0430\u0433\u0430\u0437\u0438\u043d\u0430: \u0432\u0435\u043b\u043e\u0441\u0438\u043f\u0435\u0434\u043d\u0430\u044f \u0441\u0443\u043c\u043a\u0430 Thule Shield Pannier 25L \u0441\u0438\u043d\u044f\u044f \u0434\u043b\u044f \u043f\u043e\u0445\u043e\u0434\u043e\u0432 \u0430\u043b\u044c\u043f\u0438\u043d\u0438\u0437\u043c\u0430 \u0438 \u043f\u0443\u0442\u0435\u0448\u0435\u0441\u0442\u0432\u0438\u0439\"},{\"@type\":\"BreadcrumbList\",\"@id\":\"https:\/\/xstyle.md\/product\/velosumka-thule-shield-pannier-25l-blue\/#breadcrumb\",\"itemListElement\":[{\"@type\":\"ListItem\",\"position\":1,\"name\":\"\u0413\u043b\u0430\u0432\u043d\u0430\u044f \u0441\u0442\u0440\u0430\u043d\u0438\u0446\u0430\",\"item\":\"https:\/\/xstyle.md\/\"},{\"@type\":\"ListItem\",\"position\":2,\"name\":\"\u041c\u0430\u0433\u0430\u0437\u0438\u043d\",\"item\":\"https:\/\/xstyle.md\/shop\/\"},{\"@type\":\"ListItem\",\"position\":3,\"name\":\"\u0412\u0435\u043b\u043e\u0441\u0443\u043c\u043a\u0430 Thule Shield Pannier 25L blue\"}]},{\"@type\":\"WebSite\",\"@id\":\"https:\/\/xstyle.md\/#website\",\"url\":\"https:\/\/xstyle.md\/\",\"name\":\"\u041c\u0430\u0433\u0430\u0437\u0438\u043d Xstyle\",\"description\":\"C\u043d\u0430\u0440\u044f\u0436\u0435\u043d\u0438\u0435 \u0434\u043b\u044f \u0442\u0443\u0440\u0438\u0437\u043c\u0430 \u0438 \u044d\u043a\u0441\u0442\u0440\u0435\u043c\u0430\u043b\u044c\u043d\u044b\u0445 \u0432\u0438\u0434\u043e\u0432 \u0441\u043f\u043e\u0440\u0442\u0430 \u0432 \u041c\u043e\u043b\u0434\u043e\u0432\u0435.. \u0426\u0435\u043d\u044b, \u0444\u043e\u0442\u043e, \u0445\u0430\u0440\u0430\u043a\u0442\u0435\u0440\u0438\u0441\u0442\u0438\u043a\u0438 \u0432 \u041c\u043e\u043b\u0434\u043e\u0432\u0435.\",\"publisher\":{\"@id\":\"https:\/\/xstyle.md\/#organization\"},\"alternateName\":\"X-Style\",\"potentialAction\":[{\"@type\":\"SearchAction\",\"target\":{\"@type\":\"EntryPoint\",\"urlTemplate\":\"https:\/\/xstyle.md\/?s={search_term_string}\"},\"query-input\":{\"@type\":\"PropertyValueSpecification\",\"valueRequired\":true,\"valueName\":\"search_term_string\"}}],\"inLanguage\":\"ro-RO\"},{\"@type\":\"Organization\",\"@id\":\"https:\/\/xstyle.md\/#organization\",\"name\":\"\u041c\u0430\u0433\u0430\u0437\u0438\u043d Xstyle\",\"alternateName\":\"x-style\",\"url\":\"https:\/\/xstyle.md\/\",\"logo\":{\"@type\":\"ImageObject\",\"inLanguage\":\"ro-RO\",\"@id\":\"https:\/\/xstyle.md\/#\/schema\/logo\/image\/\",\"url\":\"https:\/\/xstyle.md\/wp-content\/uploads\/2020\/06\/logoicon.svg\",\"contentUrl\":\"https:\/\/xstyle.md\/wp-content\/uploads\/2020\/06\/logoicon.svg\",\"caption\":\"\u041c\u0430\u0433\u0430\u0437\u0438\u043d Xstyle\"},\"image\":{\"@id\":\"https:\/\/xstyle.md\/#\/schema\/logo\/image\/\"},\"sameAs\":[\"https:\/\/www.facebook.com\/xstylemd\",\"https:\/\/www.instagram.com\/xstyle_md\/\",\"https:\/\/t.me\/xstyle_outdoor\"],\"hasMerchantReturnPolicy\":{\"@type\":\"MerchantReturnPolicy\",\"merchantReturnLink\":\"https:\/\/xstyle.md\/ro\/conditions\/\"}}]}<\/script>\n<meta property=\"product:price:amount\" content=\"2690.00\" \/>\n<meta property=\"product:price:currency\" content=\"MDL\" \/>\n<meta property=\"og:availability\" content=\"out of stock\" \/>\n<meta property=\"product:availability\" content=\"out of stock\" \/>\n<meta property=\"product:retailer_item_id\" content=\"85854246927\" \/>\n<meta property=\"product:condition\" content=\"new\" \/>\n<!-- \/ Yoast SEO plugin. -->","yoast_head_json":{"title":"Geant\u0103 pentru biciclet\u0103 Thule Shield Pannier 25L blue - Magazin Xstyle","description":"Cump\u0103ra\u021bi geanta de biciclet\u0103 Thule Shield Pannier 25L albastr\u0103, cu impermeabilitate IPX4. Ideal\u0103 pentru plimb\u0103rile cu bicicleta. Dou\u0103 rucsaci convenabili!","robots":{"index":"index","follow":"follow","max-snippet":"max-snippet:-1","max-image-preview":"max-image-preview:large","max-video-preview":"max-video-preview:-1"},"canonical":"https:\/\/xstyle.md\/ro\/produs\/velosumka-thule-shield-pannier-25l-blue\/","og_locale":"ro_RO","og_type":"article","og_title":"\u0412\u0435\u043b\u043e\u0441\u0443\u043c\u043a\u0430 Thule Shield Pannier 25L blue - \u041c\u0430\u0433\u0430\u0437\u0438\u043d Xstyle","og_description":"\u041a\u0443\u043f\u0438\u0442\u044c \u0432\u0435\u043b\u043e\u0441\u0443\u043c\u043a\u0443 Thule Shield Pannier 25L \u0441\u0438\u043d\u044e\u044e \u0441 \u0432\u043e\u0434\u043e\u043d\u0435\u043f\u0440\u043e\u043d\u0438\u0446\u0430\u0435\u043c\u043e\u0441\u0442\u044c\u044e IPX4. \u0418\u0434\u0435\u0430\u043b\u044c\u043d\u043e \u043f\u043e\u0434\u0445\u043e\u0434\u0438\u0442 \u0434\u043b\u044f \u043f\u043e\u0435\u0437\u0434\u043e\u043a \u043d\u0430 \u0432\u0435\u043b\u043e\u0441\u0438\u043f\u0435\u0434\u0435. \u0414\u0432\u0430 \u0443\u0434\u043e\u0431\u043d\u044b\u0445 \u0440\u044e\u043a\u0437\u0430\u043a\u0430!","og_url":"https:\/\/xstyle.md\/ro\/produs\/velosumka-thule-shield-pannier-25l-blue\/","og_site_name":"\u041c\u0430\u0433\u0430\u0437\u0438\u043d Xstyle","article_publisher":"https:\/\/www.facebook.com\/xstylemd","article_modified_time":"2024-10-02T22:22:19+00:00","og_image":[{"width":1423,"height":1387,"url":"https:\/\/xstyle.md\/wp-content\/uploads\/2023\/08\/thule-sield-pannier-25l-blue.jpg","type":"image\/jpeg"}],"twitter_card":"summary_large_image","twitter_misc":{"Pre\u021b":"2.690&nbsp;MDL","Disponibilitate":"Stoc epuizat"},"schema":{"@context":"https:\/\/schema.org","@graph":[{"@type":"WebPage","@id":"https:\/\/xstyle.md\/product\/velosumka-thule-shield-pannier-25l-blue\/","url":"https:\/\/xstyle.md\/product\/velosumka-thule-shield-pannier-25l-blue\/","name":"Geant\u0103 pentru biciclet\u0103 Thule Shield Pannier 25L blue - Magazin Xstyle","isPartOf":{"@id":"https:\/\/xstyle.md\/#website"},"primaryImageOfPage":{"@id":"https:\/\/xstyle.md\/product\/velosumka-thule-shield-pannier-25l-blue\/#primaryimage"},"image":{"@id":"https:\/\/xstyle.md\/product\/velosumka-thule-shield-pannier-25l-blue\/#primaryimage"},"thumbnailUrl":"https:\/\/xstyle.md\/wp-content\/uploads\/2023\/08\/thule-sield-pannier-25l-blue.jpg","datePublished":"2023-08-07T13:11:13+00:00","dateModified":"2024-10-02T22:22:19+00:00","description":"Cump\u0103ra\u021bi geanta de biciclet\u0103 Thule Shield Pannier 25L albastr\u0103, cu impermeabilitate IPX4. Ideal\u0103 pentru plimb\u0103rile cu bicicleta. Dou\u0103 rucsaci convenabili!","breadcrumb":{"@id":"https:\/\/xstyle.md\/product\/velosumka-thule-shield-pannier-25l-blue\/#breadcrumb"},"inLanguage":"ro-RO","potentialAction":[{"@type":"ReadAction","target":["https:\/\/xstyle.md\/product\/velosumka-thule-shield-pannier-25l-blue\/"]}]},{"@type":"ImageObject","inLanguage":"ro-RO","@id":"https:\/\/xstyle.md\/product\/velosumka-thule-shield-pannier-25l-blue\/#primaryimage","url":"https:\/\/xstyle.md\/wp-content\/uploads\/2023\/08\/thule-sield-pannier-25l-blue.jpg","contentUrl":"https:\/\/xstyle.md\/wp-content\/uploads\/2023\/08\/thule-sield-pannier-25l-blue.jpg","width":1423,"height":1387,"caption":"\u0410\u043a\u0442\u0438\u0432\u043d\u044b\u0435 \u0442\u043e\u0432\u0430\u0440\u044b \u0434\u043b\u044f \u043e\u043d\u043b\u0430\u0439\u043d \u043c\u0430\u0433\u0430\u0437\u0438\u043d\u0430: \u0432\u0435\u043b\u043e\u0441\u0438\u043f\u0435\u0434\u043d\u0430\u044f \u0441\u0443\u043c\u043a\u0430 Thule Shield Pannier 25L \u0441\u0438\u043d\u044f\u044f \u0434\u043b\u044f \u043f\u043e\u0445\u043e\u0434\u043e\u0432 \u0430\u043b\u044c\u043f\u0438\u043d\u0438\u0437\u043c\u0430 \u0438 \u043f\u0443\u0442\u0435\u0448\u0435\u0441\u0442\u0432\u0438\u0439"},{"@type":"BreadcrumbList","@id":"https:\/\/xstyle.md\/product\/velosumka-thule-shield-pannier-25l-blue\/#breadcrumb","itemListElement":[{"@type":"ListItem","position":1,"name":"\u0413\u043b\u0430\u0432\u043d\u0430\u044f \u0441\u0442\u0440\u0430\u043d\u0438\u0446\u0430","item":"https:\/\/xstyle.md\/"},{"@type":"ListItem","position":2,"name":"\u041c\u0430\u0433\u0430\u0437\u0438\u043d","item":"https:\/\/xstyle.md\/shop\/"},{"@type":"ListItem","position":3,"name":"\u0412\u0435\u043b\u043e\u0441\u0443\u043c\u043a\u0430 Thule Shield Pannier 25L blue"}]},{"@type":"WebSite","@id":"https:\/\/xstyle.md\/#website","url":"https:\/\/xstyle.md\/","name":"Magazinul X-Style","description":"Echipamente pentru turism \u0219i sporturi extreme \u00een Moldova. Pre\u021buri, fotografii, caracteristici \u00een Moldova.","publisher":{"@id":"https:\/\/xstyle.md\/#organization"},"alternateName":"X-Style","potentialAction":[{"@type":"SearchAction","target":{"@type":"EntryPoint","urlTemplate":"https:\/\/xstyle.md\/?s={search_term_string}"},"query-input":{"@type":"PropertyValueSpecification","valueRequired":true,"valueName":"search_term_string"}}],"inLanguage":"ro-RO"},{"@type":"Organization","@id":"https:\/\/xstyle.md\/#organization","name":"Magazinul X-Style","alternateName":"x-style","url":"https:\/\/xstyle.md\/","logo":{"@type":"ImageObject","inLanguage":"ro-RO","@id":"https:\/\/xstyle.md\/#\/schema\/logo\/image\/","url":"https:\/\/xstyle.md\/wp-content\/uploads\/2020\/06\/logoicon.svg","contentUrl":"https:\/\/xstyle.md\/wp-content\/uploads\/2020\/06\/logoicon.svg","caption":"\u041c\u0430\u0433\u0430\u0437\u0438\u043d Xstyle"},"image":{"@id":"https:\/\/xstyle.md\/#\/schema\/logo\/image\/"},"sameAs":["https:\/\/www.facebook.com\/xstylemd","https:\/\/www.instagram.com\/xstyle_md\/","https:\/\/t.me\/xstyle_outdoor"],"hasMerchantReturnPolicy":{"@type":"MerchantReturnPolicy","merchantReturnLink":"https:\/\/xstyle.md\/ro\/conditions\/"}}]},"product_price_amount":"2690.00","product_price_currency":"MDL","og_availability":"out of stock","product_availability":"out of stock","product_retailer_item_id":"85854246927","product_condition":"new"},"post_mailing_queue_ids":[],"_links":{"self":[{"href":"https:\/\/xstyle.md\/ro\/wp-json\/wp\/v2\/product\/72625","targetHints":{"allow":["GET"]}}],"collection":[{"href":"https:\/\/xstyle.md\/ro\/wp-json\/wp\/v2\/product"}],"about":[{"href":"https:\/\/xstyle.md\/ro\/wp-json\/wp\/v2\/types\/product"}],"replies":[{"embeddable":true,"href":"https:\/\/xstyle.md\/ro\/wp-json\/wp\/v2\/comments?post=72625"}],"wp:featuredmedia":[{"embeddable":true,"href":"https:\/\/xstyle.md\/ro\/wp-json\/wp\/v2\/media\/72678"}],"wp:attachment":[{"href":"https:\/\/xstyle.md\/ro\/wp-json\/wp\/v2\/media?parent=72625"}],"wp:term":[{"taxonomy":"product_brand","embeddable":true,"href":"https:\/\/xstyle.md\/ro\/wp-json\/wp\/v2\/product_brand?post=72625"},{"taxonomy":"product_cat","embeddable":true,"href":"https:\/\/xstyle.md\/ro\/wp-json\/wp\/v2\/product_cat?post=72625"},{"taxonomy":"product_tag","embeddable":true,"href":"https:\/\/xstyle.md\/ro\/wp-json\/wp\/v2\/product_tag?post=72625"}],"curies":[{"name":"wp","href":"https:\/\/api.w.org\/{rel}","templated":true}]}}