{"id":72613,"date":"2023-08-07T16:10:59","date_gmt":"2023-08-07T13:10:59","guid":{"rendered":"https:\/\/xstyle.md\/?post_type=product&#038;p=72613"},"modified":"2025-10-24T12:57:02","modified_gmt":"2025-10-24T09:57:02","slug":"setka-dlya-ryby-omer-fish-holder-net-professional","status":"publish","type":"product","link":"https:\/\/xstyle.md\/ro\/produs\/setka-dlya-ryby-omer-fish-holder-net-professional\/","title":{"rendered":"Plas\u0103 de pescuit Omer Fish holder net Professional"},"content":{"rendered":"<\/p>\n<p><strong>Omer Fish holder net Professional<\/strong> &#8212; plas\u0103 la \u00eendem\u00e2n\u0103 pentru colectarea \u0219i depozitarea fructelor de mare. Conceput\u0103 pentru transportul pr\u0103zii de dimensiuni mici \u0219i medii. Foarte convenabil, dac\u0103 nu dori\u021bi s\u0103 v\u0103 deranja\u021bi cu kukan-ul. Av\u00e2nd o astfel de plas\u0103 la \u00eendem\u00e2n\u0103, pute\u021bi colecta \u0219i trofee similare, fie c\u0103 este vorba de delicatese marine, pe care nu trebuie s\u0103 trage\u021bi, cochilii frumoase sau descoperiri interesante. Echipat cu m\u00e2nere confortabile \u0219i fabricat din plas\u0103 de nailon puternic\u0103, care v\u0103 permite s\u0103 transporta\u021bi \u00een el chiar \u0219i prada care rezist\u0103 agresiv (de exemplu, crabi).<\/p>\n<h3>Marca<\/h3>\n<p>Omer este unul dintre cei mai mari produc\u0103tori mondiali de echipamente pentru pescuit subacvatic \u0219i freediving. Compania a fost \u00eenfiin\u021bat\u0103 \u00een anii 1970 \u00een Sovino (Italia, regiunea Lombardia). De-a lungul anilor de munc\u0103 fructuoas\u0103 a reu\u0219it s\u0103 ating\u0103 pozi\u021biile de lider \u00een Europa \u0219i s\u0103 c\u00e2\u0219tige reputa\u021bia unui produc\u0103tor de \u00eencredere \u00een \u00eentreaga lume. Gama Omer include sute de produse de calitate, inclusiv costume de neopren, pistoale subacvatice, harpoane \u0219i alte echipamente.<\/p>\n<p><\/p>","protected":false},"excerpt":{"rendered":"","protected":false},"featured_media":72945,"comment_status":"open","ping_status":"closed","template":"","meta":{"_acf_changed":false,"inline_featured_image":false},"product_brand":[1316],"product_cat":[358],"product_tag":[],"class_list":{"0":"post-72613","1":"product","2":"type-product","3":"status-publish","4":"has-post-thumbnail","6":"product_brand-omer","7":"product_cat-aqua-accessories-and-repair-kits","9":"first","10":"instock","11":"shipping-taxable","12":"purchasable","13":"product-type-simple"},"acf":[],"yoast_head":"<!-- This site is optimized with the Yoast SEO plugin v27.2 - https:\/\/yoast.com\/product\/yoast-seo-wordpress\/ -->\n<title>\u0421\u0435\u0442\u043a\u0430 \u0434\u043b\u044f \u0440\u044b\u0431\u044b Omer Fish holder net Professional - \u041c\u0430\u0433\u0430\u0437\u0438\u043d Xstyle<\/title>\n<meta name=\"description\" content=\"\u041a\u0443\u043f\u0438\u0442\u0435 \u043f\u0440\u043e\u0444\u0435\u0441\u0441\u0438\u043e\u043d\u0430\u043b\u044c\u043d\u0443\u044e \u0441\u0435\u0442\u043a\u0443 Omer \u0434\u043b\u044f \u0440\u044b\u0431\u044b \u2013 \u0438\u0434\u0435\u0430\u043b\u044c\u043d\u0430\u044f \u0434\u043b\u044f \u0441\u0431\u043e\u0440\u0430 \u0438 \u0445\u0440\u0430\u043d\u0435\u043d\u0438\u044f \u043c\u043e\u0440\u0435\u043f\u0440\u043e\u0434\u0443\u043a\u0442\u043e\u0432! \u0423\u0434\u043e\u0431\u043d\u043e, \u043f\u0440\u0430\u043a\u0442\u0438\u0447\u043d\u043e \u0438 \u043d\u0435\u0441\u043b\u043e\u0436\u043d\u043e \u0432 \u0438\u0441\u043f\u043e\u043b\u044c\u0437\u043e\u0432\u0430\u043d\u0438\u0438.\" \/>\n<meta name=\"robots\" content=\"index, follow, max-snippet:-1, max-image-preview:large, max-video-preview:-1\" \/>\n<link rel=\"canonical\" href=\"https:\/\/xstyle.md\/ro\/produs\/setka-dlya-ryby-omer-fish-holder-net-professional\/\" \/>\n<meta property=\"og:locale\" content=\"ro_RO\" \/>\n<meta property=\"og:type\" content=\"article\" \/>\n<meta property=\"og:title\" content=\"\u0421\u0435\u0442\u043a\u0430 \u0434\u043b\u044f \u0440\u044b\u0431\u044b Omer Fish holder net Professional - \u041c\u0430\u0433\u0430\u0437\u0438\u043d Xstyle\" \/>\n<meta property=\"og:description\" content=\"\u041a\u0443\u043f\u0438\u0442\u0435 \u043f\u0440\u043e\u0444\u0435\u0441\u0441\u0438\u043e\u043d\u0430\u043b\u044c\u043d\u0443\u044e \u0441\u0435\u0442\u043a\u0443 Omer \u0434\u043b\u044f \u0440\u044b\u0431\u044b \u2013 \u0438\u0434\u0435\u0430\u043b\u044c\u043d\u0430\u044f \u0434\u043b\u044f \u0441\u0431\u043e\u0440\u0430 \u0438 \u0445\u0440\u0430\u043d\u0435\u043d\u0438\u044f \u043c\u043e\u0440\u0435\u043f\u0440\u043e\u0434\u0443\u043a\u0442\u043e\u0432! \u0423\u0434\u043e\u0431\u043d\u043e, \u043f\u0440\u0430\u043a\u0442\u0438\u0447\u043d\u043e \u0438 \u043d\u0435\u0441\u043b\u043e\u0436\u043d\u043e \u0432 \u0438\u0441\u043f\u043e\u043b\u044c\u0437\u043e\u0432\u0430\u043d\u0438\u0438.\" \/>\n<meta property=\"og:url\" content=\"https:\/\/xstyle.md\/ro\/produs\/setka-dlya-ryby-omer-fish-holder-net-professional\/\" \/>\n<meta property=\"og:site_name\" content=\"\u041c\u0430\u0433\u0430\u0437\u0438\u043d Xstyle\" \/>\n<meta property=\"article:publisher\" content=\"https:\/\/www.facebook.com\/xstylemd\" \/>\n<meta property=\"article:modified_time\" content=\"2025-10-24T09:57:02+00:00\" \/>\n<meta property=\"og:image\" content=\"https:\/\/xstyle.md\/wp-content\/uploads\/2023\/08\/omer-fish-holder-net-professional.jpg\" \/>\n\t<meta property=\"og:image:width\" content=\"1400\" \/>\n\t<meta property=\"og:image:height\" content=\"1400\" \/>\n\t<meta property=\"og:image:type\" content=\"image\/jpeg\" \/>\n<meta name=\"twitter:card\" content=\"summary_large_image\" \/>\n<meta name=\"twitter:label1\" content=\"Pre\u021b\" \/>\n\t<meta name=\"twitter:data1\" content=\"720&nbsp;MDL\" \/>\n\t<meta name=\"twitter:label2\" content=\"Disponibilitate\" \/>\n\t<meta name=\"twitter:data2\" content=\"\u00cen stoc\" \/>\n<script type=\"application\/ld+json\" class=\"yoast-schema-graph\">{\"@context\":\"https:\/\/schema.org\",\"@graph\":[{\"@type\":\"WebPage\",\"@id\":\"https:\/\/xstyle.md\/product\/setka-dlya-ryby-omer-fish-holder-net-professional\/\",\"url\":\"https:\/\/xstyle.md\/product\/setka-dlya-ryby-omer-fish-holder-net-professional\/\",\"name\":\"\u0421\u0435\u0442\u043a\u0430 \u0434\u043b\u044f \u0440\u044b\u0431\u044b Omer Fish holder net Professional - \u041c\u0430\u0433\u0430\u0437\u0438\u043d Xstyle\",\"isPartOf\":{\"@id\":\"https:\/\/xstyle.md\/#website\"},\"primaryImageOfPage\":{\"@id\":\"https:\/\/xstyle.md\/product\/setka-dlya-ryby-omer-fish-holder-net-professional\/#primaryimage\"},\"image\":{\"@id\":\"https:\/\/xstyle.md\/product\/setka-dlya-ryby-omer-fish-holder-net-professional\/#primaryimage\"},\"thumbnailUrl\":\"https:\/\/xstyle.md\/wp-content\/uploads\/2023\/08\/omer-fish-holder-net-professional.jpg\",\"datePublished\":\"2023-08-07T13:10:59+00:00\",\"dateModified\":\"2025-10-24T09:57:02+00:00\",\"description\":\"\u041a\u0443\u043f\u0438\u0442\u0435 \u043f\u0440\u043e\u0444\u0435\u0441\u0441\u0438\u043e\u043d\u0430\u043b\u044c\u043d\u0443\u044e \u0441\u0435\u0442\u043a\u0443 Omer \u0434\u043b\u044f \u0440\u044b\u0431\u044b \u2013 \u0438\u0434\u0435\u0430\u043b\u044c\u043d\u0430\u044f \u0434\u043b\u044f \u0441\u0431\u043e\u0440\u0430 \u0438 \u0445\u0440\u0430\u043d\u0435\u043d\u0438\u044f \u043c\u043e\u0440\u0435\u043f\u0440\u043e\u0434\u0443\u043a\u0442\u043e\u0432! \u0423\u0434\u043e\u0431\u043d\u043e, \u043f\u0440\u0430\u043a\u0442\u0438\u0447\u043d\u043e \u0438 \u043d\u0435\u0441\u043b\u043e\u0436\u043d\u043e \u0432 \u0438\u0441\u043f\u043e\u043b\u044c\u0437\u043e\u0432\u0430\u043d\u0438\u0438.\",\"breadcrumb\":{\"@id\":\"https:\/\/xstyle.md\/product\/setka-dlya-ryby-omer-fish-holder-net-professional\/#breadcrumb\"},\"inLanguage\":\"ro-RO\",\"potentialAction\":[{\"@type\":\"ReadAction\",\"target\":[\"https:\/\/xstyle.md\/product\/setka-dlya-ryby-omer-fish-holder-net-professional\/\"]}]},{\"@type\":\"ImageObject\",\"inLanguage\":\"ro-RO\",\"@id\":\"https:\/\/xstyle.md\/product\/setka-dlya-ryby-omer-fish-holder-net-professional\/#primaryimage\",\"url\":\"https:\/\/xstyle.md\/wp-content\/uploads\/2023\/08\/omer-fish-holder-net-professional.jpg\",\"contentUrl\":\"https:\/\/xstyle.md\/wp-content\/uploads\/2023\/08\/omer-fish-holder-net-professional.jpg\",\"width\":1400,\"height\":1400,\"caption\":\"\u0421\u0435\u0442\u043e\u0447\u043a\u0430 \u0434\u043b\u044f \u0440\u044b\u0431\u044b Omer Fish holder net \u043f\u0440\u043e\u0444\u0435\u0441\u0441\u0438\u043e\u043d\u0430\u043b\u044c\u043d\u044b\u0439 \u0434\u043b\u044f \u0430\u043a\u0442\u0438\u0432\u043d\u043e\u0433\u043e \u043e\u0442\u0434\u044b\u0445\u0430 \u043d\u0430 \u043f\u0440\u0438\u0440\u043e\u0434\u0435, \u0440\u044b\u0431\u0430\u043b\u043a\u0438, \u043f\u043e\u0445\u043e\u0434\u043e\u0432, \u043f\u0443\u0442\u0435\u0448\u0435\u0441\u0442\u0432\u0438\u0439, \u043e\u0431\u0443\u0432\u0438 \u0438 \u043e\u0434\u0435\u0436\u0434\u044b \u0434\u043b\u044f \u0430\u043b\u044c\u043f\u0438\u043d\u0438\u0437\u043c\u0430 \u0438 \u0442\u0443\u0440\u0438\u0437\u043c\u0430\"},{\"@type\":\"BreadcrumbList\",\"@id\":\"https:\/\/xstyle.md\/product\/setka-dlya-ryby-omer-fish-holder-net-professional\/#breadcrumb\",\"itemListElement\":[{\"@type\":\"ListItem\",\"position\":1,\"name\":\"\u0413\u043b\u0430\u0432\u043d\u0430\u044f \u0441\u0442\u0440\u0430\u043d\u0438\u0446\u0430\",\"item\":\"https:\/\/xstyle.md\/\"},{\"@type\":\"ListItem\",\"position\":2,\"name\":\"\u041c\u0430\u0433\u0430\u0437\u0438\u043d\",\"item\":\"https:\/\/xstyle.md\/shop\/\"},{\"@type\":\"ListItem\",\"position\":3,\"name\":\"\u0421\u0435\u0442\u043a\u0430 \u0434\u043b\u044f \u0440\u044b\u0431\u044b Omer Fish holder net Professional\"}]},{\"@type\":\"WebSite\",\"@id\":\"https:\/\/xstyle.md\/#website\",\"url\":\"https:\/\/xstyle.md\/\",\"name\":\"\u041c\u0430\u0433\u0430\u0437\u0438\u043d Xstyle\",\"description\":\"C\u043d\u0430\u0440\u044f\u0436\u0435\u043d\u0438\u0435 \u0434\u043b\u044f \u0442\u0443\u0440\u0438\u0437\u043c\u0430 \u0438 \u044d\u043a\u0441\u0442\u0440\u0435\u043c\u0430\u043b\u044c\u043d\u044b\u0445 \u0432\u0438\u0434\u043e\u0432 \u0441\u043f\u043e\u0440\u0442\u0430 \u0432 \u041c\u043e\u043b\u0434\u043e\u0432\u0435.. \u0426\u0435\u043d\u044b, \u0444\u043e\u0442\u043e, \u0445\u0430\u0440\u0430\u043a\u0442\u0435\u0440\u0438\u0441\u0442\u0438\u043a\u0438 \u0432 \u041c\u043e\u043b\u0434\u043e\u0432\u0435.\",\"publisher\":{\"@id\":\"https:\/\/xstyle.md\/#organization\"},\"alternateName\":\"X-Style\",\"potentialAction\":[{\"@type\":\"SearchAction\",\"target\":{\"@type\":\"EntryPoint\",\"urlTemplate\":\"https:\/\/xstyle.md\/?s={search_term_string}\"},\"query-input\":{\"@type\":\"PropertyValueSpecification\",\"valueRequired\":true,\"valueName\":\"search_term_string\"}}],\"inLanguage\":\"ro-RO\"},{\"@type\":\"Organization\",\"@id\":\"https:\/\/xstyle.md\/#organization\",\"name\":\"\u041c\u0430\u0433\u0430\u0437\u0438\u043d Xstyle\",\"alternateName\":\"x-style\",\"url\":\"https:\/\/xstyle.md\/\",\"logo\":{\"@type\":\"ImageObject\",\"inLanguage\":\"ro-RO\",\"@id\":\"https:\/\/xstyle.md\/#\/schema\/logo\/image\/\",\"url\":\"https:\/\/xstyle.md\/wp-content\/uploads\/2020\/06\/logoicon.svg\",\"contentUrl\":\"https:\/\/xstyle.md\/wp-content\/uploads\/2020\/06\/logoicon.svg\",\"caption\":\"\u041c\u0430\u0433\u0430\u0437\u0438\u043d Xstyle\"},\"image\":{\"@id\":\"https:\/\/xstyle.md\/#\/schema\/logo\/image\/\"},\"sameAs\":[\"https:\/\/www.facebook.com\/xstylemd\",\"https:\/\/www.instagram.com\/xstyle_md\/\",\"https:\/\/t.me\/xstyle_outdoor\"],\"hasMerchantReturnPolicy\":{\"@type\":\"MerchantReturnPolicy\",\"merchantReturnLink\":\"https:\/\/xstyle.md\/ro\/conditions\/\"}}]}<\/script>\n<meta property=\"product:price:amount\" content=\"720.00\" \/>\n<meta property=\"product:price:currency\" content=\"MDL\" \/>\n<meta property=\"og:availability\" content=\"instock\" \/>\n<meta property=\"product:availability\" content=\"instock\" \/>\n<meta property=\"product:retailer_item_id\" content=\"8017736145983\" \/>\n<meta property=\"product:condition\" content=\"new\" \/>\n<!-- \/ Yoast SEO plugin. -->","yoast_head_json":{"title":"Plas\u0103 de pescuit Omer Fish holder net Professional - Magazin Xstyle","description":"Cump\u0103ra\u021bi plasa profesional\u0103 Omer pentru pe\u0219te \u2013 ideal\u0103 pentru colectarea \u0219i p\u0103strarea fructelor de mare! Convenabil\u0103, practic\u0103 \u0219i u\u0219or de utilizat.","robots":{"index":"index","follow":"follow","max-snippet":"max-snippet:-1","max-image-preview":"max-image-preview:large","max-video-preview":"max-video-preview:-1"},"canonical":"https:\/\/xstyle.md\/ro\/produs\/setka-dlya-ryby-omer-fish-holder-net-professional\/","og_locale":"ro_RO","og_type":"article","og_title":"\u0421\u0435\u0442\u043a\u0430 \u0434\u043b\u044f \u0440\u044b\u0431\u044b Omer Fish holder net Professional - \u041c\u0430\u0433\u0430\u0437\u0438\u043d Xstyle","og_description":"\u041a\u0443\u043f\u0438\u0442\u0435 \u043f\u0440\u043e\u0444\u0435\u0441\u0441\u0438\u043e\u043d\u0430\u043b\u044c\u043d\u0443\u044e \u0441\u0435\u0442\u043a\u0443 Omer \u0434\u043b\u044f \u0440\u044b\u0431\u044b \u2013 \u0438\u0434\u0435\u0430\u043b\u044c\u043d\u0430\u044f \u0434\u043b\u044f \u0441\u0431\u043e\u0440\u0430 \u0438 \u0445\u0440\u0430\u043d\u0435\u043d\u0438\u044f \u043c\u043e\u0440\u0435\u043f\u0440\u043e\u0434\u0443\u043a\u0442\u043e\u0432! \u0423\u0434\u043e\u0431\u043d\u043e, \u043f\u0440\u0430\u043a\u0442\u0438\u0447\u043d\u043e \u0438 \u043d\u0435\u0441\u043b\u043e\u0436\u043d\u043e \u0432 \u0438\u0441\u043f\u043e\u043b\u044c\u0437\u043e\u0432\u0430\u043d\u0438\u0438.","og_url":"https:\/\/xstyle.md\/ro\/produs\/setka-dlya-ryby-omer-fish-holder-net-professional\/","og_site_name":"\u041c\u0430\u0433\u0430\u0437\u0438\u043d Xstyle","article_publisher":"https:\/\/www.facebook.com\/xstylemd","article_modified_time":"2025-10-24T09:57:02+00:00","og_image":[{"width":1400,"height":1400,"url":"https:\/\/xstyle.md\/wp-content\/uploads\/2023\/08\/omer-fish-holder-net-professional.jpg","type":"image\/jpeg"}],"twitter_card":"summary_large_image","twitter_misc":{"Pre\u021b":"720&nbsp;MDL","Disponibilitate":"\u00cen stoc"},"schema":{"@context":"https:\/\/schema.org","@graph":[{"@type":"WebPage","@id":"https:\/\/xstyle.md\/product\/setka-dlya-ryby-omer-fish-holder-net-professional\/","url":"https:\/\/xstyle.md\/product\/setka-dlya-ryby-omer-fish-holder-net-professional\/","name":"Plas\u0103 de pescuit Omer Fish holder net Professional - Magazin Xstyle","isPartOf":{"@id":"https:\/\/xstyle.md\/#website"},"primaryImageOfPage":{"@id":"https:\/\/xstyle.md\/product\/setka-dlya-ryby-omer-fish-holder-net-professional\/#primaryimage"},"image":{"@id":"https:\/\/xstyle.md\/product\/setka-dlya-ryby-omer-fish-holder-net-professional\/#primaryimage"},"thumbnailUrl":"https:\/\/xstyle.md\/wp-content\/uploads\/2023\/08\/omer-fish-holder-net-professional.jpg","datePublished":"2023-08-07T13:10:59+00:00","dateModified":"2025-10-24T09:57:02+00:00","description":"Cump\u0103ra\u021bi plasa profesional\u0103 Omer pentru pe\u0219te \u2013 ideal\u0103 pentru colectarea \u0219i p\u0103strarea fructelor de mare! Convenabil\u0103, practic\u0103 \u0219i u\u0219or de utilizat.","breadcrumb":{"@id":"https:\/\/xstyle.md\/product\/setka-dlya-ryby-omer-fish-holder-net-professional\/#breadcrumb"},"inLanguage":"ro-RO","potentialAction":[{"@type":"ReadAction","target":["https:\/\/xstyle.md\/product\/setka-dlya-ryby-omer-fish-holder-net-professional\/"]}]},{"@type":"ImageObject","inLanguage":"ro-RO","@id":"https:\/\/xstyle.md\/product\/setka-dlya-ryby-omer-fish-holder-net-professional\/#primaryimage","url":"https:\/\/xstyle.md\/wp-content\/uploads\/2023\/08\/omer-fish-holder-net-professional.jpg","contentUrl":"https:\/\/xstyle.md\/wp-content\/uploads\/2023\/08\/omer-fish-holder-net-professional.jpg","width":1400,"height":1400,"caption":"\u0421\u0435\u0442\u043e\u0447\u043a\u0430 \u0434\u043b\u044f \u0440\u044b\u0431\u044b Omer Fish holder net \u043f\u0440\u043e\u0444\u0435\u0441\u0441\u0438\u043e\u043d\u0430\u043b\u044c\u043d\u044b\u0439 \u0434\u043b\u044f \u0430\u043a\u0442\u0438\u0432\u043d\u043e\u0433\u043e \u043e\u0442\u0434\u044b\u0445\u0430 \u043d\u0430 \u043f\u0440\u0438\u0440\u043e\u0434\u0435, \u0440\u044b\u0431\u0430\u043b\u043a\u0438, \u043f\u043e\u0445\u043e\u0434\u043e\u0432, \u043f\u0443\u0442\u0435\u0448\u0435\u0441\u0442\u0432\u0438\u0439, \u043e\u0431\u0443\u0432\u0438 \u0438 \u043e\u0434\u0435\u0436\u0434\u044b \u0434\u043b\u044f \u0430\u043b\u044c\u043f\u0438\u043d\u0438\u0437\u043c\u0430 \u0438 \u0442\u0443\u0440\u0438\u0437\u043c\u0430"},{"@type":"BreadcrumbList","@id":"https:\/\/xstyle.md\/product\/setka-dlya-ryby-omer-fish-holder-net-professional\/#breadcrumb","itemListElement":[{"@type":"ListItem","position":1,"name":"\u0413\u043b\u0430\u0432\u043d\u0430\u044f \u0441\u0442\u0440\u0430\u043d\u0438\u0446\u0430","item":"https:\/\/xstyle.md\/"},{"@type":"ListItem","position":2,"name":"\u041c\u0430\u0433\u0430\u0437\u0438\u043d","item":"https:\/\/xstyle.md\/shop\/"},{"@type":"ListItem","position":3,"name":"\u0421\u0435\u0442\u043a\u0430 \u0434\u043b\u044f \u0440\u044b\u0431\u044b Omer Fish holder net Professional"}]},{"@type":"WebSite","@id":"https:\/\/xstyle.md\/#website","url":"https:\/\/xstyle.md\/","name":"Magazinul X-Style","description":"Echipamente pentru turism \u0219i sporturi extreme \u00een Moldova. Pre\u021buri, fotografii, caracteristici \u00een Moldova.","publisher":{"@id":"https:\/\/xstyle.md\/#organization"},"alternateName":"X-Style","potentialAction":[{"@type":"SearchAction","target":{"@type":"EntryPoint","urlTemplate":"https:\/\/xstyle.md\/?s={search_term_string}"},"query-input":{"@type":"PropertyValueSpecification","valueRequired":true,"valueName":"search_term_string"}}],"inLanguage":"ro-RO"},{"@type":"Organization","@id":"https:\/\/xstyle.md\/#organization","name":"Magazinul X-Style","alternateName":"x-style","url":"https:\/\/xstyle.md\/","logo":{"@type":"ImageObject","inLanguage":"ro-RO","@id":"https:\/\/xstyle.md\/#\/schema\/logo\/image\/","url":"https:\/\/xstyle.md\/wp-content\/uploads\/2020\/06\/logoicon.svg","contentUrl":"https:\/\/xstyle.md\/wp-content\/uploads\/2020\/06\/logoicon.svg","caption":"\u041c\u0430\u0433\u0430\u0437\u0438\u043d Xstyle"},"image":{"@id":"https:\/\/xstyle.md\/#\/schema\/logo\/image\/"},"sameAs":["https:\/\/www.facebook.com\/xstylemd","https:\/\/www.instagram.com\/xstyle_md\/","https:\/\/t.me\/xstyle_outdoor"],"hasMerchantReturnPolicy":{"@type":"MerchantReturnPolicy","merchantReturnLink":"https:\/\/xstyle.md\/ro\/conditions\/"}}]},"product_price_amount":"720.00","product_price_currency":"MDL","og_availability":"instock","product_availability":"instock","product_retailer_item_id":"8017736145983","product_condition":"new"},"post_mailing_queue_ids":[],"_links":{"self":[{"href":"https:\/\/xstyle.md\/ro\/wp-json\/wp\/v2\/product\/72613","targetHints":{"allow":["GET"]}}],"collection":[{"href":"https:\/\/xstyle.md\/ro\/wp-json\/wp\/v2\/product"}],"about":[{"href":"https:\/\/xstyle.md\/ro\/wp-json\/wp\/v2\/types\/product"}],"replies":[{"embeddable":true,"href":"https:\/\/xstyle.md\/ro\/wp-json\/wp\/v2\/comments?post=72613"}],"wp:featuredmedia":[{"embeddable":true,"href":"https:\/\/xstyle.md\/ro\/wp-json\/wp\/v2\/media\/72945"}],"wp:attachment":[{"href":"https:\/\/xstyle.md\/ro\/wp-json\/wp\/v2\/media?parent=72613"}],"wp:term":[{"taxonomy":"product_brand","embeddable":true,"href":"https:\/\/xstyle.md\/ro\/wp-json\/wp\/v2\/product_brand?post=72613"},{"taxonomy":"product_cat","embeddable":true,"href":"https:\/\/xstyle.md\/ro\/wp-json\/wp\/v2\/product_cat?post=72613"},{"taxonomy":"product_tag","embeddable":true,"href":"https:\/\/xstyle.md\/ro\/wp-json\/wp\/v2\/product_tag?post=72613"}],"curies":[{"name":"wp","href":"https:\/\/api.w.org\/{rel}","templated":true}]}}