{"id":72587,"date":"2023-08-07T16:10:53","date_gmt":"2023-08-07T13:10:53","guid":{"rendered":"https:\/\/xstyle.md\/?post_type=product&#038;p=72587"},"modified":"2025-04-24T15:41:01","modified_gmt":"2025-04-24T12:41:01","slug":"polotencze-packtowl-recpers-body-xl","status":"publish","type":"product","link":"https:\/\/xstyle.md\/ro\/produs\/polotencze-packtowl-recpers-body-xl\/","title":{"rendered":"Prosop PackTowl RecPers Body XL"},"content":{"rendered":"<\/p>\n<p><strong>PackTowl RecPers Body XL<\/strong> &#8212; prosop mare de plaj\u0103. Unul dintre cele mai populare echipamente de exterior de pe pia\u021b\u0103, realizat din microfibr\u0103 cu uscare rapid\u0103, pl\u0103cut la atingere \u0219i foarte absorbant. Combina\u021bia de fibre de nailon\/poliester ofer\u0103 o moliciune de neuitat \u00een contact cu fa\u021ba, m\u00e2inile \u0219i corpul. Tratamentul special reduce mirosurile nepl\u0103cute. Marginile prosopului sunt \u00eencadrate pentru o mai mare durabilitate \u0219i rezisten\u021b\u0103. Nu necesit\u0103 o \u00eengrijire special\u0103, pur \u0219i simplu se spal\u0103 \u00een ma\u0219ina de sp\u0103lat \u0219i se aga\u021b\u0103 \u00een bucl\u0103. Devine aproape uscat atunci c\u00e2nd este stoars\u0103.<\/p>\n<h3>Particularit\u0103\u021bi<\/h3>\n<ul>\n<li>Prosop ultra-moale cu absorb\u021bie maxim\u0103 \u0219i durabilitate pentru fitness, c\u0103l\u0103torii lungi \u0219i utilizare frecvent\u0103<\/li>\n<li>Combina\u021bia de fibre de poliester\/nylon ofer\u0103 o moliciune de neegalat \u00een contact cu pielea fe\u021bei, a m\u00e2inilor \u0219i a corpului<\/li>\n<li>Tratamentul special reduce mirosurile nepl\u0103cute<\/li>\n<li>Prosopul este foarte rezistent, iar marginile sunt \u00eenjghebate pentru o rezisten\u021b\u0103 sporit\u0103.<\/li>\n<li>Absoarbe de p\u00e2n\u0103 la 4 ori propria greutate, se stoarce u\u0219or \u0219i r\u0103m\u00e2ne practic uscat.<\/li>\n<li>Se usuc\u0103 cu 70% mai repede dec\u00e2t bumbacul<\/li>\n<li>Prosopul ocup\u0103 pu\u021bin spa\u021biu \u0219i are o bucl\u0103 \u0219i o hus\u0103 pentru depozitare \u0219i transport.<\/li>\n<\/ul>\n<h3>Caracteristici<\/h3>\n<ul>\n<li>Material &#8212; microfibr\u0103, 80% poliester, 20% nailon<\/li>\n<li>Dimensiuni &#8212; 64 x 137 cm<\/li>\n<li>Greutate &#8212; 180 g<\/li>\n<\/ul>\n<h3>Tehnologie<\/h3>\n<ul>\n<li><strong>Polygiene<\/strong>\u00ae \u2013 o tehnologie modern\u0103 de protec\u021bie antibacterian\u0103 a \u00eembr\u0103c\u0103mintei prin tratarea \u021bes\u0103turilor cu argint pentru a preveni bacteriile care provoac\u0103 mirosuri, precum \u0219i diver\u0219i microbi, viru\u0219i \u0219i ciuperci. Tehnologia Polygiene\u00ae este recunoscut\u0103 \u00een primul r\u00e2nd ca fiind un agent bacteriostatic sigur \u0219i eficient. Aceasta se bazeaz\u0103 pe tratarea unei mari variet\u0103\u021bi de materiale (\u00een principal textile) cu s\u0103ruri de argint naturale (clorur\u0103 de argint), un agent antimicrobian foarte eficient.<\/li>\n<\/ul>\n<h3>Marca<\/h3>\n<p>PackTowl este o marc\u0103 american\u0103 de prosoape de c\u0103l\u0103torie, parte a suitei de m\u0103rci Cascade Designs, Inc. Prosoapele universale PackTowl se usuc\u0103 foarte repede, fiind capabile s\u0103 absoarb\u0103 un volum foarte mare de umiditate, ocup\u00e2nd \u00een acela\u0219i timp un spa\u021biu minim \u00een rucsac \u0219i c\u00e2nt\u0103rind pu\u021bin \u00een compara\u021bie cu omologii similari de uz casnic.<\/p>\n<p>\u00centreaga gam\u0103 este reprezentat\u0103 de cinci serii de prosoape: Personal &#8212; echilibrul optim \u00eentre greutate, pre\u021b \u0219i func\u021bionalitate, UltraLite &#8212; cele mai u\u0219oare \u0219i mai compacte prosoape de diferite dimensiuni, Original &#8212; prosoape durabile \u0219i superabsorbante, Luxe &#8212; confort maxim, Nano &#8212; prosoape de m\u00e2n\u0103 cu greutate maxim\u0103. Prosoapele PackTowl vor fi un companion indispensabil \u00een orice situa\u021bie, datorit\u0103 versatilit\u0103\u021bii \u0219i durabilit\u0103\u021bii lor.<\/p>\n<p><\/p>","protected":false},"excerpt":{"rendered":"","protected":false},"featured_media":73083,"comment_status":"open","ping_status":"closed","template":"","meta":{"_acf_changed":false,"inline_featured_image":false},"product_brand":[1471],"product_cat":[303],"product_tag":[],"class_list":{"0":"post-72587","1":"product","2":"type-product","3":"status-publish","4":"has-post-thumbnail","6":"product_brand-packtowl","7":"product_cat-towels","9":"first","10":"instock","11":"shipping-taxable","12":"purchasable","13":"product-type-simple"},"acf":[],"yoast_head":"<!-- This site is optimized with the Yoast SEO plugin v27.2 - https:\/\/yoast.com\/product\/yoast-seo-wordpress\/ -->\n<title>\u041f\u043e\u043b\u043e\u0442\u0435\u043d\u0446\u0435 PackTowl RecPers Body XL - \u041c\u0430\u0433\u0430\u0437\u0438\u043d Xstyle<\/title>\n<meta name=\"description\" content=\"\u041f\u043e\u043b\u043e\u0442\u0435\u043d\u0446\u0435 PackTowl RecPers Body XL - \u0438\u0434\u0435\u0430\u043b\u044c\u043d\u044b\u0439 \u0441\u043f\u0443\u0442\u043d\u0438\u043a \u0434\u043b\u044f \u0430\u043a\u0442\u0438\u0432\u043d\u043e\u0433\u043e \u043e\u0442\u0434\u044b\u0445\u0430. \u0421\u0432\u0435\u0440\u0445\u0431\u044b\u0441\u0442\u0440\u0430\u044f \u0441\u0443\u0448\u043a\u0430, \u0432\u044b\u0441\u043e\u043a\u0430\u044f \u0432\u043f\u0438\u0442\u044b\u0432\u0430\u0435\u043c\u043e\u0441\u0442\u044c \u0438 \u043f\u0440\u0438\u044f\u0442\u043d\u0430\u044f \u043d\u0430 \u043e\u0449\u0443\u043f\u044c \u043c\u0438\u043a\u0440\u043e\u0444\u0438\u0431\u0440\u0430.\" \/>\n<meta name=\"robots\" content=\"index, follow, max-snippet:-1, max-image-preview:large, max-video-preview:-1\" \/>\n<link rel=\"canonical\" href=\"https:\/\/xstyle.md\/ro\/produs\/polotencze-packtowl-recpers-body-xl\/\" \/>\n<meta property=\"og:locale\" content=\"ro_RO\" \/>\n<meta property=\"og:type\" content=\"article\" \/>\n<meta property=\"og:title\" content=\"\u041f\u043e\u043b\u043e\u0442\u0435\u043d\u0446\u0435 PackTowl RecPers Body XL - \u041c\u0430\u0433\u0430\u0437\u0438\u043d Xstyle\" \/>\n<meta property=\"og:description\" content=\"\u041f\u043e\u043b\u043e\u0442\u0435\u043d\u0446\u0435 PackTowl RecPers Body XL - \u0438\u0434\u0435\u0430\u043b\u044c\u043d\u044b\u0439 \u0441\u043f\u0443\u0442\u043d\u0438\u043a \u0434\u043b\u044f \u0430\u043a\u0442\u0438\u0432\u043d\u043e\u0433\u043e \u043e\u0442\u0434\u044b\u0445\u0430. \u0421\u0432\u0435\u0440\u0445\u0431\u044b\u0441\u0442\u0440\u0430\u044f \u0441\u0443\u0448\u043a\u0430, \u0432\u044b\u0441\u043e\u043a\u0430\u044f \u0432\u043f\u0438\u0442\u044b\u0432\u0430\u0435\u043c\u043e\u0441\u0442\u044c \u0438 \u043f\u0440\u0438\u044f\u0442\u043d\u0430\u044f \u043d\u0430 \u043e\u0449\u0443\u043f\u044c \u043c\u0438\u043a\u0440\u043e\u0444\u0438\u0431\u0440\u0430.\" \/>\n<meta property=\"og:url\" content=\"https:\/\/xstyle.md\/ro\/produs\/polotencze-packtowl-recpers-body-xl\/\" \/>\n<meta property=\"og:site_name\" content=\"\u041c\u0430\u0433\u0430\u0437\u0438\u043d Xstyle\" \/>\n<meta property=\"article:publisher\" content=\"https:\/\/www.facebook.com\/xstylemd\" \/>\n<meta property=\"article:modified_time\" content=\"2025-04-24T12:41:01+00:00\" \/>\n<meta property=\"og:image\" content=\"https:\/\/xstyle.md\/wp-content\/uploads\/2023\/08\/packtowl-recpers-body-xl-sage.jpg\" \/>\n\t<meta property=\"og:image:width\" content=\"806\" \/>\n\t<meta property=\"og:image:height\" content=\"800\" \/>\n\t<meta property=\"og:image:type\" content=\"image\/jpeg\" \/>\n<meta name=\"twitter:card\" content=\"summary_large_image\" \/>\n<meta name=\"twitter:label1\" content=\"Pre\u021b\" \/>\n\t<meta name=\"twitter:data1\" content=\"595&nbsp;MDL\" \/>\n\t<meta name=\"twitter:label2\" content=\"Disponibilitate\" \/>\n\t<meta name=\"twitter:data2\" content=\"\u00cen stoc\" \/>\n<script type=\"application\/ld+json\" class=\"yoast-schema-graph\">{\"@context\":\"https:\/\/schema.org\",\"@graph\":[{\"@type\":\"WebPage\",\"@id\":\"https:\/\/xstyle.md\/product\/polotencze-packtowl-recpers-body-xl\/\",\"url\":\"https:\/\/xstyle.md\/product\/polotencze-packtowl-recpers-body-xl\/\",\"name\":\"\u041f\u043e\u043b\u043e\u0442\u0435\u043d\u0446\u0435 PackTowl RecPers Body XL - \u041c\u0430\u0433\u0430\u0437\u0438\u043d Xstyle\",\"isPartOf\":{\"@id\":\"https:\/\/xstyle.md\/#website\"},\"primaryImageOfPage\":{\"@id\":\"https:\/\/xstyle.md\/product\/polotencze-packtowl-recpers-body-xl\/#primaryimage\"},\"image\":{\"@id\":\"https:\/\/xstyle.md\/product\/polotencze-packtowl-recpers-body-xl\/#primaryimage\"},\"thumbnailUrl\":\"https:\/\/xstyle.md\/wp-content\/uploads\/2023\/08\/packtowl-recpers-body-xl-sage.jpg\",\"datePublished\":\"2023-08-07T13:10:53+00:00\",\"dateModified\":\"2025-04-24T12:41:01+00:00\",\"description\":\"\u041f\u043e\u043b\u043e\u0442\u0435\u043d\u0446\u0435 PackTowl RecPers Body XL - \u0438\u0434\u0435\u0430\u043b\u044c\u043d\u044b\u0439 \u0441\u043f\u0443\u0442\u043d\u0438\u043a \u0434\u043b\u044f \u0430\u043a\u0442\u0438\u0432\u043d\u043e\u0433\u043e \u043e\u0442\u0434\u044b\u0445\u0430. \u0421\u0432\u0435\u0440\u0445\u0431\u044b\u0441\u0442\u0440\u0430\u044f \u0441\u0443\u0448\u043a\u0430, \u0432\u044b\u0441\u043e\u043a\u0430\u044f \u0432\u043f\u0438\u0442\u044b\u0432\u0430\u0435\u043c\u043e\u0441\u0442\u044c \u0438 \u043f\u0440\u0438\u044f\u0442\u043d\u0430\u044f \u043d\u0430 \u043e\u0449\u0443\u043f\u044c \u043c\u0438\u043a\u0440\u043e\u0444\u0438\u0431\u0440\u0430.\",\"breadcrumb\":{\"@id\":\"https:\/\/xstyle.md\/product\/polotencze-packtowl-recpers-body-xl\/#breadcrumb\"},\"inLanguage\":\"ro-RO\",\"potentialAction\":[{\"@type\":\"ReadAction\",\"target\":[\"https:\/\/xstyle.md\/product\/polotencze-packtowl-recpers-body-xl\/\"]}]},{\"@type\":\"ImageObject\",\"inLanguage\":\"ro-RO\",\"@id\":\"https:\/\/xstyle.md\/product\/polotencze-packtowl-recpers-body-xl\/#primaryimage\",\"url\":\"https:\/\/xstyle.md\/wp-content\/uploads\/2023\/08\/packtowl-recpers-body-xl-sage.jpg\",\"contentUrl\":\"https:\/\/xstyle.md\/wp-content\/uploads\/2023\/08\/packtowl-recpers-body-xl-sage.jpg\",\"width\":806,\"height\":800,\"caption\":\"\u041c\u0430\u0445\u0440\u043e\u0432\u043e\u0435 \u043f\u043e\u043b\u043e\u0442\u0435\u043d\u0446\u0435 PackTowl RecPers Body XL \u0434\u043b\u044f \u0430\u043a\u0442\u0438\u0432\u043d\u043e\u0433\u043e \u043e\u0442\u0434\u044b\u0445\u0430 \u0441\u043f\u043e\u0440\u0442 \u0442\u0443\u0440\u0438\u0437\u043c \u043f\u043e\u0445\u043e\u0434\u044b \u0438 \u043f\u0443\u0442\u0435\u0448\u0435\u0441\u0442\u0432\u0438\u044f \u0441 \u0437\u0435\u043b\u0451\u043d\u043e\u0439 \u0442\u043a\u0430\u043d\u044c\u044e\"},{\"@type\":\"BreadcrumbList\",\"@id\":\"https:\/\/xstyle.md\/product\/polotencze-packtowl-recpers-body-xl\/#breadcrumb\",\"itemListElement\":[{\"@type\":\"ListItem\",\"position\":1,\"name\":\"\u0413\u043b\u0430\u0432\u043d\u0430\u044f \u0441\u0442\u0440\u0430\u043d\u0438\u0446\u0430\",\"item\":\"https:\/\/xstyle.md\/\"},{\"@type\":\"ListItem\",\"position\":2,\"name\":\"\u041c\u0430\u0433\u0430\u0437\u0438\u043d\",\"item\":\"https:\/\/xstyle.md\/shop\/\"},{\"@type\":\"ListItem\",\"position\":3,\"name\":\"\u041f\u043e\u043b\u043e\u0442\u0435\u043d\u0446\u0435 PackTowl RecPers Body XL\"}]},{\"@type\":\"WebSite\",\"@id\":\"https:\/\/xstyle.md\/#website\",\"url\":\"https:\/\/xstyle.md\/\",\"name\":\"\u041c\u0430\u0433\u0430\u0437\u0438\u043d Xstyle\",\"description\":\"C\u043d\u0430\u0440\u044f\u0436\u0435\u043d\u0438\u0435 \u0434\u043b\u044f \u0442\u0443\u0440\u0438\u0437\u043c\u0430 \u0438 \u044d\u043a\u0441\u0442\u0440\u0435\u043c\u0430\u043b\u044c\u043d\u044b\u0445 \u0432\u0438\u0434\u043e\u0432 \u0441\u043f\u043e\u0440\u0442\u0430 \u0432 \u041c\u043e\u043b\u0434\u043e\u0432\u0435.. \u0426\u0435\u043d\u044b, \u0444\u043e\u0442\u043e, \u0445\u0430\u0440\u0430\u043a\u0442\u0435\u0440\u0438\u0441\u0442\u0438\u043a\u0438 \u0432 \u041c\u043e\u043b\u0434\u043e\u0432\u0435.\",\"publisher\":{\"@id\":\"https:\/\/xstyle.md\/#organization\"},\"alternateName\":\"X-Style\",\"potentialAction\":[{\"@type\":\"SearchAction\",\"target\":{\"@type\":\"EntryPoint\",\"urlTemplate\":\"https:\/\/xstyle.md\/?s={search_term_string}\"},\"query-input\":{\"@type\":\"PropertyValueSpecification\",\"valueRequired\":true,\"valueName\":\"search_term_string\"}}],\"inLanguage\":\"ro-RO\"},{\"@type\":\"Organization\",\"@id\":\"https:\/\/xstyle.md\/#organization\",\"name\":\"\u041c\u0430\u0433\u0430\u0437\u0438\u043d Xstyle\",\"alternateName\":\"x-style\",\"url\":\"https:\/\/xstyle.md\/\",\"logo\":{\"@type\":\"ImageObject\",\"inLanguage\":\"ro-RO\",\"@id\":\"https:\/\/xstyle.md\/#\/schema\/logo\/image\/\",\"url\":\"https:\/\/xstyle.md\/wp-content\/uploads\/2020\/06\/logoicon.svg\",\"contentUrl\":\"https:\/\/xstyle.md\/wp-content\/uploads\/2020\/06\/logoicon.svg\",\"caption\":\"\u041c\u0430\u0433\u0430\u0437\u0438\u043d Xstyle\"},\"image\":{\"@id\":\"https:\/\/xstyle.md\/#\/schema\/logo\/image\/\"},\"sameAs\":[\"https:\/\/www.facebook.com\/xstylemd\",\"https:\/\/www.instagram.com\/xstyle_md\/\",\"https:\/\/t.me\/xstyle_outdoor\"],\"hasMerchantReturnPolicy\":{\"@type\":\"MerchantReturnPolicy\",\"merchantReturnLink\":\"https:\/\/xstyle.md\/ro\/conditions\/\"}}]}<\/script>\n<meta property=\"product:price:amount\" content=\"595.00\" \/>\n<meta property=\"product:price:currency\" content=\"MDL\" \/>\n<meta property=\"og:availability\" content=\"instock\" \/>\n<meta property=\"product:availability\" content=\"instock\" \/>\n<meta property=\"product:retailer_item_id\" content=\"40818116821\" \/>\n<meta property=\"product:condition\" content=\"new\" \/>\n<!-- \/ Yoast SEO plugin. -->","yoast_head_json":{"title":"Prosop PackTowl RecPers Body XL - Magazin Xstyle","description":"Prosoape PackTowl RecPers Body XL - partenerul ideal pentru activit\u0103\u021bi \u00een aer liber. Uscare ultra-rapid\u0103, capacitate ridicat\u0103 de absorb\u021bie \u0219i microfibr\u0103 pl\u0103cut\u0103 la atingere.","robots":{"index":"index","follow":"follow","max-snippet":"max-snippet:-1","max-image-preview":"max-image-preview:large","max-video-preview":"max-video-preview:-1"},"canonical":"https:\/\/xstyle.md\/ro\/produs\/polotencze-packtowl-recpers-body-xl\/","og_locale":"ro_RO","og_type":"article","og_title":"\u041f\u043e\u043b\u043e\u0442\u0435\u043d\u0446\u0435 PackTowl RecPers Body XL - \u041c\u0430\u0433\u0430\u0437\u0438\u043d Xstyle","og_description":"\u041f\u043e\u043b\u043e\u0442\u0435\u043d\u0446\u0435 PackTowl RecPers Body XL - \u0438\u0434\u0435\u0430\u043b\u044c\u043d\u044b\u0439 \u0441\u043f\u0443\u0442\u043d\u0438\u043a \u0434\u043b\u044f \u0430\u043a\u0442\u0438\u0432\u043d\u043e\u0433\u043e \u043e\u0442\u0434\u044b\u0445\u0430. \u0421\u0432\u0435\u0440\u0445\u0431\u044b\u0441\u0442\u0440\u0430\u044f \u0441\u0443\u0448\u043a\u0430, \u0432\u044b\u0441\u043e\u043a\u0430\u044f \u0432\u043f\u0438\u0442\u044b\u0432\u0430\u0435\u043c\u043e\u0441\u0442\u044c \u0438 \u043f\u0440\u0438\u044f\u0442\u043d\u0430\u044f \u043d\u0430 \u043e\u0449\u0443\u043f\u044c \u043c\u0438\u043a\u0440\u043e\u0444\u0438\u0431\u0440\u0430.","og_url":"https:\/\/xstyle.md\/ro\/produs\/polotencze-packtowl-recpers-body-xl\/","og_site_name":"\u041c\u0430\u0433\u0430\u0437\u0438\u043d Xstyle","article_publisher":"https:\/\/www.facebook.com\/xstylemd","article_modified_time":"2025-04-24T12:41:01+00:00","og_image":[{"width":806,"height":800,"url":"https:\/\/xstyle.md\/wp-content\/uploads\/2023\/08\/packtowl-recpers-body-xl-sage.jpg","type":"image\/jpeg"}],"twitter_card":"summary_large_image","twitter_misc":{"Pre\u021b":"595&nbsp;MDL","Disponibilitate":"\u00cen stoc"},"schema":{"@context":"https:\/\/schema.org","@graph":[{"@type":"WebPage","@id":"https:\/\/xstyle.md\/product\/polotencze-packtowl-recpers-body-xl\/","url":"https:\/\/xstyle.md\/product\/polotencze-packtowl-recpers-body-xl\/","name":"Prosop PackTowl RecPers Body XL - Magazin Xstyle","isPartOf":{"@id":"https:\/\/xstyle.md\/#website"},"primaryImageOfPage":{"@id":"https:\/\/xstyle.md\/product\/polotencze-packtowl-recpers-body-xl\/#primaryimage"},"image":{"@id":"https:\/\/xstyle.md\/product\/polotencze-packtowl-recpers-body-xl\/#primaryimage"},"thumbnailUrl":"https:\/\/xstyle.md\/wp-content\/uploads\/2023\/08\/packtowl-recpers-body-xl-sage.jpg","datePublished":"2023-08-07T13:10:53+00:00","dateModified":"2025-04-24T12:41:01+00:00","description":"Prosoape PackTowl RecPers Body XL - partenerul ideal pentru activit\u0103\u021bi \u00een aer liber. Uscare ultra-rapid\u0103, capacitate ridicat\u0103 de absorb\u021bie \u0219i microfibr\u0103 pl\u0103cut\u0103 la atingere.","breadcrumb":{"@id":"https:\/\/xstyle.md\/product\/polotencze-packtowl-recpers-body-xl\/#breadcrumb"},"inLanguage":"ro-RO","potentialAction":[{"@type":"ReadAction","target":["https:\/\/xstyle.md\/product\/polotencze-packtowl-recpers-body-xl\/"]}]},{"@type":"ImageObject","inLanguage":"ro-RO","@id":"https:\/\/xstyle.md\/product\/polotencze-packtowl-recpers-body-xl\/#primaryimage","url":"https:\/\/xstyle.md\/wp-content\/uploads\/2023\/08\/packtowl-recpers-body-xl-sage.jpg","contentUrl":"https:\/\/xstyle.md\/wp-content\/uploads\/2023\/08\/packtowl-recpers-body-xl-sage.jpg","width":806,"height":800,"caption":"\u041c\u0430\u0445\u0440\u043e\u0432\u043e\u0435 \u043f\u043e\u043b\u043e\u0442\u0435\u043d\u0446\u0435 PackTowl RecPers Body XL \u0434\u043b\u044f \u0430\u043a\u0442\u0438\u0432\u043d\u043e\u0433\u043e \u043e\u0442\u0434\u044b\u0445\u0430 \u0441\u043f\u043e\u0440\u0442 \u0442\u0443\u0440\u0438\u0437\u043c \u043f\u043e\u0445\u043e\u0434\u044b \u0438 \u043f\u0443\u0442\u0435\u0448\u0435\u0441\u0442\u0432\u0438\u044f \u0441 \u0437\u0435\u043b\u0451\u043d\u043e\u0439 \u0442\u043a\u0430\u043d\u044c\u044e"},{"@type":"BreadcrumbList","@id":"https:\/\/xstyle.md\/product\/polotencze-packtowl-recpers-body-xl\/#breadcrumb","itemListElement":[{"@type":"ListItem","position":1,"name":"\u0413\u043b\u0430\u0432\u043d\u0430\u044f \u0441\u0442\u0440\u0430\u043d\u0438\u0446\u0430","item":"https:\/\/xstyle.md\/"},{"@type":"ListItem","position":2,"name":"\u041c\u0430\u0433\u0430\u0437\u0438\u043d","item":"https:\/\/xstyle.md\/shop\/"},{"@type":"ListItem","position":3,"name":"\u041f\u043e\u043b\u043e\u0442\u0435\u043d\u0446\u0435 PackTowl RecPers Body XL"}]},{"@type":"WebSite","@id":"https:\/\/xstyle.md\/#website","url":"https:\/\/xstyle.md\/","name":"Magazinul X-Style","description":"Echipamente pentru turism \u0219i sporturi extreme \u00een Moldova. Pre\u021buri, fotografii, caracteristici \u00een Moldova.","publisher":{"@id":"https:\/\/xstyle.md\/#organization"},"alternateName":"X-Style","potentialAction":[{"@type":"SearchAction","target":{"@type":"EntryPoint","urlTemplate":"https:\/\/xstyle.md\/?s={search_term_string}"},"query-input":{"@type":"PropertyValueSpecification","valueRequired":true,"valueName":"search_term_string"}}],"inLanguage":"ro-RO"},{"@type":"Organization","@id":"https:\/\/xstyle.md\/#organization","name":"Magazinul X-Style","alternateName":"x-style","url":"https:\/\/xstyle.md\/","logo":{"@type":"ImageObject","inLanguage":"ro-RO","@id":"https:\/\/xstyle.md\/#\/schema\/logo\/image\/","url":"https:\/\/xstyle.md\/wp-content\/uploads\/2020\/06\/logoicon.svg","contentUrl":"https:\/\/xstyle.md\/wp-content\/uploads\/2020\/06\/logoicon.svg","caption":"\u041c\u0430\u0433\u0430\u0437\u0438\u043d Xstyle"},"image":{"@id":"https:\/\/xstyle.md\/#\/schema\/logo\/image\/"},"sameAs":["https:\/\/www.facebook.com\/xstylemd","https:\/\/www.instagram.com\/xstyle_md\/","https:\/\/t.me\/xstyle_outdoor"],"hasMerchantReturnPolicy":{"@type":"MerchantReturnPolicy","merchantReturnLink":"https:\/\/xstyle.md\/ro\/conditions\/"}}]},"product_price_amount":"595.00","product_price_currency":"MDL","og_availability":"instock","product_availability":"instock","product_retailer_item_id":"40818116821","product_condition":"new"},"post_mailing_queue_ids":[],"_links":{"self":[{"href":"https:\/\/xstyle.md\/ro\/wp-json\/wp\/v2\/product\/72587","targetHints":{"allow":["GET"]}}],"collection":[{"href":"https:\/\/xstyle.md\/ro\/wp-json\/wp\/v2\/product"}],"about":[{"href":"https:\/\/xstyle.md\/ro\/wp-json\/wp\/v2\/types\/product"}],"replies":[{"embeddable":true,"href":"https:\/\/xstyle.md\/ro\/wp-json\/wp\/v2\/comments?post=72587"}],"wp:featuredmedia":[{"embeddable":true,"href":"https:\/\/xstyle.md\/ro\/wp-json\/wp\/v2\/media\/73083"}],"wp:attachment":[{"href":"https:\/\/xstyle.md\/ro\/wp-json\/wp\/v2\/media?parent=72587"}],"wp:term":[{"taxonomy":"product_brand","embeddable":true,"href":"https:\/\/xstyle.md\/ro\/wp-json\/wp\/v2\/product_brand?post=72587"},{"taxonomy":"product_cat","embeddable":true,"href":"https:\/\/xstyle.md\/ro\/wp-json\/wp\/v2\/product_cat?post=72587"},{"taxonomy":"product_tag","embeddable":true,"href":"https:\/\/xstyle.md\/ro\/wp-json\/wp\/v2\/product_tag?post=72587"}],"curies":[{"name":"wp","href":"https:\/\/api.w.org\/{rel}","templated":true}]}}