{"id":72555,"date":"2023-08-07T16:10:13","date_gmt":"2023-08-07T13:10:13","guid":{"rendered":"https:\/\/xstyle.md\/?post_type=product&#038;p=72555"},"modified":"2026-03-19T17:14:42","modified_gmt":"2026-03-19T14:14:42","slug":"velosumka-na-ramu-acepac-triangle-frame-bag-m-grey","status":"publish","type":"product","link":"https:\/\/xstyle.md\/ro\/produs\/velosumka-na-ramu-acepac-triangle-frame-bag-m-grey\/","title":{"rendered":"Geant\u0103 pentru cadru de biciclet\u0103 Acepac Triangle Frame Bag M Grey"},"content":{"rendered":"<\/p>\n<p><strong>Acepac Triangle Frame Bag M Grey<\/strong> &#8212; geanta pentru cadru de biciclet\u0103 este potrivit\u0103 pentru depozitarea lucrurilor, instrumentelor \u0219i gust\u0103rilor pe drum. Raportul echilibrat dintre volum \u0219i greutate \u0219i utilizarea reversibil\u0103 fac din acest nou produs un &#171;must have&#187; \u00een garajul dumneavoastr\u0103 pentru biciclete. Se potrive\u0219te majorit\u0103\u021bii cadrelor de gravel, \u0219osea \u0219i XC \u0219i, datorit\u0103 lan\u021bului din hypalon din jurul perimetrului, poate fi folosit \u00een mod reversibil, deschiz\u00e2nd posibilitatea de a-l folosi at\u00e2t pe biciclete cu suspensie complet\u0103, c\u00e2t \u0219i pe cadrele mici \u0219i pentru copii.<\/p>\n<p>Un fermoar YKK hidrofobizant, cu dou\u0103 curse, ofer\u0103 acces u\u0219or la echipamentul transportat. \u00cen interiorul gen\u021bii exist\u0103 dou\u0103 buzunare din plas\u0103 cusute pe c\u0103ptu\u0219eala distinctiv\u0103, care asigur\u0103 o mai bun\u0103 vizibilitate \u0219i orientare a gen\u021bii. Noul material exterior din Nylon Robic, u\u0219or \u0219i rezistent, combinat cu volumul optim, permite utilizarea gen\u021bii pentru tururi u\u0219oare sau curse, precum \u0219i pentru c\u0103l\u0103toriile zilnice.<\/p>\n<h3>Particularit\u0103\u021bi<\/h3>\n<ul>\n<li>Ata\u0219are u\u0219oar\u0103 la cadru cu 5 curele Velcro<\/li>\n<li>Fermoar lung YKK impermeabil cu dou\u0103 glisiere<\/li>\n<li>2 buzunare interne din plas\u0103 \u0219i c\u0103ptu\u0219eal\u0103 de culoare str\u0103lucitoare pentru o mai bun\u0103 vizibilitate.<\/li>\n<\/ul>\n<h3>Caracteristici<\/h3>\n<ul>\n<li>Material &#8212; Nylon Robic<\/li>\n<li>Volum &#8212; 2 litri<\/li>\n<li>Dimensiuni &#8212; 35 x 6 x 6 x 6\/13 cm<\/li>\n<li>Greutate &#8212; 130 g<\/li>\n<\/ul>\n<p><\/p>","protected":false},"excerpt":{"rendered":"","protected":false},"featured_media":72979,"comment_status":"open","ping_status":"closed","template":"","meta":{"_acf_changed":false,"inline_featured_image":false},"product_brand":[1437],"product_cat":[845],"product_tag":[],"class_list":{"0":"post-72555","1":"product","2":"type-product","3":"status-publish","4":"has-post-thumbnail","6":"product_brand-acepac","7":"product_cat-backpacks-velo","9":"first","10":"instock","11":"shipping-taxable","12":"purchasable","13":"product-type-simple"},"acf":[],"yoast_head":"<!-- This site is optimized with the Yoast SEO plugin v27.2 - https:\/\/yoast.com\/product\/yoast-seo-wordpress\/ -->\n<title>\u0412\u0435\u043b\u043e\u0441\u0443\u043c\u043a\u0430 \u043d\u0430 \u0440\u0430\u043c\u0443 Acepac Triangle Frame Bag M Grey - \u041c\u0430\u0433\u0430\u0437\u0438\u043d Xstyle<\/title>\n<meta name=\"description\" content=\"\u0412\u0435\u043b\u043e\u0441\u0443\u043c\u043a\u0430 Acepac Triangle Frame Bag M Grey - \u0438\u0434\u0435\u0430\u043b\u044c\u043d\u043e\u0435 \u0440\u0435\u0448\u0435\u043d\u0438\u0435 \u0434\u043b\u044f \u0445\u0440\u0430\u043d\u0435\u043d\u0438\u044f \u0438\u043d\u0441\u0442\u0440\u0443\u043c\u0435\u043d\u0442\u043e\u0432 \u0438 \u043f\u0435\u0440\u0435\u043a\u0443\u0441\u043e\u0432. \u041b\u0435\u0433\u043a\u0430\u044f, \u0443\u043d\u0438\u0432\u0435\u0440\u0441\u0430\u043b\u044c\u043d\u0430\u044f, \u043f\u043e\u0434\u0445\u043e\u0434\u0438\u0442 \u0434\u043b\u044f \u0432\u0441\u0435\u0445 \u0442\u0438\u043f\u043e\u0432 \u0432\u0435\u043b\u043e\u0441\u0438\u043f\u0435\u0434\u043e\u0432.\" \/>\n<meta name=\"robots\" content=\"index, follow, max-snippet:-1, max-image-preview:large, max-video-preview:-1\" \/>\n<link rel=\"canonical\" href=\"https:\/\/xstyle.md\/ro\/produs\/velosumka-na-ramu-acepac-triangle-frame-bag-m-grey\/\" \/>\n<meta property=\"og:locale\" content=\"ro_RO\" \/>\n<meta property=\"og:type\" content=\"article\" \/>\n<meta property=\"og:title\" content=\"\u0412\u0435\u043b\u043e\u0441\u0443\u043c\u043a\u0430 \u043d\u0430 \u0440\u0430\u043c\u0443 Acepac Triangle Frame Bag M Grey - \u041c\u0430\u0433\u0430\u0437\u0438\u043d Xstyle\" \/>\n<meta property=\"og:description\" content=\"\u0412\u0435\u043b\u043e\u0441\u0443\u043c\u043a\u0430 Acepac Triangle Frame Bag M Grey - \u0438\u0434\u0435\u0430\u043b\u044c\u043d\u043e\u0435 \u0440\u0435\u0448\u0435\u043d\u0438\u0435 \u0434\u043b\u044f \u0445\u0440\u0430\u043d\u0435\u043d\u0438\u044f \u0438\u043d\u0441\u0442\u0440\u0443\u043c\u0435\u043d\u0442\u043e\u0432 \u0438 \u043f\u0435\u0440\u0435\u043a\u0443\u0441\u043e\u0432. \u041b\u0435\u0433\u043a\u0430\u044f, \u0443\u043d\u0438\u0432\u0435\u0440\u0441\u0430\u043b\u044c\u043d\u0430\u044f, \u043f\u043e\u0434\u0445\u043e\u0434\u0438\u0442 \u0434\u043b\u044f \u0432\u0441\u0435\u0445 \u0442\u0438\u043f\u043e\u0432 \u0432\u0435\u043b\u043e\u0441\u0438\u043f\u0435\u0434\u043e\u0432.\" \/>\n<meta property=\"og:url\" content=\"https:\/\/xstyle.md\/ro\/produs\/velosumka-na-ramu-acepac-triangle-frame-bag-m-grey\/\" \/>\n<meta property=\"og:site_name\" content=\"\u041c\u0430\u0433\u0430\u0437\u0438\u043d Xstyle\" \/>\n<meta property=\"article:publisher\" content=\"https:\/\/www.facebook.com\/xstylemd\" \/>\n<meta property=\"article:modified_time\" content=\"2026-03-19T14:14:42+00:00\" \/>\n<meta property=\"og:image\" content=\"https:\/\/xstyle.md\/wp-content\/uploads\/2023\/08\/acepac-triangle-frame-bag-m-grey.jpg\" \/>\n\t<meta property=\"og:image:width\" content=\"1072\" \/>\n\t<meta property=\"og:image:height\" content=\"948\" \/>\n\t<meta property=\"og:image:type\" content=\"image\/jpeg\" \/>\n<meta name=\"twitter:card\" content=\"summary_large_image\" \/>\n<meta name=\"twitter:label1\" content=\"Pre\u021b\" \/>\n\t<meta name=\"twitter:data1\" content=\"690&nbsp;MDL\" \/>\n\t<meta name=\"twitter:label2\" content=\"Disponibilitate\" \/>\n\t<meta name=\"twitter:data2\" content=\"\u00cen stoc\" \/>\n<script type=\"application\/ld+json\" class=\"yoast-schema-graph\">{\"@context\":\"https:\/\/schema.org\",\"@graph\":[{\"@type\":\"WebPage\",\"@id\":\"https:\/\/xstyle.md\/product\/velosumka-na-ramu-acepac-triangle-frame-bag-m-grey\/\",\"url\":\"https:\/\/xstyle.md\/product\/velosumka-na-ramu-acepac-triangle-frame-bag-m-grey\/\",\"name\":\"\u0412\u0435\u043b\u043e\u0441\u0443\u043c\u043a\u0430 \u043d\u0430 \u0440\u0430\u043c\u0443 Acepac Triangle Frame Bag M Grey - \u041c\u0430\u0433\u0430\u0437\u0438\u043d Xstyle\",\"isPartOf\":{\"@id\":\"https:\/\/xstyle.md\/#website\"},\"primaryImageOfPage\":{\"@id\":\"https:\/\/xstyle.md\/product\/velosumka-na-ramu-acepac-triangle-frame-bag-m-grey\/#primaryimage\"},\"image\":{\"@id\":\"https:\/\/xstyle.md\/product\/velosumka-na-ramu-acepac-triangle-frame-bag-m-grey\/#primaryimage\"},\"thumbnailUrl\":\"https:\/\/xstyle.md\/wp-content\/uploads\/2023\/08\/acepac-triangle-frame-bag-m-grey.jpg\",\"datePublished\":\"2023-08-07T13:10:13+00:00\",\"dateModified\":\"2026-03-19T14:14:42+00:00\",\"description\":\"\u0412\u0435\u043b\u043e\u0441\u0443\u043c\u043a\u0430 Acepac Triangle Frame Bag M Grey - \u0438\u0434\u0435\u0430\u043b\u044c\u043d\u043e\u0435 \u0440\u0435\u0448\u0435\u043d\u0438\u0435 \u0434\u043b\u044f \u0445\u0440\u0430\u043d\u0435\u043d\u0438\u044f \u0438\u043d\u0441\u0442\u0440\u0443\u043c\u0435\u043d\u0442\u043e\u0432 \u0438 \u043f\u0435\u0440\u0435\u043a\u0443\u0441\u043e\u0432. \u041b\u0435\u0433\u043a\u0430\u044f, \u0443\u043d\u0438\u0432\u0435\u0440\u0441\u0430\u043b\u044c\u043d\u0430\u044f, \u043f\u043e\u0434\u0445\u043e\u0434\u0438\u0442 \u0434\u043b\u044f \u0432\u0441\u0435\u0445 \u0442\u0438\u043f\u043e\u0432 \u0432\u0435\u043b\u043e\u0441\u0438\u043f\u0435\u0434\u043e\u0432.\",\"breadcrumb\":{\"@id\":\"https:\/\/xstyle.md\/product\/velosumka-na-ramu-acepac-triangle-frame-bag-m-grey\/#breadcrumb\"},\"inLanguage\":\"ro-RO\",\"potentialAction\":[{\"@type\":\"ReadAction\",\"target\":[\"https:\/\/xstyle.md\/product\/velosumka-na-ramu-acepac-triangle-frame-bag-m-grey\/\"]}]},{\"@type\":\"ImageObject\",\"inLanguage\":\"ro-RO\",\"@id\":\"https:\/\/xstyle.md\/product\/velosumka-na-ramu-acepac-triangle-frame-bag-m-grey\/#primaryimage\",\"url\":\"https:\/\/xstyle.md\/wp-content\/uploads\/2023\/08\/acepac-triangle-frame-bag-m-grey.jpg\",\"contentUrl\":\"https:\/\/xstyle.md\/wp-content\/uploads\/2023\/08\/acepac-triangle-frame-bag-m-grey.jpg\",\"width\":1072,\"height\":948,\"caption\":\"\u0412\u0435\u043b\u043e\u0441\u0438\u043f\u0435\u0434\u043d\u0430\u044f \u0440\u0430\u043c\u0430 \u0441\u0443\u043c\u043a\u0430 Acepac Triangle Frame Bag M \u0434\u043b\u044f \u0430\u043a\u0442\u0438\u0432\u043d\u043e\u0433\u043e \u043e\u0442\u0434\u044b\u0445\u0430 \u0441\u043f\u043e\u0440\u0442 \u0436\u0435\u043d\u0441\u043a\u0430\u044f \u043e\u0434\u0435\u0436\u0434\u0430 \u043e\u0431\u0443\u0432\u044c \u043f\u043e\u0445\u043e\u0434\u044b \u0430\u043b\u044c\u043f\u0438\u043d\u0438\u0437\u043c \u043f\u0443\u0442\u0435\u0448\u0435\u0441\u0442\u0432\u0438\u044f \u043d\u0430 \u043e\u043d\u043b\u0430\u0439\u043d-\u043c\u0430\u0433\u0430\u0437\u0438\u043d\u0435\"},{\"@type\":\"BreadcrumbList\",\"@id\":\"https:\/\/xstyle.md\/product\/velosumka-na-ramu-acepac-triangle-frame-bag-m-grey\/#breadcrumb\",\"itemListElement\":[{\"@type\":\"ListItem\",\"position\":1,\"name\":\"\u0413\u043b\u0430\u0432\u043d\u0430\u044f \u0441\u0442\u0440\u0430\u043d\u0438\u0446\u0430\",\"item\":\"https:\/\/xstyle.md\/\"},{\"@type\":\"ListItem\",\"position\":2,\"name\":\"\u041c\u0430\u0433\u0430\u0437\u0438\u043d\",\"item\":\"https:\/\/xstyle.md\/shop\/\"},{\"@type\":\"ListItem\",\"position\":3,\"name\":\"\u0412\u0435\u043b\u043e\u0441\u0443\u043c\u043a\u0430 \u043d\u0430 \u0440\u0430\u043c\u0443 Acepac Triangle Frame Bag M Grey\"}]},{\"@type\":\"WebSite\",\"@id\":\"https:\/\/xstyle.md\/#website\",\"url\":\"https:\/\/xstyle.md\/\",\"name\":\"\u041c\u0430\u0433\u0430\u0437\u0438\u043d Xstyle\",\"description\":\"C\u043d\u0430\u0440\u044f\u0436\u0435\u043d\u0438\u0435 \u0434\u043b\u044f \u0442\u0443\u0440\u0438\u0437\u043c\u0430 \u0438 \u044d\u043a\u0441\u0442\u0440\u0435\u043c\u0430\u043b\u044c\u043d\u044b\u0445 \u0432\u0438\u0434\u043e\u0432 \u0441\u043f\u043e\u0440\u0442\u0430 \u0432 \u041c\u043e\u043b\u0434\u043e\u0432\u0435.. \u0426\u0435\u043d\u044b, \u0444\u043e\u0442\u043e, \u0445\u0430\u0440\u0430\u043a\u0442\u0435\u0440\u0438\u0441\u0442\u0438\u043a\u0438 \u0432 \u041c\u043e\u043b\u0434\u043e\u0432\u0435.\",\"publisher\":{\"@id\":\"https:\/\/xstyle.md\/#organization\"},\"alternateName\":\"X-Style\",\"potentialAction\":[{\"@type\":\"SearchAction\",\"target\":{\"@type\":\"EntryPoint\",\"urlTemplate\":\"https:\/\/xstyle.md\/?s={search_term_string}\"},\"query-input\":{\"@type\":\"PropertyValueSpecification\",\"valueRequired\":true,\"valueName\":\"search_term_string\"}}],\"inLanguage\":\"ro-RO\"},{\"@type\":\"Organization\",\"@id\":\"https:\/\/xstyle.md\/#organization\",\"name\":\"\u041c\u0430\u0433\u0430\u0437\u0438\u043d Xstyle\",\"alternateName\":\"x-style\",\"url\":\"https:\/\/xstyle.md\/\",\"logo\":{\"@type\":\"ImageObject\",\"inLanguage\":\"ro-RO\",\"@id\":\"https:\/\/xstyle.md\/#\/schema\/logo\/image\/\",\"url\":\"https:\/\/xstyle.md\/wp-content\/uploads\/2020\/06\/logoicon.svg\",\"contentUrl\":\"https:\/\/xstyle.md\/wp-content\/uploads\/2020\/06\/logoicon.svg\",\"caption\":\"\u041c\u0430\u0433\u0430\u0437\u0438\u043d Xstyle\"},\"image\":{\"@id\":\"https:\/\/xstyle.md\/#\/schema\/logo\/image\/\"},\"sameAs\":[\"https:\/\/www.facebook.com\/xstylemd\",\"https:\/\/www.instagram.com\/xstyle_md\/\",\"https:\/\/t.me\/xstyle_outdoor\"],\"hasMerchantReturnPolicy\":{\"@type\":\"MerchantReturnPolicy\",\"merchantReturnLink\":\"https:\/\/xstyle.md\/ro\/conditions\/\"}}]}<\/script>\n<meta property=\"product:price:amount\" content=\"690.00\" \/>\n<meta property=\"product:price:currency\" content=\"MDL\" \/>\n<meta property=\"og:availability\" content=\"instock\" \/>\n<meta property=\"product:availability\" content=\"instock\" \/>\n<meta property=\"product:retailer_item_id\" content=\"8596253160223\" \/>\n<meta property=\"product:condition\" content=\"new\" \/>\n<!-- \/ Yoast SEO plugin. -->","yoast_head_json":{"title":"Geant\u0103 pentru cadru de biciclet\u0103 Acepac Triangle Frame Bag M Grey - Magazin Xstyle","description":"Borseta Acepac Triangle Frame Bag M Grey - solu\u021bia perfect\u0103 pentru stocarea uneltelor \u0219i gust\u0103rilor. U\u0219oar\u0103, universal\u0103, potrivit\u0103 pentru toate tipurile de biciclete.","robots":{"index":"index","follow":"follow","max-snippet":"max-snippet:-1","max-image-preview":"max-image-preview:large","max-video-preview":"max-video-preview:-1"},"canonical":"https:\/\/xstyle.md\/ro\/produs\/velosumka-na-ramu-acepac-triangle-frame-bag-m-grey\/","og_locale":"ro_RO","og_type":"article","og_title":"\u0412\u0435\u043b\u043e\u0441\u0443\u043c\u043a\u0430 \u043d\u0430 \u0440\u0430\u043c\u0443 Acepac Triangle Frame Bag M Grey - \u041c\u0430\u0433\u0430\u0437\u0438\u043d Xstyle","og_description":"\u0412\u0435\u043b\u043e\u0441\u0443\u043c\u043a\u0430 Acepac Triangle Frame Bag M Grey - \u0438\u0434\u0435\u0430\u043b\u044c\u043d\u043e\u0435 \u0440\u0435\u0448\u0435\u043d\u0438\u0435 \u0434\u043b\u044f \u0445\u0440\u0430\u043d\u0435\u043d\u0438\u044f \u0438\u043d\u0441\u0442\u0440\u0443\u043c\u0435\u043d\u0442\u043e\u0432 \u0438 \u043f\u0435\u0440\u0435\u043a\u0443\u0441\u043e\u0432. \u041b\u0435\u0433\u043a\u0430\u044f, \u0443\u043d\u0438\u0432\u0435\u0440\u0441\u0430\u043b\u044c\u043d\u0430\u044f, \u043f\u043e\u0434\u0445\u043e\u0434\u0438\u0442 \u0434\u043b\u044f \u0432\u0441\u0435\u0445 \u0442\u0438\u043f\u043e\u0432 \u0432\u0435\u043b\u043e\u0441\u0438\u043f\u0435\u0434\u043e\u0432.","og_url":"https:\/\/xstyle.md\/ro\/produs\/velosumka-na-ramu-acepac-triangle-frame-bag-m-grey\/","og_site_name":"\u041c\u0430\u0433\u0430\u0437\u0438\u043d Xstyle","article_publisher":"https:\/\/www.facebook.com\/xstylemd","article_modified_time":"2026-03-19T14:14:42+00:00","og_image":[{"width":1072,"height":948,"url":"https:\/\/xstyle.md\/wp-content\/uploads\/2023\/08\/acepac-triangle-frame-bag-m-grey.jpg","type":"image\/jpeg"}],"twitter_card":"summary_large_image","twitter_misc":{"Pre\u021b":"690&nbsp;MDL","Disponibilitate":"\u00cen stoc"},"schema":{"@context":"https:\/\/schema.org","@graph":[{"@type":"WebPage","@id":"https:\/\/xstyle.md\/product\/velosumka-na-ramu-acepac-triangle-frame-bag-m-grey\/","url":"https:\/\/xstyle.md\/product\/velosumka-na-ramu-acepac-triangle-frame-bag-m-grey\/","name":"Geant\u0103 pentru cadru de biciclet\u0103 Acepac Triangle Frame Bag M Grey - Magazin Xstyle","isPartOf":{"@id":"https:\/\/xstyle.md\/#website"},"primaryImageOfPage":{"@id":"https:\/\/xstyle.md\/product\/velosumka-na-ramu-acepac-triangle-frame-bag-m-grey\/#primaryimage"},"image":{"@id":"https:\/\/xstyle.md\/product\/velosumka-na-ramu-acepac-triangle-frame-bag-m-grey\/#primaryimage"},"thumbnailUrl":"https:\/\/xstyle.md\/wp-content\/uploads\/2023\/08\/acepac-triangle-frame-bag-m-grey.jpg","datePublished":"2023-08-07T13:10:13+00:00","dateModified":"2026-03-19T14:14:42+00:00","description":"Borseta Acepac Triangle Frame Bag M Grey - solu\u021bia perfect\u0103 pentru stocarea uneltelor \u0219i gust\u0103rilor. U\u0219oar\u0103, universal\u0103, potrivit\u0103 pentru toate tipurile de biciclete.","breadcrumb":{"@id":"https:\/\/xstyle.md\/product\/velosumka-na-ramu-acepac-triangle-frame-bag-m-grey\/#breadcrumb"},"inLanguage":"ro-RO","potentialAction":[{"@type":"ReadAction","target":["https:\/\/xstyle.md\/product\/velosumka-na-ramu-acepac-triangle-frame-bag-m-grey\/"]}]},{"@type":"ImageObject","inLanguage":"ro-RO","@id":"https:\/\/xstyle.md\/product\/velosumka-na-ramu-acepac-triangle-frame-bag-m-grey\/#primaryimage","url":"https:\/\/xstyle.md\/wp-content\/uploads\/2023\/08\/acepac-triangle-frame-bag-m-grey.jpg","contentUrl":"https:\/\/xstyle.md\/wp-content\/uploads\/2023\/08\/acepac-triangle-frame-bag-m-grey.jpg","width":1072,"height":948,"caption":"\u0412\u0435\u043b\u043e\u0441\u0438\u043f\u0435\u0434\u043d\u0430\u044f \u0440\u0430\u043c\u0430 \u0441\u0443\u043c\u043a\u0430 Acepac Triangle Frame Bag M \u0434\u043b\u044f \u0430\u043a\u0442\u0438\u0432\u043d\u043e\u0433\u043e \u043e\u0442\u0434\u044b\u0445\u0430 \u0441\u043f\u043e\u0440\u0442 \u0436\u0435\u043d\u0441\u043a\u0430\u044f \u043e\u0434\u0435\u0436\u0434\u0430 \u043e\u0431\u0443\u0432\u044c \u043f\u043e\u0445\u043e\u0434\u044b \u0430\u043b\u044c\u043f\u0438\u043d\u0438\u0437\u043c \u043f\u0443\u0442\u0435\u0448\u0435\u0441\u0442\u0432\u0438\u044f \u043d\u0430 \u043e\u043d\u043b\u0430\u0439\u043d-\u043c\u0430\u0433\u0430\u0437\u0438\u043d\u0435"},{"@type":"BreadcrumbList","@id":"https:\/\/xstyle.md\/product\/velosumka-na-ramu-acepac-triangle-frame-bag-m-grey\/#breadcrumb","itemListElement":[{"@type":"ListItem","position":1,"name":"\u0413\u043b\u0430\u0432\u043d\u0430\u044f \u0441\u0442\u0440\u0430\u043d\u0438\u0446\u0430","item":"https:\/\/xstyle.md\/"},{"@type":"ListItem","position":2,"name":"\u041c\u0430\u0433\u0430\u0437\u0438\u043d","item":"https:\/\/xstyle.md\/shop\/"},{"@type":"ListItem","position":3,"name":"\u0412\u0435\u043b\u043e\u0441\u0443\u043c\u043a\u0430 \u043d\u0430 \u0440\u0430\u043c\u0443 Acepac Triangle Frame Bag M Grey"}]},{"@type":"WebSite","@id":"https:\/\/xstyle.md\/#website","url":"https:\/\/xstyle.md\/","name":"Magazinul X-Style","description":"Echipamente pentru turism \u0219i sporturi extreme \u00een Moldova. Pre\u021buri, fotografii, caracteristici \u00een Moldova.","publisher":{"@id":"https:\/\/xstyle.md\/#organization"},"alternateName":"X-Style","potentialAction":[{"@type":"SearchAction","target":{"@type":"EntryPoint","urlTemplate":"https:\/\/xstyle.md\/?s={search_term_string}"},"query-input":{"@type":"PropertyValueSpecification","valueRequired":true,"valueName":"search_term_string"}}],"inLanguage":"ro-RO"},{"@type":"Organization","@id":"https:\/\/xstyle.md\/#organization","name":"Magazinul X-Style","alternateName":"x-style","url":"https:\/\/xstyle.md\/","logo":{"@type":"ImageObject","inLanguage":"ro-RO","@id":"https:\/\/xstyle.md\/#\/schema\/logo\/image\/","url":"https:\/\/xstyle.md\/wp-content\/uploads\/2020\/06\/logoicon.svg","contentUrl":"https:\/\/xstyle.md\/wp-content\/uploads\/2020\/06\/logoicon.svg","caption":"\u041c\u0430\u0433\u0430\u0437\u0438\u043d Xstyle"},"image":{"@id":"https:\/\/xstyle.md\/#\/schema\/logo\/image\/"},"sameAs":["https:\/\/www.facebook.com\/xstylemd","https:\/\/www.instagram.com\/xstyle_md\/","https:\/\/t.me\/xstyle_outdoor"],"hasMerchantReturnPolicy":{"@type":"MerchantReturnPolicy","merchantReturnLink":"https:\/\/xstyle.md\/ro\/conditions\/"}}]},"product_price_amount":"690.00","product_price_currency":"MDL","og_availability":"instock","product_availability":"instock","product_retailer_item_id":"8596253160223","product_condition":"new"},"post_mailing_queue_ids":[],"_links":{"self":[{"href":"https:\/\/xstyle.md\/ro\/wp-json\/wp\/v2\/product\/72555","targetHints":{"allow":["GET"]}}],"collection":[{"href":"https:\/\/xstyle.md\/ro\/wp-json\/wp\/v2\/product"}],"about":[{"href":"https:\/\/xstyle.md\/ro\/wp-json\/wp\/v2\/types\/product"}],"replies":[{"embeddable":true,"href":"https:\/\/xstyle.md\/ro\/wp-json\/wp\/v2\/comments?post=72555"}],"wp:featuredmedia":[{"embeddable":true,"href":"https:\/\/xstyle.md\/ro\/wp-json\/wp\/v2\/media\/72979"}],"wp:attachment":[{"href":"https:\/\/xstyle.md\/ro\/wp-json\/wp\/v2\/media?parent=72555"}],"wp:term":[{"taxonomy":"product_brand","embeddable":true,"href":"https:\/\/xstyle.md\/ro\/wp-json\/wp\/v2\/product_brand?post=72555"},{"taxonomy":"product_cat","embeddable":true,"href":"https:\/\/xstyle.md\/ro\/wp-json\/wp\/v2\/product_cat?post=72555"},{"taxonomy":"product_tag","embeddable":true,"href":"https:\/\/xstyle.md\/ro\/wp-json\/wp\/v2\/product_tag?post=72555"}],"curies":[{"name":"wp","href":"https:\/\/api.w.org\/{rel}","templated":true}]}}