{"id":72546,"date":"2023-08-07T15:49:13","date_gmt":"2023-08-07T12:49:13","guid":{"rendered":"https:\/\/xstyle.md\/?post_type=product&#038;p=72546"},"modified":"2024-11-08T15:44:12","modified_gmt":"2024-11-08T12:44:12","slug":"binokl-nikon-monarch-m7-10-x-30","status":"publish","type":"product","link":"https:\/\/xstyle.md\/ro\/produs\/binokl-nikon-monarch-m7-10-x-30\/","title":{"rendered":"Binoclu Nikon Monarch M7 10 x 30"},"content":{"rendered":"<\/p>\n<p><strong>Nikon Monarch M7 10 x 30<\/strong> &#8212; binoclul cu un c\u00e2mp vizual larg va fi partenerul ideal pentru to\u021bi pasiona\u021bii pasiona\u021bi de observarea p\u0103s\u0103rilor \u0219i a vie\u021bii s\u0103lbatice.<\/p>\n<p>C\u00e2mpul larg de vizualizare este excelent pentru observarea p\u0103s\u0103rilor zbur\u0103toare, \u00een timp ce sticla cu dispersie foarte redus\u0103 (ED) corecteaz\u0103 contururile de culoare, permi\u021b\u00e2ndu-v\u0103 s\u0103 vede\u021bi animalele s\u0103lbatice \u00een detaliu. Prismele \u0219i lentilele multistratificate ale binoclului Monarch M7 ofer\u0103 o imagine mai luminoas\u0103 \u0219i mai natural\u0103, \u00een timp ce stratul de acoperire care respinge uleiul \u0219i apa \u00eel face u\u0219or de cur\u0103\u021bat de murd\u0103rie \u0219i amprente. Corpul elegant, durabil \u0219i u\u0219or face ca binoclul s\u0103 fie comod de transportat \u0219i de montat pe trepied.<\/p>\n<h3>Particularit\u0103\u021bi<\/h3>\n<ul>\n<li>Toate binoclurile din seria Monarch M7 ofer\u0103 un c\u00e2mp vizual de peste 60\u02da, astfel \u00eenc\u00e2t nu ve\u021bi pierde niciun moment. Cu performan\u021be f\u0103r\u0103 precedent pentru aceast\u0103 clas\u0103 de binocluri, Monarch M7 permite pasiona\u021bilor pasiona\u021bi de birdwatching s\u0103 vad\u0103 cu o claritate perfect\u0103 p\u0103s\u0103rile care zboar\u0103 rapid sau animalele s\u0103lbatice de la distan\u021be mari.<\/li>\n<li>Observa\u021bi natura \u0219i lumea din jurul dvs. \u00een toat\u0103 splendoarea culorilor. Sticla cu dispersie foarte redus\u0103 (ED) corecteaz\u0103 contururile de culoare, permi\u021b\u00e2ndu-v\u0103 s\u0103 vede\u021bi fiecare detaliu al vie\u021bii s\u0103lbatice \u0219i al p\u0103s\u0103rilor.<\/li>\n<li>Corpul elegant \u0219i inteligent proiectat este practic \u0219i foarte func\u021bional. \u00cenveli\u0219ul de cauciuc \u00eel protejeaz\u0103 de \u0219ocuri \u0219i ofer\u0103 o prindere confortabil\u0103 \u0219i sigur\u0103. \u00cen plus, binoclul este rezistent la ap\u0103 &#8212; p\u00e2n\u0103 la o ad\u00e2ncime de 1 metru timp de 10 minute &#8212; \u0219i protejat \u00eempotriva aburului. Pur \u0219i simplu este partenerul perfect pentru observarea p\u0103s\u0103rilor.<\/li>\n<li>Dori\u021bi s\u0103 vede\u021bi o imagine mai luminoas\u0103 \u0219i mai natural\u0103? Binoclul Monarch M7 este prev\u0103zut cu prisme \u0219i lentile multistratificate, precum \u0219i cu prisme multistratificate dielectrice, foarte reflectorizante, pentru o transmisie uniform\u0103 a luminii pe \u00eentreaga gam\u0103 vizibil\u0103. \u00cen plus, stratul de acoperire cu corec\u021bie de faz\u0103 minimizeaz\u0103 pierderea de rezolu\u021bie pentru un contrast ridicat \u0219i constant al imaginii.<\/li>\n<li>Acoperirea oleo-repulsiv\u0103 a lentilelor \u0219i ocularelor asigur\u0103 cur\u0103\u021barea u\u0219oar\u0103 a murd\u0103riei \u0219i a amprentelor digitale.<\/li>\n<li>O blocare a inelului de reglare a dioptriilor elimin\u0103 posibilitatea de a roti sau glisa accidental inelul de reglare a dioptriilor, astfel \u00eenc\u00e2t nu ve\u021bi pierde niciun moment cu set\u0103rile pe care le alege\u021bi.<\/li>\n<li>Ambele modele cu lentile de 30 mm c\u00e2nt\u0103resc aproximativ 470 g. Acest lucru \u0219i dimensiunea compact\u0103 fac ca binoclul s\u0103 fie u\u0219or de transportat atunci c\u00e2nd ie\u0219i\u021bi \u00een ora\u0219.<\/li>\n<li>Paharele oculare pivotante \u0219i retractabile din cauciuc faciliteaz\u0103 mult pozi\u021bionarea corect\u0103 a punctului de ochire \u00een raport cu ochiul. Mai multe pozi\u021bii fixe v\u0103 permit s\u0103 regla\u021bi \u00een\u0103l\u021barea punctului de vizibilitate pentru un c\u00e2mp vizual complet \u0219i un confort maxim \u00een timpul utiliz\u0103rii prelungite.<\/li>\n<li>Binoclul Monarch M7 poate fi montat pe un trepied cu ajutorul unei monturi speciale sau al unui adaptor care se ata\u0219eaz\u0103 \u00een centrul ramei binoclului. Acest lucru este deosebit de util atunci c\u00e2nd se utilizeaz\u0103 binoclul \u00eentr-o pozi\u021bie static\u0103 pentru perioade lungi de timp, de exemplu, dintr-un ad\u0103post.<\/li>\n<\/ul>\n<h3>Caracteristici<\/h3>\n<ul>\n<li>M\u0103rire (m\u0103rire) &#8212; 10<\/li>\n<li>Diametrul lentilelor &#8212; 30 mm<\/li>\n<li>C\u00e2mpul unghiular de vizualizare (real\/grade) &#8212; 6,7<\/li>\n<li>C\u00e2mpul unghiular de vizualizare (vizibil\/grade) &#8212; 60,7<\/li>\n<li>C\u00e2mpul vizual la o distan\u021b\u0103 de 1000 m &#8212; 117 m<\/li>\n<li>Pupila de ie\u0219ire &#8212; 3 mm<\/li>\n<li>Luminozitate relativ\u0103 &#8212; 9<\/li>\n<li>Punctul de vizibilitate &#8212; 15,8 mm<\/li>\n<li>Distan\u021ba minim\u0103 de focalizare &#8212; 2 m<\/li>\n<li>Lungime &#8212; 119 mm<\/li>\n<li>L\u0103\u021bime &#8212; 125 mm<\/li>\n<li>\u00cen\u0103l\u021bime &#8212; 48 mm<\/li>\n<li>Greutate &#8212; 470 g<\/li>\n<li>Reglarea distan\u021bei \u00eentre centrele ocularului &#8212; 56-74 mm<\/li>\n<\/ul>\n<h3>Setul include<\/h3>\n<ul>\n<li>Cutie 30989 pentru binoclu cu obiectiv de 30 mm<\/li>\n<li>Capac pentru ocular 30991 pentru binoclu de 30 mm<\/li>\n<li>Capac obiectiv 30990 pentru binoclu de 30 mm<\/li>\n<li>Cureaua noastr\u0103 31240<\/li>\n<\/ul>\n<p><\/p>\n<\/div>\n<\/div>","protected":false},"excerpt":{"rendered":"","protected":false},"featured_media":72547,"comment_status":"open","ping_status":"closed","template":"","meta":{"_acf_changed":false,"inline_featured_image":false},"product_brand":[1355],"product_cat":[513],"product_tag":[],"class_list":{"0":"post-72546","1":"product","2":"type-product","3":"status-publish","4":"has-post-thumbnail","6":"product_brand-nikon","7":"product_cat-binoculars","9":"first","10":"outofstock","11":"shipping-taxable","12":"product-type-simple"},"acf":[],"yoast_head":"<!-- This site is optimized with the Yoast SEO plugin v27.2 - https:\/\/yoast.com\/product\/yoast-seo-wordpress\/ -->\n<title>\u0411\u0438\u043d\u043e\u043a\u043b\u044c Nikon Monarch M7 10 x 30 - \u041c\u0430\u0433\u0430\u0437\u0438\u043d Xstyle<\/title>\n<meta name=\"description\" content=\"\u0411\u0438\u043d\u043e\u043a\u043b\u044c Nikon Monarch M7 10 x 30 - \u0438\u0434\u0435\u0430\u043b\u044c\u043d\u044b\u0439 \u0432\u044b\u0431\u043e\u0440 \u0434\u043b\u044f \u043b\u044e\u0431\u0438\u0442\u0435\u043b\u0435\u0439 \u043d\u0430\u0431\u043b\u044e\u0434\u0435\u043d\u0438\u044f \u0437\u0430 \u043f\u0440\u0438\u0440\u043e\u0434\u043e\u0439. \u0428\u0438\u0440\u043e\u043a\u0438\u0439 \u0443\u0433\u043e\u043b \u043e\u0431\u0437\u043e\u0440\u0430 \u0438 \u043f\u0435\u0440\u0432\u043e\u043a\u043b\u0430\u0441\u0441\u043d\u043e\u0435 \u043a\u0430\u0447\u0435\u0441\u0442\u0432\u043e \u0438\u0437\u043e\u0431\u0440\u0430\u0436\u0435\u043d\u0438\u044f!\" \/>\n<meta name=\"robots\" content=\"index, follow, max-snippet:-1, max-image-preview:large, max-video-preview:-1\" \/>\n<link rel=\"canonical\" href=\"https:\/\/xstyle.md\/ro\/produs\/binokl-nikon-monarch-m7-10-x-30\/\" \/>\n<meta property=\"og:locale\" content=\"ro_RO\" \/>\n<meta property=\"og:type\" content=\"article\" \/>\n<meta property=\"og:title\" content=\"\u0411\u0438\u043d\u043e\u043a\u043b\u044c Nikon Monarch M7 10 x 30 - \u041c\u0430\u0433\u0430\u0437\u0438\u043d Xstyle\" \/>\n<meta property=\"og:description\" content=\"\u0411\u0438\u043d\u043e\u043a\u043b\u044c Nikon Monarch M7 10 x 30 - \u0438\u0434\u0435\u0430\u043b\u044c\u043d\u044b\u0439 \u0432\u044b\u0431\u043e\u0440 \u0434\u043b\u044f \u043b\u044e\u0431\u0438\u0442\u0435\u043b\u0435\u0439 \u043d\u0430\u0431\u043b\u044e\u0434\u0435\u043d\u0438\u044f \u0437\u0430 \u043f\u0440\u0438\u0440\u043e\u0434\u043e\u0439. \u0428\u0438\u0440\u043e\u043a\u0438\u0439 \u0443\u0433\u043e\u043b \u043e\u0431\u0437\u043e\u0440\u0430 \u0438 \u043f\u0435\u0440\u0432\u043e\u043a\u043b\u0430\u0441\u0441\u043d\u043e\u0435 \u043a\u0430\u0447\u0435\u0441\u0442\u0432\u043e \u0438\u0437\u043e\u0431\u0440\u0430\u0436\u0435\u043d\u0438\u044f!\" \/>\n<meta property=\"og:url\" content=\"https:\/\/xstyle.md\/ro\/produs\/binokl-nikon-monarch-m7-10-x-30\/\" \/>\n<meta property=\"og:site_name\" content=\"\u041c\u0430\u0433\u0430\u0437\u0438\u043d Xstyle\" \/>\n<meta property=\"article:publisher\" content=\"https:\/\/www.facebook.com\/xstylemd\" \/>\n<meta property=\"article:modified_time\" content=\"2024-11-08T12:44:12+00:00\" \/>\n<meta property=\"og:image\" content=\"https:\/\/xstyle.md\/wp-content\/uploads\/2023\/08\/nikon-monarch-m7-10-x-30.jpg\" \/>\n\t<meta property=\"og:image:width\" content=\"700\" \/>\n\t<meta property=\"og:image:height\" content=\"595\" \/>\n\t<meta property=\"og:image:type\" content=\"image\/jpeg\" \/>\n<meta name=\"twitter:card\" content=\"summary_large_image\" \/>\n<meta name=\"twitter:label1\" content=\"Pre\u021b\" \/>\n\t<meta name=\"twitter:data1\" content=\"12.790&nbsp;MDL\" \/>\n\t<meta name=\"twitter:label2\" content=\"Disponibilitate\" \/>\n\t<meta name=\"twitter:data2\" content=\"Stoc epuizat\" \/>\n<script type=\"application\/ld+json\" class=\"yoast-schema-graph\">{\"@context\":\"https:\/\/schema.org\",\"@graph\":[{\"@type\":\"WebPage\",\"@id\":\"https:\/\/xstyle.md\/product\/binokl-nikon-monarch-m7-10-x-30\/\",\"url\":\"https:\/\/xstyle.md\/product\/binokl-nikon-monarch-m7-10-x-30\/\",\"name\":\"\u0411\u0438\u043d\u043e\u043a\u043b\u044c Nikon Monarch M7 10 x 30 - \u041c\u0430\u0433\u0430\u0437\u0438\u043d Xstyle\",\"isPartOf\":{\"@id\":\"https:\/\/xstyle.md\/#website\"},\"primaryImageOfPage\":{\"@id\":\"https:\/\/xstyle.md\/product\/binokl-nikon-monarch-m7-10-x-30\/#primaryimage\"},\"image\":{\"@id\":\"https:\/\/xstyle.md\/product\/binokl-nikon-monarch-m7-10-x-30\/#primaryimage\"},\"thumbnailUrl\":\"https:\/\/xstyle.md\/wp-content\/uploads\/2023\/08\/nikon-monarch-m7-10-x-30.jpg\",\"datePublished\":\"2023-08-07T12:49:13+00:00\",\"dateModified\":\"2024-11-08T12:44:12+00:00\",\"description\":\"\u0411\u0438\u043d\u043e\u043a\u043b\u044c Nikon Monarch M7 10 x 30 - \u0438\u0434\u0435\u0430\u043b\u044c\u043d\u044b\u0439 \u0432\u044b\u0431\u043e\u0440 \u0434\u043b\u044f \u043b\u044e\u0431\u0438\u0442\u0435\u043b\u0435\u0439 \u043d\u0430\u0431\u043b\u044e\u0434\u0435\u043d\u0438\u044f \u0437\u0430 \u043f\u0440\u0438\u0440\u043e\u0434\u043e\u0439. \u0428\u0438\u0440\u043e\u043a\u0438\u0439 \u0443\u0433\u043e\u043b \u043e\u0431\u0437\u043e\u0440\u0430 \u0438 \u043f\u0435\u0440\u0432\u043e\u043a\u043b\u0430\u0441\u0441\u043d\u043e\u0435 \u043a\u0430\u0447\u0435\u0441\u0442\u0432\u043e \u0438\u0437\u043e\u0431\u0440\u0430\u0436\u0435\u043d\u0438\u044f!\",\"breadcrumb\":{\"@id\":\"https:\/\/xstyle.md\/product\/binokl-nikon-monarch-m7-10-x-30\/#breadcrumb\"},\"inLanguage\":\"ro-RO\",\"potentialAction\":[{\"@type\":\"ReadAction\",\"target\":[\"https:\/\/xstyle.md\/product\/binokl-nikon-monarch-m7-10-x-30\/\"]}]},{\"@type\":\"ImageObject\",\"inLanguage\":\"ro-RO\",\"@id\":\"https:\/\/xstyle.md\/product\/binokl-nikon-monarch-m7-10-x-30\/#primaryimage\",\"url\":\"https:\/\/xstyle.md\/wp-content\/uploads\/2023\/08\/nikon-monarch-m7-10-x-30.jpg\",\"contentUrl\":\"https:\/\/xstyle.md\/wp-content\/uploads\/2023\/08\/nikon-monarch-m7-10-x-30.jpg\",\"width\":700,\"height\":595,\"caption\":\"\u0411\u0438\u043d\u043e\u043a\u043b\u044c Nikon Monarch M7 10x30 \u0434\u043b\u044f \u0430\u043a\u0442\u0438\u0432\u043d\u043e\u0433\u043e \u043e\u0442\u0434\u044b\u0445\u0430 \u0442\u0443\u0440\u0438\u0437\u043c\u0430 \u043f\u043e\u0445\u043e\u0434\u043e\u0432 \u0430\u043b\u044c\u043f\u0438\u043d\u0438\u0437\u043c\u0430 \u043f\u0443\u0442\u0435\u0448\u0435\u0441\u0442\u0432\u0438\u0439 \u0442\u043e\u0432\u0430\u0440\u043e\u0432 \u0434\u043b\u044f outdoor \u0430\u043a\u0442\u0438\u0432\u043d\u043e\u0439 \u0436\u0438\u0437\u043d\u0438 \u0441\u043f\u043e\u0440\u0442 \u043e\u0434\u0435\u0436\u0434\u044b \u043e\u0431\u0443\u0432\u044c \u0434\u043b\u044f \u0445\u0430\u0439\u043a\u0438\u043d\u0433\u0430 \u0438 \u0430\u043b\u044c\u043f\u0438\u043d\u0438\u0437\u043c\u0430\"},{\"@type\":\"BreadcrumbList\",\"@id\":\"https:\/\/xstyle.md\/product\/binokl-nikon-monarch-m7-10-x-30\/#breadcrumb\",\"itemListElement\":[{\"@type\":\"ListItem\",\"position\":1,\"name\":\"\u0413\u043b\u0430\u0432\u043d\u0430\u044f \u0441\u0442\u0440\u0430\u043d\u0438\u0446\u0430\",\"item\":\"https:\/\/xstyle.md\/\"},{\"@type\":\"ListItem\",\"position\":2,\"name\":\"\u041c\u0430\u0433\u0430\u0437\u0438\u043d\",\"item\":\"https:\/\/xstyle.md\/shop\/\"},{\"@type\":\"ListItem\",\"position\":3,\"name\":\"\u0411\u0438\u043d\u043e\u043a\u043b\u044c Nikon Monarch M7 10 x 30\"}]},{\"@type\":\"WebSite\",\"@id\":\"https:\/\/xstyle.md\/#website\",\"url\":\"https:\/\/xstyle.md\/\",\"name\":\"\u041c\u0430\u0433\u0430\u0437\u0438\u043d Xstyle\",\"description\":\"C\u043d\u0430\u0440\u044f\u0436\u0435\u043d\u0438\u0435 \u0434\u043b\u044f \u0442\u0443\u0440\u0438\u0437\u043c\u0430 \u0438 \u044d\u043a\u0441\u0442\u0440\u0435\u043c\u0430\u043b\u044c\u043d\u044b\u0445 \u0432\u0438\u0434\u043e\u0432 \u0441\u043f\u043e\u0440\u0442\u0430 \u0432 \u041c\u043e\u043b\u0434\u043e\u0432\u0435.. \u0426\u0435\u043d\u044b, \u0444\u043e\u0442\u043e, \u0445\u0430\u0440\u0430\u043a\u0442\u0435\u0440\u0438\u0441\u0442\u0438\u043a\u0438 \u0432 \u041c\u043e\u043b\u0434\u043e\u0432\u0435.\",\"publisher\":{\"@id\":\"https:\/\/xstyle.md\/#organization\"},\"alternateName\":\"X-Style\",\"potentialAction\":[{\"@type\":\"SearchAction\",\"target\":{\"@type\":\"EntryPoint\",\"urlTemplate\":\"https:\/\/xstyle.md\/?s={search_term_string}\"},\"query-input\":{\"@type\":\"PropertyValueSpecification\",\"valueRequired\":true,\"valueName\":\"search_term_string\"}}],\"inLanguage\":\"ro-RO\"},{\"@type\":\"Organization\",\"@id\":\"https:\/\/xstyle.md\/#organization\",\"name\":\"\u041c\u0430\u0433\u0430\u0437\u0438\u043d Xstyle\",\"alternateName\":\"x-style\",\"url\":\"https:\/\/xstyle.md\/\",\"logo\":{\"@type\":\"ImageObject\",\"inLanguage\":\"ro-RO\",\"@id\":\"https:\/\/xstyle.md\/#\/schema\/logo\/image\/\",\"url\":\"https:\/\/xstyle.md\/wp-content\/uploads\/2020\/06\/logoicon.svg\",\"contentUrl\":\"https:\/\/xstyle.md\/wp-content\/uploads\/2020\/06\/logoicon.svg\",\"caption\":\"\u041c\u0430\u0433\u0430\u0437\u0438\u043d Xstyle\"},\"image\":{\"@id\":\"https:\/\/xstyle.md\/#\/schema\/logo\/image\/\"},\"sameAs\":[\"https:\/\/www.facebook.com\/xstylemd\",\"https:\/\/www.instagram.com\/xstyle_md\/\",\"https:\/\/t.me\/xstyle_outdoor\"],\"hasMerchantReturnPolicy\":{\"@type\":\"MerchantReturnPolicy\",\"merchantReturnLink\":\"https:\/\/xstyle.md\/ro\/conditions\/\"}}]}<\/script>\n<meta property=\"product:price:amount\" content=\"12790.00\" \/>\n<meta property=\"product:price:currency\" content=\"MDL\" \/>\n<meta property=\"og:availability\" content=\"out of stock\" \/>\n<meta property=\"product:availability\" content=\"out of stock\" \/>\n<meta property=\"product:retailer_item_id\" content=\"4580130921346\" \/>\n<meta property=\"product:condition\" content=\"new\" \/>\n<!-- \/ Yoast SEO plugin. -->","yoast_head_json":{"title":"Binoclu Nikon Monarch M7 10 x 30 - Magazin Xstyle","description":"Binoclu Nikon Monarch M7 10 x 30 - alegerea perfect\u0103 pentru iubitorii de observare a naturii. Unghi larg de vedere \u0219i calitate superioar\u0103 a imaginii!","robots":{"index":"index","follow":"follow","max-snippet":"max-snippet:-1","max-image-preview":"max-image-preview:large","max-video-preview":"max-video-preview:-1"},"canonical":"https:\/\/xstyle.md\/ro\/produs\/binokl-nikon-monarch-m7-10-x-30\/","og_locale":"ro_RO","og_type":"article","og_title":"\u0411\u0438\u043d\u043e\u043a\u043b\u044c Nikon Monarch M7 10 x 30 - \u041c\u0430\u0433\u0430\u0437\u0438\u043d Xstyle","og_description":"\u0411\u0438\u043d\u043e\u043a\u043b\u044c Nikon Monarch M7 10 x 30 - \u0438\u0434\u0435\u0430\u043b\u044c\u043d\u044b\u0439 \u0432\u044b\u0431\u043e\u0440 \u0434\u043b\u044f \u043b\u044e\u0431\u0438\u0442\u0435\u043b\u0435\u0439 \u043d\u0430\u0431\u043b\u044e\u0434\u0435\u043d\u0438\u044f \u0437\u0430 \u043f\u0440\u0438\u0440\u043e\u0434\u043e\u0439. \u0428\u0438\u0440\u043e\u043a\u0438\u0439 \u0443\u0433\u043e\u043b \u043e\u0431\u0437\u043e\u0440\u0430 \u0438 \u043f\u0435\u0440\u0432\u043e\u043a\u043b\u0430\u0441\u0441\u043d\u043e\u0435 \u043a\u0430\u0447\u0435\u0441\u0442\u0432\u043e \u0438\u0437\u043e\u0431\u0440\u0430\u0436\u0435\u043d\u0438\u044f!","og_url":"https:\/\/xstyle.md\/ro\/produs\/binokl-nikon-monarch-m7-10-x-30\/","og_site_name":"\u041c\u0430\u0433\u0430\u0437\u0438\u043d Xstyle","article_publisher":"https:\/\/www.facebook.com\/xstylemd","article_modified_time":"2024-11-08T12:44:12+00:00","og_image":[{"width":700,"height":595,"url":"https:\/\/xstyle.md\/wp-content\/uploads\/2023\/08\/nikon-monarch-m7-10-x-30.jpg","type":"image\/jpeg"}],"twitter_card":"summary_large_image","twitter_misc":{"Pre\u021b":"12.790&nbsp;MDL","Disponibilitate":"Stoc epuizat"},"schema":{"@context":"https:\/\/schema.org","@graph":[{"@type":"WebPage","@id":"https:\/\/xstyle.md\/product\/binokl-nikon-monarch-m7-10-x-30\/","url":"https:\/\/xstyle.md\/product\/binokl-nikon-monarch-m7-10-x-30\/","name":"Binoclu Nikon Monarch M7 10 x 30 - Magazin Xstyle","isPartOf":{"@id":"https:\/\/xstyle.md\/#website"},"primaryImageOfPage":{"@id":"https:\/\/xstyle.md\/product\/binokl-nikon-monarch-m7-10-x-30\/#primaryimage"},"image":{"@id":"https:\/\/xstyle.md\/product\/binokl-nikon-monarch-m7-10-x-30\/#primaryimage"},"thumbnailUrl":"https:\/\/xstyle.md\/wp-content\/uploads\/2023\/08\/nikon-monarch-m7-10-x-30.jpg","datePublished":"2023-08-07T12:49:13+00:00","dateModified":"2024-11-08T12:44:12+00:00","description":"Binoclu Nikon Monarch M7 10 x 30 - alegerea perfect\u0103 pentru iubitorii de observare a naturii. Unghi larg de vedere \u0219i calitate superioar\u0103 a imaginii!","breadcrumb":{"@id":"https:\/\/xstyle.md\/product\/binokl-nikon-monarch-m7-10-x-30\/#breadcrumb"},"inLanguage":"ro-RO","potentialAction":[{"@type":"ReadAction","target":["https:\/\/xstyle.md\/product\/binokl-nikon-monarch-m7-10-x-30\/"]}]},{"@type":"ImageObject","inLanguage":"ro-RO","@id":"https:\/\/xstyle.md\/product\/binokl-nikon-monarch-m7-10-x-30\/#primaryimage","url":"https:\/\/xstyle.md\/wp-content\/uploads\/2023\/08\/nikon-monarch-m7-10-x-30.jpg","contentUrl":"https:\/\/xstyle.md\/wp-content\/uploads\/2023\/08\/nikon-monarch-m7-10-x-30.jpg","width":700,"height":595,"caption":"\u0411\u0438\u043d\u043e\u043a\u043b\u044c Nikon Monarch M7 10x30 \u0434\u043b\u044f \u0430\u043a\u0442\u0438\u0432\u043d\u043e\u0433\u043e \u043e\u0442\u0434\u044b\u0445\u0430 \u0442\u0443\u0440\u0438\u0437\u043c\u0430 \u043f\u043e\u0445\u043e\u0434\u043e\u0432 \u0430\u043b\u044c\u043f\u0438\u043d\u0438\u0437\u043c\u0430 \u043f\u0443\u0442\u0435\u0448\u0435\u0441\u0442\u0432\u0438\u0439 \u0442\u043e\u0432\u0430\u0440\u043e\u0432 \u0434\u043b\u044f outdoor \u0430\u043a\u0442\u0438\u0432\u043d\u043e\u0439 \u0436\u0438\u0437\u043d\u0438 \u0441\u043f\u043e\u0440\u0442 \u043e\u0434\u0435\u0436\u0434\u044b \u043e\u0431\u0443\u0432\u044c \u0434\u043b\u044f \u0445\u0430\u0439\u043a\u0438\u043d\u0433\u0430 \u0438 \u0430\u043b\u044c\u043f\u0438\u043d\u0438\u0437\u043c\u0430"},{"@type":"BreadcrumbList","@id":"https:\/\/xstyle.md\/product\/binokl-nikon-monarch-m7-10-x-30\/#breadcrumb","itemListElement":[{"@type":"ListItem","position":1,"name":"\u0413\u043b\u0430\u0432\u043d\u0430\u044f \u0441\u0442\u0440\u0430\u043d\u0438\u0446\u0430","item":"https:\/\/xstyle.md\/"},{"@type":"ListItem","position":2,"name":"\u041c\u0430\u0433\u0430\u0437\u0438\u043d","item":"https:\/\/xstyle.md\/shop\/"},{"@type":"ListItem","position":3,"name":"\u0411\u0438\u043d\u043e\u043a\u043b\u044c Nikon Monarch M7 10 x 30"}]},{"@type":"WebSite","@id":"https:\/\/xstyle.md\/#website","url":"https:\/\/xstyle.md\/","name":"Magazinul X-Style","description":"Echipamente pentru turism \u0219i sporturi extreme \u00een Moldova. Pre\u021buri, fotografii, caracteristici \u00een Moldova.","publisher":{"@id":"https:\/\/xstyle.md\/#organization"},"alternateName":"X-Style","potentialAction":[{"@type":"SearchAction","target":{"@type":"EntryPoint","urlTemplate":"https:\/\/xstyle.md\/?s={search_term_string}"},"query-input":{"@type":"PropertyValueSpecification","valueRequired":true,"valueName":"search_term_string"}}],"inLanguage":"ro-RO"},{"@type":"Organization","@id":"https:\/\/xstyle.md\/#organization","name":"Magazinul X-Style","alternateName":"x-style","url":"https:\/\/xstyle.md\/","logo":{"@type":"ImageObject","inLanguage":"ro-RO","@id":"https:\/\/xstyle.md\/#\/schema\/logo\/image\/","url":"https:\/\/xstyle.md\/wp-content\/uploads\/2020\/06\/logoicon.svg","contentUrl":"https:\/\/xstyle.md\/wp-content\/uploads\/2020\/06\/logoicon.svg","caption":"\u041c\u0430\u0433\u0430\u0437\u0438\u043d Xstyle"},"image":{"@id":"https:\/\/xstyle.md\/#\/schema\/logo\/image\/"},"sameAs":["https:\/\/www.facebook.com\/xstylemd","https:\/\/www.instagram.com\/xstyle_md\/","https:\/\/t.me\/xstyle_outdoor"],"hasMerchantReturnPolicy":{"@type":"MerchantReturnPolicy","merchantReturnLink":"https:\/\/xstyle.md\/ro\/conditions\/"}}]},"product_price_amount":"12790.00","product_price_currency":"MDL","og_availability":"out of stock","product_availability":"out of stock","product_retailer_item_id":"4580130921346","product_condition":"new"},"post_mailing_queue_ids":[],"_links":{"self":[{"href":"https:\/\/xstyle.md\/ro\/wp-json\/wp\/v2\/product\/72546","targetHints":{"allow":["GET"]}}],"collection":[{"href":"https:\/\/xstyle.md\/ro\/wp-json\/wp\/v2\/product"}],"about":[{"href":"https:\/\/xstyle.md\/ro\/wp-json\/wp\/v2\/types\/product"}],"replies":[{"embeddable":true,"href":"https:\/\/xstyle.md\/ro\/wp-json\/wp\/v2\/comments?post=72546"}],"wp:featuredmedia":[{"embeddable":true,"href":"https:\/\/xstyle.md\/ro\/wp-json\/wp\/v2\/media\/72547"}],"wp:attachment":[{"href":"https:\/\/xstyle.md\/ro\/wp-json\/wp\/v2\/media?parent=72546"}],"wp:term":[{"taxonomy":"product_brand","embeddable":true,"href":"https:\/\/xstyle.md\/ro\/wp-json\/wp\/v2\/product_brand?post=72546"},{"taxonomy":"product_cat","embeddable":true,"href":"https:\/\/xstyle.md\/ro\/wp-json\/wp\/v2\/product_cat?post=72546"},{"taxonomy":"product_tag","embeddable":true,"href":"https:\/\/xstyle.md\/ro\/wp-json\/wp\/v2\/product_tag?post=72546"}],"curies":[{"name":"wp","href":"https:\/\/api.w.org\/{rel}","templated":true}]}}