{"id":725,"date":"2020-07-16T15:48:52","date_gmt":"2020-07-16T12:48:52","guid":{"rendered":"https:\/\/xstyle.md\/product\/kaska-petzl-meteor"},"modified":"2026-03-20T19:38:11","modified_gmt":"2026-03-20T16:38:11","slug":"kaska-petzl-meteor","status":"publish","type":"product","link":"https:\/\/xstyle.md\/ro\/produs\/kaska-petzl-meteor\/","title":{"rendered":"Casc\u0103 Petzl Meteor"},"content":{"rendered":"<\/p>\n<p><strong>Casc\u0103 Petzl Meteor<\/strong> &#8212; pentru alpinism, reglabil\u0103, ultra-u\u0219oar\u0103, rezistent\u0103 \u0219i confortabil\u0103. Cel mai ventilat model Petzl. Sistemul de ajustare este accesibil, chiar \u0219i \u021bn timpul purt\u0103rii c\u0103\u0219tii.\u00a0 Proiectat\u0103 pentru\u00a0 toata gama de activit\u0103\u021bi montane (mountaineering, c\u0103\u021b\u0103rat, alpinism, via-ferrata), dar corespunde \u0219i normelor europene privind ciclismul \u0219i raftingul.<br \/>\nNoul Meteor este prev\u0103zut cu o catarama magnetic\u0103, care ofera posibilitate utilizatorului s\u0103 o \u00eenchid\u0103 cu 1 singur\u0103 m\u00e2n\u0103.<\/p>\n<h3>Particularit\u0103\u021bi<\/h3>\n<p><strong>Casc\u0103 u\u0219oar\u0103, cu profil redus, cu ventila\u021bie excelent\u0103:\u00a0<\/strong><\/p>\n<ul>\n<li>construc\u021bie cu profil redus, sub forma unui miez de polistiren expandat (EPS) turnat<\/li>\n<li>\u00een interiorul unei carcase u\u0219oare din policarbonat<\/li>\n<li>deschideri mari de ventila\u021bie<\/li>\n<li>construc\u021bie de \u00eenalt\u0103 calitate \u0219i design ergonomic<\/li>\n<\/ul>\n<p><strong>Protec\u021bie sporit\u0103:\u00a0<\/strong><\/p>\n<ul>\n<li>proiectat \u00een conformitate cu standardul intern PETZL TOP AND SIDE PROTECTION (protec\u021bie superioar\u0103 \u0219i lateral\u0103)<\/li>\n<li>designul asigur\u0103 o protec\u021bie optim\u0103 \u00eempotriva impacturilor laterale, frontale \u0219i posterioare<\/li>\n<\/ul>\n<p><strong>Ideal pentru tur\u0103 de schi:\u00a0<\/strong><\/p>\n<ul>\n<li>ventila\u021bie optim\u0103 at\u00e2t \u00een timpul ascensiunii, c\u00e2t \u0219i \u00een timpul cobor\u00e2rii. Casca poate fi p\u0103strat\u0103 pe tot parcursul excursiei.<\/li>\n<li>partea din fa\u021b\u0103 a c\u0103\u0219tii este conceput\u0103 astfel \u00eenc\u00e2t masca de schi s\u0103 poat\u0103 fi purtat\u0103 confortabil.<\/li>\n<li>\u00eenchiderea elastic\u0103 din spate este compatibil\u0103 cu cureaua pentru masca de schi.<\/li>\n<li>sistemul de suspensie poate fi reglat cu u\u0219urin\u021b\u0103 chiar \u0219i cu m\u0103nu\u0219ile pe cap.<\/li>\n<li>dou\u0103 cleme \u00eempreun\u0103 cu ata\u0219amentul din spate permit ata\u0219area unei faruri frontale la casc\u0103.<\/li>\n<li>compatibil cu ecranele faciale VIZION \u0219i SKREEN.<\/li>\n<\/ul>\n<h3>Caracteristici<\/h3>\n<ul>\n<li>Material &#8212; policarbonat, EPS (polistiren expandat), poliester<\/li>\n<li>Dimensiunea S\/M &#8212; 48-58cm (circumferin\u021ba capului), 225g (greutate)<\/li>\n<li>M\u0103rimea M\/L &#8212; 53-61cm (circumferin\u021ba capului), 240g (greutate)<\/li>\n<li>Certificare &#8212; CE EN 12492 \/ UIAA (alpinism)<\/li>\n<\/ul>\n<h3>Marca<\/h3>\n<p>PETZL este un brand de renume mondial care produce echipamente specializate pentru alpinism, speologie, escalad\u0103 \u0219i alpinism industrial. Compania a fost fondat\u0103 de Fernand Petzel, un om pasionat de speologie de o via\u021b\u0103 \u00eentreag\u0103. La mijlocul anilor 1970, pasiunea sa \u0219i afacerea de familie au crescut \u00een ceva mai mult. Fernand a \u00eenceput s\u0103 modifice dispozitivele existente utilizate \u00een speologie \u0219i apoi s\u0103 inventeze unele complet noi.<\/p>\n<p>Gama de produse a companiei s-a extins la iluminat, deoarece \u00een \u00eentunericul pe\u0219terilor acesta este unul dintre cele mai importante echipamente necesare. Dup\u0103 speologie, PETZL a \u00eenceput s\u0103 creeze echipamente pentru alpini\u0219ti \u0219i alpini\u0219ti, iar apoi pentru lucrul la \u00een\u0103l\u021bime.<\/p>\n<p>Misiunea PETZL este de a crea instrumente inovatoare care s\u0103 le permit\u0103 b\u0103rba\u021bilor \u0219i femeilor s\u0103 ating\u0103 noi \u00een\u0103l\u021bimi pe vertical\u0103 \u0219i s\u0103 lumineze drumul \u00een \u00eentuneric. Compania se afl\u0103 \u00eentr-o c\u0103utare continu\u0103 a celei mai bune solu\u021bii \u00een toate domeniile de activitate. Performan\u021ba, ergonomia, confortul \u0219i, cel mai important, siguran\u021ba sunt cele mai importante criterii \u00een aceast\u0103 c\u0103utare. Accesul la ceea ce este inaccesibil sau &#171;atingerea a ceea ce este de neatins&#187; este motto-ul s\u0103u de lung\u0103 durat\u0103.<\/p>\n<p><\/p>","protected":false},"excerpt":{"rendered":"<p>Casc\u0103 Petzl Meteor<\/p>","protected":false},"featured_media":37863,"comment_status":"open","ping_status":"closed","template":"","meta":{"_acf_changed":false,"inline_featured_image":false},"product_brand":[1270],"product_cat":[105],"product_tag":[],"class_list":{"0":"post-725","1":"product","2":"type-product","3":"status-publish","4":"has-post-thumbnail","6":"product_brand-petzl","7":"product_cat-alp-helmets","9":"first","10":"instock","11":"shipping-taxable","12":"purchasable","13":"product-type-simple"},"acf":[],"yoast_head":"<!-- This site is optimized with the Yoast SEO plugin v27.4 - https:\/\/yoast.com\/product\/yoast-seo-wordpress\/ -->\n<title>\u041a\u0430\u0441\u043a\u0430 Petzl Meteor - \u041c\u0430\u0433\u0430\u0437\u0438\u043d Xstyle<\/title>\n<meta name=\"description\" content=\"\u041a\u0430\u0441\u043a\u0430 Petzl Meteor \u2014 \u043b\u0435\u0433\u043a\u0430\u044f, \u0440\u0435\u0433\u0443\u043b\u0438\u0440\u0443\u0435\u043c\u0430\u044f \u0438 \u0432\u0435\u043d\u0442\u0438\u043b\u0438\u0440\u0443\u0435\u043c\u0430\u044f. \u0418\u0434\u0435\u0430\u043b\u044c\u043d\u0430 \u0434\u043b\u044f \u0430\u043b\u044c\u043f\u0438\u043d\u0438\u0437\u043c\u0430 \u0438 \u0430\u043a\u0442\u0438\u0432\u043d\u043e\u0433\u043e \u043e\u0442\u0434\u044b\u0445\u0430. \u0417\u0430\u0449\u0438\u0449\u0430\u0435\u0442 \u0432\u0435\u0440\u0445\u043d\u044e\u044e \u0438 \u0431\u043e\u043a\u043e\u0432\u0443\u044e \u0447\u0430\u0441\u0442\u0438 \u0433\u043e\u043b\u043e\u0432\u044b.\" \/>\n<meta name=\"robots\" content=\"index, follow, max-snippet:-1, max-image-preview:large, max-video-preview:-1\" \/>\n<link rel=\"canonical\" href=\"https:\/\/xstyle.md\/ro\/produs\/kaska-petzl-meteor\/\" \/>\n<meta property=\"og:locale\" content=\"ro_RO\" \/>\n<meta property=\"og:type\" content=\"article\" \/>\n<meta property=\"og:title\" content=\"\u041a\u0430\u0441\u043a\u0430 Petzl Meteor - \u041c\u0430\u0433\u0430\u0437\u0438\u043d Xstyle\" \/>\n<meta property=\"og:description\" content=\"\u041a\u0430\u0441\u043a\u0430 Petzl Meteor \u2014 \u043b\u0435\u0433\u043a\u0430\u044f, \u0440\u0435\u0433\u0443\u043b\u0438\u0440\u0443\u0435\u043c\u0430\u044f \u0438 \u0432\u0435\u043d\u0442\u0438\u043b\u0438\u0440\u0443\u0435\u043c\u0430\u044f. \u0418\u0434\u0435\u0430\u043b\u044c\u043d\u0430 \u0434\u043b\u044f \u0430\u043b\u044c\u043f\u0438\u043d\u0438\u0437\u043c\u0430 \u0438 \u0430\u043a\u0442\u0438\u0432\u043d\u043e\u0433\u043e \u043e\u0442\u0434\u044b\u0445\u0430. \u0417\u0430\u0449\u0438\u0449\u0430\u0435\u0442 \u0432\u0435\u0440\u0445\u043d\u044e\u044e \u0438 \u0431\u043e\u043a\u043e\u0432\u0443\u044e \u0447\u0430\u0441\u0442\u0438 \u0433\u043e\u043b\u043e\u0432\u044b.\" \/>\n<meta property=\"og:url\" content=\"https:\/\/xstyle.md\/ro\/produs\/kaska-petzl-meteor\/\" \/>\n<meta property=\"og:site_name\" content=\"\u041c\u0430\u0433\u0430\u0437\u0438\u043d Xstyle\" \/>\n<meta property=\"article:publisher\" content=\"https:\/\/www.facebook.com\/xstylemd\" \/>\n<meta property=\"article:modified_time\" content=\"2026-03-20T16:38:11+00:00\" \/>\n<meta property=\"og:image\" content=\"https:\/\/xstyle.md\/wp-content\/uploads\/2020\/07\/meteor-red.jpg\" \/>\n\t<meta property=\"og:image:width\" content=\"1740\" \/>\n\t<meta property=\"og:image:height\" content=\"1184\" \/>\n\t<meta property=\"og:image:type\" content=\"image\/jpeg\" \/>\n<meta name=\"twitter:card\" content=\"summary_large_image\" \/>\n<meta name=\"twitter:label1\" content=\"Pre\u021b\" \/>\n\t<meta name=\"twitter:data1\" content=\"1.890&nbsp;MDL\" \/>\n\t<meta name=\"twitter:label2\" content=\"Disponibilitate\" \/>\n\t<meta name=\"twitter:data2\" content=\"\u00cen stoc\" \/>\n<script type=\"application\/ld+json\" class=\"yoast-schema-graph\">{\"@context\":\"https:\\\/\\\/schema.org\",\"@graph\":[{\"@type\":\"WebPage\",\"@id\":\"https:\\\/\\\/xstyle.md\\\/product\\\/kaska-petzl-meteor\\\/\",\"url\":\"https:\\\/\\\/xstyle.md\\\/product\\\/kaska-petzl-meteor\\\/\",\"name\":\"\u041a\u0430\u0441\u043a\u0430 Petzl Meteor - \u041c\u0430\u0433\u0430\u0437\u0438\u043d Xstyle\",\"isPartOf\":{\"@id\":\"https:\\\/\\\/xstyle.md\\\/#website\"},\"primaryImageOfPage\":{\"@id\":\"https:\\\/\\\/xstyle.md\\\/product\\\/kaska-petzl-meteor\\\/#primaryimage\"},\"image\":{\"@id\":\"https:\\\/\\\/xstyle.md\\\/product\\\/kaska-petzl-meteor\\\/#primaryimage\"},\"thumbnailUrl\":\"https:\\\/\\\/xstyle.md\\\/wp-content\\\/uploads\\\/2020\\\/07\\\/meteor-red.jpg\",\"datePublished\":\"2020-07-16T12:48:52+00:00\",\"dateModified\":\"2026-03-20T16:38:11+00:00\",\"description\":\"\u041a\u0430\u0441\u043a\u0430 Petzl Meteor \u2014 \u043b\u0435\u0433\u043a\u0430\u044f, \u0440\u0435\u0433\u0443\u043b\u0438\u0440\u0443\u0435\u043c\u0430\u044f \u0438 \u0432\u0435\u043d\u0442\u0438\u043b\u0438\u0440\u0443\u0435\u043c\u0430\u044f. \u0418\u0434\u0435\u0430\u043b\u044c\u043d\u0430 \u0434\u043b\u044f \u0430\u043b\u044c\u043f\u0438\u043d\u0438\u0437\u043c\u0430 \u0438 \u0430\u043a\u0442\u0438\u0432\u043d\u043e\u0433\u043e \u043e\u0442\u0434\u044b\u0445\u0430. \u0417\u0430\u0449\u0438\u0449\u0430\u0435\u0442 \u0432\u0435\u0440\u0445\u043d\u044e\u044e \u0438 \u0431\u043e\u043a\u043e\u0432\u0443\u044e \u0447\u0430\u0441\u0442\u0438 \u0433\u043e\u043b\u043e\u0432\u044b.\",\"breadcrumb\":{\"@id\":\"https:\\\/\\\/xstyle.md\\\/product\\\/kaska-petzl-meteor\\\/#breadcrumb\"},\"inLanguage\":\"ro-RO\",\"potentialAction\":[{\"@type\":\"ReadAction\",\"target\":[\"https:\\\/\\\/xstyle.md\\\/product\\\/kaska-petzl-meteor\\\/\"]}]},{\"@type\":\"ImageObject\",\"inLanguage\":\"ro-RO\",\"@id\":\"https:\\\/\\\/xstyle.md\\\/product\\\/kaska-petzl-meteor\\\/#primaryimage\",\"url\":\"https:\\\/\\\/xstyle.md\\\/wp-content\\\/uploads\\\/2020\\\/07\\\/meteor-red.jpg\",\"contentUrl\":\"https:\\\/\\\/xstyle.md\\\/wp-content\\\/uploads\\\/2020\\\/07\\\/meteor-red.jpg\",\"width\":1740,\"height\":1184,\"caption\":\"\u041a\u0430\u0441\u043a\u0430 Petzl Meteor \u0434\u043b\u044f \u0430\u043a\u0442\u0438\u0432\u043d\u043e\u0433\u043e \u043e\u0442\u0434\u044b\u0445\u0430 \u0438 \u0430\u043b\u044c\u043f\u0438\u043d\u0438\u0437\u043c\u0430, \u043f\u043e\u0445\u043e\u0434\u044b, \u0442\u0443\u0440\u0438\u0441\u0442\u0438\u0447\u0435\u0441\u043a\u0438\u0435 \u043f\u043e\u0445\u043e\u0434\u044b, \u0441\u043d\u0430\u0440\u044f\u0436\u0435\u043d\u0438\u0435 \u0434\u043b\u044f \u043f\u0443\u0442\u0435\u0448\u0435\u0441\u0442\u0432\u0438\u0439 \u0438 \u0432\u043e\u0441\u0445\u043e\u0436\u0434\u0435\u043d\u0438\u044f, \u044d\u043a\u0438\u043f\u0438\u0440\u043e\u0432\u043a\u0430 \u0434\u043b\u044f \u0441\u043a\u0430\u043b\u043e\u043b\u0430\u0437\u0430\u043d\u0438\u044f \u0438 \u0433\u043e\u0440\u043d\u044b\u0445 \u043f\u043e\u0445\u043e\u0434\u043e\u0432\"},{\"@type\":\"BreadcrumbList\",\"@id\":\"https:\\\/\\\/xstyle.md\\\/product\\\/kaska-petzl-meteor\\\/#breadcrumb\",\"itemListElement\":[{\"@type\":\"ListItem\",\"position\":1,\"name\":\"\u0413\u043b\u0430\u0432\u043d\u0430\u044f \u0441\u0442\u0440\u0430\u043d\u0438\u0446\u0430\",\"item\":\"https:\\\/\\\/xstyle.md\\\/\"},{\"@type\":\"ListItem\",\"position\":2,\"name\":\"\u041c\u0430\u0433\u0430\u0437\u0438\u043d\",\"item\":\"https:\\\/\\\/xstyle.md\\\/shop\\\/\"},{\"@type\":\"ListItem\",\"position\":3,\"name\":\"\u041a\u0430\u0441\u043a\u0430 Petzl Meteor\"}]},{\"@type\":\"WebSite\",\"@id\":\"https:\\\/\\\/xstyle.md\\\/#website\",\"url\":\"https:\\\/\\\/xstyle.md\\\/\",\"name\":\"\u041c\u0430\u0433\u0430\u0437\u0438\u043d Xstyle\",\"description\":\"C\u043d\u0430\u0440\u044f\u0436\u0435\u043d\u0438\u0435 \u0434\u043b\u044f \u0442\u0443\u0440\u0438\u0437\u043c\u0430 \u0438 \u044d\u043a\u0441\u0442\u0440\u0435\u043c\u0430\u043b\u044c\u043d\u044b\u0445 \u0432\u0438\u0434\u043e\u0432 \u0441\u043f\u043e\u0440\u0442\u0430 \u0432 \u041c\u043e\u043b\u0434\u043e\u0432\u0435.. \u0426\u0435\u043d\u044b, \u0444\u043e\u0442\u043e, \u0445\u0430\u0440\u0430\u043a\u0442\u0435\u0440\u0438\u0441\u0442\u0438\u043a\u0438 \u0432 \u041c\u043e\u043b\u0434\u043e\u0432\u0435.\",\"publisher\":{\"@id\":\"https:\\\/\\\/xstyle.md\\\/#organization\"},\"alternateName\":\"X-Style\",\"potentialAction\":[{\"@type\":\"SearchAction\",\"target\":{\"@type\":\"EntryPoint\",\"urlTemplate\":\"https:\\\/\\\/xstyle.md\\\/?s={search_term_string}\"},\"query-input\":{\"@type\":\"PropertyValueSpecification\",\"valueRequired\":true,\"valueName\":\"search_term_string\"}}],\"inLanguage\":\"ro-RO\"},{\"@type\":\"Organization\",\"@id\":\"https:\\\/\\\/xstyle.md\\\/#organization\",\"name\":\"\u041c\u0430\u0433\u0430\u0437\u0438\u043d Xstyle\",\"alternateName\":\"x-style\",\"url\":\"https:\\\/\\\/xstyle.md\\\/\",\"logo\":{\"@type\":\"ImageObject\",\"inLanguage\":\"ro-RO\",\"@id\":\"https:\\\/\\\/xstyle.md\\\/#\\\/schema\\\/logo\\\/image\\\/\",\"url\":\"https:\\\/\\\/xstyle.md\\\/wp-content\\\/uploads\\\/2020\\\/06\\\/logoicon.svg\",\"contentUrl\":\"https:\\\/\\\/xstyle.md\\\/wp-content\\\/uploads\\\/2020\\\/06\\\/logoicon.svg\",\"caption\":\"\u041c\u0430\u0433\u0430\u0437\u0438\u043d Xstyle\"},\"image\":{\"@id\":\"https:\\\/\\\/xstyle.md\\\/#\\\/schema\\\/logo\\\/image\\\/\"},\"sameAs\":[\"https:\\\/\\\/www.facebook.com\\\/xstylemd\",\"https:\\\/\\\/www.instagram.com\\\/xstyle_md\\\/\",\"https:\\\/\\\/t.me\\\/xstyle_outdoor\"],\"hasMerchantReturnPolicy\":{\"@type\":\"MerchantReturnPolicy\",\"merchantReturnLink\":\"https:\\\/\\\/xstyle.md\\\/ro\\\/conditions\\\/\"}}]}<\/script>\n<meta property=\"product:price:amount\" content=\"1890.00\" \/>\n<meta property=\"product:price:currency\" content=\"MDL\" \/>\n<meta property=\"og:availability\" content=\"instock\" \/>\n<meta property=\"product:availability\" content=\"instock\" \/>\n<meta property=\"product:retailer_item_id\" content=\"3342540103214\" \/>\n<meta property=\"product:condition\" content=\"new\" \/>\n<!-- \/ Yoast SEO plugin. -->","yoast_head_json":{"title":"Casc\u0103 Petzl Meteor - Magazin Xstyle","description":"\u041a\u0430\u0441\u043a\u0430 Petzl Meteor \u2014 \u043b\u0435\u0433\u043a\u0430\u044f, \u0440\u0435\u0433\u0443\u043b\u0438\u0440\u0443\u0435\u043c\u0430\u044f \u0438 \u0432\u0435\u043d\u0442\u0438\u043b\u0438\u0440\u0443\u0435\u043c\u0430\u044f. \u0418\u0434\u0435\u0430\u043b\u044c\u043d\u0430 \u0434\u043b\u044f \u0430\u043b\u044c\u043f\u0438\u043d\u0438\u0437\u043c\u0430 \u0438 \u0430\u043a\u0442\u0438\u0432\u043d\u043e\u0433\u043e \u043e\u0442\u0434\u044b\u0445\u0430. \u0417\u0430\u0449\u0438\u0449\u0430\u0435\u0442 \u0432\u0435\u0440\u0445\u043d\u044e\u044e \u0438 \u0431\u043e\u043a\u043e\u0432\u0443\u044e \u0447\u0430\u0441\u0442\u0438 \u0433\u043e\u043b\u043e\u0432\u044b.","robots":{"index":"index","follow":"follow","max-snippet":"max-snippet:-1","max-image-preview":"max-image-preview:large","max-video-preview":"max-video-preview:-1"},"canonical":"https:\/\/xstyle.md\/ro\/produs\/kaska-petzl-meteor\/","og_locale":"ro_RO","og_type":"article","og_title":"\u041a\u0430\u0441\u043a\u0430 Petzl Meteor - \u041c\u0430\u0433\u0430\u0437\u0438\u043d Xstyle","og_description":"\u041a\u0430\u0441\u043a\u0430 Petzl Meteor \u2014 \u043b\u0435\u0433\u043a\u0430\u044f, \u0440\u0435\u0433\u0443\u043b\u0438\u0440\u0443\u0435\u043c\u0430\u044f \u0438 \u0432\u0435\u043d\u0442\u0438\u043b\u0438\u0440\u0443\u0435\u043c\u0430\u044f. \u0418\u0434\u0435\u0430\u043b\u044c\u043d\u0430 \u0434\u043b\u044f \u0430\u043b\u044c\u043f\u0438\u043d\u0438\u0437\u043c\u0430 \u0438 \u0430\u043a\u0442\u0438\u0432\u043d\u043e\u0433\u043e \u043e\u0442\u0434\u044b\u0445\u0430. \u0417\u0430\u0449\u0438\u0449\u0430\u0435\u0442 \u0432\u0435\u0440\u0445\u043d\u044e\u044e \u0438 \u0431\u043e\u043a\u043e\u0432\u0443\u044e \u0447\u0430\u0441\u0442\u0438 \u0433\u043e\u043b\u043e\u0432\u044b.","og_url":"https:\/\/xstyle.md\/ro\/produs\/kaska-petzl-meteor\/","og_site_name":"\u041c\u0430\u0433\u0430\u0437\u0438\u043d Xstyle","article_publisher":"https:\/\/www.facebook.com\/xstylemd","article_modified_time":"2026-03-20T16:38:11+00:00","og_image":[{"width":1740,"height":1184,"url":"https:\/\/xstyle.md\/wp-content\/uploads\/2020\/07\/meteor-red.jpg","type":"image\/jpeg"}],"twitter_card":"summary_large_image","twitter_misc":{"Pre\u021b":"1.890&nbsp;MDL","Disponibilitate":"\u00cen stoc"},"schema":{"@context":"https:\/\/schema.org","@graph":[{"@type":"WebPage","@id":"https:\/\/xstyle.md\/product\/kaska-petzl-meteor\/","url":"https:\/\/xstyle.md\/product\/kaska-petzl-meteor\/","name":"Casc\u0103 Petzl Meteor - Magazin Xstyle","isPartOf":{"@id":"https:\/\/xstyle.md\/#website"},"primaryImageOfPage":{"@id":"https:\/\/xstyle.md\/product\/kaska-petzl-meteor\/#primaryimage"},"image":{"@id":"https:\/\/xstyle.md\/product\/kaska-petzl-meteor\/#primaryimage"},"thumbnailUrl":"https:\/\/xstyle.md\/wp-content\/uploads\/2020\/07\/meteor-red.jpg","datePublished":"2020-07-16T12:48:52+00:00","dateModified":"2026-03-20T16:38:11+00:00","description":"\u041a\u0430\u0441\u043a\u0430 Petzl Meteor \u2014 \u043b\u0435\u0433\u043a\u0430\u044f, \u0440\u0435\u0433\u0443\u043b\u0438\u0440\u0443\u0435\u043c\u0430\u044f \u0438 \u0432\u0435\u043d\u0442\u0438\u043b\u0438\u0440\u0443\u0435\u043c\u0430\u044f. \u0418\u0434\u0435\u0430\u043b\u044c\u043d\u0430 \u0434\u043b\u044f \u0430\u043b\u044c\u043f\u0438\u043d\u0438\u0437\u043c\u0430 \u0438 \u0430\u043a\u0442\u0438\u0432\u043d\u043e\u0433\u043e \u043e\u0442\u0434\u044b\u0445\u0430. \u0417\u0430\u0449\u0438\u0449\u0430\u0435\u0442 \u0432\u0435\u0440\u0445\u043d\u044e\u044e \u0438 \u0431\u043e\u043a\u043e\u0432\u0443\u044e \u0447\u0430\u0441\u0442\u0438 \u0433\u043e\u043b\u043e\u0432\u044b.","breadcrumb":{"@id":"https:\/\/xstyle.md\/product\/kaska-petzl-meteor\/#breadcrumb"},"inLanguage":"ro-RO","potentialAction":[{"@type":"ReadAction","target":["https:\/\/xstyle.md\/product\/kaska-petzl-meteor\/"]}]},{"@type":"ImageObject","inLanguage":"ro-RO","@id":"https:\/\/xstyle.md\/product\/kaska-petzl-meteor\/#primaryimage","url":"https:\/\/xstyle.md\/wp-content\/uploads\/2020\/07\/meteor-red.jpg","contentUrl":"https:\/\/xstyle.md\/wp-content\/uploads\/2020\/07\/meteor-red.jpg","width":1740,"height":1184,"caption":"\u041a\u0430\u0441\u043a\u0430 Petzl Meteor \u0434\u043b\u044f \u0430\u043a\u0442\u0438\u0432\u043d\u043e\u0433\u043e \u043e\u0442\u0434\u044b\u0445\u0430 \u0438 \u0430\u043b\u044c\u043f\u0438\u043d\u0438\u0437\u043c\u0430, \u043f\u043e\u0445\u043e\u0434\u044b, \u0442\u0443\u0440\u0438\u0441\u0442\u0438\u0447\u0435\u0441\u043a\u0438\u0435 \u043f\u043e\u0445\u043e\u0434\u044b, \u0441\u043d\u0430\u0440\u044f\u0436\u0435\u043d\u0438\u0435 \u0434\u043b\u044f \u043f\u0443\u0442\u0435\u0448\u0435\u0441\u0442\u0432\u0438\u0439 \u0438 \u0432\u043e\u0441\u0445\u043e\u0436\u0434\u0435\u043d\u0438\u044f, \u044d\u043a\u0438\u043f\u0438\u0440\u043e\u0432\u043a\u0430 \u0434\u043b\u044f \u0441\u043a\u0430\u043b\u043e\u043b\u0430\u0437\u0430\u043d\u0438\u044f \u0438 \u0433\u043e\u0440\u043d\u044b\u0445 \u043f\u043e\u0445\u043e\u0434\u043e\u0432"},{"@type":"BreadcrumbList","@id":"https:\/\/xstyle.md\/product\/kaska-petzl-meteor\/#breadcrumb","itemListElement":[{"@type":"ListItem","position":1,"name":"\u0413\u043b\u0430\u0432\u043d\u0430\u044f \u0441\u0442\u0440\u0430\u043d\u0438\u0446\u0430","item":"https:\/\/xstyle.md\/"},{"@type":"ListItem","position":2,"name":"\u041c\u0430\u0433\u0430\u0437\u0438\u043d","item":"https:\/\/xstyle.md\/shop\/"},{"@type":"ListItem","position":3,"name":"\u041a\u0430\u0441\u043a\u0430 Petzl Meteor"}]},{"@type":"WebSite","@id":"https:\/\/xstyle.md\/#website","url":"https:\/\/xstyle.md\/","name":"Magazinul X-Style","description":"Echipamente pentru turism \u0219i sporturi extreme \u00een Moldova. Pre\u021buri, fotografii, caracteristici \u00een Moldova.","publisher":{"@id":"https:\/\/xstyle.md\/#organization"},"alternateName":"X-Style","potentialAction":[{"@type":"SearchAction","target":{"@type":"EntryPoint","urlTemplate":"https:\/\/xstyle.md\/?s={search_term_string}"},"query-input":{"@type":"PropertyValueSpecification","valueRequired":true,"valueName":"search_term_string"}}],"inLanguage":"ro-RO"},{"@type":"Organization","@id":"https:\/\/xstyle.md\/#organization","name":"Magazinul X-Style","alternateName":"x-style","url":"https:\/\/xstyle.md\/","logo":{"@type":"ImageObject","inLanguage":"ro-RO","@id":"https:\/\/xstyle.md\/#\/schema\/logo\/image\/","url":"https:\/\/xstyle.md\/wp-content\/uploads\/2020\/06\/logoicon.svg","contentUrl":"https:\/\/xstyle.md\/wp-content\/uploads\/2020\/06\/logoicon.svg","caption":"\u041c\u0430\u0433\u0430\u0437\u0438\u043d Xstyle"},"image":{"@id":"https:\/\/xstyle.md\/#\/schema\/logo\/image\/"},"sameAs":["https:\/\/www.facebook.com\/xstylemd","https:\/\/www.instagram.com\/xstyle_md\/","https:\/\/t.me\/xstyle_outdoor"],"hasMerchantReturnPolicy":{"@type":"MerchantReturnPolicy","merchantReturnLink":"https:\/\/xstyle.md\/ro\/conditions\/"}}]},"product_price_amount":"1890.00","product_price_currency":"MDL","og_availability":"instock","product_availability":"instock","product_retailer_item_id":"3342540103214","product_condition":"new"},"_links":{"self":[{"href":"https:\/\/xstyle.md\/ro\/wp-json\/wp\/v2\/product\/725","targetHints":{"allow":["GET"]}}],"collection":[{"href":"https:\/\/xstyle.md\/ro\/wp-json\/wp\/v2\/product"}],"about":[{"href":"https:\/\/xstyle.md\/ro\/wp-json\/wp\/v2\/types\/product"}],"replies":[{"embeddable":true,"href":"https:\/\/xstyle.md\/ro\/wp-json\/wp\/v2\/comments?post=725"}],"wp:featuredmedia":[{"embeddable":true,"href":"https:\/\/xstyle.md\/ro\/wp-json\/wp\/v2\/media\/37863"}],"wp:attachment":[{"href":"https:\/\/xstyle.md\/ro\/wp-json\/wp\/v2\/media?parent=725"}],"wp:term":[{"taxonomy":"product_brand","embeddable":true,"href":"https:\/\/xstyle.md\/ro\/wp-json\/wp\/v2\/product_brand?post=725"},{"taxonomy":"product_cat","embeddable":true,"href":"https:\/\/xstyle.md\/ro\/wp-json\/wp\/v2\/product_cat?post=725"},{"taxonomy":"product_tag","embeddable":true,"href":"https:\/\/xstyle.md\/ro\/wp-json\/wp\/v2\/product_tag?post=725"}],"curies":[{"name":"wp","href":"https:\/\/api.w.org\/{rel}","templated":true}]}}