{"id":72118,"date":"2023-07-26T17:53:41","date_gmt":"2023-07-26T14:53:41","guid":{"rendered":"https:\/\/xstyle.md\/?post_type=product&#038;p=72118"},"modified":"2024-10-21T09:54:00","modified_gmt":"2024-10-21T06:54:00","slug":"nabor-meshkov-dlya-veshhej-sea-to-summit-ultra-sil-stuff-sack-set-3-5-8-l","status":"publish","type":"product","link":"https:\/\/xstyle.md\/ro\/produs\/nabor-meshkov-dlya-veshhej-sea-to-summit-ultra-sil-stuff-sack-set-3-5-8-l\/","title":{"rendered":"Hus\u0103 Sea to Summit Ultra Sil Stuff Sack Set 3, 5, 8 L"},"content":{"rendered":"<\/p>\n<p><strong>Sea to Summit Ultra Sil Stuff Sack Set 3, 5, 8 L<\/strong> &#8212; saci pentru lucruri \u0219i echipamente. Este confec\u021bionat\u0103 dintr-o plas\u0103 rezistent\u0103 cu ochiuri de plas\u0103 medii, care este suficient\u0103 pentru a \u021bine lucrurile \u0219i o ventila\u021bie excelent\u0103.<\/p>\n<p>O astfel de pung\u0103 este util\u0103 nu numai pentru depozitarea lucrurilor, ci \u0219i pentru uscare. De exemplu, atunci c\u00e2nd face\u021bi drume\u021bii sau merge\u021bi cu bicicleta, pute\u021bi pune un prosop umed \u00een plas\u0103 \u0219i \u00eel pute\u021bi at\u00e2rna pe o creang\u0103, un rucsac sau o biciclet\u0103. Sacii mari sunt potrivi\u021bi pentru pantofi, saci de dormit, echipament de alpinism sau de ap\u0103.<\/p>\n<h3>Particularit\u0103\u021bi<\/h3>\n<ul>\n<li>Fabricat din material rezistent din plas\u0103, cu o inser\u021bie de \u021bes\u0103tur\u0103 la punctul de legare.<\/li>\n<li>Se fixeaz\u0103 cu o cravat\u0103 cu cordon cu re\u021binere din plastic.<\/li>\n<li>Puncte de stres dublu cusute \u0219i \u00eent\u0103rite pentru rezisten\u021b\u0103 \u0219i durabilitate sporite.<\/li>\n<li>M\u00e2ner \u00een partea de jos a pungii pentru fixare\/transport.<\/li>\n<\/ul>\n<h3>Caracteristici<\/h3>\n<ul>\n<li>Material &#8212; 75D plas\u0103 de nailon multifilament 75D, 30D Ultra-Sil lacing<\/li>\n<li>3 L, 13,9 x 23,4 cm, 28 g<\/li>\n<li>5 L, 16,5 x 16,5 cm, 25 g<\/li>\n<li>8L, 19 x 19 x 32,5 cm, 32 g<\/li>\n<\/ul>\n<h3>Marca<\/h3>\n<p>Sea to Summit este o marc\u0103 fondat\u0103 \u00een 1990 \u00een Australia. Ofer\u0103 echipamente unice \u0219i utile pentru turism \u0219i c\u0103l\u0103torii: huse impermeabile, prosoape din microfibr\u0103, ustensile pliabile din silicon, gen\u021bi, rucsacuri, rucsacuri, corturi, saci de dormit. Fiecare articol proiectat \u00een cadrul companiei are o greutate minim\u0103 \u0219i o func\u021bionalitate maxim\u0103.<\/p>\n<p><\/p>","protected":false},"excerpt":{"rendered":"","protected":false},"featured_media":72163,"comment_status":"open","ping_status":"closed","template":"","meta":{"_acf_changed":false,"inline_featured_image":false},"product_brand":[1281],"product_cat":[862],"product_tag":[],"class_list":{"0":"post-72118","1":"product","2":"type-product","3":"status-publish","4":"has-post-thumbnail","6":"product_brand-sea-to-summit","7":"product_cat-packing-backpack","9":"first","10":"instock","11":"shipping-taxable","12":"purchasable","13":"product-type-simple"},"acf":[],"yoast_head":"<!-- This site is optimized with the Yoast SEO plugin v27.4 - https:\/\/yoast.com\/product\/yoast-seo-wordpress\/ -->\n<title>\u041d\u0430\u0431\u043e\u0440 \u043c\u0435\u0448\u043a\u043e\u0432 \u0434\u043b\u044f \u0432\u0435\u0449\u0435\u0439 Sea to Summit Ultra Sil Stuff Sack Set 3, 5, 8 L - \u041c\u0430\u0433\u0430\u0437\u0438\u043d Xstyle<\/title>\n<meta name=\"description\" content=\"\u041d\u0430\u0431\u043e\u0440 \u043c\u0435\u0448\u043a\u043e\u0432 Sea to Summit Ultra Sil \u043e\u0431\u044a\u0435\u043c\u043e\u043c 3, 5 \u0438 8 \u043b \u0438\u0434\u0435\u0430\u043b\u044c\u043d\u043e \u043f\u043e\u0434\u043e\u0439\u0434\u0435\u0442 \u0434\u043b\u044f \u0445\u0440\u0430\u043d\u0435\u043d\u0438\u044f \u0438 \u043e\u0440\u0433\u0430\u043d\u0438\u0437\u0430\u0446\u0438\u0438 \u0432\u0435\u0449\u0435\u0439. \u041b\u0435\u0433\u043a\u0438\u0435, \u043f\u0440\u043e\u0447\u043d\u044b\u0435 \u0438 \u0434\u044b\u0448\u0430\u0449\u0438\u0435.\" \/>\n<meta name=\"robots\" content=\"index, follow, max-snippet:-1, max-image-preview:large, max-video-preview:-1\" \/>\n<link rel=\"canonical\" href=\"https:\/\/xstyle.md\/ro\/produs\/nabor-meshkov-dlya-veshhej-sea-to-summit-ultra-sil-stuff-sack-set-3-5-8-l\/\" \/>\n<meta property=\"og:locale\" content=\"ro_RO\" \/>\n<meta property=\"og:type\" content=\"article\" \/>\n<meta property=\"og:title\" content=\"\u041d\u0430\u0431\u043e\u0440 \u043c\u0435\u0448\u043a\u043e\u0432 \u0434\u043b\u044f \u0432\u0435\u0449\u0435\u0439 Sea to Summit Ultra Sil Stuff Sack Set 3, 5, 8 L - \u041c\u0430\u0433\u0430\u0437\u0438\u043d Xstyle\" \/>\n<meta property=\"og:description\" content=\"\u041d\u0430\u0431\u043e\u0440 \u043c\u0435\u0448\u043a\u043e\u0432 Sea to Summit Ultra Sil \u043e\u0431\u044a\u0435\u043c\u043e\u043c 3, 5 \u0438 8 \u043b \u0438\u0434\u0435\u0430\u043b\u044c\u043d\u043e \u043f\u043e\u0434\u043e\u0439\u0434\u0435\u0442 \u0434\u043b\u044f \u0445\u0440\u0430\u043d\u0435\u043d\u0438\u044f \u0438 \u043e\u0440\u0433\u0430\u043d\u0438\u0437\u0430\u0446\u0438\u0438 \u0432\u0435\u0449\u0435\u0439. \u041b\u0435\u0433\u043a\u0438\u0435, \u043f\u0440\u043e\u0447\u043d\u044b\u0435 \u0438 \u0434\u044b\u0448\u0430\u0449\u0438\u0435.\" \/>\n<meta property=\"og:url\" content=\"https:\/\/xstyle.md\/ro\/produs\/nabor-meshkov-dlya-veshhej-sea-to-summit-ultra-sil-stuff-sack-set-3-5-8-l\/\" \/>\n<meta property=\"og:site_name\" content=\"\u041c\u0430\u0433\u0430\u0437\u0438\u043d Xstyle\" \/>\n<meta property=\"article:publisher\" content=\"https:\/\/www.facebook.com\/xstylemd\" \/>\n<meta property=\"article:modified_time\" content=\"2024-10-21T06:54:00+00:00\" \/>\n<meta property=\"og:image\" content=\"https:\/\/xstyle.md\/wp-content\/uploads\/2023\/07\/sea-to-summit-ultra-sil-stuff-sack-set-3-5-8-l.webp\" \/>\n\t<meta property=\"og:image:width\" content=\"1200\" \/>\n\t<meta property=\"og:image:height\" content=\"1200\" \/>\n\t<meta property=\"og:image:type\" content=\"image\/webp\" \/>\n<meta name=\"twitter:card\" content=\"summary_large_image\" \/>\n<meta name=\"twitter:label1\" content=\"Pre\u021b\" \/>\n\t<meta name=\"twitter:data1\" content=\"1.340&nbsp;MDL\" \/>\n\t<meta name=\"twitter:label2\" content=\"Disponibilitate\" \/>\n\t<meta name=\"twitter:data2\" content=\"\u00cen stoc\" \/>\n<script type=\"application\/ld+json\" class=\"yoast-schema-graph\">{\"@context\":\"https:\\\/\\\/schema.org\",\"@graph\":[{\"@type\":\"WebPage\",\"@id\":\"https:\\\/\\\/xstyle.md\\\/product\\\/nabor-meshkov-dlya-veshhej-sea-to-summit-ultra-sil-stuff-sack-set-3-5-8-l\\\/\",\"url\":\"https:\\\/\\\/xstyle.md\\\/product\\\/nabor-meshkov-dlya-veshhej-sea-to-summit-ultra-sil-stuff-sack-set-3-5-8-l\\\/\",\"name\":\"\u041d\u0430\u0431\u043e\u0440 \u043c\u0435\u0448\u043a\u043e\u0432 \u0434\u043b\u044f \u0432\u0435\u0449\u0435\u0439 Sea to Summit Ultra Sil Stuff Sack Set 3, 5, 8 L - \u041c\u0430\u0433\u0430\u0437\u0438\u043d Xstyle\",\"isPartOf\":{\"@id\":\"https:\\\/\\\/xstyle.md\\\/#website\"},\"primaryImageOfPage\":{\"@id\":\"https:\\\/\\\/xstyle.md\\\/product\\\/nabor-meshkov-dlya-veshhej-sea-to-summit-ultra-sil-stuff-sack-set-3-5-8-l\\\/#primaryimage\"},\"image\":{\"@id\":\"https:\\\/\\\/xstyle.md\\\/product\\\/nabor-meshkov-dlya-veshhej-sea-to-summit-ultra-sil-stuff-sack-set-3-5-8-l\\\/#primaryimage\"},\"thumbnailUrl\":\"https:\\\/\\\/xstyle.md\\\/wp-content\\\/uploads\\\/2023\\\/07\\\/sea-to-summit-ultra-sil-stuff-sack-set-3-5-8-l.webp\",\"datePublished\":\"2023-07-26T14:53:41+00:00\",\"dateModified\":\"2024-10-21T06:54:00+00:00\",\"description\":\"\u041d\u0430\u0431\u043e\u0440 \u043c\u0435\u0448\u043a\u043e\u0432 Sea to Summit Ultra Sil \u043e\u0431\u044a\u0435\u043c\u043e\u043c 3, 5 \u0438 8 \u043b \u0438\u0434\u0435\u0430\u043b\u044c\u043d\u043e \u043f\u043e\u0434\u043e\u0439\u0434\u0435\u0442 \u0434\u043b\u044f \u0445\u0440\u0430\u043d\u0435\u043d\u0438\u044f \u0438 \u043e\u0440\u0433\u0430\u043d\u0438\u0437\u0430\u0446\u0438\u0438 \u0432\u0435\u0449\u0435\u0439. \u041b\u0435\u0433\u043a\u0438\u0435, \u043f\u0440\u043e\u0447\u043d\u044b\u0435 \u0438 \u0434\u044b\u0448\u0430\u0449\u0438\u0435.\",\"breadcrumb\":{\"@id\":\"https:\\\/\\\/xstyle.md\\\/product\\\/nabor-meshkov-dlya-veshhej-sea-to-summit-ultra-sil-stuff-sack-set-3-5-8-l\\\/#breadcrumb\"},\"inLanguage\":\"ro-RO\",\"potentialAction\":[{\"@type\":\"ReadAction\",\"target\":[\"https:\\\/\\\/xstyle.md\\\/product\\\/nabor-meshkov-dlya-veshhej-sea-to-summit-ultra-sil-stuff-sack-set-3-5-8-l\\\/\"]}]},{\"@type\":\"ImageObject\",\"inLanguage\":\"ro-RO\",\"@id\":\"https:\\\/\\\/xstyle.md\\\/product\\\/nabor-meshkov-dlya-veshhej-sea-to-summit-ultra-sil-stuff-sack-set-3-5-8-l\\\/#primaryimage\",\"url\":\"https:\\\/\\\/xstyle.md\\\/wp-content\\\/uploads\\\/2023\\\/07\\\/sea-to-summit-ultra-sil-stuff-sack-set-3-5-8-l.webp\",\"contentUrl\":\"https:\\\/\\\/xstyle.md\\\/wp-content\\\/uploads\\\/2023\\\/07\\\/sea-to-summit-ultra-sil-stuff-sack-set-3-5-8-l.webp\",\"width\":1200,\"height\":1200,\"caption\":\"\u041d\u0430\u0431\u043e\u0440 \u043c\u0435\u0448\u043a\u043e\u0432 \u0434\u043b\u044f \u0432\u0435\u0449\u0435\u0439 Sea to Summit Ultra Sil \u0434\u043b\u044f \u0430\u043a\u0442\u0438\u0432\u043d\u043e\u0433\u043e \u043e\u0442\u0434\u044b\u0445\u0430, \u043f\u043e\u0445\u043e\u0434\u043e\u0432, \u043f\u0443\u0442\u0435\u0448\u0435\u0441\u0442\u0432\u0438\u0439 \u0438 \u0441\u043d\u0430\u0440\u044f\u0436\u0435\u043d\u0438\u044f \u0434\u043b\u044f \u0430\u043b\u044c\u043f\u0438\u043d\u0438\u0437\u043c\u0430 \u0438 \u0442\u0443\u0440\u0438\u0437\u043c\u0430 \u0432 \u0438\u043d\u0442\u0435\u0440\u043d\u0435\u0442-\u043c\u0430\u0433\u0430\u0437\u0438\u043d\u0435\"},{\"@type\":\"BreadcrumbList\",\"@id\":\"https:\\\/\\\/xstyle.md\\\/product\\\/nabor-meshkov-dlya-veshhej-sea-to-summit-ultra-sil-stuff-sack-set-3-5-8-l\\\/#breadcrumb\",\"itemListElement\":[{\"@type\":\"ListItem\",\"position\":1,\"name\":\"\u0413\u043b\u0430\u0432\u043d\u0430\u044f \u0441\u0442\u0440\u0430\u043d\u0438\u0446\u0430\",\"item\":\"https:\\\/\\\/xstyle.md\\\/\"},{\"@type\":\"ListItem\",\"position\":2,\"name\":\"\u041c\u0430\u0433\u0430\u0437\u0438\u043d\",\"item\":\"https:\\\/\\\/xstyle.md\\\/shop\\\/\"},{\"@type\":\"ListItem\",\"position\":3,\"name\":\"\u041d\u0430\u0431\u043e\u0440 \u043c\u0435\u0448\u043a\u043e\u0432 \u0434\u043b\u044f \u0432\u0435\u0449\u0435\u0439 Sea to Summit Ultra Sil Stuff Sack Set 3, 5, 8 L\"}]},{\"@type\":\"WebSite\",\"@id\":\"https:\\\/\\\/xstyle.md\\\/#website\",\"url\":\"https:\\\/\\\/xstyle.md\\\/\",\"name\":\"\u041c\u0430\u0433\u0430\u0437\u0438\u043d Xstyle\",\"description\":\"C\u043d\u0430\u0440\u044f\u0436\u0435\u043d\u0438\u0435 \u0434\u043b\u044f \u0442\u0443\u0440\u0438\u0437\u043c\u0430 \u0438 \u044d\u043a\u0441\u0442\u0440\u0435\u043c\u0430\u043b\u044c\u043d\u044b\u0445 \u0432\u0438\u0434\u043e\u0432 \u0441\u043f\u043e\u0440\u0442\u0430 \u0432 \u041c\u043e\u043b\u0434\u043e\u0432\u0435.. \u0426\u0435\u043d\u044b, \u0444\u043e\u0442\u043e, \u0445\u0430\u0440\u0430\u043a\u0442\u0435\u0440\u0438\u0441\u0442\u0438\u043a\u0438 \u0432 \u041c\u043e\u043b\u0434\u043e\u0432\u0435.\",\"publisher\":{\"@id\":\"https:\\\/\\\/xstyle.md\\\/#organization\"},\"alternateName\":\"X-Style\",\"potentialAction\":[{\"@type\":\"SearchAction\",\"target\":{\"@type\":\"EntryPoint\",\"urlTemplate\":\"https:\\\/\\\/xstyle.md\\\/?s={search_term_string}\"},\"query-input\":{\"@type\":\"PropertyValueSpecification\",\"valueRequired\":true,\"valueName\":\"search_term_string\"}}],\"inLanguage\":\"ro-RO\"},{\"@type\":\"Organization\",\"@id\":\"https:\\\/\\\/xstyle.md\\\/#organization\",\"name\":\"\u041c\u0430\u0433\u0430\u0437\u0438\u043d Xstyle\",\"alternateName\":\"x-style\",\"url\":\"https:\\\/\\\/xstyle.md\\\/\",\"logo\":{\"@type\":\"ImageObject\",\"inLanguage\":\"ro-RO\",\"@id\":\"https:\\\/\\\/xstyle.md\\\/#\\\/schema\\\/logo\\\/image\\\/\",\"url\":\"https:\\\/\\\/xstyle.md\\\/wp-content\\\/uploads\\\/2020\\\/06\\\/logoicon.svg\",\"contentUrl\":\"https:\\\/\\\/xstyle.md\\\/wp-content\\\/uploads\\\/2020\\\/06\\\/logoicon.svg\",\"caption\":\"\u041c\u0430\u0433\u0430\u0437\u0438\u043d Xstyle\"},\"image\":{\"@id\":\"https:\\\/\\\/xstyle.md\\\/#\\\/schema\\\/logo\\\/image\\\/\"},\"sameAs\":[\"https:\\\/\\\/www.facebook.com\\\/xstylemd\",\"https:\\\/\\\/www.instagram.com\\\/xstyle_md\\\/\",\"https:\\\/\\\/t.me\\\/xstyle_outdoor\"],\"hasMerchantReturnPolicy\":{\"@type\":\"MerchantReturnPolicy\",\"merchantReturnLink\":\"https:\\\/\\\/xstyle.md\\\/ro\\\/conditions\\\/\"}}]}<\/script>\n<meta property=\"product:price:amount\" content=\"1340.00\" \/>\n<meta property=\"product:price:currency\" content=\"MDL\" \/>\n<meta property=\"og:availability\" content=\"instock\" \/>\n<meta property=\"product:availability\" content=\"instock\" \/>\n<meta property=\"product:retailer_item_id\" content=\"9327868154449\" \/>\n<meta property=\"product:condition\" content=\"new\" \/>\n<!-- \/ Yoast SEO plugin. -->","yoast_head_json":{"title":"Set de saci pentru lucruri Sea to Summit Ultra Sil Stuff Sack Set 3, 5, 8 L - Magazin Xstyle","description":"Setul de saci Sea to Summit Ultra Sil cu volume de 3, 5 \u0219i 8 l este ideal pentru depozitarea \u0219i organizarea lucrurilor. U\u0219ori, rezisten\u021bi \u0219i respirabili.","robots":{"index":"index","follow":"follow","max-snippet":"max-snippet:-1","max-image-preview":"max-image-preview:large","max-video-preview":"max-video-preview:-1"},"canonical":"https:\/\/xstyle.md\/ro\/produs\/nabor-meshkov-dlya-veshhej-sea-to-summit-ultra-sil-stuff-sack-set-3-5-8-l\/","og_locale":"ro_RO","og_type":"article","og_title":"\u041d\u0430\u0431\u043e\u0440 \u043c\u0435\u0448\u043a\u043e\u0432 \u0434\u043b\u044f \u0432\u0435\u0449\u0435\u0439 Sea to Summit Ultra Sil Stuff Sack Set 3, 5, 8 L - \u041c\u0430\u0433\u0430\u0437\u0438\u043d Xstyle","og_description":"\u041d\u0430\u0431\u043e\u0440 \u043c\u0435\u0448\u043a\u043e\u0432 Sea to Summit Ultra Sil \u043e\u0431\u044a\u0435\u043c\u043e\u043c 3, 5 \u0438 8 \u043b \u0438\u0434\u0435\u0430\u043b\u044c\u043d\u043e \u043f\u043e\u0434\u043e\u0439\u0434\u0435\u0442 \u0434\u043b\u044f \u0445\u0440\u0430\u043d\u0435\u043d\u0438\u044f \u0438 \u043e\u0440\u0433\u0430\u043d\u0438\u0437\u0430\u0446\u0438\u0438 \u0432\u0435\u0449\u0435\u0439. \u041b\u0435\u0433\u043a\u0438\u0435, \u043f\u0440\u043e\u0447\u043d\u044b\u0435 \u0438 \u0434\u044b\u0448\u0430\u0449\u0438\u0435.","og_url":"https:\/\/xstyle.md\/ro\/produs\/nabor-meshkov-dlya-veshhej-sea-to-summit-ultra-sil-stuff-sack-set-3-5-8-l\/","og_site_name":"\u041c\u0430\u0433\u0430\u0437\u0438\u043d Xstyle","article_publisher":"https:\/\/www.facebook.com\/xstylemd","article_modified_time":"2024-10-21T06:54:00+00:00","og_image":[{"width":1200,"height":1200,"url":"https:\/\/xstyle.md\/wp-content\/uploads\/2023\/07\/sea-to-summit-ultra-sil-stuff-sack-set-3-5-8-l.webp","type":"image\/webp"}],"twitter_card":"summary_large_image","twitter_misc":{"Pre\u021b":"1.340&nbsp;MDL","Disponibilitate":"\u00cen stoc"},"schema":{"@context":"https:\/\/schema.org","@graph":[{"@type":"WebPage","@id":"https:\/\/xstyle.md\/product\/nabor-meshkov-dlya-veshhej-sea-to-summit-ultra-sil-stuff-sack-set-3-5-8-l\/","url":"https:\/\/xstyle.md\/product\/nabor-meshkov-dlya-veshhej-sea-to-summit-ultra-sil-stuff-sack-set-3-5-8-l\/","name":"Set de saci pentru lucruri Sea to Summit Ultra Sil Stuff Sack Set 3, 5, 8 L - Magazin Xstyle","isPartOf":{"@id":"https:\/\/xstyle.md\/#website"},"primaryImageOfPage":{"@id":"https:\/\/xstyle.md\/product\/nabor-meshkov-dlya-veshhej-sea-to-summit-ultra-sil-stuff-sack-set-3-5-8-l\/#primaryimage"},"image":{"@id":"https:\/\/xstyle.md\/product\/nabor-meshkov-dlya-veshhej-sea-to-summit-ultra-sil-stuff-sack-set-3-5-8-l\/#primaryimage"},"thumbnailUrl":"https:\/\/xstyle.md\/wp-content\/uploads\/2023\/07\/sea-to-summit-ultra-sil-stuff-sack-set-3-5-8-l.webp","datePublished":"2023-07-26T14:53:41+00:00","dateModified":"2024-10-21T06:54:00+00:00","description":"Setul de saci Sea to Summit Ultra Sil cu volume de 3, 5 \u0219i 8 l este ideal pentru depozitarea \u0219i organizarea lucrurilor. U\u0219ori, rezisten\u021bi \u0219i respirabili.","breadcrumb":{"@id":"https:\/\/xstyle.md\/product\/nabor-meshkov-dlya-veshhej-sea-to-summit-ultra-sil-stuff-sack-set-3-5-8-l\/#breadcrumb"},"inLanguage":"ro-RO","potentialAction":[{"@type":"ReadAction","target":["https:\/\/xstyle.md\/product\/nabor-meshkov-dlya-veshhej-sea-to-summit-ultra-sil-stuff-sack-set-3-5-8-l\/"]}]},{"@type":"ImageObject","inLanguage":"ro-RO","@id":"https:\/\/xstyle.md\/product\/nabor-meshkov-dlya-veshhej-sea-to-summit-ultra-sil-stuff-sack-set-3-5-8-l\/#primaryimage","url":"https:\/\/xstyle.md\/wp-content\/uploads\/2023\/07\/sea-to-summit-ultra-sil-stuff-sack-set-3-5-8-l.webp","contentUrl":"https:\/\/xstyle.md\/wp-content\/uploads\/2023\/07\/sea-to-summit-ultra-sil-stuff-sack-set-3-5-8-l.webp","width":1200,"height":1200,"caption":"\u041d\u0430\u0431\u043e\u0440 \u043c\u0435\u0448\u043a\u043e\u0432 \u0434\u043b\u044f \u0432\u0435\u0449\u0435\u0439 Sea to Summit Ultra Sil \u0434\u043b\u044f \u0430\u043a\u0442\u0438\u0432\u043d\u043e\u0433\u043e \u043e\u0442\u0434\u044b\u0445\u0430, \u043f\u043e\u0445\u043e\u0434\u043e\u0432, \u043f\u0443\u0442\u0435\u0448\u0435\u0441\u0442\u0432\u0438\u0439 \u0438 \u0441\u043d\u0430\u0440\u044f\u0436\u0435\u043d\u0438\u044f \u0434\u043b\u044f \u0430\u043b\u044c\u043f\u0438\u043d\u0438\u0437\u043c\u0430 \u0438 \u0442\u0443\u0440\u0438\u0437\u043c\u0430 \u0432 \u0438\u043d\u0442\u0435\u0440\u043d\u0435\u0442-\u043c\u0430\u0433\u0430\u0437\u0438\u043d\u0435"},{"@type":"BreadcrumbList","@id":"https:\/\/xstyle.md\/product\/nabor-meshkov-dlya-veshhej-sea-to-summit-ultra-sil-stuff-sack-set-3-5-8-l\/#breadcrumb","itemListElement":[{"@type":"ListItem","position":1,"name":"\u0413\u043b\u0430\u0432\u043d\u0430\u044f \u0441\u0442\u0440\u0430\u043d\u0438\u0446\u0430","item":"https:\/\/xstyle.md\/"},{"@type":"ListItem","position":2,"name":"\u041c\u0430\u0433\u0430\u0437\u0438\u043d","item":"https:\/\/xstyle.md\/shop\/"},{"@type":"ListItem","position":3,"name":"\u041d\u0430\u0431\u043e\u0440 \u043c\u0435\u0448\u043a\u043e\u0432 \u0434\u043b\u044f \u0432\u0435\u0449\u0435\u0439 Sea to Summit Ultra Sil Stuff Sack Set 3, 5, 8 L"}]},{"@type":"WebSite","@id":"https:\/\/xstyle.md\/#website","url":"https:\/\/xstyle.md\/","name":"Magazinul X-Style","description":"Echipamente pentru turism \u0219i sporturi extreme \u00een Moldova. Pre\u021buri, fotografii, caracteristici \u00een Moldova.","publisher":{"@id":"https:\/\/xstyle.md\/#organization"},"alternateName":"X-Style","potentialAction":[{"@type":"SearchAction","target":{"@type":"EntryPoint","urlTemplate":"https:\/\/xstyle.md\/?s={search_term_string}"},"query-input":{"@type":"PropertyValueSpecification","valueRequired":true,"valueName":"search_term_string"}}],"inLanguage":"ro-RO"},{"@type":"Organization","@id":"https:\/\/xstyle.md\/#organization","name":"Magazinul X-Style","alternateName":"x-style","url":"https:\/\/xstyle.md\/","logo":{"@type":"ImageObject","inLanguage":"ro-RO","@id":"https:\/\/xstyle.md\/#\/schema\/logo\/image\/","url":"https:\/\/xstyle.md\/wp-content\/uploads\/2020\/06\/logoicon.svg","contentUrl":"https:\/\/xstyle.md\/wp-content\/uploads\/2020\/06\/logoicon.svg","caption":"\u041c\u0430\u0433\u0430\u0437\u0438\u043d Xstyle"},"image":{"@id":"https:\/\/xstyle.md\/#\/schema\/logo\/image\/"},"sameAs":["https:\/\/www.facebook.com\/xstylemd","https:\/\/www.instagram.com\/xstyle_md\/","https:\/\/t.me\/xstyle_outdoor"],"hasMerchantReturnPolicy":{"@type":"MerchantReturnPolicy","merchantReturnLink":"https:\/\/xstyle.md\/ro\/conditions\/"}}]},"product_price_amount":"1340.00","product_price_currency":"MDL","og_availability":"instock","product_availability":"instock","product_retailer_item_id":"9327868154449","product_condition":"new"},"_links":{"self":[{"href":"https:\/\/xstyle.md\/ro\/wp-json\/wp\/v2\/product\/72118","targetHints":{"allow":["GET"]}}],"collection":[{"href":"https:\/\/xstyle.md\/ro\/wp-json\/wp\/v2\/product"}],"about":[{"href":"https:\/\/xstyle.md\/ro\/wp-json\/wp\/v2\/types\/product"}],"replies":[{"embeddable":true,"href":"https:\/\/xstyle.md\/ro\/wp-json\/wp\/v2\/comments?post=72118"}],"wp:featuredmedia":[{"embeddable":true,"href":"https:\/\/xstyle.md\/ro\/wp-json\/wp\/v2\/media\/72163"}],"wp:attachment":[{"href":"https:\/\/xstyle.md\/ro\/wp-json\/wp\/v2\/media?parent=72118"}],"wp:term":[{"taxonomy":"product_brand","embeddable":true,"href":"https:\/\/xstyle.md\/ro\/wp-json\/wp\/v2\/product_brand?post=72118"},{"taxonomy":"product_cat","embeddable":true,"href":"https:\/\/xstyle.md\/ro\/wp-json\/wp\/v2\/product_cat?post=72118"},{"taxonomy":"product_tag","embeddable":true,"href":"https:\/\/xstyle.md\/ro\/wp-json\/wp\/v2\/product_tag?post=72118"}],"curies":[{"name":"wp","href":"https:\/\/api.w.org\/{rel}","templated":true}]}}