{"id":72109,"date":"2023-07-26T17:53:39","date_gmt":"2023-07-26T14:53:39","guid":{"rendered":"https:\/\/xstyle.md\/?post_type=product&#038;p=72109"},"modified":"2026-03-14T21:36:14","modified_gmt":"2026-03-14T18:36:14","slug":"nabor-germomeshkov-sea-to-summit-lightweight-dry-bag-set-3-5-8l","status":"publish","type":"product","link":"https:\/\/xstyle.md\/ro\/produs\/nabor-germomeshkov-sea-to-summit-lightweight-dry-bag-set-3-5-8l\/","title":{"rendered":"Hus\u0103 Sea to Summit Lightweight Dry Bag Set 3, 5, 8L"},"content":{"rendered":"<\/p>\n<p><strong>Sea to Summit Lightweight Dry Bag Set 3, 5, 8L<\/strong> &#8212; un set de saci foarte u\u0219oare \u0219i etan\u0219e, confec\u021bionate din material impermeabil. De\u0219i materialul este sub\u021bire, acestea sunt destul de durabile \u0219i confortabile de utilizat. Acest tip de sac de umplutur\u0103 este ideal pentru drume\u021bii, excursii cu bicicleta \u0219i excursii pe ap\u0103.<\/p>\n<h3>Particularit\u0103\u021bi<\/h3>\n<ul>\n<li>\u021aes\u0103tur\u0103 durabil\u0103 \u0219i foarte u\u0219oar\u0103, cu impregnare hidrofug\u0103<\/li>\n<li>Roll-top &#8212; se \u00eenchide prin r\u0103sucire \u0219i se fixeaz\u0103 cu o \u00eenchiz\u0103toare<\/li>\n<li>\u00cen apropierea \u00eenchiz\u0103torului exist\u0103 un inel D pentru a ata\u0219a geanta la un caiac, biciclet\u0103.<\/li>\n<li>Materialul moale \u0219i forma oval\u0103 asigur\u0103 o ambalare compact\u0103<\/li>\n<li>Interior din poliuretan de culoare alb\u0103 pentru o mai bun\u0103 vizibilitate a echipamentului<\/li>\n<\/ul>\n<h3>Caracteristici<\/h3>\n<ul>\n<li>Material &#8212; 70D Nylon reciclat<\/li>\n<li>3 L &#8212; 45 g \/ 21,3 x 17 x 13,3 cm<\/li>\n<li>5 L &#8212; 50 g \/ 32 x 16,8 x 14 cm<\/li>\n<li>8 L &#8212; 67 g \/ 39 x 19,9 x 16,5 cm<\/li>\n<\/ul>\n<h3>Tehnologie<\/h3>\n<ul>\n<li><strong>Nylon<\/strong> &#8212; este apreciat pentru greutatea sa redus\u0103, rezisten\u021ba foarte mare la trac\u021biune \u0219i rezisten\u021ba la deteriorare. \u00ce\u0219i p\u0103streaz\u0103 bine forma, iar articolele de \u00eembr\u0103c\u0103minte din nailon dureaz\u0103 mult timp dac\u0103 sunt \u00eengrijite corespunz\u0103tor. Datorit\u0103 netezimii fibrelor sale, acest material este foarte u\u0219or de sp\u0103lat &#8212; orice murd\u0103rie este sp\u0103lat\u0103 f\u0103r\u0103 prea mult efort, iar detergen\u021bii nu se depun pe \u021bes\u0103tur\u0103. Articolele de \u00eembr\u0103c\u0103minte din nailon pot fi sp\u0103late chiar \u0219i \u00een ap\u0103 rece.<\/li>\n<\/ul>\n<h3>Marca<\/h3>\n<p>Sea to Summit &#8212; o marc\u0103 fondat\u0103 \u00een 1990 \u00een Australia. Gama sa de echipamente unice \u0219i utile pentru drume\u021bii \u0219i c\u0103l\u0103torii: huse ermetice, prosoape din microfibr\u0103, ustensile pliabile din silicon, gen\u021bi, rucsacuri, corturi, saci de dormit. Fiecare articol proiectat \u00een cadrul companiei are o greutate minim\u0103 \u0219i o func\u021bionalitate maxim\u0103.<\/p>\n<p><\/p>","protected":false},"excerpt":{"rendered":"","protected":false},"featured_media":72384,"comment_status":"open","ping_status":"closed","template":"","meta":{"_acf_changed":false,"inline_featured_image":false},"product_brand":[1281],"product_cat":[863],"product_tag":[],"class_list":{"0":"post-72109","1":"product","2":"type-product","3":"status-publish","4":"has-post-thumbnail","6":"product_brand-sea-to-summit","7":"product_cat-hermetic-bags","9":"first","10":"instock","11":"shipping-taxable","12":"purchasable","13":"product-type-simple"},"acf":[],"yoast_head":"<!-- This site is optimized with the Yoast SEO plugin v27.4 - https:\/\/yoast.com\/product\/yoast-seo-wordpress\/ -->\n<title>\u041d\u0430\u0431\u043e\u0440 \u0433\u0435\u0440\u043c\u043e\u043c\u0435\u0448\u043a\u043e\u0432 Sea to Summit Lightweight Dry Bag Set 3, 5, 8L - \u041c\u0430\u0433\u0430\u0437\u0438\u043d Xstyle<\/title>\n<meta name=\"description\" content=\"\u041d\u0430\u0431\u043e\u0440 \u0433\u0435\u0440\u043c\u043e\u043c\u0435\u0448\u043a\u043e\u0432 Sea to Summit (3, 5, 8L) \u2014 \u043b\u0435\u0433\u043a\u0438\u0435, \u0432\u043e\u0434\u043e\u043d\u0435\u043f\u0440\u043e\u043d\u0438\u0446\u0430\u0435\u043c\u044b\u0435 \u0438 \u043f\u0440\u043e\u0447\u043d\u044b\u0435. \u0418\u0434\u0435\u0430\u043b\u044c\u043d\u044b \u0434\u043b\u044f \u043f\u043e\u0445\u043e\u0434\u043e\u0432 \u0438 \u0432\u0435\u043b\u043e\u043f\u0443\u0442\u0435\u0448\u0435\u0441\u0442\u0432\u0438\u0439. \u0423\u0434\u043e\u0431\u0441\u0442\u0432\u043e \u0438 \u043d\u0430\u0434\u0435\u0436\u043d\u043e\u0441\u0442\u044c \u0432 \u043a\u043e\u043c\u043f\u0430\u043a\u0442\u043d\u043e\u043c \u0444\u043e\u0440\u043c\u0430\u0442\u0435.\" \/>\n<meta name=\"robots\" content=\"index, follow, max-snippet:-1, max-image-preview:large, max-video-preview:-1\" \/>\n<link rel=\"canonical\" href=\"https:\/\/xstyle.md\/ro\/produs\/nabor-germomeshkov-sea-to-summit-lightweight-dry-bag-set-3-5-8l\/\" \/>\n<meta property=\"og:locale\" content=\"ro_RO\" \/>\n<meta property=\"og:type\" content=\"article\" \/>\n<meta property=\"og:title\" content=\"\u041d\u0430\u0431\u043e\u0440 \u0433\u0435\u0440\u043c\u043e\u043c\u0435\u0448\u043a\u043e\u0432 Sea to Summit Lightweight Dry Bag Set 3, 5, 8L - \u041c\u0430\u0433\u0430\u0437\u0438\u043d Xstyle\" \/>\n<meta property=\"og:description\" content=\"\u041d\u0430\u0431\u043e\u0440 \u0433\u0435\u0440\u043c\u043e\u043c\u0435\u0448\u043a\u043e\u0432 Sea to Summit (3, 5, 8L) \u2014 \u043b\u0435\u0433\u043a\u0438\u0435, \u0432\u043e\u0434\u043e\u043d\u0435\u043f\u0440\u043e\u043d\u0438\u0446\u0430\u0435\u043c\u044b\u0435 \u0438 \u043f\u0440\u043e\u0447\u043d\u044b\u0435. \u0418\u0434\u0435\u0430\u043b\u044c\u043d\u044b \u0434\u043b\u044f \u043f\u043e\u0445\u043e\u0434\u043e\u0432 \u0438 \u0432\u0435\u043b\u043e\u043f\u0443\u0442\u0435\u0448\u0435\u0441\u0442\u0432\u0438\u0439. \u0423\u0434\u043e\u0431\u0441\u0442\u0432\u043e \u0438 \u043d\u0430\u0434\u0435\u0436\u043d\u043e\u0441\u0442\u044c \u0432 \u043a\u043e\u043c\u043f\u0430\u043a\u0442\u043d\u043e\u043c \u0444\u043e\u0440\u043c\u0430\u0442\u0435.\" \/>\n<meta property=\"og:url\" content=\"https:\/\/xstyle.md\/ro\/produs\/nabor-germomeshkov-sea-to-summit-lightweight-dry-bag-set-3-5-8l\/\" \/>\n<meta property=\"og:site_name\" content=\"\u041c\u0430\u0433\u0430\u0437\u0438\u043d Xstyle\" \/>\n<meta property=\"article:publisher\" content=\"https:\/\/www.facebook.com\/xstylemd\" \/>\n<meta property=\"article:modified_time\" content=\"2026-03-14T18:36:14+00:00\" \/>\n<meta property=\"og:image\" content=\"https:\/\/xstyle.md\/wp-content\/uploads\/2023\/07\/sea-to-summit-lightweight-dry-bag-set-3-5-8l.jpg\" \/>\n\t<meta property=\"og:image:width\" content=\"1500\" \/>\n\t<meta property=\"og:image:height\" content=\"1500\" \/>\n\t<meta property=\"og:image:type\" content=\"image\/jpeg\" \/>\n<meta name=\"twitter:card\" content=\"summary_large_image\" \/>\n<meta name=\"twitter:label1\" content=\"Pre\u021b\" \/>\n\t<meta name=\"twitter:data1\" content=\"990&nbsp;MDL\" \/>\n\t<meta name=\"twitter:label2\" content=\"Disponibilitate\" \/>\n\t<meta name=\"twitter:data2\" content=\"\u00cen stoc\" \/>\n<script type=\"application\/ld+json\" class=\"yoast-schema-graph\">{\"@context\":\"https:\\\/\\\/schema.org\",\"@graph\":[{\"@type\":\"WebPage\",\"@id\":\"https:\\\/\\\/xstyle.md\\\/product\\\/nabor-germomeshkov-sea-to-summit-lightweight-dry-bag-set-3-5-8l\\\/\",\"url\":\"https:\\\/\\\/xstyle.md\\\/product\\\/nabor-germomeshkov-sea-to-summit-lightweight-dry-bag-set-3-5-8l\\\/\",\"name\":\"\u041d\u0430\u0431\u043e\u0440 \u0433\u0435\u0440\u043c\u043e\u043c\u0435\u0448\u043a\u043e\u0432 Sea to Summit Lightweight Dry Bag Set 3, 5, 8L - \u041c\u0430\u0433\u0430\u0437\u0438\u043d Xstyle\",\"isPartOf\":{\"@id\":\"https:\\\/\\\/xstyle.md\\\/#website\"},\"primaryImageOfPage\":{\"@id\":\"https:\\\/\\\/xstyle.md\\\/product\\\/nabor-germomeshkov-sea-to-summit-lightweight-dry-bag-set-3-5-8l\\\/#primaryimage\"},\"image\":{\"@id\":\"https:\\\/\\\/xstyle.md\\\/product\\\/nabor-germomeshkov-sea-to-summit-lightweight-dry-bag-set-3-5-8l\\\/#primaryimage\"},\"thumbnailUrl\":\"https:\\\/\\\/xstyle.md\\\/wp-content\\\/uploads\\\/2023\\\/07\\\/sea-to-summit-lightweight-dry-bag-set-3-5-8l.jpg\",\"datePublished\":\"2023-07-26T14:53:39+00:00\",\"dateModified\":\"2026-03-14T18:36:14+00:00\",\"description\":\"\u041d\u0430\u0431\u043e\u0440 \u0433\u0435\u0440\u043c\u043e\u043c\u0435\u0448\u043a\u043e\u0432 Sea to Summit (3, 5, 8L) \u2014 \u043b\u0435\u0433\u043a\u0438\u0435, \u0432\u043e\u0434\u043e\u043d\u0435\u043f\u0440\u043e\u043d\u0438\u0446\u0430\u0435\u043c\u044b\u0435 \u0438 \u043f\u0440\u043e\u0447\u043d\u044b\u0435. \u0418\u0434\u0435\u0430\u043b\u044c\u043d\u044b \u0434\u043b\u044f \u043f\u043e\u0445\u043e\u0434\u043e\u0432 \u0438 \u0432\u0435\u043b\u043e\u043f\u0443\u0442\u0435\u0448\u0435\u0441\u0442\u0432\u0438\u0439. \u0423\u0434\u043e\u0431\u0441\u0442\u0432\u043e \u0438 \u043d\u0430\u0434\u0435\u0436\u043d\u043e\u0441\u0442\u044c \u0432 \u043a\u043e\u043c\u043f\u0430\u043a\u0442\u043d\u043e\u043c \u0444\u043e\u0440\u043c\u0430\u0442\u0435.\",\"breadcrumb\":{\"@id\":\"https:\\\/\\\/xstyle.md\\\/product\\\/nabor-germomeshkov-sea-to-summit-lightweight-dry-bag-set-3-5-8l\\\/#breadcrumb\"},\"inLanguage\":\"ro-RO\",\"potentialAction\":[{\"@type\":\"ReadAction\",\"target\":[\"https:\\\/\\\/xstyle.md\\\/product\\\/nabor-germomeshkov-sea-to-summit-lightweight-dry-bag-set-3-5-8l\\\/\"]}]},{\"@type\":\"ImageObject\",\"inLanguage\":\"ro-RO\",\"@id\":\"https:\\\/\\\/xstyle.md\\\/product\\\/nabor-germomeshkov-sea-to-summit-lightweight-dry-bag-set-3-5-8l\\\/#primaryimage\",\"url\":\"https:\\\/\\\/xstyle.md\\\/wp-content\\\/uploads\\\/2023\\\/07\\\/sea-to-summit-lightweight-dry-bag-set-3-5-8l.jpg\",\"contentUrl\":\"https:\\\/\\\/xstyle.md\\\/wp-content\\\/uploads\\\/2023\\\/07\\\/sea-to-summit-lightweight-dry-bag-set-3-5-8l.jpg\",\"width\":1500,\"height\":1500,\"caption\":\"\u041d\u0430\u0431\u043e\u0440 \u0433\u0435\u0440\u043c\u043e\u043c\u0435\u0448\u043a\u043e\u0432 Sea to Summit \u0434\u043b\u044f \u0430\u043a\u0442\u0438\u0432\u043d\u043e\u0433\u043e \u043e\u0442\u0434\u044b\u0445\u0430 \u043f\u043e\u0445\u043e\u0434\u043e\u0432 \u043f\u0443\u0442\u0435\u0448\u0435\u0441\u0442\u0432\u0438\u0439 \u0438 \u0441\u043f\u043e\u0440\u0442\u0430 \u0441 \u043b\u0435\u0433\u043a\u0438\u043c\u0438 \u0432\u043e\u0434\u043e\u043d\u0435\u043f\u0440\u043e\u043d\u0438\u0446\u0430\u0435\u043c\u044b\u043c\u0438 \u0441\u0443\u043c\u043a\u0430\u043c\u0438 \u0434\u043b\u044f \u043e\u0434\u0435\u0436\u0434\u044b \u043e\u0431\u0443\u0432\u0438 \u0438 \u0441\u043d\u0430\u0440\u044f\u0436\u0435\u043d\u0438\u044f\"},{\"@type\":\"BreadcrumbList\",\"@id\":\"https:\\\/\\\/xstyle.md\\\/product\\\/nabor-germomeshkov-sea-to-summit-lightweight-dry-bag-set-3-5-8l\\\/#breadcrumb\",\"itemListElement\":[{\"@type\":\"ListItem\",\"position\":1,\"name\":\"\u0413\u043b\u0430\u0432\u043d\u0430\u044f \u0441\u0442\u0440\u0430\u043d\u0438\u0446\u0430\",\"item\":\"https:\\\/\\\/xstyle.md\\\/\"},{\"@type\":\"ListItem\",\"position\":2,\"name\":\"\u041c\u0430\u0433\u0430\u0437\u0438\u043d\",\"item\":\"https:\\\/\\\/xstyle.md\\\/shop\\\/\"},{\"@type\":\"ListItem\",\"position\":3,\"name\":\"\u041d\u0430\u0431\u043e\u0440 \u0433\u0435\u0440\u043c\u043e\u043c\u0435\u0448\u043a\u043e\u0432 Sea to Summit Lightweight Dry Bag Set 3, 5, 8L\"}]},{\"@type\":\"WebSite\",\"@id\":\"https:\\\/\\\/xstyle.md\\\/#website\",\"url\":\"https:\\\/\\\/xstyle.md\\\/\",\"name\":\"\u041c\u0430\u0433\u0430\u0437\u0438\u043d Xstyle\",\"description\":\"C\u043d\u0430\u0440\u044f\u0436\u0435\u043d\u0438\u0435 \u0434\u043b\u044f \u0442\u0443\u0440\u0438\u0437\u043c\u0430 \u0438 \u044d\u043a\u0441\u0442\u0440\u0435\u043c\u0430\u043b\u044c\u043d\u044b\u0445 \u0432\u0438\u0434\u043e\u0432 \u0441\u043f\u043e\u0440\u0442\u0430 \u0432 \u041c\u043e\u043b\u0434\u043e\u0432\u0435.. \u0426\u0435\u043d\u044b, \u0444\u043e\u0442\u043e, \u0445\u0430\u0440\u0430\u043a\u0442\u0435\u0440\u0438\u0441\u0442\u0438\u043a\u0438 \u0432 \u041c\u043e\u043b\u0434\u043e\u0432\u0435.\",\"publisher\":{\"@id\":\"https:\\\/\\\/xstyle.md\\\/#organization\"},\"alternateName\":\"X-Style\",\"potentialAction\":[{\"@type\":\"SearchAction\",\"target\":{\"@type\":\"EntryPoint\",\"urlTemplate\":\"https:\\\/\\\/xstyle.md\\\/?s={search_term_string}\"},\"query-input\":{\"@type\":\"PropertyValueSpecification\",\"valueRequired\":true,\"valueName\":\"search_term_string\"}}],\"inLanguage\":\"ro-RO\"},{\"@type\":\"Organization\",\"@id\":\"https:\\\/\\\/xstyle.md\\\/#organization\",\"name\":\"\u041c\u0430\u0433\u0430\u0437\u0438\u043d Xstyle\",\"alternateName\":\"x-style\",\"url\":\"https:\\\/\\\/xstyle.md\\\/\",\"logo\":{\"@type\":\"ImageObject\",\"inLanguage\":\"ro-RO\",\"@id\":\"https:\\\/\\\/xstyle.md\\\/#\\\/schema\\\/logo\\\/image\\\/\",\"url\":\"https:\\\/\\\/xstyle.md\\\/wp-content\\\/uploads\\\/2020\\\/06\\\/logoicon.svg\",\"contentUrl\":\"https:\\\/\\\/xstyle.md\\\/wp-content\\\/uploads\\\/2020\\\/06\\\/logoicon.svg\",\"caption\":\"\u041c\u0430\u0433\u0430\u0437\u0438\u043d Xstyle\"},\"image\":{\"@id\":\"https:\\\/\\\/xstyle.md\\\/#\\\/schema\\\/logo\\\/image\\\/\"},\"sameAs\":[\"https:\\\/\\\/www.facebook.com\\\/xstylemd\",\"https:\\\/\\\/www.instagram.com\\\/xstyle_md\\\/\",\"https:\\\/\\\/t.me\\\/xstyle_outdoor\"],\"hasMerchantReturnPolicy\":{\"@type\":\"MerchantReturnPolicy\",\"merchantReturnLink\":\"https:\\\/\\\/xstyle.md\\\/ro\\\/conditions\\\/\"}}]}<\/script>\n<meta property=\"product:price:amount\" content=\"990.00\" \/>\n<meta property=\"product:price:currency\" content=\"MDL\" \/>\n<meta property=\"og:availability\" content=\"instock\" \/>\n<meta property=\"product:availability\" content=\"instock\" \/>\n<meta property=\"product:retailer_item_id\" content=\"9327868154456\" \/>\n<meta property=\"product:condition\" content=\"new\" \/>\n<!-- \/ Yoast SEO plugin. -->","yoast_head_json":{"title":"Set de saci impermeabili Sea to Summit Lightweight Dry Bag Set 3, 5, 8L - Magazin Xstyle","description":"Set de saci impermeabili Sea to Summit (3, 5, 8L) \u2014 u\u0219ori, impermeabili \u0219i rezisten\u021bi. Ideali pentru drume\u021bii \u0219i c\u0103l\u0103torii cu bicicleta. Confort \u0219i fiabilitate \u00eentr-un format compact.","robots":{"index":"index","follow":"follow","max-snippet":"max-snippet:-1","max-image-preview":"max-image-preview:large","max-video-preview":"max-video-preview:-1"},"canonical":"https:\/\/xstyle.md\/ro\/produs\/nabor-germomeshkov-sea-to-summit-lightweight-dry-bag-set-3-5-8l\/","og_locale":"ro_RO","og_type":"article","og_title":"\u041d\u0430\u0431\u043e\u0440 \u0433\u0435\u0440\u043c\u043e\u043c\u0435\u0448\u043a\u043e\u0432 Sea to Summit Lightweight Dry Bag Set 3, 5, 8L - \u041c\u0430\u0433\u0430\u0437\u0438\u043d Xstyle","og_description":"\u041d\u0430\u0431\u043e\u0440 \u0433\u0435\u0440\u043c\u043e\u043c\u0435\u0448\u043a\u043e\u0432 Sea to Summit (3, 5, 8L) \u2014 \u043b\u0435\u0433\u043a\u0438\u0435, \u0432\u043e\u0434\u043e\u043d\u0435\u043f\u0440\u043e\u043d\u0438\u0446\u0430\u0435\u043c\u044b\u0435 \u0438 \u043f\u0440\u043e\u0447\u043d\u044b\u0435. \u0418\u0434\u0435\u0430\u043b\u044c\u043d\u044b \u0434\u043b\u044f \u043f\u043e\u0445\u043e\u0434\u043e\u0432 \u0438 \u0432\u0435\u043b\u043e\u043f\u0443\u0442\u0435\u0448\u0435\u0441\u0442\u0432\u0438\u0439. \u0423\u0434\u043e\u0431\u0441\u0442\u0432\u043e \u0438 \u043d\u0430\u0434\u0435\u0436\u043d\u043e\u0441\u0442\u044c \u0432 \u043a\u043e\u043c\u043f\u0430\u043a\u0442\u043d\u043e\u043c \u0444\u043e\u0440\u043c\u0430\u0442\u0435.","og_url":"https:\/\/xstyle.md\/ro\/produs\/nabor-germomeshkov-sea-to-summit-lightweight-dry-bag-set-3-5-8l\/","og_site_name":"\u041c\u0430\u0433\u0430\u0437\u0438\u043d Xstyle","article_publisher":"https:\/\/www.facebook.com\/xstylemd","article_modified_time":"2026-03-14T18:36:14+00:00","og_image":[{"width":1500,"height":1500,"url":"https:\/\/xstyle.md\/wp-content\/uploads\/2023\/07\/sea-to-summit-lightweight-dry-bag-set-3-5-8l.jpg","type":"image\/jpeg"}],"twitter_card":"summary_large_image","twitter_misc":{"Pre\u021b":"990&nbsp;MDL","Disponibilitate":"\u00cen stoc"},"schema":{"@context":"https:\/\/schema.org","@graph":[{"@type":"WebPage","@id":"https:\/\/xstyle.md\/product\/nabor-germomeshkov-sea-to-summit-lightweight-dry-bag-set-3-5-8l\/","url":"https:\/\/xstyle.md\/product\/nabor-germomeshkov-sea-to-summit-lightweight-dry-bag-set-3-5-8l\/","name":"Set de saci impermeabili Sea to Summit Lightweight Dry Bag Set 3, 5, 8L - Magazin Xstyle","isPartOf":{"@id":"https:\/\/xstyle.md\/#website"},"primaryImageOfPage":{"@id":"https:\/\/xstyle.md\/product\/nabor-germomeshkov-sea-to-summit-lightweight-dry-bag-set-3-5-8l\/#primaryimage"},"image":{"@id":"https:\/\/xstyle.md\/product\/nabor-germomeshkov-sea-to-summit-lightweight-dry-bag-set-3-5-8l\/#primaryimage"},"thumbnailUrl":"https:\/\/xstyle.md\/wp-content\/uploads\/2023\/07\/sea-to-summit-lightweight-dry-bag-set-3-5-8l.jpg","datePublished":"2023-07-26T14:53:39+00:00","dateModified":"2026-03-14T18:36:14+00:00","description":"Set de saci impermeabili Sea to Summit (3, 5, 8L) \u2014 u\u0219ori, impermeabili \u0219i rezisten\u021bi. Ideali pentru drume\u021bii \u0219i c\u0103l\u0103torii cu bicicleta. Confort \u0219i fiabilitate \u00eentr-un format compact.","breadcrumb":{"@id":"https:\/\/xstyle.md\/product\/nabor-germomeshkov-sea-to-summit-lightweight-dry-bag-set-3-5-8l\/#breadcrumb"},"inLanguage":"ro-RO","potentialAction":[{"@type":"ReadAction","target":["https:\/\/xstyle.md\/product\/nabor-germomeshkov-sea-to-summit-lightweight-dry-bag-set-3-5-8l\/"]}]},{"@type":"ImageObject","inLanguage":"ro-RO","@id":"https:\/\/xstyle.md\/product\/nabor-germomeshkov-sea-to-summit-lightweight-dry-bag-set-3-5-8l\/#primaryimage","url":"https:\/\/xstyle.md\/wp-content\/uploads\/2023\/07\/sea-to-summit-lightweight-dry-bag-set-3-5-8l.jpg","contentUrl":"https:\/\/xstyle.md\/wp-content\/uploads\/2023\/07\/sea-to-summit-lightweight-dry-bag-set-3-5-8l.jpg","width":1500,"height":1500,"caption":"\u041d\u0430\u0431\u043e\u0440 \u0433\u0435\u0440\u043c\u043e\u043c\u0435\u0448\u043a\u043e\u0432 Sea to Summit \u0434\u043b\u044f \u0430\u043a\u0442\u0438\u0432\u043d\u043e\u0433\u043e \u043e\u0442\u0434\u044b\u0445\u0430 \u043f\u043e\u0445\u043e\u0434\u043e\u0432 \u043f\u0443\u0442\u0435\u0448\u0435\u0441\u0442\u0432\u0438\u0439 \u0438 \u0441\u043f\u043e\u0440\u0442\u0430 \u0441 \u043b\u0435\u0433\u043a\u0438\u043c\u0438 \u0432\u043e\u0434\u043e\u043d\u0435\u043f\u0440\u043e\u043d\u0438\u0446\u0430\u0435\u043c\u044b\u043c\u0438 \u0441\u0443\u043c\u043a\u0430\u043c\u0438 \u0434\u043b\u044f \u043e\u0434\u0435\u0436\u0434\u044b \u043e\u0431\u0443\u0432\u0438 \u0438 \u0441\u043d\u0430\u0440\u044f\u0436\u0435\u043d\u0438\u044f"},{"@type":"BreadcrumbList","@id":"https:\/\/xstyle.md\/product\/nabor-germomeshkov-sea-to-summit-lightweight-dry-bag-set-3-5-8l\/#breadcrumb","itemListElement":[{"@type":"ListItem","position":1,"name":"\u0413\u043b\u0430\u0432\u043d\u0430\u044f \u0441\u0442\u0440\u0430\u043d\u0438\u0446\u0430","item":"https:\/\/xstyle.md\/"},{"@type":"ListItem","position":2,"name":"\u041c\u0430\u0433\u0430\u0437\u0438\u043d","item":"https:\/\/xstyle.md\/shop\/"},{"@type":"ListItem","position":3,"name":"\u041d\u0430\u0431\u043e\u0440 \u0433\u0435\u0440\u043c\u043e\u043c\u0435\u0448\u043a\u043e\u0432 Sea to Summit Lightweight Dry Bag Set 3, 5, 8L"}]},{"@type":"WebSite","@id":"https:\/\/xstyle.md\/#website","url":"https:\/\/xstyle.md\/","name":"Magazinul X-Style","description":"Echipamente pentru turism \u0219i sporturi extreme \u00een Moldova. Pre\u021buri, fotografii, caracteristici \u00een Moldova.","publisher":{"@id":"https:\/\/xstyle.md\/#organization"},"alternateName":"X-Style","potentialAction":[{"@type":"SearchAction","target":{"@type":"EntryPoint","urlTemplate":"https:\/\/xstyle.md\/?s={search_term_string}"},"query-input":{"@type":"PropertyValueSpecification","valueRequired":true,"valueName":"search_term_string"}}],"inLanguage":"ro-RO"},{"@type":"Organization","@id":"https:\/\/xstyle.md\/#organization","name":"Magazinul X-Style","alternateName":"x-style","url":"https:\/\/xstyle.md\/","logo":{"@type":"ImageObject","inLanguage":"ro-RO","@id":"https:\/\/xstyle.md\/#\/schema\/logo\/image\/","url":"https:\/\/xstyle.md\/wp-content\/uploads\/2020\/06\/logoicon.svg","contentUrl":"https:\/\/xstyle.md\/wp-content\/uploads\/2020\/06\/logoicon.svg","caption":"\u041c\u0430\u0433\u0430\u0437\u0438\u043d Xstyle"},"image":{"@id":"https:\/\/xstyle.md\/#\/schema\/logo\/image\/"},"sameAs":["https:\/\/www.facebook.com\/xstylemd","https:\/\/www.instagram.com\/xstyle_md\/","https:\/\/t.me\/xstyle_outdoor"],"hasMerchantReturnPolicy":{"@type":"MerchantReturnPolicy","merchantReturnLink":"https:\/\/xstyle.md\/ro\/conditions\/"}}]},"product_price_amount":"990.00","product_price_currency":"MDL","og_availability":"instock","product_availability":"instock","product_retailer_item_id":"9327868154456","product_condition":"new"},"_links":{"self":[{"href":"https:\/\/xstyle.md\/ro\/wp-json\/wp\/v2\/product\/72109","targetHints":{"allow":["GET"]}}],"collection":[{"href":"https:\/\/xstyle.md\/ro\/wp-json\/wp\/v2\/product"}],"about":[{"href":"https:\/\/xstyle.md\/ro\/wp-json\/wp\/v2\/types\/product"}],"replies":[{"embeddable":true,"href":"https:\/\/xstyle.md\/ro\/wp-json\/wp\/v2\/comments?post=72109"}],"wp:featuredmedia":[{"embeddable":true,"href":"https:\/\/xstyle.md\/ro\/wp-json\/wp\/v2\/media\/72384"}],"wp:attachment":[{"href":"https:\/\/xstyle.md\/ro\/wp-json\/wp\/v2\/media?parent=72109"}],"wp:term":[{"taxonomy":"product_brand","embeddable":true,"href":"https:\/\/xstyle.md\/ro\/wp-json\/wp\/v2\/product_brand?post=72109"},{"taxonomy":"product_cat","embeddable":true,"href":"https:\/\/xstyle.md\/ro\/wp-json\/wp\/v2\/product_cat?post=72109"},{"taxonomy":"product_tag","embeddable":true,"href":"https:\/\/xstyle.md\/ro\/wp-json\/wp\/v2\/product_tag?post=72109"}],"curies":[{"name":"wp","href":"https:\/\/api.w.org\/{rel}","templated":true}]}}