{"id":72096,"date":"2023-07-26T17:53:37","date_gmt":"2023-07-26T14:53:37","guid":{"rendered":"https:\/\/xstyle.md\/?post_type=product&#038;p=72096"},"modified":"2025-06-18T16:37:44","modified_gmt":"2025-06-18T13:37:44","slug":"germomeshok-sea-to-summit-dry-bag-evac-compression-20l","status":"publish","type":"product","link":"https:\/\/xstyle.md\/ro\/produs\/germomeshok-sea-to-summit-dry-bag-evac-compression-20l\/","title":{"rendered":"Sac ermetic Sea to Summit Dry Bag Evac Compression 20L"},"content":{"rendered":"<\/p>\n<p><strong>Sea to Summit Dry Bag Evac Compression 20L<\/strong> &#8212; sac de sigilare f\u0103r\u0103 supap\u0103 cu tehnologie eVent\u00ae: acest material las\u0103 aerul s\u0103 ias\u0103 din sac, dar nu las\u0103 apa s\u0103 intre. Partea inferioar\u0103 a sacului este realizat\u0103 din acest material, f\u0103c\u00e2nd astfel \u00eentreaga construc\u021bie mai u\u0219oar\u0103 \u0219i mai simpl\u0103. Partea principal\u0103 a sacului este realizat\u0103 din \u021bes\u0103tur\u0103 durabil\u0103 70D cu acoperire din poliuretan. R\u0103sucirea superioar\u0103 este echipat\u0103 cu o band\u0103 special\u0103 care nu absoarbe apa. Patru curele de pe p\u0103r\u021bile laterale asigur\u0103 compresia.<\/p>\n<h3>Particularit\u0103\u021bi<\/h3>\n<ul>\n<li>Capacul \u0219i corpul principal sunt fabricate din nailon 70D; rezist\u0103 la o presiune de p\u00e2n\u0103 la 10.000 mm coloan\u0103 de ap\u0103<\/li>\n<li>Cus\u0103turi dublu lipite<\/li>\n<li>R\u0103sucitur\u0103 sigilat\u0103 cu band\u0103 poliuretanic\u0103 neabsorbant\u0103 \u0219i capac<\/li>\n<li>Toate punctele de \u00eenc\u0103rcare sunt \u00eent\u0103rite cu cus\u0103turi<\/li>\n<li>Acoperirea alb\u0103 din interior faciliteaz\u0103 g\u0103sirea lucrurilor \u00een geant\u0103<\/li>\n<li>M\u00e2ner pentru comoditate \u00een partea de jos<\/li>\n<li>Conceput pentru depozitarea echipamentului compresibil (de exemplu, saci de dormit \u0219i haine).<\/li>\n<li>Include o cataram\u0103 de rezerv\u0103<\/li>\n<\/ul>\n<h3>Caracteristici<\/h3>\n<ul>\n<li>Material &#8212; Nylon 70D, eVent\u00ae<\/li>\n<li>Dimensiuni &#8212; 46 x 26 x 23 cm<\/li>\n<li>Volum &#8212; 20 litri<\/li>\n<li>Greutate &#8212; 160 g<\/li>\n<\/ul>\n<h3>Marca<\/h3>\n<p>Sea to Summit este o marc\u0103 fondat\u0103 \u00een 1990 \u00een Australia. Ofer\u0103 echipamente unice \u0219i utile pentru turism \u0219i c\u0103l\u0103torii: huse impermeabile, prosoape din microfibr\u0103, ustensile pliabile din silicon, gen\u021bi, rucsacuri, rucsacuri, corturi, saci de dormit. Fiecare articol proiectat \u00een cadrul companiei are o greutate minim\u0103 \u0219i o func\u021bionalitate maxim\u0103.<\/p>\n<p><\/p>","protected":false},"excerpt":{"rendered":"","protected":false},"featured_media":72264,"comment_status":"open","ping_status":"closed","template":"","meta":{"_acf_changed":false,"inline_featured_image":false},"product_brand":[1281],"product_cat":[863],"product_tag":[],"class_list":{"0":"post-72096","1":"product","2":"type-product","3":"status-publish","4":"has-post-thumbnail","6":"product_brand-sea-to-summit","7":"product_cat-hermetic-bags","9":"first","10":"instock","11":"shipping-taxable","12":"purchasable","13":"product-type-simple"},"acf":[],"yoast_head":"<!-- This site is optimized with the Yoast SEO plugin v27.2 - https:\/\/yoast.com\/product\/yoast-seo-wordpress\/ -->\n<title>\u0413\u0435\u0440\u043c\u043e\u043c\u0435\u0448\u043e\u043a Sea to Summit Dry Bag Evac Compression 20L - \u041c\u0430\u0433\u0430\u0437\u0438\u043d Xstyle<\/title>\n<meta name=\"description\" content=\"\u0413\u0435\u0440\u043c\u043e\u043c\u0435\u0448\u043e\u043a Sea to Summit Dry Bag Evac Compression 20L \u0432\u044b\u043f\u043e\u043b\u043d\u0435\u043d \u0438\u0437 \u043f\u0440\u043e\u0447\u043d\u043e\u0433\u043e \u043c\u0430\u0442\u0435\u0440\u0438\u0430\u043b\u0430 eVent 70D, \u0437\u0430\u0449\u0438\u0449\u0430\u0435\u0442 \u0441\u043e\u0434\u0435\u0440\u0436\u0438\u043c\u043e\u0435 \u043e\u0442 \u0432\u043e\u0434\u044b \u0438 \u043e\u0431\u043b\u0435\u0433\u0447\u0430\u0435\u0442 \u0442\u0440\u0430\u043d\u0441\u043f\u043e\u0440\u0442\u0438\u0440\u043e\u0432\u043a\u0443.\" \/>\n<meta name=\"robots\" content=\"index, follow, max-snippet:-1, max-image-preview:large, max-video-preview:-1\" \/>\n<link rel=\"canonical\" href=\"https:\/\/xstyle.md\/ro\/produs\/germomeshok-sea-to-summit-dry-bag-evac-compression-20l\/\" \/>\n<meta property=\"og:locale\" content=\"ro_RO\" \/>\n<meta property=\"og:type\" content=\"article\" \/>\n<meta property=\"og:title\" content=\"\u0413\u0435\u0440\u043c\u043e\u043c\u0435\u0448\u043e\u043a Sea to Summit Dry Bag Evac Compression 20L - \u041c\u0430\u0433\u0430\u0437\u0438\u043d Xstyle\" \/>\n<meta property=\"og:description\" content=\"\u0413\u0435\u0440\u043c\u043e\u043c\u0435\u0448\u043e\u043a Sea to Summit Dry Bag Evac Compression 20L \u0432\u044b\u043f\u043e\u043b\u043d\u0435\u043d \u0438\u0437 \u043f\u0440\u043e\u0447\u043d\u043e\u0433\u043e \u043c\u0430\u0442\u0435\u0440\u0438\u0430\u043b\u0430 eVent 70D, \u0437\u0430\u0449\u0438\u0449\u0430\u0435\u0442 \u0441\u043e\u0434\u0435\u0440\u0436\u0438\u043c\u043e\u0435 \u043e\u0442 \u0432\u043e\u0434\u044b \u0438 \u043e\u0431\u043b\u0435\u0433\u0447\u0430\u0435\u0442 \u0442\u0440\u0430\u043d\u0441\u043f\u043e\u0440\u0442\u0438\u0440\u043e\u0432\u043a\u0443.\" \/>\n<meta property=\"og:url\" content=\"https:\/\/xstyle.md\/ro\/produs\/germomeshok-sea-to-summit-dry-bag-evac-compression-20l\/\" \/>\n<meta property=\"og:site_name\" content=\"\u041c\u0430\u0433\u0430\u0437\u0438\u043d Xstyle\" \/>\n<meta property=\"article:publisher\" content=\"https:\/\/www.facebook.com\/xstylemd\" \/>\n<meta property=\"article:modified_time\" content=\"2025-06-18T13:37:44+00:00\" \/>\n<meta property=\"og:image\" content=\"https:\/\/xstyle.md\/wp-content\/uploads\/2023\/07\/sea-to-summit-dry-bag-evac-compression-20l-turkish-tile.jpg\" \/>\n\t<meta property=\"og:image:width\" content=\"1572\" \/>\n\t<meta property=\"og:image:height\" content=\"1464\" \/>\n\t<meta property=\"og:image:type\" content=\"image\/jpeg\" \/>\n<meta name=\"twitter:card\" content=\"summary_large_image\" \/>\n<meta name=\"twitter:label1\" content=\"Pre\u021b\" \/>\n\t<meta name=\"twitter:data1\" content=\"995&nbsp;MDL\" \/>\n\t<meta name=\"twitter:label2\" content=\"Disponibilitate\" \/>\n\t<meta name=\"twitter:data2\" content=\"\u00cen stoc\" \/>\n<script type=\"application\/ld+json\" class=\"yoast-schema-graph\">{\"@context\":\"https:\/\/schema.org\",\"@graph\":[{\"@type\":\"WebPage\",\"@id\":\"https:\/\/xstyle.md\/product\/germomeshok-sea-to-summit-dry-bag-evac-compression-20l\/\",\"url\":\"https:\/\/xstyle.md\/product\/germomeshok-sea-to-summit-dry-bag-evac-compression-20l\/\",\"name\":\"\u0413\u0435\u0440\u043c\u043e\u043c\u0435\u0448\u043e\u043a Sea to Summit Dry Bag Evac Compression 20L - \u041c\u0430\u0433\u0430\u0437\u0438\u043d Xstyle\",\"isPartOf\":{\"@id\":\"https:\/\/xstyle.md\/#website\"},\"primaryImageOfPage\":{\"@id\":\"https:\/\/xstyle.md\/product\/germomeshok-sea-to-summit-dry-bag-evac-compression-20l\/#primaryimage\"},\"image\":{\"@id\":\"https:\/\/xstyle.md\/product\/germomeshok-sea-to-summit-dry-bag-evac-compression-20l\/#primaryimage\"},\"thumbnailUrl\":\"https:\/\/xstyle.md\/wp-content\/uploads\/2023\/07\/sea-to-summit-dry-bag-evac-compression-20l-turkish-tile.jpg\",\"datePublished\":\"2023-07-26T14:53:37+00:00\",\"dateModified\":\"2025-06-18T13:37:44+00:00\",\"description\":\"\u0413\u0435\u0440\u043c\u043e\u043c\u0435\u0448\u043e\u043a Sea to Summit Dry Bag Evac Compression 20L \u0432\u044b\u043f\u043e\u043b\u043d\u0435\u043d \u0438\u0437 \u043f\u0440\u043e\u0447\u043d\u043e\u0433\u043e \u043c\u0430\u0442\u0435\u0440\u0438\u0430\u043b\u0430 eVent 70D, \u0437\u0430\u0449\u0438\u0449\u0430\u0435\u0442 \u0441\u043e\u0434\u0435\u0440\u0436\u0438\u043c\u043e\u0435 \u043e\u0442 \u0432\u043e\u0434\u044b \u0438 \u043e\u0431\u043b\u0435\u0433\u0447\u0430\u0435\u0442 \u0442\u0440\u0430\u043d\u0441\u043f\u043e\u0440\u0442\u0438\u0440\u043e\u0432\u043a\u0443.\",\"breadcrumb\":{\"@id\":\"https:\/\/xstyle.md\/product\/germomeshok-sea-to-summit-dry-bag-evac-compression-20l\/#breadcrumb\"},\"inLanguage\":\"ro-RO\",\"potentialAction\":[{\"@type\":\"ReadAction\",\"target\":[\"https:\/\/xstyle.md\/product\/germomeshok-sea-to-summit-dry-bag-evac-compression-20l\/\"]}]},{\"@type\":\"ImageObject\",\"inLanguage\":\"ro-RO\",\"@id\":\"https:\/\/xstyle.md\/product\/germomeshok-sea-to-summit-dry-bag-evac-compression-20l\/#primaryimage\",\"url\":\"https:\/\/xstyle.md\/wp-content\/uploads\/2023\/07\/sea-to-summit-dry-bag-evac-compression-20l-turkish-tile.jpg\",\"contentUrl\":\"https:\/\/xstyle.md\/wp-content\/uploads\/2023\/07\/sea-to-summit-dry-bag-evac-compression-20l-turkish-tile.jpg\",\"width\":1572,\"height\":1464,\"caption\":\"\u0413\u0435\u0440\u043c\u043e\u043c\u0435\u0448\u043e\u043a Sea to Summit Dry Bag Evac Compression 20L \u0434\u043b\u044f \u0430\u043a\u0442\u0438\u0432\u043d\u043e\u0433\u043e \u043e\u0442\u0434\u044b\u0445\u0430, \u0442\u0443\u0440\u0438\u0437\u043c\u0430 \u0438 \u043f\u0443\u0442\u0435\u0448\u0435\u0441\u0442\u0432\u0438\u0439, \u043e\u0434\u0435\u0436\u0434\u0430 \u0438 \u0441\u043d\u0430\u0440\u044f\u0436\u0435\u043d\u0438\u0435 \u0434\u043b\u044f \u0445\u0430\u0439\u043a\u0438\u043d\u0433\u0430 \u0438 \u0430\u043b\u044c\u043f\u0438\u043d\u0438\u0437\u043c\u0430\"},{\"@type\":\"BreadcrumbList\",\"@id\":\"https:\/\/xstyle.md\/product\/germomeshok-sea-to-summit-dry-bag-evac-compression-20l\/#breadcrumb\",\"itemListElement\":[{\"@type\":\"ListItem\",\"position\":1,\"name\":\"\u0413\u043b\u0430\u0432\u043d\u0430\u044f \u0441\u0442\u0440\u0430\u043d\u0438\u0446\u0430\",\"item\":\"https:\/\/xstyle.md\/\"},{\"@type\":\"ListItem\",\"position\":2,\"name\":\"\u041c\u0430\u0433\u0430\u0437\u0438\u043d\",\"item\":\"https:\/\/xstyle.md\/shop\/\"},{\"@type\":\"ListItem\",\"position\":3,\"name\":\"\u0413\u0435\u0440\u043c\u043e\u043c\u0435\u0448\u043e\u043a Sea to Summit Dry Bag Evac Compression 20L\"}]},{\"@type\":\"WebSite\",\"@id\":\"https:\/\/xstyle.md\/#website\",\"url\":\"https:\/\/xstyle.md\/\",\"name\":\"\u041c\u0430\u0433\u0430\u0437\u0438\u043d Xstyle\",\"description\":\"C\u043d\u0430\u0440\u044f\u0436\u0435\u043d\u0438\u0435 \u0434\u043b\u044f \u0442\u0443\u0440\u0438\u0437\u043c\u0430 \u0438 \u044d\u043a\u0441\u0442\u0440\u0435\u043c\u0430\u043b\u044c\u043d\u044b\u0445 \u0432\u0438\u0434\u043e\u0432 \u0441\u043f\u043e\u0440\u0442\u0430 \u0432 \u041c\u043e\u043b\u0434\u043e\u0432\u0435.. \u0426\u0435\u043d\u044b, \u0444\u043e\u0442\u043e, \u0445\u0430\u0440\u0430\u043a\u0442\u0435\u0440\u0438\u0441\u0442\u0438\u043a\u0438 \u0432 \u041c\u043e\u043b\u0434\u043e\u0432\u0435.\",\"publisher\":{\"@id\":\"https:\/\/xstyle.md\/#organization\"},\"alternateName\":\"X-Style\",\"potentialAction\":[{\"@type\":\"SearchAction\",\"target\":{\"@type\":\"EntryPoint\",\"urlTemplate\":\"https:\/\/xstyle.md\/?s={search_term_string}\"},\"query-input\":{\"@type\":\"PropertyValueSpecification\",\"valueRequired\":true,\"valueName\":\"search_term_string\"}}],\"inLanguage\":\"ro-RO\"},{\"@type\":\"Organization\",\"@id\":\"https:\/\/xstyle.md\/#organization\",\"name\":\"\u041c\u0430\u0433\u0430\u0437\u0438\u043d Xstyle\",\"alternateName\":\"x-style\",\"url\":\"https:\/\/xstyle.md\/\",\"logo\":{\"@type\":\"ImageObject\",\"inLanguage\":\"ro-RO\",\"@id\":\"https:\/\/xstyle.md\/#\/schema\/logo\/image\/\",\"url\":\"https:\/\/xstyle.md\/wp-content\/uploads\/2020\/06\/logoicon.svg\",\"contentUrl\":\"https:\/\/xstyle.md\/wp-content\/uploads\/2020\/06\/logoicon.svg\",\"caption\":\"\u041c\u0430\u0433\u0430\u0437\u0438\u043d Xstyle\"},\"image\":{\"@id\":\"https:\/\/xstyle.md\/#\/schema\/logo\/image\/\"},\"sameAs\":[\"https:\/\/www.facebook.com\/xstylemd\",\"https:\/\/www.instagram.com\/xstyle_md\/\",\"https:\/\/t.me\/xstyle_outdoor\"],\"hasMerchantReturnPolicy\":{\"@type\":\"MerchantReturnPolicy\",\"merchantReturnLink\":\"https:\/\/xstyle.md\/ro\/conditions\/\"}}]}<\/script>\n<meta property=\"product:price:amount\" content=\"995.00\" \/>\n<meta property=\"product:price:currency\" content=\"MDL\" \/>\n<meta property=\"og:availability\" content=\"instock\" \/>\n<meta property=\"product:availability\" content=\"instock\" \/>\n<meta property=\"product:retailer_item_id\" content=\"9327868153787\" \/>\n<meta property=\"product:condition\" content=\"new\" \/>\n<!-- \/ Yoast SEO plugin. -->","yoast_head_json":{"title":"Sac ermetic Sea to Summit Dry Bag Evac Compression 20L - Magazin Xstyle","description":"Ghiozdanul impermeabil Sea to Summit Dry Bag Evac Compression de 20L este realizat dintr-un material rezistent eVent 70D, protejeaz\u0103 con\u021binutul de ap\u0103 \u0219i faciliteaz\u0103 transportul.","robots":{"index":"index","follow":"follow","max-snippet":"max-snippet:-1","max-image-preview":"max-image-preview:large","max-video-preview":"max-video-preview:-1"},"canonical":"https:\/\/xstyle.md\/ro\/produs\/germomeshok-sea-to-summit-dry-bag-evac-compression-20l\/","og_locale":"ro_RO","og_type":"article","og_title":"\u0413\u0435\u0440\u043c\u043e\u043c\u0435\u0448\u043e\u043a Sea to Summit Dry Bag Evac Compression 20L - \u041c\u0430\u0433\u0430\u0437\u0438\u043d Xstyle","og_description":"\u0413\u0435\u0440\u043c\u043e\u043c\u0435\u0448\u043e\u043a Sea to Summit Dry Bag Evac Compression 20L \u0432\u044b\u043f\u043e\u043b\u043d\u0435\u043d \u0438\u0437 \u043f\u0440\u043e\u0447\u043d\u043e\u0433\u043e \u043c\u0430\u0442\u0435\u0440\u0438\u0430\u043b\u0430 eVent 70D, \u0437\u0430\u0449\u0438\u0449\u0430\u0435\u0442 \u0441\u043e\u0434\u0435\u0440\u0436\u0438\u043c\u043e\u0435 \u043e\u0442 \u0432\u043e\u0434\u044b \u0438 \u043e\u0431\u043b\u0435\u0433\u0447\u0430\u0435\u0442 \u0442\u0440\u0430\u043d\u0441\u043f\u043e\u0440\u0442\u0438\u0440\u043e\u0432\u043a\u0443.","og_url":"https:\/\/xstyle.md\/ro\/produs\/germomeshok-sea-to-summit-dry-bag-evac-compression-20l\/","og_site_name":"\u041c\u0430\u0433\u0430\u0437\u0438\u043d Xstyle","article_publisher":"https:\/\/www.facebook.com\/xstylemd","article_modified_time":"2025-06-18T13:37:44+00:00","og_image":[{"width":1572,"height":1464,"url":"https:\/\/xstyle.md\/wp-content\/uploads\/2023\/07\/sea-to-summit-dry-bag-evac-compression-20l-turkish-tile.jpg","type":"image\/jpeg"}],"twitter_card":"summary_large_image","twitter_misc":{"Pre\u021b":"995&nbsp;MDL","Disponibilitate":"\u00cen stoc"},"schema":{"@context":"https:\/\/schema.org","@graph":[{"@type":"WebPage","@id":"https:\/\/xstyle.md\/product\/germomeshok-sea-to-summit-dry-bag-evac-compression-20l\/","url":"https:\/\/xstyle.md\/product\/germomeshok-sea-to-summit-dry-bag-evac-compression-20l\/","name":"Sac ermetic Sea to Summit Dry Bag Evac Compression 20L - Magazin Xstyle","isPartOf":{"@id":"https:\/\/xstyle.md\/#website"},"primaryImageOfPage":{"@id":"https:\/\/xstyle.md\/product\/germomeshok-sea-to-summit-dry-bag-evac-compression-20l\/#primaryimage"},"image":{"@id":"https:\/\/xstyle.md\/product\/germomeshok-sea-to-summit-dry-bag-evac-compression-20l\/#primaryimage"},"thumbnailUrl":"https:\/\/xstyle.md\/wp-content\/uploads\/2023\/07\/sea-to-summit-dry-bag-evac-compression-20l-turkish-tile.jpg","datePublished":"2023-07-26T14:53:37+00:00","dateModified":"2025-06-18T13:37:44+00:00","description":"Ghiozdanul impermeabil Sea to Summit Dry Bag Evac Compression de 20L este realizat dintr-un material rezistent eVent 70D, protejeaz\u0103 con\u021binutul de ap\u0103 \u0219i faciliteaz\u0103 transportul.","breadcrumb":{"@id":"https:\/\/xstyle.md\/product\/germomeshok-sea-to-summit-dry-bag-evac-compression-20l\/#breadcrumb"},"inLanguage":"ro-RO","potentialAction":[{"@type":"ReadAction","target":["https:\/\/xstyle.md\/product\/germomeshok-sea-to-summit-dry-bag-evac-compression-20l\/"]}]},{"@type":"ImageObject","inLanguage":"ro-RO","@id":"https:\/\/xstyle.md\/product\/germomeshok-sea-to-summit-dry-bag-evac-compression-20l\/#primaryimage","url":"https:\/\/xstyle.md\/wp-content\/uploads\/2023\/07\/sea-to-summit-dry-bag-evac-compression-20l-turkish-tile.jpg","contentUrl":"https:\/\/xstyle.md\/wp-content\/uploads\/2023\/07\/sea-to-summit-dry-bag-evac-compression-20l-turkish-tile.jpg","width":1572,"height":1464,"caption":"\u0413\u0435\u0440\u043c\u043e\u043c\u0435\u0448\u043e\u043a Sea to Summit Dry Bag Evac Compression 20L \u0434\u043b\u044f \u0430\u043a\u0442\u0438\u0432\u043d\u043e\u0433\u043e \u043e\u0442\u0434\u044b\u0445\u0430, \u0442\u0443\u0440\u0438\u0437\u043c\u0430 \u0438 \u043f\u0443\u0442\u0435\u0448\u0435\u0441\u0442\u0432\u0438\u0439, \u043e\u0434\u0435\u0436\u0434\u0430 \u0438 \u0441\u043d\u0430\u0440\u044f\u0436\u0435\u043d\u0438\u0435 \u0434\u043b\u044f \u0445\u0430\u0439\u043a\u0438\u043d\u0433\u0430 \u0438 \u0430\u043b\u044c\u043f\u0438\u043d\u0438\u0437\u043c\u0430"},{"@type":"BreadcrumbList","@id":"https:\/\/xstyle.md\/product\/germomeshok-sea-to-summit-dry-bag-evac-compression-20l\/#breadcrumb","itemListElement":[{"@type":"ListItem","position":1,"name":"\u0413\u043b\u0430\u0432\u043d\u0430\u044f \u0441\u0442\u0440\u0430\u043d\u0438\u0446\u0430","item":"https:\/\/xstyle.md\/"},{"@type":"ListItem","position":2,"name":"\u041c\u0430\u0433\u0430\u0437\u0438\u043d","item":"https:\/\/xstyle.md\/shop\/"},{"@type":"ListItem","position":3,"name":"\u0413\u0435\u0440\u043c\u043e\u043c\u0435\u0448\u043e\u043a Sea to Summit Dry Bag Evac Compression 20L"}]},{"@type":"WebSite","@id":"https:\/\/xstyle.md\/#website","url":"https:\/\/xstyle.md\/","name":"Magazinul X-Style","description":"Echipamente pentru turism \u0219i sporturi extreme \u00een Moldova. Pre\u021buri, fotografii, caracteristici \u00een Moldova.","publisher":{"@id":"https:\/\/xstyle.md\/#organization"},"alternateName":"X-Style","potentialAction":[{"@type":"SearchAction","target":{"@type":"EntryPoint","urlTemplate":"https:\/\/xstyle.md\/?s={search_term_string}"},"query-input":{"@type":"PropertyValueSpecification","valueRequired":true,"valueName":"search_term_string"}}],"inLanguage":"ro-RO"},{"@type":"Organization","@id":"https:\/\/xstyle.md\/#organization","name":"Magazinul X-Style","alternateName":"x-style","url":"https:\/\/xstyle.md\/","logo":{"@type":"ImageObject","inLanguage":"ro-RO","@id":"https:\/\/xstyle.md\/#\/schema\/logo\/image\/","url":"https:\/\/xstyle.md\/wp-content\/uploads\/2020\/06\/logoicon.svg","contentUrl":"https:\/\/xstyle.md\/wp-content\/uploads\/2020\/06\/logoicon.svg","caption":"\u041c\u0430\u0433\u0430\u0437\u0438\u043d Xstyle"},"image":{"@id":"https:\/\/xstyle.md\/#\/schema\/logo\/image\/"},"sameAs":["https:\/\/www.facebook.com\/xstylemd","https:\/\/www.instagram.com\/xstyle_md\/","https:\/\/t.me\/xstyle_outdoor"],"hasMerchantReturnPolicy":{"@type":"MerchantReturnPolicy","merchantReturnLink":"https:\/\/xstyle.md\/ro\/conditions\/"}}]},"product_price_amount":"995.00","product_price_currency":"MDL","og_availability":"instock","product_availability":"instock","product_retailer_item_id":"9327868153787","product_condition":"new"},"post_mailing_queue_ids":[],"_links":{"self":[{"href":"https:\/\/xstyle.md\/ro\/wp-json\/wp\/v2\/product\/72096","targetHints":{"allow":["GET"]}}],"collection":[{"href":"https:\/\/xstyle.md\/ro\/wp-json\/wp\/v2\/product"}],"about":[{"href":"https:\/\/xstyle.md\/ro\/wp-json\/wp\/v2\/types\/product"}],"replies":[{"embeddable":true,"href":"https:\/\/xstyle.md\/ro\/wp-json\/wp\/v2\/comments?post=72096"}],"wp:featuredmedia":[{"embeddable":true,"href":"https:\/\/xstyle.md\/ro\/wp-json\/wp\/v2\/media\/72264"}],"wp:attachment":[{"href":"https:\/\/xstyle.md\/ro\/wp-json\/wp\/v2\/media?parent=72096"}],"wp:term":[{"taxonomy":"product_brand","embeddable":true,"href":"https:\/\/xstyle.md\/ro\/wp-json\/wp\/v2\/product_brand?post=72096"},{"taxonomy":"product_cat","embeddable":true,"href":"https:\/\/xstyle.md\/ro\/wp-json\/wp\/v2\/product_cat?post=72096"},{"taxonomy":"product_tag","embeddable":true,"href":"https:\/\/xstyle.md\/ro\/wp-json\/wp\/v2\/product_tag?post=72096"}],"curies":[{"name":"wp","href":"https:\/\/api.w.org\/{rel}","templated":true}]}}