{"id":72095,"date":"2023-07-26T17:53:34","date_gmt":"2023-07-26T14:53:34","guid":{"rendered":"https:\/\/xstyle.md\/?post_type=product&#038;p=72095"},"modified":"2025-07-03T18:23:07","modified_gmt":"2025-07-03T15:23:07","slug":"germomeshok-sea-to-summit-dry-bag-evac-13l","status":"publish","type":"product","link":"https:\/\/xstyle.md\/ro\/produs\/germomeshok-sea-to-summit-dry-bag-evac-13l\/","title":{"rendered":"Sac ermetic Sea to Summit Dry Bag Evac 13L"},"content":{"rendered":"<\/p>\n<p><strong>Sea to Summit Dry Bag Evac 13L<\/strong> &#8212; geanta sigilat\u0103 folose\u0219te \u00een partea de jos o \u021bes\u0103tur\u0103 eVent\u00ae impermeabil\u0103, dar respirabil\u0103, pentru o expulzare a aerului f\u0103r\u0103 supape, ceea ce v\u0103 permite s\u0103 v\u0103 \u00eempacheta\u021bi lucrurile \u00een mod compact. \u00cen loc s\u0103 folosi\u021bi curelele de compresie, pur \u0219i simplu rula\u021bi sacul \u00een jos \u0219i aerul va ie\u0219i prin partea de jos. Trebuie apoi s\u0103 \u00eenchide\u021bi catarama \u0219i iat\u0103 c\u0103 a\u021bi economisit deja spa\u021biu \u00een rucsac!<\/p>\n<p>Aceste pungi au o form\u0103 oval\u0103 practic\u0103 \u0219i, spre deosebire de forma rotund\u0103, se potrivesc mai bine contururilor interioare ale rucsacului dumneavoastr\u0103.<\/p>\n<p>O op\u021biune excelent\u0103 pentru a v\u0103 p\u0103stra cele mai importante obiecte uscate, f\u0103r\u0103 a pierde spa\u021biu \u00een rucsac. Potrivite pentru a fi folosite \u00een excursii pe ap\u0103 \u0219i drume\u021bii sau pur \u0219i simplu atunci c\u00e2nd c\u0103l\u0103tori\u021bi.<\/p>\n<h3>Particularit\u0103\u021bi<\/h3>\n<ul>\n<li>Partea de jos este realizat\u0103 din \u021bes\u0103tur\u0103 eVent\u00ae respirabil\u0103 \u0219i impermeabil\u0103<\/li>\n<li>Sistem de aerisire f\u0103r\u0103 supap\u0103 pentru un ambalaj compact<\/li>\n<li>Corp confec\u021bionat din \u021bes\u0103tur\u0103 durabil\u0103 70D<\/li>\n<li>Partea inferioar\u0103 oval\u0103 \u00eempiedic\u0103 geanta s\u0103 se rostogoleasc\u0103 accidental<\/li>\n<li>Band\u0103 special\u0103, neabsorbant\u0103, pe marginea superioar\u0103 care \u00eempiedic\u0103 apa s\u0103 p\u0103trund\u0103 \u00een bucl\u0103<\/li>\n<li>Nailon u\u0219or \u0219i durabil care rezist\u0103 la 10000 mm de coloan\u0103 de ap\u0103<\/li>\n<li>Cus\u0103turi sigilate cu lipire dubl\u0103<\/li>\n<li>Acoperirea alb\u0103 din interior faciliteaz\u0103 g\u0103sirea lucrurilor \u00een geant\u0103<\/li>\n<li>Conceput pentru a depozita lucruri \u00een form\u0103 comprimat\u0103 (haine, saci de dormit).<\/li>\n<li>Cataram\u0103 de rezerv\u0103 inclus\u0103 (poate fi schimbat\u0103 de dumneavoastr\u0103)<\/li>\n<\/ul>\n<h3>Caracteristici<\/h3>\n<ul>\n<li>Material &#8212; Nylon 70D, eVent\u00ae<\/li>\n<li>Dimensiuni &#8212; 51 x 23 x 15 cm<\/li>\n<li>Volum &#8212; 13 litri<\/li>\n<li>Greutate &#8212; 69 g<\/li>\n<\/ul>\n<h3>Marca<\/h3>\n<p>Sea to Summit este o marc\u0103 fondat\u0103 \u00een 1990 \u00een Australia. Ofer\u0103 echipamente unice \u0219i utile pentru turism \u0219i c\u0103l\u0103torii: huse impermeabile, prosoape din microfibr\u0103, ustensile pliabile din silicon, gen\u021bi, rucsacuri, rucsacuri, corturi, saci de dormit. Fiecare articol proiectat \u00een cadrul companiei are o greutate minim\u0103 \u0219i o func\u021bionalitate maxim\u0103.<\/p>\n<p><\/p>","protected":false},"excerpt":{"rendered":"","protected":false},"featured_media":72262,"comment_status":"open","ping_status":"closed","template":"","meta":{"_acf_changed":false,"inline_featured_image":false},"product_brand":[1281],"product_cat":[863],"product_tag":[],"class_list":{"0":"post-72095","1":"product","2":"type-product","3":"status-publish","4":"has-post-thumbnail","6":"product_brand-sea-to-summit","7":"product_cat-hermetic-bags","9":"first","10":"instock","11":"shipping-taxable","12":"purchasable","13":"product-type-simple"},"acf":[],"yoast_head":"<!-- This site is optimized with the Yoast SEO plugin v27.2 - https:\/\/yoast.com\/product\/yoast-seo-wordpress\/ -->\n<title>\u0413\u0435\u0440\u043c\u043e\u043c\u0435\u0448\u043e\u043a Sea to Summit Dry Bag Evac 13L - \u041c\u0430\u0433\u0430\u0437\u0438\u043d Xstyle<\/title>\n<meta name=\"description\" content=\"\u0413\u0435\u0440\u043c\u043e\u043c\u0435\u0448\u043e\u043a Sea to Summit Dry Bag Evac 13L \u0441 \u0442\u043a\u0430\u043d\u044c\u044e eVent: \u043b\u0435\u0433\u043a\u0438\u0439, \u0432\u043e\u0434\u043e\u043d\u0435\u043f\u0440\u043e\u043d\u0438\u0446\u0430\u0435\u043c\u044b\u0439 \u0438 \u0434\u044b\u0448\u0430\u0449\u0438\u0439, \u0434\u043b\u044f \u043a\u043e\u043c\u043f\u0430\u043a\u0442\u043d\u043e\u0439 \u0443\u043f\u0430\u043a\u043e\u0432\u043a\u0438 \u0432\u0430\u0448\u0438\u0445 \u0432\u0435\u0449\u0435\u0439.\" \/>\n<meta name=\"robots\" content=\"index, follow, max-snippet:-1, max-image-preview:large, max-video-preview:-1\" \/>\n<link rel=\"canonical\" href=\"https:\/\/xstyle.md\/ro\/produs\/germomeshok-sea-to-summit-dry-bag-evac-13l\/\" \/>\n<meta property=\"og:locale\" content=\"ro_RO\" \/>\n<meta property=\"og:type\" content=\"article\" \/>\n<meta property=\"og:title\" content=\"\u0413\u0435\u0440\u043c\u043e\u043c\u0435\u0448\u043e\u043a Sea to Summit Dry Bag Evac 13L - \u041c\u0430\u0433\u0430\u0437\u0438\u043d Xstyle\" \/>\n<meta property=\"og:description\" content=\"\u0413\u0435\u0440\u043c\u043e\u043c\u0435\u0448\u043e\u043a Sea to Summit Dry Bag Evac 13L \u0441 \u0442\u043a\u0430\u043d\u044c\u044e eVent: \u043b\u0435\u0433\u043a\u0438\u0439, \u0432\u043e\u0434\u043e\u043d\u0435\u043f\u0440\u043e\u043d\u0438\u0446\u0430\u0435\u043c\u044b\u0439 \u0438 \u0434\u044b\u0448\u0430\u0449\u0438\u0439, \u0434\u043b\u044f \u043a\u043e\u043c\u043f\u0430\u043a\u0442\u043d\u043e\u0439 \u0443\u043f\u0430\u043a\u043e\u0432\u043a\u0438 \u0432\u0430\u0448\u0438\u0445 \u0432\u0435\u0449\u0435\u0439.\" \/>\n<meta property=\"og:url\" content=\"https:\/\/xstyle.md\/ro\/produs\/germomeshok-sea-to-summit-dry-bag-evac-13l\/\" \/>\n<meta property=\"og:site_name\" content=\"\u041c\u0430\u0433\u0430\u0437\u0438\u043d Xstyle\" \/>\n<meta property=\"article:publisher\" content=\"https:\/\/www.facebook.com\/xstylemd\" \/>\n<meta property=\"article:modified_time\" content=\"2025-07-03T15:23:07+00:00\" \/>\n<meta property=\"og:image\" content=\"https:\/\/xstyle.md\/wp-content\/uploads\/2023\/07\/sea-to-summit-dry-bag-evac-13l-turkish-tile.jpg\" \/>\n\t<meta property=\"og:image:width\" content=\"2336\" \/>\n\t<meta property=\"og:image:height\" content=\"2336\" \/>\n\t<meta property=\"og:image:type\" content=\"image\/jpeg\" \/>\n<meta name=\"twitter:card\" content=\"summary_large_image\" \/>\n<meta name=\"twitter:label1\" content=\"Pre\u021b\" \/>\n\t<meta name=\"twitter:data1\" content=\"670&nbsp;MDL\" \/>\n\t<meta name=\"twitter:label2\" content=\"Disponibilitate\" \/>\n\t<meta name=\"twitter:data2\" content=\"\u00cen stoc\" \/>\n<script type=\"application\/ld+json\" class=\"yoast-schema-graph\">{\"@context\":\"https:\/\/schema.org\",\"@graph\":[{\"@type\":\"WebPage\",\"@id\":\"https:\/\/xstyle.md\/product\/germomeshok-sea-to-summit-dry-bag-evac-13l\/\",\"url\":\"https:\/\/xstyle.md\/product\/germomeshok-sea-to-summit-dry-bag-evac-13l\/\",\"name\":\"\u0413\u0435\u0440\u043c\u043e\u043c\u0435\u0448\u043e\u043a Sea to Summit Dry Bag Evac 13L - \u041c\u0430\u0433\u0430\u0437\u0438\u043d Xstyle\",\"isPartOf\":{\"@id\":\"https:\/\/xstyle.md\/#website\"},\"primaryImageOfPage\":{\"@id\":\"https:\/\/xstyle.md\/product\/germomeshok-sea-to-summit-dry-bag-evac-13l\/#primaryimage\"},\"image\":{\"@id\":\"https:\/\/xstyle.md\/product\/germomeshok-sea-to-summit-dry-bag-evac-13l\/#primaryimage\"},\"thumbnailUrl\":\"https:\/\/xstyle.md\/wp-content\/uploads\/2023\/07\/sea-to-summit-dry-bag-evac-13l-turkish-tile.jpg\",\"datePublished\":\"2023-07-26T14:53:34+00:00\",\"dateModified\":\"2025-07-03T15:23:07+00:00\",\"description\":\"\u0413\u0435\u0440\u043c\u043e\u043c\u0435\u0448\u043e\u043a Sea to Summit Dry Bag Evac 13L \u0441 \u0442\u043a\u0430\u043d\u044c\u044e eVent: \u043b\u0435\u0433\u043a\u0438\u0439, \u0432\u043e\u0434\u043e\u043d\u0435\u043f\u0440\u043e\u043d\u0438\u0446\u0430\u0435\u043c\u044b\u0439 \u0438 \u0434\u044b\u0448\u0430\u0449\u0438\u0439, \u0434\u043b\u044f \u043a\u043e\u043c\u043f\u0430\u043a\u0442\u043d\u043e\u0439 \u0443\u043f\u0430\u043a\u043e\u0432\u043a\u0438 \u0432\u0430\u0448\u0438\u0445 \u0432\u0435\u0449\u0435\u0439.\",\"breadcrumb\":{\"@id\":\"https:\/\/xstyle.md\/product\/germomeshok-sea-to-summit-dry-bag-evac-13l\/#breadcrumb\"},\"inLanguage\":\"ro-RO\",\"potentialAction\":[{\"@type\":\"ReadAction\",\"target\":[\"https:\/\/xstyle.md\/product\/germomeshok-sea-to-summit-dry-bag-evac-13l\/\"]}]},{\"@type\":\"ImageObject\",\"inLanguage\":\"ro-RO\",\"@id\":\"https:\/\/xstyle.md\/product\/germomeshok-sea-to-summit-dry-bag-evac-13l\/#primaryimage\",\"url\":\"https:\/\/xstyle.md\/wp-content\/uploads\/2023\/07\/sea-to-summit-dry-bag-evac-13l-turkish-tile.jpg\",\"contentUrl\":\"https:\/\/xstyle.md\/wp-content\/uploads\/2023\/07\/sea-to-summit-dry-bag-evac-13l-turkish-tile.jpg\",\"width\":1920,\"height\":1920,\"caption\":\"\u0413\u0435\u0440\u043c\u043e\u043c\u0435\u0448\u043e\u043a Sea to Summit Dry Bag Evac 13L \u0434\u043b\u044f \u0430\u043a\u0442\u0438\u0432\u043d\u043e\u0433\u043e \u043e\u0442\u0434\u044b\u0445\u0430 \u043f\u043e\u0445\u043e\u0434\u043e\u0432 \u043f\u0443\u0442\u0435\u0448\u0435\u0441\u0442\u0432\u0438\u0439 \u0438 \u0433\u043e\u0440\u043d\u044b\u0445 \u043f\u0440\u0438\u043a\u043b\u044e\u0447\u0435\u043d\u0438\u0439 \u0432 \u0438\u043d\u0442\u0435\u0440\u043d\u0435\u0442 \u043c\u0430\u0433\u0430\u0437\u0438\u043d\u0435 \u0441\u043f\u043e\u0440\u0442\u0438\u0432\u043d\u043e\u0439 \u043e\u0434\u0435\u0436\u0434\u044b \u0438 \u043e\u0431\u0443\u0432\u0438\"},{\"@type\":\"BreadcrumbList\",\"@id\":\"https:\/\/xstyle.md\/product\/germomeshok-sea-to-summit-dry-bag-evac-13l\/#breadcrumb\",\"itemListElement\":[{\"@type\":\"ListItem\",\"position\":1,\"name\":\"\u0413\u043b\u0430\u0432\u043d\u0430\u044f \u0441\u0442\u0440\u0430\u043d\u0438\u0446\u0430\",\"item\":\"https:\/\/xstyle.md\/\"},{\"@type\":\"ListItem\",\"position\":2,\"name\":\"\u041c\u0430\u0433\u0430\u0437\u0438\u043d\",\"item\":\"https:\/\/xstyle.md\/shop\/\"},{\"@type\":\"ListItem\",\"position\":3,\"name\":\"\u0413\u0435\u0440\u043c\u043e\u043c\u0435\u0448\u043e\u043a Sea to Summit Dry Bag Evac 13L\"}]},{\"@type\":\"WebSite\",\"@id\":\"https:\/\/xstyle.md\/#website\",\"url\":\"https:\/\/xstyle.md\/\",\"name\":\"\u041c\u0430\u0433\u0430\u0437\u0438\u043d Xstyle\",\"description\":\"C\u043d\u0430\u0440\u044f\u0436\u0435\u043d\u0438\u0435 \u0434\u043b\u044f \u0442\u0443\u0440\u0438\u0437\u043c\u0430 \u0438 \u044d\u043a\u0441\u0442\u0440\u0435\u043c\u0430\u043b\u044c\u043d\u044b\u0445 \u0432\u0438\u0434\u043e\u0432 \u0441\u043f\u043e\u0440\u0442\u0430 \u0432 \u041c\u043e\u043b\u0434\u043e\u0432\u0435.. \u0426\u0435\u043d\u044b, \u0444\u043e\u0442\u043e, \u0445\u0430\u0440\u0430\u043a\u0442\u0435\u0440\u0438\u0441\u0442\u0438\u043a\u0438 \u0432 \u041c\u043e\u043b\u0434\u043e\u0432\u0435.\",\"publisher\":{\"@id\":\"https:\/\/xstyle.md\/#organization\"},\"alternateName\":\"X-Style\",\"potentialAction\":[{\"@type\":\"SearchAction\",\"target\":{\"@type\":\"EntryPoint\",\"urlTemplate\":\"https:\/\/xstyle.md\/?s={search_term_string}\"},\"query-input\":{\"@type\":\"PropertyValueSpecification\",\"valueRequired\":true,\"valueName\":\"search_term_string\"}}],\"inLanguage\":\"ro-RO\"},{\"@type\":\"Organization\",\"@id\":\"https:\/\/xstyle.md\/#organization\",\"name\":\"\u041c\u0430\u0433\u0430\u0437\u0438\u043d Xstyle\",\"alternateName\":\"x-style\",\"url\":\"https:\/\/xstyle.md\/\",\"logo\":{\"@type\":\"ImageObject\",\"inLanguage\":\"ro-RO\",\"@id\":\"https:\/\/xstyle.md\/#\/schema\/logo\/image\/\",\"url\":\"https:\/\/xstyle.md\/wp-content\/uploads\/2020\/06\/logoicon.svg\",\"contentUrl\":\"https:\/\/xstyle.md\/wp-content\/uploads\/2020\/06\/logoicon.svg\",\"caption\":\"\u041c\u0430\u0433\u0430\u0437\u0438\u043d Xstyle\"},\"image\":{\"@id\":\"https:\/\/xstyle.md\/#\/schema\/logo\/image\/\"},\"sameAs\":[\"https:\/\/www.facebook.com\/xstylemd\",\"https:\/\/www.instagram.com\/xstyle_md\/\",\"https:\/\/t.me\/xstyle_outdoor\"],\"hasMerchantReturnPolicy\":{\"@type\":\"MerchantReturnPolicy\",\"merchantReturnLink\":\"https:\/\/xstyle.md\/ro\/conditions\/\"}}]}<\/script>\n<meta property=\"product:price:amount\" content=\"670.00\" \/>\n<meta property=\"product:price:currency\" content=\"MDL\" \/>\n<meta property=\"og:availability\" content=\"instock\" \/>\n<meta property=\"product:availability\" content=\"instock\" \/>\n<meta property=\"product:retailer_item_id\" content=\"9327868153879\" \/>\n<meta property=\"product:condition\" content=\"new\" \/>\n<!-- \/ Yoast SEO plugin. -->","yoast_head_json":{"title":"Sac ermetic Sea to Summit Dry Bag Evac 13L - Magazin Xstyle","description":"Sac hermetic Sea to Summit Dry Bag Evac 13L cu material eVent: u\u0219or, impermeabil \u0219i respirabil, pentru ambalarea compact\u0103 a lucrurilor tale.","robots":{"index":"index","follow":"follow","max-snippet":"max-snippet:-1","max-image-preview":"max-image-preview:large","max-video-preview":"max-video-preview:-1"},"canonical":"https:\/\/xstyle.md\/ro\/produs\/germomeshok-sea-to-summit-dry-bag-evac-13l\/","og_locale":"ro_RO","og_type":"article","og_title":"\u0413\u0435\u0440\u043c\u043e\u043c\u0435\u0448\u043e\u043a Sea to Summit Dry Bag Evac 13L - \u041c\u0430\u0433\u0430\u0437\u0438\u043d Xstyle","og_description":"\u0413\u0435\u0440\u043c\u043e\u043c\u0435\u0448\u043e\u043a Sea to Summit Dry Bag Evac 13L \u0441 \u0442\u043a\u0430\u043d\u044c\u044e eVent: \u043b\u0435\u0433\u043a\u0438\u0439, \u0432\u043e\u0434\u043e\u043d\u0435\u043f\u0440\u043e\u043d\u0438\u0446\u0430\u0435\u043c\u044b\u0439 \u0438 \u0434\u044b\u0448\u0430\u0449\u0438\u0439, \u0434\u043b\u044f \u043a\u043e\u043c\u043f\u0430\u043a\u0442\u043d\u043e\u0439 \u0443\u043f\u0430\u043a\u043e\u0432\u043a\u0438 \u0432\u0430\u0448\u0438\u0445 \u0432\u0435\u0449\u0435\u0439.","og_url":"https:\/\/xstyle.md\/ro\/produs\/germomeshok-sea-to-summit-dry-bag-evac-13l\/","og_site_name":"\u041c\u0430\u0433\u0430\u0437\u0438\u043d Xstyle","article_publisher":"https:\/\/www.facebook.com\/xstylemd","article_modified_time":"2025-07-03T15:23:07+00:00","og_image":[{"width":2336,"height":2336,"url":"https:\/\/xstyle.md\/wp-content\/uploads\/2023\/07\/sea-to-summit-dry-bag-evac-13l-turkish-tile.jpg","type":"image\/jpeg"}],"twitter_card":"summary_large_image","twitter_misc":{"Pre\u021b":"670&nbsp;MDL","Disponibilitate":"\u00cen stoc"},"schema":{"@context":"https:\/\/schema.org","@graph":[{"@type":"WebPage","@id":"https:\/\/xstyle.md\/product\/germomeshok-sea-to-summit-dry-bag-evac-13l\/","url":"https:\/\/xstyle.md\/product\/germomeshok-sea-to-summit-dry-bag-evac-13l\/","name":"Sac ermetic Sea to Summit Dry Bag Evac 13L - Magazin Xstyle","isPartOf":{"@id":"https:\/\/xstyle.md\/#website"},"primaryImageOfPage":{"@id":"https:\/\/xstyle.md\/product\/germomeshok-sea-to-summit-dry-bag-evac-13l\/#primaryimage"},"image":{"@id":"https:\/\/xstyle.md\/product\/germomeshok-sea-to-summit-dry-bag-evac-13l\/#primaryimage"},"thumbnailUrl":"https:\/\/xstyle.md\/wp-content\/uploads\/2023\/07\/sea-to-summit-dry-bag-evac-13l-turkish-tile.jpg","datePublished":"2023-07-26T14:53:34+00:00","dateModified":"2025-07-03T15:23:07+00:00","description":"Sac hermetic Sea to Summit Dry Bag Evac 13L cu material eVent: u\u0219or, impermeabil \u0219i respirabil, pentru ambalarea compact\u0103 a lucrurilor tale.","breadcrumb":{"@id":"https:\/\/xstyle.md\/product\/germomeshok-sea-to-summit-dry-bag-evac-13l\/#breadcrumb"},"inLanguage":"ro-RO","potentialAction":[{"@type":"ReadAction","target":["https:\/\/xstyle.md\/product\/germomeshok-sea-to-summit-dry-bag-evac-13l\/"]}]},{"@type":"ImageObject","inLanguage":"ro-RO","@id":"https:\/\/xstyle.md\/product\/germomeshok-sea-to-summit-dry-bag-evac-13l\/#primaryimage","url":"https:\/\/xstyle.md\/wp-content\/uploads\/2023\/07\/sea-to-summit-dry-bag-evac-13l-turkish-tile.jpg","contentUrl":"https:\/\/xstyle.md\/wp-content\/uploads\/2023\/07\/sea-to-summit-dry-bag-evac-13l-turkish-tile.jpg","width":1920,"height":1920,"caption":"\u0413\u0435\u0440\u043c\u043e\u043c\u0435\u0448\u043e\u043a Sea to Summit Dry Bag Evac 13L \u0434\u043b\u044f \u0430\u043a\u0442\u0438\u0432\u043d\u043e\u0433\u043e \u043e\u0442\u0434\u044b\u0445\u0430 \u043f\u043e\u0445\u043e\u0434\u043e\u0432 \u043f\u0443\u0442\u0435\u0448\u0435\u0441\u0442\u0432\u0438\u0439 \u0438 \u0433\u043e\u0440\u043d\u044b\u0445 \u043f\u0440\u0438\u043a\u043b\u044e\u0447\u0435\u043d\u0438\u0439 \u0432 \u0438\u043d\u0442\u0435\u0440\u043d\u0435\u0442 \u043c\u0430\u0433\u0430\u0437\u0438\u043d\u0435 \u0441\u043f\u043e\u0440\u0442\u0438\u0432\u043d\u043e\u0439 \u043e\u0434\u0435\u0436\u0434\u044b \u0438 \u043e\u0431\u0443\u0432\u0438"},{"@type":"BreadcrumbList","@id":"https:\/\/xstyle.md\/product\/germomeshok-sea-to-summit-dry-bag-evac-13l\/#breadcrumb","itemListElement":[{"@type":"ListItem","position":1,"name":"\u0413\u043b\u0430\u0432\u043d\u0430\u044f \u0441\u0442\u0440\u0430\u043d\u0438\u0446\u0430","item":"https:\/\/xstyle.md\/"},{"@type":"ListItem","position":2,"name":"\u041c\u0430\u0433\u0430\u0437\u0438\u043d","item":"https:\/\/xstyle.md\/shop\/"},{"@type":"ListItem","position":3,"name":"\u0413\u0435\u0440\u043c\u043e\u043c\u0435\u0448\u043e\u043a Sea to Summit Dry Bag Evac 13L"}]},{"@type":"WebSite","@id":"https:\/\/xstyle.md\/#website","url":"https:\/\/xstyle.md\/","name":"Magazinul X-Style","description":"Echipamente pentru turism \u0219i sporturi extreme \u00een Moldova. Pre\u021buri, fotografii, caracteristici \u00een Moldova.","publisher":{"@id":"https:\/\/xstyle.md\/#organization"},"alternateName":"X-Style","potentialAction":[{"@type":"SearchAction","target":{"@type":"EntryPoint","urlTemplate":"https:\/\/xstyle.md\/?s={search_term_string}"},"query-input":{"@type":"PropertyValueSpecification","valueRequired":true,"valueName":"search_term_string"}}],"inLanguage":"ro-RO"},{"@type":"Organization","@id":"https:\/\/xstyle.md\/#organization","name":"Magazinul X-Style","alternateName":"x-style","url":"https:\/\/xstyle.md\/","logo":{"@type":"ImageObject","inLanguage":"ro-RO","@id":"https:\/\/xstyle.md\/#\/schema\/logo\/image\/","url":"https:\/\/xstyle.md\/wp-content\/uploads\/2020\/06\/logoicon.svg","contentUrl":"https:\/\/xstyle.md\/wp-content\/uploads\/2020\/06\/logoicon.svg","caption":"\u041c\u0430\u0433\u0430\u0437\u0438\u043d Xstyle"},"image":{"@id":"https:\/\/xstyle.md\/#\/schema\/logo\/image\/"},"sameAs":["https:\/\/www.facebook.com\/xstylemd","https:\/\/www.instagram.com\/xstyle_md\/","https:\/\/t.me\/xstyle_outdoor"],"hasMerchantReturnPolicy":{"@type":"MerchantReturnPolicy","merchantReturnLink":"https:\/\/xstyle.md\/ro\/conditions\/"}}]},"product_price_amount":"670.00","product_price_currency":"MDL","og_availability":"instock","product_availability":"instock","product_retailer_item_id":"9327868153879","product_condition":"new"},"post_mailing_queue_ids":[],"_links":{"self":[{"href":"https:\/\/xstyle.md\/ro\/wp-json\/wp\/v2\/product\/72095","targetHints":{"allow":["GET"]}}],"collection":[{"href":"https:\/\/xstyle.md\/ro\/wp-json\/wp\/v2\/product"}],"about":[{"href":"https:\/\/xstyle.md\/ro\/wp-json\/wp\/v2\/types\/product"}],"replies":[{"embeddable":true,"href":"https:\/\/xstyle.md\/ro\/wp-json\/wp\/v2\/comments?post=72095"}],"wp:featuredmedia":[{"embeddable":true,"href":"https:\/\/xstyle.md\/ro\/wp-json\/wp\/v2\/media\/72262"}],"wp:attachment":[{"href":"https:\/\/xstyle.md\/ro\/wp-json\/wp\/v2\/media?parent=72095"}],"wp:term":[{"taxonomy":"product_brand","embeddable":true,"href":"https:\/\/xstyle.md\/ro\/wp-json\/wp\/v2\/product_brand?post=72095"},{"taxonomy":"product_cat","embeddable":true,"href":"https:\/\/xstyle.md\/ro\/wp-json\/wp\/v2\/product_cat?post=72095"},{"taxonomy":"product_tag","embeddable":true,"href":"https:\/\/xstyle.md\/ro\/wp-json\/wp\/v2\/product_tag?post=72095"}],"curies":[{"name":"wp","href":"https:\/\/api.w.org\/{rel}","templated":true}]}}