{"id":72082,"date":"2023-07-26T17:53:31","date_gmt":"2023-07-26T14:53:31","guid":{"rendered":"https:\/\/xstyle.md\/?post_type=product&#038;p=72082"},"modified":"2024-10-28T20:54:50","modified_gmt":"2024-10-28T17:54:50","slug":"nabor-styazhek-sts-stretch-loc-12-12mm-x-300mm-2-pack-dusk","status":"publish","type":"product","link":"https:\/\/xstyle.md\/ro\/produs\/nabor-styazhek-sts-stretch-loc-12-12mm-x-300mm-2-pack-dusk\/","title":{"rendered":"\u041d\u0430\u0431\u043e\u0440 \u0441\u0442\u044f\u0436\u0435\u043a STS Stretch-Loc 12 &#8212; 12mm x 300mm 2 Pack dusk"},"content":{"rendered":"<\/p>\n<p><span data-sheets-value=\"{&quot;1&quot;:2,&quot;2&quot;:&quot;\u041d\u0430\u0431\u043e\u0440 \u0441\u0442\u044f\u0436\u0435\u043a STS Stretch-Loc 12 - 12mm x 300mm 2 Pack dusk&quot;}\" data-sheets-userformat=\"{&quot;2&quot;:4995,&quot;3&quot;:{&quot;1&quot;:0},&quot;4&quot;:{&quot;1&quot;:2,&quot;2&quot;:14279154},&quot;10&quot;:2,&quot;11&quot;:0,&quot;12&quot;:0,&quot;15&quot;:&quot;Arial, sans-serif&quot;}\"><strong>STS Stretch-Loc 12 &#8212; 12mm x 300mm 2 Pack dusk<\/strong> &#8212; <\/span>un set de leg\u0103turi sunt utile pentru via\u021ba de zi cu zi, camping \u0219i activit\u0103\u021bi \u00een aer liber. De exemplu, pentru a ata\u0219a echipamentul de biciclet\u0103 la cadru, o v\u00e2sl\u0103 la suport sau pur \u0219i simplu pentru a fixa accesoriile \u00eempreun\u0103. Leg\u0103turile sunt fixate \u00een siguran\u021b\u0103 cu o cataram\u0103 convenabil\u0103.<\/p>\n<p>Sea to Summit are ceva pentru fiecare cerin\u021b\u0103 &#8212; leg\u0103turile Stretch-Loc sunt disponibile \u00een mai multe dimensiuni \u0219i culori. Unele dintre ele pot fi conectate \u00eentre ele.<\/p>\n<h3>Particularit\u0103\u021bi<\/h3>\n<ul>\n<li>Reglabil, fixat cu o cataram\u0103<\/li>\n<li>Materialul TPU elastic fixeaz\u0103 ferm, previne alunecarea<\/li>\n<li>Curelele de aceea\u0219i l\u0103\u021bime pot fi \u00eembinate pentru a cre\u0219te lungimea<\/li>\n<\/ul>\n<h3>Caracteristici<\/h3>\n<ul>\n<li>Lungime &#8212; 300 mm<\/li>\n<li>L\u0103\u021bime &#8212; 1,2 cm<\/li>\n<li>Greutate &#8212; 15 g<\/li>\n<\/ul>\n<h3>Marca<\/h3>\n<p>Sea to Summit este o marc\u0103 fondat\u0103 \u00een 1990 \u00een Australia. Ofer\u0103 echipamente unice \u0219i utile pentru turism \u0219i c\u0103l\u0103torii: huse impermeabile, prosoape din microfibr\u0103, ustensile pliabile din silicon, gen\u021bi, rucsacuri, rucsacuri, corturi, saci de dormit. Fiecare articol proiectat \u00een cadrul companiei are o greutate minim\u0103 \u0219i o func\u021bionalitate maxim\u0103.<\/p>\n<p><\/p>","protected":false},"excerpt":{"rendered":"","protected":false},"featured_media":72329,"comment_status":"open","ping_status":"closed","template":"","meta":{"_acf_changed":false,"inline_featured_image":false},"product_brand":[1281],"product_cat":[884],"product_tag":[],"class_list":{"0":"post-72082","1":"product","2":"type-product","3":"status-publish","4":"has-post-thumbnail","6":"product_brand-sea-to-summit","7":"product_cat-tourist-equipment","9":"first","10":"instock","11":"shipping-taxable","12":"purchasable","13":"product-type-simple"},"acf":[],"yoast_head":"<!-- This site is optimized with the Yoast SEO plugin v27.2 - https:\/\/yoast.com\/product\/yoast-seo-wordpress\/ -->\n<title>\u041d\u0430\u0431\u043e\u0440 \u0441\u0442\u044f\u0436\u0435\u043a STS Stretch-Loc 12 - 12mm x 300mm 2 Pack dusk - \u041c\u0430\u0433\u0430\u0437\u0438\u043d Xstyle<\/title>\n<meta name=\"description\" content=\"\u041d\u0430\u0431\u043e\u0440 \u0441\u0442\u044f\u0436\u0435\u043a STS Stretch-Loc 12 12\u043c\u043c x 300\u043c\u043c - \u0438\u0434\u0435\u0430\u043b\u0435\u043d \u0434\u043b\u044f \u043a\u0435\u043c\u043f\u0438\u043d\u0433\u0430 \u0438 \u0430\u043a\u0442\u0438\u0432\u043d\u043e\u0433\u043e \u043e\u0442\u0434\u044b\u0445\u0430. \u0423\u0434\u043e\u0431\u043d\u043e \u0444\u0438\u043a\u0441\u0438\u0440\u0443\u0439\u0442\u0435 \u0438 \u043a\u0440\u0435\u043f\u0438\u0442\u0435 \u043e\u0431\u043e\u0440\u0443\u0434\u043e\u0432\u0430\u043d\u0438\u0435 \u0441 \u043f\u043e\u043c\u043e\u0449\u044c\u044e \u043d\u0430\u0434\u0435\u0436\u043d\u044b\u0445 \u0441\u0442\u044f\u0436\u0435\u043a.\" \/>\n<meta name=\"robots\" content=\"index, follow, max-snippet:-1, max-image-preview:large, max-video-preview:-1\" \/>\n<link rel=\"canonical\" href=\"https:\/\/xstyle.md\/ro\/produs\/nabor-styazhek-sts-stretch-loc-12-12mm-x-300mm-2-pack-dusk\/\" \/>\n<meta property=\"og:locale\" content=\"ro_RO\" \/>\n<meta property=\"og:type\" content=\"article\" \/>\n<meta property=\"og:title\" content=\"\u041d\u0430\u0431\u043e\u0440 \u0441\u0442\u044f\u0436\u0435\u043a STS Stretch-Loc 12 - 12mm x 300mm 2 Pack dusk - \u041c\u0430\u0433\u0430\u0437\u0438\u043d Xstyle\" \/>\n<meta property=\"og:description\" content=\"\u041d\u0430\u0431\u043e\u0440 \u0441\u0442\u044f\u0436\u0435\u043a STS Stretch-Loc 12 12\u043c\u043c x 300\u043c\u043c - \u0438\u0434\u0435\u0430\u043b\u0435\u043d \u0434\u043b\u044f \u043a\u0435\u043c\u043f\u0438\u043d\u0433\u0430 \u0438 \u0430\u043a\u0442\u0438\u0432\u043d\u043e\u0433\u043e \u043e\u0442\u0434\u044b\u0445\u0430. \u0423\u0434\u043e\u0431\u043d\u043e \u0444\u0438\u043a\u0441\u0438\u0440\u0443\u0439\u0442\u0435 \u0438 \u043a\u0440\u0435\u043f\u0438\u0442\u0435 \u043e\u0431\u043e\u0440\u0443\u0434\u043e\u0432\u0430\u043d\u0438\u0435 \u0441 \u043f\u043e\u043c\u043e\u0449\u044c\u044e \u043d\u0430\u0434\u0435\u0436\u043d\u044b\u0445 \u0441\u0442\u044f\u0436\u0435\u043a.\" \/>\n<meta property=\"og:url\" content=\"https:\/\/xstyle.md\/ro\/produs\/nabor-styazhek-sts-stretch-loc-12-12mm-x-300mm-2-pack-dusk\/\" \/>\n<meta property=\"og:site_name\" content=\"\u041c\u0430\u0433\u0430\u0437\u0438\u043d Xstyle\" \/>\n<meta property=\"article:publisher\" content=\"https:\/\/www.facebook.com\/xstylemd\" \/>\n<meta property=\"article:modified_time\" content=\"2024-10-28T17:54:50+00:00\" \/>\n<meta property=\"og:image\" content=\"https:\/\/xstyle.md\/wp-content\/uploads\/2023\/07\/sts-stretch-loc-12.jpg\" \/>\n\t<meta property=\"og:image:width\" content=\"1372\" \/>\n\t<meta property=\"og:image:height\" content=\"1212\" \/>\n\t<meta property=\"og:image:type\" content=\"image\/jpeg\" \/>\n<meta name=\"twitter:card\" content=\"summary_large_image\" \/>\n<meta name=\"twitter:label1\" content=\"Pre\u021b\" \/>\n\t<meta name=\"twitter:data1\" content=\"195&nbsp;MDL\" \/>\n\t<meta name=\"twitter:label2\" content=\"Disponibilitate\" \/>\n\t<meta name=\"twitter:data2\" content=\"\u00cen stoc\" \/>\n<script type=\"application\/ld+json\" class=\"yoast-schema-graph\">{\"@context\":\"https:\/\/schema.org\",\"@graph\":[{\"@type\":\"WebPage\",\"@id\":\"https:\/\/xstyle.md\/product\/nabor-styazhek-sts-stretch-loc-12-12mm-x-300mm-2-pack-dusk\/\",\"url\":\"https:\/\/xstyle.md\/product\/nabor-styazhek-sts-stretch-loc-12-12mm-x-300mm-2-pack-dusk\/\",\"name\":\"\u041d\u0430\u0431\u043e\u0440 \u0441\u0442\u044f\u0436\u0435\u043a STS Stretch-Loc 12 - 12mm x 300mm 2 Pack dusk - \u041c\u0430\u0433\u0430\u0437\u0438\u043d Xstyle\",\"isPartOf\":{\"@id\":\"https:\/\/xstyle.md\/#website\"},\"primaryImageOfPage\":{\"@id\":\"https:\/\/xstyle.md\/product\/nabor-styazhek-sts-stretch-loc-12-12mm-x-300mm-2-pack-dusk\/#primaryimage\"},\"image\":{\"@id\":\"https:\/\/xstyle.md\/product\/nabor-styazhek-sts-stretch-loc-12-12mm-x-300mm-2-pack-dusk\/#primaryimage\"},\"thumbnailUrl\":\"https:\/\/xstyle.md\/wp-content\/uploads\/2023\/07\/sts-stretch-loc-12.jpg\",\"datePublished\":\"2023-07-26T14:53:31+00:00\",\"dateModified\":\"2024-10-28T17:54:50+00:00\",\"description\":\"\u041d\u0430\u0431\u043e\u0440 \u0441\u0442\u044f\u0436\u0435\u043a STS Stretch-Loc 12 12\u043c\u043c x 300\u043c\u043c - \u0438\u0434\u0435\u0430\u043b\u0435\u043d \u0434\u043b\u044f \u043a\u0435\u043c\u043f\u0438\u043d\u0433\u0430 \u0438 \u0430\u043a\u0442\u0438\u0432\u043d\u043e\u0433\u043e \u043e\u0442\u0434\u044b\u0445\u0430. \u0423\u0434\u043e\u0431\u043d\u043e \u0444\u0438\u043a\u0441\u0438\u0440\u0443\u0439\u0442\u0435 \u0438 \u043a\u0440\u0435\u043f\u0438\u0442\u0435 \u043e\u0431\u043e\u0440\u0443\u0434\u043e\u0432\u0430\u043d\u0438\u0435 \u0441 \u043f\u043e\u043c\u043e\u0449\u044c\u044e \u043d\u0430\u0434\u0435\u0436\u043d\u044b\u0445 \u0441\u0442\u044f\u0436\u0435\u043a.\",\"breadcrumb\":{\"@id\":\"https:\/\/xstyle.md\/product\/nabor-styazhek-sts-stretch-loc-12-12mm-x-300mm-2-pack-dusk\/#breadcrumb\"},\"inLanguage\":\"ro-RO\",\"potentialAction\":[{\"@type\":\"ReadAction\",\"target\":[\"https:\/\/xstyle.md\/product\/nabor-styazhek-sts-stretch-loc-12-12mm-x-300mm-2-pack-dusk\/\"]}]},{\"@type\":\"ImageObject\",\"inLanguage\":\"ro-RO\",\"@id\":\"https:\/\/xstyle.md\/product\/nabor-styazhek-sts-stretch-loc-12-12mm-x-300mm-2-pack-dusk\/#primaryimage\",\"url\":\"https:\/\/xstyle.md\/wp-content\/uploads\/2023\/07\/sts-stretch-loc-12.jpg\",\"contentUrl\":\"https:\/\/xstyle.md\/wp-content\/uploads\/2023\/07\/sts-stretch-loc-12.jpg\",\"width\":1372,\"height\":1212,\"caption\":\"\u0418\u043d\u0442\u0435\u0440\u043d\u0435\u0442-\u043c\u0430\u0433\u0430\u0437\u0438\u043d \u0441\u043f\u043e\u0440\u0442\u0438\u0432\u043d\u043e\u0439 \u044d\u043a\u0438\u043f\u0438\u0440\u043e\u0432\u043a\u0438 \u0448\u0438\u0440\u043e\u043a\u0438\u0439 \u0430\u0441\u0441\u043e\u0440\u0442\u0438\u043c\u0435\u043d\u0442 \u043e\u0434\u0435\u0436\u0434\u044b \u043e\u0431\u0443\u0432\u0438 \u0434\u043b\u044f \u0430\u043a\u0442\u0438\u0432\u043d\u043e\u0433\u043e \u043e\u0442\u0434\u044b\u0445\u0430 \u043f\u043e\u0445\u043e\u0434\u043e\u0432 \u043f\u0443\u0442\u0435\u0448\u0435\u0441\u0442\u0432\u0438\u0439 \u0438 \u0430\u043b\u044c\u043f\u0438\u043d\u0438\u0437\u043c\u0430 \u043d\u0430\u0431\u043e\u0440 \u0441\u0442\u044f\u0436\u0435\u043a STS Stretch-Loc 12 \u043c\u043c 300 \u043c\u043c \u0434\u043b\u044f \u0442\u0443\u0440\u0438\u0437\u043c\u0430 \u0438 outdoor \u0430\u043a\u0442\u0438\u0432\u043d\u043e\u0441\u0442\u0435\u0439\"},{\"@type\":\"BreadcrumbList\",\"@id\":\"https:\/\/xstyle.md\/product\/nabor-styazhek-sts-stretch-loc-12-12mm-x-300mm-2-pack-dusk\/#breadcrumb\",\"itemListElement\":[{\"@type\":\"ListItem\",\"position\":1,\"name\":\"\u0413\u043b\u0430\u0432\u043d\u0430\u044f \u0441\u0442\u0440\u0430\u043d\u0438\u0446\u0430\",\"item\":\"https:\/\/xstyle.md\/\"},{\"@type\":\"ListItem\",\"position\":2,\"name\":\"\u041c\u0430\u0433\u0430\u0437\u0438\u043d\",\"item\":\"https:\/\/xstyle.md\/shop\/\"},{\"@type\":\"ListItem\",\"position\":3,\"name\":\"\u041d\u0430\u0431\u043e\u0440 \u0441\u0442\u044f\u0436\u0435\u043a STS Stretch-Loc 12 &#8211; 12mm x 300mm 2 Pack dusk\"}]},{\"@type\":\"WebSite\",\"@id\":\"https:\/\/xstyle.md\/#website\",\"url\":\"https:\/\/xstyle.md\/\",\"name\":\"\u041c\u0430\u0433\u0430\u0437\u0438\u043d Xstyle\",\"description\":\"C\u043d\u0430\u0440\u044f\u0436\u0435\u043d\u0438\u0435 \u0434\u043b\u044f \u0442\u0443\u0440\u0438\u0437\u043c\u0430 \u0438 \u044d\u043a\u0441\u0442\u0440\u0435\u043c\u0430\u043b\u044c\u043d\u044b\u0445 \u0432\u0438\u0434\u043e\u0432 \u0441\u043f\u043e\u0440\u0442\u0430 \u0432 \u041c\u043e\u043b\u0434\u043e\u0432\u0435.. \u0426\u0435\u043d\u044b, \u0444\u043e\u0442\u043e, \u0445\u0430\u0440\u0430\u043a\u0442\u0435\u0440\u0438\u0441\u0442\u0438\u043a\u0438 \u0432 \u041c\u043e\u043b\u0434\u043e\u0432\u0435.\",\"publisher\":{\"@id\":\"https:\/\/xstyle.md\/#organization\"},\"alternateName\":\"X-Style\",\"potentialAction\":[{\"@type\":\"SearchAction\",\"target\":{\"@type\":\"EntryPoint\",\"urlTemplate\":\"https:\/\/xstyle.md\/?s={search_term_string}\"},\"query-input\":{\"@type\":\"PropertyValueSpecification\",\"valueRequired\":true,\"valueName\":\"search_term_string\"}}],\"inLanguage\":\"ro-RO\"},{\"@type\":\"Organization\",\"@id\":\"https:\/\/xstyle.md\/#organization\",\"name\":\"\u041c\u0430\u0433\u0430\u0437\u0438\u043d Xstyle\",\"alternateName\":\"x-style\",\"url\":\"https:\/\/xstyle.md\/\",\"logo\":{\"@type\":\"ImageObject\",\"inLanguage\":\"ro-RO\",\"@id\":\"https:\/\/xstyle.md\/#\/schema\/logo\/image\/\",\"url\":\"https:\/\/xstyle.md\/wp-content\/uploads\/2020\/06\/logoicon.svg\",\"contentUrl\":\"https:\/\/xstyle.md\/wp-content\/uploads\/2020\/06\/logoicon.svg\",\"caption\":\"\u041c\u0430\u0433\u0430\u0437\u0438\u043d Xstyle\"},\"image\":{\"@id\":\"https:\/\/xstyle.md\/#\/schema\/logo\/image\/\"},\"sameAs\":[\"https:\/\/www.facebook.com\/xstylemd\",\"https:\/\/www.instagram.com\/xstyle_md\/\",\"https:\/\/t.me\/xstyle_outdoor\"],\"hasMerchantReturnPolicy\":{\"@type\":\"MerchantReturnPolicy\",\"merchantReturnLink\":\"https:\/\/xstyle.md\/ro\/conditions\/\"}}]}<\/script>\n<meta property=\"product:price:amount\" content=\"195.00\" \/>\n<meta property=\"product:price:currency\" content=\"MDL\" \/>\n<meta property=\"og:availability\" content=\"instock\" \/>\n<meta property=\"product:availability\" content=\"instock\" \/>\n<meta property=\"product:retailer_item_id\" content=\"9327868139248\" \/>\n<meta property=\"product:condition\" content=\"new\" \/>\n<!-- \/ Yoast SEO plugin. -->","yoast_head_json":{"title":"Accesoriu STS Stretch-Loc 12 - 12mm x 300mm 2 Pack dusk - Magazin Xstyle","description":"Set de curele STS Stretch-Loc 12 12mm x 300mm - ideal pentru camping \u0219i activit\u0103\u021bi \u00een aer liber. Fixeaz\u0103 \u0219i ata\u0219eaz\u0103 echipamentele cu u\u0219urin\u021b\u0103 folosind curelele de \u00eencredere.","robots":{"index":"index","follow":"follow","max-snippet":"max-snippet:-1","max-image-preview":"max-image-preview:large","max-video-preview":"max-video-preview:-1"},"canonical":"https:\/\/xstyle.md\/ro\/produs\/nabor-styazhek-sts-stretch-loc-12-12mm-x-300mm-2-pack-dusk\/","og_locale":"ro_RO","og_type":"article","og_title":"\u041d\u0430\u0431\u043e\u0440 \u0441\u0442\u044f\u0436\u0435\u043a STS Stretch-Loc 12 - 12mm x 300mm 2 Pack dusk - \u041c\u0430\u0433\u0430\u0437\u0438\u043d Xstyle","og_description":"\u041d\u0430\u0431\u043e\u0440 \u0441\u0442\u044f\u0436\u0435\u043a STS Stretch-Loc 12 12\u043c\u043c x 300\u043c\u043c - \u0438\u0434\u0435\u0430\u043b\u0435\u043d \u0434\u043b\u044f \u043a\u0435\u043c\u043f\u0438\u043d\u0433\u0430 \u0438 \u0430\u043a\u0442\u0438\u0432\u043d\u043e\u0433\u043e \u043e\u0442\u0434\u044b\u0445\u0430. \u0423\u0434\u043e\u0431\u043d\u043e \u0444\u0438\u043a\u0441\u0438\u0440\u0443\u0439\u0442\u0435 \u0438 \u043a\u0440\u0435\u043f\u0438\u0442\u0435 \u043e\u0431\u043e\u0440\u0443\u0434\u043e\u0432\u0430\u043d\u0438\u0435 \u0441 \u043f\u043e\u043c\u043e\u0449\u044c\u044e \u043d\u0430\u0434\u0435\u0436\u043d\u044b\u0445 \u0441\u0442\u044f\u0436\u0435\u043a.","og_url":"https:\/\/xstyle.md\/ro\/produs\/nabor-styazhek-sts-stretch-loc-12-12mm-x-300mm-2-pack-dusk\/","og_site_name":"\u041c\u0430\u0433\u0430\u0437\u0438\u043d Xstyle","article_publisher":"https:\/\/www.facebook.com\/xstylemd","article_modified_time":"2024-10-28T17:54:50+00:00","og_image":[{"width":1372,"height":1212,"url":"https:\/\/xstyle.md\/wp-content\/uploads\/2023\/07\/sts-stretch-loc-12.jpg","type":"image\/jpeg"}],"twitter_card":"summary_large_image","twitter_misc":{"Pre\u021b":"195&nbsp;MDL","Disponibilitate":"\u00cen stoc"},"schema":{"@context":"https:\/\/schema.org","@graph":[{"@type":"WebPage","@id":"https:\/\/xstyle.md\/product\/nabor-styazhek-sts-stretch-loc-12-12mm-x-300mm-2-pack-dusk\/","url":"https:\/\/xstyle.md\/product\/nabor-styazhek-sts-stretch-loc-12-12mm-x-300mm-2-pack-dusk\/","name":"Accesoriu STS Stretch-Loc 12 - 12mm x 300mm 2 Pack dusk - Magazin Xstyle","isPartOf":{"@id":"https:\/\/xstyle.md\/#website"},"primaryImageOfPage":{"@id":"https:\/\/xstyle.md\/product\/nabor-styazhek-sts-stretch-loc-12-12mm-x-300mm-2-pack-dusk\/#primaryimage"},"image":{"@id":"https:\/\/xstyle.md\/product\/nabor-styazhek-sts-stretch-loc-12-12mm-x-300mm-2-pack-dusk\/#primaryimage"},"thumbnailUrl":"https:\/\/xstyle.md\/wp-content\/uploads\/2023\/07\/sts-stretch-loc-12.jpg","datePublished":"2023-07-26T14:53:31+00:00","dateModified":"2024-10-28T17:54:50+00:00","description":"Set de curele STS Stretch-Loc 12 12mm x 300mm - ideal pentru camping \u0219i activit\u0103\u021bi \u00een aer liber. Fixeaz\u0103 \u0219i ata\u0219eaz\u0103 echipamentele cu u\u0219urin\u021b\u0103 folosind curelele de \u00eencredere.","breadcrumb":{"@id":"https:\/\/xstyle.md\/product\/nabor-styazhek-sts-stretch-loc-12-12mm-x-300mm-2-pack-dusk\/#breadcrumb"},"inLanguage":"ro-RO","potentialAction":[{"@type":"ReadAction","target":["https:\/\/xstyle.md\/product\/nabor-styazhek-sts-stretch-loc-12-12mm-x-300mm-2-pack-dusk\/"]}]},{"@type":"ImageObject","inLanguage":"ro-RO","@id":"https:\/\/xstyle.md\/product\/nabor-styazhek-sts-stretch-loc-12-12mm-x-300mm-2-pack-dusk\/#primaryimage","url":"https:\/\/xstyle.md\/wp-content\/uploads\/2023\/07\/sts-stretch-loc-12.jpg","contentUrl":"https:\/\/xstyle.md\/wp-content\/uploads\/2023\/07\/sts-stretch-loc-12.jpg","width":1372,"height":1212,"caption":"\u0418\u043d\u0442\u0435\u0440\u043d\u0435\u0442-\u043c\u0430\u0433\u0430\u0437\u0438\u043d \u0441\u043f\u043e\u0440\u0442\u0438\u0432\u043d\u043e\u0439 \u044d\u043a\u0438\u043f\u0438\u0440\u043e\u0432\u043a\u0438 \u0448\u0438\u0440\u043e\u043a\u0438\u0439 \u0430\u0441\u0441\u043e\u0440\u0442\u0438\u043c\u0435\u043d\u0442 \u043e\u0434\u0435\u0436\u0434\u044b \u043e\u0431\u0443\u0432\u0438 \u0434\u043b\u044f \u0430\u043a\u0442\u0438\u0432\u043d\u043e\u0433\u043e \u043e\u0442\u0434\u044b\u0445\u0430 \u043f\u043e\u0445\u043e\u0434\u043e\u0432 \u043f\u0443\u0442\u0435\u0448\u0435\u0441\u0442\u0432\u0438\u0439 \u0438 \u0430\u043b\u044c\u043f\u0438\u043d\u0438\u0437\u043c\u0430 \u043d\u0430\u0431\u043e\u0440 \u0441\u0442\u044f\u0436\u0435\u043a STS Stretch-Loc 12 \u043c\u043c 300 \u043c\u043c \u0434\u043b\u044f \u0442\u0443\u0440\u0438\u0437\u043c\u0430 \u0438 outdoor \u0430\u043a\u0442\u0438\u0432\u043d\u043e\u0441\u0442\u0435\u0439"},{"@type":"BreadcrumbList","@id":"https:\/\/xstyle.md\/product\/nabor-styazhek-sts-stretch-loc-12-12mm-x-300mm-2-pack-dusk\/#breadcrumb","itemListElement":[{"@type":"ListItem","position":1,"name":"\u0413\u043b\u0430\u0432\u043d\u0430\u044f \u0441\u0442\u0440\u0430\u043d\u0438\u0446\u0430","item":"https:\/\/xstyle.md\/"},{"@type":"ListItem","position":2,"name":"\u041c\u0430\u0433\u0430\u0437\u0438\u043d","item":"https:\/\/xstyle.md\/shop\/"},{"@type":"ListItem","position":3,"name":"\u041d\u0430\u0431\u043e\u0440 \u0441\u0442\u044f\u0436\u0435\u043a STS Stretch-Loc 12 &#8211; 12mm x 300mm 2 Pack dusk"}]},{"@type":"WebSite","@id":"https:\/\/xstyle.md\/#website","url":"https:\/\/xstyle.md\/","name":"Magazinul X-Style","description":"Echipamente pentru turism \u0219i sporturi extreme \u00een Moldova. Pre\u021buri, fotografii, caracteristici \u00een Moldova.","publisher":{"@id":"https:\/\/xstyle.md\/#organization"},"alternateName":"X-Style","potentialAction":[{"@type":"SearchAction","target":{"@type":"EntryPoint","urlTemplate":"https:\/\/xstyle.md\/?s={search_term_string}"},"query-input":{"@type":"PropertyValueSpecification","valueRequired":true,"valueName":"search_term_string"}}],"inLanguage":"ro-RO"},{"@type":"Organization","@id":"https:\/\/xstyle.md\/#organization","name":"Magazinul X-Style","alternateName":"x-style","url":"https:\/\/xstyle.md\/","logo":{"@type":"ImageObject","inLanguage":"ro-RO","@id":"https:\/\/xstyle.md\/#\/schema\/logo\/image\/","url":"https:\/\/xstyle.md\/wp-content\/uploads\/2020\/06\/logoicon.svg","contentUrl":"https:\/\/xstyle.md\/wp-content\/uploads\/2020\/06\/logoicon.svg","caption":"\u041c\u0430\u0433\u0430\u0437\u0438\u043d Xstyle"},"image":{"@id":"https:\/\/xstyle.md\/#\/schema\/logo\/image\/"},"sameAs":["https:\/\/www.facebook.com\/xstylemd","https:\/\/www.instagram.com\/xstyle_md\/","https:\/\/t.me\/xstyle_outdoor"],"hasMerchantReturnPolicy":{"@type":"MerchantReturnPolicy","merchantReturnLink":"https:\/\/xstyle.md\/ro\/conditions\/"}}]},"product_price_amount":"195.00","product_price_currency":"MDL","og_availability":"instock","product_availability":"instock","product_retailer_item_id":"9327868139248","product_condition":"new"},"post_mailing_queue_ids":[],"_links":{"self":[{"href":"https:\/\/xstyle.md\/ro\/wp-json\/wp\/v2\/product\/72082","targetHints":{"allow":["GET"]}}],"collection":[{"href":"https:\/\/xstyle.md\/ro\/wp-json\/wp\/v2\/product"}],"about":[{"href":"https:\/\/xstyle.md\/ro\/wp-json\/wp\/v2\/types\/product"}],"replies":[{"embeddable":true,"href":"https:\/\/xstyle.md\/ro\/wp-json\/wp\/v2\/comments?post=72082"}],"wp:featuredmedia":[{"embeddable":true,"href":"https:\/\/xstyle.md\/ro\/wp-json\/wp\/v2\/media\/72329"}],"wp:attachment":[{"href":"https:\/\/xstyle.md\/ro\/wp-json\/wp\/v2\/media?parent=72082"}],"wp:term":[{"taxonomy":"product_brand","embeddable":true,"href":"https:\/\/xstyle.md\/ro\/wp-json\/wp\/v2\/product_brand?post=72082"},{"taxonomy":"product_cat","embeddable":true,"href":"https:\/\/xstyle.md\/ro\/wp-json\/wp\/v2\/product_cat?post=72082"},{"taxonomy":"product_tag","embeddable":true,"href":"https:\/\/xstyle.md\/ro\/wp-json\/wp\/v2\/product_tag?post=72082"}],"curies":[{"name":"wp","href":"https:\/\/api.w.org\/{rel}","templated":true}]}}