{"id":72073,"date":"2023-07-26T17:53:30","date_gmt":"2023-07-26T14:53:30","guid":{"rendered":"https:\/\/xstyle.md\/?post_type=product&#038;p=72073"},"modified":"2025-11-27T17:49:35","modified_gmt":"2025-11-27T14:49:35","slug":"fonar-fenix-e-cp-led","status":"publish","type":"product","link":"https:\/\/xstyle.md\/ro\/produs\/fonar-fenix-e-cp-led\/","title":{"rendered":"Lantern\u0103 Fenix E-CP LED"},"content":{"rendered":"<\/p>\n<p><strong>Fenix E-CP LED<\/strong> &#8212; lantern\u0103 este proiectata pentru utilizare zilnic\u0103, poate fi potrivit pentru turi\u0219ti \u0219i c\u0103l\u0103tori. Fluxul luminos ajunge la 1600 de lumeni, iar raza de ac\u021biune a fasciculului este de 222 de metri.<\/p>\n<p>Caracteristica sa special\u0103 este combinarea func\u021biilor de iluminare \u0219i de alimentare sub forma unui acumulator de energie de 5000 mAh. Dispozitivul are dimensiuni destul de compacte, astfel \u00eenc\u00e2t este convenabil s\u0103 \u00eel transporta\u021bi cu dvs. \u0219i s\u0103 \u00eel utiliza\u021bi \u00een orice moment. Modelul poate rezista unei c\u0103deri de la o \u00een\u0103l\u021bime de 2 metri f\u0103r\u0103 a-\u0219i pierde performan\u021ba. \u00cen acela\u0219i timp, lanterna este complet protejat\u0103 \u00eempotriva apei sau a prafului \u00een interiorul carcasei, conform standardului IP68.<\/p>\n<p>Pentru fabrica\u021bie se utilizeaz\u0103 un aliaj de aluminiu A6061-T6. Acest material confer\u0103 lanternei rezisten\u021ba necesar\u0103, dar \u00een acela\u0219i timp nu o \u00eengreuneaz\u0103. Corpul este acoperit cu un strat de acoperire anti-abraziune HAIII premium anodizat dur, care protejeaz\u0103 felinarul de zg\u00e2rieturi, cioburi \u0219i abraziuni. Acesta va rezista mult timp.<\/p>\n<p>Lanterna poate fi de asemenea de ajutor \u00eentr-o situa\u021bie de urgen\u021b\u0103, oferind un mod Strobe. Acesta se activeaz\u0103 \u00een c\u00e2teva secunde \u0219i poate fi folosit pentru a dezorienta inamicul \u0219i pentru a v\u0103 marca loca\u021bia.<\/p>\n<h3>Modul de functionare<\/h3>\n<ul>\n<li><strong>Turbo:<\/strong> 1600 lumeni \/ 222 metri \/ 2 ore \u0219i 30 de minute;<\/li>\n<li><strong>High:<\/strong> 350 lumeni \/ 105 metri \/ 8 ore \u0219i 30 de minute;<\/li>\n<li><strong>Med:<\/strong> 150 lumeni \/ 69 metri \/ 20 ore;<\/li>\n<li><strong>Low:<\/strong> 30 lumeni \/ 33 metri \/ 84 de ore;<\/li>\n<li><strong>Eco:<\/strong> 3 lumeni \/ 10 metri \/ 504 ore;<\/li>\n<li><strong>Strobe:<\/strong> 1600 lumeni.<\/li>\n<\/ul>\n<h3>Particularit\u0103\u021bi<\/h3>\n<ul>\n<li>Lantern\u0103 mic\u0103 pentru utilizare zilnic\u0103, turism, c\u0103l\u0103torii<\/li>\n<li>Alimentat\u0103 de o baterie intern\u0103 de 5000 mAh<\/li>\n<li>\u0218ase moduri de func\u021bionare<\/li>\n<li>Diod\u0103 Luminus cu o durat\u0103 de func\u021bionare de 50.000 de ore<\/li>\n<li>Control al temperaturii corpului<\/li>\n<li>Func\u021bie de memorare a modurilor<\/li>\n<li>Indicarea nivelului bateriei<\/li>\n<li>Capacitate de blocare<\/li>\n<li>Rezistent la \u0219ocuri &#8212; 1 metru.<\/li>\n<\/ul>\n<h3>Caracteristici<\/h3>\n<ul>\n<li>Tip de alimentare &#8212; Baterie intern\u0103 re\u00eenc\u0103rcabil\u0103 de 5000 mAh<\/li>\n<li>LED &#8212; Luminus<\/li>\n<li>Flux luminos &#8212; 1600 lm<\/li>\n<li>Raza de ac\u021biune a fasciculului &#8212; 222 m<\/li>\n<li>Timp maxim de func\u021bionare &#8212; 84 de ore<\/li>\n<li>Rezistent la ap\u0103 &#8212; IP68<\/li>\n<li>Dimensiuni &#8212; 138 x 28 mm<\/li>\n<li>Greutate &#8212; 170 g.<\/li>\n<\/ul>\n<p><\/p>","protected":false},"excerpt":{"rendered":"","protected":false},"featured_media":72200,"comment_status":"open","ping_status":"closed","template":"","meta":{"_acf_changed":false,"inline_featured_image":false},"product_brand":[1351],"product_cat":[462],"product_tag":[],"class_list":{"0":"post-72073","1":"product","2":"type-product","3":"status-publish","4":"has-post-thumbnail","6":"product_brand-fenix","7":"product_cat-lumini-de-mana","9":"first","10":"instock","11":"shipping-taxable","12":"purchasable","13":"product-type-simple"},"acf":[],"yoast_head":"<!-- This site is optimized with the Yoast SEO plugin v27.2 - https:\/\/yoast.com\/product\/yoast-seo-wordpress\/ -->\n<title>\u0424\u043e\u043d\u0430\u0440\u044c Fenix E-CP LED - \u041c\u0430\u0433\u0430\u0437\u0438\u043d Xstyle<\/title>\n<meta name=\"description\" content=\"\u0424\u043e\u043d\u0430\u0440\u044c Fenix E-CP LED: \u043c\u043e\u0449\u043d\u044b\u0439, \u0432\u043e\u0434\u043e- \u0438 \u043f\u044b\u043b\u0435\u0437\u0430\u0449\u0438\u0449\u0435\u043d\u043d\u044b\u0439, \u0441 \u0437\u0430\u0440\u044f\u0434\u043d\u044b\u043c \u0431\u0430\u043d\u043a\u043e\u043c \u043d\u0430 5000 \u043c\u0410\u0447 \u0438 \u044f\u0440\u043a\u043e\u0441\u0442\u044c\u044e \u0434\u043e 1600 \u043b\u043c. \u0418\u0434\u0435\u0430\u043b\u0435\u043d \u0434\u043b\u044f \u0442\u0443\u0440\u0438\u0441\u0442\u043e\u0432 \u0438 \u043f\u043e\u0432\u0441\u0435\u0434\u043d\u0435\u0432\u043d\u043e\u0433\u043e \u0438\u0441\u043f\u043e\u043b\u044c\u0437\u043e\u0432\u0430\u043d\u0438\u044f.\" \/>\n<meta name=\"robots\" content=\"index, follow, max-snippet:-1, max-image-preview:large, max-video-preview:-1\" \/>\n<link rel=\"canonical\" href=\"https:\/\/xstyle.md\/ro\/produs\/fonar-fenix-e-cp-led\/\" \/>\n<meta property=\"og:locale\" content=\"ro_RO\" \/>\n<meta property=\"og:type\" content=\"article\" \/>\n<meta property=\"og:title\" content=\"\u0424\u043e\u043d\u0430\u0440\u044c Fenix E-CP LED - \u041c\u0430\u0433\u0430\u0437\u0438\u043d Xstyle\" \/>\n<meta property=\"og:description\" content=\"\u0424\u043e\u043d\u0430\u0440\u044c Fenix E-CP LED: \u043c\u043e\u0449\u043d\u044b\u0439, \u0432\u043e\u0434\u043e- \u0438 \u043f\u044b\u043b\u0435\u0437\u0430\u0449\u0438\u0449\u0435\u043d\u043d\u044b\u0439, \u0441 \u0437\u0430\u0440\u044f\u0434\u043d\u044b\u043c \u0431\u0430\u043d\u043a\u043e\u043c \u043d\u0430 5000 \u043c\u0410\u0447 \u0438 \u044f\u0440\u043a\u043e\u0441\u0442\u044c\u044e \u0434\u043e 1600 \u043b\u043c. \u0418\u0434\u0435\u0430\u043b\u0435\u043d \u0434\u043b\u044f \u0442\u0443\u0440\u0438\u0441\u0442\u043e\u0432 \u0438 \u043f\u043e\u0432\u0441\u0435\u0434\u043d\u0435\u0432\u043d\u043e\u0433\u043e \u0438\u0441\u043f\u043e\u043b\u044c\u0437\u043e\u0432\u0430\u043d\u0438\u044f.\" \/>\n<meta property=\"og:url\" content=\"https:\/\/xstyle.md\/ro\/produs\/fonar-fenix-e-cp-led\/\" \/>\n<meta property=\"og:site_name\" content=\"\u041c\u0430\u0433\u0430\u0437\u0438\u043d Xstyle\" \/>\n<meta property=\"article:publisher\" content=\"https:\/\/www.facebook.com\/xstylemd\" \/>\n<meta property=\"article:modified_time\" content=\"2025-11-27T14:49:35+00:00\" \/>\n<meta property=\"og:image\" content=\"https:\/\/xstyle.md\/wp-content\/uploads\/2023\/07\/fenix-e-cp-led.jpg\" \/>\n\t<meta property=\"og:image:width\" content=\"970\" \/>\n\t<meta property=\"og:image:height\" content=\"970\" \/>\n\t<meta property=\"og:image:type\" content=\"image\/jpeg\" \/>\n<meta name=\"twitter:card\" content=\"summary_large_image\" \/>\n<meta name=\"twitter:label1\" content=\"Pre\u021b\" \/>\n\t<meta name=\"twitter:data1\" content=\"1.190&nbsp;MDL\" \/>\n\t<meta name=\"twitter:label2\" content=\"Disponibilitate\" \/>\n\t<meta name=\"twitter:data2\" content=\"\u00cen stoc\" \/>\n<script type=\"application\/ld+json\" class=\"yoast-schema-graph\">{\"@context\":\"https:\/\/schema.org\",\"@graph\":[{\"@type\":\"WebPage\",\"@id\":\"https:\/\/xstyle.md\/product\/fonar-fenix-e-cp-led\/\",\"url\":\"https:\/\/xstyle.md\/product\/fonar-fenix-e-cp-led\/\",\"name\":\"\u0424\u043e\u043d\u0430\u0440\u044c Fenix E-CP LED - \u041c\u0430\u0433\u0430\u0437\u0438\u043d Xstyle\",\"isPartOf\":{\"@id\":\"https:\/\/xstyle.md\/#website\"},\"primaryImageOfPage\":{\"@id\":\"https:\/\/xstyle.md\/product\/fonar-fenix-e-cp-led\/#primaryimage\"},\"image\":{\"@id\":\"https:\/\/xstyle.md\/product\/fonar-fenix-e-cp-led\/#primaryimage\"},\"thumbnailUrl\":\"https:\/\/xstyle.md\/wp-content\/uploads\/2023\/07\/fenix-e-cp-led.jpg\",\"datePublished\":\"2023-07-26T14:53:30+00:00\",\"dateModified\":\"2025-11-27T14:49:35+00:00\",\"description\":\"\u0424\u043e\u043d\u0430\u0440\u044c Fenix E-CP LED: \u043c\u043e\u0449\u043d\u044b\u0439, \u0432\u043e\u0434\u043e- \u0438 \u043f\u044b\u043b\u0435\u0437\u0430\u0449\u0438\u0449\u0435\u043d\u043d\u044b\u0439, \u0441 \u0437\u0430\u0440\u044f\u0434\u043d\u044b\u043c \u0431\u0430\u043d\u043a\u043e\u043c \u043d\u0430 5000 \u043c\u0410\u0447 \u0438 \u044f\u0440\u043a\u043e\u0441\u0442\u044c\u044e \u0434\u043e 1600 \u043b\u043c. \u0418\u0434\u0435\u0430\u043b\u0435\u043d \u0434\u043b\u044f \u0442\u0443\u0440\u0438\u0441\u0442\u043e\u0432 \u0438 \u043f\u043e\u0432\u0441\u0435\u0434\u043d\u0435\u0432\u043d\u043e\u0433\u043e \u0438\u0441\u043f\u043e\u043b\u044c\u0437\u043e\u0432\u0430\u043d\u0438\u044f.\",\"breadcrumb\":{\"@id\":\"https:\/\/xstyle.md\/product\/fonar-fenix-e-cp-led\/#breadcrumb\"},\"inLanguage\":\"ro-RO\",\"potentialAction\":[{\"@type\":\"ReadAction\",\"target\":[\"https:\/\/xstyle.md\/product\/fonar-fenix-e-cp-led\/\"]}]},{\"@type\":\"ImageObject\",\"inLanguage\":\"ro-RO\",\"@id\":\"https:\/\/xstyle.md\/product\/fonar-fenix-e-cp-led\/#primaryimage\",\"url\":\"https:\/\/xstyle.md\/wp-content\/uploads\/2023\/07\/fenix-e-cp-led.jpg\",\"contentUrl\":\"https:\/\/xstyle.md\/wp-content\/uploads\/2023\/07\/fenix-e-cp-led.jpg\",\"width\":970,\"height\":970,\"caption\":\"\u041b\u0435\u0432\u044b\u0439 \u043a\u0430\u0440\u043c\u0430\u043d\u043d\u044b\u0439 \u0432\u0435\u043b\u043e\u0441\u0438\u043f\u0435\u0434\u043d\u044b\u0439 \u0444\u043e\u043d\u0430\u0440\u044c Fenix E-CP LED \u0434\u043b\u044f \u0430\u043a\u0442\u0438\u0432\u043d\u043e\u0433\u043e \u043e\u0442\u0434\u044b\u0445\u0430, \u043f\u0443\u0442\u0435\u0448\u0435\u0441\u0442\u0432\u0438\u0439, \u043f\u043e\u0445\u043e\u0434\u043e\u0432 \u0438 \u0430\u043b\u044c\u043f\u0438\u043d\u0438\u0437\u043c\u0430, \u0430 \u0442\u0430\u043a\u0436\u0435 \u0441\u043f\u043e\u0440\u0442\u043d\u0430\u044f \u043e\u0434\u0435\u0436\u0434\u0430 \u0438 \u043e\u0431\u0443\u0432\u044c \u0434\u043b\u044f \u0430\u043a\u0442\u0438\u0432\u043d\u043e\u0439 \u0436\u0438\u0437\u043d\u0438\"},{\"@type\":\"BreadcrumbList\",\"@id\":\"https:\/\/xstyle.md\/product\/fonar-fenix-e-cp-led\/#breadcrumb\",\"itemListElement\":[{\"@type\":\"ListItem\",\"position\":1,\"name\":\"\u0413\u043b\u0430\u0432\u043d\u0430\u044f \u0441\u0442\u0440\u0430\u043d\u0438\u0446\u0430\",\"item\":\"https:\/\/xstyle.md\/\"},{\"@type\":\"ListItem\",\"position\":2,\"name\":\"\u041c\u0430\u0433\u0430\u0437\u0438\u043d\",\"item\":\"https:\/\/xstyle.md\/shop\/\"},{\"@type\":\"ListItem\",\"position\":3,\"name\":\"\u0424\u043e\u043d\u0430\u0440\u044c Fenix E-CP LED\"}]},{\"@type\":\"WebSite\",\"@id\":\"https:\/\/xstyle.md\/#website\",\"url\":\"https:\/\/xstyle.md\/\",\"name\":\"\u041c\u0430\u0433\u0430\u0437\u0438\u043d Xstyle\",\"description\":\"C\u043d\u0430\u0440\u044f\u0436\u0435\u043d\u0438\u0435 \u0434\u043b\u044f \u0442\u0443\u0440\u0438\u0437\u043c\u0430 \u0438 \u044d\u043a\u0441\u0442\u0440\u0435\u043c\u0430\u043b\u044c\u043d\u044b\u0445 \u0432\u0438\u0434\u043e\u0432 \u0441\u043f\u043e\u0440\u0442\u0430 \u0432 \u041c\u043e\u043b\u0434\u043e\u0432\u0435.. \u0426\u0435\u043d\u044b, \u0444\u043e\u0442\u043e, \u0445\u0430\u0440\u0430\u043a\u0442\u0435\u0440\u0438\u0441\u0442\u0438\u043a\u0438 \u0432 \u041c\u043e\u043b\u0434\u043e\u0432\u0435.\",\"publisher\":{\"@id\":\"https:\/\/xstyle.md\/#organization\"},\"alternateName\":\"X-Style\",\"potentialAction\":[{\"@type\":\"SearchAction\",\"target\":{\"@type\":\"EntryPoint\",\"urlTemplate\":\"https:\/\/xstyle.md\/?s={search_term_string}\"},\"query-input\":{\"@type\":\"PropertyValueSpecification\",\"valueRequired\":true,\"valueName\":\"search_term_string\"}}],\"inLanguage\":\"ro-RO\"},{\"@type\":\"Organization\",\"@id\":\"https:\/\/xstyle.md\/#organization\",\"name\":\"\u041c\u0430\u0433\u0430\u0437\u0438\u043d Xstyle\",\"alternateName\":\"x-style\",\"url\":\"https:\/\/xstyle.md\/\",\"logo\":{\"@type\":\"ImageObject\",\"inLanguage\":\"ro-RO\",\"@id\":\"https:\/\/xstyle.md\/#\/schema\/logo\/image\/\",\"url\":\"https:\/\/xstyle.md\/wp-content\/uploads\/2020\/06\/logoicon.svg\",\"contentUrl\":\"https:\/\/xstyle.md\/wp-content\/uploads\/2020\/06\/logoicon.svg\",\"caption\":\"\u041c\u0430\u0433\u0430\u0437\u0438\u043d Xstyle\"},\"image\":{\"@id\":\"https:\/\/xstyle.md\/#\/schema\/logo\/image\/\"},\"sameAs\":[\"https:\/\/www.facebook.com\/xstylemd\",\"https:\/\/www.instagram.com\/xstyle_md\/\",\"https:\/\/t.me\/xstyle_outdoor\"],\"hasMerchantReturnPolicy\":{\"@type\":\"MerchantReturnPolicy\",\"merchantReturnLink\":\"https:\/\/xstyle.md\/ro\/conditions\/\"}}]}<\/script>\n<meta property=\"product:price:amount\" content=\"1190.00\" \/>\n<meta property=\"product:price:currency\" content=\"MDL\" \/>\n<meta property=\"og:availability\" content=\"instock\" \/>\n<meta property=\"product:availability\" content=\"instock\" \/>\n<meta property=\"product:retailer_item_id\" content=\"6942870308920\" \/>\n<meta property=\"product:condition\" content=\"new\" \/>\n<!-- \/ Yoast SEO plugin. -->","yoast_head_json":{"title":"Lantern\u0103 Fenix E-CP LED - Magazin Xstyle","description":"Lanterna Fenix E-CP LED: puternic\u0103, rezistent\u0103 la ap\u0103 \u0219i praf, cu o baterie re\u00eenc\u0103rcabil\u0103 de 5000 mAh \u0219i o luminozitate de p\u00e2n\u0103 la 1600 lm. Ideal\u0103 pentru turi\u0219ti \u0219i utilizare zilnic\u0103.","robots":{"index":"index","follow":"follow","max-snippet":"max-snippet:-1","max-image-preview":"max-image-preview:large","max-video-preview":"max-video-preview:-1"},"canonical":"https:\/\/xstyle.md\/ro\/produs\/fonar-fenix-e-cp-led\/","og_locale":"ro_RO","og_type":"article","og_title":"\u0424\u043e\u043d\u0430\u0440\u044c Fenix E-CP LED - \u041c\u0430\u0433\u0430\u0437\u0438\u043d Xstyle","og_description":"\u0424\u043e\u043d\u0430\u0440\u044c Fenix E-CP LED: \u043c\u043e\u0449\u043d\u044b\u0439, \u0432\u043e\u0434\u043e- \u0438 \u043f\u044b\u043b\u0435\u0437\u0430\u0449\u0438\u0449\u0435\u043d\u043d\u044b\u0439, \u0441 \u0437\u0430\u0440\u044f\u0434\u043d\u044b\u043c \u0431\u0430\u043d\u043a\u043e\u043c \u043d\u0430 5000 \u043c\u0410\u0447 \u0438 \u044f\u0440\u043a\u043e\u0441\u0442\u044c\u044e \u0434\u043e 1600 \u043b\u043c. \u0418\u0434\u0435\u0430\u043b\u0435\u043d \u0434\u043b\u044f \u0442\u0443\u0440\u0438\u0441\u0442\u043e\u0432 \u0438 \u043f\u043e\u0432\u0441\u0435\u0434\u043d\u0435\u0432\u043d\u043e\u0433\u043e \u0438\u0441\u043f\u043e\u043b\u044c\u0437\u043e\u0432\u0430\u043d\u0438\u044f.","og_url":"https:\/\/xstyle.md\/ro\/produs\/fonar-fenix-e-cp-led\/","og_site_name":"\u041c\u0430\u0433\u0430\u0437\u0438\u043d Xstyle","article_publisher":"https:\/\/www.facebook.com\/xstylemd","article_modified_time":"2025-11-27T14:49:35+00:00","og_image":[{"width":970,"height":970,"url":"https:\/\/xstyle.md\/wp-content\/uploads\/2023\/07\/fenix-e-cp-led.jpg","type":"image\/jpeg"}],"twitter_card":"summary_large_image","twitter_misc":{"Pre\u021b":"1.190&nbsp;MDL","Disponibilitate":"\u00cen stoc"},"schema":{"@context":"https:\/\/schema.org","@graph":[{"@type":"WebPage","@id":"https:\/\/xstyle.md\/product\/fonar-fenix-e-cp-led\/","url":"https:\/\/xstyle.md\/product\/fonar-fenix-e-cp-led\/","name":"Lantern\u0103 Fenix E-CP LED - Magazin Xstyle","isPartOf":{"@id":"https:\/\/xstyle.md\/#website"},"primaryImageOfPage":{"@id":"https:\/\/xstyle.md\/product\/fonar-fenix-e-cp-led\/#primaryimage"},"image":{"@id":"https:\/\/xstyle.md\/product\/fonar-fenix-e-cp-led\/#primaryimage"},"thumbnailUrl":"https:\/\/xstyle.md\/wp-content\/uploads\/2023\/07\/fenix-e-cp-led.jpg","datePublished":"2023-07-26T14:53:30+00:00","dateModified":"2025-11-27T14:49:35+00:00","description":"Lanterna Fenix E-CP LED: puternic\u0103, rezistent\u0103 la ap\u0103 \u0219i praf, cu o baterie re\u00eenc\u0103rcabil\u0103 de 5000 mAh \u0219i o luminozitate de p\u00e2n\u0103 la 1600 lm. Ideal\u0103 pentru turi\u0219ti \u0219i utilizare zilnic\u0103.","breadcrumb":{"@id":"https:\/\/xstyle.md\/product\/fonar-fenix-e-cp-led\/#breadcrumb"},"inLanguage":"ro-RO","potentialAction":[{"@type":"ReadAction","target":["https:\/\/xstyle.md\/product\/fonar-fenix-e-cp-led\/"]}]},{"@type":"ImageObject","inLanguage":"ro-RO","@id":"https:\/\/xstyle.md\/product\/fonar-fenix-e-cp-led\/#primaryimage","url":"https:\/\/xstyle.md\/wp-content\/uploads\/2023\/07\/fenix-e-cp-led.jpg","contentUrl":"https:\/\/xstyle.md\/wp-content\/uploads\/2023\/07\/fenix-e-cp-led.jpg","width":970,"height":970,"caption":"\u041b\u0435\u0432\u044b\u0439 \u043a\u0430\u0440\u043c\u0430\u043d\u043d\u044b\u0439 \u0432\u0435\u043b\u043e\u0441\u0438\u043f\u0435\u0434\u043d\u044b\u0439 \u0444\u043e\u043d\u0430\u0440\u044c Fenix E-CP LED \u0434\u043b\u044f \u0430\u043a\u0442\u0438\u0432\u043d\u043e\u0433\u043e \u043e\u0442\u0434\u044b\u0445\u0430, \u043f\u0443\u0442\u0435\u0448\u0435\u0441\u0442\u0432\u0438\u0439, \u043f\u043e\u0445\u043e\u0434\u043e\u0432 \u0438 \u0430\u043b\u044c\u043f\u0438\u043d\u0438\u0437\u043c\u0430, \u0430 \u0442\u0430\u043a\u0436\u0435 \u0441\u043f\u043e\u0440\u0442\u043d\u0430\u044f \u043e\u0434\u0435\u0436\u0434\u0430 \u0438 \u043e\u0431\u0443\u0432\u044c \u0434\u043b\u044f \u0430\u043a\u0442\u0438\u0432\u043d\u043e\u0439 \u0436\u0438\u0437\u043d\u0438"},{"@type":"BreadcrumbList","@id":"https:\/\/xstyle.md\/product\/fonar-fenix-e-cp-led\/#breadcrumb","itemListElement":[{"@type":"ListItem","position":1,"name":"\u0413\u043b\u0430\u0432\u043d\u0430\u044f \u0441\u0442\u0440\u0430\u043d\u0438\u0446\u0430","item":"https:\/\/xstyle.md\/"},{"@type":"ListItem","position":2,"name":"\u041c\u0430\u0433\u0430\u0437\u0438\u043d","item":"https:\/\/xstyle.md\/shop\/"},{"@type":"ListItem","position":3,"name":"\u0424\u043e\u043d\u0430\u0440\u044c Fenix E-CP LED"}]},{"@type":"WebSite","@id":"https:\/\/xstyle.md\/#website","url":"https:\/\/xstyle.md\/","name":"Magazinul X-Style","description":"Echipamente pentru turism \u0219i sporturi extreme \u00een Moldova. Pre\u021buri, fotografii, caracteristici \u00een Moldova.","publisher":{"@id":"https:\/\/xstyle.md\/#organization"},"alternateName":"X-Style","potentialAction":[{"@type":"SearchAction","target":{"@type":"EntryPoint","urlTemplate":"https:\/\/xstyle.md\/?s={search_term_string}"},"query-input":{"@type":"PropertyValueSpecification","valueRequired":true,"valueName":"search_term_string"}}],"inLanguage":"ro-RO"},{"@type":"Organization","@id":"https:\/\/xstyle.md\/#organization","name":"Magazinul X-Style","alternateName":"x-style","url":"https:\/\/xstyle.md\/","logo":{"@type":"ImageObject","inLanguage":"ro-RO","@id":"https:\/\/xstyle.md\/#\/schema\/logo\/image\/","url":"https:\/\/xstyle.md\/wp-content\/uploads\/2020\/06\/logoicon.svg","contentUrl":"https:\/\/xstyle.md\/wp-content\/uploads\/2020\/06\/logoicon.svg","caption":"\u041c\u0430\u0433\u0430\u0437\u0438\u043d Xstyle"},"image":{"@id":"https:\/\/xstyle.md\/#\/schema\/logo\/image\/"},"sameAs":["https:\/\/www.facebook.com\/xstylemd","https:\/\/www.instagram.com\/xstyle_md\/","https:\/\/t.me\/xstyle_outdoor"],"hasMerchantReturnPolicy":{"@type":"MerchantReturnPolicy","merchantReturnLink":"https:\/\/xstyle.md\/ro\/conditions\/"}}]},"product_price_amount":"1190.00","product_price_currency":"MDL","og_availability":"instock","product_availability":"instock","product_retailer_item_id":"6942870308920","product_condition":"new"},"post_mailing_queue_ids":[],"_links":{"self":[{"href":"https:\/\/xstyle.md\/ro\/wp-json\/wp\/v2\/product\/72073","targetHints":{"allow":["GET"]}}],"collection":[{"href":"https:\/\/xstyle.md\/ro\/wp-json\/wp\/v2\/product"}],"about":[{"href":"https:\/\/xstyle.md\/ro\/wp-json\/wp\/v2\/types\/product"}],"replies":[{"embeddable":true,"href":"https:\/\/xstyle.md\/ro\/wp-json\/wp\/v2\/comments?post=72073"}],"wp:featuredmedia":[{"embeddable":true,"href":"https:\/\/xstyle.md\/ro\/wp-json\/wp\/v2\/media\/72200"}],"wp:attachment":[{"href":"https:\/\/xstyle.md\/ro\/wp-json\/wp\/v2\/media?parent=72073"}],"wp:term":[{"taxonomy":"product_brand","embeddable":true,"href":"https:\/\/xstyle.md\/ro\/wp-json\/wp\/v2\/product_brand?post=72073"},{"taxonomy":"product_cat","embeddable":true,"href":"https:\/\/xstyle.md\/ro\/wp-json\/wp\/v2\/product_cat?post=72073"},{"taxonomy":"product_tag","embeddable":true,"href":"https:\/\/xstyle.md\/ro\/wp-json\/wp\/v2\/product_tag?post=72073"}],"curies":[{"name":"wp","href":"https:\/\/api.w.org\/{rel}","templated":true}]}}